{"id":29568,"date":"2026-04-27T14:00:18","date_gmt":"2026-04-27T14:00:18","guid":{"rendered":""},"modified":"2026-04-27T14:00:18","modified_gmt":"2026-04-27T14:00:18","slug":"zlevneny-bosch-gcm-18v-216-pokosova-pila-0601b41001-29568","status":"publish","type":"product","link":"https:\/\/www.koupeltech.com\/index.php\/produkt\/zlevneny-bosch-gcm-18v-216-pokosova-pila-0601b41001-29568\/","title":{"rendered":"Zlevn\u011bn\u00fd BOSCH GCM 18V-216 Pokosov\u00e1 pila 0601B41001"},"content":{"rendered":"<table>\n<div class=\"tab-pane active product-description\" id=\"popis\" role=\"tabpanel\">\n<div class=\"short-description\" itemprop=\"description\"><\/div>\n<div class=\"description\"><span class='bullet-line'>V\u00fdkonn\u00e1, ale kompaktn\u00ed: nov\u00e1 akumul\u00e1torov\u00e1 pokosov\u00e1 pila se silou odpov\u00eddaj\u00edc\u00ed 1 600W s\u00ed\u0165ov\u00e9mu n\u00e1\u0159ad\u00ed v nejkompaktn\u011bj\u0161\u00ed velikosti.<\/span><br \/>\u25ba P\u0159\u00ednos pro u\u017eivatele<span class='bullet-line'>S\u00ed\u0165ov\u00fd v\u00fdkon: Zcela se vyrovn\u00e1 s\u00ed\u0165ov\u00e9 1 600W pokosov\u00e9 pile d\u00edky nov\u00e9 bezuhl\u00edkov\u00e9 technologii BITURBO Brushless.<\/span><span class='bullet-line'>Nejlep\u0161\u00ed mo\u017en\u00e1 mobilita: N\u00edzk\u00e1 hmotnost a vynikaj\u00edc\u00ed ergonomie \u2013 pilu poh\u00e1n\u00ed pouze jedin\u00fd 18V akumul\u00e1tor.<\/span><span class='bullet-line'>Bezkonkuren\u010dn\u00ed rozsah pou\u017eit\u00ed: Stanovuje nov\u00fd standard s hloubkou \u0159ez\u00e1n\u00ed 70 mm.<\/span><br \/>\u25ba Sou\u010d\u00e1st\u00ed dod\u00e1vky je:<br \/>Rabatov\u00e1 skupina\tSB1<br \/>1\u00d7 kotou\u010d do okru\u017en\u00ed pily, Standard for Wood, 216 \u00d7 30 \u00d7 1,7\u00a0mm, 24\t\u2713<br \/>Kartonov\u00e1 krabice\t\u2713<br \/>Starter Set ProCORE18V 8.0Ah S2\t\u2713<br \/>S\u00e1\u010dek na prach\t\u2713<br \/>Zakl\u00e1dac\u00ed desti\u010dka\t\u2713<br \/>Z\u00e1mek pilov\u00e9ho pl\u00e1tku SDS\t\u2713<br \/>Hmotnost\t18,0 kg<br \/>Kapacita akumul\u00e1toru\t8,0 Ah<\/div>\n<div class=\"parameters\">\n<tr>\n<td>\u0158ezn\u00e1 kapacita 0\u00b0<\/td>\n<td>70 x 270 mm<\/td>\n<\/tr>\n<tr>\n<td>\u0158ezn\u00e1 kapacita 45\u00b0 pokos<\/td>\n<td>70 x 190 mm<\/td>\n<\/tr>\n<tr>\n<td>\u0158ezn\u00e1 kapacita 45\u00b0 sklon<\/td>\n<td>45 x 270 mm<\/td>\n<\/tr>\n<tr>\n<td>Nastaven\u00ed pokosov\u00e9ho \u00fahlu<\/td>\n<td>47 \u00b0 L \/ 47 \u00b0 P<\/td>\n<\/tr>\n<tr>\n<td>Nastaven\u00ed \u00fahlu sklonu<\/td>\n<td>45 \u00b0 L \/ 0 \u00b0 P<\/td>\n<\/tr>\n<tr>\n<td>Rozm\u011bry n\u00e1\u0159ad\u00ed (\u0161\u00ed\u0159ka \u00d7 d\u00e9lka \u00d7 v\u00fd\u0161ka)<\/td>\n<td>520 x630 x770 mm<\/td>\n<\/tr>\n<tr>\n<td>Volnob\u011b\u017en\u00e9 ot\u00e1\u010dky<\/td>\n<td>4.600 ot\/min<\/td>\n<\/tr>\n<tr>\n<td>Pr\u016fm\u011br pilov\u00e9ho kotou\u010de<\/td>\n<td>216 mm<\/td>\n<\/tr>\n<tr>\n<td>Hmotnost<\/td>\n<td>18,0 kg<\/td>\n<\/tr>\n<tr>\n<td>Nap\u011bt\u00ed akumul\u00e1toru<\/td>\n<td>18 V<\/td>\n<\/tr>\n<tr>\n<td>Kapacita akumul\u00e1toru<\/td>\n<td>8,0 Ah<\/td>\n<\/tr>\n<tr>\n<td>\u00darove\u0148 hluku<\/td>\n<td>\u00darove\u0148 hluku elektrick\u00e9ho n\u00e1\u0159ad\u00ed s hodnocen\u00edm A \u010din\u00ed typicky: hladina akustick\u00e9ho tlaku dB(A)~ hladina akustick\u00e9ho v\u00fdkonu dB(A). Nejistota K= dB.<\/td>\n<\/tr>\n<tr>\n<td>Hlukov\u00e9\/vibra\u010dn\u00ed \u00fadaje<\/td>\n<td><\/td>\n<\/tr>\n<tr>\n<td>\u00darove\u0148 akustick\u00e9ho tlaku<\/td>\n<td>95 dB(A)<\/td>\n<\/tr>\n<tr>\n<td>\u00darove\u0148 akustick\u00e9ho v\u00fdkonu<\/td>\n<td>104 dB(A)<\/td>\n<\/tr>\n<tr>\n<td>Nep\u0159esnost K<\/td>\n<td>3 dB<\/td>\n<\/tr>\n<tr>\n<td>Segment<\/td>\n<td><\/td>\n<\/tr>\n<tr>\n<td>Segmenty<\/td>\n<td>\u0158ada Heavy Duty<\/td>\n<\/tr>\n<tr>\n<td>Mailingov\u00fd segment<\/td>\n<td>D\u0159evo<\/td>\n<\/tr><\/div>\n<\/table>\n","protected":false},"excerpt":{"rendered":"<p>V\u00fdkonn\u00e1, ale kompaktn\u00ed: nov\u00e1 akumul\u00e1torov\u00e1 pokosov\u00e1 pila se silou odpov\u00eddaj\u00edc\u00ed 1 600W s\u00ed\u0165ov\u00e9mu n\u00e1\u0159ad\u00ed v nejkompaktn\u011bj\u0161\u00ed velikosti.\u25ba P\u0159\u00ednos pro u\u017eivateleS\u00ed\u0165ov\u00fd v\u00fdkon: Zcela se vyrovn\u00e1 s\u00ed\u0165ov\u00e9 1 600W pokosov\u00e9 pile d\u00edky nov\u00e9 bezuhl\u00edkov\u00e9 technologii BITURBO Brushless.Nejlep\u0161\u00ed mo\u017en\u00e1 mobilita: N\u00edzk\u00e1 hmotnost a vynikaj\u00edc\u00ed ergonomie \u2013 pilu poh\u00e1n\u00ed pouze jedin\u00fd 18V akumul\u00e1tor.Bezkonkuren\u010dn\u00ed rozsah pou\u017eit\u00ed: Stanovuje nov\u00fd standard s [&hellip;]<\/p>\n","protected":false},"featured_media":29668,"comment_status":"open","ping_status":"open","template":"","meta":[],"product_brand":[],"product_cat":[43],"product_tag":[],"class_list":{"0":"post-29568","1":"product","2":"type-product","3":"status-publish","4":"has-post-thumbnail","6":"product_cat-naradi","8":"first","9":"instock","10":"sale","11":"shipping-taxable","12":"purchasable","13":"product-type-simple"},"yoast_head":"<!-- This site is optimized with the Yoast SEO plugin v26.8 - https:\/\/yoast.com\/product\/yoast-seo-wordpress\/ -->\n<title>Zlevn\u011bn\u00fd BOSCH GCM 18V-216 Pokosov\u00e1 pila 0601B41001 -<\/title>\n<meta name=\"robots\" content=\"index, follow, max-snippet:-1, max-image-preview:large, max-video-preview:-1\" \/>\n<link rel=\"canonical\" href=\"https:\/\/www.koupeltech.com\/index.php\/produkt\/zlevneny-bosch-gcm-18v-216-pokosova-pila-0601b41001-29568\/\" \/>\n<meta property=\"og:locale\" content=\"cs_CZ\" \/>\n<meta property=\"og:type\" content=\"article\" \/>\n<meta property=\"og:title\" content=\"Zlevn\u011bn\u00fd BOSCH GCM 18V-216 Pokosov\u00e1 pila 0601B41001 -\" \/>\n<meta property=\"og:description\" content=\"V\u00fdkonn\u00e1, ale kompaktn\u00ed: nov\u00e1 akumul\u00e1torov\u00e1 pokosov\u00e1 pila se silou odpov\u00eddaj\u00edc\u00ed 1 600W s\u00ed\u0165ov\u00e9mu n\u00e1\u0159ad\u00ed v nejkompaktn\u011bj\u0161\u00ed velikosti.\u25ba P\u0159\u00ednos pro u\u017eivateleS\u00ed\u0165ov\u00fd v\u00fdkon: Zcela se vyrovn\u00e1 s\u00ed\u0165ov\u00e9 1 600W pokosov\u00e9 pile d\u00edky nov\u00e9 bezuhl\u00edkov\u00e9 technologii BITURBO Brushless.Nejlep\u0161\u00ed mo\u017en\u00e1 mobilita: N\u00edzk\u00e1 hmotnost a vynikaj\u00edc\u00ed ergonomie \u2013 pilu poh\u00e1n\u00ed pouze jedin\u00fd 18V akumul\u00e1tor.Bezkonkuren\u010dn\u00ed rozsah pou\u017eit\u00ed: Stanovuje nov\u00fd standard s [&hellip;]\" \/>\n<meta property=\"og:url\" content=\"https:\/\/www.koupeltech.com\/index.php\/produkt\/zlevneny-bosch-gcm-18v-216-pokosova-pila-0601b41001-29568\/\" \/>\n<meta property=\"og:image\" content=\"https:\/\/www.koupeltech.com\/wp-content\/uploads\/2026\/SK0024571-CZ20260425-092328-0-1777080210-1245876-1_113314.webp\" \/>\n\t<meta property=\"og:image:width\" content=\"400\" \/>\n\t<meta property=\"og:image:height\" content=\"400\" \/>\n\t<meta property=\"og:image:type\" content=\"image\/webp\" \/>\n<meta name=\"twitter:card\" content=\"summary_large_image\" \/>\n<meta name=\"twitter:label1\" content=\"Odhadovan\u00e1 doba \u010dten\u00ed\" \/>\n\t<meta name=\"twitter:data1\" content=\"1 minuta\" \/>\n<script type=\"application\/ld+json\" class=\"yoast-schema-graph\">{\"@context\":\"https:\/\/schema.org\",\"@graph\":[{\"@type\":\"WebPage\",\"@id\":\"https:\/\/www.koupeltech.com\/index.php\/produkt\/zlevneny-bosch-gcm-18v-216-pokosova-pila-0601b41001-29568\/\",\"url\":\"https:\/\/www.koupeltech.com\/index.php\/produkt\/zlevneny-bosch-gcm-18v-216-pokosova-pila-0601b41001-29568\/\",\"name\":\"Zlevn\u011bn\u00fd BOSCH GCM 18V-216 Pokosov\u00e1 pila 0601B41001 -\",\"isPartOf\":{\"@id\":\"https:\/\/www.koupeltech.com\/#website\"},\"primaryImageOfPage\":{\"@id\":\"https:\/\/www.koupeltech.com\/index.php\/produkt\/zlevneny-bosch-gcm-18v-216-pokosova-pila-0601b41001-29568\/#primaryimage\"},\"image\":{\"@id\":\"https:\/\/www.koupeltech.com\/index.php\/produkt\/zlevneny-bosch-gcm-18v-216-pokosova-pila-0601b41001-29568\/#primaryimage\"},\"thumbnailUrl\":\"https:\/\/www.koupeltech.com\/wp-content\/uploads\/2026\/SK0024571-CZ20260425-092328-0-1777080210-1245876-1_113314.webp\",\"datePublished\":\"2026-04-27T14:00:18+00:00\",\"breadcrumb\":{\"@id\":\"https:\/\/www.koupeltech.com\/index.php\/produkt\/zlevneny-bosch-gcm-18v-216-pokosova-pila-0601b41001-29568\/#breadcrumb\"},\"inLanguage\":\"cs\",\"potentialAction\":[{\"@type\":\"ReadAction\",\"target\":[\"https:\/\/www.koupeltech.com\/index.php\/produkt\/zlevneny-bosch-gcm-18v-216-pokosova-pila-0601b41001-29568\/\"]}]},{\"@type\":\"ImageObject\",\"inLanguage\":\"cs\",\"@id\":\"https:\/\/www.koupeltech.com\/index.php\/produkt\/zlevneny-bosch-gcm-18v-216-pokosova-pila-0601b41001-29568\/#primaryimage\",\"url\":\"https:\/\/www.koupeltech.com\/wp-content\/uploads\/2026\/SK0024571-CZ20260425-092328-0-1777080210-1245876-1_113314.webp\",\"contentUrl\":\"https:\/\/www.koupeltech.com\/wp-content\/uploads\/2026\/SK0024571-CZ20260425-092328-0-1777080210-1245876-1_113314.webp\",\"width\":400,\"height\":400},{\"@type\":\"BreadcrumbList\",\"@id\":\"https:\/\/www.koupeltech.com\/index.php\/produkt\/zlevneny-bosch-gcm-18v-216-pokosova-pila-0601b41001-29568\/#breadcrumb\",\"itemListElement\":[{\"@type\":\"ListItem\",\"position\":1,\"name\":\"Home\",\"item\":\"https:\/\/www.koupeltech.com\/\"},{\"@type\":\"ListItem\",\"position\":2,\"name\":\"Products\",\"item\":\"https:\/\/www.koupeltech.com\/index.php\/products\/\"},{\"@type\":\"ListItem\",\"position\":3,\"name\":\"Zlevn\u011bn\u00fd BOSCH GCM 18V-216 Pokosov\u00e1 pila 0601B41001\"}]},{\"@type\":\"WebSite\",\"@id\":\"https:\/\/www.koupeltech.com\/#website\",\"url\":\"https:\/\/www.koupeltech.com\/\",\"name\":\"\",\"description\":\"\",\"potentialAction\":[{\"@type\":\"SearchAction\",\"target\":{\"@type\":\"EntryPoint\",\"urlTemplate\":\"https:\/\/www.koupeltech.com\/?s={search_term_string}\"},\"query-input\":{\"@type\":\"PropertyValueSpecification\",\"valueRequired\":true,\"valueName\":\"search_term_string\"}}],\"inLanguage\":\"cs\"}]}<\/script>\n<!-- \/ Yoast SEO plugin. -->","yoast_head_json":{"title":"Zlevn\u011bn\u00fd BOSCH GCM 18V-216 Pokosov\u00e1 pila 0601B41001 -","robots":{"index":"index","follow":"follow","max-snippet":"max-snippet:-1","max-image-preview":"max-image-preview:large","max-video-preview":"max-video-preview:-1"},"canonical":"https:\/\/www.koupeltech.com\/index.php\/produkt\/zlevneny-bosch-gcm-18v-216-pokosova-pila-0601b41001-29568\/","og_locale":"cs_CZ","og_type":"article","og_title":"Zlevn\u011bn\u00fd BOSCH GCM 18V-216 Pokosov\u00e1 pila 0601B41001 -","og_description":"V\u00fdkonn\u00e1, ale kompaktn\u00ed: nov\u00e1 akumul\u00e1torov\u00e1 pokosov\u00e1 pila se silou odpov\u00eddaj\u00edc\u00ed 1 600W s\u00ed\u0165ov\u00e9mu n\u00e1\u0159ad\u00ed v nejkompaktn\u011bj\u0161\u00ed velikosti.\u25ba P\u0159\u00ednos pro u\u017eivateleS\u00ed\u0165ov\u00fd v\u00fdkon: Zcela se vyrovn\u00e1 s\u00ed\u0165ov\u00e9 1 600W pokosov\u00e9 pile d\u00edky nov\u00e9 bezuhl\u00edkov\u00e9 technologii BITURBO Brushless.Nejlep\u0161\u00ed mo\u017en\u00e1 mobilita: N\u00edzk\u00e1 hmotnost a vynikaj\u00edc\u00ed ergonomie \u2013 pilu poh\u00e1n\u00ed pouze jedin\u00fd 18V akumul\u00e1tor.Bezkonkuren\u010dn\u00ed rozsah pou\u017eit\u00ed: Stanovuje nov\u00fd standard s [&hellip;]","og_url":"https:\/\/www.koupeltech.com\/index.php\/produkt\/zlevneny-bosch-gcm-18v-216-pokosova-pila-0601b41001-29568\/","og_image":[{"width":400,"height":400,"url":"https:\/\/www.koupeltech.com\/wp-content\/uploads\/2026\/SK0024571-CZ20260425-092328-0-1777080210-1245876-1_113314.webp","type":"image\/webp"}],"twitter_card":"summary_large_image","twitter_misc":{"Odhadovan\u00e1 doba \u010dten\u00ed":"1 minuta"},"schema":{"@context":"https:\/\/schema.org","@graph":[{"@type":"WebPage","@id":"https:\/\/www.koupeltech.com\/index.php\/produkt\/zlevneny-bosch-gcm-18v-216-pokosova-pila-0601b41001-29568\/","url":"https:\/\/www.koupeltech.com\/index.php\/produkt\/zlevneny-bosch-gcm-18v-216-pokosova-pila-0601b41001-29568\/","name":"Zlevn\u011bn\u00fd BOSCH GCM 18V-216 Pokosov\u00e1 pila 0601B41001 -","isPartOf":{"@id":"https:\/\/www.koupeltech.com\/#website"},"primaryImageOfPage":{"@id":"https:\/\/www.koupeltech.com\/index.php\/produkt\/zlevneny-bosch-gcm-18v-216-pokosova-pila-0601b41001-29568\/#primaryimage"},"image":{"@id":"https:\/\/www.koupeltech.com\/index.php\/produkt\/zlevneny-bosch-gcm-18v-216-pokosova-pila-0601b41001-29568\/#primaryimage"},"thumbnailUrl":"https:\/\/www.koupeltech.com\/wp-content\/uploads\/2026\/SK0024571-CZ20260425-092328-0-1777080210-1245876-1_113314.webp","datePublished":"2026-04-27T14:00:18+00:00","breadcrumb":{"@id":"https:\/\/www.koupeltech.com\/index.php\/produkt\/zlevneny-bosch-gcm-18v-216-pokosova-pila-0601b41001-29568\/#breadcrumb"},"inLanguage":"cs","potentialAction":[{"@type":"ReadAction","target":["https:\/\/www.koupeltech.com\/index.php\/produkt\/zlevneny-bosch-gcm-18v-216-pokosova-pila-0601b41001-29568\/"]}]},{"@type":"ImageObject","inLanguage":"cs","@id":"https:\/\/www.koupeltech.com\/index.php\/produkt\/zlevneny-bosch-gcm-18v-216-pokosova-pila-0601b41001-29568\/#primaryimage","url":"https:\/\/www.koupeltech.com\/wp-content\/uploads\/2026\/SK0024571-CZ20260425-092328-0-1777080210-1245876-1_113314.webp","contentUrl":"https:\/\/www.koupeltech.com\/wp-content\/uploads\/2026\/SK0024571-CZ20260425-092328-0-1777080210-1245876-1_113314.webp","width":400,"height":400},{"@type":"BreadcrumbList","@id":"https:\/\/www.koupeltech.com\/index.php\/produkt\/zlevneny-bosch-gcm-18v-216-pokosova-pila-0601b41001-29568\/#breadcrumb","itemListElement":[{"@type":"ListItem","position":1,"name":"Home","item":"https:\/\/www.koupeltech.com\/"},{"@type":"ListItem","position":2,"name":"Products","item":"https:\/\/www.koupeltech.com\/index.php\/products\/"},{"@type":"ListItem","position":3,"name":"Zlevn\u011bn\u00fd BOSCH GCM 18V-216 Pokosov\u00e1 pila 0601B41001"}]},{"@type":"WebSite","@id":"https:\/\/www.koupeltech.com\/#website","url":"https:\/\/www.koupeltech.com\/","name":"","description":"","potentialAction":[{"@type":"SearchAction","target":{"@type":"EntryPoint","urlTemplate":"https:\/\/www.koupeltech.com\/?s={search_term_string}"},"query-input":{"@type":"PropertyValueSpecification","valueRequired":true,"valueName":"search_term_string"}}],"inLanguage":"cs"}]}},"_links":{"self":[{"href":"https:\/\/www.koupeltech.com\/index.php\/wp-json\/wp\/v2\/product\/29568","targetHints":{"allow":["GET"]}}],"collection":[{"href":"https:\/\/www.koupeltech.com\/index.php\/wp-json\/wp\/v2\/product"}],"about":[{"href":"https:\/\/www.koupeltech.com\/index.php\/wp-json\/wp\/v2\/types\/product"}],"replies":[{"embeddable":true,"href":"https:\/\/www.koupeltech.com\/index.php\/wp-json\/wp\/v2\/comments?post=29568"}],"wp:featuredmedia":[{"embeddable":true,"href":"https:\/\/www.koupeltech.com\/index.php\/wp-json\/wp\/v2\/media\/29668"}],"wp:attachment":[{"href":"https:\/\/www.koupeltech.com\/index.php\/wp-json\/wp\/v2\/media?parent=29568"}],"wp:term":[{"taxonomy":"product_brand","embeddable":true,"href":"https:\/\/www.koupeltech.com\/index.php\/wp-json\/wp\/v2\/product_brand?post=29568"},{"taxonomy":"product_cat","embeddable":true,"href":"https:\/\/www.koupeltech.com\/index.php\/wp-json\/wp\/v2\/product_cat?post=29568"},{"taxonomy":"product_tag","embeddable":true,"href":"https:\/\/www.koupeltech.com\/index.php\/wp-json\/wp\/v2\/product_tag?post=29568"}],"curies":[{"name":"wp","href":"https:\/\/api.w.org\/{rel}","templated":true}]}}