{"id":29715,"date":"2026-04-27T14:00:21","date_gmt":"2026-04-27T14:00:21","guid":{"rendered":""},"modified":"2026-04-27T14:00:21","modified_gmt":"2026-04-27T14:00:21","slug":"zlevneny-bosch-ghg-23-66-horkovzdusna-pistole-06012a6300-29715","status":"publish","type":"product","link":"https:\/\/www.koupeltech.com\/index.php\/produkt\/zlevneny-bosch-ghg-23-66-horkovzdusna-pistole-06012a6300-29715\/","title":{"rendered":"Zlevn\u011bn\u00fd BOSCH GHG 23-66 Horkovzdu\u0161n\u00e1 pistole 06012A6300"},"content":{"rendered":"<table>\n<div class=\"tab-pane active product-description\" id=\"popis\" role=\"tabpanel\">\n<div class=\"short-description\" itemprop=\"description\"><\/div>\n<div class=\"description\"><span class='bullet-line'>Kompletn\u00ed regulace teploty a proud\u011bn\u00ed vzduchu pro n\u00e1ro\u010dn\u00e9 pou\u017eit\u00ed<br \/><\/span><br \/>\u25ba P\u0159\u00ednos pro u\u017eivatele<span class='bullet-line'>Dokonal\u00e1 kontrola: Deset r\u016fzn\u00fdch \u00farovn\u00ed pr\u016ftoku, digit\u00e1ln\u00ed jemn\u00e9 nastaven\u00ed teploty a \u010dty\u0159i nastaviteln\u00e9 programy<br \/><\/span><span class='bullet-line'>V\u00fdkonn\u00e9 d\u00edky 2 300 W pro rychl\u00e9 dosa\u017een\u00ed 650 \u00b0C<br \/><\/span><span class='bullet-line'>Zv\u00fd\u0161en\u00e1 bezpe\u010dnost d\u00edky automatick\u00e9mu tepeln\u00e9mu chr\u00e1ni\u010di, kter\u00fd n\u00e1\u0159ad\u00ed vypne v p\u0159\u00edpad\u011b p\u0159eh\u0159\u00e1t\u00ed motoru<br \/><\/span><br \/>\u25ba Sou\u010d\u00e1st\u00ed dod\u00e1vky je:<br \/>Rabatov\u00e1 skupina\tSB1<br \/>Ploch\u00e1 tryska 50 mm\t\u2713<br \/>P\u0159\u00edru\u010dn\u00ed kufr\t\u2713<br \/>Tryska na ochranu skla 75 mm\t\u2713<\/div>\n<div class=\"parameters\">\n<tr>\n<td>Jmenovit\u00fd p\u0159\u00edkon<\/td>\n<td>2.300 W<\/td>\n<\/tr>\n<tr>\n<td>Hmotnost<\/td>\n<td>0,7 kg<\/td>\n<\/tr>\n<tr>\n<td>Rozm\u011bry n\u00e1\u0159ad\u00ed (\u0161\u00ed\u0159ka)<\/td>\n<td>86 mm<\/td>\n<\/tr>\n<tr>\n<td>Rozm\u011bry n\u00e1\u0159ad\u00ed (d\u00e9lka)<\/td>\n<td>245 mm<\/td>\n<\/tr>\n<tr>\n<td>Rozm\u011bry n\u00e1\u0159ad\u00ed (v\u00fd\u0161ka)<\/td>\n<td>201 mm<\/td>\n<\/tr>\n<tr>\n<td>\u00darove\u0148 hluku<\/td>\n<td>\u00darove\u0148 hluku elektrick\u00e9ho n\u00e1\u0159ad\u00ed s hodnocen\u00edm A \u010din\u00ed typicky: hladina akustick\u00e9ho tlaku dB(A)~ hladina akustick\u00e9ho v\u00fdkonu dB(A). Nejistota K= dB.<\/td>\n<\/tr>\n<tr>\n<td>Charakteristick\u00e9 velikosti, spot\u0159eba<\/td>\n<td><\/td>\n<\/tr>\n<tr>\n<td>Pracovn\u00ed teplota<\/td>\n<td>50 \u2013 650 \u00b0C<\/td>\n<\/tr>\n<tr>\n<td>Proud vzduchu<\/td>\n<td>150 \u2013 500 l\/min<\/td>\n<\/tr>\n<tr>\n<td>Plynul\u00e9 \u0159\u00edzen\u00ed teploty<\/td>\n<td><\/td>\n<\/tr>\n<tr>\n<td>Studen\u00fd vzduch, 50 \u00b0C<\/td>\n<td><\/td>\n<\/tr>\n<tr>\n<td>Regulace, proud vzduchu<\/td>\n<td>plynule<\/td>\n<\/tr>\n<tr>\n<td>Informace o hluku a vibrac\u00edch<\/td>\n<td><\/td>\n<\/tr>\n<tr>\n<td>Hladina akustick\u00e9ho tlaku<\/td>\n<td>65 dB(A)<\/td>\n<\/tr>\n<tr>\n<td>Hladina akustick\u00e9ho v\u00fdkonu<\/td>\n<td>76 dB(A)<\/td>\n<\/tr>\n<tr>\n<td>Nep\u0159esnost K<\/td>\n<td>3 dB<\/td>\n<\/tr>\n<tr>\n<td>Segment<\/td>\n<td><\/td>\n<\/tr>\n<tr>\n<td>Segmenty<\/td>\n<td>\u0158ada Heavy Duty<\/td>\n<\/tr>\n<tr>\n<td>Mailingov\u00fd segment<\/td>\n<td>Kov<\/td>\n<\/tr>\n<tr>\n<td><\/td>\n<td>D\u0159evo<\/td>\n<\/tr><\/div>\n<\/table>\n","protected":false},"excerpt":{"rendered":"<p>Kompletn\u00ed regulace teploty a proud\u011bn\u00ed vzduchu pro n\u00e1ro\u010dn\u00e9 pou\u017eit\u00ed\u25ba P\u0159\u00ednos pro u\u017eivateleDokonal\u00e1 kontrola: Deset r\u016fzn\u00fdch \u00farovn\u00ed pr\u016ftoku, digit\u00e1ln\u00ed jemn\u00e9 nastaven\u00ed teploty a \u010dty\u0159i nastaviteln\u00e9 programyV\u00fdkonn\u00e9 d\u00edky 2 300 W pro rychl\u00e9 dosa\u017een\u00ed 650 \u00b0CZv\u00fd\u0161en\u00e1 bezpe\u010dnost d\u00edky automatick\u00e9mu tepeln\u00e9mu chr\u00e1ni\u010di, kter\u00fd n\u00e1\u0159ad\u00ed vypne v p\u0159\u00edpad\u011b p\u0159eh\u0159\u00e1t\u00ed motoru\u25ba Sou\u010d\u00e1st\u00ed dod\u00e1vky je:Rabatov\u00e1 skupina SB1Ploch\u00e1 tryska 50 mm \u2713P\u0159\u00edru\u010dn\u00ed [&hellip;]<\/p>\n","protected":false},"featured_media":29815,"comment_status":"open","ping_status":"open","template":"","meta":[],"product_brand":[],"product_cat":[43],"product_tag":[],"class_list":{"0":"post-29715","1":"product","2":"type-product","3":"status-publish","4":"has-post-thumbnail","6":"product_cat-naradi","8":"first","9":"instock","10":"sale","11":"shipping-taxable","12":"purchasable","13":"product-type-simple"},"yoast_head":"<!-- This site is optimized with the Yoast SEO plugin v26.8 - https:\/\/yoast.com\/product\/yoast-seo-wordpress\/ -->\n<title>Zlevn\u011bn\u00fd BOSCH GHG 23-66 Horkovzdu\u0161n\u00e1 pistole 06012A6300 -<\/title>\n<meta name=\"robots\" content=\"index, follow, max-snippet:-1, max-image-preview:large, max-video-preview:-1\" \/>\n<link rel=\"canonical\" href=\"https:\/\/www.koupeltech.com\/index.php\/produkt\/zlevneny-bosch-ghg-23-66-horkovzdusna-pistole-06012a6300-29715\/\" \/>\n<meta property=\"og:locale\" content=\"cs_CZ\" \/>\n<meta property=\"og:type\" content=\"article\" \/>\n<meta property=\"og:title\" content=\"Zlevn\u011bn\u00fd BOSCH GHG 23-66 Horkovzdu\u0161n\u00e1 pistole 06012A6300 -\" \/>\n<meta property=\"og:description\" content=\"Kompletn\u00ed regulace teploty a proud\u011bn\u00ed vzduchu pro n\u00e1ro\u010dn\u00e9 pou\u017eit\u00ed\u25ba P\u0159\u00ednos pro u\u017eivateleDokonal\u00e1 kontrola: Deset r\u016fzn\u00fdch \u00farovn\u00ed pr\u016ftoku, digit\u00e1ln\u00ed jemn\u00e9 nastaven\u00ed teploty a \u010dty\u0159i nastaviteln\u00e9 programyV\u00fdkonn\u00e9 d\u00edky 2 300 W pro rychl\u00e9 dosa\u017een\u00ed 650 \u00b0CZv\u00fd\u0161en\u00e1 bezpe\u010dnost d\u00edky automatick\u00e9mu tepeln\u00e9mu chr\u00e1ni\u010di, kter\u00fd n\u00e1\u0159ad\u00ed vypne v p\u0159\u00edpad\u011b p\u0159eh\u0159\u00e1t\u00ed motoru\u25ba Sou\u010d\u00e1st\u00ed dod\u00e1vky je:Rabatov\u00e1 skupina SB1Ploch\u00e1 tryska 50 mm \u2713P\u0159\u00edru\u010dn\u00ed [&hellip;]\" \/>\n<meta property=\"og:url\" content=\"https:\/\/www.koupeltech.com\/index.php\/produkt\/zlevneny-bosch-ghg-23-66-horkovzdusna-pistole-06012a6300-29715\/\" \/>\n<meta property=\"og:image\" content=\"https:\/\/www.koupeltech.com\/wp-content\/uploads\/2026\/SK0024619-CZ20260425-092328-0-1777080210-bosch-ghg-23-66-9.webp\" \/>\n\t<meta property=\"og:image:width\" content=\"600\" \/>\n\t<meta property=\"og:image:height\" content=\"600\" \/>\n\t<meta property=\"og:image:type\" content=\"image\/webp\" \/>\n<meta name=\"twitter:card\" content=\"summary_large_image\" \/>\n<meta name=\"twitter:label1\" content=\"Odhadovan\u00e1 doba \u010dten\u00ed\" \/>\n\t<meta name=\"twitter:data1\" content=\"1 minuta\" \/>\n<script type=\"application\/ld+json\" class=\"yoast-schema-graph\">{\"@context\":\"https:\/\/schema.org\",\"@graph\":[{\"@type\":\"WebPage\",\"@id\":\"https:\/\/www.koupeltech.com\/index.php\/produkt\/zlevneny-bosch-ghg-23-66-horkovzdusna-pistole-06012a6300-29715\/\",\"url\":\"https:\/\/www.koupeltech.com\/index.php\/produkt\/zlevneny-bosch-ghg-23-66-horkovzdusna-pistole-06012a6300-29715\/\",\"name\":\"Zlevn\u011bn\u00fd BOSCH GHG 23-66 Horkovzdu\u0161n\u00e1 pistole 06012A6300 -\",\"isPartOf\":{\"@id\":\"https:\/\/www.koupeltech.com\/#website\"},\"primaryImageOfPage\":{\"@id\":\"https:\/\/www.koupeltech.com\/index.php\/produkt\/zlevneny-bosch-ghg-23-66-horkovzdusna-pistole-06012a6300-29715\/#primaryimage\"},\"image\":{\"@id\":\"https:\/\/www.koupeltech.com\/index.php\/produkt\/zlevneny-bosch-ghg-23-66-horkovzdusna-pistole-06012a6300-29715\/#primaryimage\"},\"thumbnailUrl\":\"https:\/\/www.koupeltech.com\/wp-content\/uploads\/2026\/SK0024619-CZ20260425-092328-0-1777080210-bosch-ghg-23-66-9.webp\",\"datePublished\":\"2026-04-27T14:00:21+00:00\",\"breadcrumb\":{\"@id\":\"https:\/\/www.koupeltech.com\/index.php\/produkt\/zlevneny-bosch-ghg-23-66-horkovzdusna-pistole-06012a6300-29715\/#breadcrumb\"},\"inLanguage\":\"cs\",\"potentialAction\":[{\"@type\":\"ReadAction\",\"target\":[\"https:\/\/www.koupeltech.com\/index.php\/produkt\/zlevneny-bosch-ghg-23-66-horkovzdusna-pistole-06012a6300-29715\/\"]}]},{\"@type\":\"ImageObject\",\"inLanguage\":\"cs\",\"@id\":\"https:\/\/www.koupeltech.com\/index.php\/produkt\/zlevneny-bosch-ghg-23-66-horkovzdusna-pistole-06012a6300-29715\/#primaryimage\",\"url\":\"https:\/\/www.koupeltech.com\/wp-content\/uploads\/2026\/SK0024619-CZ20260425-092328-0-1777080210-bosch-ghg-23-66-9.webp\",\"contentUrl\":\"https:\/\/www.koupeltech.com\/wp-content\/uploads\/2026\/SK0024619-CZ20260425-092328-0-1777080210-bosch-ghg-23-66-9.webp\",\"width\":600,\"height\":600},{\"@type\":\"BreadcrumbList\",\"@id\":\"https:\/\/www.koupeltech.com\/index.php\/produkt\/zlevneny-bosch-ghg-23-66-horkovzdusna-pistole-06012a6300-29715\/#breadcrumb\",\"itemListElement\":[{\"@type\":\"ListItem\",\"position\":1,\"name\":\"Home\",\"item\":\"https:\/\/www.koupeltech.com\/\"},{\"@type\":\"ListItem\",\"position\":2,\"name\":\"Products\",\"item\":\"https:\/\/www.koupeltech.com\/index.php\/products\/\"},{\"@type\":\"ListItem\",\"position\":3,\"name\":\"Zlevn\u011bn\u00fd BOSCH GHG 23-66 Horkovzdu\u0161n\u00e1 pistole 06012A6300\"}]},{\"@type\":\"WebSite\",\"@id\":\"https:\/\/www.koupeltech.com\/#website\",\"url\":\"https:\/\/www.koupeltech.com\/\",\"name\":\"\",\"description\":\"\",\"potentialAction\":[{\"@type\":\"SearchAction\",\"target\":{\"@type\":\"EntryPoint\",\"urlTemplate\":\"https:\/\/www.koupeltech.com\/?s={search_term_string}\"},\"query-input\":{\"@type\":\"PropertyValueSpecification\",\"valueRequired\":true,\"valueName\":\"search_term_string\"}}],\"inLanguage\":\"cs\"}]}<\/script>\n<!-- \/ Yoast SEO plugin. -->","yoast_head_json":{"title":"Zlevn\u011bn\u00fd BOSCH GHG 23-66 Horkovzdu\u0161n\u00e1 pistole 06012A6300 -","robots":{"index":"index","follow":"follow","max-snippet":"max-snippet:-1","max-image-preview":"max-image-preview:large","max-video-preview":"max-video-preview:-1"},"canonical":"https:\/\/www.koupeltech.com\/index.php\/produkt\/zlevneny-bosch-ghg-23-66-horkovzdusna-pistole-06012a6300-29715\/","og_locale":"cs_CZ","og_type":"article","og_title":"Zlevn\u011bn\u00fd BOSCH GHG 23-66 Horkovzdu\u0161n\u00e1 pistole 06012A6300 -","og_description":"Kompletn\u00ed regulace teploty a proud\u011bn\u00ed vzduchu pro n\u00e1ro\u010dn\u00e9 pou\u017eit\u00ed\u25ba P\u0159\u00ednos pro u\u017eivateleDokonal\u00e1 kontrola: Deset r\u016fzn\u00fdch \u00farovn\u00ed pr\u016ftoku, digit\u00e1ln\u00ed jemn\u00e9 nastaven\u00ed teploty a \u010dty\u0159i nastaviteln\u00e9 programyV\u00fdkonn\u00e9 d\u00edky 2 300 W pro rychl\u00e9 dosa\u017een\u00ed 650 \u00b0CZv\u00fd\u0161en\u00e1 bezpe\u010dnost d\u00edky automatick\u00e9mu tepeln\u00e9mu chr\u00e1ni\u010di, kter\u00fd n\u00e1\u0159ad\u00ed vypne v p\u0159\u00edpad\u011b p\u0159eh\u0159\u00e1t\u00ed motoru\u25ba Sou\u010d\u00e1st\u00ed dod\u00e1vky je:Rabatov\u00e1 skupina SB1Ploch\u00e1 tryska 50 mm \u2713P\u0159\u00edru\u010dn\u00ed [&hellip;]","og_url":"https:\/\/www.koupeltech.com\/index.php\/produkt\/zlevneny-bosch-ghg-23-66-horkovzdusna-pistole-06012a6300-29715\/","og_image":[{"width":600,"height":600,"url":"https:\/\/www.koupeltech.com\/wp-content\/uploads\/2026\/SK0024619-CZ20260425-092328-0-1777080210-bosch-ghg-23-66-9.webp","type":"image\/webp"}],"twitter_card":"summary_large_image","twitter_misc":{"Odhadovan\u00e1 doba \u010dten\u00ed":"1 minuta"},"schema":{"@context":"https:\/\/schema.org","@graph":[{"@type":"WebPage","@id":"https:\/\/www.koupeltech.com\/index.php\/produkt\/zlevneny-bosch-ghg-23-66-horkovzdusna-pistole-06012a6300-29715\/","url":"https:\/\/www.koupeltech.com\/index.php\/produkt\/zlevneny-bosch-ghg-23-66-horkovzdusna-pistole-06012a6300-29715\/","name":"Zlevn\u011bn\u00fd BOSCH GHG 23-66 Horkovzdu\u0161n\u00e1 pistole 06012A6300 -","isPartOf":{"@id":"https:\/\/www.koupeltech.com\/#website"},"primaryImageOfPage":{"@id":"https:\/\/www.koupeltech.com\/index.php\/produkt\/zlevneny-bosch-ghg-23-66-horkovzdusna-pistole-06012a6300-29715\/#primaryimage"},"image":{"@id":"https:\/\/www.koupeltech.com\/index.php\/produkt\/zlevneny-bosch-ghg-23-66-horkovzdusna-pistole-06012a6300-29715\/#primaryimage"},"thumbnailUrl":"https:\/\/www.koupeltech.com\/wp-content\/uploads\/2026\/SK0024619-CZ20260425-092328-0-1777080210-bosch-ghg-23-66-9.webp","datePublished":"2026-04-27T14:00:21+00:00","breadcrumb":{"@id":"https:\/\/www.koupeltech.com\/index.php\/produkt\/zlevneny-bosch-ghg-23-66-horkovzdusna-pistole-06012a6300-29715\/#breadcrumb"},"inLanguage":"cs","potentialAction":[{"@type":"ReadAction","target":["https:\/\/www.koupeltech.com\/index.php\/produkt\/zlevneny-bosch-ghg-23-66-horkovzdusna-pistole-06012a6300-29715\/"]}]},{"@type":"ImageObject","inLanguage":"cs","@id":"https:\/\/www.koupeltech.com\/index.php\/produkt\/zlevneny-bosch-ghg-23-66-horkovzdusna-pistole-06012a6300-29715\/#primaryimage","url":"https:\/\/www.koupeltech.com\/wp-content\/uploads\/2026\/SK0024619-CZ20260425-092328-0-1777080210-bosch-ghg-23-66-9.webp","contentUrl":"https:\/\/www.koupeltech.com\/wp-content\/uploads\/2026\/SK0024619-CZ20260425-092328-0-1777080210-bosch-ghg-23-66-9.webp","width":600,"height":600},{"@type":"BreadcrumbList","@id":"https:\/\/www.koupeltech.com\/index.php\/produkt\/zlevneny-bosch-ghg-23-66-horkovzdusna-pistole-06012a6300-29715\/#breadcrumb","itemListElement":[{"@type":"ListItem","position":1,"name":"Home","item":"https:\/\/www.koupeltech.com\/"},{"@type":"ListItem","position":2,"name":"Products","item":"https:\/\/www.koupeltech.com\/index.php\/products\/"},{"@type":"ListItem","position":3,"name":"Zlevn\u011bn\u00fd BOSCH GHG 23-66 Horkovzdu\u0161n\u00e1 pistole 06012A6300"}]},{"@type":"WebSite","@id":"https:\/\/www.koupeltech.com\/#website","url":"https:\/\/www.koupeltech.com\/","name":"","description":"","potentialAction":[{"@type":"SearchAction","target":{"@type":"EntryPoint","urlTemplate":"https:\/\/www.koupeltech.com\/?s={search_term_string}"},"query-input":{"@type":"PropertyValueSpecification","valueRequired":true,"valueName":"search_term_string"}}],"inLanguage":"cs"}]}},"_links":{"self":[{"href":"https:\/\/www.koupeltech.com\/index.php\/wp-json\/wp\/v2\/product\/29715","targetHints":{"allow":["GET"]}}],"collection":[{"href":"https:\/\/www.koupeltech.com\/index.php\/wp-json\/wp\/v2\/product"}],"about":[{"href":"https:\/\/www.koupeltech.com\/index.php\/wp-json\/wp\/v2\/types\/product"}],"replies":[{"embeddable":true,"href":"https:\/\/www.koupeltech.com\/index.php\/wp-json\/wp\/v2\/comments?post=29715"}],"wp:featuredmedia":[{"embeddable":true,"href":"https:\/\/www.koupeltech.com\/index.php\/wp-json\/wp\/v2\/media\/29815"}],"wp:attachment":[{"href":"https:\/\/www.koupeltech.com\/index.php\/wp-json\/wp\/v2\/media?parent=29715"}],"wp:term":[{"taxonomy":"product_brand","embeddable":true,"href":"https:\/\/www.koupeltech.com\/index.php\/wp-json\/wp\/v2\/product_brand?post=29715"},{"taxonomy":"product_cat","embeddable":true,"href":"https:\/\/www.koupeltech.com\/index.php\/wp-json\/wp\/v2\/product_cat?post=29715"},{"taxonomy":"product_tag","embeddable":true,"href":"https:\/\/www.koupeltech.com\/index.php\/wp-json\/wp\/v2\/product_tag?post=29715"}],"curies":[{"name":"wp","href":"https:\/\/api.w.org\/{rel}","templated":true}]}}