{"id":29717,"date":"2026-04-27T14:00:21","date_gmt":"2026-04-27T14:00:21","guid":{"rendered":""},"modified":"2026-04-27T14:00:21","modified_gmt":"2026-04-27T14:00:21","slug":"akce-bosch-ghg-20-60-horkovzdusna-pistole-06012a6400-29717","status":"publish","type":"product","link":"https:\/\/www.koupeltech.com\/index.php\/produkt\/akce-bosch-ghg-20-60-horkovzdusna-pistole-06012a6400-29717\/","title":{"rendered":"Akce BOSCH GHG 20-60 Horkovzdu\u0161n\u00e1 pistole 06012A6400"},"content":{"rendered":"<table>\n<div class=\"tab-pane active product-description\" id=\"popis\" role=\"tabpanel\">\n<div class=\"short-description\" itemprop=\"description\"><\/div>\n<div class=\"description\"><span class='bullet-line'>Univerz\u00e1ln\u00ed horkovzdu\u0161n\u00e1 pistole<\/span><br \/>\u25ba P\u0159\u00ednos pro u\u017eivatele<span class='bullet-line'>Univerz\u00e1ln\u00ed n\u00e1\u0159ad\u00ed pro odstra\u0148ov\u00e1n\u00ed barev a lak\u016f, pro formov\u00e1n\u00ed a smr\u0161\u0165ov\u00e1n\u00ed hork\u00fdm vzduchem. Vhodn\u00e1 tak\u00e9 pro letovac\u00ed a sva\u0159ovac\u00ed pr\u00e1ce a c\u00ednov\u00e1n\u00ed<\/span><span class='bullet-line'>Plynul\u00e9 \u0159\u00edzen\u00ed teploty regula\u010dn\u00edm kole\u010dkem<\/span><span class='bullet-line'>Odn\u00edmateln\u00fd tepeln\u00fd kryt pro pr\u00e1ci na st\u00edsn\u011bn\u00fdch m\u00edstech<\/span><br \/>\u25ba Sou\u010d\u00e1st\u00ed dod\u00e1vky je:<br \/>Kartonov\u00e1 krabice\t\u2713<\/div>\n<div class=\"parameters\">\n<tr>\n<td>Jmenovit\u00fd p\u0159\u00edkon<\/td>\n<td>2.000 W<\/td>\n<\/tr>\n<tr>\n<td>Hmotnost<\/td>\n<td>0,6 kg<\/td>\n<\/tr>\n<tr>\n<td>Rozm\u011bry n\u00e1\u0159ad\u00ed (\u0161\u00ed\u0159ka)<\/td>\n<td>74 mm<\/td>\n<\/tr>\n<tr>\n<td>Rozm\u011bry n\u00e1\u0159ad\u00ed (d\u00e9lka)<\/td>\n<td>340 mm<\/td>\n<\/tr>\n<tr>\n<td>Rozm\u011bry n\u00e1\u0159ad\u00ed (v\u00fd\u0161ka)<\/td>\n<td>97 mm<\/td>\n<\/tr>\n<tr>\n<td>\u00darove\u0148 hluku<\/td>\n<td>\u00darove\u0148 hluku elektrick\u00e9ho n\u00e1\u0159ad\u00ed s hodnocen\u00edm A \u010din\u00ed typicky: hladina akustick\u00e9ho tlaku dB(A)~ hladina akustick\u00e9ho v\u00fdkonu dB(A). Nejistota K= dB.<\/td>\n<\/tr>\n<tr>\n<td>Studen\u00fd vzduch, 50 \u00b0C<\/td>\n<td><\/td>\n<\/tr>\n<tr>\n<td>Charakteristick\u00e9 velikosti, spot\u0159eba<\/td>\n<td><\/td>\n<\/tr>\n<tr>\n<td>Pracovn\u00ed teplota<\/td>\n<td>50 \u2013 630 \u00b0C<\/td>\n<\/tr>\n<tr>\n<td>Proud vzduchu<\/td>\n<td>150 \u2013 500 l\/min<\/td>\n<\/tr>\n<tr>\n<td>Plynul\u00e9 \u0159\u00edzen\u00ed teploty<\/td>\n<td><\/td>\n<\/tr>\n<tr>\n<td>Regulace, proud vzduchu<\/td>\n<td>dvoustup\u0148ov\u00e1<\/td>\n<\/tr>\n<tr>\n<td>Informace o hluku a vibrac\u00edch<\/td>\n<td><\/td>\n<\/tr>\n<tr>\n<td>Hladina akustick\u00e9ho tlaku<\/td>\n<td>65 dB(A)<\/td>\n<\/tr>\n<tr>\n<td>Hladina akustick\u00e9ho v\u00fdkonu<\/td>\n<td>76 dB(A)<\/td>\n<\/tr>\n<tr>\n<td>Nep\u0159esnost K<\/td>\n<td>3 dB<\/td>\n<\/tr>\n<tr>\n<td>Segment<\/td>\n<td><\/td>\n<\/tr>\n<tr>\n<td>Segmenty<\/td>\n<td>\u0158ada Heavy Duty<\/td>\n<\/tr>\n<tr>\n<td>Mailingov\u00fd segment<\/td>\n<td>K\u00e1men<\/td>\n<\/tr>\n<tr>\n<td><\/td>\n<td>D\u0159evo<\/td>\n<\/tr><\/div>\n<\/table>\n","protected":false},"excerpt":{"rendered":"<p>Univerz\u00e1ln\u00ed horkovzdu\u0161n\u00e1 pistole\u25ba P\u0159\u00ednos pro u\u017eivateleUniverz\u00e1ln\u00ed n\u00e1\u0159ad\u00ed pro odstra\u0148ov\u00e1n\u00ed barev a lak\u016f, pro formov\u00e1n\u00ed a smr\u0161\u0165ov\u00e1n\u00ed hork\u00fdm vzduchem. Vhodn\u00e1 tak\u00e9 pro letovac\u00ed a sva\u0159ovac\u00ed pr\u00e1ce a c\u00ednov\u00e1n\u00edPlynul\u00e9 \u0159\u00edzen\u00ed teploty regula\u010dn\u00edm kole\u010dkemOdn\u00edmateln\u00fd tepeln\u00fd kryt pro pr\u00e1ci na st\u00edsn\u011bn\u00fdch m\u00edstech\u25ba Sou\u010d\u00e1st\u00ed dod\u00e1vky je:Kartonov\u00e1 krabice \u2713 Jmenovit\u00fd p\u0159\u00edkon 2.000 W Hmotnost 0,6 kg Rozm\u011bry n\u00e1\u0159ad\u00ed (\u0161\u00ed\u0159ka) 74 mm [&hellip;]<\/p>\n","protected":false},"featured_media":29817,"comment_status":"open","ping_status":"open","template":"","meta":[],"product_brand":[],"product_cat":[43],"product_tag":[],"class_list":{"0":"post-29717","1":"product","2":"type-product","3":"status-publish","4":"has-post-thumbnail","6":"product_cat-naradi","8":"first","9":"instock","10":"sale","11":"shipping-taxable","12":"purchasable","13":"product-type-simple"},"yoast_head":"<!-- This site is optimized with the Yoast SEO plugin v26.8 - https:\/\/yoast.com\/product\/yoast-seo-wordpress\/ -->\n<title>Akce BOSCH GHG 20-60 Horkovzdu\u0161n\u00e1 pistole 06012A6400 -<\/title>\n<meta name=\"robots\" content=\"index, follow, max-snippet:-1, max-image-preview:large, max-video-preview:-1\" \/>\n<link rel=\"canonical\" href=\"https:\/\/www.koupeltech.com\/index.php\/produkt\/akce-bosch-ghg-20-60-horkovzdusna-pistole-06012a6400-29717\/\" \/>\n<meta property=\"og:locale\" content=\"cs_CZ\" \/>\n<meta property=\"og:type\" content=\"article\" \/>\n<meta property=\"og:title\" content=\"Akce BOSCH GHG 20-60 Horkovzdu\u0161n\u00e1 pistole 06012A6400 -\" \/>\n<meta property=\"og:description\" content=\"Univerz\u00e1ln\u00ed horkovzdu\u0161n\u00e1 pistole\u25ba P\u0159\u00ednos pro u\u017eivateleUniverz\u00e1ln\u00ed n\u00e1\u0159ad\u00ed pro odstra\u0148ov\u00e1n\u00ed barev a lak\u016f, pro formov\u00e1n\u00ed a smr\u0161\u0165ov\u00e1n\u00ed hork\u00fdm vzduchem. Vhodn\u00e1 tak\u00e9 pro letovac\u00ed a sva\u0159ovac\u00ed pr\u00e1ce a c\u00ednov\u00e1n\u00edPlynul\u00e9 \u0159\u00edzen\u00ed teploty regula\u010dn\u00edm kole\u010dkemOdn\u00edmateln\u00fd tepeln\u00fd kryt pro pr\u00e1ci na st\u00edsn\u011bn\u00fdch m\u00edstech\u25ba Sou\u010d\u00e1st\u00ed dod\u00e1vky je:Kartonov\u00e1 krabice \u2713 Jmenovit\u00fd p\u0159\u00edkon 2.000 W Hmotnost 0,6 kg Rozm\u011bry n\u00e1\u0159ad\u00ed (\u0161\u00ed\u0159ka) 74 mm [&hellip;]\" \/>\n<meta property=\"og:url\" content=\"https:\/\/www.koupeltech.com\/index.php\/produkt\/akce-bosch-ghg-20-60-horkovzdusna-pistole-06012a6400-29717\/\" \/>\n<meta property=\"og:image\" content=\"https:\/\/www.koupeltech.com\/wp-content\/uploads\/2026\/SK0024621-CZ20260425-092328-0-1777080210-1245946-1_115214.webp\" \/>\n\t<meta property=\"og:image:width\" content=\"800\" \/>\n\t<meta property=\"og:image:height\" content=\"800\" \/>\n\t<meta property=\"og:image:type\" content=\"image\/webp\" \/>\n<meta name=\"twitter:card\" content=\"summary_large_image\" \/>\n<meta name=\"twitter:label1\" content=\"Odhadovan\u00e1 doba \u010dten\u00ed\" \/>\n\t<meta name=\"twitter:data1\" content=\"1 minuta\" \/>\n<script type=\"application\/ld+json\" class=\"yoast-schema-graph\">{\"@context\":\"https:\/\/schema.org\",\"@graph\":[{\"@type\":\"WebPage\",\"@id\":\"https:\/\/www.koupeltech.com\/index.php\/produkt\/akce-bosch-ghg-20-60-horkovzdusna-pistole-06012a6400-29717\/\",\"url\":\"https:\/\/www.koupeltech.com\/index.php\/produkt\/akce-bosch-ghg-20-60-horkovzdusna-pistole-06012a6400-29717\/\",\"name\":\"Akce BOSCH GHG 20-60 Horkovzdu\u0161n\u00e1 pistole 06012A6400 -\",\"isPartOf\":{\"@id\":\"https:\/\/www.koupeltech.com\/#website\"},\"primaryImageOfPage\":{\"@id\":\"https:\/\/www.koupeltech.com\/index.php\/produkt\/akce-bosch-ghg-20-60-horkovzdusna-pistole-06012a6400-29717\/#primaryimage\"},\"image\":{\"@id\":\"https:\/\/www.koupeltech.com\/index.php\/produkt\/akce-bosch-ghg-20-60-horkovzdusna-pistole-06012a6400-29717\/#primaryimage\"},\"thumbnailUrl\":\"https:\/\/www.koupeltech.com\/wp-content\/uploads\/2026\/SK0024621-CZ20260425-092328-0-1777080210-1245946-1_115214.webp\",\"datePublished\":\"2026-04-27T14:00:21+00:00\",\"breadcrumb\":{\"@id\":\"https:\/\/www.koupeltech.com\/index.php\/produkt\/akce-bosch-ghg-20-60-horkovzdusna-pistole-06012a6400-29717\/#breadcrumb\"},\"inLanguage\":\"cs\",\"potentialAction\":[{\"@type\":\"ReadAction\",\"target\":[\"https:\/\/www.koupeltech.com\/index.php\/produkt\/akce-bosch-ghg-20-60-horkovzdusna-pistole-06012a6400-29717\/\"]}]},{\"@type\":\"ImageObject\",\"inLanguage\":\"cs\",\"@id\":\"https:\/\/www.koupeltech.com\/index.php\/produkt\/akce-bosch-ghg-20-60-horkovzdusna-pistole-06012a6400-29717\/#primaryimage\",\"url\":\"https:\/\/www.koupeltech.com\/wp-content\/uploads\/2026\/SK0024621-CZ20260425-092328-0-1777080210-1245946-1_115214.webp\",\"contentUrl\":\"https:\/\/www.koupeltech.com\/wp-content\/uploads\/2026\/SK0024621-CZ20260425-092328-0-1777080210-1245946-1_115214.webp\",\"width\":800,\"height\":800},{\"@type\":\"BreadcrumbList\",\"@id\":\"https:\/\/www.koupeltech.com\/index.php\/produkt\/akce-bosch-ghg-20-60-horkovzdusna-pistole-06012a6400-29717\/#breadcrumb\",\"itemListElement\":[{\"@type\":\"ListItem\",\"position\":1,\"name\":\"Home\",\"item\":\"https:\/\/www.koupeltech.com\/\"},{\"@type\":\"ListItem\",\"position\":2,\"name\":\"Products\",\"item\":\"https:\/\/www.koupeltech.com\/index.php\/products\/\"},{\"@type\":\"ListItem\",\"position\":3,\"name\":\"Akce BOSCH GHG 20-60 Horkovzdu\u0161n\u00e1 pistole 06012A6400\"}]},{\"@type\":\"WebSite\",\"@id\":\"https:\/\/www.koupeltech.com\/#website\",\"url\":\"https:\/\/www.koupeltech.com\/\",\"name\":\"\",\"description\":\"\",\"potentialAction\":[{\"@type\":\"SearchAction\",\"target\":{\"@type\":\"EntryPoint\",\"urlTemplate\":\"https:\/\/www.koupeltech.com\/?s={search_term_string}\"},\"query-input\":{\"@type\":\"PropertyValueSpecification\",\"valueRequired\":true,\"valueName\":\"search_term_string\"}}],\"inLanguage\":\"cs\"}]}<\/script>\n<!-- \/ Yoast SEO plugin. -->","yoast_head_json":{"title":"Akce BOSCH GHG 20-60 Horkovzdu\u0161n\u00e1 pistole 06012A6400 -","robots":{"index":"index","follow":"follow","max-snippet":"max-snippet:-1","max-image-preview":"max-image-preview:large","max-video-preview":"max-video-preview:-1"},"canonical":"https:\/\/www.koupeltech.com\/index.php\/produkt\/akce-bosch-ghg-20-60-horkovzdusna-pistole-06012a6400-29717\/","og_locale":"cs_CZ","og_type":"article","og_title":"Akce BOSCH GHG 20-60 Horkovzdu\u0161n\u00e1 pistole 06012A6400 -","og_description":"Univerz\u00e1ln\u00ed horkovzdu\u0161n\u00e1 pistole\u25ba P\u0159\u00ednos pro u\u017eivateleUniverz\u00e1ln\u00ed n\u00e1\u0159ad\u00ed pro odstra\u0148ov\u00e1n\u00ed barev a lak\u016f, pro formov\u00e1n\u00ed a smr\u0161\u0165ov\u00e1n\u00ed hork\u00fdm vzduchem. Vhodn\u00e1 tak\u00e9 pro letovac\u00ed a sva\u0159ovac\u00ed pr\u00e1ce a c\u00ednov\u00e1n\u00edPlynul\u00e9 \u0159\u00edzen\u00ed teploty regula\u010dn\u00edm kole\u010dkemOdn\u00edmateln\u00fd tepeln\u00fd kryt pro pr\u00e1ci na st\u00edsn\u011bn\u00fdch m\u00edstech\u25ba Sou\u010d\u00e1st\u00ed dod\u00e1vky je:Kartonov\u00e1 krabice \u2713 Jmenovit\u00fd p\u0159\u00edkon 2.000 W Hmotnost 0,6 kg Rozm\u011bry n\u00e1\u0159ad\u00ed (\u0161\u00ed\u0159ka) 74 mm [&hellip;]","og_url":"https:\/\/www.koupeltech.com\/index.php\/produkt\/akce-bosch-ghg-20-60-horkovzdusna-pistole-06012a6400-29717\/","og_image":[{"width":800,"height":800,"url":"https:\/\/www.koupeltech.com\/wp-content\/uploads\/2026\/SK0024621-CZ20260425-092328-0-1777080210-1245946-1_115214.webp","type":"image\/webp"}],"twitter_card":"summary_large_image","twitter_misc":{"Odhadovan\u00e1 doba \u010dten\u00ed":"1 minuta"},"schema":{"@context":"https:\/\/schema.org","@graph":[{"@type":"WebPage","@id":"https:\/\/www.koupeltech.com\/index.php\/produkt\/akce-bosch-ghg-20-60-horkovzdusna-pistole-06012a6400-29717\/","url":"https:\/\/www.koupeltech.com\/index.php\/produkt\/akce-bosch-ghg-20-60-horkovzdusna-pistole-06012a6400-29717\/","name":"Akce BOSCH GHG 20-60 Horkovzdu\u0161n\u00e1 pistole 06012A6400 -","isPartOf":{"@id":"https:\/\/www.koupeltech.com\/#website"},"primaryImageOfPage":{"@id":"https:\/\/www.koupeltech.com\/index.php\/produkt\/akce-bosch-ghg-20-60-horkovzdusna-pistole-06012a6400-29717\/#primaryimage"},"image":{"@id":"https:\/\/www.koupeltech.com\/index.php\/produkt\/akce-bosch-ghg-20-60-horkovzdusna-pistole-06012a6400-29717\/#primaryimage"},"thumbnailUrl":"https:\/\/www.koupeltech.com\/wp-content\/uploads\/2026\/SK0024621-CZ20260425-092328-0-1777080210-1245946-1_115214.webp","datePublished":"2026-04-27T14:00:21+00:00","breadcrumb":{"@id":"https:\/\/www.koupeltech.com\/index.php\/produkt\/akce-bosch-ghg-20-60-horkovzdusna-pistole-06012a6400-29717\/#breadcrumb"},"inLanguage":"cs","potentialAction":[{"@type":"ReadAction","target":["https:\/\/www.koupeltech.com\/index.php\/produkt\/akce-bosch-ghg-20-60-horkovzdusna-pistole-06012a6400-29717\/"]}]},{"@type":"ImageObject","inLanguage":"cs","@id":"https:\/\/www.koupeltech.com\/index.php\/produkt\/akce-bosch-ghg-20-60-horkovzdusna-pistole-06012a6400-29717\/#primaryimage","url":"https:\/\/www.koupeltech.com\/wp-content\/uploads\/2026\/SK0024621-CZ20260425-092328-0-1777080210-1245946-1_115214.webp","contentUrl":"https:\/\/www.koupeltech.com\/wp-content\/uploads\/2026\/SK0024621-CZ20260425-092328-0-1777080210-1245946-1_115214.webp","width":800,"height":800},{"@type":"BreadcrumbList","@id":"https:\/\/www.koupeltech.com\/index.php\/produkt\/akce-bosch-ghg-20-60-horkovzdusna-pistole-06012a6400-29717\/#breadcrumb","itemListElement":[{"@type":"ListItem","position":1,"name":"Home","item":"https:\/\/www.koupeltech.com\/"},{"@type":"ListItem","position":2,"name":"Products","item":"https:\/\/www.koupeltech.com\/index.php\/products\/"},{"@type":"ListItem","position":3,"name":"Akce BOSCH GHG 20-60 Horkovzdu\u0161n\u00e1 pistole 06012A6400"}]},{"@type":"WebSite","@id":"https:\/\/www.koupeltech.com\/#website","url":"https:\/\/www.koupeltech.com\/","name":"","description":"","potentialAction":[{"@type":"SearchAction","target":{"@type":"EntryPoint","urlTemplate":"https:\/\/www.koupeltech.com\/?s={search_term_string}"},"query-input":{"@type":"PropertyValueSpecification","valueRequired":true,"valueName":"search_term_string"}}],"inLanguage":"cs"}]}},"_links":{"self":[{"href":"https:\/\/www.koupeltech.com\/index.php\/wp-json\/wp\/v2\/product\/29717","targetHints":{"allow":["GET"]}}],"collection":[{"href":"https:\/\/www.koupeltech.com\/index.php\/wp-json\/wp\/v2\/product"}],"about":[{"href":"https:\/\/www.koupeltech.com\/index.php\/wp-json\/wp\/v2\/types\/product"}],"replies":[{"embeddable":true,"href":"https:\/\/www.koupeltech.com\/index.php\/wp-json\/wp\/v2\/comments?post=29717"}],"wp:featuredmedia":[{"embeddable":true,"href":"https:\/\/www.koupeltech.com\/index.php\/wp-json\/wp\/v2\/media\/29817"}],"wp:attachment":[{"href":"https:\/\/www.koupeltech.com\/index.php\/wp-json\/wp\/v2\/media?parent=29717"}],"wp:term":[{"taxonomy":"product_brand","embeddable":true,"href":"https:\/\/www.koupeltech.com\/index.php\/wp-json\/wp\/v2\/product_brand?post=29717"},{"taxonomy":"product_cat","embeddable":true,"href":"https:\/\/www.koupeltech.com\/index.php\/wp-json\/wp\/v2\/product_cat?post=29717"},{"taxonomy":"product_tag","embeddable":true,"href":"https:\/\/www.koupeltech.com\/index.php\/wp-json\/wp\/v2\/product_tag?post=29717"}],"curies":[{"name":"wp","href":"https:\/\/api.w.org\/{rel}","templated":true}]}}