{"id":29724,"date":"2026-04-27T14:00:21","date_gmt":"2026-04-27T14:00:21","guid":{"rendered":""},"modified":"2026-04-27T14:00:21","modified_gmt":"2026-04-27T14:00:21","slug":"znackovy-bosch-d-tect-200-c-univerzalni-detektor-29724","status":"publish","type":"product","link":"https:\/\/www.koupeltech.com\/index.php\/produkt\/znackovy-bosch-d-tect-200-c-univerzalni-detektor-29724\/","title":{"rendered":"Zna\u010dkov\u00fd Bosch D-Tect 200 C Univerz\u00e1ln\u00ed detektor"},"content":{"rendered":"<table>\n<div class=\"tab-pane active product-description\" id=\"popis\" role=\"tabpanel\">\n<div class=\"short-description\" itemprop=\"description\"><\/div>\n<div class=\"description\"><span class='bullet-line'>Detektor Detektor D-tect 200 C, D-tect 200 C Professional detekuje v\u0161echny b\u011b\u017en\u00e9 p\u0159edm\u011bty a jasn\u011b je zaznamen\u00e1, a usnad\u0148uje tak dokumentaci. <\/span><span class='bullet-line'>Je vybaven technologi\u00ed Bosch Radar Technology s vylep\u0161en\u00fdm u\u017eivatelsk\u00fdm rozhran\u00edm, d\u00edky \u010demu\u017e zaji\u0161\u0165uje bezpe\u010dn\u011bj\u0161\u00ed a p\u0159esn\u011bj\u0161\u00ed stavebn\u00ed pr\u00e1ce. <\/span><span class='bullet-line'>N\u011bkolik r\u016fzn\u00fdch n\u00e1hled\u016f umo\u017e\u0148uje v\u00fdb\u011br t\u00e9 nejlep\u0161\u00ed mo\u017enosti p\u0159i jednotliv\u00fdch zp\u016fsobech pou\u017eit\u00ed, nap\u0159\u00edklad bodov\u00e9ho zobrazen\u00ed, kter\u00e9 usnad\u0148uje zejm\u00e9na detekci na t\u011b\u017eko p\u0159\u00edstupn\u00fdch m\u00edstech. <\/span><span class='bullet-line'>Inovativn\u00ed funkce sn\u00edmk\u016f obrazovky detektoru umo\u017e\u0148uje rychlou dokumentaci a poskytuje spolehliv\u00e9 d\u016fkazy. D-tect 200 C Professional je vhodn\u00fd na pr\u00e1ci v interi\u00e9ru i exteri\u00e9ru, p\u0159edch\u00e1z\u00ed po\u0161kozen\u00ed b\u011bhem vrt\u00e1n\u00ed a m\u011b\u0159\u00ed hloubku betonu. <\/span><span class='bullet-line'>Detektor odhaluje p\u0159edm\u011bty a\u017e 20 cm pod povrchem a zaznamen\u00e1 i hloubku, ve kter\u00e9 se nach\u00e1z\u00ed. <\/span><br \/>\u25ba Polohov\u00e1n\u00ed<span class='bullet-line'>Detektor pro vynikaj\u00edc\u00ed v\u00fdsledky: \u0161pi\u010dkov\u00fd v\u00fdkon a snadn\u00e1 dokumentace<\/span><br \/>\u25ba Dlouh\u00e1 verze, \u010d\u00e1st 1<span class='bullet-line'>D-tect 200 C Professional detekuje v\u0161echny b\u011b\u017en\u00e9 p\u0159edm\u011bty a jasn\u011b je zaznamen\u00e1, a usnad\u0148uje tak dokumentaci. Je vybaven technologi\u00ed Bosch Radar Technology s vylep\u0161en\u00fdm u\u017eivatelsk\u00fdm rozhran\u00edm, d\u00edky \u010demu\u017e zaji\u0161\u0165uje bezpe\u010dn\u011bj\u0161\u00ed a p\u0159esn\u011bj\u0161\u00ed stavebn\u00ed pr\u00e1ce. <\/span><span class='bullet-line'>N\u011bkolik r\u016fzn\u00fdch n\u00e1hled\u016f umo\u017e\u0148uje v\u00fdb\u011br t\u00e9 nejlep\u0161\u00ed mo\u017enosti p\u0159i jednotliv\u00fdch zp\u016fsobech pou\u017eit\u00ed, nap\u0159\u00edklad bodov\u00e9ho zobrazen\u00ed, kter\u00e9 usnad\u0148uje zejm\u00e9na detekci na t\u011b\u017eko p\u0159\u00edstupn\u00fdch m\u00edstech. <\/span><span class='bullet-line'>Inovativn\u00ed funkce sn\u00edmk\u016f obrazovky detektoru umo\u017e\u0148uje rychlou dokumentaci a poskytuje spolehliv\u00e9 d\u016fkazy.<\/span><br \/>\u25ba Dlouh\u00e1 verze, \u010d\u00e1st 2<span class='bullet-line'>D-tect 200 C Professional je vhodn\u00fd na pr\u00e1ci v interi\u00e9ru i exteri\u00e9ru, p\u0159edch\u00e1z\u00ed po\u0161kozen\u00ed b\u011bhem vrt\u00e1n\u00ed a m\u011b\u0159\u00ed hloubku betonu.<\/span><br \/>\u25ba Dlouh\u00e1 verze, \u010d\u00e1st 3<span class='bullet-line'>Detektor odhaluje p\u0159edm\u011bty a\u017e 20 cm pod povrchem a zaznamen\u00e1 i hloubku, ve kter\u00e9 se nach\u00e1z\u00ed.<\/span><br \/>\u25ba V\u00fdhody pro u\u017eivatele v\u010d. p\u0159esv\u011bd\u010div\u00fdch d\u016fkaz\u016f<span class='bullet-line'>Technologie Bosch Radar Technology a modern\u00ed u\u017eivatelsk\u00e9 rozhran\u00ed zaji\u0161\u0165uj\u00ed p\u0159esnost, lep\u0161\u00ed bezpe\u010dnost a jasn\u00e9 vyzna\u010den\u00ed detekovan\u00fdch p\u0159edm\u011bt\u016f<\/span><span class='bullet-line'>N\u011bkolik r\u016fzn\u00fdch n\u00e1hled\u016f flexibiln\u011b nab\u00edz\u00ed ty nejlep\u0161\u00ed v\u00fdsledky v r\u016fzn\u00fdch situac\u00edch<\/span><span class='bullet-line'>Funkce sn\u00edmk\u016f obrazovky zaji\u0161\u0165uje rychlou a snadnou dokumentaci. Sn\u00edmky lze st\u00e1hnout p\u0159es USB-C\u2122 a slot na SD kartu.<\/span><br \/>\u25ba Rozsah dod\u00e1vky<span class='bullet-line'>L-BOXX 136 (1 600 A01 2G0)<\/span><span class='bullet-line'>1\u00d7 akumul\u00e1tor GBA 12V 2.0Ah (1 600 Z00 02X)<\/span><span class='bullet-line'>Rychlonab\u00edje\u010dka GAL 12V-40 Professional (1 600 A01 9R3)<\/span><span class='bullet-line'>Kabel USB-C\u2122<\/span><span class='bullet-line'>Poutko na z\u00e1p\u011bst\u00ed<\/span><\/div>\n<div class=\"parameters\">\n<tr>\n<td>Radarov\u00e1 technika Bosch<\/td>\n<td>ano<\/td>\n<\/tr>\n<tr>\n<td>Detekovateln\u00e9 objekty<\/td>\n<td>magnetick\u00e9 kovy (nap\u0159. \u017eelezo)<\/td>\n<\/tr>\n<tr>\n<td><\/td>\n<td>nemagnetick\u00e9 kovy (nap\u0159. m\u011b\u010f)<\/td>\n<\/tr>\n<tr>\n<td><\/td>\n<td>kabely pod nap\u011bt\u00edm<\/td>\n<\/tr>\n<tr>\n<td><\/td>\n<td>kabely bez proudu<\/td>\n<\/tr>\n<tr>\n<td><\/td>\n<td>Pr\u00e1zdn\u00e9 plastov\u00e9 trubky<\/td>\n<\/tr>\n<tr>\n<td><\/td>\n<td>plastov\u00e9 trubky napln\u011bn\u00e9 vodou<\/td>\n<\/tr>\n<tr>\n<td><\/td>\n<td>d\u0159ev\u011bn\u00e9 vyztu\u017euj\u00edc\u00ed konstrukce<\/td>\n<\/tr>\n<tr>\n<td>Max. hloubka lokalizace<\/td>\n<td>200 mm<\/td>\n<\/tr>\n<tr>\n<td>Hloubka detekce, tuh\u00fd beton, max.<\/td>\n<td>200 mm<\/td>\n<\/tr>\n<tr>\n<td>Hloubka detekce, beton v ran\u00e9m stadiu, max.<\/td>\n<td>60 mm<\/td>\n<\/tr>\n<tr>\n<td>Hloubka detekce, ostatn\u00ed typy zdiva, max.<\/td>\n<td>80 mm<\/td>\n<\/tr>\n<tr>\n<td>Hloubka detekce, d\u0159ev\u011bn\u00e9 nosn\u00e9 konstrukce, max.<\/td>\n<td>38 mm<\/td>\n<\/tr>\n<tr>\n<td>P\u0159esnost<\/td>\n<td>\u00b15 mm* (* plus odchylka z\u00e1visl\u00e1 na pou\u017eit\u00ed)<\/td>\n<\/tr>\n<tr>\n<td>Zhl\u00e9dnut\u00ed<\/td>\n<td>N\u00e1hled objektu<\/td>\n<\/tr>\n<tr>\n<td><\/td>\n<td>N\u00e1hled bodu<\/td>\n<\/tr>\n<tr>\n<td><\/td>\n<td>2D n\u00e1hled sign\u00e1lu<\/td>\n<\/tr>\n<tr>\n<td><\/td>\n<td>Zobrazen\u00ed sign\u00e1lu<\/td>\n<\/tr>\n<tr>\n<td>Typy zdiva<\/td>\n<td>Zdivo\/univerz\u00e1ln\u00ed<\/td>\n<\/tr>\n<tr>\n<td><\/td>\n<td>Beton<\/td>\n<\/tr>\n<tr>\n<td><\/td>\n<td>S\u00e1drokarton<\/td>\n<\/tr>\n<tr>\n<td><\/td>\n<td>Plo\u0161n\u00e9 topen\u00ed<\/td>\n<\/tr>\n<tr>\n<td><\/td>\n<td>Beton v ran\u00e9m stadiu<\/td>\n<\/tr>\n<tr>\n<td><\/td>\n<td>Vodorovn\u00e1 dut\u00e1 cihla<\/td>\n<\/tr>\n<tr>\n<td><\/td>\n<td>Vertik\u00e1ln\u00ed j\u00e1drov\u00e1 korunka na zdivo<\/td>\n<\/tr>\n<tr>\n<td>Ochrana proti prachu a st\u0159\u00edkaj\u00edc\u00ed vod\u011b<\/td>\n<td>IP 5X<\/td>\n<\/tr>\n<tr>\n<td>Dokumentace na<\/td>\n<td>USB-C<\/td>\n<\/tr>\n<tr>\n<td><\/td>\n<td>SD karta<\/td>\n<\/tr>\n<tr>\n<td>Mo\u017enost aktualizace<\/td>\n<td>ano<\/td>\n<\/tr>\n<tr>\n<td>Identifikace materi\u00e1lu<\/td>\n<td>Veden\u00ed pod nap\u011bt\u00edm<\/td>\n<\/tr>\n<tr>\n<td><\/td>\n<td>Magnetick\u00fd kov<\/td>\n<\/tr>\n<tr>\n<td><\/td>\n<td>Nemagnetick\u00fd kov<\/td>\n<\/tr>\n<tr>\n<td><\/td>\n<td>Nekovov\u00fd materi\u00e1l<\/td>\n<\/tr>\n<tr>\n<td>Nap\u00e1jen\u00ed<\/td>\n<td>Akumul\u00e1tor 12 V Li-Ion<\/td>\n<\/tr>\n<tr>\n<td><\/td>\n<td>4x 1,5 V LR6 (AA)<\/td>\n<\/tr>\n<tr>\n<td><\/td>\n<td>4\u00d7 1,2 V HR06 (AA)<\/td>\n<\/tr>\n<tr>\n<td>Hmotnost, cca<\/td>\n<td>0,7 kg<\/td>\n<\/tr>\n<tr>\n<td>P\u0159\u00eddavn\u00e1 funkce<\/td>\n<td>Detekce \u00fanik\u016f, m\u011b\u0159en\u00ed vzd\u00e1lenosti<\/td>\n<\/tr><\/div>\n<\/table>\n","protected":false},"excerpt":{"rendered":"<p>Detektor Detektor D-tect 200 C, D-tect 200 C Professional detekuje v\u0161echny b\u011b\u017en\u00e9 p\u0159edm\u011bty a jasn\u011b je zaznamen\u00e1, a usnad\u0148uje tak dokumentaci. Je vybaven technologi\u00ed Bosch Radar Technology s vylep\u0161en\u00fdm u\u017eivatelsk\u00fdm rozhran\u00edm, d\u00edky \u010demu\u017e zaji\u0161\u0165uje bezpe\u010dn\u011bj\u0161\u00ed a p\u0159esn\u011bj\u0161\u00ed stavebn\u00ed pr\u00e1ce. N\u011bkolik r\u016fzn\u00fdch n\u00e1hled\u016f umo\u017e\u0148uje v\u00fdb\u011br t\u00e9 nejlep\u0161\u00ed mo\u017enosti p\u0159i jednotliv\u00fdch zp\u016fsobech pou\u017eit\u00ed, nap\u0159\u00edklad bodov\u00e9ho zobrazen\u00ed, kter\u00e9 [&hellip;]<\/p>\n","protected":false},"featured_media":29824,"comment_status":"open","ping_status":"open","template":"","meta":[],"product_brand":[],"product_cat":[43],"product_tag":[],"class_list":{"0":"post-29724","1":"product","2":"type-product","3":"status-publish","4":"has-post-thumbnail","6":"product_cat-naradi","8":"first","9":"instock","10":"sale","11":"shipping-taxable","12":"purchasable","13":"product-type-simple"},"yoast_head":"<!-- This site is optimized with the Yoast SEO plugin v26.8 - https:\/\/yoast.com\/product\/yoast-seo-wordpress\/ -->\n<title>Zna\u010dkov\u00fd Bosch D-Tect 200 C Univerz\u00e1ln\u00ed detektor -<\/title>\n<meta name=\"robots\" content=\"index, follow, max-snippet:-1, max-image-preview:large, max-video-preview:-1\" \/>\n<link rel=\"canonical\" href=\"https:\/\/www.koupeltech.com\/index.php\/produkt\/znackovy-bosch-d-tect-200-c-univerzalni-detektor-29724\/\" \/>\n<meta property=\"og:locale\" content=\"cs_CZ\" \/>\n<meta property=\"og:type\" content=\"article\" \/>\n<meta property=\"og:title\" content=\"Zna\u010dkov\u00fd Bosch D-Tect 200 C Univerz\u00e1ln\u00ed detektor -\" \/>\n<meta property=\"og:description\" content=\"Detektor Detektor D-tect 200 C, D-tect 200 C Professional detekuje v\u0161echny b\u011b\u017en\u00e9 p\u0159edm\u011bty a jasn\u011b je zaznamen\u00e1, a usnad\u0148uje tak dokumentaci. Je vybaven technologi\u00ed Bosch Radar Technology s vylep\u0161en\u00fdm u\u017eivatelsk\u00fdm rozhran\u00edm, d\u00edky \u010demu\u017e zaji\u0161\u0165uje bezpe\u010dn\u011bj\u0161\u00ed a p\u0159esn\u011bj\u0161\u00ed stavebn\u00ed pr\u00e1ce. N\u011bkolik r\u016fzn\u00fdch n\u00e1hled\u016f umo\u017e\u0148uje v\u00fdb\u011br t\u00e9 nejlep\u0161\u00ed mo\u017enosti p\u0159i jednotliv\u00fdch zp\u016fsobech pou\u017eit\u00ed, nap\u0159\u00edklad bodov\u00e9ho zobrazen\u00ed, kter\u00e9 [&hellip;]\" \/>\n<meta property=\"og:url\" content=\"https:\/\/www.koupeltech.com\/index.php\/produkt\/znackovy-bosch-d-tect-200-c-univerzalni-detektor-29724\/\" \/>\n<meta property=\"og:image\" content=\"https:\/\/www.koupeltech.com\/wp-content\/uploads\/2026\/SK0024628-CZ20260425-092328-0-1777080210-1245954-1_113018.webp\" \/>\n\t<meta property=\"og:image:width\" content=\"800\" \/>\n\t<meta property=\"og:image:height\" content=\"800\" \/>\n\t<meta property=\"og:image:type\" content=\"image\/webp\" \/>\n<meta name=\"twitter:card\" content=\"summary_large_image\" \/>\n<meta name=\"twitter:label1\" content=\"Odhadovan\u00e1 doba \u010dten\u00ed\" \/>\n\t<meta name=\"twitter:data1\" content=\"3 minuty\" \/>\n<script type=\"application\/ld+json\" class=\"yoast-schema-graph\">{\"@context\":\"https:\/\/schema.org\",\"@graph\":[{\"@type\":\"WebPage\",\"@id\":\"https:\/\/www.koupeltech.com\/index.php\/produkt\/znackovy-bosch-d-tect-200-c-univerzalni-detektor-29724\/\",\"url\":\"https:\/\/www.koupeltech.com\/index.php\/produkt\/znackovy-bosch-d-tect-200-c-univerzalni-detektor-29724\/\",\"name\":\"Zna\u010dkov\u00fd Bosch D-Tect 200 C Univerz\u00e1ln\u00ed detektor -\",\"isPartOf\":{\"@id\":\"https:\/\/www.koupeltech.com\/#website\"},\"primaryImageOfPage\":{\"@id\":\"https:\/\/www.koupeltech.com\/index.php\/produkt\/znackovy-bosch-d-tect-200-c-univerzalni-detektor-29724\/#primaryimage\"},\"image\":{\"@id\":\"https:\/\/www.koupeltech.com\/index.php\/produkt\/znackovy-bosch-d-tect-200-c-univerzalni-detektor-29724\/#primaryimage\"},\"thumbnailUrl\":\"https:\/\/www.koupeltech.com\/wp-content\/uploads\/2026\/SK0024628-CZ20260425-092328-0-1777080210-1245954-1_113018.webp\",\"datePublished\":\"2026-04-27T14:00:21+00:00\",\"breadcrumb\":{\"@id\":\"https:\/\/www.koupeltech.com\/index.php\/produkt\/znackovy-bosch-d-tect-200-c-univerzalni-detektor-29724\/#breadcrumb\"},\"inLanguage\":\"cs\",\"potentialAction\":[{\"@type\":\"ReadAction\",\"target\":[\"https:\/\/www.koupeltech.com\/index.php\/produkt\/znackovy-bosch-d-tect-200-c-univerzalni-detektor-29724\/\"]}]},{\"@type\":\"ImageObject\",\"inLanguage\":\"cs\",\"@id\":\"https:\/\/www.koupeltech.com\/index.php\/produkt\/znackovy-bosch-d-tect-200-c-univerzalni-detektor-29724\/#primaryimage\",\"url\":\"https:\/\/www.koupeltech.com\/wp-content\/uploads\/2026\/SK0024628-CZ20260425-092328-0-1777080210-1245954-1_113018.webp\",\"contentUrl\":\"https:\/\/www.koupeltech.com\/wp-content\/uploads\/2026\/SK0024628-CZ20260425-092328-0-1777080210-1245954-1_113018.webp\",\"width\":800,\"height\":800},{\"@type\":\"BreadcrumbList\",\"@id\":\"https:\/\/www.koupeltech.com\/index.php\/produkt\/znackovy-bosch-d-tect-200-c-univerzalni-detektor-29724\/#breadcrumb\",\"itemListElement\":[{\"@type\":\"ListItem\",\"position\":1,\"name\":\"Home\",\"item\":\"https:\/\/www.koupeltech.com\/\"},{\"@type\":\"ListItem\",\"position\":2,\"name\":\"Products\",\"item\":\"https:\/\/www.koupeltech.com\/index.php\/products\/\"},{\"@type\":\"ListItem\",\"position\":3,\"name\":\"Zna\u010dkov\u00fd Bosch D-Tect 200 C Univerz\u00e1ln\u00ed detektor\"}]},{\"@type\":\"WebSite\",\"@id\":\"https:\/\/www.koupeltech.com\/#website\",\"url\":\"https:\/\/www.koupeltech.com\/\",\"name\":\"\",\"description\":\"\",\"potentialAction\":[{\"@type\":\"SearchAction\",\"target\":{\"@type\":\"EntryPoint\",\"urlTemplate\":\"https:\/\/www.koupeltech.com\/?s={search_term_string}\"},\"query-input\":{\"@type\":\"PropertyValueSpecification\",\"valueRequired\":true,\"valueName\":\"search_term_string\"}}],\"inLanguage\":\"cs\"}]}<\/script>\n<!-- \/ Yoast SEO plugin. -->","yoast_head_json":{"title":"Zna\u010dkov\u00fd Bosch D-Tect 200 C Univerz\u00e1ln\u00ed detektor -","robots":{"index":"index","follow":"follow","max-snippet":"max-snippet:-1","max-image-preview":"max-image-preview:large","max-video-preview":"max-video-preview:-1"},"canonical":"https:\/\/www.koupeltech.com\/index.php\/produkt\/znackovy-bosch-d-tect-200-c-univerzalni-detektor-29724\/","og_locale":"cs_CZ","og_type":"article","og_title":"Zna\u010dkov\u00fd Bosch D-Tect 200 C Univerz\u00e1ln\u00ed detektor -","og_description":"Detektor Detektor D-tect 200 C, D-tect 200 C Professional detekuje v\u0161echny b\u011b\u017en\u00e9 p\u0159edm\u011bty a jasn\u011b je zaznamen\u00e1, a usnad\u0148uje tak dokumentaci. Je vybaven technologi\u00ed Bosch Radar Technology s vylep\u0161en\u00fdm u\u017eivatelsk\u00fdm rozhran\u00edm, d\u00edky \u010demu\u017e zaji\u0161\u0165uje bezpe\u010dn\u011bj\u0161\u00ed a p\u0159esn\u011bj\u0161\u00ed stavebn\u00ed pr\u00e1ce. N\u011bkolik r\u016fzn\u00fdch n\u00e1hled\u016f umo\u017e\u0148uje v\u00fdb\u011br t\u00e9 nejlep\u0161\u00ed mo\u017enosti p\u0159i jednotliv\u00fdch zp\u016fsobech pou\u017eit\u00ed, nap\u0159\u00edklad bodov\u00e9ho zobrazen\u00ed, kter\u00e9 [&hellip;]","og_url":"https:\/\/www.koupeltech.com\/index.php\/produkt\/znackovy-bosch-d-tect-200-c-univerzalni-detektor-29724\/","og_image":[{"width":800,"height":800,"url":"https:\/\/www.koupeltech.com\/wp-content\/uploads\/2026\/SK0024628-CZ20260425-092328-0-1777080210-1245954-1_113018.webp","type":"image\/webp"}],"twitter_card":"summary_large_image","twitter_misc":{"Odhadovan\u00e1 doba \u010dten\u00ed":"3 minuty"},"schema":{"@context":"https:\/\/schema.org","@graph":[{"@type":"WebPage","@id":"https:\/\/www.koupeltech.com\/index.php\/produkt\/znackovy-bosch-d-tect-200-c-univerzalni-detektor-29724\/","url":"https:\/\/www.koupeltech.com\/index.php\/produkt\/znackovy-bosch-d-tect-200-c-univerzalni-detektor-29724\/","name":"Zna\u010dkov\u00fd Bosch D-Tect 200 C Univerz\u00e1ln\u00ed detektor -","isPartOf":{"@id":"https:\/\/www.koupeltech.com\/#website"},"primaryImageOfPage":{"@id":"https:\/\/www.koupeltech.com\/index.php\/produkt\/znackovy-bosch-d-tect-200-c-univerzalni-detektor-29724\/#primaryimage"},"image":{"@id":"https:\/\/www.koupeltech.com\/index.php\/produkt\/znackovy-bosch-d-tect-200-c-univerzalni-detektor-29724\/#primaryimage"},"thumbnailUrl":"https:\/\/www.koupeltech.com\/wp-content\/uploads\/2026\/SK0024628-CZ20260425-092328-0-1777080210-1245954-1_113018.webp","datePublished":"2026-04-27T14:00:21+00:00","breadcrumb":{"@id":"https:\/\/www.koupeltech.com\/index.php\/produkt\/znackovy-bosch-d-tect-200-c-univerzalni-detektor-29724\/#breadcrumb"},"inLanguage":"cs","potentialAction":[{"@type":"ReadAction","target":["https:\/\/www.koupeltech.com\/index.php\/produkt\/znackovy-bosch-d-tect-200-c-univerzalni-detektor-29724\/"]}]},{"@type":"ImageObject","inLanguage":"cs","@id":"https:\/\/www.koupeltech.com\/index.php\/produkt\/znackovy-bosch-d-tect-200-c-univerzalni-detektor-29724\/#primaryimage","url":"https:\/\/www.koupeltech.com\/wp-content\/uploads\/2026\/SK0024628-CZ20260425-092328-0-1777080210-1245954-1_113018.webp","contentUrl":"https:\/\/www.koupeltech.com\/wp-content\/uploads\/2026\/SK0024628-CZ20260425-092328-0-1777080210-1245954-1_113018.webp","width":800,"height":800},{"@type":"BreadcrumbList","@id":"https:\/\/www.koupeltech.com\/index.php\/produkt\/znackovy-bosch-d-tect-200-c-univerzalni-detektor-29724\/#breadcrumb","itemListElement":[{"@type":"ListItem","position":1,"name":"Home","item":"https:\/\/www.koupeltech.com\/"},{"@type":"ListItem","position":2,"name":"Products","item":"https:\/\/www.koupeltech.com\/index.php\/products\/"},{"@type":"ListItem","position":3,"name":"Zna\u010dkov\u00fd Bosch D-Tect 200 C Univerz\u00e1ln\u00ed detektor"}]},{"@type":"WebSite","@id":"https:\/\/www.koupeltech.com\/#website","url":"https:\/\/www.koupeltech.com\/","name":"","description":"","potentialAction":[{"@type":"SearchAction","target":{"@type":"EntryPoint","urlTemplate":"https:\/\/www.koupeltech.com\/?s={search_term_string}"},"query-input":{"@type":"PropertyValueSpecification","valueRequired":true,"valueName":"search_term_string"}}],"inLanguage":"cs"}]}},"_links":{"self":[{"href":"https:\/\/www.koupeltech.com\/index.php\/wp-json\/wp\/v2\/product\/29724","targetHints":{"allow":["GET"]}}],"collection":[{"href":"https:\/\/www.koupeltech.com\/index.php\/wp-json\/wp\/v2\/product"}],"about":[{"href":"https:\/\/www.koupeltech.com\/index.php\/wp-json\/wp\/v2\/types\/product"}],"replies":[{"embeddable":true,"href":"https:\/\/www.koupeltech.com\/index.php\/wp-json\/wp\/v2\/comments?post=29724"}],"wp:featuredmedia":[{"embeddable":true,"href":"https:\/\/www.koupeltech.com\/index.php\/wp-json\/wp\/v2\/media\/29824"}],"wp:attachment":[{"href":"https:\/\/www.koupeltech.com\/index.php\/wp-json\/wp\/v2\/media?parent=29724"}],"wp:term":[{"taxonomy":"product_brand","embeddable":true,"href":"https:\/\/www.koupeltech.com\/index.php\/wp-json\/wp\/v2\/product_brand?post=29724"},{"taxonomy":"product_cat","embeddable":true,"href":"https:\/\/www.koupeltech.com\/index.php\/wp-json\/wp\/v2\/product_cat?post=29724"},{"taxonomy":"product_tag","embeddable":true,"href":"https:\/\/www.koupeltech.com\/index.php\/wp-json\/wp\/v2\/product_tag?post=29724"}],"curies":[{"name":"wp","href":"https:\/\/api.w.org\/{rel}","templated":true}]}}