{"id":29759,"date":"2026-04-27T14:00:21","date_gmt":"2026-04-27T14:00:21","guid":{"rendered":""},"modified":"2026-04-27T14:00:21","modified_gmt":"2026-04-27T14:00:21","slug":"zlevneny-bosch-psm-160-a-multibruska-0603377000-29759","status":"publish","type":"product","link":"https:\/\/www.koupeltech.com\/index.php\/produkt\/zlevneny-bosch-psm-160-a-multibruska-0603377000-29759\/","title":{"rendered":"Zlevn\u011bn\u00fd Bosch PSM 160 A Multibruska 0603377000"},"content":{"rendered":"<table>\n<div class=\"tab-pane active product-description\" id=\"popis\" role=\"tabpanel\">\n<div class=\"short-description\" itemprop=\"description\"><\/div>\n<div class=\"description\"><span class='bullet-line'>V\u0161estrann\u00e1 p\u0159esn\u00e1 bruska s odn\u00edmatelnou \u0161pic\u00ed na n\u00e1stavce<\/span><br \/>\u25ba Sou\u010d\u00e1st\u00ed dod\u00e1vky je:<br \/>3 brusn\u00e9 pap\u00edry (Red Wood)\t\u2713<br \/>Kartonov\u00e1 krabice\t\u2713<\/div>\n<div class=\"parameters\">\n<tr>\n<td>Jmenovit\u00fd p\u0159\u00edkon<\/td>\n<td>160 W<\/td>\n<\/tr>\n<tr>\n<td>Brusn\u00e1 plocha<\/td>\n<td>104 cm\u00b2<\/td>\n<\/tr>\n<tr>\n<td>Po\u010det kmit\u016f<\/td>\n<td>24.000 kmit\u016f\/min<\/td>\n<\/tr>\n<tr>\n<td>Orbit\u00e1ln\u00ed pr\u016fm\u011br<\/td>\n<td>1,6 mm<\/td>\n<\/tr>\n<tr>\n<td>Hmotnost<\/td>\n<td>1,4 kg<\/td>\n<\/tr>\n<tr>\n<td>Rozm\u011bry balen\u00ed (\u0161\u00ed\u0159ka)<\/td>\n<td>285 mm<\/td>\n<\/tr>\n<tr>\n<td>Rozm\u011bry balen\u00ed (d\u00e9lka)<\/td>\n<td>180 mm<\/td>\n<\/tr>\n<tr>\n<td>Rozm\u011bry balen\u00ed (v\u00fd\u0161ka)<\/td>\n<td>154 mm<\/td>\n<\/tr>\n<tr>\n<td>Rozm\u011bry balen\u00ed (\u0161\u00ed\u0159ka \u00d7 d\u00e9lka \u00d7 v\u00fd\u0161ka)<\/td>\n<td>285 x 180 x 154 mm<\/td>\n<\/tr>\n<tr>\n<td>Hmotnost v\u010detn\u011b obalu<\/td>\n<td>1,59 kg<\/td>\n<\/tr>\n<tr>\n<td>Funkce<\/td>\n<td><\/td>\n<\/tr>\n<tr>\n<td>Mikro such\u00fd zip<\/td>\n<td>\u2713<\/td>\n<\/tr>\n<tr>\n<td>Syst\u00e9m Bosch-SDS<\/td>\n<td>\u2713<\/td>\n<\/tr>\n<tr>\n<td>Mikrofiltra\u010dn\u00ed syst\u00e9m<\/td>\n<td>\u2713<\/td>\n<\/tr>\n<tr>\n<td>Softgrip<\/td>\n<td>\u2713<\/td>\n<\/tr>\n<tr>\n<td>Informace o hluku a vibrac\u00edch<\/td>\n<td><\/td>\n<\/tr>\n<tr>\n<td>Hladina akustick\u00e9ho tlaku<\/td>\n<td>76 dB(A)<\/td>\n<\/tr>\n<tr>\n<td>Hladina akustick\u00e9ho v\u00fdkonu<\/td>\n<td>80 dB(A)<\/td>\n<\/tr>\n<tr>\n<td>Nep\u0159esnost K<\/td>\n<td>3 dB<\/td>\n<\/tr>\n<tr>\n<td>\u00darove\u0148 hluku, brusn\u00e1 plocha pravo\u00fahl\u00e1<\/td>\n<td>\u00darove\u0148 hluku elektrick\u00e9ho n\u00e1\u0159ad\u00ed s hodnocen\u00edm A \u010din\u00ed typicky: hladina akustick\u00e9ho tlaku dB(A); hladina akustick\u00e9ho v\u00fdkonu dB(A). Nejistota K= dB.<\/td>\n<\/tr><\/div>\n<\/table>\n","protected":false},"excerpt":{"rendered":"<p>V\u0161estrann\u00e1 p\u0159esn\u00e1 bruska s odn\u00edmatelnou \u0161pic\u00ed na n\u00e1stavce\u25ba Sou\u010d\u00e1st\u00ed dod\u00e1vky je:3 brusn\u00e9 pap\u00edry (Red Wood) \u2713Kartonov\u00e1 krabice \u2713 Jmenovit\u00fd p\u0159\u00edkon 160 W Brusn\u00e1 plocha 104 cm\u00b2 Po\u010det kmit\u016f 24.000 kmit\u016f\/min Orbit\u00e1ln\u00ed pr\u016fm\u011br 1,6 mm Hmotnost 1,4 kg Rozm\u011bry balen\u00ed (\u0161\u00ed\u0159ka) 285 mm Rozm\u011bry balen\u00ed (d\u00e9lka) 180 mm Rozm\u011bry balen\u00ed (v\u00fd\u0161ka) 154 mm Rozm\u011bry balen\u00ed (\u0161\u00ed\u0159ka [&hellip;]<\/p>\n","protected":false},"featured_media":29859,"comment_status":"open","ping_status":"open","template":"","meta":[],"product_brand":[],"product_cat":[43],"product_tag":[],"class_list":{"0":"post-29759","1":"product","2":"type-product","3":"status-publish","4":"has-post-thumbnail","6":"product_cat-naradi","8":"first","9":"instock","10":"sale","11":"shipping-taxable","12":"purchasable","13":"product-type-simple"},"yoast_head":"<!-- This site is optimized with the Yoast SEO plugin v26.8 - https:\/\/yoast.com\/product\/yoast-seo-wordpress\/ -->\n<title>Zlevn\u011bn\u00fd Bosch PSM 160 A Multibruska 0603377000 -<\/title>\n<meta name=\"robots\" content=\"index, follow, max-snippet:-1, max-image-preview:large, max-video-preview:-1\" \/>\n<link rel=\"canonical\" href=\"https:\/\/www.koupeltech.com\/index.php\/produkt\/zlevneny-bosch-psm-160-a-multibruska-0603377000-29759\/\" \/>\n<meta property=\"og:locale\" content=\"cs_CZ\" \/>\n<meta property=\"og:type\" content=\"article\" \/>\n<meta property=\"og:title\" content=\"Zlevn\u011bn\u00fd Bosch PSM 160 A Multibruska 0603377000 -\" \/>\n<meta property=\"og:description\" content=\"V\u0161estrann\u00e1 p\u0159esn\u00e1 bruska s odn\u00edmatelnou \u0161pic\u00ed na n\u00e1stavce\u25ba Sou\u010d\u00e1st\u00ed dod\u00e1vky je:3 brusn\u00e9 pap\u00edry (Red Wood) \u2713Kartonov\u00e1 krabice \u2713 Jmenovit\u00fd p\u0159\u00edkon 160 W Brusn\u00e1 plocha 104 cm\u00b2 Po\u010det kmit\u016f 24.000 kmit\u016f\/min Orbit\u00e1ln\u00ed pr\u016fm\u011br 1,6 mm Hmotnost 1,4 kg Rozm\u011bry balen\u00ed (\u0161\u00ed\u0159ka) 285 mm Rozm\u011bry balen\u00ed (d\u00e9lka) 180 mm Rozm\u011bry balen\u00ed (v\u00fd\u0161ka) 154 mm Rozm\u011bry balen\u00ed (\u0161\u00ed\u0159ka [&hellip;]\" \/>\n<meta property=\"og:url\" content=\"https:\/\/www.koupeltech.com\/index.php\/produkt\/zlevneny-bosch-psm-160-a-multibruska-0603377000-29759\/\" \/>\n<meta property=\"og:image\" content=\"https:\/\/www.koupeltech.com\/wp-content\/uploads\/2026\/SK0024666-CZ20260425-092328-0-1777080210-1245995-1_114420.webp\" \/>\n\t<meta property=\"og:image:width\" content=\"800\" \/>\n\t<meta property=\"og:image:height\" content=\"800\" \/>\n\t<meta property=\"og:image:type\" content=\"image\/webp\" \/>\n<meta name=\"twitter:card\" content=\"summary_large_image\" \/>\n<meta name=\"twitter:label1\" content=\"Odhadovan\u00e1 doba \u010dten\u00ed\" \/>\n\t<meta name=\"twitter:data1\" content=\"1 minuta\" \/>\n<script type=\"application\/ld+json\" class=\"yoast-schema-graph\">{\"@context\":\"https:\/\/schema.org\",\"@graph\":[{\"@type\":\"WebPage\",\"@id\":\"https:\/\/www.koupeltech.com\/index.php\/produkt\/zlevneny-bosch-psm-160-a-multibruska-0603377000-29759\/\",\"url\":\"https:\/\/www.koupeltech.com\/index.php\/produkt\/zlevneny-bosch-psm-160-a-multibruska-0603377000-29759\/\",\"name\":\"Zlevn\u011bn\u00fd Bosch PSM 160 A Multibruska 0603377000 -\",\"isPartOf\":{\"@id\":\"https:\/\/www.koupeltech.com\/#website\"},\"primaryImageOfPage\":{\"@id\":\"https:\/\/www.koupeltech.com\/index.php\/produkt\/zlevneny-bosch-psm-160-a-multibruska-0603377000-29759\/#primaryimage\"},\"image\":{\"@id\":\"https:\/\/www.koupeltech.com\/index.php\/produkt\/zlevneny-bosch-psm-160-a-multibruska-0603377000-29759\/#primaryimage\"},\"thumbnailUrl\":\"https:\/\/www.koupeltech.com\/wp-content\/uploads\/2026\/SK0024666-CZ20260425-092328-0-1777080210-1245995-1_114420.webp\",\"datePublished\":\"2026-04-27T14:00:21+00:00\",\"breadcrumb\":{\"@id\":\"https:\/\/www.koupeltech.com\/index.php\/produkt\/zlevneny-bosch-psm-160-a-multibruska-0603377000-29759\/#breadcrumb\"},\"inLanguage\":\"cs\",\"potentialAction\":[{\"@type\":\"ReadAction\",\"target\":[\"https:\/\/www.koupeltech.com\/index.php\/produkt\/zlevneny-bosch-psm-160-a-multibruska-0603377000-29759\/\"]}]},{\"@type\":\"ImageObject\",\"inLanguage\":\"cs\",\"@id\":\"https:\/\/www.koupeltech.com\/index.php\/produkt\/zlevneny-bosch-psm-160-a-multibruska-0603377000-29759\/#primaryimage\",\"url\":\"https:\/\/www.koupeltech.com\/wp-content\/uploads\/2026\/SK0024666-CZ20260425-092328-0-1777080210-1245995-1_114420.webp\",\"contentUrl\":\"https:\/\/www.koupeltech.com\/wp-content\/uploads\/2026\/SK0024666-CZ20260425-092328-0-1777080210-1245995-1_114420.webp\",\"width\":800,\"height\":800},{\"@type\":\"BreadcrumbList\",\"@id\":\"https:\/\/www.koupeltech.com\/index.php\/produkt\/zlevneny-bosch-psm-160-a-multibruska-0603377000-29759\/#breadcrumb\",\"itemListElement\":[{\"@type\":\"ListItem\",\"position\":1,\"name\":\"Home\",\"item\":\"https:\/\/www.koupeltech.com\/\"},{\"@type\":\"ListItem\",\"position\":2,\"name\":\"Products\",\"item\":\"https:\/\/www.koupeltech.com\/index.php\/products\/\"},{\"@type\":\"ListItem\",\"position\":3,\"name\":\"Zlevn\u011bn\u00fd Bosch PSM 160 A Multibruska 0603377000\"}]},{\"@type\":\"WebSite\",\"@id\":\"https:\/\/www.koupeltech.com\/#website\",\"url\":\"https:\/\/www.koupeltech.com\/\",\"name\":\"\",\"description\":\"\",\"potentialAction\":[{\"@type\":\"SearchAction\",\"target\":{\"@type\":\"EntryPoint\",\"urlTemplate\":\"https:\/\/www.koupeltech.com\/?s={search_term_string}\"},\"query-input\":{\"@type\":\"PropertyValueSpecification\",\"valueRequired\":true,\"valueName\":\"search_term_string\"}}],\"inLanguage\":\"cs\"}]}<\/script>\n<!-- \/ Yoast SEO plugin. -->","yoast_head_json":{"title":"Zlevn\u011bn\u00fd Bosch PSM 160 A Multibruska 0603377000 -","robots":{"index":"index","follow":"follow","max-snippet":"max-snippet:-1","max-image-preview":"max-image-preview:large","max-video-preview":"max-video-preview:-1"},"canonical":"https:\/\/www.koupeltech.com\/index.php\/produkt\/zlevneny-bosch-psm-160-a-multibruska-0603377000-29759\/","og_locale":"cs_CZ","og_type":"article","og_title":"Zlevn\u011bn\u00fd Bosch PSM 160 A Multibruska 0603377000 -","og_description":"V\u0161estrann\u00e1 p\u0159esn\u00e1 bruska s odn\u00edmatelnou \u0161pic\u00ed na n\u00e1stavce\u25ba Sou\u010d\u00e1st\u00ed dod\u00e1vky je:3 brusn\u00e9 pap\u00edry (Red Wood) \u2713Kartonov\u00e1 krabice \u2713 Jmenovit\u00fd p\u0159\u00edkon 160 W Brusn\u00e1 plocha 104 cm\u00b2 Po\u010det kmit\u016f 24.000 kmit\u016f\/min Orbit\u00e1ln\u00ed pr\u016fm\u011br 1,6 mm Hmotnost 1,4 kg Rozm\u011bry balen\u00ed (\u0161\u00ed\u0159ka) 285 mm Rozm\u011bry balen\u00ed (d\u00e9lka) 180 mm Rozm\u011bry balen\u00ed (v\u00fd\u0161ka) 154 mm Rozm\u011bry balen\u00ed (\u0161\u00ed\u0159ka [&hellip;]","og_url":"https:\/\/www.koupeltech.com\/index.php\/produkt\/zlevneny-bosch-psm-160-a-multibruska-0603377000-29759\/","og_image":[{"width":800,"height":800,"url":"https:\/\/www.koupeltech.com\/wp-content\/uploads\/2026\/SK0024666-CZ20260425-092328-0-1777080210-1245995-1_114420.webp","type":"image\/webp"}],"twitter_card":"summary_large_image","twitter_misc":{"Odhadovan\u00e1 doba \u010dten\u00ed":"1 minuta"},"schema":{"@context":"https:\/\/schema.org","@graph":[{"@type":"WebPage","@id":"https:\/\/www.koupeltech.com\/index.php\/produkt\/zlevneny-bosch-psm-160-a-multibruska-0603377000-29759\/","url":"https:\/\/www.koupeltech.com\/index.php\/produkt\/zlevneny-bosch-psm-160-a-multibruska-0603377000-29759\/","name":"Zlevn\u011bn\u00fd Bosch PSM 160 A Multibruska 0603377000 -","isPartOf":{"@id":"https:\/\/www.koupeltech.com\/#website"},"primaryImageOfPage":{"@id":"https:\/\/www.koupeltech.com\/index.php\/produkt\/zlevneny-bosch-psm-160-a-multibruska-0603377000-29759\/#primaryimage"},"image":{"@id":"https:\/\/www.koupeltech.com\/index.php\/produkt\/zlevneny-bosch-psm-160-a-multibruska-0603377000-29759\/#primaryimage"},"thumbnailUrl":"https:\/\/www.koupeltech.com\/wp-content\/uploads\/2026\/SK0024666-CZ20260425-092328-0-1777080210-1245995-1_114420.webp","datePublished":"2026-04-27T14:00:21+00:00","breadcrumb":{"@id":"https:\/\/www.koupeltech.com\/index.php\/produkt\/zlevneny-bosch-psm-160-a-multibruska-0603377000-29759\/#breadcrumb"},"inLanguage":"cs","potentialAction":[{"@type":"ReadAction","target":["https:\/\/www.koupeltech.com\/index.php\/produkt\/zlevneny-bosch-psm-160-a-multibruska-0603377000-29759\/"]}]},{"@type":"ImageObject","inLanguage":"cs","@id":"https:\/\/www.koupeltech.com\/index.php\/produkt\/zlevneny-bosch-psm-160-a-multibruska-0603377000-29759\/#primaryimage","url":"https:\/\/www.koupeltech.com\/wp-content\/uploads\/2026\/SK0024666-CZ20260425-092328-0-1777080210-1245995-1_114420.webp","contentUrl":"https:\/\/www.koupeltech.com\/wp-content\/uploads\/2026\/SK0024666-CZ20260425-092328-0-1777080210-1245995-1_114420.webp","width":800,"height":800},{"@type":"BreadcrumbList","@id":"https:\/\/www.koupeltech.com\/index.php\/produkt\/zlevneny-bosch-psm-160-a-multibruska-0603377000-29759\/#breadcrumb","itemListElement":[{"@type":"ListItem","position":1,"name":"Home","item":"https:\/\/www.koupeltech.com\/"},{"@type":"ListItem","position":2,"name":"Products","item":"https:\/\/www.koupeltech.com\/index.php\/products\/"},{"@type":"ListItem","position":3,"name":"Zlevn\u011bn\u00fd Bosch PSM 160 A Multibruska 0603377000"}]},{"@type":"WebSite","@id":"https:\/\/www.koupeltech.com\/#website","url":"https:\/\/www.koupeltech.com\/","name":"","description":"","potentialAction":[{"@type":"SearchAction","target":{"@type":"EntryPoint","urlTemplate":"https:\/\/www.koupeltech.com\/?s={search_term_string}"},"query-input":{"@type":"PropertyValueSpecification","valueRequired":true,"valueName":"search_term_string"}}],"inLanguage":"cs"}]}},"_links":{"self":[{"href":"https:\/\/www.koupeltech.com\/index.php\/wp-json\/wp\/v2\/product\/29759","targetHints":{"allow":["GET"]}}],"collection":[{"href":"https:\/\/www.koupeltech.com\/index.php\/wp-json\/wp\/v2\/product"}],"about":[{"href":"https:\/\/www.koupeltech.com\/index.php\/wp-json\/wp\/v2\/types\/product"}],"replies":[{"embeddable":true,"href":"https:\/\/www.koupeltech.com\/index.php\/wp-json\/wp\/v2\/comments?post=29759"}],"wp:featuredmedia":[{"embeddable":true,"href":"https:\/\/www.koupeltech.com\/index.php\/wp-json\/wp\/v2\/media\/29859"}],"wp:attachment":[{"href":"https:\/\/www.koupeltech.com\/index.php\/wp-json\/wp\/v2\/media?parent=29759"}],"wp:term":[{"taxonomy":"product_brand","embeddable":true,"href":"https:\/\/www.koupeltech.com\/index.php\/wp-json\/wp\/v2\/product_brand?post=29759"},{"taxonomy":"product_cat","embeddable":true,"href":"https:\/\/www.koupeltech.com\/index.php\/wp-json\/wp\/v2\/product_cat?post=29759"},{"taxonomy":"product_tag","embeddable":true,"href":"https:\/\/www.koupeltech.com\/index.php\/wp-json\/wp\/v2\/product_tag?post=29759"}],"curies":[{"name":"wp","href":"https:\/\/api.w.org\/{rel}","templated":true}]}}