{"id":29762,"date":"2026-04-27T14:00:21","date_gmt":"2026-04-27T14:00:21","guid":{"rendered":""},"modified":"2026-04-27T14:00:21","modified_gmt":"2026-04-27T14:00:21","slug":"zlevneny-bosch-easysander-12-hole-naradi-aku-multibruska-060397690b-29762","status":"publish","type":"product","link":"https:\/\/www.koupeltech.com\/index.php\/produkt\/zlevneny-bosch-easysander-12-hole-naradi-aku-multibruska-060397690b-29762\/","title":{"rendered":"Zlevn\u011bn\u00fd Bosch EasySander 12 (hol\u00e9 n\u00e1\u0159ad\u00ed) Aku Multibruska 060397690B"},"content":{"rendered":"<table>\n<div class=\"tab-pane active product-description\" id=\"popis\" role=\"tabpanel\">\n<div class=\"short-description\" itemprop=\"description\"><\/div>\n<div class=\"description\"><span class='bullet-line'>Kompaktn\u00ed a akumul\u00e1torov\u00e1 pro b\u011b\u017en\u00e9 brou\u0161en\u00ed a opravy<\/span><br \/>\u25ba Sou\u010d\u00e1st\u00ed dod\u00e1vky je:<br \/>Rabatov\u00e1 skupina\tSG1<br \/>3 brusn\u00e9 pap\u00edry K 80, K 120, K 160\t\u2713<br \/>Adapt\u00e9r pro vysava\u010d\t\u2713<br \/>Rozm\u011bry balen\u00ed (\u0161\u00ed\u0159ka)\t288 mm<br \/>Rozm\u011bry balen\u00ed (d\u00e9lka)\t138 mm<br \/>Rozm\u011bry balen\u00ed (v\u00fd\u0161ka)\t131 mm<br \/>Rozm\u011bry balen\u00ed (\u0161\u00ed\u0159ka \u00d7 d\u00e9lka \u00d7 v\u00fd\u0161ka)\t288 x 138 x 131 mm<br \/>Hmotnost v\u010detn\u011b obalu\t0,87 kg<\/div>\n<div class=\"parameters\">\n<tr>\n<td>Nap\u011bt\u00ed akumul\u00e1toru<\/td>\n<td>12,0 V<\/td>\n<\/tr>\n<tr>\n<td>Kapacita akumul\u00e1toru<\/td>\n<td>2,5 Ah<\/td>\n<\/tr>\n<tr>\n<td>Po\u010det kmit\u016f<\/td>\n<td>22.000 kmit\u016f\/min<\/td>\n<\/tr>\n<tr>\n<td>Orbit\u00e1ln\u00ed pr\u016fm\u011br<\/td>\n<td>1,2 mm<\/td>\n<\/tr>\n<tr>\n<td>Brusn\u00e1 plocha<\/td>\n<td>104 cm\u00b2<\/td>\n<\/tr>\n<tr>\n<td>Upevn\u011bn\u00ed brusn\u00e9ho p\u0159\u00edpravku<\/td>\n<td>Mikro such\u00fd zip<\/td>\n<\/tr>\n<tr>\n<td>Hmotnost<\/td>\n<td>0,7 kg<\/td>\n<\/tr>\n<tr>\n<td>Zem\u011b p\u016fvodu (vyrobeno v)<\/td>\n<td>Hungary<\/td>\n<\/tr>\n<tr>\n<td>\u010c\u00edslo celn\u00edho tarifu<\/td>\n<td>84672920<\/td>\n<\/tr>\n<tr>\n<td>Rozm\u011bry balen\u00ed (\u0161\u00ed\u0159ka)<\/td>\n<td>288 mm<\/td>\n<\/tr>\n<tr>\n<td>Rozm\u011bry balen\u00ed (d\u00e9lka)<\/td>\n<td>138 mm<\/td>\n<\/tr>\n<tr>\n<td>Rozm\u011bry balen\u00ed (v\u00fd\u0161ka)<\/td>\n<td>131 mm<\/td>\n<\/tr>\n<tr>\n<td>Rozm\u011bry balen\u00ed (\u0161\u00ed\u0159ka \u00d7 d\u00e9lka \u00d7 v\u00fd\u0161ka)<\/td>\n<td>288 x 138 x 131 mm<\/td>\n<\/tr>\n<tr>\n<td>Hmotnost v\u010detn\u011b obalu<\/td>\n<td>0,87 kg<\/td>\n<\/tr>\n<tr>\n<td>Funkce<\/td>\n<td><\/td>\n<\/tr>\n<tr>\n<td>12 V<\/td>\n<td>\u2713<\/td>\n<\/tr>\n<tr>\n<td>Lithium-iontov\u00e1 technologie<\/td>\n<td>\u2713<\/td>\n<\/tr>\n<tr>\n<td>Mikro such\u00fd zip<\/td>\n<td>\u2713<\/td>\n<\/tr>\n<tr>\n<td>Elektronick\u00e1 ochrana \u010dl\u00e1nk\u016f Bosch (ECP)<\/td>\n<td>\u2713<\/td>\n<\/tr>\n<tr>\n<td>PowerAutomatic<\/td>\n<td>\u2713<\/td>\n<\/tr>\n<tr>\n<td>Informace o hluku a vibrac\u00edch<\/td>\n<td><\/td>\n<\/tr>\n<tr>\n<td>Hladina akustick\u00e9ho tlaku<\/td>\n<td>70 dB(A)<\/td>\n<\/tr>\n<tr>\n<td>Hladina akustick\u00e9ho v\u00fdkonu<\/td>\n<td>80 dB(A)<\/td>\n<\/tr>\n<tr>\n<td>Nep\u0159esnost K<\/td>\n<td>3 dB<\/td>\n<\/tr><\/div>\n<\/table>\n","protected":false},"excerpt":{"rendered":"<p>Kompaktn\u00ed a akumul\u00e1torov\u00e1 pro b\u011b\u017en\u00e9 brou\u0161en\u00ed a opravy\u25ba Sou\u010d\u00e1st\u00ed dod\u00e1vky je:Rabatov\u00e1 skupina SG13 brusn\u00e9 pap\u00edry K 80, K 120, K 160 \u2713Adapt\u00e9r pro vysava\u010d \u2713Rozm\u011bry balen\u00ed (\u0161\u00ed\u0159ka) 288 mmRozm\u011bry balen\u00ed (d\u00e9lka) 138 mmRozm\u011bry balen\u00ed (v\u00fd\u0161ka) 131 mmRozm\u011bry balen\u00ed (\u0161\u00ed\u0159ka \u00d7 d\u00e9lka \u00d7 v\u00fd\u0161ka) 288 x 138 x 131 mmHmotnost v\u010detn\u011b obalu 0,87 kg Nap\u011bt\u00ed akumul\u00e1toru [&hellip;]<\/p>\n","protected":false},"featured_media":29862,"comment_status":"open","ping_status":"open","template":"","meta":[],"product_brand":[],"product_cat":[43],"product_tag":[],"class_list":{"0":"post-29762","1":"product","2":"type-product","3":"status-publish","4":"has-post-thumbnail","6":"product_cat-naradi","8":"first","9":"instock","10":"sale","11":"shipping-taxable","12":"purchasable","13":"product-type-simple"},"yoast_head":"<!-- This site is optimized with the Yoast SEO plugin v26.8 - https:\/\/yoast.com\/product\/yoast-seo-wordpress\/ -->\n<title>Zlevn\u011bn\u00fd Bosch EasySander 12 (hol\u00e9 n\u00e1\u0159ad\u00ed) Aku Multibruska 060397690B -<\/title>\n<meta name=\"robots\" content=\"index, follow, max-snippet:-1, max-image-preview:large, max-video-preview:-1\" \/>\n<link rel=\"canonical\" href=\"https:\/\/www.koupeltech.com\/index.php\/produkt\/zlevneny-bosch-easysander-12-hole-naradi-aku-multibruska-060397690b-29762\/\" \/>\n<meta property=\"og:locale\" content=\"cs_CZ\" \/>\n<meta property=\"og:type\" content=\"article\" \/>\n<meta property=\"og:title\" content=\"Zlevn\u011bn\u00fd Bosch EasySander 12 (hol\u00e9 n\u00e1\u0159ad\u00ed) Aku Multibruska 060397690B -\" \/>\n<meta property=\"og:description\" content=\"Kompaktn\u00ed a akumul\u00e1torov\u00e1 pro b\u011b\u017en\u00e9 brou\u0161en\u00ed a opravy\u25ba Sou\u010d\u00e1st\u00ed dod\u00e1vky je:Rabatov\u00e1 skupina SG13 brusn\u00e9 pap\u00edry K 80, K 120, K 160 \u2713Adapt\u00e9r pro vysava\u010d \u2713Rozm\u011bry balen\u00ed (\u0161\u00ed\u0159ka) 288 mmRozm\u011bry balen\u00ed (d\u00e9lka) 138 mmRozm\u011bry balen\u00ed (v\u00fd\u0161ka) 131 mmRozm\u011bry balen\u00ed (\u0161\u00ed\u0159ka \u00d7 d\u00e9lka \u00d7 v\u00fd\u0161ka) 288 x 138 x 131 mmHmotnost v\u010detn\u011b obalu 0,87 kg Nap\u011bt\u00ed akumul\u00e1toru [&hellip;]\" \/>\n<meta property=\"og:url\" content=\"https:\/\/www.koupeltech.com\/index.php\/produkt\/zlevneny-bosch-easysander-12-hole-naradi-aku-multibruska-060397690b-29762\/\" \/>\n<meta property=\"og:image\" content=\"https:\/\/www.koupeltech.com\/wp-content\/uploads\/2026\/SK0024669-CZ20260425-092328-0-1777080210-1245998-1_114520.webp\" \/>\n\t<meta property=\"og:image:width\" content=\"800\" \/>\n\t<meta property=\"og:image:height\" content=\"800\" \/>\n\t<meta property=\"og:image:type\" content=\"image\/webp\" \/>\n<meta name=\"twitter:card\" content=\"summary_large_image\" \/>\n<meta name=\"twitter:label1\" content=\"Odhadovan\u00e1 doba \u010dten\u00ed\" \/>\n\t<meta name=\"twitter:data1\" content=\"1 minuta\" \/>\n<script type=\"application\/ld+json\" class=\"yoast-schema-graph\">{\"@context\":\"https:\/\/schema.org\",\"@graph\":[{\"@type\":\"WebPage\",\"@id\":\"https:\/\/www.koupeltech.com\/index.php\/produkt\/zlevneny-bosch-easysander-12-hole-naradi-aku-multibruska-060397690b-29762\/\",\"url\":\"https:\/\/www.koupeltech.com\/index.php\/produkt\/zlevneny-bosch-easysander-12-hole-naradi-aku-multibruska-060397690b-29762\/\",\"name\":\"Zlevn\u011bn\u00fd Bosch EasySander 12 (hol\u00e9 n\u00e1\u0159ad\u00ed) Aku Multibruska 060397690B -\",\"isPartOf\":{\"@id\":\"https:\/\/www.koupeltech.com\/#website\"},\"primaryImageOfPage\":{\"@id\":\"https:\/\/www.koupeltech.com\/index.php\/produkt\/zlevneny-bosch-easysander-12-hole-naradi-aku-multibruska-060397690b-29762\/#primaryimage\"},\"image\":{\"@id\":\"https:\/\/www.koupeltech.com\/index.php\/produkt\/zlevneny-bosch-easysander-12-hole-naradi-aku-multibruska-060397690b-29762\/#primaryimage\"},\"thumbnailUrl\":\"https:\/\/www.koupeltech.com\/wp-content\/uploads\/2026\/SK0024669-CZ20260425-092328-0-1777080210-1245998-1_114520.webp\",\"datePublished\":\"2026-04-27T14:00:21+00:00\",\"breadcrumb\":{\"@id\":\"https:\/\/www.koupeltech.com\/index.php\/produkt\/zlevneny-bosch-easysander-12-hole-naradi-aku-multibruska-060397690b-29762\/#breadcrumb\"},\"inLanguage\":\"cs\",\"potentialAction\":[{\"@type\":\"ReadAction\",\"target\":[\"https:\/\/www.koupeltech.com\/index.php\/produkt\/zlevneny-bosch-easysander-12-hole-naradi-aku-multibruska-060397690b-29762\/\"]}]},{\"@type\":\"ImageObject\",\"inLanguage\":\"cs\",\"@id\":\"https:\/\/www.koupeltech.com\/index.php\/produkt\/zlevneny-bosch-easysander-12-hole-naradi-aku-multibruska-060397690b-29762\/#primaryimage\",\"url\":\"https:\/\/www.koupeltech.com\/wp-content\/uploads\/2026\/SK0024669-CZ20260425-092328-0-1777080210-1245998-1_114520.webp\",\"contentUrl\":\"https:\/\/www.koupeltech.com\/wp-content\/uploads\/2026\/SK0024669-CZ20260425-092328-0-1777080210-1245998-1_114520.webp\",\"width\":800,\"height\":800},{\"@type\":\"BreadcrumbList\",\"@id\":\"https:\/\/www.koupeltech.com\/index.php\/produkt\/zlevneny-bosch-easysander-12-hole-naradi-aku-multibruska-060397690b-29762\/#breadcrumb\",\"itemListElement\":[{\"@type\":\"ListItem\",\"position\":1,\"name\":\"Home\",\"item\":\"https:\/\/www.koupeltech.com\/\"},{\"@type\":\"ListItem\",\"position\":2,\"name\":\"Products\",\"item\":\"https:\/\/www.koupeltech.com\/index.php\/products\/\"},{\"@type\":\"ListItem\",\"position\":3,\"name\":\"Zlevn\u011bn\u00fd Bosch EasySander 12 (hol\u00e9 n\u00e1\u0159ad\u00ed) Aku Multibruska 060397690B\"}]},{\"@type\":\"WebSite\",\"@id\":\"https:\/\/www.koupeltech.com\/#website\",\"url\":\"https:\/\/www.koupeltech.com\/\",\"name\":\"\",\"description\":\"\",\"potentialAction\":[{\"@type\":\"SearchAction\",\"target\":{\"@type\":\"EntryPoint\",\"urlTemplate\":\"https:\/\/www.koupeltech.com\/?s={search_term_string}\"},\"query-input\":{\"@type\":\"PropertyValueSpecification\",\"valueRequired\":true,\"valueName\":\"search_term_string\"}}],\"inLanguage\":\"cs\"}]}<\/script>\n<!-- \/ Yoast SEO plugin. -->","yoast_head_json":{"title":"Zlevn\u011bn\u00fd Bosch EasySander 12 (hol\u00e9 n\u00e1\u0159ad\u00ed) Aku Multibruska 060397690B -","robots":{"index":"index","follow":"follow","max-snippet":"max-snippet:-1","max-image-preview":"max-image-preview:large","max-video-preview":"max-video-preview:-1"},"canonical":"https:\/\/www.koupeltech.com\/index.php\/produkt\/zlevneny-bosch-easysander-12-hole-naradi-aku-multibruska-060397690b-29762\/","og_locale":"cs_CZ","og_type":"article","og_title":"Zlevn\u011bn\u00fd Bosch EasySander 12 (hol\u00e9 n\u00e1\u0159ad\u00ed) Aku Multibruska 060397690B -","og_description":"Kompaktn\u00ed a akumul\u00e1torov\u00e1 pro b\u011b\u017en\u00e9 brou\u0161en\u00ed a opravy\u25ba Sou\u010d\u00e1st\u00ed dod\u00e1vky je:Rabatov\u00e1 skupina SG13 brusn\u00e9 pap\u00edry K 80, K 120, K 160 \u2713Adapt\u00e9r pro vysava\u010d \u2713Rozm\u011bry balen\u00ed (\u0161\u00ed\u0159ka) 288 mmRozm\u011bry balen\u00ed (d\u00e9lka) 138 mmRozm\u011bry balen\u00ed (v\u00fd\u0161ka) 131 mmRozm\u011bry balen\u00ed (\u0161\u00ed\u0159ka \u00d7 d\u00e9lka \u00d7 v\u00fd\u0161ka) 288 x 138 x 131 mmHmotnost v\u010detn\u011b obalu 0,87 kg Nap\u011bt\u00ed akumul\u00e1toru [&hellip;]","og_url":"https:\/\/www.koupeltech.com\/index.php\/produkt\/zlevneny-bosch-easysander-12-hole-naradi-aku-multibruska-060397690b-29762\/","og_image":[{"width":800,"height":800,"url":"https:\/\/www.koupeltech.com\/wp-content\/uploads\/2026\/SK0024669-CZ20260425-092328-0-1777080210-1245998-1_114520.webp","type":"image\/webp"}],"twitter_card":"summary_large_image","twitter_misc":{"Odhadovan\u00e1 doba \u010dten\u00ed":"1 minuta"},"schema":{"@context":"https:\/\/schema.org","@graph":[{"@type":"WebPage","@id":"https:\/\/www.koupeltech.com\/index.php\/produkt\/zlevneny-bosch-easysander-12-hole-naradi-aku-multibruska-060397690b-29762\/","url":"https:\/\/www.koupeltech.com\/index.php\/produkt\/zlevneny-bosch-easysander-12-hole-naradi-aku-multibruska-060397690b-29762\/","name":"Zlevn\u011bn\u00fd Bosch EasySander 12 (hol\u00e9 n\u00e1\u0159ad\u00ed) Aku Multibruska 060397690B -","isPartOf":{"@id":"https:\/\/www.koupeltech.com\/#website"},"primaryImageOfPage":{"@id":"https:\/\/www.koupeltech.com\/index.php\/produkt\/zlevneny-bosch-easysander-12-hole-naradi-aku-multibruska-060397690b-29762\/#primaryimage"},"image":{"@id":"https:\/\/www.koupeltech.com\/index.php\/produkt\/zlevneny-bosch-easysander-12-hole-naradi-aku-multibruska-060397690b-29762\/#primaryimage"},"thumbnailUrl":"https:\/\/www.koupeltech.com\/wp-content\/uploads\/2026\/SK0024669-CZ20260425-092328-0-1777080210-1245998-1_114520.webp","datePublished":"2026-04-27T14:00:21+00:00","breadcrumb":{"@id":"https:\/\/www.koupeltech.com\/index.php\/produkt\/zlevneny-bosch-easysander-12-hole-naradi-aku-multibruska-060397690b-29762\/#breadcrumb"},"inLanguage":"cs","potentialAction":[{"@type":"ReadAction","target":["https:\/\/www.koupeltech.com\/index.php\/produkt\/zlevneny-bosch-easysander-12-hole-naradi-aku-multibruska-060397690b-29762\/"]}]},{"@type":"ImageObject","inLanguage":"cs","@id":"https:\/\/www.koupeltech.com\/index.php\/produkt\/zlevneny-bosch-easysander-12-hole-naradi-aku-multibruska-060397690b-29762\/#primaryimage","url":"https:\/\/www.koupeltech.com\/wp-content\/uploads\/2026\/SK0024669-CZ20260425-092328-0-1777080210-1245998-1_114520.webp","contentUrl":"https:\/\/www.koupeltech.com\/wp-content\/uploads\/2026\/SK0024669-CZ20260425-092328-0-1777080210-1245998-1_114520.webp","width":800,"height":800},{"@type":"BreadcrumbList","@id":"https:\/\/www.koupeltech.com\/index.php\/produkt\/zlevneny-bosch-easysander-12-hole-naradi-aku-multibruska-060397690b-29762\/#breadcrumb","itemListElement":[{"@type":"ListItem","position":1,"name":"Home","item":"https:\/\/www.koupeltech.com\/"},{"@type":"ListItem","position":2,"name":"Products","item":"https:\/\/www.koupeltech.com\/index.php\/products\/"},{"@type":"ListItem","position":3,"name":"Zlevn\u011bn\u00fd Bosch EasySander 12 (hol\u00e9 n\u00e1\u0159ad\u00ed) Aku Multibruska 060397690B"}]},{"@type":"WebSite","@id":"https:\/\/www.koupeltech.com\/#website","url":"https:\/\/www.koupeltech.com\/","name":"","description":"","potentialAction":[{"@type":"SearchAction","target":{"@type":"EntryPoint","urlTemplate":"https:\/\/www.koupeltech.com\/?s={search_term_string}"},"query-input":{"@type":"PropertyValueSpecification","valueRequired":true,"valueName":"search_term_string"}}],"inLanguage":"cs"}]}},"_links":{"self":[{"href":"https:\/\/www.koupeltech.com\/index.php\/wp-json\/wp\/v2\/product\/29762","targetHints":{"allow":["GET"]}}],"collection":[{"href":"https:\/\/www.koupeltech.com\/index.php\/wp-json\/wp\/v2\/product"}],"about":[{"href":"https:\/\/www.koupeltech.com\/index.php\/wp-json\/wp\/v2\/types\/product"}],"replies":[{"embeddable":true,"href":"https:\/\/www.koupeltech.com\/index.php\/wp-json\/wp\/v2\/comments?post=29762"}],"wp:featuredmedia":[{"embeddable":true,"href":"https:\/\/www.koupeltech.com\/index.php\/wp-json\/wp\/v2\/media\/29862"}],"wp:attachment":[{"href":"https:\/\/www.koupeltech.com\/index.php\/wp-json\/wp\/v2\/media?parent=29762"}],"wp:term":[{"taxonomy":"product_brand","embeddable":true,"href":"https:\/\/www.koupeltech.com\/index.php\/wp-json\/wp\/v2\/product_brand?post=29762"},{"taxonomy":"product_cat","embeddable":true,"href":"https:\/\/www.koupeltech.com\/index.php\/wp-json\/wp\/v2\/product_cat?post=29762"},{"taxonomy":"product_tag","embeddable":true,"href":"https:\/\/www.koupeltech.com\/index.php\/wp-json\/wp\/v2\/product_tag?post=29762"}],"curies":[{"name":"wp","href":"https:\/\/api.w.org\/{rel}","templated":true}]}}