{"id":29785,"date":"2026-04-27T14:00:21","date_gmt":"2026-04-27T14:00:21","guid":{"rendered":""},"modified":"2026-04-27T14:00:21","modified_gmt":"2026-04-27T14:00:21","slug":"akcni-cena-bosch-easyvac-12-1x2-5-ah-aku-vysavac-06033d0001-29785","status":"publish","type":"product","link":"https:\/\/www.koupeltech.com\/index.php\/produkt\/akcni-cena-bosch-easyvac-12-1x2-5-ah-aku-vysavac-06033d0001-29785\/","title":{"rendered":"Ak\u010dn\u00ed Cena Bosch EasyVac 12 (1&#215;2,5 Ah) Aku vysava\u010d 06033D0001"},"content":{"rendered":"<table>\n<div class=\"tab-pane active product-description\" id=\"popis\" role=\"tabpanel\">\n<div class=\"short-description\" itemprop=\"description\"><\/div>\n<div class=\"description\"><span class='bullet-line'>V\u00fdkonn\u00fd akumul\u00e1torov\u00fd ru\u010dn\u00ed vysava\u010d pro \u0161irokou \u0161k\u00e1lu pou\u017eit\u00ed<\/span><br \/>\u25ba Sou\u010d\u00e1st\u00ed dod\u00e1vky je:<br \/>Rabatov\u00e1 skupina\tSG1<br \/>1\u00d7 akumul\u00e1tor PBA 12V 2.5Ah O-B\t\u2713<br \/>2 prodlu\u017eovac\u00ed hubice\t\u2713<br \/>Dr\u017e\u00e1k p\u0159\u00edslu\u0161enstv\u00ed\t\u2713<br \/>Filtra\u010dn\u00ed jednotka\t\u2713<br \/>Kart\u00e1\u010dov\u00e1 tryska\t\u2713<br \/>Nab\u00edje\u010dka GAL 1210 CV\t\u2713<br \/>Podlahov\u00e1 hubice\t\u2713<br \/>\u0160t\u011brbinov\u00e1 tryska\t\u2713<br \/>Rozm\u011bry balen\u00ed (d\u00e9lka)\t417 mm<br \/>Rozm\u011bry balen\u00ed (v\u00fd\u0161ka)\t154 mm<br \/>Rozm\u011bry balen\u00ed (\u0161\u00ed\u0159ka \u00d7 d\u00e9lka \u00d7 v\u00fd\u0161ka)\t236 x 417 x 154 mm<br \/>Hmotnost v\u010detn\u011b obalu\t1,99 kg<\/div>\n<div class=\"parameters\">\n<tr>\n<td>Nap\u011bt\u00ed akumul\u00e1toru<\/td>\n<td>12,0 V<\/td>\n<\/tr>\n<tr>\n<td>Kapacita akumul\u00e1toru<\/td>\n<td>2,5 Ah<\/td>\n<\/tr>\n<tr>\n<td>Max. podtlak (turb\u00edna)<\/td>\n<td>5 kPa<\/td>\n<\/tr>\n<tr>\n<td>Max. pr\u016ftok (turb\u00edna)<\/td>\n<td>1 m\u00b3\/min<\/td>\n<\/tr>\n<tr>\n<td>Doba chodu<\/td>\n<td>2.5 Ah\/22 min<\/td>\n<\/tr>\n<tr>\n<td>Objem z\u00e1sobn\u00edku (brutto)<\/td>\n<td>0.38 L<\/td>\n<\/tr>\n<tr>\n<td>Hmotnost n\u00e1\u0159ad\u00ed s akumul\u00e1torem<\/td>\n<td>1 kg<\/td>\n<\/tr>\n<tr>\n<td>Zem\u011b p\u016fvodu (vyrobeno v)<\/td>\n<td>China<\/td>\n<\/tr>\n<tr>\n<td>\u010c\u00edslo celn\u00edho tarifu<\/td>\n<td>85081100<\/td>\n<\/tr>\n<tr>\n<td>Rozm\u011bry balen\u00ed (\u0161\u00ed\u0159ka)<\/td>\n<td>236 mm<\/td>\n<\/tr>\n<tr>\n<td>Rozm\u011bry balen\u00ed (d\u00e9lka)<\/td>\n<td>417 mm<\/td>\n<\/tr>\n<tr>\n<td>Rozm\u011bry balen\u00ed (v\u00fd\u0161ka)<\/td>\n<td>154 mm<\/td>\n<\/tr>\n<tr>\n<td>Rozm\u011bry balen\u00ed (\u0161\u00ed\u0159ka \u00d7 d\u00e9lka \u00d7 v\u00fd\u0161ka)<\/td>\n<td>236 x 417 x 154 mm<\/td>\n<\/tr>\n<tr>\n<td>Hmotnost v\u010detn\u011b obalu<\/td>\n<td>1,99 kg<\/td>\n<\/tr>\n<tr>\n<td>Funkce<\/td>\n<td><\/td>\n<\/tr>\n<tr>\n<td>12 V<\/td>\n<td>\u2713<\/td>\n<\/tr>\n<tr>\n<td>Lithium-iontov\u00e1 technologie<\/td>\n<td>\u2713<\/td>\n<\/tr>\n<tr>\n<td>Informace o hluku a vibrac\u00edch<\/td>\n<td><\/td>\n<\/tr>\n<tr>\n<td>Hladina akustick\u00e9ho tlaku<\/td>\n<td>67.5 dB(A)<\/td>\n<\/tr>\n<tr>\n<td>Hladina akustick\u00e9ho v\u00fdkonu<\/td>\n<td>79 dB(A)<\/td>\n<\/tr>\n<tr>\n<td>Nep\u0159esnost K<\/td>\n<td>3 dB<\/td>\n<\/tr><\/div>\n<\/table>\n","protected":false},"excerpt":{"rendered":"<p>V\u00fdkonn\u00fd akumul\u00e1torov\u00fd ru\u010dn\u00ed vysava\u010d pro \u0161irokou \u0161k\u00e1lu pou\u017eit\u00ed\u25ba Sou\u010d\u00e1st\u00ed dod\u00e1vky je:Rabatov\u00e1 skupina SG11\u00d7 akumul\u00e1tor PBA 12V 2.5Ah O-B \u27132 prodlu\u017eovac\u00ed hubice \u2713Dr\u017e\u00e1k p\u0159\u00edslu\u0161enstv\u00ed \u2713Filtra\u010dn\u00ed jednotka \u2713Kart\u00e1\u010dov\u00e1 tryska \u2713Nab\u00edje\u010dka GAL 1210 CV \u2713Podlahov\u00e1 hubice \u2713\u0160t\u011brbinov\u00e1 tryska \u2713Rozm\u011bry balen\u00ed (d\u00e9lka) 417 mmRozm\u011bry balen\u00ed (v\u00fd\u0161ka) 154 mmRozm\u011bry balen\u00ed (\u0161\u00ed\u0159ka \u00d7 d\u00e9lka \u00d7 v\u00fd\u0161ka) 236 x 417 x 154 [&hellip;]<\/p>\n","protected":false},"featured_media":29885,"comment_status":"open","ping_status":"open","template":"","meta":[],"product_brand":[],"product_cat":[43],"product_tag":[],"class_list":{"0":"post-29785","1":"product","2":"type-product","3":"status-publish","4":"has-post-thumbnail","6":"product_cat-naradi","8":"first","9":"instock","10":"sale","11":"shipping-taxable","12":"purchasable","13":"product-type-simple"},"yoast_head":"<!-- This site is optimized with the Yoast SEO plugin v26.8 - https:\/\/yoast.com\/product\/yoast-seo-wordpress\/ -->\n<title>Ak\u010dn\u00ed Cena Bosch EasyVac 12 (1x2,5 Ah) Aku vysava\u010d 06033D0001 -<\/title>\n<meta name=\"robots\" content=\"index, follow, max-snippet:-1, max-image-preview:large, max-video-preview:-1\" \/>\n<link rel=\"canonical\" href=\"https:\/\/www.koupeltech.com\/index.php\/produkt\/akcni-cena-bosch-easyvac-12-1x2-5-ah-aku-vysavac-06033d0001-29785\/\" \/>\n<meta property=\"og:locale\" content=\"cs_CZ\" \/>\n<meta property=\"og:type\" content=\"article\" \/>\n<meta property=\"og:title\" content=\"Ak\u010dn\u00ed Cena Bosch EasyVac 12 (1x2,5 Ah) Aku vysava\u010d 06033D0001 -\" \/>\n<meta property=\"og:description\" content=\"V\u00fdkonn\u00fd akumul\u00e1torov\u00fd ru\u010dn\u00ed vysava\u010d pro \u0161irokou \u0161k\u00e1lu pou\u017eit\u00ed\u25ba Sou\u010d\u00e1st\u00ed dod\u00e1vky je:Rabatov\u00e1 skupina SG11\u00d7 akumul\u00e1tor PBA 12V 2.5Ah O-B \u27132 prodlu\u017eovac\u00ed hubice \u2713Dr\u017e\u00e1k p\u0159\u00edslu\u0161enstv\u00ed \u2713Filtra\u010dn\u00ed jednotka \u2713Kart\u00e1\u010dov\u00e1 tryska \u2713Nab\u00edje\u010dka GAL 1210 CV \u2713Podlahov\u00e1 hubice \u2713\u0160t\u011brbinov\u00e1 tryska \u2713Rozm\u011bry balen\u00ed (d\u00e9lka) 417 mmRozm\u011bry balen\u00ed (v\u00fd\u0161ka) 154 mmRozm\u011bry balen\u00ed (\u0161\u00ed\u0159ka \u00d7 d\u00e9lka \u00d7 v\u00fd\u0161ka) 236 x 417 x 154 [&hellip;]\" \/>\n<meta property=\"og:url\" content=\"https:\/\/www.koupeltech.com\/index.php\/produkt\/akcni-cena-bosch-easyvac-12-1x2-5-ah-aku-vysavac-06033d0001-29785\/\" \/>\n<meta property=\"og:image\" content=\"https:\/\/www.koupeltech.com\/wp-content\/uploads\/2026\/SK0024692-CZ20260425-092328-0-1777080210-1246030-1_114920.webp\" \/>\n\t<meta property=\"og:image:width\" content=\"800\" \/>\n\t<meta property=\"og:image:height\" content=\"800\" \/>\n\t<meta property=\"og:image:type\" content=\"image\/webp\" \/>\n<meta name=\"twitter:card\" content=\"summary_large_image\" \/>\n<meta name=\"twitter:label1\" content=\"Odhadovan\u00e1 doba \u010dten\u00ed\" \/>\n\t<meta name=\"twitter:data1\" content=\"1 minuta\" \/>\n<script type=\"application\/ld+json\" class=\"yoast-schema-graph\">{\"@context\":\"https:\/\/schema.org\",\"@graph\":[{\"@type\":\"WebPage\",\"@id\":\"https:\/\/www.koupeltech.com\/index.php\/produkt\/akcni-cena-bosch-easyvac-12-1x2-5-ah-aku-vysavac-06033d0001-29785\/\",\"url\":\"https:\/\/www.koupeltech.com\/index.php\/produkt\/akcni-cena-bosch-easyvac-12-1x2-5-ah-aku-vysavac-06033d0001-29785\/\",\"name\":\"Ak\u010dn\u00ed Cena Bosch EasyVac 12 (1x2,5 Ah) Aku vysava\u010d 06033D0001 -\",\"isPartOf\":{\"@id\":\"https:\/\/www.koupeltech.com\/#website\"},\"primaryImageOfPage\":{\"@id\":\"https:\/\/www.koupeltech.com\/index.php\/produkt\/akcni-cena-bosch-easyvac-12-1x2-5-ah-aku-vysavac-06033d0001-29785\/#primaryimage\"},\"image\":{\"@id\":\"https:\/\/www.koupeltech.com\/index.php\/produkt\/akcni-cena-bosch-easyvac-12-1x2-5-ah-aku-vysavac-06033d0001-29785\/#primaryimage\"},\"thumbnailUrl\":\"https:\/\/www.koupeltech.com\/wp-content\/uploads\/2026\/SK0024692-CZ20260425-092328-0-1777080210-1246030-1_114920.webp\",\"datePublished\":\"2026-04-27T14:00:21+00:00\",\"breadcrumb\":{\"@id\":\"https:\/\/www.koupeltech.com\/index.php\/produkt\/akcni-cena-bosch-easyvac-12-1x2-5-ah-aku-vysavac-06033d0001-29785\/#breadcrumb\"},\"inLanguage\":\"cs\",\"potentialAction\":[{\"@type\":\"ReadAction\",\"target\":[\"https:\/\/www.koupeltech.com\/index.php\/produkt\/akcni-cena-bosch-easyvac-12-1x2-5-ah-aku-vysavac-06033d0001-29785\/\"]}]},{\"@type\":\"ImageObject\",\"inLanguage\":\"cs\",\"@id\":\"https:\/\/www.koupeltech.com\/index.php\/produkt\/akcni-cena-bosch-easyvac-12-1x2-5-ah-aku-vysavac-06033d0001-29785\/#primaryimage\",\"url\":\"https:\/\/www.koupeltech.com\/wp-content\/uploads\/2026\/SK0024692-CZ20260425-092328-0-1777080210-1246030-1_114920.webp\",\"contentUrl\":\"https:\/\/www.koupeltech.com\/wp-content\/uploads\/2026\/SK0024692-CZ20260425-092328-0-1777080210-1246030-1_114920.webp\",\"width\":800,\"height\":800},{\"@type\":\"BreadcrumbList\",\"@id\":\"https:\/\/www.koupeltech.com\/index.php\/produkt\/akcni-cena-bosch-easyvac-12-1x2-5-ah-aku-vysavac-06033d0001-29785\/#breadcrumb\",\"itemListElement\":[{\"@type\":\"ListItem\",\"position\":1,\"name\":\"Home\",\"item\":\"https:\/\/www.koupeltech.com\/\"},{\"@type\":\"ListItem\",\"position\":2,\"name\":\"Products\",\"item\":\"https:\/\/www.koupeltech.com\/index.php\/products\/\"},{\"@type\":\"ListItem\",\"position\":3,\"name\":\"Ak\u010dn\u00ed Cena Bosch EasyVac 12 (1&#215;2,5 Ah) Aku vysava\u010d 06033D0001\"}]},{\"@type\":\"WebSite\",\"@id\":\"https:\/\/www.koupeltech.com\/#website\",\"url\":\"https:\/\/www.koupeltech.com\/\",\"name\":\"\",\"description\":\"\",\"potentialAction\":[{\"@type\":\"SearchAction\",\"target\":{\"@type\":\"EntryPoint\",\"urlTemplate\":\"https:\/\/www.koupeltech.com\/?s={search_term_string}\"},\"query-input\":{\"@type\":\"PropertyValueSpecification\",\"valueRequired\":true,\"valueName\":\"search_term_string\"}}],\"inLanguage\":\"cs\"}]}<\/script>\n<!-- \/ Yoast SEO plugin. -->","yoast_head_json":{"title":"Ak\u010dn\u00ed Cena Bosch EasyVac 12 (1x2,5 Ah) Aku vysava\u010d 06033D0001 -","robots":{"index":"index","follow":"follow","max-snippet":"max-snippet:-1","max-image-preview":"max-image-preview:large","max-video-preview":"max-video-preview:-1"},"canonical":"https:\/\/www.koupeltech.com\/index.php\/produkt\/akcni-cena-bosch-easyvac-12-1x2-5-ah-aku-vysavac-06033d0001-29785\/","og_locale":"cs_CZ","og_type":"article","og_title":"Ak\u010dn\u00ed Cena Bosch EasyVac 12 (1x2,5 Ah) Aku vysava\u010d 06033D0001 -","og_description":"V\u00fdkonn\u00fd akumul\u00e1torov\u00fd ru\u010dn\u00ed vysava\u010d pro \u0161irokou \u0161k\u00e1lu pou\u017eit\u00ed\u25ba Sou\u010d\u00e1st\u00ed dod\u00e1vky je:Rabatov\u00e1 skupina SG11\u00d7 akumul\u00e1tor PBA 12V 2.5Ah O-B \u27132 prodlu\u017eovac\u00ed hubice \u2713Dr\u017e\u00e1k p\u0159\u00edslu\u0161enstv\u00ed \u2713Filtra\u010dn\u00ed jednotka \u2713Kart\u00e1\u010dov\u00e1 tryska \u2713Nab\u00edje\u010dka GAL 1210 CV \u2713Podlahov\u00e1 hubice \u2713\u0160t\u011brbinov\u00e1 tryska \u2713Rozm\u011bry balen\u00ed (d\u00e9lka) 417 mmRozm\u011bry balen\u00ed (v\u00fd\u0161ka) 154 mmRozm\u011bry balen\u00ed (\u0161\u00ed\u0159ka \u00d7 d\u00e9lka \u00d7 v\u00fd\u0161ka) 236 x 417 x 154 [&hellip;]","og_url":"https:\/\/www.koupeltech.com\/index.php\/produkt\/akcni-cena-bosch-easyvac-12-1x2-5-ah-aku-vysavac-06033d0001-29785\/","og_image":[{"width":800,"height":800,"url":"https:\/\/www.koupeltech.com\/wp-content\/uploads\/2026\/SK0024692-CZ20260425-092328-0-1777080210-1246030-1_114920.webp","type":"image\/webp"}],"twitter_card":"summary_large_image","twitter_misc":{"Odhadovan\u00e1 doba \u010dten\u00ed":"1 minuta"},"schema":{"@context":"https:\/\/schema.org","@graph":[{"@type":"WebPage","@id":"https:\/\/www.koupeltech.com\/index.php\/produkt\/akcni-cena-bosch-easyvac-12-1x2-5-ah-aku-vysavac-06033d0001-29785\/","url":"https:\/\/www.koupeltech.com\/index.php\/produkt\/akcni-cena-bosch-easyvac-12-1x2-5-ah-aku-vysavac-06033d0001-29785\/","name":"Ak\u010dn\u00ed Cena Bosch EasyVac 12 (1x2,5 Ah) Aku vysava\u010d 06033D0001 -","isPartOf":{"@id":"https:\/\/www.koupeltech.com\/#website"},"primaryImageOfPage":{"@id":"https:\/\/www.koupeltech.com\/index.php\/produkt\/akcni-cena-bosch-easyvac-12-1x2-5-ah-aku-vysavac-06033d0001-29785\/#primaryimage"},"image":{"@id":"https:\/\/www.koupeltech.com\/index.php\/produkt\/akcni-cena-bosch-easyvac-12-1x2-5-ah-aku-vysavac-06033d0001-29785\/#primaryimage"},"thumbnailUrl":"https:\/\/www.koupeltech.com\/wp-content\/uploads\/2026\/SK0024692-CZ20260425-092328-0-1777080210-1246030-1_114920.webp","datePublished":"2026-04-27T14:00:21+00:00","breadcrumb":{"@id":"https:\/\/www.koupeltech.com\/index.php\/produkt\/akcni-cena-bosch-easyvac-12-1x2-5-ah-aku-vysavac-06033d0001-29785\/#breadcrumb"},"inLanguage":"cs","potentialAction":[{"@type":"ReadAction","target":["https:\/\/www.koupeltech.com\/index.php\/produkt\/akcni-cena-bosch-easyvac-12-1x2-5-ah-aku-vysavac-06033d0001-29785\/"]}]},{"@type":"ImageObject","inLanguage":"cs","@id":"https:\/\/www.koupeltech.com\/index.php\/produkt\/akcni-cena-bosch-easyvac-12-1x2-5-ah-aku-vysavac-06033d0001-29785\/#primaryimage","url":"https:\/\/www.koupeltech.com\/wp-content\/uploads\/2026\/SK0024692-CZ20260425-092328-0-1777080210-1246030-1_114920.webp","contentUrl":"https:\/\/www.koupeltech.com\/wp-content\/uploads\/2026\/SK0024692-CZ20260425-092328-0-1777080210-1246030-1_114920.webp","width":800,"height":800},{"@type":"BreadcrumbList","@id":"https:\/\/www.koupeltech.com\/index.php\/produkt\/akcni-cena-bosch-easyvac-12-1x2-5-ah-aku-vysavac-06033d0001-29785\/#breadcrumb","itemListElement":[{"@type":"ListItem","position":1,"name":"Home","item":"https:\/\/www.koupeltech.com\/"},{"@type":"ListItem","position":2,"name":"Products","item":"https:\/\/www.koupeltech.com\/index.php\/products\/"},{"@type":"ListItem","position":3,"name":"Ak\u010dn\u00ed Cena Bosch EasyVac 12 (1&#215;2,5 Ah) Aku vysava\u010d 06033D0001"}]},{"@type":"WebSite","@id":"https:\/\/www.koupeltech.com\/#website","url":"https:\/\/www.koupeltech.com\/","name":"","description":"","potentialAction":[{"@type":"SearchAction","target":{"@type":"EntryPoint","urlTemplate":"https:\/\/www.koupeltech.com\/?s={search_term_string}"},"query-input":{"@type":"PropertyValueSpecification","valueRequired":true,"valueName":"search_term_string"}}],"inLanguage":"cs"}]}},"_links":{"self":[{"href":"https:\/\/www.koupeltech.com\/index.php\/wp-json\/wp\/v2\/product\/29785","targetHints":{"allow":["GET"]}}],"collection":[{"href":"https:\/\/www.koupeltech.com\/index.php\/wp-json\/wp\/v2\/product"}],"about":[{"href":"https:\/\/www.koupeltech.com\/index.php\/wp-json\/wp\/v2\/types\/product"}],"replies":[{"embeddable":true,"href":"https:\/\/www.koupeltech.com\/index.php\/wp-json\/wp\/v2\/comments?post=29785"}],"wp:featuredmedia":[{"embeddable":true,"href":"https:\/\/www.koupeltech.com\/index.php\/wp-json\/wp\/v2\/media\/29885"}],"wp:attachment":[{"href":"https:\/\/www.koupeltech.com\/index.php\/wp-json\/wp\/v2\/media?parent=29785"}],"wp:term":[{"taxonomy":"product_brand","embeddable":true,"href":"https:\/\/www.koupeltech.com\/index.php\/wp-json\/wp\/v2\/product_brand?post=29785"},{"taxonomy":"product_cat","embeddable":true,"href":"https:\/\/www.koupeltech.com\/index.php\/wp-json\/wp\/v2\/product_cat?post=29785"},{"taxonomy":"product_tag","embeddable":true,"href":"https:\/\/www.koupeltech.com\/index.php\/wp-json\/wp\/v2\/product_tag?post=29785"}],"curies":[{"name":"wp","href":"https:\/\/api.w.org\/{rel}","templated":true}]}}