{"id":29938,"date":"2026-04-27T14:00:23","date_gmt":"2026-04-27T14:00:23","guid":{"rendered":""},"modified":"2026-04-27T14:00:23","modified_gmt":"2026-04-27T14:00:23","slug":"gude-soustruh-na-drevo-typ-1000-objednat-nyni-29938","status":"publish","type":"product","link":"https:\/\/www.koupeltech.com\/index.php\/produkt\/gude-soustruh-na-drevo-typ-1000-objednat-nyni-29938\/","title":{"rendered":"G\u00dcDE Soustruh na d\u0159evo Typ 1000 Objednat Nyn\u00ed"},"content":{"rendered":"<table>\n<div class=\"tab-pane active product-description\" id=\"popis\" role=\"tabpanel\">\n<div class=\"short-description\" itemprop=\"description\"><\/div>\n<div class=\"description\"><span class='bullet-line'>Stoln\u00ed soustruh, ur\u010den\u00fd k b\u011b\u017en\u00e9mu soustru\u017een\u00ed rota\u010dn\u00edch, v\u00e1lcov\u00fdch, ku\u017eelov\u00fdch, tvarov\u00fdch ploch apod. z m\u011bkk\u00e9ho\/tvrd\u00e9ho d\u0159eva v podm\u00ednk\u00e1ch dom\u00e1c\u00edch d\u00edlen.<br \/><\/span><span class='bullet-line'>4 rychlostn\u00ed stupn\u011b ot\u00e1\u010den\u00ed v\u0159etena (\u2192 850\/1.250\/1.750\/2.510 ot.\/min., manu\u00e1ln\u00ed nastaven\u00ed pomoc\u00ed \u0159emenic).<br \/><\/span><span class='bullet-line'>Motor 370 W\/P1, vyp\u00edna\u010d v ochrann\u00e9m pouzdru.<br \/><\/span><span class='bullet-line'>Konstrukce: \u010deln\u00ed un\u00e1\u0161e\u010d s odn\u00edmateln\u00fdm krytem, l\u00edcn\u00ed deska (\u2192 pr\u016fm\u011br: 144 mm), posuvn\u00fd litinov\u00fd kon\u00edk s v\u00fdm\u011bnn\u00fdm hrotem, v\u00fd\u0161kov\u011b\/stranov\u011b nastaviteln\u00e1 op\u011brka n\u00e1stroj\u016f, ocelov\u00fd vodic\u00ed r\u00e1m s otvory pro mont\u00e1\u017e napevno.<br \/><\/span><span class='bullet-line'>P\u0159\u00edslu\u0161enstv\u00ed: soustru\u017enick\u00e1 dl\u00e1ta (3).<\/span><\/div>\n<div class=\"parameters\">\n<tr>\n<td>P\u0159\u00edpojka<\/td>\n<td>230 V~50 Hz<\/td>\n<\/tr>\n<tr>\n<td>Volnob\u011b\u017en\u00e9 ot\u00e1\u010dky<\/td>\n<td>2.500 ot.\/min.<\/td>\n<\/tr>\n<tr>\n<td>To\u010dn\u00e1 d\u00e9lka<\/td>\n<td>1.000 mm<\/td>\n<\/tr>\n<tr>\n<td>Hmotnost (brutto)<\/td>\n<td>24,47 kg<\/td>\n<\/tr>\n<tr>\n<td>V\u00fdkon motoru<\/td>\n<td>370 W\/P1<\/td>\n<\/tr>\n<tr>\n<td>Ot\u00e1\u010dky v\u0159etena<\/td>\n<td>850 &#8211; 2.510 ot.\/min.<\/td>\n<\/tr>\n<tr>\n<td>To\u010dn\u00fd pr\u016fm\u011br<\/td>\n<td>320 mm<\/td>\n<\/tr><\/div>\n<\/table>\n","protected":false},"excerpt":{"rendered":"<p>Stoln\u00ed soustruh, ur\u010den\u00fd k b\u011b\u017en\u00e9mu soustru\u017een\u00ed rota\u010dn\u00edch, v\u00e1lcov\u00fdch, ku\u017eelov\u00fdch, tvarov\u00fdch ploch apod. z m\u011bkk\u00e9ho\/tvrd\u00e9ho d\u0159eva v podm\u00ednk\u00e1ch dom\u00e1c\u00edch d\u00edlen.4 rychlostn\u00ed stupn\u011b ot\u00e1\u010den\u00ed v\u0159etena (\u2192 850\/1.250\/1.750\/2.510 ot.\/min., manu\u00e1ln\u00ed nastaven\u00ed pomoc\u00ed \u0159emenic).Motor 370 W\/P1, vyp\u00edna\u010d v ochrann\u00e9m pouzdru.Konstrukce: \u010deln\u00ed un\u00e1\u0161e\u010d s odn\u00edmateln\u00fdm krytem, l\u00edcn\u00ed deska (\u2192 pr\u016fm\u011br: 144 mm), posuvn\u00fd litinov\u00fd kon\u00edk s v\u00fdm\u011bnn\u00fdm hrotem, v\u00fd\u0161kov\u011b\/stranov\u011b nastaviteln\u00e1 [&hellip;]<\/p>\n","protected":false},"featured_media":30038,"comment_status":"open","ping_status":"open","template":"","meta":[],"product_brand":[],"product_cat":[47],"product_tag":[],"class_list":{"0":"post-29938","1":"product","2":"type-product","3":"status-publish","4":"has-post-thumbnail","6":"product_cat-stroje","8":"first","9":"instock","10":"sale","11":"shipping-taxable","12":"purchasable","13":"product-type-simple"},"yoast_head":"<!-- This site is optimized with the Yoast SEO plugin v26.8 - https:\/\/yoast.com\/product\/yoast-seo-wordpress\/ -->\n<title>G\u00dcDE Soustruh na d\u0159evo Typ 1000 Objednat Nyn\u00ed -<\/title>\n<meta name=\"robots\" content=\"index, follow, max-snippet:-1, max-image-preview:large, max-video-preview:-1\" \/>\n<link rel=\"canonical\" href=\"https:\/\/www.koupeltech.com\/index.php\/produkt\/gude-soustruh-na-drevo-typ-1000-objednat-nyni-29938\/\" \/>\n<meta property=\"og:locale\" content=\"cs_CZ\" \/>\n<meta property=\"og:type\" content=\"article\" \/>\n<meta property=\"og:title\" content=\"G\u00dcDE Soustruh na d\u0159evo Typ 1000 Objednat Nyn\u00ed -\" \/>\n<meta property=\"og:description\" content=\"Stoln\u00ed soustruh, ur\u010den\u00fd k b\u011b\u017en\u00e9mu soustru\u017een\u00ed rota\u010dn\u00edch, v\u00e1lcov\u00fdch, ku\u017eelov\u00fdch, tvarov\u00fdch ploch apod. z m\u011bkk\u00e9ho\/tvrd\u00e9ho d\u0159eva v podm\u00ednk\u00e1ch dom\u00e1c\u00edch d\u00edlen.4 rychlostn\u00ed stupn\u011b ot\u00e1\u010den\u00ed v\u0159etena (\u2192 850\/1.250\/1.750\/2.510 ot.\/min., manu\u00e1ln\u00ed nastaven\u00ed pomoc\u00ed \u0159emenic).Motor 370 W\/P1, vyp\u00edna\u010d v ochrann\u00e9m pouzdru.Konstrukce: \u010deln\u00ed un\u00e1\u0161e\u010d s odn\u00edmateln\u00fdm krytem, l\u00edcn\u00ed deska (\u2192 pr\u016fm\u011br: 144 mm), posuvn\u00fd litinov\u00fd kon\u00edk s v\u00fdm\u011bnn\u00fdm hrotem, v\u00fd\u0161kov\u011b\/stranov\u011b nastaviteln\u00e1 [&hellip;]\" \/>\n<meta property=\"og:url\" content=\"https:\/\/www.koupeltech.com\/index.php\/produkt\/gude-soustruh-na-drevo-typ-1000-objednat-nyni-29938\/\" \/>\n<meta property=\"og:image\" content=\"https:\/\/www.koupeltech.com\/wp-content\/uploads\/2026\/SK0024745-CZ20260425-092328-0-1777080210-1246095-1_115943.webp\" \/>\n\t<meta property=\"og:image:width\" content=\"1000\" \/>\n\t<meta property=\"og:image:height\" content=\"255\" \/>\n\t<meta property=\"og:image:type\" content=\"image\/webp\" \/>\n<meta name=\"twitter:card\" content=\"summary_large_image\" \/>\n<meta name=\"twitter:label1\" content=\"Odhadovan\u00e1 doba \u010dten\u00ed\" \/>\n\t<meta name=\"twitter:data1\" content=\"1 minuta\" \/>\n<script type=\"application\/ld+json\" class=\"yoast-schema-graph\">{\"@context\":\"https:\/\/schema.org\",\"@graph\":[{\"@type\":\"WebPage\",\"@id\":\"https:\/\/www.koupeltech.com\/index.php\/produkt\/gude-soustruh-na-drevo-typ-1000-objednat-nyni-29938\/\",\"url\":\"https:\/\/www.koupeltech.com\/index.php\/produkt\/gude-soustruh-na-drevo-typ-1000-objednat-nyni-29938\/\",\"name\":\"G\u00dcDE Soustruh na d\u0159evo Typ 1000 Objednat Nyn\u00ed -\",\"isPartOf\":{\"@id\":\"https:\/\/www.koupeltech.com\/#website\"},\"primaryImageOfPage\":{\"@id\":\"https:\/\/www.koupeltech.com\/index.php\/produkt\/gude-soustruh-na-drevo-typ-1000-objednat-nyni-29938\/#primaryimage\"},\"image\":{\"@id\":\"https:\/\/www.koupeltech.com\/index.php\/produkt\/gude-soustruh-na-drevo-typ-1000-objednat-nyni-29938\/#primaryimage\"},\"thumbnailUrl\":\"https:\/\/www.koupeltech.com\/wp-content\/uploads\/2026\/SK0024745-CZ20260425-092328-0-1777080210-1246095-1_115943.webp\",\"datePublished\":\"2026-04-27T14:00:23+00:00\",\"breadcrumb\":{\"@id\":\"https:\/\/www.koupeltech.com\/index.php\/produkt\/gude-soustruh-na-drevo-typ-1000-objednat-nyni-29938\/#breadcrumb\"},\"inLanguage\":\"cs\",\"potentialAction\":[{\"@type\":\"ReadAction\",\"target\":[\"https:\/\/www.koupeltech.com\/index.php\/produkt\/gude-soustruh-na-drevo-typ-1000-objednat-nyni-29938\/\"]}]},{\"@type\":\"ImageObject\",\"inLanguage\":\"cs\",\"@id\":\"https:\/\/www.koupeltech.com\/index.php\/produkt\/gude-soustruh-na-drevo-typ-1000-objednat-nyni-29938\/#primaryimage\",\"url\":\"https:\/\/www.koupeltech.com\/wp-content\/uploads\/2026\/SK0024745-CZ20260425-092328-0-1777080210-1246095-1_115943.webp\",\"contentUrl\":\"https:\/\/www.koupeltech.com\/wp-content\/uploads\/2026\/SK0024745-CZ20260425-092328-0-1777080210-1246095-1_115943.webp\",\"width\":1000,\"height\":255},{\"@type\":\"BreadcrumbList\",\"@id\":\"https:\/\/www.koupeltech.com\/index.php\/produkt\/gude-soustruh-na-drevo-typ-1000-objednat-nyni-29938\/#breadcrumb\",\"itemListElement\":[{\"@type\":\"ListItem\",\"position\":1,\"name\":\"Home\",\"item\":\"https:\/\/www.koupeltech.com\/\"},{\"@type\":\"ListItem\",\"position\":2,\"name\":\"Products\",\"item\":\"https:\/\/www.koupeltech.com\/index.php\/products\/\"},{\"@type\":\"ListItem\",\"position\":3,\"name\":\"G\u00dcDE Soustruh na d\u0159evo Typ 1000 Objednat Nyn\u00ed\"}]},{\"@type\":\"WebSite\",\"@id\":\"https:\/\/www.koupeltech.com\/#website\",\"url\":\"https:\/\/www.koupeltech.com\/\",\"name\":\"\",\"description\":\"\",\"potentialAction\":[{\"@type\":\"SearchAction\",\"target\":{\"@type\":\"EntryPoint\",\"urlTemplate\":\"https:\/\/www.koupeltech.com\/?s={search_term_string}\"},\"query-input\":{\"@type\":\"PropertyValueSpecification\",\"valueRequired\":true,\"valueName\":\"search_term_string\"}}],\"inLanguage\":\"cs\"}]}<\/script>\n<!-- \/ Yoast SEO plugin. -->","yoast_head_json":{"title":"G\u00dcDE Soustruh na d\u0159evo Typ 1000 Objednat Nyn\u00ed -","robots":{"index":"index","follow":"follow","max-snippet":"max-snippet:-1","max-image-preview":"max-image-preview:large","max-video-preview":"max-video-preview:-1"},"canonical":"https:\/\/www.koupeltech.com\/index.php\/produkt\/gude-soustruh-na-drevo-typ-1000-objednat-nyni-29938\/","og_locale":"cs_CZ","og_type":"article","og_title":"G\u00dcDE Soustruh na d\u0159evo Typ 1000 Objednat Nyn\u00ed -","og_description":"Stoln\u00ed soustruh, ur\u010den\u00fd k b\u011b\u017en\u00e9mu soustru\u017een\u00ed rota\u010dn\u00edch, v\u00e1lcov\u00fdch, ku\u017eelov\u00fdch, tvarov\u00fdch ploch apod. z m\u011bkk\u00e9ho\/tvrd\u00e9ho d\u0159eva v podm\u00ednk\u00e1ch dom\u00e1c\u00edch d\u00edlen.4 rychlostn\u00ed stupn\u011b ot\u00e1\u010den\u00ed v\u0159etena (\u2192 850\/1.250\/1.750\/2.510 ot.\/min., manu\u00e1ln\u00ed nastaven\u00ed pomoc\u00ed \u0159emenic).Motor 370 W\/P1, vyp\u00edna\u010d v ochrann\u00e9m pouzdru.Konstrukce: \u010deln\u00ed un\u00e1\u0161e\u010d s odn\u00edmateln\u00fdm krytem, l\u00edcn\u00ed deska (\u2192 pr\u016fm\u011br: 144 mm), posuvn\u00fd litinov\u00fd kon\u00edk s v\u00fdm\u011bnn\u00fdm hrotem, v\u00fd\u0161kov\u011b\/stranov\u011b nastaviteln\u00e1 [&hellip;]","og_url":"https:\/\/www.koupeltech.com\/index.php\/produkt\/gude-soustruh-na-drevo-typ-1000-objednat-nyni-29938\/","og_image":[{"width":1000,"height":255,"url":"https:\/\/www.koupeltech.com\/wp-content\/uploads\/2026\/SK0024745-CZ20260425-092328-0-1777080210-1246095-1_115943.webp","type":"image\/webp"}],"twitter_card":"summary_large_image","twitter_misc":{"Odhadovan\u00e1 doba \u010dten\u00ed":"1 minuta"},"schema":{"@context":"https:\/\/schema.org","@graph":[{"@type":"WebPage","@id":"https:\/\/www.koupeltech.com\/index.php\/produkt\/gude-soustruh-na-drevo-typ-1000-objednat-nyni-29938\/","url":"https:\/\/www.koupeltech.com\/index.php\/produkt\/gude-soustruh-na-drevo-typ-1000-objednat-nyni-29938\/","name":"G\u00dcDE Soustruh na d\u0159evo Typ 1000 Objednat Nyn\u00ed -","isPartOf":{"@id":"https:\/\/www.koupeltech.com\/#website"},"primaryImageOfPage":{"@id":"https:\/\/www.koupeltech.com\/index.php\/produkt\/gude-soustruh-na-drevo-typ-1000-objednat-nyni-29938\/#primaryimage"},"image":{"@id":"https:\/\/www.koupeltech.com\/index.php\/produkt\/gude-soustruh-na-drevo-typ-1000-objednat-nyni-29938\/#primaryimage"},"thumbnailUrl":"https:\/\/www.koupeltech.com\/wp-content\/uploads\/2026\/SK0024745-CZ20260425-092328-0-1777080210-1246095-1_115943.webp","datePublished":"2026-04-27T14:00:23+00:00","breadcrumb":{"@id":"https:\/\/www.koupeltech.com\/index.php\/produkt\/gude-soustruh-na-drevo-typ-1000-objednat-nyni-29938\/#breadcrumb"},"inLanguage":"cs","potentialAction":[{"@type":"ReadAction","target":["https:\/\/www.koupeltech.com\/index.php\/produkt\/gude-soustruh-na-drevo-typ-1000-objednat-nyni-29938\/"]}]},{"@type":"ImageObject","inLanguage":"cs","@id":"https:\/\/www.koupeltech.com\/index.php\/produkt\/gude-soustruh-na-drevo-typ-1000-objednat-nyni-29938\/#primaryimage","url":"https:\/\/www.koupeltech.com\/wp-content\/uploads\/2026\/SK0024745-CZ20260425-092328-0-1777080210-1246095-1_115943.webp","contentUrl":"https:\/\/www.koupeltech.com\/wp-content\/uploads\/2026\/SK0024745-CZ20260425-092328-0-1777080210-1246095-1_115943.webp","width":1000,"height":255},{"@type":"BreadcrumbList","@id":"https:\/\/www.koupeltech.com\/index.php\/produkt\/gude-soustruh-na-drevo-typ-1000-objednat-nyni-29938\/#breadcrumb","itemListElement":[{"@type":"ListItem","position":1,"name":"Home","item":"https:\/\/www.koupeltech.com\/"},{"@type":"ListItem","position":2,"name":"Products","item":"https:\/\/www.koupeltech.com\/index.php\/products\/"},{"@type":"ListItem","position":3,"name":"G\u00dcDE Soustruh na d\u0159evo Typ 1000 Objednat Nyn\u00ed"}]},{"@type":"WebSite","@id":"https:\/\/www.koupeltech.com\/#website","url":"https:\/\/www.koupeltech.com\/","name":"","description":"","potentialAction":[{"@type":"SearchAction","target":{"@type":"EntryPoint","urlTemplate":"https:\/\/www.koupeltech.com\/?s={search_term_string}"},"query-input":{"@type":"PropertyValueSpecification","valueRequired":true,"valueName":"search_term_string"}}],"inLanguage":"cs"}]}},"_links":{"self":[{"href":"https:\/\/www.koupeltech.com\/index.php\/wp-json\/wp\/v2\/product\/29938","targetHints":{"allow":["GET"]}}],"collection":[{"href":"https:\/\/www.koupeltech.com\/index.php\/wp-json\/wp\/v2\/product"}],"about":[{"href":"https:\/\/www.koupeltech.com\/index.php\/wp-json\/wp\/v2\/types\/product"}],"replies":[{"embeddable":true,"href":"https:\/\/www.koupeltech.com\/index.php\/wp-json\/wp\/v2\/comments?post=29938"}],"wp:featuredmedia":[{"embeddable":true,"href":"https:\/\/www.koupeltech.com\/index.php\/wp-json\/wp\/v2\/media\/30038"}],"wp:attachment":[{"href":"https:\/\/www.koupeltech.com\/index.php\/wp-json\/wp\/v2\/media?parent=29938"}],"wp:term":[{"taxonomy":"product_brand","embeddable":true,"href":"https:\/\/www.koupeltech.com\/index.php\/wp-json\/wp\/v2\/product_brand?post=29938"},{"taxonomy":"product_cat","embeddable":true,"href":"https:\/\/www.koupeltech.com\/index.php\/wp-json\/wp\/v2\/product_cat?post=29938"},{"taxonomy":"product_tag","embeddable":true,"href":"https:\/\/www.koupeltech.com\/index.php\/wp-json\/wp\/v2\/product_tag?post=29938"}],"curies":[{"name":"wp","href":"https:\/\/api.w.org\/{rel}","templated":true}]}}