{"id":30103,"date":"2026-04-27T14:00:26","date_gmt":"2026-04-27T14:00:26","guid":{"rendered":""},"modified":"2026-04-27T14:00:26","modified_gmt":"2026-04-27T14:00:26","slug":"akcni-nabidka-gude-soustruznicke-noze-11-dilna-sada-30103","status":"publish","type":"product","link":"https:\/\/www.koupeltech.com\/index.php\/produkt\/akcni-nabidka-gude-soustruznicke-noze-11-dilna-sada-30103\/","title":{"rendered":"Ak\u010dn\u00ed Nab\u00eddka G\u00dcDE Soustru\u017enick\u00e9 no\u017ee, 11-d\u00edln\u00e1 sada"},"content":{"rendered":"<table>\n<div class=\"tab-pane active product-description\" id=\"popis\" role=\"tabpanel\">\n<div class=\"short-description\" itemprop=\"description\"><\/div>\n<div class=\"description\"><span class='bullet-line'>Sada hobby soustru\u017enick\u00fdch no\u017e\u016f, kompatibiln\u00ed se soustruhem GMD 400 Mini (48132).<\/span><span class='bullet-line'>Slo\u017een\u00ed soupravy: soustru\u017enick\u00fd n\u016f\u017e ub\u00edrac\u00ed prav\u00fd (DIN 4971R), ub\u00edrac\u00ed ohnut\u00fd prav\u00fd (DIN 4972R), vnit\u0159n\u00ed ub\u00edrac\u00ed prav\u00fd 75\u00b0 (DIN 4973R), vnit\u0159n\u00ed ub\u00edrac\u00ed prav\u00fd 90\u00b0 (DIN 4974R), ub\u00edrac\u00ed \u0161pi\u010dat\u00fd (DIN 4975), ub\u00edrac\u00ed (DIN 4976), ub\u00edrac\u00ed \u010deln\u00ed prav\u00fd (DIN 4977R), rohov\u00fd.<\/span><span class='bullet-line'>Stopka: 8 x 8 mm, s p\u00e1jen\u00fdmi SK pl\u00e1tky.<\/span><\/div>\n<div class=\"parameters\">\n<tr>\n<td>Hmotnost (brutto)<\/td>\n<td>0,76 kg<\/td>\n<\/tr><\/div>\n<\/table>\n","protected":false},"excerpt":{"rendered":"<p>Sada hobby soustru\u017enick\u00fdch no\u017e\u016f, kompatibiln\u00ed se soustruhem GMD 400 Mini (48132).Slo\u017een\u00ed soupravy: soustru\u017enick\u00fd n\u016f\u017e ub\u00edrac\u00ed prav\u00fd (DIN 4971R), ub\u00edrac\u00ed ohnut\u00fd prav\u00fd (DIN 4972R), vnit\u0159n\u00ed ub\u00edrac\u00ed prav\u00fd 75\u00b0 (DIN 4973R), vnit\u0159n\u00ed ub\u00edrac\u00ed prav\u00fd 90\u00b0 (DIN 4974R), ub\u00edrac\u00ed \u0161pi\u010dat\u00fd (DIN 4975), ub\u00edrac\u00ed (DIN 4976), ub\u00edrac\u00ed \u010deln\u00ed prav\u00fd (DIN 4977R), rohov\u00fd.Stopka: 8 x 8 mm, s p\u00e1jen\u00fdmi SK [&hellip;]<\/p>\n","protected":false},"featured_media":30203,"comment_status":"open","ping_status":"open","template":"","meta":[],"product_brand":[],"product_cat":[47],"product_tag":[],"class_list":{"0":"post-30103","1":"product","2":"type-product","3":"status-publish","4":"has-post-thumbnail","6":"product_cat-stroje","8":"first","9":"instock","10":"sale","11":"shipping-taxable","12":"purchasable","13":"product-type-simple"},"yoast_head":"<!-- This site is optimized with the Yoast SEO plugin v26.8 - https:\/\/yoast.com\/product\/yoast-seo-wordpress\/ -->\n<title>Ak\u010dn\u00ed Nab\u00eddka G\u00dcDE Soustru\u017enick\u00e9 no\u017ee, 11-d\u00edln\u00e1 sada -<\/title>\n<meta name=\"robots\" content=\"index, follow, max-snippet:-1, max-image-preview:large, max-video-preview:-1\" \/>\n<link rel=\"canonical\" href=\"https:\/\/www.koupeltech.com\/index.php\/produkt\/akcni-nabidka-gude-soustruznicke-noze-11-dilna-sada-30103\/\" \/>\n<meta property=\"og:locale\" content=\"cs_CZ\" \/>\n<meta property=\"og:type\" content=\"article\" \/>\n<meta property=\"og:title\" content=\"Ak\u010dn\u00ed Nab\u00eddka G\u00dcDE Soustru\u017enick\u00e9 no\u017ee, 11-d\u00edln\u00e1 sada -\" \/>\n<meta property=\"og:description\" content=\"Sada hobby soustru\u017enick\u00fdch no\u017e\u016f, kompatibiln\u00ed se soustruhem GMD 400 Mini (48132).Slo\u017een\u00ed soupravy: soustru\u017enick\u00fd n\u016f\u017e ub\u00edrac\u00ed prav\u00fd (DIN 4971R), ub\u00edrac\u00ed ohnut\u00fd prav\u00fd (DIN 4972R), vnit\u0159n\u00ed ub\u00edrac\u00ed prav\u00fd 75\u00b0 (DIN 4973R), vnit\u0159n\u00ed ub\u00edrac\u00ed prav\u00fd 90\u00b0 (DIN 4974R), ub\u00edrac\u00ed \u0161pi\u010dat\u00fd (DIN 4975), ub\u00edrac\u00ed (DIN 4976), ub\u00edrac\u00ed \u010deln\u00ed prav\u00fd (DIN 4977R), rohov\u00fd.Stopka: 8 x 8 mm, s p\u00e1jen\u00fdmi SK [&hellip;]\" \/>\n<meta property=\"og:url\" content=\"https:\/\/www.koupeltech.com\/index.php\/produkt\/akcni-nabidka-gude-soustruznicke-noze-11-dilna-sada-30103\/\" \/>\n<meta property=\"og:image\" content=\"https:\/\/www.koupeltech.com\/wp-content\/uploads\/2026\/SK0024819-CZ20260425-092328-0-1777080210-1246210-1_112044.webp\" \/>\n\t<meta property=\"og:image:width\" content=\"712\" \/>\n\t<meta property=\"og:image:height\" content=\"800\" \/>\n\t<meta property=\"og:image:type\" content=\"image\/webp\" \/>\n<meta name=\"twitter:card\" content=\"summary_large_image\" \/>\n<script type=\"application\/ld+json\" class=\"yoast-schema-graph\">{\"@context\":\"https:\/\/schema.org\",\"@graph\":[{\"@type\":\"WebPage\",\"@id\":\"https:\/\/www.koupeltech.com\/index.php\/produkt\/akcni-nabidka-gude-soustruznicke-noze-11-dilna-sada-30103\/\",\"url\":\"https:\/\/www.koupeltech.com\/index.php\/produkt\/akcni-nabidka-gude-soustruznicke-noze-11-dilna-sada-30103\/\",\"name\":\"Ak\u010dn\u00ed Nab\u00eddka G\u00dcDE Soustru\u017enick\u00e9 no\u017ee, 11-d\u00edln\u00e1 sada -\",\"isPartOf\":{\"@id\":\"https:\/\/www.koupeltech.com\/#website\"},\"primaryImageOfPage\":{\"@id\":\"https:\/\/www.koupeltech.com\/index.php\/produkt\/akcni-nabidka-gude-soustruznicke-noze-11-dilna-sada-30103\/#primaryimage\"},\"image\":{\"@id\":\"https:\/\/www.koupeltech.com\/index.php\/produkt\/akcni-nabidka-gude-soustruznicke-noze-11-dilna-sada-30103\/#primaryimage\"},\"thumbnailUrl\":\"https:\/\/www.koupeltech.com\/wp-content\/uploads\/2026\/SK0024819-CZ20260425-092328-0-1777080210-1246210-1_112044.webp\",\"datePublished\":\"2026-04-27T14:00:26+00:00\",\"breadcrumb\":{\"@id\":\"https:\/\/www.koupeltech.com\/index.php\/produkt\/akcni-nabidka-gude-soustruznicke-noze-11-dilna-sada-30103\/#breadcrumb\"},\"inLanguage\":\"cs\",\"potentialAction\":[{\"@type\":\"ReadAction\",\"target\":[\"https:\/\/www.koupeltech.com\/index.php\/produkt\/akcni-nabidka-gude-soustruznicke-noze-11-dilna-sada-30103\/\"]}]},{\"@type\":\"ImageObject\",\"inLanguage\":\"cs\",\"@id\":\"https:\/\/www.koupeltech.com\/index.php\/produkt\/akcni-nabidka-gude-soustruznicke-noze-11-dilna-sada-30103\/#primaryimage\",\"url\":\"https:\/\/www.koupeltech.com\/wp-content\/uploads\/2026\/SK0024819-CZ20260425-092328-0-1777080210-1246210-1_112044.webp\",\"contentUrl\":\"https:\/\/www.koupeltech.com\/wp-content\/uploads\/2026\/SK0024819-CZ20260425-092328-0-1777080210-1246210-1_112044.webp\",\"width\":712,\"height\":800},{\"@type\":\"BreadcrumbList\",\"@id\":\"https:\/\/www.koupeltech.com\/index.php\/produkt\/akcni-nabidka-gude-soustruznicke-noze-11-dilna-sada-30103\/#breadcrumb\",\"itemListElement\":[{\"@type\":\"ListItem\",\"position\":1,\"name\":\"Home\",\"item\":\"https:\/\/www.koupeltech.com\/\"},{\"@type\":\"ListItem\",\"position\":2,\"name\":\"Products\",\"item\":\"https:\/\/www.koupeltech.com\/index.php\/products\/\"},{\"@type\":\"ListItem\",\"position\":3,\"name\":\"Ak\u010dn\u00ed Nab\u00eddka G\u00dcDE Soustru\u017enick\u00e9 no\u017ee, 11-d\u00edln\u00e1 sada\"}]},{\"@type\":\"WebSite\",\"@id\":\"https:\/\/www.koupeltech.com\/#website\",\"url\":\"https:\/\/www.koupeltech.com\/\",\"name\":\"\",\"description\":\"\",\"potentialAction\":[{\"@type\":\"SearchAction\",\"target\":{\"@type\":\"EntryPoint\",\"urlTemplate\":\"https:\/\/www.koupeltech.com\/?s={search_term_string}\"},\"query-input\":{\"@type\":\"PropertyValueSpecification\",\"valueRequired\":true,\"valueName\":\"search_term_string\"}}],\"inLanguage\":\"cs\"}]}<\/script>\n<!-- \/ Yoast SEO plugin. -->","yoast_head_json":{"title":"Ak\u010dn\u00ed Nab\u00eddka G\u00dcDE Soustru\u017enick\u00e9 no\u017ee, 11-d\u00edln\u00e1 sada -","robots":{"index":"index","follow":"follow","max-snippet":"max-snippet:-1","max-image-preview":"max-image-preview:large","max-video-preview":"max-video-preview:-1"},"canonical":"https:\/\/www.koupeltech.com\/index.php\/produkt\/akcni-nabidka-gude-soustruznicke-noze-11-dilna-sada-30103\/","og_locale":"cs_CZ","og_type":"article","og_title":"Ak\u010dn\u00ed Nab\u00eddka G\u00dcDE Soustru\u017enick\u00e9 no\u017ee, 11-d\u00edln\u00e1 sada -","og_description":"Sada hobby soustru\u017enick\u00fdch no\u017e\u016f, kompatibiln\u00ed se soustruhem GMD 400 Mini (48132).Slo\u017een\u00ed soupravy: soustru\u017enick\u00fd n\u016f\u017e ub\u00edrac\u00ed prav\u00fd (DIN 4971R), ub\u00edrac\u00ed ohnut\u00fd prav\u00fd (DIN 4972R), vnit\u0159n\u00ed ub\u00edrac\u00ed prav\u00fd 75\u00b0 (DIN 4973R), vnit\u0159n\u00ed ub\u00edrac\u00ed prav\u00fd 90\u00b0 (DIN 4974R), ub\u00edrac\u00ed \u0161pi\u010dat\u00fd (DIN 4975), ub\u00edrac\u00ed (DIN 4976), ub\u00edrac\u00ed \u010deln\u00ed prav\u00fd (DIN 4977R), rohov\u00fd.Stopka: 8 x 8 mm, s p\u00e1jen\u00fdmi SK [&hellip;]","og_url":"https:\/\/www.koupeltech.com\/index.php\/produkt\/akcni-nabidka-gude-soustruznicke-noze-11-dilna-sada-30103\/","og_image":[{"width":712,"height":800,"url":"https:\/\/www.koupeltech.com\/wp-content\/uploads\/2026\/SK0024819-CZ20260425-092328-0-1777080210-1246210-1_112044.webp","type":"image\/webp"}],"twitter_card":"summary_large_image","schema":{"@context":"https:\/\/schema.org","@graph":[{"@type":"WebPage","@id":"https:\/\/www.koupeltech.com\/index.php\/produkt\/akcni-nabidka-gude-soustruznicke-noze-11-dilna-sada-30103\/","url":"https:\/\/www.koupeltech.com\/index.php\/produkt\/akcni-nabidka-gude-soustruznicke-noze-11-dilna-sada-30103\/","name":"Ak\u010dn\u00ed Nab\u00eddka G\u00dcDE Soustru\u017enick\u00e9 no\u017ee, 11-d\u00edln\u00e1 sada -","isPartOf":{"@id":"https:\/\/www.koupeltech.com\/#website"},"primaryImageOfPage":{"@id":"https:\/\/www.koupeltech.com\/index.php\/produkt\/akcni-nabidka-gude-soustruznicke-noze-11-dilna-sada-30103\/#primaryimage"},"image":{"@id":"https:\/\/www.koupeltech.com\/index.php\/produkt\/akcni-nabidka-gude-soustruznicke-noze-11-dilna-sada-30103\/#primaryimage"},"thumbnailUrl":"https:\/\/www.koupeltech.com\/wp-content\/uploads\/2026\/SK0024819-CZ20260425-092328-0-1777080210-1246210-1_112044.webp","datePublished":"2026-04-27T14:00:26+00:00","breadcrumb":{"@id":"https:\/\/www.koupeltech.com\/index.php\/produkt\/akcni-nabidka-gude-soustruznicke-noze-11-dilna-sada-30103\/#breadcrumb"},"inLanguage":"cs","potentialAction":[{"@type":"ReadAction","target":["https:\/\/www.koupeltech.com\/index.php\/produkt\/akcni-nabidka-gude-soustruznicke-noze-11-dilna-sada-30103\/"]}]},{"@type":"ImageObject","inLanguage":"cs","@id":"https:\/\/www.koupeltech.com\/index.php\/produkt\/akcni-nabidka-gude-soustruznicke-noze-11-dilna-sada-30103\/#primaryimage","url":"https:\/\/www.koupeltech.com\/wp-content\/uploads\/2026\/SK0024819-CZ20260425-092328-0-1777080210-1246210-1_112044.webp","contentUrl":"https:\/\/www.koupeltech.com\/wp-content\/uploads\/2026\/SK0024819-CZ20260425-092328-0-1777080210-1246210-1_112044.webp","width":712,"height":800},{"@type":"BreadcrumbList","@id":"https:\/\/www.koupeltech.com\/index.php\/produkt\/akcni-nabidka-gude-soustruznicke-noze-11-dilna-sada-30103\/#breadcrumb","itemListElement":[{"@type":"ListItem","position":1,"name":"Home","item":"https:\/\/www.koupeltech.com\/"},{"@type":"ListItem","position":2,"name":"Products","item":"https:\/\/www.koupeltech.com\/index.php\/products\/"},{"@type":"ListItem","position":3,"name":"Ak\u010dn\u00ed Nab\u00eddka G\u00dcDE Soustru\u017enick\u00e9 no\u017ee, 11-d\u00edln\u00e1 sada"}]},{"@type":"WebSite","@id":"https:\/\/www.koupeltech.com\/#website","url":"https:\/\/www.koupeltech.com\/","name":"","description":"","potentialAction":[{"@type":"SearchAction","target":{"@type":"EntryPoint","urlTemplate":"https:\/\/www.koupeltech.com\/?s={search_term_string}"},"query-input":{"@type":"PropertyValueSpecification","valueRequired":true,"valueName":"search_term_string"}}],"inLanguage":"cs"}]}},"_links":{"self":[{"href":"https:\/\/www.koupeltech.com\/index.php\/wp-json\/wp\/v2\/product\/30103","targetHints":{"allow":["GET"]}}],"collection":[{"href":"https:\/\/www.koupeltech.com\/index.php\/wp-json\/wp\/v2\/product"}],"about":[{"href":"https:\/\/www.koupeltech.com\/index.php\/wp-json\/wp\/v2\/types\/product"}],"replies":[{"embeddable":true,"href":"https:\/\/www.koupeltech.com\/index.php\/wp-json\/wp\/v2\/comments?post=30103"}],"wp:featuredmedia":[{"embeddable":true,"href":"https:\/\/www.koupeltech.com\/index.php\/wp-json\/wp\/v2\/media\/30203"}],"wp:attachment":[{"href":"https:\/\/www.koupeltech.com\/index.php\/wp-json\/wp\/v2\/media?parent=30103"}],"wp:term":[{"taxonomy":"product_brand","embeddable":true,"href":"https:\/\/www.koupeltech.com\/index.php\/wp-json\/wp\/v2\/product_brand?post=30103"},{"taxonomy":"product_cat","embeddable":true,"href":"https:\/\/www.koupeltech.com\/index.php\/wp-json\/wp\/v2\/product_cat?post=30103"},{"taxonomy":"product_tag","embeddable":true,"href":"https:\/\/www.koupeltech.com\/index.php\/wp-json\/wp\/v2\/product_tag?post=30103"}],"curies":[{"name":"wp","href":"https:\/\/api.w.org\/{rel}","templated":true}]}}