{"id":30119,"date":"2026-04-27T14:00:26","date_gmt":"2026-04-27T14:00:26","guid":{"rendered":""},"modified":"2026-04-27T14:00:26","modified_gmt":"2026-04-27T14:00:26","slug":"akce-gude-skrin-na-naradi-typ-b-30119","status":"publish","type":"product","link":"https:\/\/www.koupeltech.com\/index.php\/produkt\/akce-gude-skrin-na-naradi-typ-b-30119\/","title":{"rendered":"Akce G\u00dcDE Sk\u0159\u00ed\u0148 na n\u00e1\u0159ad\u00ed Typ B"},"content":{"rendered":"<table>\n<div class=\"tab-pane active product-description\" id=\"popis\" role=\"tabpanel\">\n<div class=\"short-description\" itemprop=\"description\"><\/div>\n<div class=\"description\"><span class='bullet-line'>Kovov\u00e1 sk\u0159\u00ed\u0148 na n\u00e1\u0159ad\u00ed, ur\u010den\u00e1 k vyu\u017eit\u00ed v dom\u00e1c\u00edch i servisn\u00edch d\u00edln\u00e1ch, v\u00fdrobn\u00edch provozech apod.<br \/><\/span><span class='bullet-line'>Vybaven\u00ed: dvoudve\u0159ov\u00e1 sk\u0159\u00ed\u0148 s uzamyk\u00e1n\u00edm cylindrick\u00fdm\/rozvorov\u00fdm z\u00e1mkem (\u2192 dvojit\u00e9 uzam\u010den\u00ed, 2 kl\u00ed\u010de);<br \/><\/span>\u010dty\u0159i vyj\u00edmateln\u00e9 police (\u2192 voliteln\u00e9 nastaven\u00ed v\u00fd\u0161ky, nosnost: 50 kg).<span class='bullet-line'>Konstrukce: ocelov\u00fd r\u00e1m se soklem (\u2192 1.920 x 780 x 380 mm, obl\u00e9 hrany).<br \/><\/span><span class='bullet-line'>Povrchov\u00e1 \u00faprava pr\u00e1\u0161kov\u00fdm lakem, barva: RAL 5015 (korpus), RAL 7001 (dve\u0159e).<br \/><\/span><span class='bullet-line'>Dod\u00e1v\u00e1no ve smontovan\u00e9m stavu.<\/span><\/div>\n<div class=\"parameters\">\n<tr>\n<td>\u0160\u00ed\u0159ka<\/td>\n<td>780 mm<\/td>\n<\/tr>\n<tr>\n<td>V\u00fd\u0161ka<\/td>\n<td>1.920 mm<\/td>\n<\/tr>\n<tr>\n<td>Hmotnost (brutto)<\/td>\n<td>54,40 kg<\/td>\n<\/tr>\n<tr>\n<td>Hloubka<\/td>\n<td>380 mm<\/td>\n<\/tr>\n<tr>\n<td>Vybaven\u00ed<\/td>\n<td>4 police<\/td>\n<\/tr><\/div>\n<\/table>\n","protected":false},"excerpt":{"rendered":"<p>Kovov\u00e1 sk\u0159\u00ed\u0148 na n\u00e1\u0159ad\u00ed, ur\u010den\u00e1 k vyu\u017eit\u00ed v dom\u00e1c\u00edch i servisn\u00edch d\u00edln\u00e1ch, v\u00fdrobn\u00edch provozech apod.Vybaven\u00ed: dvoudve\u0159ov\u00e1 sk\u0159\u00ed\u0148 s uzamyk\u00e1n\u00edm cylindrick\u00fdm\/rozvorov\u00fdm z\u00e1mkem (\u2192 dvojit\u00e9 uzam\u010den\u00ed, 2 kl\u00ed\u010de);\u010dty\u0159i vyj\u00edmateln\u00e9 police (\u2192 voliteln\u00e9 nastaven\u00ed v\u00fd\u0161ky, nosnost: 50 kg).Konstrukce: ocelov\u00fd r\u00e1m se soklem (\u2192 1.920 x 780 x 380 mm, obl\u00e9 hrany).Povrchov\u00e1 \u00faprava pr\u00e1\u0161kov\u00fdm lakem, barva: RAL 5015 (korpus), [&hellip;]<\/p>\n","protected":false},"featured_media":30219,"comment_status":"open","ping_status":"open","template":"","meta":[],"product_brand":[],"product_cat":[45],"product_tag":[],"class_list":{"0":"post-30119","1":"product","2":"type-product","3":"status-publish","4":"has-post-thumbnail","6":"product_cat-dilna","8":"first","9":"instock","10":"sale","11":"shipping-taxable","12":"purchasable","13":"product-type-simple"},"yoast_head":"<!-- This site is optimized with the Yoast SEO plugin v26.8 - https:\/\/yoast.com\/product\/yoast-seo-wordpress\/ -->\n<title>Akce G\u00dcDE Sk\u0159\u00ed\u0148 na n\u00e1\u0159ad\u00ed Typ B -<\/title>\n<meta name=\"robots\" content=\"index, follow, max-snippet:-1, max-image-preview:large, max-video-preview:-1\" \/>\n<link rel=\"canonical\" href=\"https:\/\/www.koupeltech.com\/index.php\/produkt\/akce-gude-skrin-na-naradi-typ-b-30119\/\" \/>\n<meta property=\"og:locale\" content=\"cs_CZ\" \/>\n<meta property=\"og:type\" content=\"article\" \/>\n<meta property=\"og:title\" content=\"Akce G\u00dcDE Sk\u0159\u00ed\u0148 na n\u00e1\u0159ad\u00ed Typ B -\" \/>\n<meta property=\"og:description\" content=\"Kovov\u00e1 sk\u0159\u00ed\u0148 na n\u00e1\u0159ad\u00ed, ur\u010den\u00e1 k vyu\u017eit\u00ed v dom\u00e1c\u00edch i servisn\u00edch d\u00edln\u00e1ch, v\u00fdrobn\u00edch provozech apod.Vybaven\u00ed: dvoudve\u0159ov\u00e1 sk\u0159\u00ed\u0148 s uzamyk\u00e1n\u00edm cylindrick\u00fdm\/rozvorov\u00fdm z\u00e1mkem (\u2192 dvojit\u00e9 uzam\u010den\u00ed, 2 kl\u00ed\u010de);\u010dty\u0159i vyj\u00edmateln\u00e9 police (\u2192 voliteln\u00e9 nastaven\u00ed v\u00fd\u0161ky, nosnost: 50 kg).Konstrukce: ocelov\u00fd r\u00e1m se soklem (\u2192 1.920 x 780 x 380 mm, obl\u00e9 hrany).Povrchov\u00e1 \u00faprava pr\u00e1\u0161kov\u00fdm lakem, barva: RAL 5015 (korpus), [&hellip;]\" \/>\n<meta property=\"og:url\" content=\"https:\/\/www.koupeltech.com\/index.php\/produkt\/akce-gude-skrin-na-naradi-typ-b-30119\/\" \/>\n<meta property=\"og:image\" content=\"https:\/\/www.koupeltech.com\/wp-content\/uploads\/2026\/SK0024836-CZ20260425-092328-0-1777080210-1246228-1_112244.webp\" \/>\n\t<meta property=\"og:image:width\" content=\"344\" \/>\n\t<meta property=\"og:image:height\" content=\"800\" \/>\n\t<meta property=\"og:image:type\" content=\"image\/webp\" \/>\n<meta name=\"twitter:card\" content=\"summary_large_image\" \/>\n<script type=\"application\/ld+json\" class=\"yoast-schema-graph\">{\"@context\":\"https:\/\/schema.org\",\"@graph\":[{\"@type\":\"WebPage\",\"@id\":\"https:\/\/www.koupeltech.com\/index.php\/produkt\/akce-gude-skrin-na-naradi-typ-b-30119\/\",\"url\":\"https:\/\/www.koupeltech.com\/index.php\/produkt\/akce-gude-skrin-na-naradi-typ-b-30119\/\",\"name\":\"Akce G\u00dcDE Sk\u0159\u00ed\u0148 na n\u00e1\u0159ad\u00ed Typ B -\",\"isPartOf\":{\"@id\":\"https:\/\/www.koupeltech.com\/#website\"},\"primaryImageOfPage\":{\"@id\":\"https:\/\/www.koupeltech.com\/index.php\/produkt\/akce-gude-skrin-na-naradi-typ-b-30119\/#primaryimage\"},\"image\":{\"@id\":\"https:\/\/www.koupeltech.com\/index.php\/produkt\/akce-gude-skrin-na-naradi-typ-b-30119\/#primaryimage\"},\"thumbnailUrl\":\"https:\/\/www.koupeltech.com\/wp-content\/uploads\/2026\/SK0024836-CZ20260425-092328-0-1777080210-1246228-1_112244.webp\",\"datePublished\":\"2026-04-27T14:00:26+00:00\",\"breadcrumb\":{\"@id\":\"https:\/\/www.koupeltech.com\/index.php\/produkt\/akce-gude-skrin-na-naradi-typ-b-30119\/#breadcrumb\"},\"inLanguage\":\"cs\",\"potentialAction\":[{\"@type\":\"ReadAction\",\"target\":[\"https:\/\/www.koupeltech.com\/index.php\/produkt\/akce-gude-skrin-na-naradi-typ-b-30119\/\"]}]},{\"@type\":\"ImageObject\",\"inLanguage\":\"cs\",\"@id\":\"https:\/\/www.koupeltech.com\/index.php\/produkt\/akce-gude-skrin-na-naradi-typ-b-30119\/#primaryimage\",\"url\":\"https:\/\/www.koupeltech.com\/wp-content\/uploads\/2026\/SK0024836-CZ20260425-092328-0-1777080210-1246228-1_112244.webp\",\"contentUrl\":\"https:\/\/www.koupeltech.com\/wp-content\/uploads\/2026\/SK0024836-CZ20260425-092328-0-1777080210-1246228-1_112244.webp\",\"width\":344,\"height\":800},{\"@type\":\"BreadcrumbList\",\"@id\":\"https:\/\/www.koupeltech.com\/index.php\/produkt\/akce-gude-skrin-na-naradi-typ-b-30119\/#breadcrumb\",\"itemListElement\":[{\"@type\":\"ListItem\",\"position\":1,\"name\":\"Home\",\"item\":\"https:\/\/www.koupeltech.com\/\"},{\"@type\":\"ListItem\",\"position\":2,\"name\":\"Products\",\"item\":\"https:\/\/www.koupeltech.com\/index.php\/products\/\"},{\"@type\":\"ListItem\",\"position\":3,\"name\":\"Akce G\u00dcDE Sk\u0159\u00ed\u0148 na n\u00e1\u0159ad\u00ed Typ B\"}]},{\"@type\":\"WebSite\",\"@id\":\"https:\/\/www.koupeltech.com\/#website\",\"url\":\"https:\/\/www.koupeltech.com\/\",\"name\":\"\",\"description\":\"\",\"potentialAction\":[{\"@type\":\"SearchAction\",\"target\":{\"@type\":\"EntryPoint\",\"urlTemplate\":\"https:\/\/www.koupeltech.com\/?s={search_term_string}\"},\"query-input\":{\"@type\":\"PropertyValueSpecification\",\"valueRequired\":true,\"valueName\":\"search_term_string\"}}],\"inLanguage\":\"cs\"}]}<\/script>\n<!-- \/ Yoast SEO plugin. -->","yoast_head_json":{"title":"Akce G\u00dcDE Sk\u0159\u00ed\u0148 na n\u00e1\u0159ad\u00ed Typ B -","robots":{"index":"index","follow":"follow","max-snippet":"max-snippet:-1","max-image-preview":"max-image-preview:large","max-video-preview":"max-video-preview:-1"},"canonical":"https:\/\/www.koupeltech.com\/index.php\/produkt\/akce-gude-skrin-na-naradi-typ-b-30119\/","og_locale":"cs_CZ","og_type":"article","og_title":"Akce G\u00dcDE Sk\u0159\u00ed\u0148 na n\u00e1\u0159ad\u00ed Typ B -","og_description":"Kovov\u00e1 sk\u0159\u00ed\u0148 na n\u00e1\u0159ad\u00ed, ur\u010den\u00e1 k vyu\u017eit\u00ed v dom\u00e1c\u00edch i servisn\u00edch d\u00edln\u00e1ch, v\u00fdrobn\u00edch provozech apod.Vybaven\u00ed: dvoudve\u0159ov\u00e1 sk\u0159\u00ed\u0148 s uzamyk\u00e1n\u00edm cylindrick\u00fdm\/rozvorov\u00fdm z\u00e1mkem (\u2192 dvojit\u00e9 uzam\u010den\u00ed, 2 kl\u00ed\u010de);\u010dty\u0159i vyj\u00edmateln\u00e9 police (\u2192 voliteln\u00e9 nastaven\u00ed v\u00fd\u0161ky, nosnost: 50 kg).Konstrukce: ocelov\u00fd r\u00e1m se soklem (\u2192 1.920 x 780 x 380 mm, obl\u00e9 hrany).Povrchov\u00e1 \u00faprava pr\u00e1\u0161kov\u00fdm lakem, barva: RAL 5015 (korpus), [&hellip;]","og_url":"https:\/\/www.koupeltech.com\/index.php\/produkt\/akce-gude-skrin-na-naradi-typ-b-30119\/","og_image":[{"width":344,"height":800,"url":"https:\/\/www.koupeltech.com\/wp-content\/uploads\/2026\/SK0024836-CZ20260425-092328-0-1777080210-1246228-1_112244.webp","type":"image\/webp"}],"twitter_card":"summary_large_image","schema":{"@context":"https:\/\/schema.org","@graph":[{"@type":"WebPage","@id":"https:\/\/www.koupeltech.com\/index.php\/produkt\/akce-gude-skrin-na-naradi-typ-b-30119\/","url":"https:\/\/www.koupeltech.com\/index.php\/produkt\/akce-gude-skrin-na-naradi-typ-b-30119\/","name":"Akce G\u00dcDE Sk\u0159\u00ed\u0148 na n\u00e1\u0159ad\u00ed Typ B -","isPartOf":{"@id":"https:\/\/www.koupeltech.com\/#website"},"primaryImageOfPage":{"@id":"https:\/\/www.koupeltech.com\/index.php\/produkt\/akce-gude-skrin-na-naradi-typ-b-30119\/#primaryimage"},"image":{"@id":"https:\/\/www.koupeltech.com\/index.php\/produkt\/akce-gude-skrin-na-naradi-typ-b-30119\/#primaryimage"},"thumbnailUrl":"https:\/\/www.koupeltech.com\/wp-content\/uploads\/2026\/SK0024836-CZ20260425-092328-0-1777080210-1246228-1_112244.webp","datePublished":"2026-04-27T14:00:26+00:00","breadcrumb":{"@id":"https:\/\/www.koupeltech.com\/index.php\/produkt\/akce-gude-skrin-na-naradi-typ-b-30119\/#breadcrumb"},"inLanguage":"cs","potentialAction":[{"@type":"ReadAction","target":["https:\/\/www.koupeltech.com\/index.php\/produkt\/akce-gude-skrin-na-naradi-typ-b-30119\/"]}]},{"@type":"ImageObject","inLanguage":"cs","@id":"https:\/\/www.koupeltech.com\/index.php\/produkt\/akce-gude-skrin-na-naradi-typ-b-30119\/#primaryimage","url":"https:\/\/www.koupeltech.com\/wp-content\/uploads\/2026\/SK0024836-CZ20260425-092328-0-1777080210-1246228-1_112244.webp","contentUrl":"https:\/\/www.koupeltech.com\/wp-content\/uploads\/2026\/SK0024836-CZ20260425-092328-0-1777080210-1246228-1_112244.webp","width":344,"height":800},{"@type":"BreadcrumbList","@id":"https:\/\/www.koupeltech.com\/index.php\/produkt\/akce-gude-skrin-na-naradi-typ-b-30119\/#breadcrumb","itemListElement":[{"@type":"ListItem","position":1,"name":"Home","item":"https:\/\/www.koupeltech.com\/"},{"@type":"ListItem","position":2,"name":"Products","item":"https:\/\/www.koupeltech.com\/index.php\/products\/"},{"@type":"ListItem","position":3,"name":"Akce G\u00dcDE Sk\u0159\u00ed\u0148 na n\u00e1\u0159ad\u00ed Typ B"}]},{"@type":"WebSite","@id":"https:\/\/www.koupeltech.com\/#website","url":"https:\/\/www.koupeltech.com\/","name":"","description":"","potentialAction":[{"@type":"SearchAction","target":{"@type":"EntryPoint","urlTemplate":"https:\/\/www.koupeltech.com\/?s={search_term_string}"},"query-input":{"@type":"PropertyValueSpecification","valueRequired":true,"valueName":"search_term_string"}}],"inLanguage":"cs"}]}},"_links":{"self":[{"href":"https:\/\/www.koupeltech.com\/index.php\/wp-json\/wp\/v2\/product\/30119","targetHints":{"allow":["GET"]}}],"collection":[{"href":"https:\/\/www.koupeltech.com\/index.php\/wp-json\/wp\/v2\/product"}],"about":[{"href":"https:\/\/www.koupeltech.com\/index.php\/wp-json\/wp\/v2\/types\/product"}],"replies":[{"embeddable":true,"href":"https:\/\/www.koupeltech.com\/index.php\/wp-json\/wp\/v2\/comments?post=30119"}],"wp:featuredmedia":[{"embeddable":true,"href":"https:\/\/www.koupeltech.com\/index.php\/wp-json\/wp\/v2\/media\/30219"}],"wp:attachment":[{"href":"https:\/\/www.koupeltech.com\/index.php\/wp-json\/wp\/v2\/media?parent=30119"}],"wp:term":[{"taxonomy":"product_brand","embeddable":true,"href":"https:\/\/www.koupeltech.com\/index.php\/wp-json\/wp\/v2\/product_brand?post=30119"},{"taxonomy":"product_cat","embeddable":true,"href":"https:\/\/www.koupeltech.com\/index.php\/wp-json\/wp\/v2\/product_cat?post=30119"},{"taxonomy":"product_tag","embeddable":true,"href":"https:\/\/www.koupeltech.com\/index.php\/wp-json\/wp\/v2\/product_tag?post=30119"}],"curies":[{"name":"wp","href":"https:\/\/api.w.org\/{rel}","templated":true}]}}