{"id":30133,"date":"2026-04-27T14:00:26","date_gmt":"2026-04-27T14:00:26","guid":{"rendered":""},"modified":"2026-04-27T14:00:26","modified_gmt":"2026-04-27T14:00:26","slug":"gude-generator-proudu-gse-4701-rs-tovarni-cena-30133","status":"publish","type":"product","link":"https:\/\/www.koupeltech.com\/index.php\/produkt\/gude-generator-proudu-gse-4701-rs-tovarni-cena-30133\/","title":{"rendered":"G\u00dcDE Gener\u00e1tor proudu GSE 4701 RS Tov\u00e1rn\u00ed Cena"},"content":{"rendered":"<table>\n<div class=\"tab-pane active product-description\" id=\"popis\" role=\"tabpanel\">\n<div class=\"short-description\" itemprop=\"description\"><\/div>\n<div class=\"description\">\n<p><span class=\"bullet-line\">Poj\u00edzdn\u00fd (benzinov\u00fd) gener\u00e1tor, ur\u010den\u00fd k pohonu elektrick\u00e9ho n\u00e1\u0159ad\u00ed, stroj\u016f a dom\u00e1c\u00edch spot\u0159ebi\u010d\u016f v dom\u00e1cnostech, rekrea\u010dn\u00edch objektech nebo p\u0159i mont\u00e1\u017en\u00edch prac\u00edch.<\/span><br \/><span class=\"bullet-line\">Trval\u00fd (pracovn\u00ed) v\u00fdkon gener\u00e1toru: 3.200 W, 2 x z\u00e1suvka 230 V~.<\/span><br \/><span class=\"bullet-line\">Gener\u00e1tor proudu: jednof\u00e1zov\u00fd, synchronn\u00ed; AVR (elektronick\u00e1 regulace v\u00fdstupn\u00edho nap\u011bt\u00ed), voltmetr, jisti\u010d proti p\u0159et\u00ed\u017een\u00ed v\u00fdstupn\u00edho obvodu.<\/span><br \/><span class=\"bullet-line\">Jednov\u00e1lcov\u00fd 4taktn\u00ed OHV motor 5,5 kW (spl\u0148uj\u00edc\u00ed limity \u0161kodlivin ve v\u00fdfukov\u00fdch plynech, stanoven\u00e9 emisn\u00ed normou EURO 5), reverzn\u00ed startovac\u00ed syst\u00e9m, olejov\u00e9 \u010didlo se sv\u011btelnou signalizac\u00ed, 15 l palivov\u00e1 n\u00e1dr\u017e.<\/span><br \/><span class=\"bullet-line\">Konstrukce: p\u0159ehledn\u00fd ovl\u00e1dac\u00ed panel, ochrann\u00fd trubkov\u00fd r\u00e1m, sklopn\u00e1 p\u0159epravn\u00ed rukoje\u0165, velk\u00e1 pojezdov\u00e1 kola.<\/span><br \/><span class=\"bullet-line\">Celkov\u00e9 rozm\u011bry (d x \u0161 x v): 690 x 470 x 480 mm, hladina akustick\u00e9ho v\u00fdkonu LWA: 97 dB (A), t\u0159\u00edda ochrany: IP 23 M.<\/span><\/p>\n<\/div>\n<div class=\"parameters\">\n<tr>\n<td>Zdvihov\u00fd objem v\u00e1lce<\/td>\n<td>224 cm3<\/td>\n<\/tr>\n<tr>\n<td>V\u00fdstupn\u00ed nap\u011bt\u00ed<\/td>\n<td>2 \u00d7 230 V<\/td>\n<\/tr>\n<tr>\n<td>Jmenovit\u00fd v\u00fdkon gener\u00e1toru<\/td>\n<td>230 V ~ 3.200 W<\/td>\n<\/tr>\n<tr>\n<td>V\u00fdkon motoru<\/td>\n<td>5,5 kW\/7,5 HP<\/td>\n<\/tr>\n<tr>\n<td>Maxim\u00e1ln\u00ed v\u00fdkon gener\u00e1toru<\/td>\n<td>230 V ~ 3.600 W<\/td>\n<\/tr>\n<tr>\n<td>Hmotnost (brutto)<\/td>\n<td>50 kg<\/td>\n<\/tr><\/div>\n<\/table>\n","protected":false},"excerpt":{"rendered":"<p>Poj\u00edzdn\u00fd (benzinov\u00fd) gener\u00e1tor, ur\u010den\u00fd k pohonu elektrick\u00e9ho n\u00e1\u0159ad\u00ed, stroj\u016f a dom\u00e1c\u00edch spot\u0159ebi\u010d\u016f v dom\u00e1cnostech, rekrea\u010dn\u00edch objektech nebo p\u0159i mont\u00e1\u017en\u00edch prac\u00edch.Trval\u00fd (pracovn\u00ed) v\u00fdkon gener\u00e1toru: 3.200 W, 2 x z\u00e1suvka 230 V~.Gener\u00e1tor proudu: jednof\u00e1zov\u00fd, synchronn\u00ed; AVR (elektronick\u00e1 regulace v\u00fdstupn\u00edho nap\u011bt\u00ed), voltmetr, jisti\u010d proti p\u0159et\u00ed\u017een\u00ed v\u00fdstupn\u00edho obvodu.Jednov\u00e1lcov\u00fd 4taktn\u00ed OHV motor 5,5 kW (spl\u0148uj\u00edc\u00ed limity \u0161kodlivin ve v\u00fdfukov\u00fdch plynech, [&hellip;]<\/p>\n","protected":false},"featured_media":30233,"comment_status":"open","ping_status":"open","template":"","meta":[],"product_brand":[],"product_cat":[50],"product_tag":[],"class_list":{"0":"post-30133","1":"product","2":"type-product","3":"status-publish","4":"has-post-thumbnail","6":"product_cat-stavebni-technika","8":"first","9":"instock","10":"sale","11":"shipping-taxable","12":"purchasable","13":"product-type-simple"},"yoast_head":"<!-- This site is optimized with the Yoast SEO plugin v26.8 - https:\/\/yoast.com\/product\/yoast-seo-wordpress\/ -->\n<title>G\u00dcDE Gener\u00e1tor proudu GSE 4701 RS Tov\u00e1rn\u00ed Cena -<\/title>\n<meta name=\"robots\" content=\"index, follow, max-snippet:-1, max-image-preview:large, max-video-preview:-1\" \/>\n<link rel=\"canonical\" href=\"https:\/\/www.koupeltech.com\/index.php\/produkt\/gude-generator-proudu-gse-4701-rs-tovarni-cena-30133\/\" \/>\n<meta property=\"og:locale\" content=\"cs_CZ\" \/>\n<meta property=\"og:type\" content=\"article\" \/>\n<meta property=\"og:title\" content=\"G\u00dcDE Gener\u00e1tor proudu GSE 4701 RS Tov\u00e1rn\u00ed Cena -\" \/>\n<meta property=\"og:description\" content=\"Poj\u00edzdn\u00fd (benzinov\u00fd) gener\u00e1tor, ur\u010den\u00fd k pohonu elektrick\u00e9ho n\u00e1\u0159ad\u00ed, stroj\u016f a dom\u00e1c\u00edch spot\u0159ebi\u010d\u016f v dom\u00e1cnostech, rekrea\u010dn\u00edch objektech nebo p\u0159i mont\u00e1\u017en\u00edch prac\u00edch.Trval\u00fd (pracovn\u00ed) v\u00fdkon gener\u00e1toru: 3.200 W, 2 x z\u00e1suvka 230 V~.Gener\u00e1tor proudu: jednof\u00e1zov\u00fd, synchronn\u00ed; AVR (elektronick\u00e1 regulace v\u00fdstupn\u00edho nap\u011bt\u00ed), voltmetr, jisti\u010d proti p\u0159et\u00ed\u017een\u00ed v\u00fdstupn\u00edho obvodu.Jednov\u00e1lcov\u00fd 4taktn\u00ed OHV motor 5,5 kW (spl\u0148uj\u00edc\u00ed limity \u0161kodlivin ve v\u00fdfukov\u00fdch plynech, [&hellip;]\" \/>\n<meta property=\"og:url\" content=\"https:\/\/www.koupeltech.com\/index.php\/produkt\/gude-generator-proudu-gse-4701-rs-tovarni-cena-30133\/\" \/>\n<meta property=\"og:image\" content=\"https:\/\/www.koupeltech.com\/wp-content\/uploads\/2026\/SK0024850-CZ20260425-092328-0-1777080210-1246244-1_112444.webp\" \/>\n\t<meta property=\"og:image:width\" content=\"1000\" \/>\n\t<meta property=\"og:image:height\" content=\"784\" \/>\n\t<meta property=\"og:image:type\" content=\"image\/webp\" \/>\n<meta name=\"twitter:card\" content=\"summary_large_image\" \/>\n<meta name=\"twitter:label1\" content=\"Odhadovan\u00e1 doba \u010dten\u00ed\" \/>\n\t<meta name=\"twitter:data1\" content=\"1 minuta\" \/>\n<script type=\"application\/ld+json\" class=\"yoast-schema-graph\">{\"@context\":\"https:\/\/schema.org\",\"@graph\":[{\"@type\":\"WebPage\",\"@id\":\"https:\/\/www.koupeltech.com\/index.php\/produkt\/gude-generator-proudu-gse-4701-rs-tovarni-cena-30133\/\",\"url\":\"https:\/\/www.koupeltech.com\/index.php\/produkt\/gude-generator-proudu-gse-4701-rs-tovarni-cena-30133\/\",\"name\":\"G\u00dcDE Gener\u00e1tor proudu GSE 4701 RS Tov\u00e1rn\u00ed Cena -\",\"isPartOf\":{\"@id\":\"https:\/\/www.koupeltech.com\/#website\"},\"primaryImageOfPage\":{\"@id\":\"https:\/\/www.koupeltech.com\/index.php\/produkt\/gude-generator-proudu-gse-4701-rs-tovarni-cena-30133\/#primaryimage\"},\"image\":{\"@id\":\"https:\/\/www.koupeltech.com\/index.php\/produkt\/gude-generator-proudu-gse-4701-rs-tovarni-cena-30133\/#primaryimage\"},\"thumbnailUrl\":\"https:\/\/www.koupeltech.com\/wp-content\/uploads\/2026\/SK0024850-CZ20260425-092328-0-1777080210-1246244-1_112444.webp\",\"datePublished\":\"2026-04-27T14:00:26+00:00\",\"breadcrumb\":{\"@id\":\"https:\/\/www.koupeltech.com\/index.php\/produkt\/gude-generator-proudu-gse-4701-rs-tovarni-cena-30133\/#breadcrumb\"},\"inLanguage\":\"cs\",\"potentialAction\":[{\"@type\":\"ReadAction\",\"target\":[\"https:\/\/www.koupeltech.com\/index.php\/produkt\/gude-generator-proudu-gse-4701-rs-tovarni-cena-30133\/\"]}]},{\"@type\":\"ImageObject\",\"inLanguage\":\"cs\",\"@id\":\"https:\/\/www.koupeltech.com\/index.php\/produkt\/gude-generator-proudu-gse-4701-rs-tovarni-cena-30133\/#primaryimage\",\"url\":\"https:\/\/www.koupeltech.com\/wp-content\/uploads\/2026\/SK0024850-CZ20260425-092328-0-1777080210-1246244-1_112444.webp\",\"contentUrl\":\"https:\/\/www.koupeltech.com\/wp-content\/uploads\/2026\/SK0024850-CZ20260425-092328-0-1777080210-1246244-1_112444.webp\",\"width\":1000,\"height\":784},{\"@type\":\"BreadcrumbList\",\"@id\":\"https:\/\/www.koupeltech.com\/index.php\/produkt\/gude-generator-proudu-gse-4701-rs-tovarni-cena-30133\/#breadcrumb\",\"itemListElement\":[{\"@type\":\"ListItem\",\"position\":1,\"name\":\"Home\",\"item\":\"https:\/\/www.koupeltech.com\/\"},{\"@type\":\"ListItem\",\"position\":2,\"name\":\"Products\",\"item\":\"https:\/\/www.koupeltech.com\/index.php\/products\/\"},{\"@type\":\"ListItem\",\"position\":3,\"name\":\"G\u00dcDE Gener\u00e1tor proudu GSE 4701 RS Tov\u00e1rn\u00ed Cena\"}]},{\"@type\":\"WebSite\",\"@id\":\"https:\/\/www.koupeltech.com\/#website\",\"url\":\"https:\/\/www.koupeltech.com\/\",\"name\":\"\",\"description\":\"\",\"potentialAction\":[{\"@type\":\"SearchAction\",\"target\":{\"@type\":\"EntryPoint\",\"urlTemplate\":\"https:\/\/www.koupeltech.com\/?s={search_term_string}\"},\"query-input\":{\"@type\":\"PropertyValueSpecification\",\"valueRequired\":true,\"valueName\":\"search_term_string\"}}],\"inLanguage\":\"cs\"}]}<\/script>\n<!-- \/ Yoast SEO plugin. -->","yoast_head_json":{"title":"G\u00dcDE Gener\u00e1tor proudu GSE 4701 RS Tov\u00e1rn\u00ed Cena -","robots":{"index":"index","follow":"follow","max-snippet":"max-snippet:-1","max-image-preview":"max-image-preview:large","max-video-preview":"max-video-preview:-1"},"canonical":"https:\/\/www.koupeltech.com\/index.php\/produkt\/gude-generator-proudu-gse-4701-rs-tovarni-cena-30133\/","og_locale":"cs_CZ","og_type":"article","og_title":"G\u00dcDE Gener\u00e1tor proudu GSE 4701 RS Tov\u00e1rn\u00ed Cena -","og_description":"Poj\u00edzdn\u00fd (benzinov\u00fd) gener\u00e1tor, ur\u010den\u00fd k pohonu elektrick\u00e9ho n\u00e1\u0159ad\u00ed, stroj\u016f a dom\u00e1c\u00edch spot\u0159ebi\u010d\u016f v dom\u00e1cnostech, rekrea\u010dn\u00edch objektech nebo p\u0159i mont\u00e1\u017en\u00edch prac\u00edch.Trval\u00fd (pracovn\u00ed) v\u00fdkon gener\u00e1toru: 3.200 W, 2 x z\u00e1suvka 230 V~.Gener\u00e1tor proudu: jednof\u00e1zov\u00fd, synchronn\u00ed; AVR (elektronick\u00e1 regulace v\u00fdstupn\u00edho nap\u011bt\u00ed), voltmetr, jisti\u010d proti p\u0159et\u00ed\u017een\u00ed v\u00fdstupn\u00edho obvodu.Jednov\u00e1lcov\u00fd 4taktn\u00ed OHV motor 5,5 kW (spl\u0148uj\u00edc\u00ed limity \u0161kodlivin ve v\u00fdfukov\u00fdch plynech, [&hellip;]","og_url":"https:\/\/www.koupeltech.com\/index.php\/produkt\/gude-generator-proudu-gse-4701-rs-tovarni-cena-30133\/","og_image":[{"width":1000,"height":784,"url":"https:\/\/www.koupeltech.com\/wp-content\/uploads\/2026\/SK0024850-CZ20260425-092328-0-1777080210-1246244-1_112444.webp","type":"image\/webp"}],"twitter_card":"summary_large_image","twitter_misc":{"Odhadovan\u00e1 doba \u010dten\u00ed":"1 minuta"},"schema":{"@context":"https:\/\/schema.org","@graph":[{"@type":"WebPage","@id":"https:\/\/www.koupeltech.com\/index.php\/produkt\/gude-generator-proudu-gse-4701-rs-tovarni-cena-30133\/","url":"https:\/\/www.koupeltech.com\/index.php\/produkt\/gude-generator-proudu-gse-4701-rs-tovarni-cena-30133\/","name":"G\u00dcDE Gener\u00e1tor proudu GSE 4701 RS Tov\u00e1rn\u00ed Cena -","isPartOf":{"@id":"https:\/\/www.koupeltech.com\/#website"},"primaryImageOfPage":{"@id":"https:\/\/www.koupeltech.com\/index.php\/produkt\/gude-generator-proudu-gse-4701-rs-tovarni-cena-30133\/#primaryimage"},"image":{"@id":"https:\/\/www.koupeltech.com\/index.php\/produkt\/gude-generator-proudu-gse-4701-rs-tovarni-cena-30133\/#primaryimage"},"thumbnailUrl":"https:\/\/www.koupeltech.com\/wp-content\/uploads\/2026\/SK0024850-CZ20260425-092328-0-1777080210-1246244-1_112444.webp","datePublished":"2026-04-27T14:00:26+00:00","breadcrumb":{"@id":"https:\/\/www.koupeltech.com\/index.php\/produkt\/gude-generator-proudu-gse-4701-rs-tovarni-cena-30133\/#breadcrumb"},"inLanguage":"cs","potentialAction":[{"@type":"ReadAction","target":["https:\/\/www.koupeltech.com\/index.php\/produkt\/gude-generator-proudu-gse-4701-rs-tovarni-cena-30133\/"]}]},{"@type":"ImageObject","inLanguage":"cs","@id":"https:\/\/www.koupeltech.com\/index.php\/produkt\/gude-generator-proudu-gse-4701-rs-tovarni-cena-30133\/#primaryimage","url":"https:\/\/www.koupeltech.com\/wp-content\/uploads\/2026\/SK0024850-CZ20260425-092328-0-1777080210-1246244-1_112444.webp","contentUrl":"https:\/\/www.koupeltech.com\/wp-content\/uploads\/2026\/SK0024850-CZ20260425-092328-0-1777080210-1246244-1_112444.webp","width":1000,"height":784},{"@type":"BreadcrumbList","@id":"https:\/\/www.koupeltech.com\/index.php\/produkt\/gude-generator-proudu-gse-4701-rs-tovarni-cena-30133\/#breadcrumb","itemListElement":[{"@type":"ListItem","position":1,"name":"Home","item":"https:\/\/www.koupeltech.com\/"},{"@type":"ListItem","position":2,"name":"Products","item":"https:\/\/www.koupeltech.com\/index.php\/products\/"},{"@type":"ListItem","position":3,"name":"G\u00dcDE Gener\u00e1tor proudu GSE 4701 RS Tov\u00e1rn\u00ed Cena"}]},{"@type":"WebSite","@id":"https:\/\/www.koupeltech.com\/#website","url":"https:\/\/www.koupeltech.com\/","name":"","description":"","potentialAction":[{"@type":"SearchAction","target":{"@type":"EntryPoint","urlTemplate":"https:\/\/www.koupeltech.com\/?s={search_term_string}"},"query-input":{"@type":"PropertyValueSpecification","valueRequired":true,"valueName":"search_term_string"}}],"inLanguage":"cs"}]}},"_links":{"self":[{"href":"https:\/\/www.koupeltech.com\/index.php\/wp-json\/wp\/v2\/product\/30133","targetHints":{"allow":["GET"]}}],"collection":[{"href":"https:\/\/www.koupeltech.com\/index.php\/wp-json\/wp\/v2\/product"}],"about":[{"href":"https:\/\/www.koupeltech.com\/index.php\/wp-json\/wp\/v2\/types\/product"}],"replies":[{"embeddable":true,"href":"https:\/\/www.koupeltech.com\/index.php\/wp-json\/wp\/v2\/comments?post=30133"}],"wp:featuredmedia":[{"embeddable":true,"href":"https:\/\/www.koupeltech.com\/index.php\/wp-json\/wp\/v2\/media\/30233"}],"wp:attachment":[{"href":"https:\/\/www.koupeltech.com\/index.php\/wp-json\/wp\/v2\/media?parent=30133"}],"wp:term":[{"taxonomy":"product_brand","embeddable":true,"href":"https:\/\/www.koupeltech.com\/index.php\/wp-json\/wp\/v2\/product_brand?post=30133"},{"taxonomy":"product_cat","embeddable":true,"href":"https:\/\/www.koupeltech.com\/index.php\/wp-json\/wp\/v2\/product_cat?post=30133"},{"taxonomy":"product_tag","embeddable":true,"href":"https:\/\/www.koupeltech.com\/index.php\/wp-json\/wp\/v2\/product_tag?post=30133"}],"curies":[{"name":"wp","href":"https:\/\/api.w.org\/{rel}","templated":true}]}}