{"id":30355,"date":"2026-04-27T14:00:28","date_gmt":"2026-04-27T14:00:28","guid":{"rendered":""},"modified":"2026-04-27T14:00:28","modified_gmt":"2026-04-27T14:00:28","slug":"nejlepsi-cena-gude-nahradni-noze-k-hoblovce-gadh-200-2-ks-30355","status":"publish","type":"product","link":"https:\/\/www.koupeltech.com\/index.php\/produkt\/nejlepsi-cena-gude-nahradni-noze-k-hoblovce-gadh-200-2-ks-30355\/","title":{"rendered":"Nejlep\u0161\u00ed Cena G\u00dcDE N\u00e1hradn\u00ed no\u017ee k hoblovce GADH 200 (2 ks)"},"content":{"rendered":"<table>\n<div class=\"tab-pane active product-description\" id=\"popis\" role=\"tabpanel\">\n<div class=\"short-description\" itemprop=\"description\"><\/div>\n<div class=\"description\"><span class='bullet-line'>Sada n\u00e1hradn\u00edch no\u017e\u016f k GADH 200 (55138).<br \/><\/span><span class='bullet-line'>HSS hoblovac\u00ed no\u017ee s vysokou odolnost\u00ed proti ztupen\u00ed\/vy\u0161t\u00edpnut\u00ed, vhodn\u00e9 k obr\u00e1b\u011bn\u00ed d\u0159ev\u011bn\u00fdch desek\/hranol\u016f.<br \/><\/span><span class='bullet-line'>Typ balen\u00ed: SB (z\u00e1v\u011bsn\u00e9).<\/span><\/div>\n<div class=\"parameters\">\n<tr>\n<td>Kompatibilita<\/td>\n<td>GADH 200<\/td>\n<\/tr>\n<tr>\n<td>Po\u010det no\u017e\u016f<\/td>\n<td>2<\/td>\n<\/tr>\n<tr>\n<td>Hmotnost (brutto)<\/td>\n<td>0,14 kg<\/td>\n<\/tr>\n<tr>\n<td>Rozm\u011bry<\/td>\n<td>210 x 22 x 2 mm<\/td>\n<\/tr>\n<tr>\n<td>Hmotnost (netto)<\/td>\n<td>0,116 kg<\/td>\n<\/tr><\/div>\n<\/table>\n","protected":false},"excerpt":{"rendered":"<p>Sada n\u00e1hradn\u00edch no\u017e\u016f k GADH 200 (55138).HSS hoblovac\u00ed no\u017ee s vysokou odolnost\u00ed proti ztupen\u00ed\/vy\u0161t\u00edpnut\u00ed, vhodn\u00e9 k obr\u00e1b\u011bn\u00ed d\u0159ev\u011bn\u00fdch desek\/hranol\u016f.Typ balen\u00ed: SB (z\u00e1v\u011bsn\u00e9). Kompatibilita GADH 200 Po\u010det no\u017e\u016f 2 Hmotnost (brutto) 0,14 kg Rozm\u011bry 210 x 22 x 2 mm Hmotnost (netto) 0,116 kg<\/p>\n","protected":false},"featured_media":30455,"comment_status":"open","ping_status":"open","template":"","meta":[],"product_brand":[],"product_cat":[47],"product_tag":[],"class_list":{"0":"post-30355","1":"product","2":"type-product","3":"status-publish","4":"has-post-thumbnail","6":"product_cat-stroje","8":"first","9":"instock","10":"sale","11":"shipping-taxable","12":"purchasable","13":"product-type-simple"},"yoast_head":"<!-- This site is optimized with the Yoast SEO plugin v26.8 - https:\/\/yoast.com\/product\/yoast-seo-wordpress\/ -->\n<title>Nejlep\u0161\u00ed Cena G\u00dcDE N\u00e1hradn\u00ed no\u017ee k hoblovce GADH 200 (2 ks) -<\/title>\n<meta name=\"robots\" content=\"index, follow, max-snippet:-1, max-image-preview:large, max-video-preview:-1\" \/>\n<link rel=\"canonical\" href=\"https:\/\/www.koupeltech.com\/index.php\/produkt\/nejlepsi-cena-gude-nahradni-noze-k-hoblovce-gadh-200-2-ks-30355\/\" \/>\n<meta property=\"og:locale\" content=\"cs_CZ\" \/>\n<meta property=\"og:type\" content=\"article\" \/>\n<meta property=\"og:title\" content=\"Nejlep\u0161\u00ed Cena G\u00dcDE N\u00e1hradn\u00ed no\u017ee k hoblovce GADH 200 (2 ks) -\" \/>\n<meta property=\"og:description\" content=\"Sada n\u00e1hradn\u00edch no\u017e\u016f k GADH 200 (55138).HSS hoblovac\u00ed no\u017ee s vysokou odolnost\u00ed proti ztupen\u00ed\/vy\u0161t\u00edpnut\u00ed, vhodn\u00e9 k obr\u00e1b\u011bn\u00ed d\u0159ev\u011bn\u00fdch desek\/hranol\u016f.Typ balen\u00ed: SB (z\u00e1v\u011bsn\u00e9). Kompatibilita GADH 200 Po\u010det no\u017e\u016f 2 Hmotnost (brutto) 0,14 kg Rozm\u011bry 210 x 22 x 2 mm Hmotnost (netto) 0,116 kg\" \/>\n<meta property=\"og:url\" content=\"https:\/\/www.koupeltech.com\/index.php\/produkt\/nejlepsi-cena-gude-nahradni-noze-k-hoblovce-gadh-200-2-ks-30355\/\" \/>\n<meta property=\"og:image\" content=\"https:\/\/www.koupeltech.com\/wp-content\/uploads\/2026\/SK0024974-CZ20260425-092328-0-1777080210-1246388-1_114744.webp\" \/>\n\t<meta property=\"og:image:width\" content=\"1000\" \/>\n\t<meta property=\"og:image:height\" content=\"107\" \/>\n\t<meta property=\"og:image:type\" content=\"image\/webp\" \/>\n<meta name=\"twitter:card\" content=\"summary_large_image\" \/>\n<script type=\"application\/ld+json\" class=\"yoast-schema-graph\">{\"@context\":\"https:\/\/schema.org\",\"@graph\":[{\"@type\":\"WebPage\",\"@id\":\"https:\/\/www.koupeltech.com\/index.php\/produkt\/nejlepsi-cena-gude-nahradni-noze-k-hoblovce-gadh-200-2-ks-30355\/\",\"url\":\"https:\/\/www.koupeltech.com\/index.php\/produkt\/nejlepsi-cena-gude-nahradni-noze-k-hoblovce-gadh-200-2-ks-30355\/\",\"name\":\"Nejlep\u0161\u00ed Cena G\u00dcDE N\u00e1hradn\u00ed no\u017ee k hoblovce GADH 200 (2 ks) -\",\"isPartOf\":{\"@id\":\"https:\/\/www.koupeltech.com\/#website\"},\"primaryImageOfPage\":{\"@id\":\"https:\/\/www.koupeltech.com\/index.php\/produkt\/nejlepsi-cena-gude-nahradni-noze-k-hoblovce-gadh-200-2-ks-30355\/#primaryimage\"},\"image\":{\"@id\":\"https:\/\/www.koupeltech.com\/index.php\/produkt\/nejlepsi-cena-gude-nahradni-noze-k-hoblovce-gadh-200-2-ks-30355\/#primaryimage\"},\"thumbnailUrl\":\"https:\/\/www.koupeltech.com\/wp-content\/uploads\/2026\/SK0024974-CZ20260425-092328-0-1777080210-1246388-1_114744.webp\",\"datePublished\":\"2026-04-27T14:00:28+00:00\",\"breadcrumb\":{\"@id\":\"https:\/\/www.koupeltech.com\/index.php\/produkt\/nejlepsi-cena-gude-nahradni-noze-k-hoblovce-gadh-200-2-ks-30355\/#breadcrumb\"},\"inLanguage\":\"cs\",\"potentialAction\":[{\"@type\":\"ReadAction\",\"target\":[\"https:\/\/www.koupeltech.com\/index.php\/produkt\/nejlepsi-cena-gude-nahradni-noze-k-hoblovce-gadh-200-2-ks-30355\/\"]}]},{\"@type\":\"ImageObject\",\"inLanguage\":\"cs\",\"@id\":\"https:\/\/www.koupeltech.com\/index.php\/produkt\/nejlepsi-cena-gude-nahradni-noze-k-hoblovce-gadh-200-2-ks-30355\/#primaryimage\",\"url\":\"https:\/\/www.koupeltech.com\/wp-content\/uploads\/2026\/SK0024974-CZ20260425-092328-0-1777080210-1246388-1_114744.webp\",\"contentUrl\":\"https:\/\/www.koupeltech.com\/wp-content\/uploads\/2026\/SK0024974-CZ20260425-092328-0-1777080210-1246388-1_114744.webp\",\"width\":1000,\"height\":107},{\"@type\":\"BreadcrumbList\",\"@id\":\"https:\/\/www.koupeltech.com\/index.php\/produkt\/nejlepsi-cena-gude-nahradni-noze-k-hoblovce-gadh-200-2-ks-30355\/#breadcrumb\",\"itemListElement\":[{\"@type\":\"ListItem\",\"position\":1,\"name\":\"Home\",\"item\":\"https:\/\/www.koupeltech.com\/\"},{\"@type\":\"ListItem\",\"position\":2,\"name\":\"Products\",\"item\":\"https:\/\/www.koupeltech.com\/index.php\/products\/\"},{\"@type\":\"ListItem\",\"position\":3,\"name\":\"Nejlep\u0161\u00ed Cena G\u00dcDE N\u00e1hradn\u00ed no\u017ee k hoblovce GADH 200 (2 ks)\"}]},{\"@type\":\"WebSite\",\"@id\":\"https:\/\/www.koupeltech.com\/#website\",\"url\":\"https:\/\/www.koupeltech.com\/\",\"name\":\"\",\"description\":\"\",\"potentialAction\":[{\"@type\":\"SearchAction\",\"target\":{\"@type\":\"EntryPoint\",\"urlTemplate\":\"https:\/\/www.koupeltech.com\/?s={search_term_string}\"},\"query-input\":{\"@type\":\"PropertyValueSpecification\",\"valueRequired\":true,\"valueName\":\"search_term_string\"}}],\"inLanguage\":\"cs\"}]}<\/script>\n<!-- \/ Yoast SEO plugin. -->","yoast_head_json":{"title":"Nejlep\u0161\u00ed Cena G\u00dcDE N\u00e1hradn\u00ed no\u017ee k hoblovce GADH 200 (2 ks) -","robots":{"index":"index","follow":"follow","max-snippet":"max-snippet:-1","max-image-preview":"max-image-preview:large","max-video-preview":"max-video-preview:-1"},"canonical":"https:\/\/www.koupeltech.com\/index.php\/produkt\/nejlepsi-cena-gude-nahradni-noze-k-hoblovce-gadh-200-2-ks-30355\/","og_locale":"cs_CZ","og_type":"article","og_title":"Nejlep\u0161\u00ed Cena G\u00dcDE N\u00e1hradn\u00ed no\u017ee k hoblovce GADH 200 (2 ks) -","og_description":"Sada n\u00e1hradn\u00edch no\u017e\u016f k GADH 200 (55138).HSS hoblovac\u00ed no\u017ee s vysokou odolnost\u00ed proti ztupen\u00ed\/vy\u0161t\u00edpnut\u00ed, vhodn\u00e9 k obr\u00e1b\u011bn\u00ed d\u0159ev\u011bn\u00fdch desek\/hranol\u016f.Typ balen\u00ed: SB (z\u00e1v\u011bsn\u00e9). Kompatibilita GADH 200 Po\u010det no\u017e\u016f 2 Hmotnost (brutto) 0,14 kg Rozm\u011bry 210 x 22 x 2 mm Hmotnost (netto) 0,116 kg","og_url":"https:\/\/www.koupeltech.com\/index.php\/produkt\/nejlepsi-cena-gude-nahradni-noze-k-hoblovce-gadh-200-2-ks-30355\/","og_image":[{"width":1000,"height":107,"url":"https:\/\/www.koupeltech.com\/wp-content\/uploads\/2026\/SK0024974-CZ20260425-092328-0-1777080210-1246388-1_114744.webp","type":"image\/webp"}],"twitter_card":"summary_large_image","schema":{"@context":"https:\/\/schema.org","@graph":[{"@type":"WebPage","@id":"https:\/\/www.koupeltech.com\/index.php\/produkt\/nejlepsi-cena-gude-nahradni-noze-k-hoblovce-gadh-200-2-ks-30355\/","url":"https:\/\/www.koupeltech.com\/index.php\/produkt\/nejlepsi-cena-gude-nahradni-noze-k-hoblovce-gadh-200-2-ks-30355\/","name":"Nejlep\u0161\u00ed Cena G\u00dcDE N\u00e1hradn\u00ed no\u017ee k hoblovce GADH 200 (2 ks) -","isPartOf":{"@id":"https:\/\/www.koupeltech.com\/#website"},"primaryImageOfPage":{"@id":"https:\/\/www.koupeltech.com\/index.php\/produkt\/nejlepsi-cena-gude-nahradni-noze-k-hoblovce-gadh-200-2-ks-30355\/#primaryimage"},"image":{"@id":"https:\/\/www.koupeltech.com\/index.php\/produkt\/nejlepsi-cena-gude-nahradni-noze-k-hoblovce-gadh-200-2-ks-30355\/#primaryimage"},"thumbnailUrl":"https:\/\/www.koupeltech.com\/wp-content\/uploads\/2026\/SK0024974-CZ20260425-092328-0-1777080210-1246388-1_114744.webp","datePublished":"2026-04-27T14:00:28+00:00","breadcrumb":{"@id":"https:\/\/www.koupeltech.com\/index.php\/produkt\/nejlepsi-cena-gude-nahradni-noze-k-hoblovce-gadh-200-2-ks-30355\/#breadcrumb"},"inLanguage":"cs","potentialAction":[{"@type":"ReadAction","target":["https:\/\/www.koupeltech.com\/index.php\/produkt\/nejlepsi-cena-gude-nahradni-noze-k-hoblovce-gadh-200-2-ks-30355\/"]}]},{"@type":"ImageObject","inLanguage":"cs","@id":"https:\/\/www.koupeltech.com\/index.php\/produkt\/nejlepsi-cena-gude-nahradni-noze-k-hoblovce-gadh-200-2-ks-30355\/#primaryimage","url":"https:\/\/www.koupeltech.com\/wp-content\/uploads\/2026\/SK0024974-CZ20260425-092328-0-1777080210-1246388-1_114744.webp","contentUrl":"https:\/\/www.koupeltech.com\/wp-content\/uploads\/2026\/SK0024974-CZ20260425-092328-0-1777080210-1246388-1_114744.webp","width":1000,"height":107},{"@type":"BreadcrumbList","@id":"https:\/\/www.koupeltech.com\/index.php\/produkt\/nejlepsi-cena-gude-nahradni-noze-k-hoblovce-gadh-200-2-ks-30355\/#breadcrumb","itemListElement":[{"@type":"ListItem","position":1,"name":"Home","item":"https:\/\/www.koupeltech.com\/"},{"@type":"ListItem","position":2,"name":"Products","item":"https:\/\/www.koupeltech.com\/index.php\/products\/"},{"@type":"ListItem","position":3,"name":"Nejlep\u0161\u00ed Cena G\u00dcDE N\u00e1hradn\u00ed no\u017ee k hoblovce GADH 200 (2 ks)"}]},{"@type":"WebSite","@id":"https:\/\/www.koupeltech.com\/#website","url":"https:\/\/www.koupeltech.com\/","name":"","description":"","potentialAction":[{"@type":"SearchAction","target":{"@type":"EntryPoint","urlTemplate":"https:\/\/www.koupeltech.com\/?s={search_term_string}"},"query-input":{"@type":"PropertyValueSpecification","valueRequired":true,"valueName":"search_term_string"}}],"inLanguage":"cs"}]}},"_links":{"self":[{"href":"https:\/\/www.koupeltech.com\/index.php\/wp-json\/wp\/v2\/product\/30355","targetHints":{"allow":["GET"]}}],"collection":[{"href":"https:\/\/www.koupeltech.com\/index.php\/wp-json\/wp\/v2\/product"}],"about":[{"href":"https:\/\/www.koupeltech.com\/index.php\/wp-json\/wp\/v2\/types\/product"}],"replies":[{"embeddable":true,"href":"https:\/\/www.koupeltech.com\/index.php\/wp-json\/wp\/v2\/comments?post=30355"}],"wp:featuredmedia":[{"embeddable":true,"href":"https:\/\/www.koupeltech.com\/index.php\/wp-json\/wp\/v2\/media\/30455"}],"wp:attachment":[{"href":"https:\/\/www.koupeltech.com\/index.php\/wp-json\/wp\/v2\/media?parent=30355"}],"wp:term":[{"taxonomy":"product_brand","embeddable":true,"href":"https:\/\/www.koupeltech.com\/index.php\/wp-json\/wp\/v2\/product_brand?post=30355"},{"taxonomy":"product_cat","embeddable":true,"href":"https:\/\/www.koupeltech.com\/index.php\/wp-json\/wp\/v2\/product_cat?post=30355"},{"taxonomy":"product_tag","embeddable":true,"href":"https:\/\/www.koupeltech.com\/index.php\/wp-json\/wp\/v2\/product_tag?post=30355"}],"curies":[{"name":"wp","href":"https:\/\/api.w.org\/{rel}","templated":true}]}}