{"id":30370,"date":"2026-04-27T14:00:28","date_gmt":"2026-04-27T14:00:28","guid":{"rendered":""},"modified":"2026-04-27T14:00:28","modified_gmt":"2026-04-27T14:00:28","slug":"gude-stolni-vrtacka-gtb-16-605-akcni-cena-30370","status":"publish","type":"product","link":"https:\/\/www.koupeltech.com\/index.php\/produkt\/gude-stolni-vrtacka-gtb-16-605-akcni-cena-30370\/","title":{"rendered":"G\u00dcDE Stoln\u00ed vrta\u010dka GTB 16\/605 Ak\u010dn\u00ed Cena"},"content":{"rendered":"<table>\n<div class=\"tab-pane active product-description\" id=\"popis\" role=\"tabpanel\">\n<div class=\"short-description\" itemprop=\"description\"><\/div>\n<div class=\"description\">\n<p><span class=\"bullet-line\">Spolehliv\u00e1 stoln\u00ed vrta\u010dka, ur\u010den\u00e1 k vrt\u00e1n\u00ed kov\u016f, d\u0159eva nebo plast\u016f v podm\u00ednk\u00e1ch dom\u00e1c\u00edch\/servisn\u00edch d\u00edlen.<\/span><br \/><span class=\"bullet-line\">5 rychlostn\u00edch stup\u0148\u016f ot\u00e1\u010den\u00ed v\u0159etena (\u2192 630\/980\/1.470\/1.920\/2.700 ot.\/min.; zm\u011bna ot\u00e1\u010dek manu\u00e1ln\u011b pomoc\u00ed \u0159emenic), rychloup\u00ednac\u00ed skl\u00ed\u010didlo pro n\u00e1stroje a vrt\u00e1ky \u00d8 3 &#8211; 16 mm (\u2192 h\u00e1zivost: &lt; 0,02 mm).<\/span><br \/><span class=\"bullet-line\">Nastaven\u00ed hloubky vrt\u00e1n\u00ed (\u2192 1 &#8211; 60 mm; pro v\u011bt\u0161\u00ed s\u00e9rie obrobk\u016f), sklopn\u00fd pracovn\u00ed st\u016fl (\u2192 vrt\u00e1n\u00ed pod \u00fahly; rozsah: \u00b1 45\u00b0).<\/span><br \/><span class=\"bullet-line\">Motor 600 W\/P1 (\u2192 1.400 ot.\/min., typ provozu: S1), vyp\u00edna\u010d v ochrann\u00e9m pouzdru, 2 m p\u0159\u00edpojn\u00fd elektrick\u00fd kabel H05 VV-F.<\/span><br \/><span class=\"bullet-line\">Konstrukce: hlin\u00edkov\u00e9 \u0159emenice (2), v\u0159eteno s k\u00f3nick\u00fdm \u00fachytem\/p\u0159esn\u00fdmi kuli\u010dkov\u00fdmi lo\u017eisky, robustn\u00ed vrtac\u00ed st\u016fl (\u2192 d x \u0161: 200 x 210 mm; se 14 mm dr\u00e1\u017ekami pro upevn\u011bn\u00ed sv\u011br\u00e1ku), stojn\u00e1 deska z litiny (\u2192 d x \u0161: 235 x 355 mm, v\u010detn\u011b v\u00fdvrt\u016f pro stacion\u00e1rn\u00ed ukotven\u00ed vrta\u010dky).<\/span><br \/><span class=\"bullet-line\">Celkov\u00e9 rozm\u011bry (d x \u0161 x v): 540 x 270 x 850 mm, hladina akustick\u00e9ho v\u00fdkonu LWA: 71 dB (A), elektrick\u00e1 ochrann\u00e1 t\u0159\u00edda: IP 20.<\/span><br \/><span class=\"bullet-line\">Doporu\u010den\u00e9 p\u0159\u00edslu\u0161enstv\u00ed: strojn\u00ed sv\u011br\u00e1ky G\u00dcDE 75 mm (38318), 100 mm (38319); vlo\u017eky do T-dr\u00e1\u017eek (38307), 8-d\u00edln\u00e1 sada HSS vrt\u00e1k\u016f (38327).<\/span><\/p>\n<\/div>\n<div class=\"parameters\">\n<tr>\n<td>P\u0159\u00edpojka<\/td>\n<td>230 Volt~50 Hz<\/td>\n<\/tr>\n<tr>\n<td>Zdvih pinoly<\/td>\n<td>60 mm<\/td>\n<\/tr>\n<tr>\n<td>Ot\u00e1\u010dky v\u0159etena<\/td>\n<td>630 &#8211; 2700 ot.\/min.<\/td>\n<\/tr>\n<tr>\n<td>Po\u010det rychlost\u00ed<\/td>\n<td>5<\/td>\n<\/tr>\n<tr>\n<td>Hmotnost (brutto)<\/td>\n<td>32 kg<\/td>\n<\/tr>\n<tr>\n<td>V\u00fdkon motoru<\/td>\n<td>600 W\/P1<\/td>\n<\/tr>\n<tr>\n<td>Vylo\u017een\u00ed<\/td>\n<td>125 mm<\/td>\n<\/tr>\n<tr>\n<td>Ku\u017eel v\u0159etena<\/td>\n<td>MK2\/B16<\/td>\n<\/tr>\n<tr>\n<td>Skl\u00ed\u010didlo<\/td>\n<td>3 &#8211; 16 mm<\/td>\n<\/tr><\/div>\n<\/table>\n","protected":false},"excerpt":{"rendered":"<p>Spolehliv\u00e1 stoln\u00ed vrta\u010dka, ur\u010den\u00e1 k vrt\u00e1n\u00ed kov\u016f, d\u0159eva nebo plast\u016f v podm\u00ednk\u00e1ch dom\u00e1c\u00edch\/servisn\u00edch d\u00edlen.5 rychlostn\u00edch stup\u0148\u016f ot\u00e1\u010den\u00ed v\u0159etena (\u2192 630\/980\/1.470\/1.920\/2.700 ot.\/min.; zm\u011bna ot\u00e1\u010dek manu\u00e1ln\u011b pomoc\u00ed \u0159emenic), rychloup\u00ednac\u00ed skl\u00ed\u010didlo pro n\u00e1stroje a vrt\u00e1ky \u00d8 3 &#8211; 16 mm (\u2192 h\u00e1zivost: &lt; 0,02 mm).Nastaven\u00ed hloubky vrt\u00e1n\u00ed (\u2192 1 &#8211; 60 mm; pro v\u011bt\u0161\u00ed s\u00e9rie obrobk\u016f), sklopn\u00fd pracovn\u00ed [&hellip;]<\/p>\n","protected":false},"featured_media":30470,"comment_status":"open","ping_status":"open","template":"","meta":[],"product_brand":[],"product_cat":[47],"product_tag":[],"class_list":{"0":"post-30370","1":"product","2":"type-product","3":"status-publish","4":"has-post-thumbnail","6":"product_cat-stroje","8":"first","9":"instock","10":"sale","11":"shipping-taxable","12":"purchasable","13":"product-type-simple"},"yoast_head":"<!-- This site is optimized with the Yoast SEO plugin v26.8 - https:\/\/yoast.com\/product\/yoast-seo-wordpress\/ -->\n<title>G\u00dcDE Stoln\u00ed vrta\u010dka GTB 16\/605 Ak\u010dn\u00ed Cena -<\/title>\n<meta name=\"robots\" content=\"index, follow, max-snippet:-1, max-image-preview:large, max-video-preview:-1\" \/>\n<link rel=\"canonical\" href=\"https:\/\/www.koupeltech.com\/index.php\/produkt\/gude-stolni-vrtacka-gtb-16-605-akcni-cena-30370\/\" \/>\n<meta property=\"og:locale\" content=\"cs_CZ\" \/>\n<meta property=\"og:type\" content=\"article\" \/>\n<meta property=\"og:title\" content=\"G\u00dcDE Stoln\u00ed vrta\u010dka GTB 16\/605 Ak\u010dn\u00ed Cena -\" \/>\n<meta property=\"og:description\" content=\"Spolehliv\u00e1 stoln\u00ed vrta\u010dka, ur\u010den\u00e1 k vrt\u00e1n\u00ed kov\u016f, d\u0159eva nebo plast\u016f v podm\u00ednk\u00e1ch dom\u00e1c\u00edch\/servisn\u00edch d\u00edlen.5 rychlostn\u00edch stup\u0148\u016f ot\u00e1\u010den\u00ed v\u0159etena (\u2192 630\/980\/1.470\/1.920\/2.700 ot.\/min.; zm\u011bna ot\u00e1\u010dek manu\u00e1ln\u011b pomoc\u00ed \u0159emenic), rychloup\u00ednac\u00ed skl\u00ed\u010didlo pro n\u00e1stroje a vrt\u00e1ky \u00d8 3 &#8211; 16 mm (\u2192 h\u00e1zivost: &lt; 0,02 mm).Nastaven\u00ed hloubky vrt\u00e1n\u00ed (\u2192 1 &#8211; 60 mm; pro v\u011bt\u0161\u00ed s\u00e9rie obrobk\u016f), sklopn\u00fd pracovn\u00ed [&hellip;]\" \/>\n<meta property=\"og:url\" content=\"https:\/\/www.koupeltech.com\/index.php\/produkt\/gude-stolni-vrtacka-gtb-16-605-akcni-cena-30370\/\" \/>\n<meta property=\"og:image\" content=\"https:\/\/www.koupeltech.com\/wp-content\/uploads\/2026\/SK0024989-CZ20260425-092328-0-1777080210-1246404-1_115044.webp\" \/>\n\t<meta property=\"og:image:width\" content=\"428\" \/>\n\t<meta property=\"og:image:height\" content=\"800\" \/>\n\t<meta property=\"og:image:type\" content=\"image\/webp\" \/>\n<meta name=\"twitter:card\" content=\"summary_large_image\" \/>\n<meta name=\"twitter:label1\" content=\"Odhadovan\u00e1 doba \u010dten\u00ed\" \/>\n\t<meta name=\"twitter:data1\" content=\"1 minuta\" \/>\n<script type=\"application\/ld+json\" class=\"yoast-schema-graph\">{\"@context\":\"https:\/\/schema.org\",\"@graph\":[{\"@type\":\"WebPage\",\"@id\":\"https:\/\/www.koupeltech.com\/index.php\/produkt\/gude-stolni-vrtacka-gtb-16-605-akcni-cena-30370\/\",\"url\":\"https:\/\/www.koupeltech.com\/index.php\/produkt\/gude-stolni-vrtacka-gtb-16-605-akcni-cena-30370\/\",\"name\":\"G\u00dcDE Stoln\u00ed vrta\u010dka GTB 16\/605 Ak\u010dn\u00ed Cena -\",\"isPartOf\":{\"@id\":\"https:\/\/www.koupeltech.com\/#website\"},\"primaryImageOfPage\":{\"@id\":\"https:\/\/www.koupeltech.com\/index.php\/produkt\/gude-stolni-vrtacka-gtb-16-605-akcni-cena-30370\/#primaryimage\"},\"image\":{\"@id\":\"https:\/\/www.koupeltech.com\/index.php\/produkt\/gude-stolni-vrtacka-gtb-16-605-akcni-cena-30370\/#primaryimage\"},\"thumbnailUrl\":\"https:\/\/www.koupeltech.com\/wp-content\/uploads\/2026\/SK0024989-CZ20260425-092328-0-1777080210-1246404-1_115044.webp\",\"datePublished\":\"2026-04-27T14:00:28+00:00\",\"breadcrumb\":{\"@id\":\"https:\/\/www.koupeltech.com\/index.php\/produkt\/gude-stolni-vrtacka-gtb-16-605-akcni-cena-30370\/#breadcrumb\"},\"inLanguage\":\"cs\",\"potentialAction\":[{\"@type\":\"ReadAction\",\"target\":[\"https:\/\/www.koupeltech.com\/index.php\/produkt\/gude-stolni-vrtacka-gtb-16-605-akcni-cena-30370\/\"]}]},{\"@type\":\"ImageObject\",\"inLanguage\":\"cs\",\"@id\":\"https:\/\/www.koupeltech.com\/index.php\/produkt\/gude-stolni-vrtacka-gtb-16-605-akcni-cena-30370\/#primaryimage\",\"url\":\"https:\/\/www.koupeltech.com\/wp-content\/uploads\/2026\/SK0024989-CZ20260425-092328-0-1777080210-1246404-1_115044.webp\",\"contentUrl\":\"https:\/\/www.koupeltech.com\/wp-content\/uploads\/2026\/SK0024989-CZ20260425-092328-0-1777080210-1246404-1_115044.webp\",\"width\":428,\"height\":800},{\"@type\":\"BreadcrumbList\",\"@id\":\"https:\/\/www.koupeltech.com\/index.php\/produkt\/gude-stolni-vrtacka-gtb-16-605-akcni-cena-30370\/#breadcrumb\",\"itemListElement\":[{\"@type\":\"ListItem\",\"position\":1,\"name\":\"Home\",\"item\":\"https:\/\/www.koupeltech.com\/\"},{\"@type\":\"ListItem\",\"position\":2,\"name\":\"Products\",\"item\":\"https:\/\/www.koupeltech.com\/index.php\/products\/\"},{\"@type\":\"ListItem\",\"position\":3,\"name\":\"G\u00dcDE Stoln\u00ed vrta\u010dka GTB 16\/605 Ak\u010dn\u00ed Cena\"}]},{\"@type\":\"WebSite\",\"@id\":\"https:\/\/www.koupeltech.com\/#website\",\"url\":\"https:\/\/www.koupeltech.com\/\",\"name\":\"\",\"description\":\"\",\"potentialAction\":[{\"@type\":\"SearchAction\",\"target\":{\"@type\":\"EntryPoint\",\"urlTemplate\":\"https:\/\/www.koupeltech.com\/?s={search_term_string}\"},\"query-input\":{\"@type\":\"PropertyValueSpecification\",\"valueRequired\":true,\"valueName\":\"search_term_string\"}}],\"inLanguage\":\"cs\"}]}<\/script>\n<!-- \/ Yoast SEO plugin. -->","yoast_head_json":{"title":"G\u00dcDE Stoln\u00ed vrta\u010dka GTB 16\/605 Ak\u010dn\u00ed Cena -","robots":{"index":"index","follow":"follow","max-snippet":"max-snippet:-1","max-image-preview":"max-image-preview:large","max-video-preview":"max-video-preview:-1"},"canonical":"https:\/\/www.koupeltech.com\/index.php\/produkt\/gude-stolni-vrtacka-gtb-16-605-akcni-cena-30370\/","og_locale":"cs_CZ","og_type":"article","og_title":"G\u00dcDE Stoln\u00ed vrta\u010dka GTB 16\/605 Ak\u010dn\u00ed Cena -","og_description":"Spolehliv\u00e1 stoln\u00ed vrta\u010dka, ur\u010den\u00e1 k vrt\u00e1n\u00ed kov\u016f, d\u0159eva nebo plast\u016f v podm\u00ednk\u00e1ch dom\u00e1c\u00edch\/servisn\u00edch d\u00edlen.5 rychlostn\u00edch stup\u0148\u016f ot\u00e1\u010den\u00ed v\u0159etena (\u2192 630\/980\/1.470\/1.920\/2.700 ot.\/min.; zm\u011bna ot\u00e1\u010dek manu\u00e1ln\u011b pomoc\u00ed \u0159emenic), rychloup\u00ednac\u00ed skl\u00ed\u010didlo pro n\u00e1stroje a vrt\u00e1ky \u00d8 3 &#8211; 16 mm (\u2192 h\u00e1zivost: &lt; 0,02 mm).Nastaven\u00ed hloubky vrt\u00e1n\u00ed (\u2192 1 &#8211; 60 mm; pro v\u011bt\u0161\u00ed s\u00e9rie obrobk\u016f), sklopn\u00fd pracovn\u00ed [&hellip;]","og_url":"https:\/\/www.koupeltech.com\/index.php\/produkt\/gude-stolni-vrtacka-gtb-16-605-akcni-cena-30370\/","og_image":[{"width":428,"height":800,"url":"https:\/\/www.koupeltech.com\/wp-content\/uploads\/2026\/SK0024989-CZ20260425-092328-0-1777080210-1246404-1_115044.webp","type":"image\/webp"}],"twitter_card":"summary_large_image","twitter_misc":{"Odhadovan\u00e1 doba \u010dten\u00ed":"1 minuta"},"schema":{"@context":"https:\/\/schema.org","@graph":[{"@type":"WebPage","@id":"https:\/\/www.koupeltech.com\/index.php\/produkt\/gude-stolni-vrtacka-gtb-16-605-akcni-cena-30370\/","url":"https:\/\/www.koupeltech.com\/index.php\/produkt\/gude-stolni-vrtacka-gtb-16-605-akcni-cena-30370\/","name":"G\u00dcDE Stoln\u00ed vrta\u010dka GTB 16\/605 Ak\u010dn\u00ed Cena -","isPartOf":{"@id":"https:\/\/www.koupeltech.com\/#website"},"primaryImageOfPage":{"@id":"https:\/\/www.koupeltech.com\/index.php\/produkt\/gude-stolni-vrtacka-gtb-16-605-akcni-cena-30370\/#primaryimage"},"image":{"@id":"https:\/\/www.koupeltech.com\/index.php\/produkt\/gude-stolni-vrtacka-gtb-16-605-akcni-cena-30370\/#primaryimage"},"thumbnailUrl":"https:\/\/www.koupeltech.com\/wp-content\/uploads\/2026\/SK0024989-CZ20260425-092328-0-1777080210-1246404-1_115044.webp","datePublished":"2026-04-27T14:00:28+00:00","breadcrumb":{"@id":"https:\/\/www.koupeltech.com\/index.php\/produkt\/gude-stolni-vrtacka-gtb-16-605-akcni-cena-30370\/#breadcrumb"},"inLanguage":"cs","potentialAction":[{"@type":"ReadAction","target":["https:\/\/www.koupeltech.com\/index.php\/produkt\/gude-stolni-vrtacka-gtb-16-605-akcni-cena-30370\/"]}]},{"@type":"ImageObject","inLanguage":"cs","@id":"https:\/\/www.koupeltech.com\/index.php\/produkt\/gude-stolni-vrtacka-gtb-16-605-akcni-cena-30370\/#primaryimage","url":"https:\/\/www.koupeltech.com\/wp-content\/uploads\/2026\/SK0024989-CZ20260425-092328-0-1777080210-1246404-1_115044.webp","contentUrl":"https:\/\/www.koupeltech.com\/wp-content\/uploads\/2026\/SK0024989-CZ20260425-092328-0-1777080210-1246404-1_115044.webp","width":428,"height":800},{"@type":"BreadcrumbList","@id":"https:\/\/www.koupeltech.com\/index.php\/produkt\/gude-stolni-vrtacka-gtb-16-605-akcni-cena-30370\/#breadcrumb","itemListElement":[{"@type":"ListItem","position":1,"name":"Home","item":"https:\/\/www.koupeltech.com\/"},{"@type":"ListItem","position":2,"name":"Products","item":"https:\/\/www.koupeltech.com\/index.php\/products\/"},{"@type":"ListItem","position":3,"name":"G\u00dcDE Stoln\u00ed vrta\u010dka GTB 16\/605 Ak\u010dn\u00ed Cena"}]},{"@type":"WebSite","@id":"https:\/\/www.koupeltech.com\/#website","url":"https:\/\/www.koupeltech.com\/","name":"","description":"","potentialAction":[{"@type":"SearchAction","target":{"@type":"EntryPoint","urlTemplate":"https:\/\/www.koupeltech.com\/?s={search_term_string}"},"query-input":{"@type":"PropertyValueSpecification","valueRequired":true,"valueName":"search_term_string"}}],"inLanguage":"cs"}]}},"_links":{"self":[{"href":"https:\/\/www.koupeltech.com\/index.php\/wp-json\/wp\/v2\/product\/30370","targetHints":{"allow":["GET"]}}],"collection":[{"href":"https:\/\/www.koupeltech.com\/index.php\/wp-json\/wp\/v2\/product"}],"about":[{"href":"https:\/\/www.koupeltech.com\/index.php\/wp-json\/wp\/v2\/types\/product"}],"replies":[{"embeddable":true,"href":"https:\/\/www.koupeltech.com\/index.php\/wp-json\/wp\/v2\/comments?post=30370"}],"wp:featuredmedia":[{"embeddable":true,"href":"https:\/\/www.koupeltech.com\/index.php\/wp-json\/wp\/v2\/media\/30470"}],"wp:attachment":[{"href":"https:\/\/www.koupeltech.com\/index.php\/wp-json\/wp\/v2\/media?parent=30370"}],"wp:term":[{"taxonomy":"product_brand","embeddable":true,"href":"https:\/\/www.koupeltech.com\/index.php\/wp-json\/wp\/v2\/product_brand?post=30370"},{"taxonomy":"product_cat","embeddable":true,"href":"https:\/\/www.koupeltech.com\/index.php\/wp-json\/wp\/v2\/product_cat?post=30370"},{"taxonomy":"product_tag","embeddable":true,"href":"https:\/\/www.koupeltech.com\/index.php\/wp-json\/wp\/v2\/product_tag?post=30370"}],"curies":[{"name":"wp","href":"https:\/\/api.w.org\/{rel}","templated":true}]}}