{"id":32296,"date":"2026-04-27T14:00:47","date_gmt":"2026-04-27T14:00:47","guid":{"rendered":""},"modified":"2026-04-27T14:00:47","modified_gmt":"2026-04-27T14:00:47","slug":"zlevneny-police-30-cm-nimco-br-x330-26-32296","status":"publish","type":"product","link":"https:\/\/www.koupeltech.com\/index.php\/produkt\/zlevneny-police-30-cm-nimco-br-x330-26-32296\/","title":{"rendered":"Zlevn\u011bn\u00fd Police, 30 cm Nimco BR X330-26"},"content":{"rendered":"<div class=\"basic-description\">\n<h3>Detailn\u00ed popis produktu<\/h3>\n<p>                                    Police, 30 cm je skv\u011bl\u00fdm dopl\u0148kem do koupelny. Sou\u010dasn\u00e9 technologie a t\u00e9m\u011b\u0159 ni\u010d\u00edm neomezen\u00e1 kreativita n\u00e1m umo\u017e\u0148uje dohromady vytvo\u0159it rozmanitou mozaiku trend\u016f, ze kter\u00fdch si vybere opravdu ka\u017ed\u00fd. Poli\u010dky IXI jsou jedn\u00edm z nich. Vyrobeny jsou ze speci\u00e1ln\u00edho ml\u00e9\u010dn\u00e9ho plexiskla s matn\u00fdm povrchem. Od b\u011b\u017en\u00e9ho skla se odli\u0161uj\u00ed n\u011bkolika z\u00e1sadn\u00edmi prvky, kter\u00e9 nab\u00edz\u00ed jeho vyu\u017eit\u00ed pr\u00e1v\u011b v koupeln\u00e1ch. Jsou bezpe\u010dn\u011bj\u0161\u00ed ne\u017e sklo. Jejich rozbit\u00ed nen\u00ed snadn\u00e9. Fr\u00e9zov\u00e1n\u00edm je mo\u017en\u00e9 doc\u00edlit stylov\u00fdch otvor\u016f, kter\u00e9 p\u016fsob\u00ed zaj\u00edmav\u011b a stylov\u011b. Oproti sklu maj\u00ed b\u011blej\u0161\u00ed zabarven\u00ed, kter\u00e9 v osv\u011btlen\u00e9 koupeln\u011b p\u016fsob\u00ed opravdu esteticky, p\u0159\u00edjemn\u011b a \u010dist\u011b b\u00edle.NIMCO v\u0161eobecn\u00fd ilustrovan\u00fd n\u00e1vod k mont\u00e1\u017ei v\u00fdrobk\u016f. Sou\u010d\u00e1st\u00ed v\u00fdrobku jsou \u0161rouby a hmo\u017edinky. Lze je pou\u017eit do betonu a obkladu, kter\u00fd m\u00e1 tlou\u0161\u0165ku do 8 mm. Spr\u00e1vn\u00e1 kombinace pou\u017eit\u00ed hmo\u017edinek a \u0161roub\u016f pro: BETON\u00a0\u2013 hmo\u017edinka pr. 6, vrut min. 3,5*40 mm CIHLA\u00a0\u2013 hmo\u017edinka pr. 6, vrut min 3,5*40 mm RIGIPS\u00a0\u2013 hmo\u017edinka uzlovac\u00ed do s\u00e1drokartonu a dut\u00fdch materi\u00e1l\u016f pr.6 mm, d\u00e9lka hmo\u017edinky 35 mm, vrut 3,5*40 mm OBKLAD\u00a0\u2013 hmo\u017edinky a \u0161rouby- nutn\u00e9 pou\u017e\u00edt del\u0161\u00ed o tlou\u0161\u0165ku dan\u00e9ho obkladu (dla\u017eby) \u00a0 \u010cast\u00e9 chyby p\u0159i mont\u00e1\u017ei!\u00a0 -vrt\u00e1n\u00ed mezi sp\u00e1ry -pou\u017eit\u00ed nespr\u00e1vn\u00e9 velikosti (pr\u016fm\u011bru a d\u00e9lky) hmo\u017edinek a \u0161roub\u016f -pou\u017eit\u00ed nespr\u00e1vn\u00e9 velikosti vrt\u00e1ku -zanesen\u00fd otvor po vyvrt\u00e1n\u00ed -pou\u017eit\u00e1 hmo\u017edinka vy\u010dn\u00edv\u00e1 nad obklad. Hmo\u017edinka mus\u00ed b\u00fdt v\u00a0jedn\u00e9 rovin\u011b s\u00a0obkladem. V\u00a0opa\u010dn\u00e9m p\u0159\u00edpad\u011b v\u00fdrobek na obklad\u011b nedr\u017e\u00ed a vyvikl\u00e1 se! -v\u00fdrobek nebude na st\u011bn\u011b uchycen\u00fd v\u00a0jedn\u00e9 rovin\u011b, pokud budou chybn\u011b vyvrtan\u00e9 otvoryV\u0161eobecn\u00fd n\u00e1vod \u00fadr\u017eby kovov\u00fdch v\u00fdrobk\u016f Povrch pochromovan\u00fdch v\u00fdrobk\u016f a v\u00fdrobk\u016f z\u00a0 korozivzdorn\u00e9 oceli vy\u017eaduje pravideln\u00e9 \u010di\u0161t\u011bn\u00ed. Koupelnov\u00e9 dopl\u0148ky lze \u010distit horkou vodou s prost\u0159edkem na myt\u00ed n\u00e1dob\u00ed (sapon\u00e1t) a pot\u00e9 p\u0159ele\u0161tit jemn\u00fdm had\u0159\u00edkem a vyt\u0159\u00edt do sucha. Nejlep\u0161\u00ed zp\u016fsob na odstran\u011bn\u00ed siln\u011bj\u0161\u00edho zne\u010di\u0161t\u011bn\u00ed, nap\u0159. vodn\u00edho kamene, je pou\u017eit\u00ed octa. Roztok by m\u011bl p\u016fsobit n\u011bjakou dobu, cca 15 \u2013 20 minut. Po aplikaci je nutn\u00e9 v\u00fdrobek dob\u0159e opl\u00e1chnout \u010distou vodou. Na plochy v\u00fdrobk\u016f z korozivzdorn\u00e9 oceli le\u0161t\u011bn\u00e9 do vysok\u00e9ho lesku je nutn\u00e9 pou\u017e\u00edvat bezchl\u00f3rov\u00e9 prost\u0159edky! Nap\u0159. na \u010di\u0161t\u011bn\u00ed skla. Sklen\u011bn\u00e9 a keramick\u00e9 p\u0159\u00edslu\u0161enstv\u00ed dopl\u0148k\u016f \u010dist\u011bte obdobn\u00fdm zp\u016fsobem jako kovov\u00e9 \u010d\u00e1sti a vyvarujte se tak\u00e9 pou\u017e\u00edv\u00e1n\u00ed prost\u0159edk\u016f zm\u00edn\u011bn\u00fdch n\u00ed\u017ee. V \u017e\u00e1dn\u00e9m p\u0159\u00edpad\u011b nepou\u017e\u00edvejte k \u010di\u0161t\u011bn\u00ed my\u010dku na n\u00e1dob\u00ed. Pro \u00fadr\u017ebu kovov\u00e9ho, sklen\u011bn\u00e9ho a keramick\u00e9ho p\u0159\u00edslu\u0161enstv\u00ed sta\u010d\u00ed pou\u017e\u00edvat had\u0159\u00edky, kter\u00e9 lze objednat pod n\u00e1sleduj\u00edc\u00edmi artiklov\u00fdmi \u010d\u00edsly: RP 1005, RP 1005 SET, RP 1006 a RP 1006 SET. Tyto had\u0159\u00edky jsou skv\u011bl\u00fdmi pomocn\u00edky v dom\u00e1cnosti. Jsou ide\u00e1ln\u00ed pro \u010di\u0161t\u011bn\u00ed r\u016fzn\u00fdch povrch\u016f a d\u00edky jejich vysok\u00e9 kvalit\u011b zajist\u00ed dokonal\u00fd v\u00fdsledek p\u0159i ka\u017ed\u00e9m pou\u017eit\u00ed, a to bez pou\u017eit\u00ed chemick\u00fdch prost\u0159edk\u016f! \u00a0 Po\u0161kozen\u00ed povrchu m\u016f\u017ee nastat v t\u011bchto p\u0159\u00edpadech : a) pou\u017eit\u00ed b\u011bl\u00edc\u00edch nebo desinfek\u010dn\u00edch prost\u0159edk\u016f p\u0159edev\u0161\u00edm pokud obsahuj\u00ed slou\u010deniny chloru\u00a0 (chlornany, chlore\u010dnany, apod.). Tyto prost\u0159edky nemus\u00ed b\u00fdt pou\u017e\u00edv\u00e1ny p\u0159\u00edmo na v\u00fdrobky. V\u00fdrobek m\u016f\u017ee b\u00fdt po\u0161kozen i v nev\u011btrateln\u00e9 m\u00edstnosti, kde se sr\u00e1\u017e\u00ed voda s p\u0159\u00edm\u011bs\u00ed chloru (baz\u00e9ny, v\u00ed\u0159ivky apod). b) vlivem p\u016fsoben\u00ed vodn\u00edho kamene. Tlust\u00e9 vrstvy vodn\u00edho kamene, kter\u00e9 jsou i vlhk\u00e9, v\u00fdrazn\u011b zvy\u0161uj\u00ed riziko po\u0161kozen\u00ed i koroze. c) pou\u017eit\u00ed alkalick\u00fdch nebo kysel\u00fdch siln\u011b koncentrovan\u00fdch \u010distic\u00edch prost\u0159edk\u016f a prost\u0159edk\u016f obsahuj\u00edc\u00ed siln\u00e1 oxida\u010dn\u00ed \u010dinidla (protipl\u00eds\u0148ov\u00e9 a b\u011bl\u00edc\u00ed prost\u0159edky). Tyto prost\u0159edky nemus\u00ed b\u00fdt pou\u017e\u00edv\u00e1ny p\u0159\u00edmo na v\u00fdrobky. V omezen\u011b prov\u011btr\u00e1van\u00fdch prostorech je vhodn\u00e9 se vyhnout pou\u017eit\u00ed t\u011bchto prost\u0159edk\u016f \u2013 odpa\u0159ovan\u00e9 chlorovan\u00e9 slou\u010deniny mohou na povrchu kondenzovat a t\u00edm ho po\u0161kodit. Pokud je nutn\u00e9 tyto \u010distic\u00ed nebo desinfek\u010dn\u00ed prost\u0159edky pou\u017e\u00edt, je nutn\u00e9 zajistit dobr\u00e9 v\u011btr\u00e1n\u00ed prostor a \u010di\u0161t\u011bn\u00e9 povrchy dob\u0159e a rychle opl\u00e1chnout! d) pou\u017e\u00edt\u00ed prost\u0159edk\u016f stavebn\u00ed chemie ur\u010den\u00fdch pro \u010di\u0161t\u011bn\u00ed nap\u0159. dla\u017eeb od stavebn\u00edch hmot &#8211; jsou velmi korozn\u011b agresivn\u00ed! e) pou\u017eit\u00ed tekut\u00fdch nebo pastovit\u00fdch p\u00edsk\u016f, kter\u00e9 obsahuj\u00ed abrasivn\u00ed \u010d\u00e1stice! Je t\u0159eba vyhnout se jak\u00fdmkoli drsn\u00fdm \u010distic\u00edm prost\u0159edk\u016fm, proto\u017ee ty mohou b\u00fdt p\u0159\u00ed\u010dinou \u0161kr\u00e1banc\u016f. V \u017e\u00e1dn\u00e9m p\u0159\u00edpad\u011b se nesm\u00ed pou\u017e\u00edvat ocelov\u00e1 vlna. Ta uvol\u0148uje \u010d\u00e1ste\u010dky \u017eeleza, kter\u00e9 poru\u0161uj\u00ed povrch. f) pou\u017e\u00edv\u00e1n\u00ed ponorn\u00fdch l\u00e1zn\u00ed na \u010di\u0161t\u011bn\u00ed st\u0159\u00edbra! Ty obsahuj\u00ed siln\u00e9 kyseliny nebo chloridy a jsou pro \u010di\u0161t\u011bn\u00ed pochromovan\u00fdch v\u00fdrobk\u016f \u010di v\u00fdrobk\u016f z korozivzdorn\u00e9 oceli rovn\u011b\u017e naprosto nevhodn\u00e9. g) v p\u0159\u00edpad\u011b \u010di\u0161t\u011bn\u00ed povrch\u016f \u010dist\u00edc\u00edmi prost\u0159edky, kde nen\u00ed zn\u00e1m\u00e9 slo\u017een\u00ed, kter\u00e9 by mohlo po\u0161kodit vrchn\u00ed vrstvu povrchov\u00e9 \u00fapravy. \u0160kodliv\u00e1 je i kuchy\u0148sk\u00e1 s\u016fl. Pou\u017e\u00edv\u00e1n\u00edm nevhodn\u00fdch \u010dist\u00edc\u00edch prost\u0159edk\u016f nebo nespr\u00e1vnou \u00fadr\u017ebou doch\u00e1z\u00ed k po\u0161kozen\u00ed v\u00fdrobku vinou spot\u0159ebitele a na vznikl\u00e9 z\u00e1vady nem\u016f\u017ee b\u00fdt uplatn\u011bna reklamace!                            <\/p><\/div>\n<div class=\"extended-description\">\n<h3>Dopl\u0148kov\u00e9 parametry<\/h3>\n<table class=\"detail-parameters\">\n<tbody>\n<tr>\n<th>        <span class=\"row-header-label\">            Kategorie<span class=\"row-header-label-colon\">:<\/span>        <\/span>    <\/th>\n<td>            <\/td>\n<\/tr>\n<tr>\n<th>            <span class=\"row-header-label\">                Z\u00e1ruka<span class=\"row-header-label-colon\">:<\/span>            <\/span>        <\/th>\n<td>            120        <\/td>\n<\/tr>\n<tr>\n<th>                <span class=\"row-header-label\">                                            Balen\u00ed (\u0161 x v x h)<span class=\"row-header-label-colon\">:<\/span>                                    <\/span>            <\/th>\n<td>                                                            420 x 90 x 160mm                                                <\/td>\n<\/tr>\n<tr>\n<th>                <span class=\"row-header-label\">                                            Barva<span class=\"row-header-label-colon\">:<\/span>                                    <\/span>            <\/th>\n<td>                                                            Chrom                                                <\/td>\n<\/tr>\n<tr>\n<th>                <span class=\"row-header-label\">                                            Dostupnost<span class=\"row-header-label-colon\">:<\/span>                                    <\/span>            <\/th>\n<td>                                                            Skladem                                                <\/td>\n<\/tr>\n<tr>\n<th>                <span class=\"row-header-label\">                                            Materi\u00e1l<span class=\"row-header-label-colon\">:<\/span>                                    <\/span>            <\/th>\n<td>                                                            Pochromovan\u00e1 mosaz                                                <\/td>\n<\/tr>\n<tr>\n<th>                <span class=\"row-header-label\">                                            Povrch<span class=\"row-header-label-colon\">:<\/span>                                    <\/span>            <\/th>\n<td>                                                            Chrom.                                                <\/td>\n<\/tr>\n<tr>\n<th>                <span class=\"row-header-label\">                                            Rozm\u011br<span class=\"row-header-label-colon\">:<\/span>                                    <\/span>            <\/th>\n<td>                                                            201-300 mm                                                <\/td>\n<\/tr>\n<tr>\n<th>                <span class=\"row-header-label\">                                            Rozm\u011bry (\u0161 x v x h)<span class=\"row-header-label-colon\">:<\/span>                                    <\/span>            <\/th>\n<td>                                                            300 x 22 x 133mm                                                <\/td>\n<\/tr>\n<tr>\n<th>                <span class=\"row-header-label\">                                            Tvar<span class=\"row-header-label-colon\">:<\/span>                                    <\/span>            <\/th>\n<td>                                                            Obd\u00e9ln\u00edkov\u00e9                                                <\/td>\n<\/tr>\n<tr>\n<th>                <span class=\"row-header-label\">                                            Typ mont\u00e1\u017ee<span class=\"row-header-label-colon\">:<\/span>                                    <\/span>            <\/th>\n<td>                                                            Vrt\u00e1n\u00ed                                                <\/td>\n<\/tr>\n<tr>\n<th>                <span class=\"row-header-label\">                                            V\u00e1ha<span class=\"row-header-label-colon\">:<\/span>                                    <\/span>            <\/th>\n<td>                                                            0,578 kg                                                <\/td>\n<\/tr>\n<tr>\n<th>                <span class=\"row-header-label\">                                            Z\u00e1ru\u010dn\u00ed doba<span class=\"row-header-label-colon\">:<\/span>                                    <\/span>            <\/th>\n<td>                                                            10 let                                                <\/td>\n<\/tr>\n<\/tbody>\n<\/table><\/div>\n<\/p><\/div>\n<\/p><\/div>\n","protected":false},"excerpt":{"rendered":"<p>Detailn\u00ed popis produktu Police, 30 cm je skv\u011bl\u00fdm dopl\u0148kem do koupelny. Sou\u010dasn\u00e9 technologie a t\u00e9m\u011b\u0159 ni\u010d\u00edm neomezen\u00e1 kreativita n\u00e1m umo\u017e\u0148uje dohromady vytvo\u0159it rozmanitou mozaiku trend\u016f, ze kter\u00fdch si vybere opravdu ka\u017ed\u00fd. Poli\u010dky IXI jsou jedn\u00edm z nich. Vyrobeny jsou ze speci\u00e1ln\u00edho ml\u00e9\u010dn\u00e9ho plexiskla s matn\u00fdm povrchem. Od b\u011b\u017en\u00e9ho skla se odli\u0161uj\u00ed n\u011bkolika z\u00e1sadn\u00edmi prvky, kter\u00e9 [&hellip;]<\/p>\n","protected":false},"featured_media":32396,"comment_status":"open","ping_status":"open","template":"","meta":[],"product_brand":[],"product_cat":[72],"product_tag":[],"class_list":{"0":"post-32296","1":"product","2":"type-product","3":"status-publish","4":"has-post-thumbnail","6":"product_cat-koupelnove-doplnky","8":"first","9":"instock","10":"sale","11":"shipping-taxable","12":"purchasable","13":"product-type-simple"},"yoast_head":"<!-- This site is optimized with the Yoast SEO plugin v26.8 - https:\/\/yoast.com\/product\/yoast-seo-wordpress\/ -->\n<title>Zlevn\u011bn\u00fd Police, 30 cm Nimco BR X330-26 -<\/title>\n<meta name=\"robots\" content=\"index, follow, max-snippet:-1, max-image-preview:large, max-video-preview:-1\" \/>\n<link rel=\"canonical\" href=\"https:\/\/www.koupeltech.com\/index.php\/produkt\/zlevneny-police-30-cm-nimco-br-x330-26-32296\/\" \/>\n<meta property=\"og:locale\" content=\"cs_CZ\" \/>\n<meta property=\"og:type\" content=\"article\" \/>\n<meta property=\"og:title\" content=\"Zlevn\u011bn\u00fd Police, 30 cm Nimco BR X330-26 -\" \/>\n<meta property=\"og:description\" content=\"Detailn\u00ed popis produktu Police, 30 cm je skv\u011bl\u00fdm dopl\u0148kem do koupelny. Sou\u010dasn\u00e9 technologie a t\u00e9m\u011b\u0159 ni\u010d\u00edm neomezen\u00e1 kreativita n\u00e1m umo\u017e\u0148uje dohromady vytvo\u0159it rozmanitou mozaiku trend\u016f, ze kter\u00fdch si vybere opravdu ka\u017ed\u00fd. Poli\u010dky IXI jsou jedn\u00edm z nich. Vyrobeny jsou ze speci\u00e1ln\u00edho ml\u00e9\u010dn\u00e9ho plexiskla s matn\u00fdm povrchem. Od b\u011b\u017en\u00e9ho skla se odli\u0161uj\u00ed n\u011bkolika z\u00e1sadn\u00edmi prvky, kter\u00e9 [&hellip;]\" \/>\n<meta property=\"og:url\" content=\"https:\/\/www.koupeltech.com\/index.php\/produkt\/zlevneny-police-30-cm-nimco-br-x330-26-32296\/\" \/>\n<meta property=\"og:image\" content=\"https:\/\/www.koupeltech.com\/wp-content\/uploads\/2026\/SK0025777-CZ20260425-092556-0-1777080363-1851757_police-30-cm-nahled.webp\" \/>\n\t<meta property=\"og:image:width\" content=\"1000\" \/>\n\t<meta property=\"og:image:height\" content=\"750\" \/>\n\t<meta property=\"og:image:type\" content=\"image\/webp\" \/>\n<meta name=\"twitter:card\" content=\"summary_large_image\" \/>\n<meta name=\"twitter:label1\" content=\"Odhadovan\u00e1 doba \u010dten\u00ed\" \/>\n\t<meta name=\"twitter:data1\" content=\"5 minut\" \/>\n<script type=\"application\/ld+json\" class=\"yoast-schema-graph\">{\"@context\":\"https:\/\/schema.org\",\"@graph\":[{\"@type\":\"WebPage\",\"@id\":\"https:\/\/www.koupeltech.com\/index.php\/produkt\/zlevneny-police-30-cm-nimco-br-x330-26-32296\/\",\"url\":\"https:\/\/www.koupeltech.com\/index.php\/produkt\/zlevneny-police-30-cm-nimco-br-x330-26-32296\/\",\"name\":\"Zlevn\u011bn\u00fd Police, 30 cm Nimco BR X330-26 -\",\"isPartOf\":{\"@id\":\"https:\/\/www.koupeltech.com\/#website\"},\"primaryImageOfPage\":{\"@id\":\"https:\/\/www.koupeltech.com\/index.php\/produkt\/zlevneny-police-30-cm-nimco-br-x330-26-32296\/#primaryimage\"},\"image\":{\"@id\":\"https:\/\/www.koupeltech.com\/index.php\/produkt\/zlevneny-police-30-cm-nimco-br-x330-26-32296\/#primaryimage\"},\"thumbnailUrl\":\"https:\/\/www.koupeltech.com\/wp-content\/uploads\/2026\/SK0025777-CZ20260425-092556-0-1777080363-1851757_police-30-cm-nahled.webp\",\"datePublished\":\"2026-04-27T14:00:47+00:00\",\"breadcrumb\":{\"@id\":\"https:\/\/www.koupeltech.com\/index.php\/produkt\/zlevneny-police-30-cm-nimco-br-x330-26-32296\/#breadcrumb\"},\"inLanguage\":\"cs\",\"potentialAction\":[{\"@type\":\"ReadAction\",\"target\":[\"https:\/\/www.koupeltech.com\/index.php\/produkt\/zlevneny-police-30-cm-nimco-br-x330-26-32296\/\"]}]},{\"@type\":\"ImageObject\",\"inLanguage\":\"cs\",\"@id\":\"https:\/\/www.koupeltech.com\/index.php\/produkt\/zlevneny-police-30-cm-nimco-br-x330-26-32296\/#primaryimage\",\"url\":\"https:\/\/www.koupeltech.com\/wp-content\/uploads\/2026\/SK0025777-CZ20260425-092556-0-1777080363-1851757_police-30-cm-nahled.webp\",\"contentUrl\":\"https:\/\/www.koupeltech.com\/wp-content\/uploads\/2026\/SK0025777-CZ20260425-092556-0-1777080363-1851757_police-30-cm-nahled.webp\",\"width\":1000,\"height\":750},{\"@type\":\"BreadcrumbList\",\"@id\":\"https:\/\/www.koupeltech.com\/index.php\/produkt\/zlevneny-police-30-cm-nimco-br-x330-26-32296\/#breadcrumb\",\"itemListElement\":[{\"@type\":\"ListItem\",\"position\":1,\"name\":\"Home\",\"item\":\"https:\/\/www.koupeltech.com\/\"},{\"@type\":\"ListItem\",\"position\":2,\"name\":\"Products\",\"item\":\"https:\/\/www.koupeltech.com\/index.php\/products\/\"},{\"@type\":\"ListItem\",\"position\":3,\"name\":\"Zlevn\u011bn\u00fd Police, 30 cm Nimco BR X330-26\"}]},{\"@type\":\"WebSite\",\"@id\":\"https:\/\/www.koupeltech.com\/#website\",\"url\":\"https:\/\/www.koupeltech.com\/\",\"name\":\"\",\"description\":\"\",\"potentialAction\":[{\"@type\":\"SearchAction\",\"target\":{\"@type\":\"EntryPoint\",\"urlTemplate\":\"https:\/\/www.koupeltech.com\/?s={search_term_string}\"},\"query-input\":{\"@type\":\"PropertyValueSpecification\",\"valueRequired\":true,\"valueName\":\"search_term_string\"}}],\"inLanguage\":\"cs\"}]}<\/script>\n<!-- \/ Yoast SEO plugin. -->","yoast_head_json":{"title":"Zlevn\u011bn\u00fd Police, 30 cm Nimco BR X330-26 -","robots":{"index":"index","follow":"follow","max-snippet":"max-snippet:-1","max-image-preview":"max-image-preview:large","max-video-preview":"max-video-preview:-1"},"canonical":"https:\/\/www.koupeltech.com\/index.php\/produkt\/zlevneny-police-30-cm-nimco-br-x330-26-32296\/","og_locale":"cs_CZ","og_type":"article","og_title":"Zlevn\u011bn\u00fd Police, 30 cm Nimco BR X330-26 -","og_description":"Detailn\u00ed popis produktu Police, 30 cm je skv\u011bl\u00fdm dopl\u0148kem do koupelny. Sou\u010dasn\u00e9 technologie a t\u00e9m\u011b\u0159 ni\u010d\u00edm neomezen\u00e1 kreativita n\u00e1m umo\u017e\u0148uje dohromady vytvo\u0159it rozmanitou mozaiku trend\u016f, ze kter\u00fdch si vybere opravdu ka\u017ed\u00fd. Poli\u010dky IXI jsou jedn\u00edm z nich. Vyrobeny jsou ze speci\u00e1ln\u00edho ml\u00e9\u010dn\u00e9ho plexiskla s matn\u00fdm povrchem. Od b\u011b\u017en\u00e9ho skla se odli\u0161uj\u00ed n\u011bkolika z\u00e1sadn\u00edmi prvky, kter\u00e9 [&hellip;]","og_url":"https:\/\/www.koupeltech.com\/index.php\/produkt\/zlevneny-police-30-cm-nimco-br-x330-26-32296\/","og_image":[{"width":1000,"height":750,"url":"https:\/\/www.koupeltech.com\/wp-content\/uploads\/2026\/SK0025777-CZ20260425-092556-0-1777080363-1851757_police-30-cm-nahled.webp","type":"image\/webp"}],"twitter_card":"summary_large_image","twitter_misc":{"Odhadovan\u00e1 doba \u010dten\u00ed":"5 minut"},"schema":{"@context":"https:\/\/schema.org","@graph":[{"@type":"WebPage","@id":"https:\/\/www.koupeltech.com\/index.php\/produkt\/zlevneny-police-30-cm-nimco-br-x330-26-32296\/","url":"https:\/\/www.koupeltech.com\/index.php\/produkt\/zlevneny-police-30-cm-nimco-br-x330-26-32296\/","name":"Zlevn\u011bn\u00fd Police, 30 cm Nimco BR X330-26 -","isPartOf":{"@id":"https:\/\/www.koupeltech.com\/#website"},"primaryImageOfPage":{"@id":"https:\/\/www.koupeltech.com\/index.php\/produkt\/zlevneny-police-30-cm-nimco-br-x330-26-32296\/#primaryimage"},"image":{"@id":"https:\/\/www.koupeltech.com\/index.php\/produkt\/zlevneny-police-30-cm-nimco-br-x330-26-32296\/#primaryimage"},"thumbnailUrl":"https:\/\/www.koupeltech.com\/wp-content\/uploads\/2026\/SK0025777-CZ20260425-092556-0-1777080363-1851757_police-30-cm-nahled.webp","datePublished":"2026-04-27T14:00:47+00:00","breadcrumb":{"@id":"https:\/\/www.koupeltech.com\/index.php\/produkt\/zlevneny-police-30-cm-nimco-br-x330-26-32296\/#breadcrumb"},"inLanguage":"cs","potentialAction":[{"@type":"ReadAction","target":["https:\/\/www.koupeltech.com\/index.php\/produkt\/zlevneny-police-30-cm-nimco-br-x330-26-32296\/"]}]},{"@type":"ImageObject","inLanguage":"cs","@id":"https:\/\/www.koupeltech.com\/index.php\/produkt\/zlevneny-police-30-cm-nimco-br-x330-26-32296\/#primaryimage","url":"https:\/\/www.koupeltech.com\/wp-content\/uploads\/2026\/SK0025777-CZ20260425-092556-0-1777080363-1851757_police-30-cm-nahled.webp","contentUrl":"https:\/\/www.koupeltech.com\/wp-content\/uploads\/2026\/SK0025777-CZ20260425-092556-0-1777080363-1851757_police-30-cm-nahled.webp","width":1000,"height":750},{"@type":"BreadcrumbList","@id":"https:\/\/www.koupeltech.com\/index.php\/produkt\/zlevneny-police-30-cm-nimco-br-x330-26-32296\/#breadcrumb","itemListElement":[{"@type":"ListItem","position":1,"name":"Home","item":"https:\/\/www.koupeltech.com\/"},{"@type":"ListItem","position":2,"name":"Products","item":"https:\/\/www.koupeltech.com\/index.php\/products\/"},{"@type":"ListItem","position":3,"name":"Zlevn\u011bn\u00fd Police, 30 cm Nimco BR X330-26"}]},{"@type":"WebSite","@id":"https:\/\/www.koupeltech.com\/#website","url":"https:\/\/www.koupeltech.com\/","name":"","description":"","potentialAction":[{"@type":"SearchAction","target":{"@type":"EntryPoint","urlTemplate":"https:\/\/www.koupeltech.com\/?s={search_term_string}"},"query-input":{"@type":"PropertyValueSpecification","valueRequired":true,"valueName":"search_term_string"}}],"inLanguage":"cs"}]}},"_links":{"self":[{"href":"https:\/\/www.koupeltech.com\/index.php\/wp-json\/wp\/v2\/product\/32296","targetHints":{"allow":["GET"]}}],"collection":[{"href":"https:\/\/www.koupeltech.com\/index.php\/wp-json\/wp\/v2\/product"}],"about":[{"href":"https:\/\/www.koupeltech.com\/index.php\/wp-json\/wp\/v2\/types\/product"}],"replies":[{"embeddable":true,"href":"https:\/\/www.koupeltech.com\/index.php\/wp-json\/wp\/v2\/comments?post=32296"}],"wp:featuredmedia":[{"embeddable":true,"href":"https:\/\/www.koupeltech.com\/index.php\/wp-json\/wp\/v2\/media\/32396"}],"wp:attachment":[{"href":"https:\/\/www.koupeltech.com\/index.php\/wp-json\/wp\/v2\/media?parent=32296"}],"wp:term":[{"taxonomy":"product_brand","embeddable":true,"href":"https:\/\/www.koupeltech.com\/index.php\/wp-json\/wp\/v2\/product_brand?post=32296"},{"taxonomy":"product_cat","embeddable":true,"href":"https:\/\/www.koupeltech.com\/index.php\/wp-json\/wp\/v2\/product_cat?post=32296"},{"taxonomy":"product_tag","embeddable":true,"href":"https:\/\/www.koupeltech.com\/index.php\/wp-json\/wp\/v2\/product_tag?post=32296"}],"curies":[{"name":"wp","href":"https:\/\/api.w.org\/{rel}","templated":true}]}}