{"id":32523,"date":"2026-04-27T14:00:48","date_gmt":"2026-04-27T14:00:48","guid":{"rendered":""},"modified":"2026-04-27T14:00:48","modified_gmt":"2026-04-27T14:00:48","slug":"akce-walk-in-sprchovy-kout-lagos-black-new-200-130-200-cire-bezpecnostni-sklo-8-mm-cerna-koupelny-sanita-cz-32523","status":"publish","type":"product","link":"https:\/\/www.koupeltech.com\/index.php\/produkt\/akce-walk-in-sprchovy-kout-lagos-black-new-200-130-200-cire-bezpecnostni-sklo-8-mm-cerna-koupelny-sanita-cz-32523\/","title":{"rendered":"Akce Walk-in sprchov\u00fd kout LAGOS BLACK NEW 200, 130, 200, \u010cir\u00e9 bezpe\u010dnostn\u00ed sklo &#8211; 8 mm, \u010cern\u00e1 &#8211; koupelny-sanita.cz"},"content":{"rendered":"<div class=\"basic-description\">\n<h3>Detailn\u00ed popis produktu<\/h3>\n<p><strong>Walk-in sprchov\u00e1 z\u00e1st\u011bna LAGOS\u00a0<\/strong><strong>BLACK <\/strong><strong>NEW <\/strong>s r\u00e1mem a rozp\u011brnou ty\u010d\u00ed\u00a0<strong>ve \u010dty\u0159ech barv\u00e1ch (chrom, \u010dern\u00e1, zlat\u00e1 a grafitov\u00e1)<\/strong>, nab\u00edz\u00ed jednoduch\u00e9 a p\u0159itom praktick\u00e9 \u0159e\u0161en\u00ed bez pou\u017eit\u00ed pohybliv\u00fdch dve\u0159\u00ed, ale s maxim\u00e1ln\u00edm vstupem. D\u00e1 se osadit jak na sprchov\u00e9 vani\u010dky, tak i p\u0159\u00edmo na podlahu. Z\u00e1st\u011bny jsou vyrobeny z kvalitn\u00edho bezpe\u010dnostn\u00edho skla. K\u00a0LAGOS\u00a0BLACK\u00a0NEW z\u00e1st\u011bn\u011b lze doobjednat i <strong>oto\u010dn\u00fd bo\u010dn\u00ed panel<\/strong>, nebo <strong>dr\u017e\u00e1k ru\u010dn\u00edk\u016f<\/strong>, p\u0159\u00edpadn\u011b rohovou <strong>spojku rozp\u011brn\u00e9 ty\u010de<\/strong>. D\u00edky t\u00e9to spojce lze <strong>ze dvou kus\u016f LAGOS BLACK NEW vytvo\u0159it obd\u00e9ln\u00edkov\u00fd sprchov\u00fd kout<\/strong> v mnoha rozm\u011brech.<\/p>\n<p><strong>Rozp\u011brn\u00e1 ty\u010d v d\u00e9lce max. 120 cm v cen\u011b.<\/strong><\/p>\n<p><strong>Sprchov\u00fd kout\u00a0<\/strong>lze instalovat jak na sprchovou vani\u010dku, tak i pouze p\u0159\u00edmo na podlahu. P\u0159i t\u00e9to mont\u00e1\u017ei p\u0159\u00edmo na podlahu jsou velmi efektivn\u00edm \u0159e\u0161en\u00edm pro odvod vody podlahov\u00e9 odtokov\u00e9 \u017elaby.\u00a0<\/p>\n<h3><strong>Barevn\u00e9 proveden\u00ed z\u00e1st\u011bny LAGOS\u00a0<\/strong><strong>BLACK <\/strong><strong>NEW:<\/strong><\/h3>\n<ul>\n<li>\u010dern\u00e1 matn\u00e1<\/li>\n<\/ul>\n<h3><strong>P\u0159ednosti z\u00e1st\u011bny LAGOS\u00a0<\/strong><strong>BLACK <\/strong><strong>NEW:<\/strong><\/h3>\n<ul>\n<li>Sprchov\u00fd kout bez dve\u0159\u00ed &#8211; WALK-IN<\/li>\n<li>Bezbari\u00e9rov\u00fd sprchov\u00fd kout<\/li>\n<li>Profily z\u00a0hlin\u00edku<\/li>\n<li>Sklo bezpe\u010dnostn\u00ed: \u010dir\u00e9, matn\u00e9 a vroubkovan\u00e9 8 mm<\/li>\n<li>V\u00fd\u0161ka z\u00e1st\u011bny 200 cm<\/li>\n<li>Maxim\u00e1ln\u00ed vstup<\/li>\n<li>V\u010detn\u011b rozp\u011brn\u00e9 ty\u010de<\/li>\n<li>Mont\u00e1\u017e i bez vani\u010dky<\/li>\n<\/ul>\n<p><strong>Rozm\u011bry pevn\u00e9 st\u011bny:\u00a0<\/strong><\/p>\n<ul>\n<li>80 \u00d7 200 (v) cm, <strong>mont\u00e1\u017en\u00ed rozm\u011br:<\/strong> 77,5 &#8211; 80 cm<\/li>\n<li>90 \u00d7 200 (v) cm,\u00a0<strong>mont\u00e1\u017en\u00ed rozm\u011br:<\/strong> 87,5 &#8211; 90 cm<\/li>\n<li>10 \u00d7 200 (v) cm, <strong>mont\u00e1\u017en\u00ed rozm\u011br:<\/strong> 97,5 &#8211; 100 cm<\/li>\n<li>110 \u00d7 200 (v) cm, <strong>mont\u00e1\u017en\u00ed rozm\u011br:<\/strong> 107,5 &#8211; 110 cm<\/li>\n<li>115 x 200 (v) cm,\u00a0<strong>mont\u00e1\u017en\u00ed rozm\u011br:<\/strong>\u00a0114 &#8211; 116,5 cm<\/li>\n<li>120 \u00d7 200 (v) cm,\u00a0<strong>mont\u00e1\u017en\u00ed rozm\u011br:<\/strong> 117,5 &#8211; 120 cm<\/li>\n<li>130 \u00d7 200 (v) cm, <strong>mont\u00e1\u017en\u00ed rozm\u011br:<\/strong> 127,5 &#8211; 130 cm<\/li>\n<li>140 \u00d7 200 (v) cm, <strong>mont\u00e1\u017en\u00ed rozm\u011br:<\/strong> 137,5 &#8211; 140 cm<\/li>\n<li>150 \u00d7 200 (v) cm, <strong>mont\u00e1\u017en\u00ed rozm\u011br:<\/strong> 147,5 &#8211; 150 cm<\/li>\n<\/ul>\n<h3><strong>Z\u00c1RUKA 5 LET<\/strong><\/h3>\n<\/p><\/div>\n<div class=\"extended-description\">\n<h3>Dopl\u0148kov\u00e9 parametry<\/h3>\n<table class=\"detail-parameters\">\n<tbody>\n<tr>\n<th>        <span class=\"row-header-label\">            Kategorie<span class=\"row-header-label-colon\">:<\/span>        <\/span>    <\/th>\n<td>            <\/td>\n<\/tr>\n<tr>\n<th>            <span class=\"row-header-label\">                Z\u00e1ruka<span class=\"row-header-label-colon\">:<\/span>            <\/span>        <\/th>\n<td>            5 let        <\/td>\n<\/tr>\n<tr>\n<th>            <span class=\"row-header-label\">                Hmotnost<span class=\"row-header-label-colon\">:<\/span>            <\/span>        <\/th>\n<td>            48 kg        <\/td>\n<\/tr>\n<tr class=\"productEan\">\n<th>          <span class=\"row-header-label productEan__label\">              EAN<span class=\"row-header-label-colon\">:<\/span>          <\/span>      <\/th>\n<td>          <span class=\"productEan__value\">8595141945447<\/span>      <\/td>\n<\/tr>\n<tr>\n<th>                <span class=\"row-header-label\">                                            Barva<span class=\"row-header-label-colon\">:<\/span>                                    <\/span>            <\/th>\n<td>                                                            \u010cern\u00e1                                                <\/td>\n<\/tr>\n<tr>\n<th>                <span class=\"row-header-label\">                                            BARVA r\u00e1mu<span class=\"row-header-label-colon\">:<\/span>                                    <\/span>            <\/th>\n<td>                                                            \u010cern\u00e1                                                <\/td>\n<\/tr>\n<tr>\n<th>                <span class=\"row-header-label\">                                            Bezbari\u00e9rov\u00e9<span class=\"row-header-label-colon\">:<\/span>                                    <\/span>            <\/th>\n<td>                                                            Ano                                                <\/td>\n<\/tr>\n<tr>\n<th>                <span class=\"row-header-label\">                                            Bezr\u00e1mov\u00e9<span class=\"row-header-label-colon\">:<\/span>                                    <\/span>            <\/th>\n<td>                                                            Ano                                                <\/td>\n<\/tr>\n<tr>\n<th>                <span class=\"row-header-label\">                                            Katalog<span class=\"row-header-label-colon\">:<\/span>                                    <\/span>            <\/th>\n<td>                                                            HOPA Koupelny                                                <\/td>\n<\/tr>\n<tr>\n<th>                <span class=\"row-header-label\">                                            Materi\u00e1l<span class=\"row-header-label-colon\">:<\/span>                                    <\/span>            <\/th>\n<td>                                                            Hlin\u00edk                                                <\/td>\n<\/tr>\n<tr>\n<th>                <span class=\"row-header-label\">                                            Mont\u00e1\u017en\u00ed rozm\u011br<span class=\"row-header-label-colon\">:<\/span>                                    <\/span>            <\/th>\n<td>                                                            107,5 &#8211; 110 cm,127,5 &#8211; 130 cm,137,5 &#8211; 140 cm,147,5 &#8211; 150 cm,114 &#8211; 116,5 cm,77,5 &#8211; 80 cm,87,5 &#8211; 90 cm,97,5 &#8211; 100 cm,117,5 &#8211; 120 c                                                <\/td>\n<\/tr>\n<tr>\n<th>                <span class=\"row-header-label\">                                            Rozm\u011br A<span class=\"row-header-label-colon\">:<\/span>                                    <\/span>            <\/th>\n<td>                                                            130 cm,80 cm,115 cm,90 cm,100 cm,110 cm,150 cm,120 cm,140 cm                                                <\/td>\n<\/tr>\n<tr>\n<th>                <span class=\"row-header-label\">                                            Rozm\u011br C<span class=\"row-header-label-colon\">:<\/span>                                    <\/span>            <\/th>\n<td>                                                            200 cm                                                <\/td>\n<\/tr>\n<tr>\n<th>                <span class=\"row-header-label\">                                            S\u00e9rie<span class=\"row-header-label-colon\">:<\/span>                                    <\/span>            <\/th>\n<td>                                                            LAGOS                                                <\/td>\n<\/tr>\n<tr>\n<th>                <span class=\"row-header-label\">                                            Skupina artiklu<span class=\"row-header-label-colon\">:<\/span>                                    <\/span>            <\/th>\n<td>                                                            S05                                                <\/td>\n<\/tr>\n<tr>\n<th>                <span class=\"row-header-label\">                                            Sm\u011br zav\u00edr\u00e1n\u00ed<span class=\"row-header-label-colon\">:<\/span>                                    <\/span>            <\/th>\n<td>                                                            Univerz\u00e1ln\u00ed Lev\u00e9 \/ Prav\u00e9                                                <\/td>\n<\/tr>\n<tr>\n<th>                <span class=\"row-header-label\">                                            \u0160\u00ed\u0159ka<span class=\"row-header-label-colon\">:<\/span>                                    <\/span>            <\/th>\n<td>                                                            130                                                <\/td>\n<\/tr>\n<tr>\n<th>                <span class=\"row-header-label\">                                            \u0160\u00ed\u0159ka vstupu<span class=\"row-header-label-colon\">:<\/span>                                    <\/span>            <\/th>\n<td>                                                            120 cm                                                <\/td>\n<\/tr>\n<tr>\n<th>                <span class=\"row-header-label\">                                            Top Produkt<span class=\"row-header-label-colon\">:<\/span>                                    <\/span>            <\/th>\n<td>                                                            Ano                                                <\/td>\n<\/tr>\n<tr>\n<th>                <span class=\"row-header-label\">                                            Tvar<span class=\"row-header-label-colon\">:<\/span>                                    <\/span>            <\/th>\n<td>                                                            Walk-in                                                <\/td>\n<\/tr>\n<tr>\n<th>                <span class=\"row-header-label\">                                            Typ otv\u00edr\u00e1n\u00ed<span class=\"row-header-label-colon\">:<\/span>                                    <\/span>            <\/th>\n<td>                                                            Pevn\u00e1 a d\u011bl\u00edc\u00ed st\u011bna                                                <\/td>\n<\/tr>\n<tr>\n<th>                <span class=\"row-header-label\">                                            Vani\u010dka<span class=\"row-header-label-colon\">:<\/span>                                    <\/span>            <\/th>\n<td>                                                            Bez vani\u010dky                                                <\/td>\n<\/tr>\n<tr>\n<th>                <span class=\"row-header-label\">                                            V\u00fdpl\u0148<span class=\"row-header-label-colon\">:<\/span>                                    <\/span>            <\/th>\n<td>                                                            \u010cir\u00e9 bezpe\u010dnostn\u00ed sklo &#8211; 8 mm                                                <\/td>\n<\/tr>\n<tr>\n<th>                <span class=\"row-header-label\">                                            V\u00fdroba na m\u00edru<span class=\"row-header-label-colon\">:<\/span>                                    <\/span>            <\/th>\n<td>                                                            Ne                                                <\/td>\n<\/tr>\n<tr>\n<th>                <span class=\"row-header-label\">                                            V\u00fd\u0161ka<span class=\"row-header-label-colon\">:<\/span>                                    <\/span>            <\/th>\n<td>                                                            200                                                <\/td>\n<\/tr>\n<tr>\n<th>                <span class=\"row-header-label\">                                            Z\u00e1ruka<span class=\"row-header-label-colon\">:<\/span>                                    <\/span>            <\/th>\n<td>                                                            5 let                                                <\/td>\n<\/tr>\n<\/tbody>\n<\/table><\/div>\n<\/p><\/div>\n<\/p><\/div>\n","protected":false},"excerpt":{"rendered":"<p>Detailn\u00ed popis produktu Walk-in sprchov\u00e1 z\u00e1st\u011bna LAGOS\u00a0BLACK NEW s r\u00e1mem a rozp\u011brnou ty\u010d\u00ed\u00a0ve \u010dty\u0159ech barv\u00e1ch (chrom, \u010dern\u00e1, zlat\u00e1 a grafitov\u00e1), nab\u00edz\u00ed jednoduch\u00e9 a p\u0159itom praktick\u00e9 \u0159e\u0161en\u00ed bez pou\u017eit\u00ed pohybliv\u00fdch dve\u0159\u00ed, ale s maxim\u00e1ln\u00edm vstupem. D\u00e1 se osadit jak na sprchov\u00e9 vani\u010dky, tak i p\u0159\u00edmo na podlahu. Z\u00e1st\u011bny jsou vyrobeny z kvalitn\u00edho bezpe\u010dnostn\u00edho skla. K\u00a0LAGOS\u00a0BLACK\u00a0NEW z\u00e1st\u011bn\u011b [&hellip;]<\/p>\n","protected":false},"featured_media":32623,"comment_status":"open","ping_status":"open","template":"","meta":[],"product_brand":[],"product_cat":[57],"product_tag":[],"class_list":{"0":"post-32523","1":"product","2":"type-product","3":"status-publish","4":"has-post-thumbnail","6":"product_cat-sprchove-kouty","8":"first","9":"instock","10":"sale","11":"shipping-taxable","12":"purchasable","13":"product-type-simple"},"yoast_head":"<!-- This site is optimized with the Yoast SEO plugin v26.8 - https:\/\/yoast.com\/product\/yoast-seo-wordpress\/ -->\n<title>Akce Walk-in sprchov\u00fd kout LAGOS BLACK NEW 200, 130, 200, \u010cir\u00e9 bezpe\u010dnostn\u00ed sklo - 8 mm, \u010cern\u00e1 - koupelny-sanita.cz -<\/title>\n<meta name=\"robots\" content=\"index, follow, max-snippet:-1, max-image-preview:large, max-video-preview:-1\" \/>\n<link rel=\"canonical\" href=\"https:\/\/www.koupeltech.com\/index.php\/produkt\/akce-walk-in-sprchovy-kout-lagos-black-new-200-130-200-cire-bezpecnostni-sklo-8-mm-cerna-koupelny-sanita-cz-32523\/\" \/>\n<meta property=\"og:locale\" content=\"cs_CZ\" \/>\n<meta property=\"og:type\" content=\"article\" \/>\n<meta property=\"og:title\" content=\"Akce Walk-in sprchov\u00fd kout LAGOS BLACK NEW 200, 130, 200, \u010cir\u00e9 bezpe\u010dnostn\u00ed sklo - 8 mm, \u010cern\u00e1 - koupelny-sanita.cz -\" \/>\n<meta property=\"og:description\" content=\"Detailn\u00ed popis produktu Walk-in sprchov\u00e1 z\u00e1st\u011bna LAGOS\u00a0BLACK NEW s r\u00e1mem a rozp\u011brnou ty\u010d\u00ed\u00a0ve \u010dty\u0159ech barv\u00e1ch (chrom, \u010dern\u00e1, zlat\u00e1 a grafitov\u00e1), nab\u00edz\u00ed jednoduch\u00e9 a p\u0159itom praktick\u00e9 \u0159e\u0161en\u00ed bez pou\u017eit\u00ed pohybliv\u00fdch dve\u0159\u00ed, ale s maxim\u00e1ln\u00edm vstupem. D\u00e1 se osadit jak na sprchov\u00e9 vani\u010dky, tak i p\u0159\u00edmo na podlahu. Z\u00e1st\u011bny jsou vyrobeny z kvalitn\u00edho bezpe\u010dnostn\u00edho skla. K\u00a0LAGOS\u00a0BLACK\u00a0NEW z\u00e1st\u011bn\u011b [&hellip;]\" \/>\n<meta property=\"og:url\" content=\"https:\/\/www.koupeltech.com\/index.php\/produkt\/akce-walk-in-sprchovy-kout-lagos-black-new-200-130-200-cire-bezpecnostni-sklo-8-mm-cerna-koupelny-sanita-cz-32523\/\" \/>\n<meta property=\"og:image\" content=\"https:\/\/www.koupeltech.com\/wp-content\/uploads\/2026\/SK0025910-CZ20260425-092556-0-1777080363-1861015_walk-in-sprchovy-kout-lagos-black-new-200.webp\" \/>\n\t<meta property=\"og:image:width\" content=\"1000\" \/>\n\t<meta property=\"og:image:height\" content=\"750\" \/>\n\t<meta property=\"og:image:type\" content=\"image\/webp\" \/>\n<meta name=\"twitter:card\" content=\"summary_large_image\" \/>\n<meta name=\"twitter:label1\" content=\"Odhadovan\u00e1 doba \u010dten\u00ed\" \/>\n\t<meta name=\"twitter:data1\" content=\"2 minuty\" \/>\n<script type=\"application\/ld+json\" class=\"yoast-schema-graph\">{\"@context\":\"https:\/\/schema.org\",\"@graph\":[{\"@type\":\"WebPage\",\"@id\":\"https:\/\/www.koupeltech.com\/index.php\/produkt\/akce-walk-in-sprchovy-kout-lagos-black-new-200-130-200-cire-bezpecnostni-sklo-8-mm-cerna-koupelny-sanita-cz-32523\/\",\"url\":\"https:\/\/www.koupeltech.com\/index.php\/produkt\/akce-walk-in-sprchovy-kout-lagos-black-new-200-130-200-cire-bezpecnostni-sklo-8-mm-cerna-koupelny-sanita-cz-32523\/\",\"name\":\"Akce Walk-in sprchov\u00fd kout LAGOS BLACK NEW 200, 130, 200, \u010cir\u00e9 bezpe\u010dnostn\u00ed sklo - 8 mm, \u010cern\u00e1 - koupelny-sanita.cz -\",\"isPartOf\":{\"@id\":\"https:\/\/www.koupeltech.com\/#website\"},\"primaryImageOfPage\":{\"@id\":\"https:\/\/www.koupeltech.com\/index.php\/produkt\/akce-walk-in-sprchovy-kout-lagos-black-new-200-130-200-cire-bezpecnostni-sklo-8-mm-cerna-koupelny-sanita-cz-32523\/#primaryimage\"},\"image\":{\"@id\":\"https:\/\/www.koupeltech.com\/index.php\/produkt\/akce-walk-in-sprchovy-kout-lagos-black-new-200-130-200-cire-bezpecnostni-sklo-8-mm-cerna-koupelny-sanita-cz-32523\/#primaryimage\"},\"thumbnailUrl\":\"https:\/\/www.koupeltech.com\/wp-content\/uploads\/2026\/SK0025910-CZ20260425-092556-0-1777080363-1861015_walk-in-sprchovy-kout-lagos-black-new-200.webp\",\"datePublished\":\"2026-04-27T14:00:48+00:00\",\"breadcrumb\":{\"@id\":\"https:\/\/www.koupeltech.com\/index.php\/produkt\/akce-walk-in-sprchovy-kout-lagos-black-new-200-130-200-cire-bezpecnostni-sklo-8-mm-cerna-koupelny-sanita-cz-32523\/#breadcrumb\"},\"inLanguage\":\"cs\",\"potentialAction\":[{\"@type\":\"ReadAction\",\"target\":[\"https:\/\/www.koupeltech.com\/index.php\/produkt\/akce-walk-in-sprchovy-kout-lagos-black-new-200-130-200-cire-bezpecnostni-sklo-8-mm-cerna-koupelny-sanita-cz-32523\/\"]}]},{\"@type\":\"ImageObject\",\"inLanguage\":\"cs\",\"@id\":\"https:\/\/www.koupeltech.com\/index.php\/produkt\/akce-walk-in-sprchovy-kout-lagos-black-new-200-130-200-cire-bezpecnostni-sklo-8-mm-cerna-koupelny-sanita-cz-32523\/#primaryimage\",\"url\":\"https:\/\/www.koupeltech.com\/wp-content\/uploads\/2026\/SK0025910-CZ20260425-092556-0-1777080363-1861015_walk-in-sprchovy-kout-lagos-black-new-200.webp\",\"contentUrl\":\"https:\/\/www.koupeltech.com\/wp-content\/uploads\/2026\/SK0025910-CZ20260425-092556-0-1777080363-1861015_walk-in-sprchovy-kout-lagos-black-new-200.webp\",\"width\":1000,\"height\":750},{\"@type\":\"BreadcrumbList\",\"@id\":\"https:\/\/www.koupeltech.com\/index.php\/produkt\/akce-walk-in-sprchovy-kout-lagos-black-new-200-130-200-cire-bezpecnostni-sklo-8-mm-cerna-koupelny-sanita-cz-32523\/#breadcrumb\",\"itemListElement\":[{\"@type\":\"ListItem\",\"position\":1,\"name\":\"Home\",\"item\":\"https:\/\/www.koupeltech.com\/\"},{\"@type\":\"ListItem\",\"position\":2,\"name\":\"Products\",\"item\":\"https:\/\/www.koupeltech.com\/index.php\/products\/\"},{\"@type\":\"ListItem\",\"position\":3,\"name\":\"Akce Walk-in sprchov\u00fd kout LAGOS BLACK NEW 200, 130, 200, \u010cir\u00e9 bezpe\u010dnostn\u00ed sklo &#8211; 8 mm, \u010cern\u00e1 &#8211; koupelny-sanita.cz\"}]},{\"@type\":\"WebSite\",\"@id\":\"https:\/\/www.koupeltech.com\/#website\",\"url\":\"https:\/\/www.koupeltech.com\/\",\"name\":\"\",\"description\":\"\",\"potentialAction\":[{\"@type\":\"SearchAction\",\"target\":{\"@type\":\"EntryPoint\",\"urlTemplate\":\"https:\/\/www.koupeltech.com\/?s={search_term_string}\"},\"query-input\":{\"@type\":\"PropertyValueSpecification\",\"valueRequired\":true,\"valueName\":\"search_term_string\"}}],\"inLanguage\":\"cs\"}]}<\/script>\n<!-- \/ Yoast SEO plugin. -->","yoast_head_json":{"title":"Akce Walk-in sprchov\u00fd kout LAGOS BLACK NEW 200, 130, 200, \u010cir\u00e9 bezpe\u010dnostn\u00ed sklo - 8 mm, \u010cern\u00e1 - koupelny-sanita.cz -","robots":{"index":"index","follow":"follow","max-snippet":"max-snippet:-1","max-image-preview":"max-image-preview:large","max-video-preview":"max-video-preview:-1"},"canonical":"https:\/\/www.koupeltech.com\/index.php\/produkt\/akce-walk-in-sprchovy-kout-lagos-black-new-200-130-200-cire-bezpecnostni-sklo-8-mm-cerna-koupelny-sanita-cz-32523\/","og_locale":"cs_CZ","og_type":"article","og_title":"Akce Walk-in sprchov\u00fd kout LAGOS BLACK NEW 200, 130, 200, \u010cir\u00e9 bezpe\u010dnostn\u00ed sklo - 8 mm, \u010cern\u00e1 - koupelny-sanita.cz -","og_description":"Detailn\u00ed popis produktu Walk-in sprchov\u00e1 z\u00e1st\u011bna LAGOS\u00a0BLACK NEW s r\u00e1mem a rozp\u011brnou ty\u010d\u00ed\u00a0ve \u010dty\u0159ech barv\u00e1ch (chrom, \u010dern\u00e1, zlat\u00e1 a grafitov\u00e1), nab\u00edz\u00ed jednoduch\u00e9 a p\u0159itom praktick\u00e9 \u0159e\u0161en\u00ed bez pou\u017eit\u00ed pohybliv\u00fdch dve\u0159\u00ed, ale s maxim\u00e1ln\u00edm vstupem. D\u00e1 se osadit jak na sprchov\u00e9 vani\u010dky, tak i p\u0159\u00edmo na podlahu. Z\u00e1st\u011bny jsou vyrobeny z kvalitn\u00edho bezpe\u010dnostn\u00edho skla. K\u00a0LAGOS\u00a0BLACK\u00a0NEW z\u00e1st\u011bn\u011b [&hellip;]","og_url":"https:\/\/www.koupeltech.com\/index.php\/produkt\/akce-walk-in-sprchovy-kout-lagos-black-new-200-130-200-cire-bezpecnostni-sklo-8-mm-cerna-koupelny-sanita-cz-32523\/","og_image":[{"width":1000,"height":750,"url":"https:\/\/www.koupeltech.com\/wp-content\/uploads\/2026\/SK0025910-CZ20260425-092556-0-1777080363-1861015_walk-in-sprchovy-kout-lagos-black-new-200.webp","type":"image\/webp"}],"twitter_card":"summary_large_image","twitter_misc":{"Odhadovan\u00e1 doba \u010dten\u00ed":"2 minuty"},"schema":{"@context":"https:\/\/schema.org","@graph":[{"@type":"WebPage","@id":"https:\/\/www.koupeltech.com\/index.php\/produkt\/akce-walk-in-sprchovy-kout-lagos-black-new-200-130-200-cire-bezpecnostni-sklo-8-mm-cerna-koupelny-sanita-cz-32523\/","url":"https:\/\/www.koupeltech.com\/index.php\/produkt\/akce-walk-in-sprchovy-kout-lagos-black-new-200-130-200-cire-bezpecnostni-sklo-8-mm-cerna-koupelny-sanita-cz-32523\/","name":"Akce Walk-in sprchov\u00fd kout LAGOS BLACK NEW 200, 130, 200, \u010cir\u00e9 bezpe\u010dnostn\u00ed sklo - 8 mm, \u010cern\u00e1 - koupelny-sanita.cz -","isPartOf":{"@id":"https:\/\/www.koupeltech.com\/#website"},"primaryImageOfPage":{"@id":"https:\/\/www.koupeltech.com\/index.php\/produkt\/akce-walk-in-sprchovy-kout-lagos-black-new-200-130-200-cire-bezpecnostni-sklo-8-mm-cerna-koupelny-sanita-cz-32523\/#primaryimage"},"image":{"@id":"https:\/\/www.koupeltech.com\/index.php\/produkt\/akce-walk-in-sprchovy-kout-lagos-black-new-200-130-200-cire-bezpecnostni-sklo-8-mm-cerna-koupelny-sanita-cz-32523\/#primaryimage"},"thumbnailUrl":"https:\/\/www.koupeltech.com\/wp-content\/uploads\/2026\/SK0025910-CZ20260425-092556-0-1777080363-1861015_walk-in-sprchovy-kout-lagos-black-new-200.webp","datePublished":"2026-04-27T14:00:48+00:00","breadcrumb":{"@id":"https:\/\/www.koupeltech.com\/index.php\/produkt\/akce-walk-in-sprchovy-kout-lagos-black-new-200-130-200-cire-bezpecnostni-sklo-8-mm-cerna-koupelny-sanita-cz-32523\/#breadcrumb"},"inLanguage":"cs","potentialAction":[{"@type":"ReadAction","target":["https:\/\/www.koupeltech.com\/index.php\/produkt\/akce-walk-in-sprchovy-kout-lagos-black-new-200-130-200-cire-bezpecnostni-sklo-8-mm-cerna-koupelny-sanita-cz-32523\/"]}]},{"@type":"ImageObject","inLanguage":"cs","@id":"https:\/\/www.koupeltech.com\/index.php\/produkt\/akce-walk-in-sprchovy-kout-lagos-black-new-200-130-200-cire-bezpecnostni-sklo-8-mm-cerna-koupelny-sanita-cz-32523\/#primaryimage","url":"https:\/\/www.koupeltech.com\/wp-content\/uploads\/2026\/SK0025910-CZ20260425-092556-0-1777080363-1861015_walk-in-sprchovy-kout-lagos-black-new-200.webp","contentUrl":"https:\/\/www.koupeltech.com\/wp-content\/uploads\/2026\/SK0025910-CZ20260425-092556-0-1777080363-1861015_walk-in-sprchovy-kout-lagos-black-new-200.webp","width":1000,"height":750},{"@type":"BreadcrumbList","@id":"https:\/\/www.koupeltech.com\/index.php\/produkt\/akce-walk-in-sprchovy-kout-lagos-black-new-200-130-200-cire-bezpecnostni-sklo-8-mm-cerna-koupelny-sanita-cz-32523\/#breadcrumb","itemListElement":[{"@type":"ListItem","position":1,"name":"Home","item":"https:\/\/www.koupeltech.com\/"},{"@type":"ListItem","position":2,"name":"Products","item":"https:\/\/www.koupeltech.com\/index.php\/products\/"},{"@type":"ListItem","position":3,"name":"Akce Walk-in sprchov\u00fd kout LAGOS BLACK NEW 200, 130, 200, \u010cir\u00e9 bezpe\u010dnostn\u00ed sklo &#8211; 8 mm, \u010cern\u00e1 &#8211; koupelny-sanita.cz"}]},{"@type":"WebSite","@id":"https:\/\/www.koupeltech.com\/#website","url":"https:\/\/www.koupeltech.com\/","name":"","description":"","potentialAction":[{"@type":"SearchAction","target":{"@type":"EntryPoint","urlTemplate":"https:\/\/www.koupeltech.com\/?s={search_term_string}"},"query-input":{"@type":"PropertyValueSpecification","valueRequired":true,"valueName":"search_term_string"}}],"inLanguage":"cs"}]}},"_links":{"self":[{"href":"https:\/\/www.koupeltech.com\/index.php\/wp-json\/wp\/v2\/product\/32523","targetHints":{"allow":["GET"]}}],"collection":[{"href":"https:\/\/www.koupeltech.com\/index.php\/wp-json\/wp\/v2\/product"}],"about":[{"href":"https:\/\/www.koupeltech.com\/index.php\/wp-json\/wp\/v2\/types\/product"}],"replies":[{"embeddable":true,"href":"https:\/\/www.koupeltech.com\/index.php\/wp-json\/wp\/v2\/comments?post=32523"}],"wp:featuredmedia":[{"embeddable":true,"href":"https:\/\/www.koupeltech.com\/index.php\/wp-json\/wp\/v2\/media\/32623"}],"wp:attachment":[{"href":"https:\/\/www.koupeltech.com\/index.php\/wp-json\/wp\/v2\/media?parent=32523"}],"wp:term":[{"taxonomy":"product_brand","embeddable":true,"href":"https:\/\/www.koupeltech.com\/index.php\/wp-json\/wp\/v2\/product_brand?post=32523"},{"taxonomy":"product_cat","embeddable":true,"href":"https:\/\/www.koupeltech.com\/index.php\/wp-json\/wp\/v2\/product_cat?post=32523"},{"taxonomy":"product_tag","embeddable":true,"href":"https:\/\/www.koupeltech.com\/index.php\/wp-json\/wp\/v2\/product_tag?post=32523"}],"curies":[{"name":"wp","href":"https:\/\/api.w.org\/{rel}","templated":true}]}}