{"id":33352,"date":"2026-04-27T14:00:55","date_gmt":"2026-04-27T14:00:55","guid":{"rendered":""},"modified":"2026-04-27T14:00:55","modified_gmt":"2026-04-27T14:00:55","slug":"zlevneny-comad-doplnkova-koupelnova-skrinka-30x30x19cm-nova-cashmere-83-30-1dq-kasmir-mat-33352","status":"publish","type":"product","link":"https:\/\/www.koupeltech.com\/index.php\/produkt\/zlevneny-comad-doplnkova-koupelnova-skrinka-30x30x19cm-nova-cashmere-83-30-1dq-kasmir-mat-33352\/","title":{"rendered":"Zlevn\u011bn\u00fd Comad Dopl\u0148kov\u00e1 koupelnov\u00e1 sk\u0159\u00ed\u0148ka 30x30x19cm Nova Cashmere 83-30-1DQ ka\u0161m\u00edr mat"},"content":{"rendered":"<div class=\"ProductDetail-content NoFixImageContainer\" id=\"productDescription\">\n<div class=\"Heading\">\n<h2 class=\"Heading-title\">Popis produktu <span class=''>Comad Dopl\u0148kov\u00e1 koupelnov\u00e1 sk\u0159\u00ed\u0148ka 30x30x19cm Nova Cashmere 83-30-1DQ ka\u0161m\u00edr mat<\/span><\/h2>\n<\/p><\/div>\n<div class=\"ProductDetailContent\">\n<p><strong>Dopl\u0148kov\u00e1 koupelnov\u00e1 sk\u0159\u00ed\u0148ka<\/strong> v ka\u0161m\u00edrov\u00e9m matn\u00e9m proveden\u00ed nab\u00edz\u00ed praktick\u00fd \u00falo\u017en\u00fd prostor s<strong>&nbsp;dv\u00ed\u0159ky<\/strong> a&nbsp;<strong>d\u0159ev\u011bnou polic\u00ed<\/strong> pro p\u0159ehledn\u00e9 uspo\u0159\u00e1d\u00e1n\u00ed koupelnov\u00fdch pot\u0159eb.<\/p>\n<h3><span style=\"font-family:arial,helvetica,sans-serif\">Technick\u00e9 parametry<\/span><\/h3>\n<ul>\n<li><span style=\"font-size:16px\"><span style=\"font-family:arial,helvetica,sans-serif\"><strong>\u0160\u00ed\u0159ka:<\/strong>&nbsp;30,0 cm<\/span><\/span><\/li>\n<li><span style=\"font-size:16px\"><span style=\"font-family:arial,helvetica,sans-serif\"><strong>Hloubka:<\/strong>&nbsp;19,0 cm<\/span><\/span><\/li>\n<li><span style=\"font-size:16px\"><span style=\"font-family:arial,helvetica,sans-serif\"><strong>V\u00fd\u0161ka:<\/strong>&nbsp;30,0 cm<\/span><\/span><\/li>\n<li><span style=\"font-size:16px\"><span style=\"font-family:arial,helvetica,sans-serif\"><strong>Barva:<\/strong>&nbsp;<\/span><\/span>&nbsp;ka\u0161m\u00edr mat<\/li>\n<li><strong>Materi\u00e1l:<\/strong> MDF<\/li>\n<li><strong>V\u00fdbava:<\/strong> tich\u00e9 dov\u00edr\u00e1n\u00ed<\/li>\n<\/ul>\n<p><strong>Koupelnov\u00fd n\u00e1bytek<\/strong> <strong>Nova Cashmere<\/strong> spojuje minimalistick\u00fd design s vysokou prakti\u010dnost\u00ed. <strong>Vertik\u00e1ln\u00ed, jemn\u011b profilovan\u00e9 \u010delo<\/strong> dod\u00e1v\u00e1 jedine\u010dn\u00fd charakter a <strong>opticky zv\u011bt\u0161uje prostor<\/strong>, zat\u00edmco ka\u0161m\u00edrov\u00e1 barva vn\u00e1\u0161\u00ed tepl\u00e9, univerz\u00e1ln\u011b lad\u00edc\u00ed t\u00f3ny. Kolekce je kompatibiln\u00ed s Nova Oak<strong>, <\/strong>Nova White a Nova Black, co\u017e umo\u017e\u0148uje p\u0159izp\u016fsobit prostor individu\u00e1ln\u00edm pot\u0159eb\u00e1m. Sk\u0159\u00ed\u0148ky o hloubce 40 cm jsou ide\u00e1ln\u00ed i do men\u0161\u00edch koupelen. \u0160irok\u00e1 nab\u00eddka umyvadlov\u00fdch desek a r\u016fzn\u00fdch velikost\u00ed sk\u0159\u00edn\u011bk pod umyvadlo zaji\u0161\u0165uje flexibilitu. Vyrobena z odoln\u00e9ho MDF a laminovan\u00e9 desky o tlou\u0161\u0165ce 16 mm, n\u00e1bytek nab\u00edz\u00ed pevnou konstrukci a dlouhou \u017eivotnost. Tich\u00fd zav\u00edrac\u00ed syst\u00e9m <strong>Soft Close<\/strong> zvy\u0161uje komfort pou\u017e\u00edv\u00e1n\u00ed.<\/p>\n<\/p><\/div>\n<div class=\"ProductDetailContent\">\n<div class=\"ProductDetailContent-item\">\n<h3>Dod\u00e1v\u00e1no v rozlo\u017een\u00e9m stavu<\/h3>\n<p><strong>Koupelnov\u00fd n\u00e1bytek COMAD<\/strong> je dod\u00e1v\u00e1n v\u017edy v rozlo\u017een\u00e9m stavu spole\u010dn\u011b s <strong>jasn\u00fdm a srozumiteln\u00fdm mont\u00e1\u017en\u00edm n\u00e1vodem<\/strong>. Mont\u00e1\u017en\u00ed n\u00e1vody jsou rovn\u011b\u017e k dispozici u ka\u017ed\u00e9ho v\u00fdrobku na na\u0161em e-shopu nebo je na po\u017e\u00e1d\u00e1n\u00ed za\u0161leme.<\/p>\n<\/p><\/div>\n<\/p><\/div>\n<\/p><\/div>\n<\/p><\/div>\n<\/p><\/div>\n","protected":false},"excerpt":{"rendered":"<p>Popis produktu Comad Dopl\u0148kov\u00e1 koupelnov\u00e1 sk\u0159\u00ed\u0148ka 30x30x19cm Nova Cashmere 83-30-1DQ ka\u0161m\u00edr mat Dopl\u0148kov\u00e1 koupelnov\u00e1 sk\u0159\u00ed\u0148ka v ka\u0161m\u00edrov\u00e9m matn\u00e9m proveden\u00ed nab\u00edz\u00ed praktick\u00fd \u00falo\u017en\u00fd prostor s&nbsp;dv\u00ed\u0159ky a&nbsp;d\u0159ev\u011bnou polic\u00ed pro p\u0159ehledn\u00e9 uspo\u0159\u00e1d\u00e1n\u00ed koupelnov\u00fdch pot\u0159eb. Technick\u00e9 parametry \u0160\u00ed\u0159ka:&nbsp;30,0 cm Hloubka:&nbsp;19,0 cm V\u00fd\u0161ka:&nbsp;30,0 cm Barva:&nbsp;&nbsp;ka\u0161m\u00edr mat Materi\u00e1l: MDF V\u00fdbava: tich\u00e9 dov\u00edr\u00e1n\u00ed Koupelnov\u00fd n\u00e1bytek Nova Cashmere spojuje minimalistick\u00fd design s vysokou [&hellip;]<\/p>\n","protected":false},"featured_media":33452,"comment_status":"open","ping_status":"open","template":"","meta":[],"product_brand":[],"product_cat":[77],"product_tag":[],"class_list":{"0":"post-33352","1":"product","2":"type-product","3":"status-publish","4":"has-post-thumbnail","6":"product_cat-koupelny","8":"first","9":"instock","10":"sale","11":"shipping-taxable","12":"purchasable","13":"product-type-simple"},"yoast_head":"<!-- This site is optimized with the Yoast SEO plugin v26.8 - https:\/\/yoast.com\/product\/yoast-seo-wordpress\/ -->\n<title>Zlevn\u011bn\u00fd Comad Dopl\u0148kov\u00e1 koupelnov\u00e1 sk\u0159\u00ed\u0148ka 30x30x19cm Nova Cashmere 83-30-1DQ ka\u0161m\u00edr mat -<\/title>\n<meta name=\"robots\" content=\"index, follow, max-snippet:-1, max-image-preview:large, max-video-preview:-1\" \/>\n<link rel=\"canonical\" href=\"https:\/\/www.koupeltech.com\/index.php\/produkt\/zlevneny-comad-doplnkova-koupelnova-skrinka-30x30x19cm-nova-cashmere-83-30-1dq-kasmir-mat-33352\/\" \/>\n<meta property=\"og:locale\" content=\"cs_CZ\" \/>\n<meta property=\"og:type\" content=\"article\" \/>\n<meta property=\"og:title\" content=\"Zlevn\u011bn\u00fd Comad Dopl\u0148kov\u00e1 koupelnov\u00e1 sk\u0159\u00ed\u0148ka 30x30x19cm Nova Cashmere 83-30-1DQ ka\u0161m\u00edr mat -\" \/>\n<meta property=\"og:description\" content=\"Popis produktu Comad Dopl\u0148kov\u00e1 koupelnov\u00e1 sk\u0159\u00ed\u0148ka 30x30x19cm Nova Cashmere 83-30-1DQ ka\u0161m\u00edr mat Dopl\u0148kov\u00e1 koupelnov\u00e1 sk\u0159\u00ed\u0148ka v ka\u0161m\u00edrov\u00e9m matn\u00e9m proveden\u00ed nab\u00edz\u00ed praktick\u00fd \u00falo\u017en\u00fd prostor s&nbsp;dv\u00ed\u0159ky a&nbsp;d\u0159ev\u011bnou polic\u00ed pro p\u0159ehledn\u00e9 uspo\u0159\u00e1d\u00e1n\u00ed koupelnov\u00fdch pot\u0159eb. Technick\u00e9 parametry \u0160\u00ed\u0159ka:&nbsp;30,0 cm Hloubka:&nbsp;19,0 cm V\u00fd\u0161ka:&nbsp;30,0 cm Barva:&nbsp;&nbsp;ka\u0161m\u00edr mat Materi\u00e1l: MDF V\u00fdbava: tich\u00e9 dov\u00edr\u00e1n\u00ed Koupelnov\u00fd n\u00e1bytek Nova Cashmere spojuje minimalistick\u00fd design s vysokou [&hellip;]\" \/>\n<meta property=\"og:url\" content=\"https:\/\/www.koupeltech.com\/index.php\/produkt\/zlevneny-comad-doplnkova-koupelnova-skrinka-30x30x19cm-nova-cashmere-83-30-1dq-kasmir-mat-33352\/\" \/>\n<meta property=\"og:image\" content=\"https:\/\/www.koupeltech.com\/wp-content\/uploads\/2026\/SK0024504-CZ20260425-092632-0-1777080397-comad-doplnkova-koupelnova-skrinka-30x30x19cm-nova-cashmere.webp\" \/>\n\t<meta property=\"og:image:width\" content=\"400\" \/>\n\t<meta property=\"og:image:height\" content=\"600\" \/>\n\t<meta property=\"og:image:type\" content=\"image\/webp\" \/>\n<meta name=\"twitter:card\" content=\"summary_large_image\" \/>\n<meta name=\"twitter:label1\" content=\"Odhadovan\u00e1 doba \u010dten\u00ed\" \/>\n\t<meta name=\"twitter:data1\" content=\"1 minuta\" \/>\n<script type=\"application\/ld+json\" class=\"yoast-schema-graph\">{\"@context\":\"https:\/\/schema.org\",\"@graph\":[{\"@type\":\"WebPage\",\"@id\":\"https:\/\/www.koupeltech.com\/index.php\/produkt\/zlevneny-comad-doplnkova-koupelnova-skrinka-30x30x19cm-nova-cashmere-83-30-1dq-kasmir-mat-33352\/\",\"url\":\"https:\/\/www.koupeltech.com\/index.php\/produkt\/zlevneny-comad-doplnkova-koupelnova-skrinka-30x30x19cm-nova-cashmere-83-30-1dq-kasmir-mat-33352\/\",\"name\":\"Zlevn\u011bn\u00fd Comad Dopl\u0148kov\u00e1 koupelnov\u00e1 sk\u0159\u00ed\u0148ka 30x30x19cm Nova Cashmere 83-30-1DQ ka\u0161m\u00edr mat -\",\"isPartOf\":{\"@id\":\"https:\/\/www.koupeltech.com\/#website\"},\"primaryImageOfPage\":{\"@id\":\"https:\/\/www.koupeltech.com\/index.php\/produkt\/zlevneny-comad-doplnkova-koupelnova-skrinka-30x30x19cm-nova-cashmere-83-30-1dq-kasmir-mat-33352\/#primaryimage\"},\"image\":{\"@id\":\"https:\/\/www.koupeltech.com\/index.php\/produkt\/zlevneny-comad-doplnkova-koupelnova-skrinka-30x30x19cm-nova-cashmere-83-30-1dq-kasmir-mat-33352\/#primaryimage\"},\"thumbnailUrl\":\"https:\/\/www.koupeltech.com\/wp-content\/uploads\/2026\/SK0024504-CZ20260425-092632-0-1777080397-comad-doplnkova-koupelnova-skrinka-30x30x19cm-nova-cashmere.webp\",\"datePublished\":\"2026-04-27T14:00:55+00:00\",\"breadcrumb\":{\"@id\":\"https:\/\/www.koupeltech.com\/index.php\/produkt\/zlevneny-comad-doplnkova-koupelnova-skrinka-30x30x19cm-nova-cashmere-83-30-1dq-kasmir-mat-33352\/#breadcrumb\"},\"inLanguage\":\"cs\",\"potentialAction\":[{\"@type\":\"ReadAction\",\"target\":[\"https:\/\/www.koupeltech.com\/index.php\/produkt\/zlevneny-comad-doplnkova-koupelnova-skrinka-30x30x19cm-nova-cashmere-83-30-1dq-kasmir-mat-33352\/\"]}]},{\"@type\":\"ImageObject\",\"inLanguage\":\"cs\",\"@id\":\"https:\/\/www.koupeltech.com\/index.php\/produkt\/zlevneny-comad-doplnkova-koupelnova-skrinka-30x30x19cm-nova-cashmere-83-30-1dq-kasmir-mat-33352\/#primaryimage\",\"url\":\"https:\/\/www.koupeltech.com\/wp-content\/uploads\/2026\/SK0024504-CZ20260425-092632-0-1777080397-comad-doplnkova-koupelnova-skrinka-30x30x19cm-nova-cashmere.webp\",\"contentUrl\":\"https:\/\/www.koupeltech.com\/wp-content\/uploads\/2026\/SK0024504-CZ20260425-092632-0-1777080397-comad-doplnkova-koupelnova-skrinka-30x30x19cm-nova-cashmere.webp\",\"width\":400,\"height\":600},{\"@type\":\"BreadcrumbList\",\"@id\":\"https:\/\/www.koupeltech.com\/index.php\/produkt\/zlevneny-comad-doplnkova-koupelnova-skrinka-30x30x19cm-nova-cashmere-83-30-1dq-kasmir-mat-33352\/#breadcrumb\",\"itemListElement\":[{\"@type\":\"ListItem\",\"position\":1,\"name\":\"Home\",\"item\":\"https:\/\/www.koupeltech.com\/\"},{\"@type\":\"ListItem\",\"position\":2,\"name\":\"Products\",\"item\":\"https:\/\/www.koupeltech.com\/index.php\/products\/\"},{\"@type\":\"ListItem\",\"position\":3,\"name\":\"Zlevn\u011bn\u00fd Comad Dopl\u0148kov\u00e1 koupelnov\u00e1 sk\u0159\u00ed\u0148ka 30x30x19cm Nova Cashmere 83-30-1DQ ka\u0161m\u00edr mat\"}]},{\"@type\":\"WebSite\",\"@id\":\"https:\/\/www.koupeltech.com\/#website\",\"url\":\"https:\/\/www.koupeltech.com\/\",\"name\":\"\",\"description\":\"\",\"potentialAction\":[{\"@type\":\"SearchAction\",\"target\":{\"@type\":\"EntryPoint\",\"urlTemplate\":\"https:\/\/www.koupeltech.com\/?s={search_term_string}\"},\"query-input\":{\"@type\":\"PropertyValueSpecification\",\"valueRequired\":true,\"valueName\":\"search_term_string\"}}],\"inLanguage\":\"cs\"}]}<\/script>\n<!-- \/ Yoast SEO plugin. -->","yoast_head_json":{"title":"Zlevn\u011bn\u00fd Comad Dopl\u0148kov\u00e1 koupelnov\u00e1 sk\u0159\u00ed\u0148ka 30x30x19cm Nova Cashmere 83-30-1DQ ka\u0161m\u00edr mat -","robots":{"index":"index","follow":"follow","max-snippet":"max-snippet:-1","max-image-preview":"max-image-preview:large","max-video-preview":"max-video-preview:-1"},"canonical":"https:\/\/www.koupeltech.com\/index.php\/produkt\/zlevneny-comad-doplnkova-koupelnova-skrinka-30x30x19cm-nova-cashmere-83-30-1dq-kasmir-mat-33352\/","og_locale":"cs_CZ","og_type":"article","og_title":"Zlevn\u011bn\u00fd Comad Dopl\u0148kov\u00e1 koupelnov\u00e1 sk\u0159\u00ed\u0148ka 30x30x19cm Nova Cashmere 83-30-1DQ ka\u0161m\u00edr mat -","og_description":"Popis produktu Comad Dopl\u0148kov\u00e1 koupelnov\u00e1 sk\u0159\u00ed\u0148ka 30x30x19cm Nova Cashmere 83-30-1DQ ka\u0161m\u00edr mat Dopl\u0148kov\u00e1 koupelnov\u00e1 sk\u0159\u00ed\u0148ka v ka\u0161m\u00edrov\u00e9m matn\u00e9m proveden\u00ed nab\u00edz\u00ed praktick\u00fd \u00falo\u017en\u00fd prostor s&nbsp;dv\u00ed\u0159ky a&nbsp;d\u0159ev\u011bnou polic\u00ed pro p\u0159ehledn\u00e9 uspo\u0159\u00e1d\u00e1n\u00ed koupelnov\u00fdch pot\u0159eb. Technick\u00e9 parametry \u0160\u00ed\u0159ka:&nbsp;30,0 cm Hloubka:&nbsp;19,0 cm V\u00fd\u0161ka:&nbsp;30,0 cm Barva:&nbsp;&nbsp;ka\u0161m\u00edr mat Materi\u00e1l: MDF V\u00fdbava: tich\u00e9 dov\u00edr\u00e1n\u00ed Koupelnov\u00fd n\u00e1bytek Nova Cashmere spojuje minimalistick\u00fd design s vysokou [&hellip;]","og_url":"https:\/\/www.koupeltech.com\/index.php\/produkt\/zlevneny-comad-doplnkova-koupelnova-skrinka-30x30x19cm-nova-cashmere-83-30-1dq-kasmir-mat-33352\/","og_image":[{"width":400,"height":600,"url":"https:\/\/www.koupeltech.com\/wp-content\/uploads\/2026\/SK0024504-CZ20260425-092632-0-1777080397-comad-doplnkova-koupelnova-skrinka-30x30x19cm-nova-cashmere.webp","type":"image\/webp"}],"twitter_card":"summary_large_image","twitter_misc":{"Odhadovan\u00e1 doba \u010dten\u00ed":"1 minuta"},"schema":{"@context":"https:\/\/schema.org","@graph":[{"@type":"WebPage","@id":"https:\/\/www.koupeltech.com\/index.php\/produkt\/zlevneny-comad-doplnkova-koupelnova-skrinka-30x30x19cm-nova-cashmere-83-30-1dq-kasmir-mat-33352\/","url":"https:\/\/www.koupeltech.com\/index.php\/produkt\/zlevneny-comad-doplnkova-koupelnova-skrinka-30x30x19cm-nova-cashmere-83-30-1dq-kasmir-mat-33352\/","name":"Zlevn\u011bn\u00fd Comad Dopl\u0148kov\u00e1 koupelnov\u00e1 sk\u0159\u00ed\u0148ka 30x30x19cm Nova Cashmere 83-30-1DQ ka\u0161m\u00edr mat -","isPartOf":{"@id":"https:\/\/www.koupeltech.com\/#website"},"primaryImageOfPage":{"@id":"https:\/\/www.koupeltech.com\/index.php\/produkt\/zlevneny-comad-doplnkova-koupelnova-skrinka-30x30x19cm-nova-cashmere-83-30-1dq-kasmir-mat-33352\/#primaryimage"},"image":{"@id":"https:\/\/www.koupeltech.com\/index.php\/produkt\/zlevneny-comad-doplnkova-koupelnova-skrinka-30x30x19cm-nova-cashmere-83-30-1dq-kasmir-mat-33352\/#primaryimage"},"thumbnailUrl":"https:\/\/www.koupeltech.com\/wp-content\/uploads\/2026\/SK0024504-CZ20260425-092632-0-1777080397-comad-doplnkova-koupelnova-skrinka-30x30x19cm-nova-cashmere.webp","datePublished":"2026-04-27T14:00:55+00:00","breadcrumb":{"@id":"https:\/\/www.koupeltech.com\/index.php\/produkt\/zlevneny-comad-doplnkova-koupelnova-skrinka-30x30x19cm-nova-cashmere-83-30-1dq-kasmir-mat-33352\/#breadcrumb"},"inLanguage":"cs","potentialAction":[{"@type":"ReadAction","target":["https:\/\/www.koupeltech.com\/index.php\/produkt\/zlevneny-comad-doplnkova-koupelnova-skrinka-30x30x19cm-nova-cashmere-83-30-1dq-kasmir-mat-33352\/"]}]},{"@type":"ImageObject","inLanguage":"cs","@id":"https:\/\/www.koupeltech.com\/index.php\/produkt\/zlevneny-comad-doplnkova-koupelnova-skrinka-30x30x19cm-nova-cashmere-83-30-1dq-kasmir-mat-33352\/#primaryimage","url":"https:\/\/www.koupeltech.com\/wp-content\/uploads\/2026\/SK0024504-CZ20260425-092632-0-1777080397-comad-doplnkova-koupelnova-skrinka-30x30x19cm-nova-cashmere.webp","contentUrl":"https:\/\/www.koupeltech.com\/wp-content\/uploads\/2026\/SK0024504-CZ20260425-092632-0-1777080397-comad-doplnkova-koupelnova-skrinka-30x30x19cm-nova-cashmere.webp","width":400,"height":600},{"@type":"BreadcrumbList","@id":"https:\/\/www.koupeltech.com\/index.php\/produkt\/zlevneny-comad-doplnkova-koupelnova-skrinka-30x30x19cm-nova-cashmere-83-30-1dq-kasmir-mat-33352\/#breadcrumb","itemListElement":[{"@type":"ListItem","position":1,"name":"Home","item":"https:\/\/www.koupeltech.com\/"},{"@type":"ListItem","position":2,"name":"Products","item":"https:\/\/www.koupeltech.com\/index.php\/products\/"},{"@type":"ListItem","position":3,"name":"Zlevn\u011bn\u00fd Comad Dopl\u0148kov\u00e1 koupelnov\u00e1 sk\u0159\u00ed\u0148ka 30x30x19cm Nova Cashmere 83-30-1DQ ka\u0161m\u00edr mat"}]},{"@type":"WebSite","@id":"https:\/\/www.koupeltech.com\/#website","url":"https:\/\/www.koupeltech.com\/","name":"","description":"","potentialAction":[{"@type":"SearchAction","target":{"@type":"EntryPoint","urlTemplate":"https:\/\/www.koupeltech.com\/?s={search_term_string}"},"query-input":{"@type":"PropertyValueSpecification","valueRequired":true,"valueName":"search_term_string"}}],"inLanguage":"cs"}]}},"_links":{"self":[{"href":"https:\/\/www.koupeltech.com\/index.php\/wp-json\/wp\/v2\/product\/33352","targetHints":{"allow":["GET"]}}],"collection":[{"href":"https:\/\/www.koupeltech.com\/index.php\/wp-json\/wp\/v2\/product"}],"about":[{"href":"https:\/\/www.koupeltech.com\/index.php\/wp-json\/wp\/v2\/types\/product"}],"replies":[{"embeddable":true,"href":"https:\/\/www.koupeltech.com\/index.php\/wp-json\/wp\/v2\/comments?post=33352"}],"wp:featuredmedia":[{"embeddable":true,"href":"https:\/\/www.koupeltech.com\/index.php\/wp-json\/wp\/v2\/media\/33452"}],"wp:attachment":[{"href":"https:\/\/www.koupeltech.com\/index.php\/wp-json\/wp\/v2\/media?parent=33352"}],"wp:term":[{"taxonomy":"product_brand","embeddable":true,"href":"https:\/\/www.koupeltech.com\/index.php\/wp-json\/wp\/v2\/product_brand?post=33352"},{"taxonomy":"product_cat","embeddable":true,"href":"https:\/\/www.koupeltech.com\/index.php\/wp-json\/wp\/v2\/product_cat?post=33352"},{"taxonomy":"product_tag","embeddable":true,"href":"https:\/\/www.koupeltech.com\/index.php\/wp-json\/wp\/v2\/product_tag?post=33352"}],"curies":[{"name":"wp","href":"https:\/\/api.w.org\/{rel}","templated":true}]}}