{"id":33376,"date":"2026-04-27T14:00:55","date_gmt":"2026-04-27T14:00:55","guid":{"rendered":""},"modified":"2026-04-27T14:00:55","modified_gmt":"2026-04-27T14:00:55","slug":"zlevneny-comad-koupelnova-skrinka-s-kosem-na-pradlo-40x57x46-cm-adel-cashmere-81-40-1dk-kasmir-33376","status":"publish","type":"product","link":"https:\/\/www.koupeltech.com\/index.php\/produkt\/zlevneny-comad-koupelnova-skrinka-s-kosem-na-pradlo-40x57x46-cm-adel-cashmere-81-40-1dk-kasmir-33376\/","title":{"rendered":"Zlevn\u011bn\u00fd Comad Koupelnov\u00e1 sk\u0159\u00ed\u0148ka s ko\u0161em na pr\u00e1dlo 40x57x46 cm Adel Cashmere 81-40-1DK ka\u0161m\u00edr"},"content":{"rendered":"<div class=\"ProductDetail-content NoFixImageContainer\" id=\"productDescription\">\n<div class=\"Heading\">\n<h2 class=\"Heading-title\">Popis produktu <span class=''>Comad Koupelnov\u00e1 sk\u0159\u00ed\u0148ka s ko\u0161em na pr\u00e1dlo 40x57x46 cm Adel Cashmere 81-40-1DK ka\u0161m\u00edr<\/span><\/h2>\n<\/p><\/div>\n<div class=\"ProductDetailContent\">\n<p>Elegantn\u00ed <strong>n\u00edzk\u00e1 koupelnov\u00e1 sk\u0159\u00ed\u0148ka v ka\u0161m\u00edrov\u00e9m matn\u00e9m proveden\u00ed<\/strong>&nbsp;je vybavena <strong>v\u00fdklopn\u00fdmi&nbsp;dv\u00ed\u0159ky s ko\u0161em na pr\u00e1dlo<\/strong>.<\/p>\n<h3>Technick\u00e9 parametry<\/h3>\n<ul>\n<li><strong>\u0160\u00ed\u0159ka:<\/strong>&nbsp;40,0 cm<\/li>\n<li><strong>Hloubka:<\/strong>&nbsp;46,0 cm<\/li>\n<li><strong>V\u00fd\u0161ka:<\/strong>&nbsp;57,0 cm<\/li>\n<li><strong>Materi\u00e1l:<\/strong> MDF<\/li>\n<li><strong>Barva:<\/strong>&nbsp;ka\u0161m\u00edr mat<\/li>\n<li><strong>V\u00fdbava:<\/strong> tich\u00e9 dov\u00edr\u00e1n\u00ed dv\u00ed\u0159ek<span style=\"font-size:16px\">, 3&nbsp;<\/span>sady \u00fachytek<\/li>\n<\/ul>\n<p>Kolekce <strong>Adel Cashmere<\/strong> spojuje <strong>elegantn\u00ed design, prakti\u010dnost a nad\u010dasov\u00fd styl<\/strong>. N\u00e1bytek je vyroben z <strong>kvalitn\u00ed MDF a laminovan\u00fdch desek<\/strong>, kter\u00e9 jsou <strong>odoln\u00e9 v\u016f\u010di vlhkosti<\/strong>, tak\u017ee se skv\u011ble hod\u00ed do ka\u017ed\u00e9 koupelny. D\u00edky <strong>vertik\u00e1ln\u00edmu fr\u00e9zov\u00e1n\u00ed<\/strong> p\u016fsob\u00ed prostor <strong>opticky v\u011bt\u0161\u00ed a vzdu\u0161n\u011bj\u0161\u00ed<\/strong>, zat\u00edmco <strong>jemn\u00fd ka\u0161m\u00edrov\u00fd odst\u00edn<\/strong> p\u0159in\u00e1\u0161\u00ed <strong>pocit klidu a harmonie<\/strong>. Snadno jej slad\u00edte s modern\u00edmi i klasick\u00fdmi interi\u00e9ry.&nbsp;S\u00e9rie zahrnuje <strong>t\u0159i z\u00e1v\u011bsn\u00e9 umyvadlov\u00e9 sk\u0159\u00ed\u0148ky<\/strong> (\u0161\u00ed\u0159ky 40, 60 a 80 cm), <strong>vysokou sk\u0159\u00ed\u0148<\/strong> a <strong>umyvadlov\u00e9 desky<\/strong>.&nbsp;Ka\u017ed\u00fd kus je dod\u00e1v\u00e1n se <strong>t\u0159emi variantami \u00fachytek<\/strong> \u2013 <strong>zlat\u00fd lesk, chromov\u00fd lesk nebo \u010dern\u00fd mat<\/strong> \u2013 d\u00edky nim\u017e si m\u016f\u017eete n\u00e1bytek p\u0159izp\u016fsobit stylu sv\u00e9 koupelny.&nbsp;N\u00e1bytek <strong>vynik\u00e1 precizn\u00edm zpracov\u00e1n\u00edm, stabilitou a dlouhou \u017eivotnost\u00ed<\/strong>. Dod\u00e1v\u00e1 se v <strong>praktick\u00fdch balen\u00edch<\/strong>, kter\u00e1 umo\u017e\u0148uj\u00ed <strong>snadnou a rychlou mont\u00e1\u017e<\/strong> \u2013 bez pot\u0159eby odborn\u00edka.<\/p>\n<\/p><\/div>\n<div class=\"ProductDetailContent\">\n<div class=\"ProductDetailContent-item\">\n<h3>Dod\u00e1v\u00e1no v rozlo\u017een\u00e9m stavu<\/h3>\n<p><strong>Koupelnov\u00fd n\u00e1bytek COMAD<\/strong> je dod\u00e1v\u00e1n v\u017edy v rozlo\u017een\u00e9m stavu spole\u010dn\u011b s <strong>jasn\u00fdm a srozumiteln\u00fdm mont\u00e1\u017en\u00edm n\u00e1vodem<\/strong>. Mont\u00e1\u017en\u00ed n\u00e1vody jsou rovn\u011b\u017e k dispozici u ka\u017ed\u00e9ho v\u00fdrobku na na\u0161em e-shopu nebo je na po\u017e\u00e1d\u00e1n\u00ed za\u0161leme.<\/p>\n<\/p><\/div>\n<\/p><\/div>\n<\/p><\/div>\n<\/p><\/div>\n<\/p><\/div>\n","protected":false},"excerpt":{"rendered":"<p>Popis produktu Comad Koupelnov\u00e1 sk\u0159\u00ed\u0148ka s ko\u0161em na pr\u00e1dlo 40x57x46 cm Adel Cashmere 81-40-1DK ka\u0161m\u00edr Elegantn\u00ed n\u00edzk\u00e1 koupelnov\u00e1 sk\u0159\u00ed\u0148ka v ka\u0161m\u00edrov\u00e9m matn\u00e9m proveden\u00ed&nbsp;je vybavena v\u00fdklopn\u00fdmi&nbsp;dv\u00ed\u0159ky s ko\u0161em na pr\u00e1dlo. Technick\u00e9 parametry \u0160\u00ed\u0159ka:&nbsp;40,0 cm Hloubka:&nbsp;46,0 cm V\u00fd\u0161ka:&nbsp;57,0 cm Materi\u00e1l: MDF Barva:&nbsp;ka\u0161m\u00edr mat V\u00fdbava: tich\u00e9 dov\u00edr\u00e1n\u00ed dv\u00ed\u0159ek, 3&nbsp;sady \u00fachytek Kolekce Adel Cashmere spojuje elegantn\u00ed design, prakti\u010dnost a [&hellip;]<\/p>\n","protected":false},"featured_media":33476,"comment_status":"open","ping_status":"open","template":"","meta":[],"product_brand":[],"product_cat":[77],"product_tag":[],"class_list":{"0":"post-33376","1":"product","2":"type-product","3":"status-publish","4":"has-post-thumbnail","6":"product_cat-koupelny","8":"first","9":"instock","10":"sale","11":"shipping-taxable","12":"purchasable","13":"product-type-simple"},"yoast_head":"<!-- This site is optimized with the Yoast SEO plugin v26.8 - https:\/\/yoast.com\/product\/yoast-seo-wordpress\/ -->\n<title>Zlevn\u011bn\u00fd Comad Koupelnov\u00e1 sk\u0159\u00ed\u0148ka s ko\u0161em na pr\u00e1dlo 40x57x46 cm Adel Cashmere 81-40-1DK ka\u0161m\u00edr -<\/title>\n<meta name=\"robots\" content=\"index, follow, max-snippet:-1, max-image-preview:large, max-video-preview:-1\" \/>\n<link rel=\"canonical\" href=\"https:\/\/www.koupeltech.com\/index.php\/produkt\/zlevneny-comad-koupelnova-skrinka-s-kosem-na-pradlo-40x57x46-cm-adel-cashmere-81-40-1dk-kasmir-33376\/\" \/>\n<meta property=\"og:locale\" content=\"cs_CZ\" \/>\n<meta property=\"og:type\" content=\"article\" \/>\n<meta property=\"og:title\" content=\"Zlevn\u011bn\u00fd Comad Koupelnov\u00e1 sk\u0159\u00ed\u0148ka s ko\u0161em na pr\u00e1dlo 40x57x46 cm Adel Cashmere 81-40-1DK ka\u0161m\u00edr -\" \/>\n<meta property=\"og:description\" content=\"Popis produktu Comad Koupelnov\u00e1 sk\u0159\u00ed\u0148ka s ko\u0161em na pr\u00e1dlo 40x57x46 cm Adel Cashmere 81-40-1DK ka\u0161m\u00edr Elegantn\u00ed n\u00edzk\u00e1 koupelnov\u00e1 sk\u0159\u00ed\u0148ka v ka\u0161m\u00edrov\u00e9m matn\u00e9m proveden\u00ed&nbsp;je vybavena v\u00fdklopn\u00fdmi&nbsp;dv\u00ed\u0159ky s ko\u0161em na pr\u00e1dlo. Technick\u00e9 parametry \u0160\u00ed\u0159ka:&nbsp;40,0 cm Hloubka:&nbsp;46,0 cm V\u00fd\u0161ka:&nbsp;57,0 cm Materi\u00e1l: MDF Barva:&nbsp;ka\u0161m\u00edr mat V\u00fdbava: tich\u00e9 dov\u00edr\u00e1n\u00ed dv\u00ed\u0159ek, 3&nbsp;sady \u00fachytek Kolekce Adel Cashmere spojuje elegantn\u00ed design, prakti\u010dnost a [&hellip;]\" \/>\n<meta property=\"og:url\" content=\"https:\/\/www.koupeltech.com\/index.php\/produkt\/zlevneny-comad-koupelnova-skrinka-s-kosem-na-pradlo-40x57x46-cm-adel-cashmere-81-40-1dk-kasmir-33376\/\" \/>\n<meta property=\"og:image\" content=\"https:\/\/www.koupeltech.com\/wp-content\/uploads\/2026\/SK0024528-CZ20260425-092632-0-1777080397-comad-koupelnova-skrinka-s-kosem-na-pradlo-40x57x46-cm-adel.webp\" \/>\n\t<meta property=\"og:image:width\" content=\"600\" \/>\n\t<meta property=\"og:image:height\" content=\"400\" \/>\n\t<meta property=\"og:image:type\" content=\"image\/webp\" \/>\n<meta name=\"twitter:card\" content=\"summary_large_image\" \/>\n<meta name=\"twitter:label1\" content=\"Odhadovan\u00e1 doba \u010dten\u00ed\" \/>\n\t<meta name=\"twitter:data1\" content=\"2 minuty\" \/>\n<script type=\"application\/ld+json\" class=\"yoast-schema-graph\">{\"@context\":\"https:\/\/schema.org\",\"@graph\":[{\"@type\":\"WebPage\",\"@id\":\"https:\/\/www.koupeltech.com\/index.php\/produkt\/zlevneny-comad-koupelnova-skrinka-s-kosem-na-pradlo-40x57x46-cm-adel-cashmere-81-40-1dk-kasmir-33376\/\",\"url\":\"https:\/\/www.koupeltech.com\/index.php\/produkt\/zlevneny-comad-koupelnova-skrinka-s-kosem-na-pradlo-40x57x46-cm-adel-cashmere-81-40-1dk-kasmir-33376\/\",\"name\":\"Zlevn\u011bn\u00fd Comad Koupelnov\u00e1 sk\u0159\u00ed\u0148ka s ko\u0161em na pr\u00e1dlo 40x57x46 cm Adel Cashmere 81-40-1DK ka\u0161m\u00edr -\",\"isPartOf\":{\"@id\":\"https:\/\/www.koupeltech.com\/#website\"},\"primaryImageOfPage\":{\"@id\":\"https:\/\/www.koupeltech.com\/index.php\/produkt\/zlevneny-comad-koupelnova-skrinka-s-kosem-na-pradlo-40x57x46-cm-adel-cashmere-81-40-1dk-kasmir-33376\/#primaryimage\"},\"image\":{\"@id\":\"https:\/\/www.koupeltech.com\/index.php\/produkt\/zlevneny-comad-koupelnova-skrinka-s-kosem-na-pradlo-40x57x46-cm-adel-cashmere-81-40-1dk-kasmir-33376\/#primaryimage\"},\"thumbnailUrl\":\"https:\/\/www.koupeltech.com\/wp-content\/uploads\/2026\/SK0024528-CZ20260425-092632-0-1777080397-comad-koupelnova-skrinka-s-kosem-na-pradlo-40x57x46-cm-adel.webp\",\"datePublished\":\"2026-04-27T14:00:55+00:00\",\"breadcrumb\":{\"@id\":\"https:\/\/www.koupeltech.com\/index.php\/produkt\/zlevneny-comad-koupelnova-skrinka-s-kosem-na-pradlo-40x57x46-cm-adel-cashmere-81-40-1dk-kasmir-33376\/#breadcrumb\"},\"inLanguage\":\"cs\",\"potentialAction\":[{\"@type\":\"ReadAction\",\"target\":[\"https:\/\/www.koupeltech.com\/index.php\/produkt\/zlevneny-comad-koupelnova-skrinka-s-kosem-na-pradlo-40x57x46-cm-adel-cashmere-81-40-1dk-kasmir-33376\/\"]}]},{\"@type\":\"ImageObject\",\"inLanguage\":\"cs\",\"@id\":\"https:\/\/www.koupeltech.com\/index.php\/produkt\/zlevneny-comad-koupelnova-skrinka-s-kosem-na-pradlo-40x57x46-cm-adel-cashmere-81-40-1dk-kasmir-33376\/#primaryimage\",\"url\":\"https:\/\/www.koupeltech.com\/wp-content\/uploads\/2026\/SK0024528-CZ20260425-092632-0-1777080397-comad-koupelnova-skrinka-s-kosem-na-pradlo-40x57x46-cm-adel.webp\",\"contentUrl\":\"https:\/\/www.koupeltech.com\/wp-content\/uploads\/2026\/SK0024528-CZ20260425-092632-0-1777080397-comad-koupelnova-skrinka-s-kosem-na-pradlo-40x57x46-cm-adel.webp\",\"width\":600,\"height\":400},{\"@type\":\"BreadcrumbList\",\"@id\":\"https:\/\/www.koupeltech.com\/index.php\/produkt\/zlevneny-comad-koupelnova-skrinka-s-kosem-na-pradlo-40x57x46-cm-adel-cashmere-81-40-1dk-kasmir-33376\/#breadcrumb\",\"itemListElement\":[{\"@type\":\"ListItem\",\"position\":1,\"name\":\"Home\",\"item\":\"https:\/\/www.koupeltech.com\/\"},{\"@type\":\"ListItem\",\"position\":2,\"name\":\"Products\",\"item\":\"https:\/\/www.koupeltech.com\/index.php\/products\/\"},{\"@type\":\"ListItem\",\"position\":3,\"name\":\"Zlevn\u011bn\u00fd Comad Koupelnov\u00e1 sk\u0159\u00ed\u0148ka s ko\u0161em na pr\u00e1dlo 40x57x46 cm Adel Cashmere 81-40-1DK ka\u0161m\u00edr\"}]},{\"@type\":\"WebSite\",\"@id\":\"https:\/\/www.koupeltech.com\/#website\",\"url\":\"https:\/\/www.koupeltech.com\/\",\"name\":\"\",\"description\":\"\",\"potentialAction\":[{\"@type\":\"SearchAction\",\"target\":{\"@type\":\"EntryPoint\",\"urlTemplate\":\"https:\/\/www.koupeltech.com\/?s={search_term_string}\"},\"query-input\":{\"@type\":\"PropertyValueSpecification\",\"valueRequired\":true,\"valueName\":\"search_term_string\"}}],\"inLanguage\":\"cs\"}]}<\/script>\n<!-- \/ Yoast SEO plugin. -->","yoast_head_json":{"title":"Zlevn\u011bn\u00fd Comad Koupelnov\u00e1 sk\u0159\u00ed\u0148ka s ko\u0161em na pr\u00e1dlo 40x57x46 cm Adel Cashmere 81-40-1DK ka\u0161m\u00edr -","robots":{"index":"index","follow":"follow","max-snippet":"max-snippet:-1","max-image-preview":"max-image-preview:large","max-video-preview":"max-video-preview:-1"},"canonical":"https:\/\/www.koupeltech.com\/index.php\/produkt\/zlevneny-comad-koupelnova-skrinka-s-kosem-na-pradlo-40x57x46-cm-adel-cashmere-81-40-1dk-kasmir-33376\/","og_locale":"cs_CZ","og_type":"article","og_title":"Zlevn\u011bn\u00fd Comad Koupelnov\u00e1 sk\u0159\u00ed\u0148ka s ko\u0161em na pr\u00e1dlo 40x57x46 cm Adel Cashmere 81-40-1DK ka\u0161m\u00edr -","og_description":"Popis produktu Comad Koupelnov\u00e1 sk\u0159\u00ed\u0148ka s ko\u0161em na pr\u00e1dlo 40x57x46 cm Adel Cashmere 81-40-1DK ka\u0161m\u00edr Elegantn\u00ed n\u00edzk\u00e1 koupelnov\u00e1 sk\u0159\u00ed\u0148ka v ka\u0161m\u00edrov\u00e9m matn\u00e9m proveden\u00ed&nbsp;je vybavena v\u00fdklopn\u00fdmi&nbsp;dv\u00ed\u0159ky s ko\u0161em na pr\u00e1dlo. Technick\u00e9 parametry \u0160\u00ed\u0159ka:&nbsp;40,0 cm Hloubka:&nbsp;46,0 cm V\u00fd\u0161ka:&nbsp;57,0 cm Materi\u00e1l: MDF Barva:&nbsp;ka\u0161m\u00edr mat V\u00fdbava: tich\u00e9 dov\u00edr\u00e1n\u00ed dv\u00ed\u0159ek, 3&nbsp;sady \u00fachytek Kolekce Adel Cashmere spojuje elegantn\u00ed design, prakti\u010dnost a [&hellip;]","og_url":"https:\/\/www.koupeltech.com\/index.php\/produkt\/zlevneny-comad-koupelnova-skrinka-s-kosem-na-pradlo-40x57x46-cm-adel-cashmere-81-40-1dk-kasmir-33376\/","og_image":[{"width":600,"height":400,"url":"https:\/\/www.koupeltech.com\/wp-content\/uploads\/2026\/SK0024528-CZ20260425-092632-0-1777080397-comad-koupelnova-skrinka-s-kosem-na-pradlo-40x57x46-cm-adel.webp","type":"image\/webp"}],"twitter_card":"summary_large_image","twitter_misc":{"Odhadovan\u00e1 doba \u010dten\u00ed":"2 minuty"},"schema":{"@context":"https:\/\/schema.org","@graph":[{"@type":"WebPage","@id":"https:\/\/www.koupeltech.com\/index.php\/produkt\/zlevneny-comad-koupelnova-skrinka-s-kosem-na-pradlo-40x57x46-cm-adel-cashmere-81-40-1dk-kasmir-33376\/","url":"https:\/\/www.koupeltech.com\/index.php\/produkt\/zlevneny-comad-koupelnova-skrinka-s-kosem-na-pradlo-40x57x46-cm-adel-cashmere-81-40-1dk-kasmir-33376\/","name":"Zlevn\u011bn\u00fd Comad Koupelnov\u00e1 sk\u0159\u00ed\u0148ka s ko\u0161em na pr\u00e1dlo 40x57x46 cm Adel Cashmere 81-40-1DK ka\u0161m\u00edr -","isPartOf":{"@id":"https:\/\/www.koupeltech.com\/#website"},"primaryImageOfPage":{"@id":"https:\/\/www.koupeltech.com\/index.php\/produkt\/zlevneny-comad-koupelnova-skrinka-s-kosem-na-pradlo-40x57x46-cm-adel-cashmere-81-40-1dk-kasmir-33376\/#primaryimage"},"image":{"@id":"https:\/\/www.koupeltech.com\/index.php\/produkt\/zlevneny-comad-koupelnova-skrinka-s-kosem-na-pradlo-40x57x46-cm-adel-cashmere-81-40-1dk-kasmir-33376\/#primaryimage"},"thumbnailUrl":"https:\/\/www.koupeltech.com\/wp-content\/uploads\/2026\/SK0024528-CZ20260425-092632-0-1777080397-comad-koupelnova-skrinka-s-kosem-na-pradlo-40x57x46-cm-adel.webp","datePublished":"2026-04-27T14:00:55+00:00","breadcrumb":{"@id":"https:\/\/www.koupeltech.com\/index.php\/produkt\/zlevneny-comad-koupelnova-skrinka-s-kosem-na-pradlo-40x57x46-cm-adel-cashmere-81-40-1dk-kasmir-33376\/#breadcrumb"},"inLanguage":"cs","potentialAction":[{"@type":"ReadAction","target":["https:\/\/www.koupeltech.com\/index.php\/produkt\/zlevneny-comad-koupelnova-skrinka-s-kosem-na-pradlo-40x57x46-cm-adel-cashmere-81-40-1dk-kasmir-33376\/"]}]},{"@type":"ImageObject","inLanguage":"cs","@id":"https:\/\/www.koupeltech.com\/index.php\/produkt\/zlevneny-comad-koupelnova-skrinka-s-kosem-na-pradlo-40x57x46-cm-adel-cashmere-81-40-1dk-kasmir-33376\/#primaryimage","url":"https:\/\/www.koupeltech.com\/wp-content\/uploads\/2026\/SK0024528-CZ20260425-092632-0-1777080397-comad-koupelnova-skrinka-s-kosem-na-pradlo-40x57x46-cm-adel.webp","contentUrl":"https:\/\/www.koupeltech.com\/wp-content\/uploads\/2026\/SK0024528-CZ20260425-092632-0-1777080397-comad-koupelnova-skrinka-s-kosem-na-pradlo-40x57x46-cm-adel.webp","width":600,"height":400},{"@type":"BreadcrumbList","@id":"https:\/\/www.koupeltech.com\/index.php\/produkt\/zlevneny-comad-koupelnova-skrinka-s-kosem-na-pradlo-40x57x46-cm-adel-cashmere-81-40-1dk-kasmir-33376\/#breadcrumb","itemListElement":[{"@type":"ListItem","position":1,"name":"Home","item":"https:\/\/www.koupeltech.com\/"},{"@type":"ListItem","position":2,"name":"Products","item":"https:\/\/www.koupeltech.com\/index.php\/products\/"},{"@type":"ListItem","position":3,"name":"Zlevn\u011bn\u00fd Comad Koupelnov\u00e1 sk\u0159\u00ed\u0148ka s ko\u0161em na pr\u00e1dlo 40x57x46 cm Adel Cashmere 81-40-1DK ka\u0161m\u00edr"}]},{"@type":"WebSite","@id":"https:\/\/www.koupeltech.com\/#website","url":"https:\/\/www.koupeltech.com\/","name":"","description":"","potentialAction":[{"@type":"SearchAction","target":{"@type":"EntryPoint","urlTemplate":"https:\/\/www.koupeltech.com\/?s={search_term_string}"},"query-input":{"@type":"PropertyValueSpecification","valueRequired":true,"valueName":"search_term_string"}}],"inLanguage":"cs"}]}},"_links":{"self":[{"href":"https:\/\/www.koupeltech.com\/index.php\/wp-json\/wp\/v2\/product\/33376","targetHints":{"allow":["GET"]}}],"collection":[{"href":"https:\/\/www.koupeltech.com\/index.php\/wp-json\/wp\/v2\/product"}],"about":[{"href":"https:\/\/www.koupeltech.com\/index.php\/wp-json\/wp\/v2\/types\/product"}],"replies":[{"embeddable":true,"href":"https:\/\/www.koupeltech.com\/index.php\/wp-json\/wp\/v2\/comments?post=33376"}],"wp:featuredmedia":[{"embeddable":true,"href":"https:\/\/www.koupeltech.com\/index.php\/wp-json\/wp\/v2\/media\/33476"}],"wp:attachment":[{"href":"https:\/\/www.koupeltech.com\/index.php\/wp-json\/wp\/v2\/media?parent=33376"}],"wp:term":[{"taxonomy":"product_brand","embeddable":true,"href":"https:\/\/www.koupeltech.com\/index.php\/wp-json\/wp\/v2\/product_brand?post=33376"},{"taxonomy":"product_cat","embeddable":true,"href":"https:\/\/www.koupeltech.com\/index.php\/wp-json\/wp\/v2\/product_cat?post=33376"},{"taxonomy":"product_tag","embeddable":true,"href":"https:\/\/www.koupeltech.com\/index.php\/wp-json\/wp\/v2\/product_tag?post=33376"}],"curies":[{"name":"wp","href":"https:\/\/api.w.org\/{rel}","templated":true}]}}