{"id":33380,"date":"2026-04-27T14:00:55","date_gmt":"2026-04-27T14:00:55","guid":{"rendered":""},"modified":"2026-04-27T14:00:55","modified_gmt":"2026-04-27T14:00:55","slug":"akce-comad-umyvadlova-skrinka-80x84x46cm-bali-cashmere-82-80-46-2d-kasmir-dub-33380","status":"publish","type":"product","link":"https:\/\/www.koupeltech.com\/index.php\/produkt\/akce-comad-umyvadlova-skrinka-80x84x46cm-bali-cashmere-82-80-46-2d-kasmir-dub-33380\/","title":{"rendered":"Akce Comad Umyvadlov\u00e1 sk\u0159\u00ed\u0148ka 80x84x46cm BALI CASHMERE 82-80-46-2D ka\u0161m\u00edr\/dub"},"content":{"rendered":"<div class=\"ProductDetail-content NoFixImageContainer\" id=\"productDescription\">\n<div class=\"Heading\">\n<h2 class=\"Heading-title\">Popis produktu <span class=''>Comad Umyvadlov\u00e1 sk\u0159\u00ed\u0148ka 80x84x46cm BALI CASHMERE 82-80-46-2D ka\u0161m\u00edr\/dub<\/span><\/h2>\n<\/p><\/div>\n<div class=\"ProductDetailContent\">\n<p><strong>Stojac\u00ed koupelnov\u00e1 umyvadlov\u00e1 sk\u0159\u00ed\u0148ka v elegantn\u00edm ka\u0161m\u00edrov\u00e9m matn\u00e9m proveden\u00ed<\/strong> je vybavena dv\u011bma dv\u00ed\u0159ky a jednou polic\u00ed. Lze ji doplnit n\u00e1bytkov\u00fdm umyvadlem nebo umyvadlovou deskou, kter\u00e9 najdete v sekci P\u0159\u00edslu\u0161enstv\u00ed.<\/p>\n<h3>Technick\u00e9 parametry<\/h3>\n<ul>\n<li><strong>\u0160\u00ed\u0159ka:<\/strong> 80 cm<\/li>\n<li><strong>Hloubka:<\/strong> 46 cm<\/li>\n<li><strong>V\u00fd\u0161ka:<\/strong> 84 cm<\/li>\n<li><strong>Materi\u00e1l:<\/strong> MDF<\/li>\n<li><strong>Barva:<\/strong>&nbsp;ka\u0161m\u00edr mat, dub Wotan<\/li>\n<li><strong>V\u00fdbava:<\/strong>&nbsp;tich\u00e9 dov\u00edr\u00e1n\u00ed<\/li>\n<\/ul>\n<p><strong>Koupelnov\u00fd n\u00e1bytek<\/strong>&nbsp;<strong>Bali Cashmere<\/strong> prom\u011bn\u00ed va\u0161i koupelnu v prostor, kde se budete c\u00edtit p\u0159\u00edjemn\u011b a r\u00e1di v n\u011bm z\u016fstanete d\u00e9le. Sv\u011btl\u00fd ka\u0161m\u00edrov\u011b b\u00e9\u017eov\u00fd matn\u00fd dekor v kombinaci s p\u0159\u00edrodn\u00edm dekorem <strong>dub&nbsp; Wotan<\/strong> vytv\u00e1\u0159\u00ed elegantn\u00ed a harmonick\u00fd celek.&nbsp;<strong>N\u00e1bytek je vybaven stabiln\u00edmi nohami<\/strong>, tak\u017ee nen\u00ed pot\u0159eba \u017e\u00e1dn\u00e9 vrt\u00e1n\u00ed do zdi. <strong>Hladk\u00e1 \u010dela s integrovan\u00fdmi \u00fachytkami<\/strong> podtrhuj\u00ed modern\u00ed a nad\u010dasov\u00fd charakter kolekce.&nbsp;Pohodl\u00ed ka\u017edodenn\u00edho pou\u017e\u00edv\u00e1n\u00ed zaji\u0161\u0165uje <strong>syst\u00e9m tich\u00e9ho zav\u00edr\u00e1n\u00ed<\/strong> dve\u0159\u00ed a z\u00e1suvek.&nbsp;Ka\u017ed\u00fd prvek n\u00e1bytku je dod\u00e1v\u00e1n v praktick\u00fdch balen\u00edch pro <strong>intuitivn\u00ed vlastn\u00ed mont\u00e1\u017e<\/strong>, bez nutnosti odborn\u00fdch znalost\u00ed.<\/p>\n<\/p><\/div>\n<div class=\"ProductDetailContent\">\n<div class=\"ProductDetailContent-item\">\n<h3>Dod\u00e1v\u00e1no v rozlo\u017een\u00e9m stavu<\/h3>\n<p><strong>Koupelnov\u00fd n\u00e1bytek COMAD<\/strong> je dod\u00e1v\u00e1n v\u017edy v rozlo\u017een\u00e9m stavu spole\u010dn\u011b s <strong>jasn\u00fdm a srozumiteln\u00fdm mont\u00e1\u017en\u00edm n\u00e1vodem<\/strong>. Mont\u00e1\u017en\u00ed n\u00e1vody jsou rovn\u011b\u017e k dispozici u ka\u017ed\u00e9ho v\u00fdrobku na na\u0161em e-shopu nebo je na po\u017e\u00e1d\u00e1n\u00ed za\u0161leme.<\/p>\n<\/p><\/div>\n<\/p><\/div>\n<\/p><\/div>\n<\/p><\/div>\n<\/p><\/div>\n","protected":false},"excerpt":{"rendered":"<p>Popis produktu Comad Umyvadlov\u00e1 sk\u0159\u00ed\u0148ka 80x84x46cm BALI CASHMERE 82-80-46-2D ka\u0161m\u00edr\/dub Stojac\u00ed koupelnov\u00e1 umyvadlov\u00e1 sk\u0159\u00ed\u0148ka v elegantn\u00edm ka\u0161m\u00edrov\u00e9m matn\u00e9m proveden\u00ed je vybavena dv\u011bma dv\u00ed\u0159ky a jednou polic\u00ed. Lze ji doplnit n\u00e1bytkov\u00fdm umyvadlem nebo umyvadlovou deskou, kter\u00e9 najdete v sekci P\u0159\u00edslu\u0161enstv\u00ed. Technick\u00e9 parametry \u0160\u00ed\u0159ka: 80 cm Hloubka: 46 cm V\u00fd\u0161ka: 84 cm Materi\u00e1l: MDF Barva:&nbsp;ka\u0161m\u00edr mat, dub [&hellip;]<\/p>\n","protected":false},"featured_media":33480,"comment_status":"open","ping_status":"open","template":"","meta":[],"product_brand":[],"product_cat":[77],"product_tag":[],"class_list":{"0":"post-33380","1":"product","2":"type-product","3":"status-publish","4":"has-post-thumbnail","6":"product_cat-koupelny","8":"first","9":"instock","10":"sale","11":"shipping-taxable","12":"purchasable","13":"product-type-simple"},"yoast_head":"<!-- This site is optimized with the Yoast SEO plugin v26.8 - https:\/\/yoast.com\/product\/yoast-seo-wordpress\/ -->\n<title>Akce Comad Umyvadlov\u00e1 sk\u0159\u00ed\u0148ka 80x84x46cm BALI CASHMERE 82-80-46-2D ka\u0161m\u00edr\/dub -<\/title>\n<meta name=\"robots\" content=\"index, follow, max-snippet:-1, max-image-preview:large, max-video-preview:-1\" \/>\n<link rel=\"canonical\" href=\"https:\/\/www.koupeltech.com\/index.php\/produkt\/akce-comad-umyvadlova-skrinka-80x84x46cm-bali-cashmere-82-80-46-2d-kasmir-dub-33380\/\" \/>\n<meta property=\"og:locale\" content=\"cs_CZ\" \/>\n<meta property=\"og:type\" content=\"article\" \/>\n<meta property=\"og:title\" content=\"Akce Comad Umyvadlov\u00e1 sk\u0159\u00ed\u0148ka 80x84x46cm BALI CASHMERE 82-80-46-2D ka\u0161m\u00edr\/dub -\" \/>\n<meta property=\"og:description\" content=\"Popis produktu Comad Umyvadlov\u00e1 sk\u0159\u00ed\u0148ka 80x84x46cm BALI CASHMERE 82-80-46-2D ka\u0161m\u00edr\/dub Stojac\u00ed koupelnov\u00e1 umyvadlov\u00e1 sk\u0159\u00ed\u0148ka v elegantn\u00edm ka\u0161m\u00edrov\u00e9m matn\u00e9m proveden\u00ed je vybavena dv\u011bma dv\u00ed\u0159ky a jednou polic\u00ed. Lze ji doplnit n\u00e1bytkov\u00fdm umyvadlem nebo umyvadlovou deskou, kter\u00e9 najdete v sekci P\u0159\u00edslu\u0161enstv\u00ed. Technick\u00e9 parametry \u0160\u00ed\u0159ka: 80 cm Hloubka: 46 cm V\u00fd\u0161ka: 84 cm Materi\u00e1l: MDF Barva:&nbsp;ka\u0161m\u00edr mat, dub [&hellip;]\" \/>\n<meta property=\"og:url\" content=\"https:\/\/www.koupeltech.com\/index.php\/produkt\/akce-comad-umyvadlova-skrinka-80x84x46cm-bali-cashmere-82-80-46-2d-kasmir-dub-33380\/\" \/>\n<meta property=\"og:image\" content=\"https:\/\/www.koupeltech.com\/wp-content\/uploads\/2026\/SK0024532-CZ20260425-092632-0-1777080397-comad-umyvadlova-skrinka-80x84x46cm-bali-cashmere-82-80-46-.webp\" \/>\n\t<meta property=\"og:image:width\" content=\"600\" \/>\n\t<meta property=\"og:image:height\" content=\"400\" \/>\n\t<meta property=\"og:image:type\" content=\"image\/webp\" \/>\n<meta name=\"twitter:card\" content=\"summary_large_image\" \/>\n<meta name=\"twitter:label1\" content=\"Odhadovan\u00e1 doba \u010dten\u00ed\" \/>\n\t<meta name=\"twitter:data1\" content=\"1 minuta\" \/>\n<script type=\"application\/ld+json\" class=\"yoast-schema-graph\">{\"@context\":\"https:\/\/schema.org\",\"@graph\":[{\"@type\":\"WebPage\",\"@id\":\"https:\/\/www.koupeltech.com\/index.php\/produkt\/akce-comad-umyvadlova-skrinka-80x84x46cm-bali-cashmere-82-80-46-2d-kasmir-dub-33380\/\",\"url\":\"https:\/\/www.koupeltech.com\/index.php\/produkt\/akce-comad-umyvadlova-skrinka-80x84x46cm-bali-cashmere-82-80-46-2d-kasmir-dub-33380\/\",\"name\":\"Akce Comad Umyvadlov\u00e1 sk\u0159\u00ed\u0148ka 80x84x46cm BALI CASHMERE 82-80-46-2D ka\u0161m\u00edr\/dub -\",\"isPartOf\":{\"@id\":\"https:\/\/www.koupeltech.com\/#website\"},\"primaryImageOfPage\":{\"@id\":\"https:\/\/www.koupeltech.com\/index.php\/produkt\/akce-comad-umyvadlova-skrinka-80x84x46cm-bali-cashmere-82-80-46-2d-kasmir-dub-33380\/#primaryimage\"},\"image\":{\"@id\":\"https:\/\/www.koupeltech.com\/index.php\/produkt\/akce-comad-umyvadlova-skrinka-80x84x46cm-bali-cashmere-82-80-46-2d-kasmir-dub-33380\/#primaryimage\"},\"thumbnailUrl\":\"https:\/\/www.koupeltech.com\/wp-content\/uploads\/2026\/SK0024532-CZ20260425-092632-0-1777080397-comad-umyvadlova-skrinka-80x84x46cm-bali-cashmere-82-80-46-.webp\",\"datePublished\":\"2026-04-27T14:00:55+00:00\",\"breadcrumb\":{\"@id\":\"https:\/\/www.koupeltech.com\/index.php\/produkt\/akce-comad-umyvadlova-skrinka-80x84x46cm-bali-cashmere-82-80-46-2d-kasmir-dub-33380\/#breadcrumb\"},\"inLanguage\":\"cs\",\"potentialAction\":[{\"@type\":\"ReadAction\",\"target\":[\"https:\/\/www.koupeltech.com\/index.php\/produkt\/akce-comad-umyvadlova-skrinka-80x84x46cm-bali-cashmere-82-80-46-2d-kasmir-dub-33380\/\"]}]},{\"@type\":\"ImageObject\",\"inLanguage\":\"cs\",\"@id\":\"https:\/\/www.koupeltech.com\/index.php\/produkt\/akce-comad-umyvadlova-skrinka-80x84x46cm-bali-cashmere-82-80-46-2d-kasmir-dub-33380\/#primaryimage\",\"url\":\"https:\/\/www.koupeltech.com\/wp-content\/uploads\/2026\/SK0024532-CZ20260425-092632-0-1777080397-comad-umyvadlova-skrinka-80x84x46cm-bali-cashmere-82-80-46-.webp\",\"contentUrl\":\"https:\/\/www.koupeltech.com\/wp-content\/uploads\/2026\/SK0024532-CZ20260425-092632-0-1777080397-comad-umyvadlova-skrinka-80x84x46cm-bali-cashmere-82-80-46-.webp\",\"width\":600,\"height\":400},{\"@type\":\"BreadcrumbList\",\"@id\":\"https:\/\/www.koupeltech.com\/index.php\/produkt\/akce-comad-umyvadlova-skrinka-80x84x46cm-bali-cashmere-82-80-46-2d-kasmir-dub-33380\/#breadcrumb\",\"itemListElement\":[{\"@type\":\"ListItem\",\"position\":1,\"name\":\"Home\",\"item\":\"https:\/\/www.koupeltech.com\/\"},{\"@type\":\"ListItem\",\"position\":2,\"name\":\"Products\",\"item\":\"https:\/\/www.koupeltech.com\/index.php\/products\/\"},{\"@type\":\"ListItem\",\"position\":3,\"name\":\"Akce Comad Umyvadlov\u00e1 sk\u0159\u00ed\u0148ka 80x84x46cm BALI CASHMERE 82-80-46-2D ka\u0161m\u00edr\/dub\"}]},{\"@type\":\"WebSite\",\"@id\":\"https:\/\/www.koupeltech.com\/#website\",\"url\":\"https:\/\/www.koupeltech.com\/\",\"name\":\"\",\"description\":\"\",\"potentialAction\":[{\"@type\":\"SearchAction\",\"target\":{\"@type\":\"EntryPoint\",\"urlTemplate\":\"https:\/\/www.koupeltech.com\/?s={search_term_string}\"},\"query-input\":{\"@type\":\"PropertyValueSpecification\",\"valueRequired\":true,\"valueName\":\"search_term_string\"}}],\"inLanguage\":\"cs\"}]}<\/script>\n<!-- \/ Yoast SEO plugin. -->","yoast_head_json":{"title":"Akce Comad Umyvadlov\u00e1 sk\u0159\u00ed\u0148ka 80x84x46cm BALI CASHMERE 82-80-46-2D ka\u0161m\u00edr\/dub -","robots":{"index":"index","follow":"follow","max-snippet":"max-snippet:-1","max-image-preview":"max-image-preview:large","max-video-preview":"max-video-preview:-1"},"canonical":"https:\/\/www.koupeltech.com\/index.php\/produkt\/akce-comad-umyvadlova-skrinka-80x84x46cm-bali-cashmere-82-80-46-2d-kasmir-dub-33380\/","og_locale":"cs_CZ","og_type":"article","og_title":"Akce Comad Umyvadlov\u00e1 sk\u0159\u00ed\u0148ka 80x84x46cm BALI CASHMERE 82-80-46-2D ka\u0161m\u00edr\/dub -","og_description":"Popis produktu Comad Umyvadlov\u00e1 sk\u0159\u00ed\u0148ka 80x84x46cm BALI CASHMERE 82-80-46-2D ka\u0161m\u00edr\/dub Stojac\u00ed koupelnov\u00e1 umyvadlov\u00e1 sk\u0159\u00ed\u0148ka v elegantn\u00edm ka\u0161m\u00edrov\u00e9m matn\u00e9m proveden\u00ed je vybavena dv\u011bma dv\u00ed\u0159ky a jednou polic\u00ed. Lze ji doplnit n\u00e1bytkov\u00fdm umyvadlem nebo umyvadlovou deskou, kter\u00e9 najdete v sekci P\u0159\u00edslu\u0161enstv\u00ed. Technick\u00e9 parametry \u0160\u00ed\u0159ka: 80 cm Hloubka: 46 cm V\u00fd\u0161ka: 84 cm Materi\u00e1l: MDF Barva:&nbsp;ka\u0161m\u00edr mat, dub [&hellip;]","og_url":"https:\/\/www.koupeltech.com\/index.php\/produkt\/akce-comad-umyvadlova-skrinka-80x84x46cm-bali-cashmere-82-80-46-2d-kasmir-dub-33380\/","og_image":[{"width":600,"height":400,"url":"https:\/\/www.koupeltech.com\/wp-content\/uploads\/2026\/SK0024532-CZ20260425-092632-0-1777080397-comad-umyvadlova-skrinka-80x84x46cm-bali-cashmere-82-80-46-.webp","type":"image\/webp"}],"twitter_card":"summary_large_image","twitter_misc":{"Odhadovan\u00e1 doba \u010dten\u00ed":"1 minuta"},"schema":{"@context":"https:\/\/schema.org","@graph":[{"@type":"WebPage","@id":"https:\/\/www.koupeltech.com\/index.php\/produkt\/akce-comad-umyvadlova-skrinka-80x84x46cm-bali-cashmere-82-80-46-2d-kasmir-dub-33380\/","url":"https:\/\/www.koupeltech.com\/index.php\/produkt\/akce-comad-umyvadlova-skrinka-80x84x46cm-bali-cashmere-82-80-46-2d-kasmir-dub-33380\/","name":"Akce Comad Umyvadlov\u00e1 sk\u0159\u00ed\u0148ka 80x84x46cm BALI CASHMERE 82-80-46-2D ka\u0161m\u00edr\/dub -","isPartOf":{"@id":"https:\/\/www.koupeltech.com\/#website"},"primaryImageOfPage":{"@id":"https:\/\/www.koupeltech.com\/index.php\/produkt\/akce-comad-umyvadlova-skrinka-80x84x46cm-bali-cashmere-82-80-46-2d-kasmir-dub-33380\/#primaryimage"},"image":{"@id":"https:\/\/www.koupeltech.com\/index.php\/produkt\/akce-comad-umyvadlova-skrinka-80x84x46cm-bali-cashmere-82-80-46-2d-kasmir-dub-33380\/#primaryimage"},"thumbnailUrl":"https:\/\/www.koupeltech.com\/wp-content\/uploads\/2026\/SK0024532-CZ20260425-092632-0-1777080397-comad-umyvadlova-skrinka-80x84x46cm-bali-cashmere-82-80-46-.webp","datePublished":"2026-04-27T14:00:55+00:00","breadcrumb":{"@id":"https:\/\/www.koupeltech.com\/index.php\/produkt\/akce-comad-umyvadlova-skrinka-80x84x46cm-bali-cashmere-82-80-46-2d-kasmir-dub-33380\/#breadcrumb"},"inLanguage":"cs","potentialAction":[{"@type":"ReadAction","target":["https:\/\/www.koupeltech.com\/index.php\/produkt\/akce-comad-umyvadlova-skrinka-80x84x46cm-bali-cashmere-82-80-46-2d-kasmir-dub-33380\/"]}]},{"@type":"ImageObject","inLanguage":"cs","@id":"https:\/\/www.koupeltech.com\/index.php\/produkt\/akce-comad-umyvadlova-skrinka-80x84x46cm-bali-cashmere-82-80-46-2d-kasmir-dub-33380\/#primaryimage","url":"https:\/\/www.koupeltech.com\/wp-content\/uploads\/2026\/SK0024532-CZ20260425-092632-0-1777080397-comad-umyvadlova-skrinka-80x84x46cm-bali-cashmere-82-80-46-.webp","contentUrl":"https:\/\/www.koupeltech.com\/wp-content\/uploads\/2026\/SK0024532-CZ20260425-092632-0-1777080397-comad-umyvadlova-skrinka-80x84x46cm-bali-cashmere-82-80-46-.webp","width":600,"height":400},{"@type":"BreadcrumbList","@id":"https:\/\/www.koupeltech.com\/index.php\/produkt\/akce-comad-umyvadlova-skrinka-80x84x46cm-bali-cashmere-82-80-46-2d-kasmir-dub-33380\/#breadcrumb","itemListElement":[{"@type":"ListItem","position":1,"name":"Home","item":"https:\/\/www.koupeltech.com\/"},{"@type":"ListItem","position":2,"name":"Products","item":"https:\/\/www.koupeltech.com\/index.php\/products\/"},{"@type":"ListItem","position":3,"name":"Akce Comad Umyvadlov\u00e1 sk\u0159\u00ed\u0148ka 80x84x46cm BALI CASHMERE 82-80-46-2D ka\u0161m\u00edr\/dub"}]},{"@type":"WebSite","@id":"https:\/\/www.koupeltech.com\/#website","url":"https:\/\/www.koupeltech.com\/","name":"","description":"","potentialAction":[{"@type":"SearchAction","target":{"@type":"EntryPoint","urlTemplate":"https:\/\/www.koupeltech.com\/?s={search_term_string}"},"query-input":{"@type":"PropertyValueSpecification","valueRequired":true,"valueName":"search_term_string"}}],"inLanguage":"cs"}]}},"_links":{"self":[{"href":"https:\/\/www.koupeltech.com\/index.php\/wp-json\/wp\/v2\/product\/33380","targetHints":{"allow":["GET"]}}],"collection":[{"href":"https:\/\/www.koupeltech.com\/index.php\/wp-json\/wp\/v2\/product"}],"about":[{"href":"https:\/\/www.koupeltech.com\/index.php\/wp-json\/wp\/v2\/types\/product"}],"replies":[{"embeddable":true,"href":"https:\/\/www.koupeltech.com\/index.php\/wp-json\/wp\/v2\/comments?post=33380"}],"wp:featuredmedia":[{"embeddable":true,"href":"https:\/\/www.koupeltech.com\/index.php\/wp-json\/wp\/v2\/media\/33480"}],"wp:attachment":[{"href":"https:\/\/www.koupeltech.com\/index.php\/wp-json\/wp\/v2\/media?parent=33380"}],"wp:term":[{"taxonomy":"product_brand","embeddable":true,"href":"https:\/\/www.koupeltech.com\/index.php\/wp-json\/wp\/v2\/product_brand?post=33380"},{"taxonomy":"product_cat","embeddable":true,"href":"https:\/\/www.koupeltech.com\/index.php\/wp-json\/wp\/v2\/product_cat?post=33380"},{"taxonomy":"product_tag","embeddable":true,"href":"https:\/\/www.koupeltech.com\/index.php\/wp-json\/wp\/v2\/product_tag?post=33380"}],"curies":[{"name":"wp","href":"https:\/\/api.w.org\/{rel}","templated":true}]}}