{"id":33523,"date":"2026-04-27T14:00:57","date_gmt":"2026-04-27T14:00:57","guid":{"rendered":""},"modified":"2026-04-27T14:00:57","modified_gmt":"2026-04-27T14:00:57","slug":"akce-aqualine-tibera-strip-rohova-volne-stojici-vana-170x80cm-bila-33523","status":"publish","type":"product","link":"https:\/\/www.koupeltech.com\/index.php\/produkt\/akce-aqualine-tibera-strip-rohova-volne-stojici-vana-170x80cm-bila-33523\/","title":{"rendered":"Akce Aqualine TIBERA STRIP rohov\u00e1 voln\u011b stoj\u00edc\u00ed vana 170x80cm, b\u00edl\u00e1"},"content":{"rendered":"<div class=\"ProductDetail-content NoFixImageContainer\" id=\"productDescription\">\n<div class=\"Heading\">\n<h2 class=\"Heading-title\">Popis produktu <span class=''>Aqualine TIBERA STRIP rohov\u00e1 voln\u011b stoj\u00edc\u00ed vana 170x80cm, b\u00edl\u00e1<\/span><\/h2>\n<\/p><\/div>\n<div class=\"ProductDetailContent\">\n<p><strong>Samostatn\u011b stoj\u00edc\u00ed vana TIBERA se neobezd\u00edv\u00e1 ani neobkl\u00e1d\u00e1<\/strong>. Sv\u00fdm designem je ur\u010dena <strong>k instalaci do rohu<\/strong>, \u010d\u00edm\u017e p\u0159edstavuje zaj\u00edmavou alternativu ke klasick\u00e9 rohov\u00e9 van\u011b. Pohledov\u00e1 je i zadn\u00ed strana, tak\u017ee elegantn\u011b p\u016fsob\u00ed i voln\u011b v prostoru. Za pozornost stoj\u00ed p\u0159epad ve tvaru obd\u00e9ln\u00edkov\u00e9 \u0161t\u011brbiny s nerezovou krytkou.<\/p>\n<ul>\n<li><strong>Rozm\u011br:<\/strong> 170\u00d780\u00d758 cm<\/li>\n<li><strong>D\u00e9lka:<\/strong> 1700 mm<\/li>\n<li><strong>\u0160\u00ed\u0159ka:<\/strong> 800 mm<\/li>\n<li><strong>V\u00fd\u0161ka:<\/strong> 580 mm<\/li>\n<li><strong>Objem:<\/strong> 282 l<\/li>\n<li><strong>Barva:<\/strong> B\u00edl\u00e1<\/li>\n<li><strong>Materi\u00e1l:<\/strong> Akryl\u00e1t<\/li>\n<li><strong>Tvar:<\/strong> Asymetrick\u00e1 vana<\/li>\n<li><strong>Instalace:<\/strong> Samostatn\u011b stoj\u00edc\u00ed<\/li>\n<li><strong>Pr\u016fm\u011br odpadu:<\/strong> 50 mm<\/li>\n<li><strong>Balen\u00ed obsahuje:<\/strong> Sifon, staviteln\u00e9 no\u017ei\u010dky, v\u00fdpust<\/li>\n<li><strong>Hmotnost:<\/strong> 72 kg<\/li>\n<li><strong>Balen\u00ed:<\/strong> 1 ks<\/li>\n<li><strong>Z\u00e1ruka:<\/strong> 2 roky<\/li>\n<\/ul><\/div>\n<div class=\"ProductDetailContent\">                                                                    <\/div>\n<\/p><\/div>\n<\/p><\/div>\n<\/p><\/div>\n","protected":false},"excerpt":{"rendered":"<p>Popis produktu Aqualine TIBERA STRIP rohov\u00e1 voln\u011b stoj\u00edc\u00ed vana 170x80cm, b\u00edl\u00e1 Samostatn\u011b stoj\u00edc\u00ed vana TIBERA se neobezd\u00edv\u00e1 ani neobkl\u00e1d\u00e1. Sv\u00fdm designem je ur\u010dena k instalaci do rohu, \u010d\u00edm\u017e p\u0159edstavuje zaj\u00edmavou alternativu ke klasick\u00e9 rohov\u00e9 van\u011b. Pohledov\u00e1 je i zadn\u00ed strana, tak\u017ee elegantn\u011b p\u016fsob\u00ed i voln\u011b v prostoru. Za pozornost stoj\u00ed p\u0159epad ve tvaru obd\u00e9ln\u00edkov\u00e9 \u0161t\u011brbiny [&hellip;]<\/p>\n","protected":false},"featured_media":33623,"comment_status":"open","ping_status":"open","template":"","meta":[],"product_brand":[],"product_cat":[77],"product_tag":[],"class_list":{"0":"post-33523","1":"product","2":"type-product","3":"status-publish","4":"has-post-thumbnail","6":"product_cat-koupelny","8":"first","9":"instock","10":"sale","11":"shipping-taxable","12":"purchasable","13":"product-type-simple"},"yoast_head":"<!-- This site is optimized with the Yoast SEO plugin v26.8 - https:\/\/yoast.com\/product\/yoast-seo-wordpress\/ -->\n<title>Akce Aqualine TIBERA STRIP rohov\u00e1 voln\u011b stoj\u00edc\u00ed vana 170x80cm, b\u00edl\u00e1 -<\/title>\n<meta name=\"robots\" content=\"index, follow, max-snippet:-1, max-image-preview:large, max-video-preview:-1\" \/>\n<link rel=\"canonical\" href=\"https:\/\/www.koupeltech.com\/index.php\/produkt\/akce-aqualine-tibera-strip-rohova-volne-stojici-vana-170x80cm-bila-33523\/\" \/>\n<meta property=\"og:locale\" content=\"cs_CZ\" \/>\n<meta property=\"og:type\" content=\"article\" \/>\n<meta property=\"og:title\" content=\"Akce Aqualine TIBERA STRIP rohov\u00e1 voln\u011b stoj\u00edc\u00ed vana 170x80cm, b\u00edl\u00e1 -\" \/>\n<meta property=\"og:description\" content=\"Popis produktu Aqualine TIBERA STRIP rohov\u00e1 voln\u011b stoj\u00edc\u00ed vana 170x80cm, b\u00edl\u00e1 Samostatn\u011b stoj\u00edc\u00ed vana TIBERA se neobezd\u00edv\u00e1 ani neobkl\u00e1d\u00e1. Sv\u00fdm designem je ur\u010dena k instalaci do rohu, \u010d\u00edm\u017e p\u0159edstavuje zaj\u00edmavou alternativu ke klasick\u00e9 rohov\u00e9 van\u011b. Pohledov\u00e1 je i zadn\u00ed strana, tak\u017ee elegantn\u011b p\u016fsob\u00ed i voln\u011b v prostoru. Za pozornost stoj\u00ed p\u0159epad ve tvaru obd\u00e9ln\u00edkov\u00e9 \u0161t\u011brbiny [&hellip;]\" \/>\n<meta property=\"og:url\" content=\"https:\/\/www.koupeltech.com\/index.php\/produkt\/akce-aqualine-tibera-strip-rohova-volne-stojici-vana-170x80cm-bila-33523\/\" \/>\n<meta property=\"og:image\" content=\"https:\/\/www.koupeltech.com\/wp-content\/uploads\/2026\/SK0024587-CZ20260425-092632-0-1777080397-aqualine-tibera-strip-rohova-volne-stojici-vana-170x80cm-bi.webp\" \/>\n\t<meta property=\"og:image:width\" content=\"600\" \/>\n\t<meta property=\"og:image:height\" content=\"403\" \/>\n\t<meta property=\"og:image:type\" content=\"image\/webp\" \/>\n<meta name=\"twitter:card\" content=\"summary_large_image\" \/>\n<meta name=\"twitter:label1\" content=\"Odhadovan\u00e1 doba \u010dten\u00ed\" \/>\n\t<meta name=\"twitter:data1\" content=\"1 minuta\" \/>\n<script type=\"application\/ld+json\" class=\"yoast-schema-graph\">{\"@context\":\"https:\/\/schema.org\",\"@graph\":[{\"@type\":\"WebPage\",\"@id\":\"https:\/\/www.koupeltech.com\/index.php\/produkt\/akce-aqualine-tibera-strip-rohova-volne-stojici-vana-170x80cm-bila-33523\/\",\"url\":\"https:\/\/www.koupeltech.com\/index.php\/produkt\/akce-aqualine-tibera-strip-rohova-volne-stojici-vana-170x80cm-bila-33523\/\",\"name\":\"Akce Aqualine TIBERA STRIP rohov\u00e1 voln\u011b stoj\u00edc\u00ed vana 170x80cm, b\u00edl\u00e1 -\",\"isPartOf\":{\"@id\":\"https:\/\/www.koupeltech.com\/#website\"},\"primaryImageOfPage\":{\"@id\":\"https:\/\/www.koupeltech.com\/index.php\/produkt\/akce-aqualine-tibera-strip-rohova-volne-stojici-vana-170x80cm-bila-33523\/#primaryimage\"},\"image\":{\"@id\":\"https:\/\/www.koupeltech.com\/index.php\/produkt\/akce-aqualine-tibera-strip-rohova-volne-stojici-vana-170x80cm-bila-33523\/#primaryimage\"},\"thumbnailUrl\":\"https:\/\/www.koupeltech.com\/wp-content\/uploads\/2026\/SK0024587-CZ20260425-092632-0-1777080397-aqualine-tibera-strip-rohova-volne-stojici-vana-170x80cm-bi.webp\",\"datePublished\":\"2026-04-27T14:00:57+00:00\",\"breadcrumb\":{\"@id\":\"https:\/\/www.koupeltech.com\/index.php\/produkt\/akce-aqualine-tibera-strip-rohova-volne-stojici-vana-170x80cm-bila-33523\/#breadcrumb\"},\"inLanguage\":\"cs\",\"potentialAction\":[{\"@type\":\"ReadAction\",\"target\":[\"https:\/\/www.koupeltech.com\/index.php\/produkt\/akce-aqualine-tibera-strip-rohova-volne-stojici-vana-170x80cm-bila-33523\/\"]}]},{\"@type\":\"ImageObject\",\"inLanguage\":\"cs\",\"@id\":\"https:\/\/www.koupeltech.com\/index.php\/produkt\/akce-aqualine-tibera-strip-rohova-volne-stojici-vana-170x80cm-bila-33523\/#primaryimage\",\"url\":\"https:\/\/www.koupeltech.com\/wp-content\/uploads\/2026\/SK0024587-CZ20260425-092632-0-1777080397-aqualine-tibera-strip-rohova-volne-stojici-vana-170x80cm-bi.webp\",\"contentUrl\":\"https:\/\/www.koupeltech.com\/wp-content\/uploads\/2026\/SK0024587-CZ20260425-092632-0-1777080397-aqualine-tibera-strip-rohova-volne-stojici-vana-170x80cm-bi.webp\",\"width\":600,\"height\":403},{\"@type\":\"BreadcrumbList\",\"@id\":\"https:\/\/www.koupeltech.com\/index.php\/produkt\/akce-aqualine-tibera-strip-rohova-volne-stojici-vana-170x80cm-bila-33523\/#breadcrumb\",\"itemListElement\":[{\"@type\":\"ListItem\",\"position\":1,\"name\":\"Home\",\"item\":\"https:\/\/www.koupeltech.com\/\"},{\"@type\":\"ListItem\",\"position\":2,\"name\":\"Products\",\"item\":\"https:\/\/www.koupeltech.com\/index.php\/products\/\"},{\"@type\":\"ListItem\",\"position\":3,\"name\":\"Akce Aqualine TIBERA STRIP rohov\u00e1 voln\u011b stoj\u00edc\u00ed vana 170x80cm, b\u00edl\u00e1\"}]},{\"@type\":\"WebSite\",\"@id\":\"https:\/\/www.koupeltech.com\/#website\",\"url\":\"https:\/\/www.koupeltech.com\/\",\"name\":\"\",\"description\":\"\",\"potentialAction\":[{\"@type\":\"SearchAction\",\"target\":{\"@type\":\"EntryPoint\",\"urlTemplate\":\"https:\/\/www.koupeltech.com\/?s={search_term_string}\"},\"query-input\":{\"@type\":\"PropertyValueSpecification\",\"valueRequired\":true,\"valueName\":\"search_term_string\"}}],\"inLanguage\":\"cs\"}]}<\/script>\n<!-- \/ Yoast SEO plugin. -->","yoast_head_json":{"title":"Akce Aqualine TIBERA STRIP rohov\u00e1 voln\u011b stoj\u00edc\u00ed vana 170x80cm, b\u00edl\u00e1 -","robots":{"index":"index","follow":"follow","max-snippet":"max-snippet:-1","max-image-preview":"max-image-preview:large","max-video-preview":"max-video-preview:-1"},"canonical":"https:\/\/www.koupeltech.com\/index.php\/produkt\/akce-aqualine-tibera-strip-rohova-volne-stojici-vana-170x80cm-bila-33523\/","og_locale":"cs_CZ","og_type":"article","og_title":"Akce Aqualine TIBERA STRIP rohov\u00e1 voln\u011b stoj\u00edc\u00ed vana 170x80cm, b\u00edl\u00e1 -","og_description":"Popis produktu Aqualine TIBERA STRIP rohov\u00e1 voln\u011b stoj\u00edc\u00ed vana 170x80cm, b\u00edl\u00e1 Samostatn\u011b stoj\u00edc\u00ed vana TIBERA se neobezd\u00edv\u00e1 ani neobkl\u00e1d\u00e1. Sv\u00fdm designem je ur\u010dena k instalaci do rohu, \u010d\u00edm\u017e p\u0159edstavuje zaj\u00edmavou alternativu ke klasick\u00e9 rohov\u00e9 van\u011b. Pohledov\u00e1 je i zadn\u00ed strana, tak\u017ee elegantn\u011b p\u016fsob\u00ed i voln\u011b v prostoru. Za pozornost stoj\u00ed p\u0159epad ve tvaru obd\u00e9ln\u00edkov\u00e9 \u0161t\u011brbiny [&hellip;]","og_url":"https:\/\/www.koupeltech.com\/index.php\/produkt\/akce-aqualine-tibera-strip-rohova-volne-stojici-vana-170x80cm-bila-33523\/","og_image":[{"width":600,"height":403,"url":"https:\/\/www.koupeltech.com\/wp-content\/uploads\/2026\/SK0024587-CZ20260425-092632-0-1777080397-aqualine-tibera-strip-rohova-volne-stojici-vana-170x80cm-bi.webp","type":"image\/webp"}],"twitter_card":"summary_large_image","twitter_misc":{"Odhadovan\u00e1 doba \u010dten\u00ed":"1 minuta"},"schema":{"@context":"https:\/\/schema.org","@graph":[{"@type":"WebPage","@id":"https:\/\/www.koupeltech.com\/index.php\/produkt\/akce-aqualine-tibera-strip-rohova-volne-stojici-vana-170x80cm-bila-33523\/","url":"https:\/\/www.koupeltech.com\/index.php\/produkt\/akce-aqualine-tibera-strip-rohova-volne-stojici-vana-170x80cm-bila-33523\/","name":"Akce Aqualine TIBERA STRIP rohov\u00e1 voln\u011b stoj\u00edc\u00ed vana 170x80cm, b\u00edl\u00e1 -","isPartOf":{"@id":"https:\/\/www.koupeltech.com\/#website"},"primaryImageOfPage":{"@id":"https:\/\/www.koupeltech.com\/index.php\/produkt\/akce-aqualine-tibera-strip-rohova-volne-stojici-vana-170x80cm-bila-33523\/#primaryimage"},"image":{"@id":"https:\/\/www.koupeltech.com\/index.php\/produkt\/akce-aqualine-tibera-strip-rohova-volne-stojici-vana-170x80cm-bila-33523\/#primaryimage"},"thumbnailUrl":"https:\/\/www.koupeltech.com\/wp-content\/uploads\/2026\/SK0024587-CZ20260425-092632-0-1777080397-aqualine-tibera-strip-rohova-volne-stojici-vana-170x80cm-bi.webp","datePublished":"2026-04-27T14:00:57+00:00","breadcrumb":{"@id":"https:\/\/www.koupeltech.com\/index.php\/produkt\/akce-aqualine-tibera-strip-rohova-volne-stojici-vana-170x80cm-bila-33523\/#breadcrumb"},"inLanguage":"cs","potentialAction":[{"@type":"ReadAction","target":["https:\/\/www.koupeltech.com\/index.php\/produkt\/akce-aqualine-tibera-strip-rohova-volne-stojici-vana-170x80cm-bila-33523\/"]}]},{"@type":"ImageObject","inLanguage":"cs","@id":"https:\/\/www.koupeltech.com\/index.php\/produkt\/akce-aqualine-tibera-strip-rohova-volne-stojici-vana-170x80cm-bila-33523\/#primaryimage","url":"https:\/\/www.koupeltech.com\/wp-content\/uploads\/2026\/SK0024587-CZ20260425-092632-0-1777080397-aqualine-tibera-strip-rohova-volne-stojici-vana-170x80cm-bi.webp","contentUrl":"https:\/\/www.koupeltech.com\/wp-content\/uploads\/2026\/SK0024587-CZ20260425-092632-0-1777080397-aqualine-tibera-strip-rohova-volne-stojici-vana-170x80cm-bi.webp","width":600,"height":403},{"@type":"BreadcrumbList","@id":"https:\/\/www.koupeltech.com\/index.php\/produkt\/akce-aqualine-tibera-strip-rohova-volne-stojici-vana-170x80cm-bila-33523\/#breadcrumb","itemListElement":[{"@type":"ListItem","position":1,"name":"Home","item":"https:\/\/www.koupeltech.com\/"},{"@type":"ListItem","position":2,"name":"Products","item":"https:\/\/www.koupeltech.com\/index.php\/products\/"},{"@type":"ListItem","position":3,"name":"Akce Aqualine TIBERA STRIP rohov\u00e1 voln\u011b stoj\u00edc\u00ed vana 170x80cm, b\u00edl\u00e1"}]},{"@type":"WebSite","@id":"https:\/\/www.koupeltech.com\/#website","url":"https:\/\/www.koupeltech.com\/","name":"","description":"","potentialAction":[{"@type":"SearchAction","target":{"@type":"EntryPoint","urlTemplate":"https:\/\/www.koupeltech.com\/?s={search_term_string}"},"query-input":{"@type":"PropertyValueSpecification","valueRequired":true,"valueName":"search_term_string"}}],"inLanguage":"cs"}]}},"_links":{"self":[{"href":"https:\/\/www.koupeltech.com\/index.php\/wp-json\/wp\/v2\/product\/33523","targetHints":{"allow":["GET"]}}],"collection":[{"href":"https:\/\/www.koupeltech.com\/index.php\/wp-json\/wp\/v2\/product"}],"about":[{"href":"https:\/\/www.koupeltech.com\/index.php\/wp-json\/wp\/v2\/types\/product"}],"replies":[{"embeddable":true,"href":"https:\/\/www.koupeltech.com\/index.php\/wp-json\/wp\/v2\/comments?post=33523"}],"wp:featuredmedia":[{"embeddable":true,"href":"https:\/\/www.koupeltech.com\/index.php\/wp-json\/wp\/v2\/media\/33623"}],"wp:attachment":[{"href":"https:\/\/www.koupeltech.com\/index.php\/wp-json\/wp\/v2\/media?parent=33523"}],"wp:term":[{"taxonomy":"product_brand","embeddable":true,"href":"https:\/\/www.koupeltech.com\/index.php\/wp-json\/wp\/v2\/product_brand?post=33523"},{"taxonomy":"product_cat","embeddable":true,"href":"https:\/\/www.koupeltech.com\/index.php\/wp-json\/wp\/v2\/product_cat?post=33523"},{"taxonomy":"product_tag","embeddable":true,"href":"https:\/\/www.koupeltech.com\/index.php\/wp-json\/wp\/v2\/product_tag?post=33523"}],"curies":[{"name":"wp","href":"https:\/\/api.w.org\/{rel}","templated":true}]}}