{"id":33557,"date":"2026-04-27T14:00:57","date_gmt":"2026-04-27T14:00:57","guid":{"rendered":""},"modified":"2026-04-27T14:00:57","modified_gmt":"2026-04-27T14:00:57","slug":"pouze-dnes-dalkove-ovladani-vaillant-recovair-vaz-rc-2-33557","status":"publish","type":"product","link":"https:\/\/www.koupeltech.com\/index.php\/produkt\/pouze-dnes-dalkove-ovladani-vaillant-recovair-vaz-rc-2-33557\/","title":{"rendered":"Pouze Dnes D\u00e1lkov\u00e9 ovl\u00e1d\u00e1n\u00ed Vaillant recoVAIR VAZ RC\/2"},"content":{"rendered":"<div class=\"ProductDetail-content NoFixImageContainer\" id=\"productDescription\">\n<div class=\"Heading\">\n<h2 class=\"Heading-title\">Popis produktu <span class=''>D\u00e1lkov\u00e9 ovl\u00e1d\u00e1n\u00ed Vaillant recoVAIR VAZ RC\/2<\/span><\/h2>\n<\/p><\/div>\n<div class=\"ProductDetailContent\">\n<p>Ovl\u00e1d\u00e1n\u00ed Vaillant recoVAIR VAZ RC\/2 je ide\u00e1ln\u00edm dopl\u0148kem pro rekupera\u010dn\u00ed jednotky <strong>Vaillant recoVAIR VAR 60\/2<\/strong><strong> D(DW)<\/strong>. Toto d\u00e1lkov\u00e9 ovl\u00e1d\u00e1n\u00ed umo\u017e\u0148uje pohodln\u00e9 \u0159\u00edzen\u00ed jednotky na d\u00e1lku, \u010d\u00edm\u017e poskytuje u\u017eivatel\u016fm flexibilitu a \u00fasporu energie. Snadn\u00e1 instalace a integrace do st\u00e1vaj\u00edc\u00edho syst\u00e9mu v\u011btr\u00e1n\u00ed poskytuje optim\u00e1ln\u00ed komfort a kontrolu nad vnit\u0159n\u00edm klimatem.<\/p>\n<ul>\n<li>Cenov\u011b v\u00fdhodn\u00e9 \u0159e\u0161en\u00ed pro vzd\u00e1len\u00e9 ovl\u00e1d\u00e1n\u00ed<\/li>\n<li>Mo\u017enost ovl\u00e1d\u00e1n\u00ed jednotky recoVAIR VAR 60\/2 D(DW) na d\u00e1lku<\/li>\n<li>Jednoduch\u00e1 instalace a integrace do syst\u00e9mu<\/li>\n<li>Umo\u017e\u0148uje flexibiln\u00ed a efektivn\u00ed \u0159\u00edzen\u00ed v\u011btr\u00e1n\u00ed v r\u016fzn\u00fdch m\u00edstnostech<\/li>\n<li>\u0160et\u0159\u00ed energii d\u00edky inteligentn\u00edmu \u0159\u00edzen\u00ed ventilace<\/li>\n<\/ul>\n<h3>Technick\u00e9 parametry<\/h3>\n<ul>\n<li><strong>Nap\u00e1jen\u00ed:<\/strong> 220 \u2026 240 VAC<\/li>\n<li><strong>Kryt\u00ed:<\/strong> IPX4<\/li>\n<li><strong>Frekven\u010dn\u00ed rozsah:<\/strong> 868,6 MHz<\/li>\n<li><strong>Maxim\u00e1ln\u00ed vys\u00edlac\u00ed v\u00fdkon:<\/strong>&lt; 25 mW<\/li>\n<li><strong>Kompatibilita:<\/strong> VAR 60\/2 D, VAR 60\/2 DW<\/li>\n<\/ul><\/div>\n<div class=\"ProductDetailContent\">                                                                    <\/div>\n<\/p><\/div>\n<\/p><\/div>\n<\/p><\/div>\n","protected":false},"excerpt":{"rendered":"<p>Popis produktu D\u00e1lkov\u00e9 ovl\u00e1d\u00e1n\u00ed Vaillant recoVAIR VAZ RC\/2 Ovl\u00e1d\u00e1n\u00ed Vaillant recoVAIR VAZ RC\/2 je ide\u00e1ln\u00edm dopl\u0148kem pro rekupera\u010dn\u00ed jednotky Vaillant recoVAIR VAR 60\/2 D(DW). Toto d\u00e1lkov\u00e9 ovl\u00e1d\u00e1n\u00ed umo\u017e\u0148uje pohodln\u00e9 \u0159\u00edzen\u00ed jednotky na d\u00e1lku, \u010d\u00edm\u017e poskytuje u\u017eivatel\u016fm flexibilitu a \u00fasporu energie. Snadn\u00e1 instalace a integrace do st\u00e1vaj\u00edc\u00edho syst\u00e9mu v\u011btr\u00e1n\u00ed poskytuje optim\u00e1ln\u00ed komfort a kontrolu nad vnit\u0159n\u00edm [&hellip;]<\/p>\n","protected":false},"featured_media":33657,"comment_status":"open","ping_status":"open","template":"","meta":[],"product_brand":[],"product_cat":[80],"product_tag":[],"class_list":{"0":"post-33557","1":"product","2":"type-product","3":"status-publish","4":"has-post-thumbnail","6":"product_cat-rekuperace-vzduchu-a-vody-vetrani","8":"first","9":"instock","10":"sale","11":"shipping-taxable","12":"purchasable","13":"product-type-simple"},"yoast_head":"<!-- This site is optimized with the Yoast SEO plugin v26.8 - https:\/\/yoast.com\/product\/yoast-seo-wordpress\/ -->\n<title>Pouze Dnes D\u00e1lkov\u00e9 ovl\u00e1d\u00e1n\u00ed Vaillant recoVAIR VAZ RC\/2 -<\/title>\n<meta name=\"robots\" content=\"index, follow, max-snippet:-1, max-image-preview:large, max-video-preview:-1\" \/>\n<link rel=\"canonical\" href=\"https:\/\/www.koupeltech.com\/index.php\/produkt\/pouze-dnes-dalkove-ovladani-vaillant-recovair-vaz-rc-2-33557\/\" \/>\n<meta property=\"og:locale\" content=\"cs_CZ\" \/>\n<meta property=\"og:type\" content=\"article\" \/>\n<meta property=\"og:title\" content=\"Pouze Dnes D\u00e1lkov\u00e9 ovl\u00e1d\u00e1n\u00ed Vaillant recoVAIR VAZ RC\/2 -\" \/>\n<meta property=\"og:description\" content=\"Popis produktu D\u00e1lkov\u00e9 ovl\u00e1d\u00e1n\u00ed Vaillant recoVAIR VAZ RC\/2 Ovl\u00e1d\u00e1n\u00ed Vaillant recoVAIR VAZ RC\/2 je ide\u00e1ln\u00edm dopl\u0148kem pro rekupera\u010dn\u00ed jednotky Vaillant recoVAIR VAR 60\/2 D(DW). Toto d\u00e1lkov\u00e9 ovl\u00e1d\u00e1n\u00ed umo\u017e\u0148uje pohodln\u00e9 \u0159\u00edzen\u00ed jednotky na d\u00e1lku, \u010d\u00edm\u017e poskytuje u\u017eivatel\u016fm flexibilitu a \u00fasporu energie. Snadn\u00e1 instalace a integrace do st\u00e1vaj\u00edc\u00edho syst\u00e9mu v\u011btr\u00e1n\u00ed poskytuje optim\u00e1ln\u00ed komfort a kontrolu nad vnit\u0159n\u00edm [&hellip;]\" \/>\n<meta property=\"og:url\" content=\"https:\/\/www.koupeltech.com\/index.php\/produkt\/pouze-dnes-dalkove-ovladani-vaillant-recovair-vaz-rc-2-33557\/\" \/>\n<meta property=\"og:image\" content=\"https:\/\/www.koupeltech.com\/wp-content\/uploads\/2026\/SK0024651-CZ20260425-092632-0-1777080397-dalkove-ovladani-vaillant-recovair-vaz-rc-2-1074934.webp\" \/>\n\t<meta property=\"og:image:width\" content=\"600\" \/>\n\t<meta property=\"og:image:height\" content=\"600\" \/>\n\t<meta property=\"og:image:type\" content=\"image\/webp\" \/>\n<meta name=\"twitter:card\" content=\"summary_large_image\" \/>\n<meta name=\"twitter:label1\" content=\"Odhadovan\u00e1 doba \u010dten\u00ed\" \/>\n\t<meta name=\"twitter:data1\" content=\"1 minuta\" \/>\n<script type=\"application\/ld+json\" class=\"yoast-schema-graph\">{\"@context\":\"https:\/\/schema.org\",\"@graph\":[{\"@type\":\"WebPage\",\"@id\":\"https:\/\/www.koupeltech.com\/index.php\/produkt\/pouze-dnes-dalkove-ovladani-vaillant-recovair-vaz-rc-2-33557\/\",\"url\":\"https:\/\/www.koupeltech.com\/index.php\/produkt\/pouze-dnes-dalkove-ovladani-vaillant-recovair-vaz-rc-2-33557\/\",\"name\":\"Pouze Dnes D\u00e1lkov\u00e9 ovl\u00e1d\u00e1n\u00ed Vaillant recoVAIR VAZ RC\/2 -\",\"isPartOf\":{\"@id\":\"https:\/\/www.koupeltech.com\/#website\"},\"primaryImageOfPage\":{\"@id\":\"https:\/\/www.koupeltech.com\/index.php\/produkt\/pouze-dnes-dalkove-ovladani-vaillant-recovair-vaz-rc-2-33557\/#primaryimage\"},\"image\":{\"@id\":\"https:\/\/www.koupeltech.com\/index.php\/produkt\/pouze-dnes-dalkove-ovladani-vaillant-recovair-vaz-rc-2-33557\/#primaryimage\"},\"thumbnailUrl\":\"https:\/\/www.koupeltech.com\/wp-content\/uploads\/2026\/SK0024651-CZ20260425-092632-0-1777080397-dalkove-ovladani-vaillant-recovair-vaz-rc-2-1074934.webp\",\"datePublished\":\"2026-04-27T14:00:57+00:00\",\"breadcrumb\":{\"@id\":\"https:\/\/www.koupeltech.com\/index.php\/produkt\/pouze-dnes-dalkove-ovladani-vaillant-recovair-vaz-rc-2-33557\/#breadcrumb\"},\"inLanguage\":\"cs\",\"potentialAction\":[{\"@type\":\"ReadAction\",\"target\":[\"https:\/\/www.koupeltech.com\/index.php\/produkt\/pouze-dnes-dalkove-ovladani-vaillant-recovair-vaz-rc-2-33557\/\"]}]},{\"@type\":\"ImageObject\",\"inLanguage\":\"cs\",\"@id\":\"https:\/\/www.koupeltech.com\/index.php\/produkt\/pouze-dnes-dalkove-ovladani-vaillant-recovair-vaz-rc-2-33557\/#primaryimage\",\"url\":\"https:\/\/www.koupeltech.com\/wp-content\/uploads\/2026\/SK0024651-CZ20260425-092632-0-1777080397-dalkove-ovladani-vaillant-recovair-vaz-rc-2-1074934.webp\",\"contentUrl\":\"https:\/\/www.koupeltech.com\/wp-content\/uploads\/2026\/SK0024651-CZ20260425-092632-0-1777080397-dalkove-ovladani-vaillant-recovair-vaz-rc-2-1074934.webp\",\"width\":600,\"height\":600},{\"@type\":\"BreadcrumbList\",\"@id\":\"https:\/\/www.koupeltech.com\/index.php\/produkt\/pouze-dnes-dalkove-ovladani-vaillant-recovair-vaz-rc-2-33557\/#breadcrumb\",\"itemListElement\":[{\"@type\":\"ListItem\",\"position\":1,\"name\":\"Home\",\"item\":\"https:\/\/www.koupeltech.com\/\"},{\"@type\":\"ListItem\",\"position\":2,\"name\":\"Products\",\"item\":\"https:\/\/www.koupeltech.com\/index.php\/products\/\"},{\"@type\":\"ListItem\",\"position\":3,\"name\":\"Pouze Dnes D\u00e1lkov\u00e9 ovl\u00e1d\u00e1n\u00ed Vaillant recoVAIR VAZ RC\/2\"}]},{\"@type\":\"WebSite\",\"@id\":\"https:\/\/www.koupeltech.com\/#website\",\"url\":\"https:\/\/www.koupeltech.com\/\",\"name\":\"\",\"description\":\"\",\"potentialAction\":[{\"@type\":\"SearchAction\",\"target\":{\"@type\":\"EntryPoint\",\"urlTemplate\":\"https:\/\/www.koupeltech.com\/?s={search_term_string}\"},\"query-input\":{\"@type\":\"PropertyValueSpecification\",\"valueRequired\":true,\"valueName\":\"search_term_string\"}}],\"inLanguage\":\"cs\"}]}<\/script>\n<!-- \/ Yoast SEO plugin. -->","yoast_head_json":{"title":"Pouze Dnes D\u00e1lkov\u00e9 ovl\u00e1d\u00e1n\u00ed Vaillant recoVAIR VAZ RC\/2 -","robots":{"index":"index","follow":"follow","max-snippet":"max-snippet:-1","max-image-preview":"max-image-preview:large","max-video-preview":"max-video-preview:-1"},"canonical":"https:\/\/www.koupeltech.com\/index.php\/produkt\/pouze-dnes-dalkove-ovladani-vaillant-recovair-vaz-rc-2-33557\/","og_locale":"cs_CZ","og_type":"article","og_title":"Pouze Dnes D\u00e1lkov\u00e9 ovl\u00e1d\u00e1n\u00ed Vaillant recoVAIR VAZ RC\/2 -","og_description":"Popis produktu D\u00e1lkov\u00e9 ovl\u00e1d\u00e1n\u00ed Vaillant recoVAIR VAZ RC\/2 Ovl\u00e1d\u00e1n\u00ed Vaillant recoVAIR VAZ RC\/2 je ide\u00e1ln\u00edm dopl\u0148kem pro rekupera\u010dn\u00ed jednotky Vaillant recoVAIR VAR 60\/2 D(DW). Toto d\u00e1lkov\u00e9 ovl\u00e1d\u00e1n\u00ed umo\u017e\u0148uje pohodln\u00e9 \u0159\u00edzen\u00ed jednotky na d\u00e1lku, \u010d\u00edm\u017e poskytuje u\u017eivatel\u016fm flexibilitu a \u00fasporu energie. Snadn\u00e1 instalace a integrace do st\u00e1vaj\u00edc\u00edho syst\u00e9mu v\u011btr\u00e1n\u00ed poskytuje optim\u00e1ln\u00ed komfort a kontrolu nad vnit\u0159n\u00edm [&hellip;]","og_url":"https:\/\/www.koupeltech.com\/index.php\/produkt\/pouze-dnes-dalkove-ovladani-vaillant-recovair-vaz-rc-2-33557\/","og_image":[{"width":600,"height":600,"url":"https:\/\/www.koupeltech.com\/wp-content\/uploads\/2026\/SK0024651-CZ20260425-092632-0-1777080397-dalkove-ovladani-vaillant-recovair-vaz-rc-2-1074934.webp","type":"image\/webp"}],"twitter_card":"summary_large_image","twitter_misc":{"Odhadovan\u00e1 doba \u010dten\u00ed":"1 minuta"},"schema":{"@context":"https:\/\/schema.org","@graph":[{"@type":"WebPage","@id":"https:\/\/www.koupeltech.com\/index.php\/produkt\/pouze-dnes-dalkove-ovladani-vaillant-recovair-vaz-rc-2-33557\/","url":"https:\/\/www.koupeltech.com\/index.php\/produkt\/pouze-dnes-dalkove-ovladani-vaillant-recovair-vaz-rc-2-33557\/","name":"Pouze Dnes D\u00e1lkov\u00e9 ovl\u00e1d\u00e1n\u00ed Vaillant recoVAIR VAZ RC\/2 -","isPartOf":{"@id":"https:\/\/www.koupeltech.com\/#website"},"primaryImageOfPage":{"@id":"https:\/\/www.koupeltech.com\/index.php\/produkt\/pouze-dnes-dalkove-ovladani-vaillant-recovair-vaz-rc-2-33557\/#primaryimage"},"image":{"@id":"https:\/\/www.koupeltech.com\/index.php\/produkt\/pouze-dnes-dalkove-ovladani-vaillant-recovair-vaz-rc-2-33557\/#primaryimage"},"thumbnailUrl":"https:\/\/www.koupeltech.com\/wp-content\/uploads\/2026\/SK0024651-CZ20260425-092632-0-1777080397-dalkove-ovladani-vaillant-recovair-vaz-rc-2-1074934.webp","datePublished":"2026-04-27T14:00:57+00:00","breadcrumb":{"@id":"https:\/\/www.koupeltech.com\/index.php\/produkt\/pouze-dnes-dalkove-ovladani-vaillant-recovair-vaz-rc-2-33557\/#breadcrumb"},"inLanguage":"cs","potentialAction":[{"@type":"ReadAction","target":["https:\/\/www.koupeltech.com\/index.php\/produkt\/pouze-dnes-dalkove-ovladani-vaillant-recovair-vaz-rc-2-33557\/"]}]},{"@type":"ImageObject","inLanguage":"cs","@id":"https:\/\/www.koupeltech.com\/index.php\/produkt\/pouze-dnes-dalkove-ovladani-vaillant-recovair-vaz-rc-2-33557\/#primaryimage","url":"https:\/\/www.koupeltech.com\/wp-content\/uploads\/2026\/SK0024651-CZ20260425-092632-0-1777080397-dalkove-ovladani-vaillant-recovair-vaz-rc-2-1074934.webp","contentUrl":"https:\/\/www.koupeltech.com\/wp-content\/uploads\/2026\/SK0024651-CZ20260425-092632-0-1777080397-dalkove-ovladani-vaillant-recovair-vaz-rc-2-1074934.webp","width":600,"height":600},{"@type":"BreadcrumbList","@id":"https:\/\/www.koupeltech.com\/index.php\/produkt\/pouze-dnes-dalkove-ovladani-vaillant-recovair-vaz-rc-2-33557\/#breadcrumb","itemListElement":[{"@type":"ListItem","position":1,"name":"Home","item":"https:\/\/www.koupeltech.com\/"},{"@type":"ListItem","position":2,"name":"Products","item":"https:\/\/www.koupeltech.com\/index.php\/products\/"},{"@type":"ListItem","position":3,"name":"Pouze Dnes D\u00e1lkov\u00e9 ovl\u00e1d\u00e1n\u00ed Vaillant recoVAIR VAZ RC\/2"}]},{"@type":"WebSite","@id":"https:\/\/www.koupeltech.com\/#website","url":"https:\/\/www.koupeltech.com\/","name":"","description":"","potentialAction":[{"@type":"SearchAction","target":{"@type":"EntryPoint","urlTemplate":"https:\/\/www.koupeltech.com\/?s={search_term_string}"},"query-input":{"@type":"PropertyValueSpecification","valueRequired":true,"valueName":"search_term_string"}}],"inLanguage":"cs"}]}},"_links":{"self":[{"href":"https:\/\/www.koupeltech.com\/index.php\/wp-json\/wp\/v2\/product\/33557","targetHints":{"allow":["GET"]}}],"collection":[{"href":"https:\/\/www.koupeltech.com\/index.php\/wp-json\/wp\/v2\/product"}],"about":[{"href":"https:\/\/www.koupeltech.com\/index.php\/wp-json\/wp\/v2\/types\/product"}],"replies":[{"embeddable":true,"href":"https:\/\/www.koupeltech.com\/index.php\/wp-json\/wp\/v2\/comments?post=33557"}],"wp:featuredmedia":[{"embeddable":true,"href":"https:\/\/www.koupeltech.com\/index.php\/wp-json\/wp\/v2\/media\/33657"}],"wp:attachment":[{"href":"https:\/\/www.koupeltech.com\/index.php\/wp-json\/wp\/v2\/media?parent=33557"}],"wp:term":[{"taxonomy":"product_brand","embeddable":true,"href":"https:\/\/www.koupeltech.com\/index.php\/wp-json\/wp\/v2\/product_brand?post=33557"},{"taxonomy":"product_cat","embeddable":true,"href":"https:\/\/www.koupeltech.com\/index.php\/wp-json\/wp\/v2\/product_cat?post=33557"},{"taxonomy":"product_tag","embeddable":true,"href":"https:\/\/www.koupeltech.com\/index.php\/wp-json\/wp\/v2\/product_tag?post=33557"}],"curies":[{"name":"wp","href":"https:\/\/api.w.org\/{rel}","templated":true}]}}