{"id":33570,"date":"2026-04-27T14:00:57","date_gmt":"2026-04-27T14:00:57","guid":{"rendered":""},"modified":"2026-04-27T14:00:57","modified_gmt":"2026-04-27T14:00:57","slug":"znackovy-protherm-zasobnik-teple-vody-we-me-33570","status":"publish","type":"product","link":"https:\/\/www.koupeltech.com\/index.php\/produkt\/znackovy-protherm-zasobnik-teple-vody-we-me-33570\/","title":{"rendered":"Zna\u010dkov\u00fd Protherm Z\u00e1sobn\u00edk tepl\u00e9 vody WE ME"},"content":{"rendered":"<div class=\"ProductDetail-content NoFixImageContainer\" id=\"productDescription\">\n<div class=\"Heading\">\n<h2 class=\"Heading-title\">Popis produktu <span class=''>Protherm Z\u00e1sobn\u00edk tepl\u00e9 vody WE ME<\/span><\/h2>\n<\/p><\/div>\n<div class=\"ProductDetailContent\">\n<p>Z\u00e1sobn\u00edk tepl\u00e9 vody je z vn\u011bj\u0161\u00ed strany opat\u0159en tepelnou izolac\u00ed. N\u00e1dr\u017e z\u00e1sobn\u00edku tepl\u00e9 vody je vyrobena ze smaltovan\u00e9 oceli. Uvnit\u0159 z\u00e1sobn\u00edku je v\u00fdm\u011bn\u00edk, kter\u00fd p\u0159en\u00e1\u0161\u00ed teplo. V doln\u00ed \u010d\u00e1sti z\u00e1sobn\u00edku je nainstalovan\u00e1 topn\u00e1 ty\u010d. Jako p\u0159\u00eddavnou ochranu proti korozi m\u00e1 z\u00e1sobn\u00edk ochrannou ho\u0159\u010d\u00edkovou anodu.&nbsp;K regulaci oh\u0159evu tepl\u00e9 vody lze pou\u017e\u00edt ekvitermn\u00ed regul\u00e1tory, termostaty a regulace vhodn\u00fdch kotl\u016f.<\/p>\n<h3>Technick\u00e9 parametry<\/h3>\n<p><!doctype html><html lang=\"cs\"><head><meta charset=\"utf-8\"><meta name=\"viewport\" content=\"width=device-width,initial-scale=1\"><\/p>\n<style>  body {    font-family: Arial, sans-serif;    margin: 20px;  }  table {    width: 100%;    max-width: 600px;    border-collapse: collapse;  }  th, td {    border: 1px solid #ccc;    padding: 6px 8px;    text-align: left;    font-size: 14px;  }  th {    background: #f0f0f0;  }  tr:nth-child(even) td {    background: #fafafa;  }  \/* Responzivn\u00ed zobrazen\u00ed pro mobil *\/  @media (max-width: 600px) {    thead {      display: none;    }    table, tbody, tr, td {      display: block;      width: 100%;    }    tr {      margin-bottom: 10px;      border: 1px solid #ddd;      border-radius: 4px;      padding: 6px;    }    td {      border: none;      border-bottom: 1px solid #eee;      position: relative;      padding-left: 55%;    }    td:before {      content: attr(data-label);      position: absolute;      left: 10px;      top: 6px;      width: 45%;      font-weight: bold;      color: #333;    }  }<\/style>\n<p><\/head><body><\/p>\n<table>\n<thead>\n<tr>\n<th>Jedn.<\/th>\n<th>WE 75 ME<\/th>\n<th>WE 100 ME<\/th>\n<\/tr>\n<\/thead>\n<tbody>\n<tr>\n<td data-label=\"Jedn.\">Energetick\u00e1 t\u0159\u00edda pro p\u0159\u00edpravu TV (F -> A+)<\/td>\n<td data-label=\"WE 75 ME\">C<\/td>\n<td data-label=\"WE 100 ME\">C<\/td>\n<\/tr>\n<tr>\n<td data-label=\"Jedn.\">Objem (l)<\/td>\n<td data-label=\"WE 75 ME\">74<\/td>\n<td data-label=\"WE 100 ME\">91<\/td>\n<\/tr>\n<tr>\n<td data-label=\"Jedn.\">Proveden\u00ed<\/td>\n<td data-label=\"WE 75 ME\">z\u00e1v.<\/td>\n<td data-label=\"WE 100 ME\">z\u00e1v.<\/td>\n<\/tr>\n<tr>\n<td data-label=\"Jedn.\">Pr\u016ftok odeb\u00edran\u00e9 TV* (l \/ 10 min)<\/td>\n<td data-label=\"WE 75 ME\">92<\/td>\n<td data-label=\"WE 100 ME\">110<\/td>\n<\/tr>\n<tr>\n<td data-label=\"Jedn.\">Nejv\u011bt\u0161\u00ed mo\u017en\u00fd p\u0159en\u00e1\u0161en\u00fd v\u00fdkon v\u00fdm\u011bn\u00edkem z\u00e1sobn\u00edku (kW)<\/td>\n<td data-label=\"WE 75 ME\">cca 30<\/td>\n<td data-label=\"WE 100 ME\">cca 30<\/td>\n<\/tr>\n<tr>\n<td data-label=\"Jedn.\">Teplosm\u011bnn\u00e1 plocha v\u00fdm\u011bn\u00edku (m\u00b2)<\/td>\n<td data-label=\"WE 75 ME\">0,53<\/td>\n<td data-label=\"WE 100 ME\">0,70<\/td>\n<\/tr>\n<tr>\n<td data-label=\"Jedn.\">Max. provozn\u00ed tlak (bar)<\/td>\n<td data-label=\"WE 75 ME\">8<\/td>\n<td data-label=\"WE 100 ME\">8<\/td>\n<\/tr>\n<tr>\n<td data-label=\"Jedn.\">Max. provozn\u00ed teplota (\u00b0C)<\/td>\n<td data-label=\"WE 75 ME\">85<\/td>\n<td data-label=\"WE 100 ME\">85<\/td>\n<\/tr>\n<tr>\n<td data-label=\"Jedn.\">P\u0159ipojen\u00ed OV<\/td>\n<td data-label=\"WE 75 ME\">G \u00be\u201c<\/td>\n<td data-label=\"WE 100 ME\">G \u00be\u201c<\/td>\n<\/tr>\n<tr>\n<td data-label=\"Jedn.\">P\u0159ipojen\u00ed TV<\/td>\n<td data-label=\"WE 75 ME\">G \u00bd\u201c<\/td>\n<td data-label=\"WE 100 ME\">G \u00bd\u201c<\/td>\n<\/tr>\n<tr>\n<td data-label=\"Jedn.\">El. nap\u011bt\u00ed \/ frekvence (V \/ Hz)<\/td>\n<td data-label=\"WE 75 ME\">230\/50<\/td>\n<td data-label=\"WE 100 ME\">230\/50<\/td>\n<\/tr>\n<tr>\n<td data-label=\"Jedn.\">El. kryt\u00ed (IP)<\/td>\n<td data-label=\"WE 75 ME\">21<\/td>\n<td data-label=\"WE 100 ME\">21<\/td>\n<\/tr>\n<tr>\n<td data-label=\"Jedn.\">Max. provozn\u00ed proud a nap\u011bt\u00ed kontakt\u016f termostatu (A \/ V)<\/td>\n<td data-label=\"WE 75 ME\">&#8211;<\/td>\n<td data-label=\"WE 100 ME\">&#8211;<\/td>\n<\/tr>\n<tr>\n<td data-label=\"Jedn.\">V\u00fdkon topn\u00e9 spir\u00e1ly (kW)<\/td>\n<td data-label=\"WE 75 ME\">2,0<\/td>\n<td data-label=\"WE 100 ME\">2,0<\/td>\n<\/tr>\n<tr>\n<td data-label=\"Jedn.\">Rozm\u011bry V \u00d7 \u0160 \u00d7 H (mm)<\/td>\n<td data-label=\"WE 75 ME\">&#8211;<\/td>\n<td data-label=\"WE 100 ME\">&#8211;<\/td>\n<\/tr>\n<tr>\n<td data-label=\"Jedn.\">Rozm\u011bry V \u00d7 \u00d8D (mm)<\/td>\n<td data-label=\"WE 75 ME\">766 \u00d7 480<\/td>\n<td data-label=\"WE 100 ME\">914 \u00d7 480<\/td>\n<\/tr>\n<tr>\n<td data-label=\"Jedn.\">Hmotnost (bez vody) (kg)<\/td>\n<td data-label=\"WE 75 ME\">36<\/td>\n<td data-label=\"WE 100 ME\">40<\/td>\n<\/tr>\n<\/tbody>\n<tfoot>\n<tr>\n<td colspan=\"3\">* p\u0159i spojen\u00ed s 25 kW kotlem. G \u2013 vn\u011bj\u0161\u00ed z\u00e1vit \/ R \u2013 vnit\u0159n\u00ed z\u00e1vit<\/td>\n<\/tr>\n<\/tfoot>\n<\/table>\n<p><\/body><\/html>                                <\/div>\n<div class=\"ProductDetailContent\">                                                                    <\/div>\n<\/p><\/div>\n<\/p><\/div>\n<\/p><\/div>\n","protected":false},"excerpt":{"rendered":"<p>Popis produktu Protherm Z\u00e1sobn\u00edk tepl\u00e9 vody WE ME Z\u00e1sobn\u00edk tepl\u00e9 vody je z vn\u011bj\u0161\u00ed strany opat\u0159en tepelnou izolac\u00ed. N\u00e1dr\u017e z\u00e1sobn\u00edku tepl\u00e9 vody je vyrobena ze smaltovan\u00e9 oceli. Uvnit\u0159 z\u00e1sobn\u00edku je v\u00fdm\u011bn\u00edk, kter\u00fd p\u0159en\u00e1\u0161\u00ed teplo. V doln\u00ed \u010d\u00e1sti z\u00e1sobn\u00edku je nainstalovan\u00e1 topn\u00e1 ty\u010d. Jako p\u0159\u00eddavnou ochranu proti korozi m\u00e1 z\u00e1sobn\u00edk ochrannou ho\u0159\u010d\u00edkovou anodu.&nbsp;K regulaci oh\u0159evu tepl\u00e9 [&hellip;]<\/p>\n","protected":false},"featured_media":33670,"comment_status":"open","ping_status":"open","template":"","meta":[],"product_brand":[],"product_cat":[79],"product_tag":[],"class_list":{"0":"post-33570","1":"product","2":"type-product","3":"status-publish","4":"has-post-thumbnail","6":"product_cat-topeni","8":"first","9":"instock","10":"sale","11":"shipping-taxable","12":"purchasable","13":"product-type-simple"},"yoast_head":"<!-- This site is optimized with the Yoast SEO plugin v26.8 - https:\/\/yoast.com\/product\/yoast-seo-wordpress\/ -->\n<title>Zna\u010dkov\u00fd Protherm Z\u00e1sobn\u00edk tepl\u00e9 vody WE ME -<\/title>\n<meta name=\"robots\" content=\"index, follow, max-snippet:-1, max-image-preview:large, max-video-preview:-1\" \/>\n<link rel=\"canonical\" href=\"https:\/\/www.koupeltech.com\/index.php\/produkt\/znackovy-protherm-zasobnik-teple-vody-we-me-33570\/\" \/>\n<meta property=\"og:locale\" content=\"cs_CZ\" \/>\n<meta property=\"og:type\" content=\"article\" \/>\n<meta property=\"og:title\" content=\"Zna\u010dkov\u00fd Protherm Z\u00e1sobn\u00edk tepl\u00e9 vody WE ME -\" \/>\n<meta property=\"og:description\" content=\"Popis produktu Protherm Z\u00e1sobn\u00edk tepl\u00e9 vody WE ME Z\u00e1sobn\u00edk tepl\u00e9 vody je z vn\u011bj\u0161\u00ed strany opat\u0159en tepelnou izolac\u00ed. N\u00e1dr\u017e z\u00e1sobn\u00edku tepl\u00e9 vody je vyrobena ze smaltovan\u00e9 oceli. Uvnit\u0159 z\u00e1sobn\u00edku je v\u00fdm\u011bn\u00edk, kter\u00fd p\u0159en\u00e1\u0161\u00ed teplo. V doln\u00ed \u010d\u00e1sti z\u00e1sobn\u00edku je nainstalovan\u00e1 topn\u00e1 ty\u010d. Jako p\u0159\u00eddavnou ochranu proti korozi m\u00e1 z\u00e1sobn\u00edk ochrannou ho\u0159\u010d\u00edkovou anodu.&nbsp;K regulaci oh\u0159evu tepl\u00e9 [&hellip;]\" \/>\n<meta property=\"og:url\" content=\"https:\/\/www.koupeltech.com\/index.php\/produkt\/znackovy-protherm-zasobnik-teple-vody-we-me-33570\/\" \/>\n<meta property=\"og:image\" content=\"https:\/\/www.koupeltech.com\/wp-content\/uploads\/2026\/SK0024690-CZ20260425-092632-0-1777080397-protherm-zasobnik-teple-vody-we-me-1088942.webp\" \/>\n\t<meta property=\"og:image:width\" content=\"600\" \/>\n\t<meta property=\"og:image:height\" content=\"600\" \/>\n\t<meta property=\"og:image:type\" content=\"image\/webp\" \/>\n<meta name=\"twitter:card\" content=\"summary_large_image\" \/>\n<meta name=\"twitter:label1\" content=\"Odhadovan\u00e1 doba \u010dten\u00ed\" \/>\n\t<meta name=\"twitter:data1\" content=\"1 minuta\" \/>\n<script type=\"application\/ld+json\" class=\"yoast-schema-graph\">{\"@context\":\"https:\/\/schema.org\",\"@graph\":[{\"@type\":\"WebPage\",\"@id\":\"https:\/\/www.koupeltech.com\/index.php\/produkt\/znackovy-protherm-zasobnik-teple-vody-we-me-33570\/\",\"url\":\"https:\/\/www.koupeltech.com\/index.php\/produkt\/znackovy-protherm-zasobnik-teple-vody-we-me-33570\/\",\"name\":\"Zna\u010dkov\u00fd Protherm Z\u00e1sobn\u00edk tepl\u00e9 vody WE ME -\",\"isPartOf\":{\"@id\":\"https:\/\/www.koupeltech.com\/#website\"},\"primaryImageOfPage\":{\"@id\":\"https:\/\/www.koupeltech.com\/index.php\/produkt\/znackovy-protherm-zasobnik-teple-vody-we-me-33570\/#primaryimage\"},\"image\":{\"@id\":\"https:\/\/www.koupeltech.com\/index.php\/produkt\/znackovy-protherm-zasobnik-teple-vody-we-me-33570\/#primaryimage\"},\"thumbnailUrl\":\"https:\/\/www.koupeltech.com\/wp-content\/uploads\/2026\/SK0024690-CZ20260425-092632-0-1777080397-protherm-zasobnik-teple-vody-we-me-1088942.webp\",\"datePublished\":\"2026-04-27T14:00:57+00:00\",\"breadcrumb\":{\"@id\":\"https:\/\/www.koupeltech.com\/index.php\/produkt\/znackovy-protherm-zasobnik-teple-vody-we-me-33570\/#breadcrumb\"},\"inLanguage\":\"cs\",\"potentialAction\":[{\"@type\":\"ReadAction\",\"target\":[\"https:\/\/www.koupeltech.com\/index.php\/produkt\/znackovy-protherm-zasobnik-teple-vody-we-me-33570\/\"]}]},{\"@type\":\"ImageObject\",\"inLanguage\":\"cs\",\"@id\":\"https:\/\/www.koupeltech.com\/index.php\/produkt\/znackovy-protherm-zasobnik-teple-vody-we-me-33570\/#primaryimage\",\"url\":\"https:\/\/www.koupeltech.com\/wp-content\/uploads\/2026\/SK0024690-CZ20260425-092632-0-1777080397-protherm-zasobnik-teple-vody-we-me-1088942.webp\",\"contentUrl\":\"https:\/\/www.koupeltech.com\/wp-content\/uploads\/2026\/SK0024690-CZ20260425-092632-0-1777080397-protherm-zasobnik-teple-vody-we-me-1088942.webp\",\"width\":600,\"height\":600},{\"@type\":\"BreadcrumbList\",\"@id\":\"https:\/\/www.koupeltech.com\/index.php\/produkt\/znackovy-protherm-zasobnik-teple-vody-we-me-33570\/#breadcrumb\",\"itemListElement\":[{\"@type\":\"ListItem\",\"position\":1,\"name\":\"Home\",\"item\":\"https:\/\/www.koupeltech.com\/\"},{\"@type\":\"ListItem\",\"position\":2,\"name\":\"Products\",\"item\":\"https:\/\/www.koupeltech.com\/index.php\/products\/\"},{\"@type\":\"ListItem\",\"position\":3,\"name\":\"Zna\u010dkov\u00fd Protherm Z\u00e1sobn\u00edk tepl\u00e9 vody WE ME\"}]},{\"@type\":\"WebSite\",\"@id\":\"https:\/\/www.koupeltech.com\/#website\",\"url\":\"https:\/\/www.koupeltech.com\/\",\"name\":\"\",\"description\":\"\",\"potentialAction\":[{\"@type\":\"SearchAction\",\"target\":{\"@type\":\"EntryPoint\",\"urlTemplate\":\"https:\/\/www.koupeltech.com\/?s={search_term_string}\"},\"query-input\":{\"@type\":\"PropertyValueSpecification\",\"valueRequired\":true,\"valueName\":\"search_term_string\"}}],\"inLanguage\":\"cs\"}]}<\/script>\n<!-- \/ Yoast SEO plugin. -->","yoast_head_json":{"title":"Zna\u010dkov\u00fd Protherm Z\u00e1sobn\u00edk tepl\u00e9 vody WE ME -","robots":{"index":"index","follow":"follow","max-snippet":"max-snippet:-1","max-image-preview":"max-image-preview:large","max-video-preview":"max-video-preview:-1"},"canonical":"https:\/\/www.koupeltech.com\/index.php\/produkt\/znackovy-protherm-zasobnik-teple-vody-we-me-33570\/","og_locale":"cs_CZ","og_type":"article","og_title":"Zna\u010dkov\u00fd Protherm Z\u00e1sobn\u00edk tepl\u00e9 vody WE ME -","og_description":"Popis produktu Protherm Z\u00e1sobn\u00edk tepl\u00e9 vody WE ME Z\u00e1sobn\u00edk tepl\u00e9 vody je z vn\u011bj\u0161\u00ed strany opat\u0159en tepelnou izolac\u00ed. N\u00e1dr\u017e z\u00e1sobn\u00edku tepl\u00e9 vody je vyrobena ze smaltovan\u00e9 oceli. Uvnit\u0159 z\u00e1sobn\u00edku je v\u00fdm\u011bn\u00edk, kter\u00fd p\u0159en\u00e1\u0161\u00ed teplo. V doln\u00ed \u010d\u00e1sti z\u00e1sobn\u00edku je nainstalovan\u00e1 topn\u00e1 ty\u010d. Jako p\u0159\u00eddavnou ochranu proti korozi m\u00e1 z\u00e1sobn\u00edk ochrannou ho\u0159\u010d\u00edkovou anodu.&nbsp;K regulaci oh\u0159evu tepl\u00e9 [&hellip;]","og_url":"https:\/\/www.koupeltech.com\/index.php\/produkt\/znackovy-protherm-zasobnik-teple-vody-we-me-33570\/","og_image":[{"width":600,"height":600,"url":"https:\/\/www.koupeltech.com\/wp-content\/uploads\/2026\/SK0024690-CZ20260425-092632-0-1777080397-protherm-zasobnik-teple-vody-we-me-1088942.webp","type":"image\/webp"}],"twitter_card":"summary_large_image","twitter_misc":{"Odhadovan\u00e1 doba \u010dten\u00ed":"1 minuta"},"schema":{"@context":"https:\/\/schema.org","@graph":[{"@type":"WebPage","@id":"https:\/\/www.koupeltech.com\/index.php\/produkt\/znackovy-protherm-zasobnik-teple-vody-we-me-33570\/","url":"https:\/\/www.koupeltech.com\/index.php\/produkt\/znackovy-protherm-zasobnik-teple-vody-we-me-33570\/","name":"Zna\u010dkov\u00fd Protherm Z\u00e1sobn\u00edk tepl\u00e9 vody WE ME -","isPartOf":{"@id":"https:\/\/www.koupeltech.com\/#website"},"primaryImageOfPage":{"@id":"https:\/\/www.koupeltech.com\/index.php\/produkt\/znackovy-protherm-zasobnik-teple-vody-we-me-33570\/#primaryimage"},"image":{"@id":"https:\/\/www.koupeltech.com\/index.php\/produkt\/znackovy-protherm-zasobnik-teple-vody-we-me-33570\/#primaryimage"},"thumbnailUrl":"https:\/\/www.koupeltech.com\/wp-content\/uploads\/2026\/SK0024690-CZ20260425-092632-0-1777080397-protherm-zasobnik-teple-vody-we-me-1088942.webp","datePublished":"2026-04-27T14:00:57+00:00","breadcrumb":{"@id":"https:\/\/www.koupeltech.com\/index.php\/produkt\/znackovy-protherm-zasobnik-teple-vody-we-me-33570\/#breadcrumb"},"inLanguage":"cs","potentialAction":[{"@type":"ReadAction","target":["https:\/\/www.koupeltech.com\/index.php\/produkt\/znackovy-protherm-zasobnik-teple-vody-we-me-33570\/"]}]},{"@type":"ImageObject","inLanguage":"cs","@id":"https:\/\/www.koupeltech.com\/index.php\/produkt\/znackovy-protherm-zasobnik-teple-vody-we-me-33570\/#primaryimage","url":"https:\/\/www.koupeltech.com\/wp-content\/uploads\/2026\/SK0024690-CZ20260425-092632-0-1777080397-protherm-zasobnik-teple-vody-we-me-1088942.webp","contentUrl":"https:\/\/www.koupeltech.com\/wp-content\/uploads\/2026\/SK0024690-CZ20260425-092632-0-1777080397-protherm-zasobnik-teple-vody-we-me-1088942.webp","width":600,"height":600},{"@type":"BreadcrumbList","@id":"https:\/\/www.koupeltech.com\/index.php\/produkt\/znackovy-protherm-zasobnik-teple-vody-we-me-33570\/#breadcrumb","itemListElement":[{"@type":"ListItem","position":1,"name":"Home","item":"https:\/\/www.koupeltech.com\/"},{"@type":"ListItem","position":2,"name":"Products","item":"https:\/\/www.koupeltech.com\/index.php\/products\/"},{"@type":"ListItem","position":3,"name":"Zna\u010dkov\u00fd Protherm Z\u00e1sobn\u00edk tepl\u00e9 vody WE ME"}]},{"@type":"WebSite","@id":"https:\/\/www.koupeltech.com\/#website","url":"https:\/\/www.koupeltech.com\/","name":"","description":"","potentialAction":[{"@type":"SearchAction","target":{"@type":"EntryPoint","urlTemplate":"https:\/\/www.koupeltech.com\/?s={search_term_string}"},"query-input":{"@type":"PropertyValueSpecification","valueRequired":true,"valueName":"search_term_string"}}],"inLanguage":"cs"}]}},"_links":{"self":[{"href":"https:\/\/www.koupeltech.com\/index.php\/wp-json\/wp\/v2\/product\/33570","targetHints":{"allow":["GET"]}}],"collection":[{"href":"https:\/\/www.koupeltech.com\/index.php\/wp-json\/wp\/v2\/product"}],"about":[{"href":"https:\/\/www.koupeltech.com\/index.php\/wp-json\/wp\/v2\/types\/product"}],"replies":[{"embeddable":true,"href":"https:\/\/www.koupeltech.com\/index.php\/wp-json\/wp\/v2\/comments?post=33570"}],"wp:featuredmedia":[{"embeddable":true,"href":"https:\/\/www.koupeltech.com\/index.php\/wp-json\/wp\/v2\/media\/33670"}],"wp:attachment":[{"href":"https:\/\/www.koupeltech.com\/index.php\/wp-json\/wp\/v2\/media?parent=33570"}],"wp:term":[{"taxonomy":"product_brand","embeddable":true,"href":"https:\/\/www.koupeltech.com\/index.php\/wp-json\/wp\/v2\/product_brand?post=33570"},{"taxonomy":"product_cat","embeddable":true,"href":"https:\/\/www.koupeltech.com\/index.php\/wp-json\/wp\/v2\/product_cat?post=33570"},{"taxonomy":"product_tag","embeddable":true,"href":"https:\/\/www.koupeltech.com\/index.php\/wp-json\/wp\/v2\/product_tag?post=33570"}],"curies":[{"name":"wp","href":"https:\/\/api.w.org\/{rel}","templated":true}]}}