{"id":33760,"date":"2026-04-27T14:00:58","date_gmt":"2026-04-27T14:00:58","guid":{"rendered":""},"modified":"2026-04-27T14:00:58","modified_gmt":"2026-04-27T14:00:58","slug":"multivac-tichy-potrubni-ventilator-cf-isole-pouze-dnes-33760","status":"publish","type":"product","link":"https:\/\/www.koupeltech.com\/index.php\/produkt\/multivac-tichy-potrubni-ventilator-cf-isole-pouze-dnes-33760\/","title":{"rendered":"Multivac Tich\u00fd potrubn\u00ed ventil\u00e1tor CF\/ISOLE Pouze Dnes"},"content":{"rendered":"<div class=\"ProductDetail-content NoFixImageContainer\" id=\"productDescription\">\n<div class=\"Heading\">\n<h2 class=\"Heading-title\">Popis produktu <span class=''>Multivac Tich\u00fd potrubn\u00ed ventil\u00e1tor CF\/ISOLE<\/span><\/h2>\n<\/p><\/div>\n<div class=\"ProductDetailContent\">\n<p><span style=\"font-size:16px\"><strong>Charakteristika:<\/strong><\/span><\/p>\n<ul>\n<li>rozm\u011brov\u00e1 \u0159ada 100, 125, 150, 200, 250 a&nbsp;315mm<\/li>\n<li>ocelov\u00fd aerodynamick\u00fd pl\u00e1\u0161\u0165 pota\u017een\u00fd polymerem<\/li>\n<li>perforovan\u00e1 vnit\u0159n\u00ed \u010d\u00e1st ventil\u00e1toru pro pohlcen\u00ed hluku<\/li>\n<li>pro vertik\u00e1ln\u00ed i&nbsp;horizont\u00e1ln\u00ed instalace<\/li>\n<\/ul>\n<p><span style=\"font-size:16px\"><strong>Motor<\/strong><\/span><\/p>\n<ul>\n<li>AC motor 2. ot\u00e1\u010dkov\u00fd<\/li>\n<li>Zm\u011bna rychlosti (vysok\u00e1\/n\u00edzk\u00e1) pomoc\u00ed p\u0159ep\u00edna\u010de<\/li>\n<li>Elektrick\u00e9 kryt\u00ed IPX4<\/li>\n<li>Kuli\u010dkov\u00e1 lo\u017eiska<\/li>\n<li>Nap\u00e1jen\u00ed 230 V \/ 50 Hz<\/li>\n<li>Regulace ventil\u00e1tor\u016f transform\u00e1torov\u00fdm regul\u00e1torem<\/li>\n<\/ul>\n<h3>Technick\u00e9 parametry<\/h3>\n<p><!doctype html><html lang=\"cs\"><head>  <meta charset=\"utf-8\">  <meta name=\"viewport\" content=\"width=device-width, initial-scale=1\">  <title>Responzivn\u00ed tabulka CF\/ISOLE<\/title>  <\/p>\n<style>    :root{font-family:system-ui,-apple-system,Segoe UI,Roboto,Arial,sans-serif;color:#111}    table{width:100%;border-collapse:collapse;table-layout:fixed;font-size:14px}    thead th{background:#0b69ff;color:#fff;padding:10px;text-align:left;font-weight:600}    tbody td, thead th{border:1px solid #e6e9ef;padding:10px}    tbody tr:nth-child(odd){background:#ffffff}    tbody tr:nth-child(even){background:#f2f2f2}    caption{padding:8px 0;font-weight:600}    @media (max-width:800px){      table, thead, tbody, th, td, tr{display:block}      thead{position:absolute;left:-9999px;top:-9999px}      tbody tr{margin:0 0 1rem 0;border:1px solid #e6e9ef;border-radius:8px;padding:6px}      tbody td{border:none;border-bottom:1px solid #eee;position:relative;padding-left:50%;white-space:pre-wrap;word-wrap:break-word}      tbody td:before{position:absolute;left:12px;top:12px;width:42%;padding-right:10px;white-space:nowrap;font-weight:600}      tbody td[data-label=\"Typ\"]:before{content:\"Typ\"}      tbody td[data-label=\"Hmotnost [kg]\"]:before{content:\"Hmotnost [kg]\"}      tbody td[data-label=\"Objemov\u00fd pr\u016ftok max [m\u00b3\/h]\"]:before{content:\"Objemov\u00fd pr\u016ftok (max) [m\u00b3\/h]\"}      tbody td[data-label=\"Objemov\u00fd pr\u016ftok min [m\u00b3\/h]\"]:before{content:\"Objemov\u00fd pr\u016ftok (min) [m\u00b3\/h]\"}      tbody td[data-label=\"Ot\u00e1\u010dky max [1\/min]\"]:before{content:\"Ot\u00e1\u010dky (max) [1\/min]\"}      tbody td[data-label=\"Ot\u00e1\u010dky min [1\/min]\"]:before{content:\"Ot\u00e1\u010dky (min) [1\/min]\"}      tbody td[data-label=\"P\u0159\u00edkon max [W]\"]:before{content:\"P\u0159\u00edkon (max) [W]\"}      tbody td[data-label=\"P\u0159\u00edkon min [W]\"]:before{content:\"P\u0159\u00edkon (min) [W]\"}      tbody td[data-label=\"Proud max [A]\"]:before{content:\"Proud (max) [A]\"}      tbody td[data-label=\"Proud min [A]\"]:before{content:\"Proud (min) [A]\"}      tbody td[data-label=\"Hluk max [dB(A)]\"]:before{content:\"Hluk (max) [dB(A)]\"}      tbody td[data-label=\"Hluk min [dB(A)]\"]:before{content:\"Hluk (min) [dB(A)]\"}    }    @media (min-width:801px){      table{overflow:auto;display:table}    }  <\/style>\n<p><\/head><body>  <\/p>\n<table aria-label=\"Technick\u00e9 parametry CF\/ISOLE\">\n<thead>\n<tr>\n<th>Typ<\/th>\n<th>Hmotnost [kg]<\/th>\n<th>Objemov\u00fd pr\u016ftok max [m\u00b3\/h]<\/th>\n<th>Objemov\u00fd pr\u016ftok min [m\u00b3\/h]<\/th>\n<th>Ot\u00e1\u010dky max [1\/min]<\/th>\n<th>Ot\u00e1\u010dky min [1\/min]<\/th>\n<th>P\u0159\u00edkon max [W]<\/th>\n<th>P\u0159\u00edkon min [W]<\/th>\n<th>Proud max [A]<\/th>\n<th>Proud min [A]<\/th>\n<th>Hluk max [dB(A)]<\/th>\n<th>Hluk min [dB(A)]<\/th>\n<\/tr>\n<\/thead>\n<tbody>\n<tr>\n<td data-label=\"Typ\">CF100\/ISOLE<\/td>\n<td data-label=\"Hmotnost [kg]\">4,6<\/td>\n<td data-label=\"Objemov\u00fd pr\u016ftok max [m\u00b3\/h]\">240<\/td>\n<td data-label=\"Objemov\u00fd pr\u016ftok min [m\u00b3\/h]\">170<\/td>\n<td data-label=\"Ot\u00e1\u010dky max [1\/min]\">2630<\/td>\n<td data-label=\"Ot\u00e1\u010dky min [1\/min]\">2030<\/td>\n<td data-label=\"P\u0159\u00edkon max [W]\">26<\/td>\n<td data-label=\"P\u0159\u00edkon min [W]\">24<\/td>\n<td data-label=\"Proud max [A]\">0,11<\/td>\n<td data-label=\"Proud min [A]\">0,10<\/td>\n<td data-label=\"Hluk max [dB(A)]\">29<\/td>\n<td data-label=\"Hluk min [dB(A)]\">24<\/td>\n<\/tr>\n<tr>\n<td data-label=\"Typ\">CF125\/ISOLE<\/td>\n<td data-label=\"Hmotnost [kg]\">4,6<\/td>\n<td data-label=\"Objemov\u00fd pr\u016ftok max [m\u00b3\/h]\">340<\/td>\n<td data-label=\"Objemov\u00fd pr\u016ftok min [m\u00b3\/h]\">230<\/td>\n<td data-label=\"Ot\u00e1\u010dky max [1\/min]\">2310<\/td>\n<td data-label=\"Ot\u00e1\u010dky min [1\/min]\">1650<\/td>\n<td data-label=\"P\u0159\u00edkon max [W]\">29<\/td>\n<td data-label=\"P\u0159\u00edkon min [W]\">25<\/td>\n<td data-label=\"Proud max [A]\">0,13<\/td>\n<td data-label=\"Proud min [A]\">0,11<\/td>\n<td data-label=\"Hluk max [dB(A)]\">28<\/td>\n<td data-label=\"Hluk min [dB(A)]\">23<\/td>\n<\/tr>\n<tr>\n<td data-label=\"Typ\">CF150\/ISOLE<\/td>\n<td data-label=\"Hmotnost [kg]\">6,1<\/td>\n<td data-label=\"Objemov\u00fd pr\u016ftok max [m\u00b3\/h]\">555<\/td>\n<td data-label=\"Objemov\u00fd pr\u016ftok min [m\u00b3\/h]\">405<\/td>\n<td data-label=\"Ot\u00e1\u010dky max [1\/min]\">2645<\/td>\n<td data-label=\"Ot\u00e1\u010dky min [1\/min]\">1970<\/td>\n<td data-label=\"P\u0159\u00edkon max [W]\">52<\/td>\n<td data-label=\"P\u0159\u00edkon min [W]\">45<\/td>\n<td data-label=\"Proud max [A]\">0,23<\/td>\n<td data-label=\"Proud min [A]\">0,20<\/td>\n<td data-label=\"Hluk max [dB(A)]\">33<\/td>\n<td data-label=\"Hluk min [dB(A)]\">26<\/td>\n<\/tr>\n<tr>\n<td data-label=\"Typ\">CF200\/ISOLE<\/td>\n<td data-label=\"Hmotnost [kg]\">8<\/td>\n<td data-label=\"Objemov\u00fd pr\u016ftok max [m\u00b3\/h]\">1020<\/td>\n<td data-label=\"Objemov\u00fd pr\u016ftok min [m\u00b3\/h]\">810<\/td>\n<td data-label=\"Ot\u00e1\u010dky max [1\/min]\">2445<\/td>\n<td data-label=\"Ot\u00e1\u010dky min [1\/min]\">2015<\/td>\n<td data-label=\"P\u0159\u00edkon max [W]\">110<\/td>\n<td data-label=\"P\u0159\u00edkon min [W]\">78<\/td>\n<td data-label=\"Proud max [A]\">0,49<\/td>\n<td data-label=\"Proud min [A]\">0,35<\/td>\n<td data-label=\"Hluk max [dB(A)]\">36<\/td>\n<td data-label=\"Hluk min [dB(A)]\">31<\/td>\n<\/tr>\n<tr>\n<td data-label=\"Typ\">CF250\/ISOLE<\/td>\n<td data-label=\"Hmotnost [kg]\">15<\/td>\n<td data-label=\"Objemov\u00fd pr\u016ftok max [m\u00b3\/h]\">1400<\/td>\n<td data-label=\"Objemov\u00fd pr\u016ftok min [m\u00b3\/h]\">1110<\/td>\n<td data-label=\"Ot\u00e1\u010dky max [1\/min]\">2440<\/td>\n<td data-label=\"Ot\u00e1\u010dky min [1\/min]\">1955<\/td>\n<td data-label=\"P\u0159\u00edkon max [W]\">177<\/td>\n<td data-label=\"P\u0159\u00edkon min [W]\">125<\/td>\n<td data-label=\"Proud max [A]\">0,79<\/td>\n<td data-label=\"Proud min [A]\">0,54<\/td>\n<td data-label=\"Hluk max [dB(A)]\">38<\/td>\n<td data-label=\"Hluk min [dB(A)]\">34<\/td>\n<\/tr>\n<tr>\n<td data-label=\"Typ\">CF315\/ISOLE<\/td>\n<td data-label=\"Hmotnost [kg]\">25<\/td>\n<td data-label=\"Objemov\u00fd pr\u016ftok max [m\u00b3\/h]\">2050<\/td>\n<td data-label=\"Objemov\u00fd pr\u016ftok min [m\u00b3\/h]\">1570<\/td>\n<td data-label=\"Ot\u00e1\u010dky max [1\/min]\">2430<\/td>\n<td data-label=\"Ot\u00e1\u010dky min [1\/min]\">1890<\/td>\n<td data-label=\"P\u0159\u00edkon max [W]\">320<\/td>\n<td data-label=\"P\u0159\u00edkon min [W]\">230<\/td>\n<td data-label=\"Proud max [A]\">1,42<\/td>\n<td data-label=\"Proud min [A]\">1,00<\/td>\n<td data-label=\"Hluk max [dB(A)]\">40<\/td>\n<td data-label=\"Hluk min [dB(A)]\">36<\/td>\n<\/tr>\n<\/tbody>\n<\/table>\n<p><\/body><\/html>                                <\/div>\n<div class=\"ProductDetailContent\">\n<div class=\"ProductDetailContent-item\">\n<div style=\"background-color:#f9f9f9; border-left:5px solid #4caf50; border-radius:8px; box-shadow:0 4px 12px rgba(0,0,0,0.1); font-family:Arial,sans-serif; margin-bottom:20px; padding:25px 20px 20px 20px; position:relative\"><!-- Ikona info v lev\u00e9m horn\u00edm rohu --><\/p>\n<div style=\"align-items:center; background-color:#4caf50; border-radius:50%; color:#ffffff; display:flex; font-size:18px; font-weight:bold; height:30px; justify-content:center; left:-10px; position:absolute; top:-10px; width:30px\">i<\/div>\n<h3 style=\"margin-left:15px\">Rozd\u00edl mezi axi\u00e1ln\u00edm a radi\u00e1ln\u00edm ventil\u00e1torem<\/h3>\n<p><strong>Axi\u00e1ln\u00ed ventil\u00e1tory (osov\u00e9):<\/strong><\/p>\n<p>U axi\u00e1ln\u00edch ventil\u00e1tor\u016f proud\u00ed vzduch ve sm\u011bru osy ot\u00e1\u010den\u00ed ob\u011b\u017en\u00e9ho kola a pou\u017e\u00edvaj\u00ed se tam, kde je po\u017eadov\u00e1n velk\u00fd pr\u016ftok vzduchu bez vysok\u00fdch n\u00e1rok\u016f na dopravn\u00ed tlak.<\/p>\n<p><strong>Orienta\u010dn\u00ed maxim\u00e1ln\u00ed d\u00e9lky odtahu:<\/strong><\/p>\n<ul>\n<li>max. 3 m pro axi\u00e1ln\u00ed ventil\u00e1tory o pr\u016fm\u011bru 10 cm<\/li>\n<li>max. 5 m pro axi\u00e1ln\u00ed ventil\u00e1tory o pr\u016fm\u011bru 12,5 cm<\/li>\n<li>max. 8 m pro axi\u00e1ln\u00ed ventil\u00e1tory o pr\u016fm\u011bru 15 cm<\/li>\n<\/ul>\n<p><strong>Radi\u00e1ln\u00ed ventil\u00e1tory (odst\u0159ediv\u00e9):<\/strong><\/p>\n<p>U radi\u00e1ln\u00edch ventil\u00e1tor\u016f proud\u00ed vzduch kolmo na sm\u011br osy ot\u00e1\u010den\u00ed ob\u011b\u017en\u00e9ho kola a vyu\u017e\u00edvaj\u00ed se tam, kde je po\u017eadov\u00e1n vy\u0161\u0161\u00ed dopravn\u00ed tlak. Pat\u0159\u00ed sem i <strong>semiradi\u00e1ln\u00ed syst\u00e9m<\/strong>, co\u017e je p\u0159echod mezi radi\u00e1ln\u00edm a axi\u00e1ln\u00edm syst\u00e9mem. Vzduch proud\u00ed do ventil\u00e1toru v axi\u00e1ln\u00edm sm\u011bru, av\u0161ak v\u00fdtlak z ventil\u00e1toru je pod \u00fahlem men\u0161\u00edm ne\u017e 90\u00b0. <strong>V\u00fdhodou semiradi\u00e1ln\u00edho syst\u00e9mu jsou men\u0161\u00ed rozm\u011bry a vysok\u00fd tlak<\/strong>.<\/p>\n<p><strong>Orienta\u010dn\u00ed maxim\u00e1ln\u00ed d\u00e9lky odtahu:<\/strong><\/p>\n<ul>\n<li>max. 12 m pro radi\u00e1ln\u00ed ventil\u00e1tory o pr\u016fm\u011bru 10 cm<\/li>\n<li>max. 23 m pro radi\u00e1ln\u00ed ventil\u00e1tory o pr\u016fm\u011bru 12,5 cm<\/li>\n<li>max. 35 m pro radi\u00e1ln\u00ed ventil\u00e1tory o pr\u016fm\u011bru 15 cm<\/li>\n<\/ul>\n<\/div><\/div>\n<\/p><\/div>\n<\/p><\/div>\n<\/p><\/div>\n<\/p><\/div>\n","protected":false},"excerpt":{"rendered":"<p>Popis produktu Multivac Tich\u00fd potrubn\u00ed ventil\u00e1tor CF\/ISOLE Charakteristika: rozm\u011brov\u00e1 \u0159ada 100, 125, 150, 200, 250 a&nbsp;315mm ocelov\u00fd aerodynamick\u00fd pl\u00e1\u0161\u0165 pota\u017een\u00fd polymerem perforovan\u00e1 vnit\u0159n\u00ed \u010d\u00e1st ventil\u00e1toru pro pohlcen\u00ed hluku pro vertik\u00e1ln\u00ed i&nbsp;horizont\u00e1ln\u00ed instalace Motor AC motor 2. ot\u00e1\u010dkov\u00fd Zm\u011bna rychlosti (vysok\u00e1\/n\u00edzk\u00e1) pomoc\u00ed p\u0159ep\u00edna\u010de Elektrick\u00e9 kryt\u00ed IPX4 Kuli\u010dkov\u00e1 lo\u017eiska Nap\u00e1jen\u00ed 230 V \/ 50 Hz Regulace ventil\u00e1tor\u016f [&hellip;]<\/p>\n","protected":false},"featured_media":33860,"comment_status":"open","ping_status":"open","template":"","meta":[],"product_brand":[],"product_cat":[80],"product_tag":[],"class_list":{"0":"post-33760","1":"product","2":"type-product","3":"status-publish","4":"has-post-thumbnail","6":"product_cat-rekuperace-vzduchu-a-vody-vetrani","8":"first","9":"instock","10":"sale","11":"shipping-taxable","12":"purchasable","13":"product-type-simple"},"yoast_head":"<!-- This site is optimized with the Yoast SEO plugin v26.8 - https:\/\/yoast.com\/product\/yoast-seo-wordpress\/ -->\n<title>Multivac Tich\u00fd potrubn\u00ed ventil\u00e1tor CF\/ISOLE Pouze Dnes -<\/title>\n<meta name=\"robots\" content=\"index, follow, max-snippet:-1, max-image-preview:large, max-video-preview:-1\" \/>\n<link rel=\"canonical\" href=\"https:\/\/www.koupeltech.com\/index.php\/produkt\/multivac-tichy-potrubni-ventilator-cf-isole-pouze-dnes-33760\/\" \/>\n<meta property=\"og:locale\" content=\"cs_CZ\" \/>\n<meta property=\"og:type\" content=\"article\" \/>\n<meta property=\"og:title\" content=\"Multivac Tich\u00fd potrubn\u00ed ventil\u00e1tor CF\/ISOLE Pouze Dnes -\" \/>\n<meta property=\"og:description\" content=\"Popis produktu Multivac Tich\u00fd potrubn\u00ed ventil\u00e1tor CF\/ISOLE Charakteristika: rozm\u011brov\u00e1 \u0159ada 100, 125, 150, 200, 250 a&nbsp;315mm ocelov\u00fd aerodynamick\u00fd pl\u00e1\u0161\u0165 pota\u017een\u00fd polymerem perforovan\u00e1 vnit\u0159n\u00ed \u010d\u00e1st ventil\u00e1toru pro pohlcen\u00ed hluku pro vertik\u00e1ln\u00ed i&nbsp;horizont\u00e1ln\u00ed instalace Motor AC motor 2. ot\u00e1\u010dkov\u00fd Zm\u011bna rychlosti (vysok\u00e1\/n\u00edzk\u00e1) pomoc\u00ed p\u0159ep\u00edna\u010de Elektrick\u00e9 kryt\u00ed IPX4 Kuli\u010dkov\u00e1 lo\u017eiska Nap\u00e1jen\u00ed 230 V \/ 50 Hz Regulace ventil\u00e1tor\u016f [&hellip;]\" \/>\n<meta property=\"og:url\" content=\"https:\/\/www.koupeltech.com\/index.php\/produkt\/multivac-tichy-potrubni-ventilator-cf-isole-pouze-dnes-33760\/\" \/>\n<meta property=\"og:image\" content=\"https:\/\/www.koupeltech.com\/wp-content\/uploads\/2026\/SK0024783-CZ20260425-092632-0-1777080397-multivac-tichy-potrubni-ventilator-cf-isole-1091724.webp\" \/>\n\t<meta property=\"og:image:width\" content=\"600\" \/>\n\t<meta property=\"og:image:height\" content=\"480\" \/>\n\t<meta property=\"og:image:type\" content=\"image\/webp\" \/>\n<meta name=\"twitter:card\" content=\"summary_large_image\" \/>\n<meta name=\"twitter:label1\" content=\"Odhadovan\u00e1 doba \u010dten\u00ed\" \/>\n\t<meta name=\"twitter:data1\" content=\"2 minuty\" \/>\n<script type=\"application\/ld+json\" class=\"yoast-schema-graph\">{\"@context\":\"https:\/\/schema.org\",\"@graph\":[{\"@type\":\"WebPage\",\"@id\":\"https:\/\/www.koupeltech.com\/index.php\/produkt\/multivac-tichy-potrubni-ventilator-cf-isole-pouze-dnes-33760\/\",\"url\":\"https:\/\/www.koupeltech.com\/index.php\/produkt\/multivac-tichy-potrubni-ventilator-cf-isole-pouze-dnes-33760\/\",\"name\":\"Multivac Tich\u00fd potrubn\u00ed ventil\u00e1tor CF\/ISOLE Pouze Dnes -\",\"isPartOf\":{\"@id\":\"https:\/\/www.koupeltech.com\/#website\"},\"primaryImageOfPage\":{\"@id\":\"https:\/\/www.koupeltech.com\/index.php\/produkt\/multivac-tichy-potrubni-ventilator-cf-isole-pouze-dnes-33760\/#primaryimage\"},\"image\":{\"@id\":\"https:\/\/www.koupeltech.com\/index.php\/produkt\/multivac-tichy-potrubni-ventilator-cf-isole-pouze-dnes-33760\/#primaryimage\"},\"thumbnailUrl\":\"https:\/\/www.koupeltech.com\/wp-content\/uploads\/2026\/SK0024783-CZ20260425-092632-0-1777080397-multivac-tichy-potrubni-ventilator-cf-isole-1091724.webp\",\"datePublished\":\"2026-04-27T14:00:58+00:00\",\"breadcrumb\":{\"@id\":\"https:\/\/www.koupeltech.com\/index.php\/produkt\/multivac-tichy-potrubni-ventilator-cf-isole-pouze-dnes-33760\/#breadcrumb\"},\"inLanguage\":\"cs\",\"potentialAction\":[{\"@type\":\"ReadAction\",\"target\":[\"https:\/\/www.koupeltech.com\/index.php\/produkt\/multivac-tichy-potrubni-ventilator-cf-isole-pouze-dnes-33760\/\"]}]},{\"@type\":\"ImageObject\",\"inLanguage\":\"cs\",\"@id\":\"https:\/\/www.koupeltech.com\/index.php\/produkt\/multivac-tichy-potrubni-ventilator-cf-isole-pouze-dnes-33760\/#primaryimage\",\"url\":\"https:\/\/www.koupeltech.com\/wp-content\/uploads\/2026\/SK0024783-CZ20260425-092632-0-1777080397-multivac-tichy-potrubni-ventilator-cf-isole-1091724.webp\",\"contentUrl\":\"https:\/\/www.koupeltech.com\/wp-content\/uploads\/2026\/SK0024783-CZ20260425-092632-0-1777080397-multivac-tichy-potrubni-ventilator-cf-isole-1091724.webp\",\"width\":600,\"height\":480},{\"@type\":\"BreadcrumbList\",\"@id\":\"https:\/\/www.koupeltech.com\/index.php\/produkt\/multivac-tichy-potrubni-ventilator-cf-isole-pouze-dnes-33760\/#breadcrumb\",\"itemListElement\":[{\"@type\":\"ListItem\",\"position\":1,\"name\":\"Home\",\"item\":\"https:\/\/www.koupeltech.com\/\"},{\"@type\":\"ListItem\",\"position\":2,\"name\":\"Products\",\"item\":\"https:\/\/www.koupeltech.com\/index.php\/products\/\"},{\"@type\":\"ListItem\",\"position\":3,\"name\":\"Multivac Tich\u00fd potrubn\u00ed ventil\u00e1tor CF\/ISOLE Pouze Dnes\"}]},{\"@type\":\"WebSite\",\"@id\":\"https:\/\/www.koupeltech.com\/#website\",\"url\":\"https:\/\/www.koupeltech.com\/\",\"name\":\"\",\"description\":\"\",\"potentialAction\":[{\"@type\":\"SearchAction\",\"target\":{\"@type\":\"EntryPoint\",\"urlTemplate\":\"https:\/\/www.koupeltech.com\/?s={search_term_string}\"},\"query-input\":{\"@type\":\"PropertyValueSpecification\",\"valueRequired\":true,\"valueName\":\"search_term_string\"}}],\"inLanguage\":\"cs\"}]}<\/script>\n<!-- \/ Yoast SEO plugin. -->","yoast_head_json":{"title":"Multivac Tich\u00fd potrubn\u00ed ventil\u00e1tor CF\/ISOLE Pouze Dnes -","robots":{"index":"index","follow":"follow","max-snippet":"max-snippet:-1","max-image-preview":"max-image-preview:large","max-video-preview":"max-video-preview:-1"},"canonical":"https:\/\/www.koupeltech.com\/index.php\/produkt\/multivac-tichy-potrubni-ventilator-cf-isole-pouze-dnes-33760\/","og_locale":"cs_CZ","og_type":"article","og_title":"Multivac Tich\u00fd potrubn\u00ed ventil\u00e1tor CF\/ISOLE Pouze Dnes -","og_description":"Popis produktu Multivac Tich\u00fd potrubn\u00ed ventil\u00e1tor CF\/ISOLE Charakteristika: rozm\u011brov\u00e1 \u0159ada 100, 125, 150, 200, 250 a&nbsp;315mm ocelov\u00fd aerodynamick\u00fd pl\u00e1\u0161\u0165 pota\u017een\u00fd polymerem perforovan\u00e1 vnit\u0159n\u00ed \u010d\u00e1st ventil\u00e1toru pro pohlcen\u00ed hluku pro vertik\u00e1ln\u00ed i&nbsp;horizont\u00e1ln\u00ed instalace Motor AC motor 2. ot\u00e1\u010dkov\u00fd Zm\u011bna rychlosti (vysok\u00e1\/n\u00edzk\u00e1) pomoc\u00ed p\u0159ep\u00edna\u010de Elektrick\u00e9 kryt\u00ed IPX4 Kuli\u010dkov\u00e1 lo\u017eiska Nap\u00e1jen\u00ed 230 V \/ 50 Hz Regulace ventil\u00e1tor\u016f [&hellip;]","og_url":"https:\/\/www.koupeltech.com\/index.php\/produkt\/multivac-tichy-potrubni-ventilator-cf-isole-pouze-dnes-33760\/","og_image":[{"width":600,"height":480,"url":"https:\/\/www.koupeltech.com\/wp-content\/uploads\/2026\/SK0024783-CZ20260425-092632-0-1777080397-multivac-tichy-potrubni-ventilator-cf-isole-1091724.webp","type":"image\/webp"}],"twitter_card":"summary_large_image","twitter_misc":{"Odhadovan\u00e1 doba \u010dten\u00ed":"2 minuty"},"schema":{"@context":"https:\/\/schema.org","@graph":[{"@type":"WebPage","@id":"https:\/\/www.koupeltech.com\/index.php\/produkt\/multivac-tichy-potrubni-ventilator-cf-isole-pouze-dnes-33760\/","url":"https:\/\/www.koupeltech.com\/index.php\/produkt\/multivac-tichy-potrubni-ventilator-cf-isole-pouze-dnes-33760\/","name":"Multivac Tich\u00fd potrubn\u00ed ventil\u00e1tor CF\/ISOLE Pouze Dnes -","isPartOf":{"@id":"https:\/\/www.koupeltech.com\/#website"},"primaryImageOfPage":{"@id":"https:\/\/www.koupeltech.com\/index.php\/produkt\/multivac-tichy-potrubni-ventilator-cf-isole-pouze-dnes-33760\/#primaryimage"},"image":{"@id":"https:\/\/www.koupeltech.com\/index.php\/produkt\/multivac-tichy-potrubni-ventilator-cf-isole-pouze-dnes-33760\/#primaryimage"},"thumbnailUrl":"https:\/\/www.koupeltech.com\/wp-content\/uploads\/2026\/SK0024783-CZ20260425-092632-0-1777080397-multivac-tichy-potrubni-ventilator-cf-isole-1091724.webp","datePublished":"2026-04-27T14:00:58+00:00","breadcrumb":{"@id":"https:\/\/www.koupeltech.com\/index.php\/produkt\/multivac-tichy-potrubni-ventilator-cf-isole-pouze-dnes-33760\/#breadcrumb"},"inLanguage":"cs","potentialAction":[{"@type":"ReadAction","target":["https:\/\/www.koupeltech.com\/index.php\/produkt\/multivac-tichy-potrubni-ventilator-cf-isole-pouze-dnes-33760\/"]}]},{"@type":"ImageObject","inLanguage":"cs","@id":"https:\/\/www.koupeltech.com\/index.php\/produkt\/multivac-tichy-potrubni-ventilator-cf-isole-pouze-dnes-33760\/#primaryimage","url":"https:\/\/www.koupeltech.com\/wp-content\/uploads\/2026\/SK0024783-CZ20260425-092632-0-1777080397-multivac-tichy-potrubni-ventilator-cf-isole-1091724.webp","contentUrl":"https:\/\/www.koupeltech.com\/wp-content\/uploads\/2026\/SK0024783-CZ20260425-092632-0-1777080397-multivac-tichy-potrubni-ventilator-cf-isole-1091724.webp","width":600,"height":480},{"@type":"BreadcrumbList","@id":"https:\/\/www.koupeltech.com\/index.php\/produkt\/multivac-tichy-potrubni-ventilator-cf-isole-pouze-dnes-33760\/#breadcrumb","itemListElement":[{"@type":"ListItem","position":1,"name":"Home","item":"https:\/\/www.koupeltech.com\/"},{"@type":"ListItem","position":2,"name":"Products","item":"https:\/\/www.koupeltech.com\/index.php\/products\/"},{"@type":"ListItem","position":3,"name":"Multivac Tich\u00fd potrubn\u00ed ventil\u00e1tor CF\/ISOLE Pouze Dnes"}]},{"@type":"WebSite","@id":"https:\/\/www.koupeltech.com\/#website","url":"https:\/\/www.koupeltech.com\/","name":"","description":"","potentialAction":[{"@type":"SearchAction","target":{"@type":"EntryPoint","urlTemplate":"https:\/\/www.koupeltech.com\/?s={search_term_string}"},"query-input":{"@type":"PropertyValueSpecification","valueRequired":true,"valueName":"search_term_string"}}],"inLanguage":"cs"}]}},"_links":{"self":[{"href":"https:\/\/www.koupeltech.com\/index.php\/wp-json\/wp\/v2\/product\/33760","targetHints":{"allow":["GET"]}}],"collection":[{"href":"https:\/\/www.koupeltech.com\/index.php\/wp-json\/wp\/v2\/product"}],"about":[{"href":"https:\/\/www.koupeltech.com\/index.php\/wp-json\/wp\/v2\/types\/product"}],"replies":[{"embeddable":true,"href":"https:\/\/www.koupeltech.com\/index.php\/wp-json\/wp\/v2\/comments?post=33760"}],"wp:featuredmedia":[{"embeddable":true,"href":"https:\/\/www.koupeltech.com\/index.php\/wp-json\/wp\/v2\/media\/33860"}],"wp:attachment":[{"href":"https:\/\/www.koupeltech.com\/index.php\/wp-json\/wp\/v2\/media?parent=33760"}],"wp:term":[{"taxonomy":"product_brand","embeddable":true,"href":"https:\/\/www.koupeltech.com\/index.php\/wp-json\/wp\/v2\/product_brand?post=33760"},{"taxonomy":"product_cat","embeddable":true,"href":"https:\/\/www.koupeltech.com\/index.php\/wp-json\/wp\/v2\/product_cat?post=33760"},{"taxonomy":"product_tag","embeddable":true,"href":"https:\/\/www.koupeltech.com\/index.php\/wp-json\/wp\/v2\/product_tag?post=33760"}],"curies":[{"name":"wp","href":"https:\/\/api.w.org\/{rel}","templated":true}]}}