{"id":33761,"date":"2026-04-27T14:00:58","date_gmt":"2026-04-27T14:00:58","guid":{"rendered":""},"modified":"2026-04-27T14:00:58","modified_gmt":"2026-04-27T14:00:58","slug":"vents-tichy-potrubni-ventilator-stream-ac-specialni-cena-33761","status":"publish","type":"product","link":"https:\/\/www.koupeltech.com\/index.php\/produkt\/vents-tichy-potrubni-ventilator-stream-ac-specialni-cena-33761\/","title":{"rendered":"Vents Tich\u00fd potrubn\u00ed ventil\u00e1tor STREAM AC Speci\u00e1ln\u00ed Cena"},"content":{"rendered":"<div class=\"ProductDetail-content NoFixImageContainer\" id=\"productDescription\">\n<div class=\"Heading\">\n<h2 class=\"Heading-title\">Popis produktu <span class=''>Vents Tich\u00fd potrubn\u00ed ventil\u00e1tor STREAM AC<\/span><\/h2>\n<\/p><\/div>\n<div class=\"ProductDetailContent\">\n<p><span style=\"font-size:11pt\">Ventil\u00e1tor 100\/125 se dod\u00e1v\u00e1 s&nbsp;p\u0159echody, je kompatibiln\u00ed s potrub\u00edmi o pr\u016fm\u011bru 100, tak i 125 mm. Pr\u016fm\u011br napojen\u00ed m\u00e1 pak vliv na v\u00fdkon ventil\u00e1toru.<\/span><\/p>\n<p><span style=\"font-size:16px\"><strong>Charakteristika:<\/strong><\/span><\/p>\n<ul>\n<li>rozm\u011brov\u00e1 \u0159ada 100, 125, 150 a 160mm<\/li>\n<li>hlukov\u011b izolovan\u00e1 sk\u0159\u00ed\u0148 pro zaji\u0161t\u011bn\u00ed tich\u00e9ho provozu<\/li>\n<li>perforovan\u00e1 vnit\u0159n\u00ed \u010d\u00e1st ventil\u00e1toru pro pohlcen\u00ed hluku<\/li>\n<li>kryt ventil\u00e1toru izolov\u00e1n miner\u00e1ln\u00ed vatou tlou\u0161\u0165ky 50mm<\/li>\n<li>pro vertik\u00e1ln\u00ed i&nbsp;horizont\u00e1ln\u00ed instalace<\/li>\n<li>AC motory<\/li>\n<\/ul>\n<p><span style=\"font-size:16px\"><strong>Motor<\/strong><\/span><\/p>\n<ul>\n<li>Jednof\u00e1zov\u00e9 energeticky \u00fasporn\u00e9 t\u0159\u00edrychlostn\u00ed AC motory<\/li>\n<li>Motory ventil\u00e1tor\u016f jsou vybaveny tepeln\u00fdmi pojistkami pro ochranu proti p\u0159et\u00ed\u017een\u00ed<\/li>\n<li>Kuli\u010dkov\u00e1 lo\u017eiska zaji\u0161\u0165uj\u00ed dlouhou \u017eivotnost (cca 40 000 hodin nep\u0159etr\u017eit\u00e9ho provozu)<\/li>\n<li>Elektrick\u00e9 kryt\u00ed IPX4<\/li>\n<li>Nap\u00e1jen\u00ed 230 V \/ 50 Hz<\/li>\n<\/ul>\n<h3>Technick\u00e9 parametry<\/h3>\n<p><!doctype html><html lang=\"cs\"><head>  <meta charset=\"utf-8\">  <meta name=\"viewport\" content=\"width=device-width, initial-scale=1\">  <\/p>\n<style>    :root{font-family:system-ui,-apple-system,Segoe UI,Roboto,Arial,sans-serif;color:#111}    table{width:100%;border-collapse:collapse;table-layout:fixed;font-size:14px}    thead th{background:#0b69ff;color:#fff;padding:10px;text-align:center;font-weight:600}    tbody td, thead th{border:1px solid #e6e9ef;padding:10px;text-align:center}    tbody tr:nth-child(odd){background:#ffffff}    tbody tr:nth-child(even){background:#f2f2f2}    caption{padding:8px 0;font-weight:600}    @media (max-width:800px){      table, thead, tbody, th, td, tr{display:block}      thead{position:absolute;left:-9999px;top:-9999px}      tbody tr{margin:0 0 1rem 0;border:1px solid #e6e9ef;border-radius:8px;padding:6px}      tbody td{border:none;border-bottom:1px solid #eee;position:relative;padding-left:50%;white-space:pre-wrap;word-wrap:break-word}      tbody td:before{position:absolute;left:12px;top:12px;width:42%;padding-right:10px;white-space:nowrap;font-weight:600}    }    @media (min-width:801px){      table{overflow:auto;display:table}    }  <\/style>\n<p><\/head><body>  <\/p>\n<table aria-label=\"Technick\u00e9 parametry STREAM\">\n<thead>\n<tr>\n<th rowspan=\"2\">Typ<\/th>\n<th colspan=\"3\">Objemov\u00fd pr\u016ftok [m\u00b3\/h]<\/th>\n<th colspan=\"3\">Ot\u00e1\u010dky [1\/min]<\/th>\n<th colspan=\"3\">P\u0159\u00edkon [W]<\/th>\n<th colspan=\"3\">Proud [A]<\/th>\n<th colspan=\"3\">Hluk [dB(A)]*<\/th>\n<\/tr>\n<tr>\n<th>min.<\/th>\n<th>st\u0159ed.<\/th>\n<th>max.<\/th>\n<th>min.<\/th>\n<th>st\u0159ed.<\/th>\n<th>max.<\/th>\n<th>min.<\/th>\n<th>st\u0159ed.<\/th>\n<th>max.<\/th>\n<th>min.<\/th>\n<th>st\u0159ed.<\/th>\n<th>max.<\/th>\n<th>min.<\/th>\n<th>st\u0159ed.<\/th>\n<th>max.<\/th>\n<\/tr>\n<\/thead>\n<tbody>\n<tr>\n<td>STREAM 100<\/td>\n<td>114<\/td>\n<td>147<\/td>\n<td>220<\/td>\n<td>1568<\/td>\n<td>1952<\/td>\n<td>2362<\/td>\n<td>28<\/td>\n<td>31<\/td>\n<td>32<\/td>\n<td>0,13<\/td>\n<td>0,14<\/td>\n<td>0,15<\/td>\n<td>19<\/td>\n<td>23<\/td>\n<td>27<\/td>\n<\/tr>\n<tr>\n<td>STREAM 125<\/td>\n<td>164<\/td>\n<td>216<\/td>\n<td>320<\/td>\n<td>1552<\/td>\n<td>1952<\/td>\n<td>2356<\/td>\n<td>31<\/td>\n<td>33<\/td>\n<td>34<\/td>\n<td>0,14<\/td>\n<td>0,14<\/td>\n<td>0,16<\/td>\n<td>20<\/td>\n<td>22<\/td>\n<td>28<\/td>\n<\/tr>\n<tr>\n<td>STREAM 150\/160<\/td>\n<td>242<\/td>\n<td>320<\/td>\n<td>540<\/td>\n<td>1982<\/td>\n<td>2374<\/td>\n<td>2738<\/td>\n<td>25<\/td>\n<td>46<\/td>\n<td>51<\/td>\n<td>0,20<\/td>\n<td>0,21<\/td>\n<td>0,24<\/td>\n<td>20<\/td>\n<td>26<\/td>\n<td>33<\/td>\n<\/tr>\n<\/tbody>\n<\/table>\n<p style=\"font-size:13px;margin-top:8px;\">* Hladina akustick\u00e9ho tlaku ve vzd\u00e1lenosti 3 m \u2013 do prostoru.<\/p>\n<p><\/body><\/html>                                <\/div>\n<div class=\"ProductDetailContent\">\n<div class=\"ProductDetailContent-item\">\n<div style=\"background-color:#f9f9f9; border-left:5px solid #4caf50; border-radius:8px; box-shadow:0 4px 12px rgba(0,0,0,0.1); font-family:Arial,sans-serif; margin-bottom:20px; padding:25px 20px 20px 20px; position:relative\"><!-- Ikona info v lev\u00e9m horn\u00edm rohu --><\/p>\n<div style=\"align-items:center; background-color:#4caf50; border-radius:50%; color:#ffffff; display:flex; font-size:18px; font-weight:bold; height:30px; justify-content:center; left:-10px; position:absolute; top:-10px; width:30px\">i<\/div>\n<h3 style=\"margin-left:15px\">Rozd\u00edl mezi axi\u00e1ln\u00edm a radi\u00e1ln\u00edm ventil\u00e1torem<\/h3>\n<p><strong>Axi\u00e1ln\u00ed ventil\u00e1tory (osov\u00e9):<\/strong><\/p>\n<p>U axi\u00e1ln\u00edch ventil\u00e1tor\u016f proud\u00ed vzduch ve sm\u011bru osy ot\u00e1\u010den\u00ed ob\u011b\u017en\u00e9ho kola a pou\u017e\u00edvaj\u00ed se tam, kde je po\u017eadov\u00e1n velk\u00fd pr\u016ftok vzduchu bez vysok\u00fdch n\u00e1rok\u016f na dopravn\u00ed tlak.<\/p>\n<p><strong>Orienta\u010dn\u00ed maxim\u00e1ln\u00ed d\u00e9lky odtahu:<\/strong><\/p>\n<ul>\n<li>max. 3 m pro axi\u00e1ln\u00ed ventil\u00e1tory o pr\u016fm\u011bru 10 cm<\/li>\n<li>max. 5 m pro axi\u00e1ln\u00ed ventil\u00e1tory o pr\u016fm\u011bru 12,5 cm<\/li>\n<li>max. 8 m pro axi\u00e1ln\u00ed ventil\u00e1tory o pr\u016fm\u011bru 15 cm<\/li>\n<\/ul>\n<p><strong>Radi\u00e1ln\u00ed ventil\u00e1tory (odst\u0159ediv\u00e9):<\/strong><\/p>\n<p>U radi\u00e1ln\u00edch ventil\u00e1tor\u016f proud\u00ed vzduch kolmo na sm\u011br osy ot\u00e1\u010den\u00ed ob\u011b\u017en\u00e9ho kola a vyu\u017e\u00edvaj\u00ed se tam, kde je po\u017eadov\u00e1n vy\u0161\u0161\u00ed dopravn\u00ed tlak. Pat\u0159\u00ed sem i <strong>semiradi\u00e1ln\u00ed syst\u00e9m<\/strong>, co\u017e je p\u0159echod mezi radi\u00e1ln\u00edm a axi\u00e1ln\u00edm syst\u00e9mem. Vzduch proud\u00ed do ventil\u00e1toru v axi\u00e1ln\u00edm sm\u011bru, av\u0161ak v\u00fdtlak z ventil\u00e1toru je pod \u00fahlem men\u0161\u00edm ne\u017e 90\u00b0. <strong>V\u00fdhodou semiradi\u00e1ln\u00edho syst\u00e9mu jsou men\u0161\u00ed rozm\u011bry a vysok\u00fd tlak<\/strong>.<\/p>\n<p><strong>Orienta\u010dn\u00ed maxim\u00e1ln\u00ed d\u00e9lky odtahu:<\/strong><\/p>\n<ul>\n<li>max. 12 m pro radi\u00e1ln\u00ed ventil\u00e1tory o pr\u016fm\u011bru 10 cm<\/li>\n<li>max. 23 m pro radi\u00e1ln\u00ed ventil\u00e1tory o pr\u016fm\u011bru 12,5 cm<\/li>\n<li>max. 35 m pro radi\u00e1ln\u00ed ventil\u00e1tory o pr\u016fm\u011bru 15 cm<\/li>\n<\/ul>\n<\/div><\/div>\n<\/p><\/div>\n<\/p><\/div>\n<\/p><\/div>\n<\/p><\/div>\n","protected":false},"excerpt":{"rendered":"<p>Popis produktu Vents Tich\u00fd potrubn\u00ed ventil\u00e1tor STREAM AC Ventil\u00e1tor 100\/125 se dod\u00e1v\u00e1 s&nbsp;p\u0159echody, je kompatibiln\u00ed s potrub\u00edmi o pr\u016fm\u011bru 100, tak i 125 mm. Pr\u016fm\u011br napojen\u00ed m\u00e1 pak vliv na v\u00fdkon ventil\u00e1toru. Charakteristika: rozm\u011brov\u00e1 \u0159ada 100, 125, 150 a 160mm hlukov\u011b izolovan\u00e1 sk\u0159\u00ed\u0148 pro zaji\u0161t\u011bn\u00ed tich\u00e9ho provozu perforovan\u00e1 vnit\u0159n\u00ed \u010d\u00e1st ventil\u00e1toru pro pohlcen\u00ed hluku kryt [&hellip;]<\/p>\n","protected":false},"featured_media":33861,"comment_status":"open","ping_status":"open","template":"","meta":[],"product_brand":[],"product_cat":[80],"product_tag":[],"class_list":{"0":"post-33761","1":"product","2":"type-product","3":"status-publish","4":"has-post-thumbnail","6":"product_cat-rekuperace-vzduchu-a-vody-vetrani","8":"first","9":"instock","10":"sale","11":"shipping-taxable","12":"purchasable","13":"product-type-simple"},"yoast_head":"<!-- This site is optimized with the Yoast SEO plugin v26.8 - https:\/\/yoast.com\/product\/yoast-seo-wordpress\/ -->\n<title>Vents Tich\u00fd potrubn\u00ed ventil\u00e1tor STREAM AC Speci\u00e1ln\u00ed Cena -<\/title>\n<meta name=\"robots\" content=\"index, follow, max-snippet:-1, max-image-preview:large, max-video-preview:-1\" \/>\n<link rel=\"canonical\" href=\"https:\/\/www.koupeltech.com\/index.php\/produkt\/vents-tichy-potrubni-ventilator-stream-ac-specialni-cena-33761\/\" \/>\n<meta property=\"og:locale\" content=\"cs_CZ\" \/>\n<meta property=\"og:type\" content=\"article\" \/>\n<meta property=\"og:title\" content=\"Vents Tich\u00fd potrubn\u00ed ventil\u00e1tor STREAM AC Speci\u00e1ln\u00ed Cena -\" \/>\n<meta property=\"og:description\" content=\"Popis produktu Vents Tich\u00fd potrubn\u00ed ventil\u00e1tor STREAM AC Ventil\u00e1tor 100\/125 se dod\u00e1v\u00e1 s&nbsp;p\u0159echody, je kompatibiln\u00ed s potrub\u00edmi o pr\u016fm\u011bru 100, tak i 125 mm. Pr\u016fm\u011br napojen\u00ed m\u00e1 pak vliv na v\u00fdkon ventil\u00e1toru. Charakteristika: rozm\u011brov\u00e1 \u0159ada 100, 125, 150 a 160mm hlukov\u011b izolovan\u00e1 sk\u0159\u00ed\u0148 pro zaji\u0161t\u011bn\u00ed tich\u00e9ho provozu perforovan\u00e1 vnit\u0159n\u00ed \u010d\u00e1st ventil\u00e1toru pro pohlcen\u00ed hluku kryt [&hellip;]\" \/>\n<meta property=\"og:url\" content=\"https:\/\/www.koupeltech.com\/index.php\/produkt\/vents-tichy-potrubni-ventilator-stream-ac-specialni-cena-33761\/\" \/>\n<meta property=\"og:image\" content=\"https:\/\/www.koupeltech.com\/wp-content\/uploads\/2026\/SK0024784-CZ20260425-092632-0-1777080397-vents-tichy-potrubni-ventilator-stream-ac-1091725.webp\" \/>\n\t<meta property=\"og:image:width\" content=\"600\" \/>\n\t<meta property=\"og:image:height\" content=\"473\" \/>\n\t<meta property=\"og:image:type\" content=\"image\/webp\" \/>\n<meta name=\"twitter:card\" content=\"summary_large_image\" \/>\n<meta name=\"twitter:label1\" content=\"Odhadovan\u00e1 doba \u010dten\u00ed\" \/>\n\t<meta name=\"twitter:data1\" content=\"2 minuty\" \/>\n<script type=\"application\/ld+json\" class=\"yoast-schema-graph\">{\"@context\":\"https:\/\/schema.org\",\"@graph\":[{\"@type\":\"WebPage\",\"@id\":\"https:\/\/www.koupeltech.com\/index.php\/produkt\/vents-tichy-potrubni-ventilator-stream-ac-specialni-cena-33761\/\",\"url\":\"https:\/\/www.koupeltech.com\/index.php\/produkt\/vents-tichy-potrubni-ventilator-stream-ac-specialni-cena-33761\/\",\"name\":\"Vents Tich\u00fd potrubn\u00ed ventil\u00e1tor STREAM AC Speci\u00e1ln\u00ed Cena -\",\"isPartOf\":{\"@id\":\"https:\/\/www.koupeltech.com\/#website\"},\"primaryImageOfPage\":{\"@id\":\"https:\/\/www.koupeltech.com\/index.php\/produkt\/vents-tichy-potrubni-ventilator-stream-ac-specialni-cena-33761\/#primaryimage\"},\"image\":{\"@id\":\"https:\/\/www.koupeltech.com\/index.php\/produkt\/vents-tichy-potrubni-ventilator-stream-ac-specialni-cena-33761\/#primaryimage\"},\"thumbnailUrl\":\"https:\/\/www.koupeltech.com\/wp-content\/uploads\/2026\/SK0024784-CZ20260425-092632-0-1777080397-vents-tichy-potrubni-ventilator-stream-ac-1091725.webp\",\"datePublished\":\"2026-04-27T14:00:58+00:00\",\"breadcrumb\":{\"@id\":\"https:\/\/www.koupeltech.com\/index.php\/produkt\/vents-tichy-potrubni-ventilator-stream-ac-specialni-cena-33761\/#breadcrumb\"},\"inLanguage\":\"cs\",\"potentialAction\":[{\"@type\":\"ReadAction\",\"target\":[\"https:\/\/www.koupeltech.com\/index.php\/produkt\/vents-tichy-potrubni-ventilator-stream-ac-specialni-cena-33761\/\"]}]},{\"@type\":\"ImageObject\",\"inLanguage\":\"cs\",\"@id\":\"https:\/\/www.koupeltech.com\/index.php\/produkt\/vents-tichy-potrubni-ventilator-stream-ac-specialni-cena-33761\/#primaryimage\",\"url\":\"https:\/\/www.koupeltech.com\/wp-content\/uploads\/2026\/SK0024784-CZ20260425-092632-0-1777080397-vents-tichy-potrubni-ventilator-stream-ac-1091725.webp\",\"contentUrl\":\"https:\/\/www.koupeltech.com\/wp-content\/uploads\/2026\/SK0024784-CZ20260425-092632-0-1777080397-vents-tichy-potrubni-ventilator-stream-ac-1091725.webp\",\"width\":600,\"height\":473},{\"@type\":\"BreadcrumbList\",\"@id\":\"https:\/\/www.koupeltech.com\/index.php\/produkt\/vents-tichy-potrubni-ventilator-stream-ac-specialni-cena-33761\/#breadcrumb\",\"itemListElement\":[{\"@type\":\"ListItem\",\"position\":1,\"name\":\"Home\",\"item\":\"https:\/\/www.koupeltech.com\/\"},{\"@type\":\"ListItem\",\"position\":2,\"name\":\"Products\",\"item\":\"https:\/\/www.koupeltech.com\/index.php\/products\/\"},{\"@type\":\"ListItem\",\"position\":3,\"name\":\"Vents Tich\u00fd potrubn\u00ed ventil\u00e1tor STREAM AC Speci\u00e1ln\u00ed Cena\"}]},{\"@type\":\"WebSite\",\"@id\":\"https:\/\/www.koupeltech.com\/#website\",\"url\":\"https:\/\/www.koupeltech.com\/\",\"name\":\"\",\"description\":\"\",\"potentialAction\":[{\"@type\":\"SearchAction\",\"target\":{\"@type\":\"EntryPoint\",\"urlTemplate\":\"https:\/\/www.koupeltech.com\/?s={search_term_string}\"},\"query-input\":{\"@type\":\"PropertyValueSpecification\",\"valueRequired\":true,\"valueName\":\"search_term_string\"}}],\"inLanguage\":\"cs\"}]}<\/script>\n<!-- \/ Yoast SEO plugin. -->","yoast_head_json":{"title":"Vents Tich\u00fd potrubn\u00ed ventil\u00e1tor STREAM AC Speci\u00e1ln\u00ed Cena -","robots":{"index":"index","follow":"follow","max-snippet":"max-snippet:-1","max-image-preview":"max-image-preview:large","max-video-preview":"max-video-preview:-1"},"canonical":"https:\/\/www.koupeltech.com\/index.php\/produkt\/vents-tichy-potrubni-ventilator-stream-ac-specialni-cena-33761\/","og_locale":"cs_CZ","og_type":"article","og_title":"Vents Tich\u00fd potrubn\u00ed ventil\u00e1tor STREAM AC Speci\u00e1ln\u00ed Cena -","og_description":"Popis produktu Vents Tich\u00fd potrubn\u00ed ventil\u00e1tor STREAM AC Ventil\u00e1tor 100\/125 se dod\u00e1v\u00e1 s&nbsp;p\u0159echody, je kompatibiln\u00ed s potrub\u00edmi o pr\u016fm\u011bru 100, tak i 125 mm. Pr\u016fm\u011br napojen\u00ed m\u00e1 pak vliv na v\u00fdkon ventil\u00e1toru. Charakteristika: rozm\u011brov\u00e1 \u0159ada 100, 125, 150 a 160mm hlukov\u011b izolovan\u00e1 sk\u0159\u00ed\u0148 pro zaji\u0161t\u011bn\u00ed tich\u00e9ho provozu perforovan\u00e1 vnit\u0159n\u00ed \u010d\u00e1st ventil\u00e1toru pro pohlcen\u00ed hluku kryt [&hellip;]","og_url":"https:\/\/www.koupeltech.com\/index.php\/produkt\/vents-tichy-potrubni-ventilator-stream-ac-specialni-cena-33761\/","og_image":[{"width":600,"height":473,"url":"https:\/\/www.koupeltech.com\/wp-content\/uploads\/2026\/SK0024784-CZ20260425-092632-0-1777080397-vents-tichy-potrubni-ventilator-stream-ac-1091725.webp","type":"image\/webp"}],"twitter_card":"summary_large_image","twitter_misc":{"Odhadovan\u00e1 doba \u010dten\u00ed":"2 minuty"},"schema":{"@context":"https:\/\/schema.org","@graph":[{"@type":"WebPage","@id":"https:\/\/www.koupeltech.com\/index.php\/produkt\/vents-tichy-potrubni-ventilator-stream-ac-specialni-cena-33761\/","url":"https:\/\/www.koupeltech.com\/index.php\/produkt\/vents-tichy-potrubni-ventilator-stream-ac-specialni-cena-33761\/","name":"Vents Tich\u00fd potrubn\u00ed ventil\u00e1tor STREAM AC Speci\u00e1ln\u00ed Cena -","isPartOf":{"@id":"https:\/\/www.koupeltech.com\/#website"},"primaryImageOfPage":{"@id":"https:\/\/www.koupeltech.com\/index.php\/produkt\/vents-tichy-potrubni-ventilator-stream-ac-specialni-cena-33761\/#primaryimage"},"image":{"@id":"https:\/\/www.koupeltech.com\/index.php\/produkt\/vents-tichy-potrubni-ventilator-stream-ac-specialni-cena-33761\/#primaryimage"},"thumbnailUrl":"https:\/\/www.koupeltech.com\/wp-content\/uploads\/2026\/SK0024784-CZ20260425-092632-0-1777080397-vents-tichy-potrubni-ventilator-stream-ac-1091725.webp","datePublished":"2026-04-27T14:00:58+00:00","breadcrumb":{"@id":"https:\/\/www.koupeltech.com\/index.php\/produkt\/vents-tichy-potrubni-ventilator-stream-ac-specialni-cena-33761\/#breadcrumb"},"inLanguage":"cs","potentialAction":[{"@type":"ReadAction","target":["https:\/\/www.koupeltech.com\/index.php\/produkt\/vents-tichy-potrubni-ventilator-stream-ac-specialni-cena-33761\/"]}]},{"@type":"ImageObject","inLanguage":"cs","@id":"https:\/\/www.koupeltech.com\/index.php\/produkt\/vents-tichy-potrubni-ventilator-stream-ac-specialni-cena-33761\/#primaryimage","url":"https:\/\/www.koupeltech.com\/wp-content\/uploads\/2026\/SK0024784-CZ20260425-092632-0-1777080397-vents-tichy-potrubni-ventilator-stream-ac-1091725.webp","contentUrl":"https:\/\/www.koupeltech.com\/wp-content\/uploads\/2026\/SK0024784-CZ20260425-092632-0-1777080397-vents-tichy-potrubni-ventilator-stream-ac-1091725.webp","width":600,"height":473},{"@type":"BreadcrumbList","@id":"https:\/\/www.koupeltech.com\/index.php\/produkt\/vents-tichy-potrubni-ventilator-stream-ac-specialni-cena-33761\/#breadcrumb","itemListElement":[{"@type":"ListItem","position":1,"name":"Home","item":"https:\/\/www.koupeltech.com\/"},{"@type":"ListItem","position":2,"name":"Products","item":"https:\/\/www.koupeltech.com\/index.php\/products\/"},{"@type":"ListItem","position":3,"name":"Vents Tich\u00fd potrubn\u00ed ventil\u00e1tor STREAM AC Speci\u00e1ln\u00ed Cena"}]},{"@type":"WebSite","@id":"https:\/\/www.koupeltech.com\/#website","url":"https:\/\/www.koupeltech.com\/","name":"","description":"","potentialAction":[{"@type":"SearchAction","target":{"@type":"EntryPoint","urlTemplate":"https:\/\/www.koupeltech.com\/?s={search_term_string}"},"query-input":{"@type":"PropertyValueSpecification","valueRequired":true,"valueName":"search_term_string"}}],"inLanguage":"cs"}]}},"_links":{"self":[{"href":"https:\/\/www.koupeltech.com\/index.php\/wp-json\/wp\/v2\/product\/33761","targetHints":{"allow":["GET"]}}],"collection":[{"href":"https:\/\/www.koupeltech.com\/index.php\/wp-json\/wp\/v2\/product"}],"about":[{"href":"https:\/\/www.koupeltech.com\/index.php\/wp-json\/wp\/v2\/types\/product"}],"replies":[{"embeddable":true,"href":"https:\/\/www.koupeltech.com\/index.php\/wp-json\/wp\/v2\/comments?post=33761"}],"wp:featuredmedia":[{"embeddable":true,"href":"https:\/\/www.koupeltech.com\/index.php\/wp-json\/wp\/v2\/media\/33861"}],"wp:attachment":[{"href":"https:\/\/www.koupeltech.com\/index.php\/wp-json\/wp\/v2\/media?parent=33761"}],"wp:term":[{"taxonomy":"product_brand","embeddable":true,"href":"https:\/\/www.koupeltech.com\/index.php\/wp-json\/wp\/v2\/product_brand?post=33761"},{"taxonomy":"product_cat","embeddable":true,"href":"https:\/\/www.koupeltech.com\/index.php\/wp-json\/wp\/v2\/product_cat?post=33761"},{"taxonomy":"product_tag","embeddable":true,"href":"https:\/\/www.koupeltech.com\/index.php\/wp-json\/wp\/v2\/product_tag?post=33761"}],"curies":[{"name":"wp","href":"https:\/\/api.w.org\/{rel}","templated":true}]}}