{"id":33762,"date":"2026-04-27T14:00:58","date_gmt":"2026-04-27T14:00:58","guid":{"rendered":""},"modified":"2026-04-27T14:00:58","modified_gmt":"2026-04-27T14:00:58","slug":"nejlepsi-cena-aerauliqa-qx-koupelnovy-ventilator-100mm-33762","status":"publish","type":"product","link":"https:\/\/www.koupeltech.com\/index.php\/produkt\/nejlepsi-cena-aerauliqa-qx-koupelnovy-ventilator-100mm-33762\/","title":{"rendered":"Nejlep\u0161\u00ed Cena Aerauliqa QX Koupelnov\u00fd ventil\u00e1tor 100mm"},"content":{"rendered":"<div class=\"ProductDetail-content NoFixImageContainer\" id=\"productDescription\">\n<div class=\"Heading\">\n<h2 class=\"Heading-title\">Popis produktu <span class=''>Aerauliqa QX Koupelnov\u00fd ventil\u00e1tor 100mm<\/span><\/h2>\n<\/p><\/div>\n<div class=\"ProductDetailContent\">\n<div class=\"cPerex__desc\">\n<ul>\n<li>pro potrubn\u00ed rozvody relativn\u011b v\u011bt\u0161\u00edch d\u00e9lek<\/li>\n<li>hladk\u00fd p\u0159edn\u00ed \u0161t\u00edt<\/li>\n<li>pr\u016fm\u011br napojen\u00ed 100mm<\/li>\n<li>mont\u00e1\u017en\u00ed konzole na st\u011bnu sou\u010d\u00e1st\u00ed balen\u00ed<\/li>\n<li>voliteln\u011b mont\u00e1\u017en\u00ed konzole do s\u00e1drokartonu<\/li>\n<\/ul>\n<h3>Technick\u00e9 parametry<\/h3>\n<ul>\n<li>Objemov\u00fd pr\u016ftok [m\u00b3\/h]: 104 \/ 62<\/li>\n<li>P\u0159\u00edkon [W]: 28 \/ 17<\/li>\n<li>Hluk [dB(A)]: 38 \/ 27<\/li>\n<li>P\u0159ipojen\u00ed na potrub\u00ed&nbsp;[mm]: 100<\/li>\n<li>Hmotnost [kg]: 1,87<\/li>\n<\/ul>\n<h3>Proveden\u00ed<\/h3>\n<ul>\n<li><strong>QX100<\/strong>&nbsp;&#8211; Z\u00e1kladn\u00ed proveden\u00ed se zp\u011btnou klapkou, kuli\u010dkov\u00fdmi lo\u017eisky, sp\u00edn\u00e1n\u00edm na vyp\u00edna\u010d a filtrem pro zachycen\u00ed ne\u010distot.<\/li>\n<li><strong>QX100T<\/strong>&nbsp;&#8211; Proveden\u00ed se zp\u011btnou klapkou, kuli\u010dkov\u00fdmi lo\u017eisky, sp\u00edn\u00e1n\u00edm na vyp\u00edna\u010d s \u010dasov\u00fdm dob\u011bhem (nastaviteln\u00e1 doba 1\u201325 minut) a filtrem pro zachycen\u00ed ne\u010distot.<\/li>\n<li><strong>QX100HT<\/strong>&nbsp;&#8211; Proveden\u00ed se zp\u011btnou klapkou, kuli\u010dkov\u00fdmi lo\u017eisky, sp\u00edn\u00e1n\u00edm na vyp\u00edna\u010d s \u010dasov\u00fdm dob\u011bhem (nastaviteln\u00e1 doba 1\u201325 minut), nastaviteln\u00fdm hygrostatem (50\u201395 %) a filtrem pro zachycen\u00ed ne\u010distot.<\/li>\n<\/ul>\n<\/div><\/div>\n<div class=\"ProductDetailContent\">\n<div class=\"ProductDetailContent-item\">\n<div style=\"background-color:#f9f9f9; border-left:5px solid #4caf50; border-radius:8px; box-shadow:0 4px 12px rgba(0,0,0,0.1); font-family:Arial,sans-serif; margin-bottom:20px; padding:25px 20px 20px 20px; position:relative\"><!-- Ikona info v lev\u00e9m horn\u00edm rohu --><\/p>\n<div style=\"align-items:center; background-color:#4caf50; border-radius:50%; color:#ffffff; display:flex; font-size:18px; font-weight:bold; height:30px; justify-content:center; left:-10px; position:absolute; top:-10px; width:30px\">i<\/div>\n<h3 style=\"margin-left:15px\">Rozd\u00edl mezi axi\u00e1ln\u00edm a radi\u00e1ln\u00edm ventil\u00e1torem<\/h3>\n<p><strong>Axi\u00e1ln\u00ed ventil\u00e1tory (osov\u00e9):<\/strong><\/p>\n<p>U axi\u00e1ln\u00edch ventil\u00e1tor\u016f proud\u00ed vzduch ve sm\u011bru osy ot\u00e1\u010den\u00ed ob\u011b\u017en\u00e9ho kola a pou\u017e\u00edvaj\u00ed se tam, kde je po\u017eadov\u00e1n velk\u00fd pr\u016ftok vzduchu bez vysok\u00fdch n\u00e1rok\u016f na dopravn\u00ed tlak.<\/p>\n<p><strong>Orienta\u010dn\u00ed maxim\u00e1ln\u00ed d\u00e9lky odtahu:<\/strong><\/p>\n<ul>\n<li>max. 3 m pro axi\u00e1ln\u00ed ventil\u00e1tory o pr\u016fm\u011bru 10 cm<\/li>\n<li>max. 5 m pro axi\u00e1ln\u00ed ventil\u00e1tory o pr\u016fm\u011bru 12,5 cm<\/li>\n<li>max. 8 m pro axi\u00e1ln\u00ed ventil\u00e1tory o pr\u016fm\u011bru 15 cm<\/li>\n<\/ul>\n<p><strong>Radi\u00e1ln\u00ed ventil\u00e1tory (odst\u0159ediv\u00e9):<\/strong><\/p>\n<p>U radi\u00e1ln\u00edch ventil\u00e1tor\u016f proud\u00ed vzduch kolmo na sm\u011br osy ot\u00e1\u010den\u00ed ob\u011b\u017en\u00e9ho kola a vyu\u017e\u00edvaj\u00ed se tam, kde je po\u017eadov\u00e1n vy\u0161\u0161\u00ed dopravn\u00ed tlak. Pat\u0159\u00ed sem i <strong>semiradi\u00e1ln\u00ed syst\u00e9m<\/strong>, co\u017e je p\u0159echod mezi radi\u00e1ln\u00edm a axi\u00e1ln\u00edm syst\u00e9mem. Vzduch proud\u00ed do ventil\u00e1toru v axi\u00e1ln\u00edm sm\u011bru, av\u0161ak v\u00fdtlak z ventil\u00e1toru je pod \u00fahlem men\u0161\u00edm ne\u017e 90\u00b0. <strong>V\u00fdhodou semiradi\u00e1ln\u00edho syst\u00e9mu jsou men\u0161\u00ed rozm\u011bry a vysok\u00fd tlak<\/strong>.<\/p>\n<p><strong>Orienta\u010dn\u00ed maxim\u00e1ln\u00ed d\u00e9lky odtahu:<\/strong><\/p>\n<ul>\n<li>max. 12 m pro radi\u00e1ln\u00ed ventil\u00e1tory o pr\u016fm\u011bru 10 cm<\/li>\n<li>max. 23 m pro radi\u00e1ln\u00ed ventil\u00e1tory o pr\u016fm\u011bru 12,5 cm<\/li>\n<li>max. 35 m pro radi\u00e1ln\u00ed ventil\u00e1tory o pr\u016fm\u011bru 15 cm<\/li>\n<\/ul>\n<\/div><\/div>\n<\/p><\/div>\n<\/p><\/div>\n<\/p><\/div>\n<\/p><\/div>\n","protected":false},"excerpt":{"rendered":"<p>Popis produktu Aerauliqa QX Koupelnov\u00fd ventil\u00e1tor 100mm pro potrubn\u00ed rozvody relativn\u011b v\u011bt\u0161\u00edch d\u00e9lek hladk\u00fd p\u0159edn\u00ed \u0161t\u00edt pr\u016fm\u011br napojen\u00ed 100mm mont\u00e1\u017en\u00ed konzole na st\u011bnu sou\u010d\u00e1st\u00ed balen\u00ed voliteln\u011b mont\u00e1\u017en\u00ed konzole do s\u00e1drokartonu Technick\u00e9 parametry Objemov\u00fd pr\u016ftok [m\u00b3\/h]: 104 \/ 62 P\u0159\u00edkon [W]: 28 \/ 17 Hluk [dB(A)]: 38 \/ 27 P\u0159ipojen\u00ed na potrub\u00ed&nbsp;[mm]: 100 Hmotnost [kg]: 1,87 [&hellip;]<\/p>\n","protected":false},"featured_media":33862,"comment_status":"open","ping_status":"open","template":"","meta":[],"product_brand":[],"product_cat":[80],"product_tag":[],"class_list":{"0":"post-33762","1":"product","2":"type-product","3":"status-publish","4":"has-post-thumbnail","6":"product_cat-rekuperace-vzduchu-a-vody-vetrani","8":"first","9":"instock","10":"sale","11":"shipping-taxable","12":"purchasable","13":"product-type-simple"},"yoast_head":"<!-- This site is optimized with the Yoast SEO plugin v26.8 - https:\/\/yoast.com\/product\/yoast-seo-wordpress\/ -->\n<title>Nejlep\u0161\u00ed Cena Aerauliqa QX Koupelnov\u00fd ventil\u00e1tor 100mm -<\/title>\n<meta name=\"robots\" content=\"index, follow, max-snippet:-1, max-image-preview:large, max-video-preview:-1\" \/>\n<link rel=\"canonical\" href=\"https:\/\/www.koupeltech.com\/index.php\/produkt\/nejlepsi-cena-aerauliqa-qx-koupelnovy-ventilator-100mm-33762\/\" \/>\n<meta property=\"og:locale\" content=\"cs_CZ\" \/>\n<meta property=\"og:type\" content=\"article\" \/>\n<meta property=\"og:title\" content=\"Nejlep\u0161\u00ed Cena Aerauliqa QX Koupelnov\u00fd ventil\u00e1tor 100mm -\" \/>\n<meta property=\"og:description\" content=\"Popis produktu Aerauliqa QX Koupelnov\u00fd ventil\u00e1tor 100mm pro potrubn\u00ed rozvody relativn\u011b v\u011bt\u0161\u00edch d\u00e9lek hladk\u00fd p\u0159edn\u00ed \u0161t\u00edt pr\u016fm\u011br napojen\u00ed 100mm mont\u00e1\u017en\u00ed konzole na st\u011bnu sou\u010d\u00e1st\u00ed balen\u00ed voliteln\u011b mont\u00e1\u017en\u00ed konzole do s\u00e1drokartonu Technick\u00e9 parametry Objemov\u00fd pr\u016ftok [m\u00b3\/h]: 104 \/ 62 P\u0159\u00edkon [W]: 28 \/ 17 Hluk [dB(A)]: 38 \/ 27 P\u0159ipojen\u00ed na potrub\u00ed&nbsp;[mm]: 100 Hmotnost [kg]: 1,87 [&hellip;]\" \/>\n<meta property=\"og:url\" content=\"https:\/\/www.koupeltech.com\/index.php\/produkt\/nejlepsi-cena-aerauliqa-qx-koupelnovy-ventilator-100mm-33762\/\" \/>\n<meta property=\"og:image\" content=\"https:\/\/www.koupeltech.com\/wp-content\/uploads\/2026\/SK0024785-CZ20260425-092632-0-1777080397-aerauliqa-qx-koupelnovy-ventilator-100mm-1091726.webp\" \/>\n\t<meta property=\"og:image:width\" content=\"600\" \/>\n\t<meta property=\"og:image:height\" content=\"600\" \/>\n\t<meta property=\"og:image:type\" content=\"image\/webp\" \/>\n<meta name=\"twitter:card\" content=\"summary_large_image\" \/>\n<meta name=\"twitter:label1\" content=\"Odhadovan\u00e1 doba \u010dten\u00ed\" \/>\n\t<meta name=\"twitter:data1\" content=\"2 minuty\" \/>\n<script type=\"application\/ld+json\" class=\"yoast-schema-graph\">{\"@context\":\"https:\/\/schema.org\",\"@graph\":[{\"@type\":\"WebPage\",\"@id\":\"https:\/\/www.koupeltech.com\/index.php\/produkt\/nejlepsi-cena-aerauliqa-qx-koupelnovy-ventilator-100mm-33762\/\",\"url\":\"https:\/\/www.koupeltech.com\/index.php\/produkt\/nejlepsi-cena-aerauliqa-qx-koupelnovy-ventilator-100mm-33762\/\",\"name\":\"Nejlep\u0161\u00ed Cena Aerauliqa QX Koupelnov\u00fd ventil\u00e1tor 100mm -\",\"isPartOf\":{\"@id\":\"https:\/\/www.koupeltech.com\/#website\"},\"primaryImageOfPage\":{\"@id\":\"https:\/\/www.koupeltech.com\/index.php\/produkt\/nejlepsi-cena-aerauliqa-qx-koupelnovy-ventilator-100mm-33762\/#primaryimage\"},\"image\":{\"@id\":\"https:\/\/www.koupeltech.com\/index.php\/produkt\/nejlepsi-cena-aerauliqa-qx-koupelnovy-ventilator-100mm-33762\/#primaryimage\"},\"thumbnailUrl\":\"https:\/\/www.koupeltech.com\/wp-content\/uploads\/2026\/SK0024785-CZ20260425-092632-0-1777080397-aerauliqa-qx-koupelnovy-ventilator-100mm-1091726.webp\",\"datePublished\":\"2026-04-27T14:00:58+00:00\",\"breadcrumb\":{\"@id\":\"https:\/\/www.koupeltech.com\/index.php\/produkt\/nejlepsi-cena-aerauliqa-qx-koupelnovy-ventilator-100mm-33762\/#breadcrumb\"},\"inLanguage\":\"cs\",\"potentialAction\":[{\"@type\":\"ReadAction\",\"target\":[\"https:\/\/www.koupeltech.com\/index.php\/produkt\/nejlepsi-cena-aerauliqa-qx-koupelnovy-ventilator-100mm-33762\/\"]}]},{\"@type\":\"ImageObject\",\"inLanguage\":\"cs\",\"@id\":\"https:\/\/www.koupeltech.com\/index.php\/produkt\/nejlepsi-cena-aerauliqa-qx-koupelnovy-ventilator-100mm-33762\/#primaryimage\",\"url\":\"https:\/\/www.koupeltech.com\/wp-content\/uploads\/2026\/SK0024785-CZ20260425-092632-0-1777080397-aerauliqa-qx-koupelnovy-ventilator-100mm-1091726.webp\",\"contentUrl\":\"https:\/\/www.koupeltech.com\/wp-content\/uploads\/2026\/SK0024785-CZ20260425-092632-0-1777080397-aerauliqa-qx-koupelnovy-ventilator-100mm-1091726.webp\",\"width\":600,\"height\":600},{\"@type\":\"BreadcrumbList\",\"@id\":\"https:\/\/www.koupeltech.com\/index.php\/produkt\/nejlepsi-cena-aerauliqa-qx-koupelnovy-ventilator-100mm-33762\/#breadcrumb\",\"itemListElement\":[{\"@type\":\"ListItem\",\"position\":1,\"name\":\"Home\",\"item\":\"https:\/\/www.koupeltech.com\/\"},{\"@type\":\"ListItem\",\"position\":2,\"name\":\"Products\",\"item\":\"https:\/\/www.koupeltech.com\/index.php\/products\/\"},{\"@type\":\"ListItem\",\"position\":3,\"name\":\"Nejlep\u0161\u00ed Cena Aerauliqa QX Koupelnov\u00fd ventil\u00e1tor 100mm\"}]},{\"@type\":\"WebSite\",\"@id\":\"https:\/\/www.koupeltech.com\/#website\",\"url\":\"https:\/\/www.koupeltech.com\/\",\"name\":\"\",\"description\":\"\",\"potentialAction\":[{\"@type\":\"SearchAction\",\"target\":{\"@type\":\"EntryPoint\",\"urlTemplate\":\"https:\/\/www.koupeltech.com\/?s={search_term_string}\"},\"query-input\":{\"@type\":\"PropertyValueSpecification\",\"valueRequired\":true,\"valueName\":\"search_term_string\"}}],\"inLanguage\":\"cs\"}]}<\/script>\n<!-- \/ Yoast SEO plugin. -->","yoast_head_json":{"title":"Nejlep\u0161\u00ed Cena Aerauliqa QX Koupelnov\u00fd ventil\u00e1tor 100mm -","robots":{"index":"index","follow":"follow","max-snippet":"max-snippet:-1","max-image-preview":"max-image-preview:large","max-video-preview":"max-video-preview:-1"},"canonical":"https:\/\/www.koupeltech.com\/index.php\/produkt\/nejlepsi-cena-aerauliqa-qx-koupelnovy-ventilator-100mm-33762\/","og_locale":"cs_CZ","og_type":"article","og_title":"Nejlep\u0161\u00ed Cena Aerauliqa QX Koupelnov\u00fd ventil\u00e1tor 100mm -","og_description":"Popis produktu Aerauliqa QX Koupelnov\u00fd ventil\u00e1tor 100mm pro potrubn\u00ed rozvody relativn\u011b v\u011bt\u0161\u00edch d\u00e9lek hladk\u00fd p\u0159edn\u00ed \u0161t\u00edt pr\u016fm\u011br napojen\u00ed 100mm mont\u00e1\u017en\u00ed konzole na st\u011bnu sou\u010d\u00e1st\u00ed balen\u00ed voliteln\u011b mont\u00e1\u017en\u00ed konzole do s\u00e1drokartonu Technick\u00e9 parametry Objemov\u00fd pr\u016ftok [m\u00b3\/h]: 104 \/ 62 P\u0159\u00edkon [W]: 28 \/ 17 Hluk [dB(A)]: 38 \/ 27 P\u0159ipojen\u00ed na potrub\u00ed&nbsp;[mm]: 100 Hmotnost [kg]: 1,87 [&hellip;]","og_url":"https:\/\/www.koupeltech.com\/index.php\/produkt\/nejlepsi-cena-aerauliqa-qx-koupelnovy-ventilator-100mm-33762\/","og_image":[{"width":600,"height":600,"url":"https:\/\/www.koupeltech.com\/wp-content\/uploads\/2026\/SK0024785-CZ20260425-092632-0-1777080397-aerauliqa-qx-koupelnovy-ventilator-100mm-1091726.webp","type":"image\/webp"}],"twitter_card":"summary_large_image","twitter_misc":{"Odhadovan\u00e1 doba \u010dten\u00ed":"2 minuty"},"schema":{"@context":"https:\/\/schema.org","@graph":[{"@type":"WebPage","@id":"https:\/\/www.koupeltech.com\/index.php\/produkt\/nejlepsi-cena-aerauliqa-qx-koupelnovy-ventilator-100mm-33762\/","url":"https:\/\/www.koupeltech.com\/index.php\/produkt\/nejlepsi-cena-aerauliqa-qx-koupelnovy-ventilator-100mm-33762\/","name":"Nejlep\u0161\u00ed Cena Aerauliqa QX Koupelnov\u00fd ventil\u00e1tor 100mm -","isPartOf":{"@id":"https:\/\/www.koupeltech.com\/#website"},"primaryImageOfPage":{"@id":"https:\/\/www.koupeltech.com\/index.php\/produkt\/nejlepsi-cena-aerauliqa-qx-koupelnovy-ventilator-100mm-33762\/#primaryimage"},"image":{"@id":"https:\/\/www.koupeltech.com\/index.php\/produkt\/nejlepsi-cena-aerauliqa-qx-koupelnovy-ventilator-100mm-33762\/#primaryimage"},"thumbnailUrl":"https:\/\/www.koupeltech.com\/wp-content\/uploads\/2026\/SK0024785-CZ20260425-092632-0-1777080397-aerauliqa-qx-koupelnovy-ventilator-100mm-1091726.webp","datePublished":"2026-04-27T14:00:58+00:00","breadcrumb":{"@id":"https:\/\/www.koupeltech.com\/index.php\/produkt\/nejlepsi-cena-aerauliqa-qx-koupelnovy-ventilator-100mm-33762\/#breadcrumb"},"inLanguage":"cs","potentialAction":[{"@type":"ReadAction","target":["https:\/\/www.koupeltech.com\/index.php\/produkt\/nejlepsi-cena-aerauliqa-qx-koupelnovy-ventilator-100mm-33762\/"]}]},{"@type":"ImageObject","inLanguage":"cs","@id":"https:\/\/www.koupeltech.com\/index.php\/produkt\/nejlepsi-cena-aerauliqa-qx-koupelnovy-ventilator-100mm-33762\/#primaryimage","url":"https:\/\/www.koupeltech.com\/wp-content\/uploads\/2026\/SK0024785-CZ20260425-092632-0-1777080397-aerauliqa-qx-koupelnovy-ventilator-100mm-1091726.webp","contentUrl":"https:\/\/www.koupeltech.com\/wp-content\/uploads\/2026\/SK0024785-CZ20260425-092632-0-1777080397-aerauliqa-qx-koupelnovy-ventilator-100mm-1091726.webp","width":600,"height":600},{"@type":"BreadcrumbList","@id":"https:\/\/www.koupeltech.com\/index.php\/produkt\/nejlepsi-cena-aerauliqa-qx-koupelnovy-ventilator-100mm-33762\/#breadcrumb","itemListElement":[{"@type":"ListItem","position":1,"name":"Home","item":"https:\/\/www.koupeltech.com\/"},{"@type":"ListItem","position":2,"name":"Products","item":"https:\/\/www.koupeltech.com\/index.php\/products\/"},{"@type":"ListItem","position":3,"name":"Nejlep\u0161\u00ed Cena Aerauliqa QX Koupelnov\u00fd ventil\u00e1tor 100mm"}]},{"@type":"WebSite","@id":"https:\/\/www.koupeltech.com\/#website","url":"https:\/\/www.koupeltech.com\/","name":"","description":"","potentialAction":[{"@type":"SearchAction","target":{"@type":"EntryPoint","urlTemplate":"https:\/\/www.koupeltech.com\/?s={search_term_string}"},"query-input":{"@type":"PropertyValueSpecification","valueRequired":true,"valueName":"search_term_string"}}],"inLanguage":"cs"}]}},"_links":{"self":[{"href":"https:\/\/www.koupeltech.com\/index.php\/wp-json\/wp\/v2\/product\/33762","targetHints":{"allow":["GET"]}}],"collection":[{"href":"https:\/\/www.koupeltech.com\/index.php\/wp-json\/wp\/v2\/product"}],"about":[{"href":"https:\/\/www.koupeltech.com\/index.php\/wp-json\/wp\/v2\/types\/product"}],"replies":[{"embeddable":true,"href":"https:\/\/www.koupeltech.com\/index.php\/wp-json\/wp\/v2\/comments?post=33762"}],"wp:featuredmedia":[{"embeddable":true,"href":"https:\/\/www.koupeltech.com\/index.php\/wp-json\/wp\/v2\/media\/33862"}],"wp:attachment":[{"href":"https:\/\/www.koupeltech.com\/index.php\/wp-json\/wp\/v2\/media?parent=33762"}],"wp:term":[{"taxonomy":"product_brand","embeddable":true,"href":"https:\/\/www.koupeltech.com\/index.php\/wp-json\/wp\/v2\/product_brand?post=33762"},{"taxonomy":"product_cat","embeddable":true,"href":"https:\/\/www.koupeltech.com\/index.php\/wp-json\/wp\/v2\/product_cat?post=33762"},{"taxonomy":"product_tag","embeddable":true,"href":"https:\/\/www.koupeltech.com\/index.php\/wp-json\/wp\/v2\/product_tag?post=33762"}],"curies":[{"name":"wp","href":"https:\/\/api.w.org\/{rel}","templated":true}]}}