{"id":33763,"date":"2026-04-27T14:00:58","date_gmt":"2026-04-27T14:00:58","guid":{"rendered":""},"modified":"2026-04-27T14:00:58","modified_gmt":"2026-04-27T14:00:58","slug":"sleva-multivac-krbovy-ventilator-chamono-33763","status":"publish","type":"product","link":"https:\/\/www.koupeltech.com\/index.php\/produkt\/sleva-multivac-krbovy-ventilator-chamono-33763\/","title":{"rendered":"Sleva Multivac Krbov\u00fd ventil\u00e1tor CHAMONO"},"content":{"rendered":"<div class=\"ProductDetail-content NoFixImageContainer\" id=\"productDescription\">\n<div class=\"Heading\">\n<h2 class=\"Heading-title\">Popis produktu <span class=''>Multivac Krbov\u00fd ventil\u00e1tor CHAMONO<\/span><\/h2>\n<\/p><\/div>\n<div class=\"ProductDetailContent\">\n<p>Ventil\u00e1tor CHAMONO je ur\u010den pro kom\u00edn s uzav\u0159en\u00fdm topeni\u0161t\u011bm, kde teplota v krbov\u00e9 vlo\u017ece nep\u0159ekra\u010duje +120 \u00b0C. Za\u0159\u00edzen\u00ed nenahrazuje m\u0159\u00ed\u017eku pro v\u00fdstup hork\u00e9ho vzduchu z krbov\u00e9 vlo\u017eky, jeho plochu pro pr\u016fchod vzduchu nelze zahrnout do rozm\u011br\u016f uva\u017eovan\u00fdch pro konvek\u010dn\u00ed syst\u00e9m topeni\u0161t\u011b.<\/p>\n<ul>\n<li>Proveden\u00ed b\u00edl\u00e1 \u010deln\u00ed m\u0159\u00ed\u017eka, nebo m\u0159\u00ed\u017eka v barv\u011b kov\u00e1\u0159sk\u00e1 \u010der\u0148<\/li>\n<li>Vysok\u00fd v\u00fdkon<\/li>\n<li>Mal\u00e1 spot\u0159eba<\/li>\n<li>N\u00edzk\u00e1 hladina akustick\u00e9ho v\u00fdkonu<\/li>\n<li>Snadn\u00e1 mont\u00e1\u017e<\/li>\n<li>Elektrick\u00e9 veden\u00ed odol\u00e1vaj\u00edc\u00ed vysok\u00fdm teplot\u00e1m (sou\u010d\u00e1st\u00ed dod\u00e1vky je 2 m kabel)<\/li>\n<li>Automatick\u00e9 sp\u00edn\u00e1n\u00ed \u2013 ventil\u00e1tor se rozb\u011bhne automaticky p\u0159i +40 \u00b0C a vypne p\u0159i +30 \u00b0C<\/li>\n<\/ul>\n<h3>Technick\u00e9 parametry<\/h3>\n<ul>\n<li>Nap\u00e1jen\u00ed [V\/Hz]: 230 \/ 50<\/li>\n<li>P\u0159\u00edkon [W]: 9<\/li>\n<li>Objemov\u00fd pr\u016ftok [m\u00b3\/h]: 75<\/li>\n<li>Hluk [dB(A)]: 34<\/li>\n<li>Max. teplota [\u00b0C]: 120<\/li>\n<li>Hmotnost [kg]: 0,9<\/li>\n<\/ul><\/div>\n<div class=\"ProductDetailContent\">                                                                    <\/div>\n<\/p><\/div>\n<\/p><\/div>\n<\/p><\/div>\n","protected":false},"excerpt":{"rendered":"<p>Popis produktu Multivac Krbov\u00fd ventil\u00e1tor CHAMONO Ventil\u00e1tor CHAMONO je ur\u010den pro kom\u00edn s uzav\u0159en\u00fdm topeni\u0161t\u011bm, kde teplota v krbov\u00e9 vlo\u017ece nep\u0159ekra\u010duje +120 \u00b0C. Za\u0159\u00edzen\u00ed nenahrazuje m\u0159\u00ed\u017eku pro v\u00fdstup hork\u00e9ho vzduchu z krbov\u00e9 vlo\u017eky, jeho plochu pro pr\u016fchod vzduchu nelze zahrnout do rozm\u011br\u016f uva\u017eovan\u00fdch pro konvek\u010dn\u00ed syst\u00e9m topeni\u0161t\u011b. Proveden\u00ed b\u00edl\u00e1 \u010deln\u00ed m\u0159\u00ed\u017eka, nebo m\u0159\u00ed\u017eka v barv\u011b [&hellip;]<\/p>\n","protected":false},"featured_media":33863,"comment_status":"open","ping_status":"open","template":"","meta":[],"product_brand":[],"product_cat":[80],"product_tag":[],"class_list":{"0":"post-33763","1":"product","2":"type-product","3":"status-publish","4":"has-post-thumbnail","6":"product_cat-rekuperace-vzduchu-a-vody-vetrani","8":"first","9":"instock","10":"sale","11":"shipping-taxable","12":"purchasable","13":"product-type-simple"},"yoast_head":"<!-- This site is optimized with the Yoast SEO plugin v26.8 - https:\/\/yoast.com\/product\/yoast-seo-wordpress\/ -->\n<title>Sleva Multivac Krbov\u00fd ventil\u00e1tor CHAMONO -<\/title>\n<meta name=\"robots\" content=\"index, follow, max-snippet:-1, max-image-preview:large, max-video-preview:-1\" \/>\n<link rel=\"canonical\" href=\"https:\/\/www.koupeltech.com\/index.php\/produkt\/sleva-multivac-krbovy-ventilator-chamono-33763\/\" \/>\n<meta property=\"og:locale\" content=\"cs_CZ\" \/>\n<meta property=\"og:type\" content=\"article\" \/>\n<meta property=\"og:title\" content=\"Sleva Multivac Krbov\u00fd ventil\u00e1tor CHAMONO -\" \/>\n<meta property=\"og:description\" content=\"Popis produktu Multivac Krbov\u00fd ventil\u00e1tor CHAMONO Ventil\u00e1tor CHAMONO je ur\u010den pro kom\u00edn s uzav\u0159en\u00fdm topeni\u0161t\u011bm, kde teplota v krbov\u00e9 vlo\u017ece nep\u0159ekra\u010duje +120 \u00b0C. Za\u0159\u00edzen\u00ed nenahrazuje m\u0159\u00ed\u017eku pro v\u00fdstup hork\u00e9ho vzduchu z krbov\u00e9 vlo\u017eky, jeho plochu pro pr\u016fchod vzduchu nelze zahrnout do rozm\u011br\u016f uva\u017eovan\u00fdch pro konvek\u010dn\u00ed syst\u00e9m topeni\u0161t\u011b. Proveden\u00ed b\u00edl\u00e1 \u010deln\u00ed m\u0159\u00ed\u017eka, nebo m\u0159\u00ed\u017eka v barv\u011b [&hellip;]\" \/>\n<meta property=\"og:url\" content=\"https:\/\/www.koupeltech.com\/index.php\/produkt\/sleva-multivac-krbovy-ventilator-chamono-33763\/\" \/>\n<meta property=\"og:image\" content=\"https:\/\/www.koupeltech.com\/wp-content\/uploads\/2026\/SK0024786-CZ20260425-092632-0-1777080397-multivac-krbovy-ventilator-chamono-1091727.webp\" \/>\n\t<meta property=\"og:image:width\" content=\"600\" \/>\n\t<meta property=\"og:image:height\" content=\"600\" \/>\n\t<meta property=\"og:image:type\" content=\"image\/webp\" \/>\n<meta name=\"twitter:card\" content=\"summary_large_image\" \/>\n<meta name=\"twitter:label1\" content=\"Odhadovan\u00e1 doba \u010dten\u00ed\" \/>\n\t<meta name=\"twitter:data1\" content=\"1 minuta\" \/>\n<script type=\"application\/ld+json\" class=\"yoast-schema-graph\">{\"@context\":\"https:\/\/schema.org\",\"@graph\":[{\"@type\":\"WebPage\",\"@id\":\"https:\/\/www.koupeltech.com\/index.php\/produkt\/sleva-multivac-krbovy-ventilator-chamono-33763\/\",\"url\":\"https:\/\/www.koupeltech.com\/index.php\/produkt\/sleva-multivac-krbovy-ventilator-chamono-33763\/\",\"name\":\"Sleva Multivac Krbov\u00fd ventil\u00e1tor CHAMONO -\",\"isPartOf\":{\"@id\":\"https:\/\/www.koupeltech.com\/#website\"},\"primaryImageOfPage\":{\"@id\":\"https:\/\/www.koupeltech.com\/index.php\/produkt\/sleva-multivac-krbovy-ventilator-chamono-33763\/#primaryimage\"},\"image\":{\"@id\":\"https:\/\/www.koupeltech.com\/index.php\/produkt\/sleva-multivac-krbovy-ventilator-chamono-33763\/#primaryimage\"},\"thumbnailUrl\":\"https:\/\/www.koupeltech.com\/wp-content\/uploads\/2026\/SK0024786-CZ20260425-092632-0-1777080397-multivac-krbovy-ventilator-chamono-1091727.webp\",\"datePublished\":\"2026-04-27T14:00:58+00:00\",\"breadcrumb\":{\"@id\":\"https:\/\/www.koupeltech.com\/index.php\/produkt\/sleva-multivac-krbovy-ventilator-chamono-33763\/#breadcrumb\"},\"inLanguage\":\"cs\",\"potentialAction\":[{\"@type\":\"ReadAction\",\"target\":[\"https:\/\/www.koupeltech.com\/index.php\/produkt\/sleva-multivac-krbovy-ventilator-chamono-33763\/\"]}]},{\"@type\":\"ImageObject\",\"inLanguage\":\"cs\",\"@id\":\"https:\/\/www.koupeltech.com\/index.php\/produkt\/sleva-multivac-krbovy-ventilator-chamono-33763\/#primaryimage\",\"url\":\"https:\/\/www.koupeltech.com\/wp-content\/uploads\/2026\/SK0024786-CZ20260425-092632-0-1777080397-multivac-krbovy-ventilator-chamono-1091727.webp\",\"contentUrl\":\"https:\/\/www.koupeltech.com\/wp-content\/uploads\/2026\/SK0024786-CZ20260425-092632-0-1777080397-multivac-krbovy-ventilator-chamono-1091727.webp\",\"width\":600,\"height\":600},{\"@type\":\"BreadcrumbList\",\"@id\":\"https:\/\/www.koupeltech.com\/index.php\/produkt\/sleva-multivac-krbovy-ventilator-chamono-33763\/#breadcrumb\",\"itemListElement\":[{\"@type\":\"ListItem\",\"position\":1,\"name\":\"Home\",\"item\":\"https:\/\/www.koupeltech.com\/\"},{\"@type\":\"ListItem\",\"position\":2,\"name\":\"Products\",\"item\":\"https:\/\/www.koupeltech.com\/index.php\/products\/\"},{\"@type\":\"ListItem\",\"position\":3,\"name\":\"Sleva Multivac Krbov\u00fd ventil\u00e1tor CHAMONO\"}]},{\"@type\":\"WebSite\",\"@id\":\"https:\/\/www.koupeltech.com\/#website\",\"url\":\"https:\/\/www.koupeltech.com\/\",\"name\":\"\",\"description\":\"\",\"potentialAction\":[{\"@type\":\"SearchAction\",\"target\":{\"@type\":\"EntryPoint\",\"urlTemplate\":\"https:\/\/www.koupeltech.com\/?s={search_term_string}\"},\"query-input\":{\"@type\":\"PropertyValueSpecification\",\"valueRequired\":true,\"valueName\":\"search_term_string\"}}],\"inLanguage\":\"cs\"}]}<\/script>\n<!-- \/ Yoast SEO plugin. -->","yoast_head_json":{"title":"Sleva Multivac Krbov\u00fd ventil\u00e1tor CHAMONO -","robots":{"index":"index","follow":"follow","max-snippet":"max-snippet:-1","max-image-preview":"max-image-preview:large","max-video-preview":"max-video-preview:-1"},"canonical":"https:\/\/www.koupeltech.com\/index.php\/produkt\/sleva-multivac-krbovy-ventilator-chamono-33763\/","og_locale":"cs_CZ","og_type":"article","og_title":"Sleva Multivac Krbov\u00fd ventil\u00e1tor CHAMONO -","og_description":"Popis produktu Multivac Krbov\u00fd ventil\u00e1tor CHAMONO Ventil\u00e1tor CHAMONO je ur\u010den pro kom\u00edn s uzav\u0159en\u00fdm topeni\u0161t\u011bm, kde teplota v krbov\u00e9 vlo\u017ece nep\u0159ekra\u010duje +120 \u00b0C. Za\u0159\u00edzen\u00ed nenahrazuje m\u0159\u00ed\u017eku pro v\u00fdstup hork\u00e9ho vzduchu z krbov\u00e9 vlo\u017eky, jeho plochu pro pr\u016fchod vzduchu nelze zahrnout do rozm\u011br\u016f uva\u017eovan\u00fdch pro konvek\u010dn\u00ed syst\u00e9m topeni\u0161t\u011b. Proveden\u00ed b\u00edl\u00e1 \u010deln\u00ed m\u0159\u00ed\u017eka, nebo m\u0159\u00ed\u017eka v barv\u011b [&hellip;]","og_url":"https:\/\/www.koupeltech.com\/index.php\/produkt\/sleva-multivac-krbovy-ventilator-chamono-33763\/","og_image":[{"width":600,"height":600,"url":"https:\/\/www.koupeltech.com\/wp-content\/uploads\/2026\/SK0024786-CZ20260425-092632-0-1777080397-multivac-krbovy-ventilator-chamono-1091727.webp","type":"image\/webp"}],"twitter_card":"summary_large_image","twitter_misc":{"Odhadovan\u00e1 doba \u010dten\u00ed":"1 minuta"},"schema":{"@context":"https:\/\/schema.org","@graph":[{"@type":"WebPage","@id":"https:\/\/www.koupeltech.com\/index.php\/produkt\/sleva-multivac-krbovy-ventilator-chamono-33763\/","url":"https:\/\/www.koupeltech.com\/index.php\/produkt\/sleva-multivac-krbovy-ventilator-chamono-33763\/","name":"Sleva Multivac Krbov\u00fd ventil\u00e1tor CHAMONO -","isPartOf":{"@id":"https:\/\/www.koupeltech.com\/#website"},"primaryImageOfPage":{"@id":"https:\/\/www.koupeltech.com\/index.php\/produkt\/sleva-multivac-krbovy-ventilator-chamono-33763\/#primaryimage"},"image":{"@id":"https:\/\/www.koupeltech.com\/index.php\/produkt\/sleva-multivac-krbovy-ventilator-chamono-33763\/#primaryimage"},"thumbnailUrl":"https:\/\/www.koupeltech.com\/wp-content\/uploads\/2026\/SK0024786-CZ20260425-092632-0-1777080397-multivac-krbovy-ventilator-chamono-1091727.webp","datePublished":"2026-04-27T14:00:58+00:00","breadcrumb":{"@id":"https:\/\/www.koupeltech.com\/index.php\/produkt\/sleva-multivac-krbovy-ventilator-chamono-33763\/#breadcrumb"},"inLanguage":"cs","potentialAction":[{"@type":"ReadAction","target":["https:\/\/www.koupeltech.com\/index.php\/produkt\/sleva-multivac-krbovy-ventilator-chamono-33763\/"]}]},{"@type":"ImageObject","inLanguage":"cs","@id":"https:\/\/www.koupeltech.com\/index.php\/produkt\/sleva-multivac-krbovy-ventilator-chamono-33763\/#primaryimage","url":"https:\/\/www.koupeltech.com\/wp-content\/uploads\/2026\/SK0024786-CZ20260425-092632-0-1777080397-multivac-krbovy-ventilator-chamono-1091727.webp","contentUrl":"https:\/\/www.koupeltech.com\/wp-content\/uploads\/2026\/SK0024786-CZ20260425-092632-0-1777080397-multivac-krbovy-ventilator-chamono-1091727.webp","width":600,"height":600},{"@type":"BreadcrumbList","@id":"https:\/\/www.koupeltech.com\/index.php\/produkt\/sleva-multivac-krbovy-ventilator-chamono-33763\/#breadcrumb","itemListElement":[{"@type":"ListItem","position":1,"name":"Home","item":"https:\/\/www.koupeltech.com\/"},{"@type":"ListItem","position":2,"name":"Products","item":"https:\/\/www.koupeltech.com\/index.php\/products\/"},{"@type":"ListItem","position":3,"name":"Sleva Multivac Krbov\u00fd ventil\u00e1tor CHAMONO"}]},{"@type":"WebSite","@id":"https:\/\/www.koupeltech.com\/#website","url":"https:\/\/www.koupeltech.com\/","name":"","description":"","potentialAction":[{"@type":"SearchAction","target":{"@type":"EntryPoint","urlTemplate":"https:\/\/www.koupeltech.com\/?s={search_term_string}"},"query-input":{"@type":"PropertyValueSpecification","valueRequired":true,"valueName":"search_term_string"}}],"inLanguage":"cs"}]}},"_links":{"self":[{"href":"https:\/\/www.koupeltech.com\/index.php\/wp-json\/wp\/v2\/product\/33763","targetHints":{"allow":["GET"]}}],"collection":[{"href":"https:\/\/www.koupeltech.com\/index.php\/wp-json\/wp\/v2\/product"}],"about":[{"href":"https:\/\/www.koupeltech.com\/index.php\/wp-json\/wp\/v2\/types\/product"}],"replies":[{"embeddable":true,"href":"https:\/\/www.koupeltech.com\/index.php\/wp-json\/wp\/v2\/comments?post=33763"}],"wp:featuredmedia":[{"embeddable":true,"href":"https:\/\/www.koupeltech.com\/index.php\/wp-json\/wp\/v2\/media\/33863"}],"wp:attachment":[{"href":"https:\/\/www.koupeltech.com\/index.php\/wp-json\/wp\/v2\/media?parent=33763"}],"wp:term":[{"taxonomy":"product_brand","embeddable":true,"href":"https:\/\/www.koupeltech.com\/index.php\/wp-json\/wp\/v2\/product_brand?post=33763"},{"taxonomy":"product_cat","embeddable":true,"href":"https:\/\/www.koupeltech.com\/index.php\/wp-json\/wp\/v2\/product_cat?post=33763"},{"taxonomy":"product_tag","embeddable":true,"href":"https:\/\/www.koupeltech.com\/index.php\/wp-json\/wp\/v2\/product_tag?post=33763"}],"curies":[{"name":"wp","href":"https:\/\/api.w.org\/{rel}","templated":true}]}}