{"id":33779,"date":"2026-04-27T14:00:58","date_gmt":"2026-04-27T14:00:58","guid":{"rendered":""},"modified":"2026-04-27T14:00:58","modified_gmt":"2026-04-27T14:00:58","slug":"akce-novaservis-filtrata-drezova-stojankova-baterie-s-elastickym-ramenem-cerna-chrom-bft41b-33779","status":"publish","type":"product","link":"https:\/\/www.koupeltech.com\/index.php\/produkt\/akce-novaservis-filtrata-drezova-stojankova-baterie-s-elastickym-ramenem-cerna-chrom-bft41b-33779\/","title":{"rendered":"Akce Novaservis Filtrata D\u0159ezov\u00e1 stoj\u00e1nkov\u00e1 baterie s elastick\u00fdm ramenem, \u010dern\u00e1-chrom &#8211; BFT41B"},"content":{"rendered":"<div class=\"ProductDetail-content NoFixImageContainer\" id=\"productDescription\">\n<div class=\"Heading\">\n<h2 class=\"Heading-title\">Popis produktu <span class=''>Novaservis Filtrata D\u0159ezov\u00e1 stoj\u00e1nkov\u00e1 baterie s elastick\u00fdm ramenem, \u010dern\u00e1-chrom &#8211; BFT41B<\/span><\/h2>\n<\/p><\/div>\n<div class=\"ProductDetailContent\">                                                                    <\/div>\n<div class=\"ProductDetailContent\">\n<div class=\"ProductDetailContent-item\">\n<p>Kuchy\u0148sk\u00e1 baterie <strong>Ferro Filtrata<\/strong> p\u0159in\u00e1\u0161\u00ed maximum svobody do ka\u017ed\u00e9 kuchyn\u011b d\u00edky sv\u00e9mu <strong>flexibiln\u00edmu ram\u00ednku<\/strong>, kter\u00e9 lze snadno nasm\u011brovat p\u0159esn\u011b tam, kam pot\u0159ebujete. A\u0165 u\u017e pln\u00edte vysok\u00fd hrnec nebo oplachujete zeleninu, manipulace je v\u017edy plynul\u00e1, pohodln\u00e1 a p\u0159esn\u00e1.<br \/>Stejn\u011b jako baterie Filtrata s pevn\u00fdm ram\u00ednkem, i tento model spojuje <strong>modern\u00ed eleganci s praktick\u00fdm filtrov\u00e1n\u00edm vody<\/strong> \u2013 dv\u011b funkce, jeden design. Z jedn\u00e9 baterie z\u00edsk\u00e1te <strong>b\u011b\u017enou i filtrovanou vodu<\/strong>, bez nutnosti dal\u0161\u00edch za\u0159\u00edzen\u00ed \u010di kompromis\u016f.<br \/>Stylov\u00e1 kombinace kovu a jemn\u00fdch lini\u00ed flexibiln\u00edho ram\u00ednka vynikne v ka\u017ed\u00e9 kuchyni, zat\u00edmco kvalitn\u00ed proveden\u00ed zaru\u010duje dlouhou \u017eivotnost a bezchybn\u00fd chod.<br \/>Na baterii se vztahuje <strong>prodlou\u017een\u00e1 z\u00e1ruka 5 let<\/strong> na kartu\u0161i a je poskytov\u00e1n <strong>servis a\u017e k V\u00e1m dom\u016f<\/strong>, kter\u00fd zaji\u0161\u0165uje maxim\u00e1ln\u00ed pohodl\u00ed a klid p\u0159i ka\u017edodenn\u00edm pou\u017e\u00edv\u00e1n\u00ed.<\/p>\n<\/p><\/div>\n<div class=\"ProductDetailContent-item\">\n<ul>\n<li>Proveden\u00ed: <strong>\u010dern\u00e1-chrom<\/strong><\/li>\n<li>Ovl\u00e1dac\u00ed prvek: <strong>keramick\u00e1 kartu\u0161e<\/strong><\/li>\n<li>Materi\u00e1l t\u011bla\/materi\u00e1l proveden\u00ed: <strong>Mosaz<\/strong><\/li>\n<li>Typ a pr\u016fm\u011br p\u0159ipojen\u00ed: <strong>flexi nerezov\u00e1 hadi\u010dka G3\/8 &#8211; M10x1<\/strong><\/li>\n<li>V\u00fd\u0161ka baterie [mm]: <strong>308-435 mm<\/strong><\/li>\n<li>Dosah v\u00fdtokov\u00e9ho ramene [mm]: <strong>232-414 mm<\/strong><\/li>\n<li>Akustick\u00e1 skupina: <strong>I<\/strong><\/li>\n<li>Pr\u016ftokov\u00e1 skupina: <strong>Z\/Z<\/strong><\/li>\n<\/ul><\/div>\n<\/p><\/div>\n<\/p><\/div>\n<\/p><\/div>\n<\/p><\/div>\n","protected":false},"excerpt":{"rendered":"<p>Popis produktu Novaservis Filtrata D\u0159ezov\u00e1 stoj\u00e1nkov\u00e1 baterie s elastick\u00fdm ramenem, \u010dern\u00e1-chrom &#8211; BFT41B Kuchy\u0148sk\u00e1 baterie Ferro Filtrata p\u0159in\u00e1\u0161\u00ed maximum svobody do ka\u017ed\u00e9 kuchyn\u011b d\u00edky sv\u00e9mu flexibiln\u00edmu ram\u00ednku, kter\u00e9 lze snadno nasm\u011brovat p\u0159esn\u011b tam, kam pot\u0159ebujete. A\u0165 u\u017e pln\u00edte vysok\u00fd hrnec nebo oplachujete zeleninu, manipulace je v\u017edy plynul\u00e1, pohodln\u00e1 a p\u0159esn\u00e1.Stejn\u011b jako baterie Filtrata s pevn\u00fdm [&hellip;]<\/p>\n","protected":false},"featured_media":33879,"comment_status":"open","ping_status":"open","template":"","meta":[],"product_brand":[],"product_cat":[77],"product_tag":[],"class_list":{"0":"post-33779","1":"product","2":"type-product","3":"status-publish","4":"has-post-thumbnail","6":"product_cat-koupelny","8":"first","9":"instock","10":"sale","11":"shipping-taxable","12":"purchasable","13":"product-type-simple"},"yoast_head":"<!-- This site is optimized with the Yoast SEO plugin v26.8 - https:\/\/yoast.com\/product\/yoast-seo-wordpress\/ -->\n<title>Akce Novaservis Filtrata D\u0159ezov\u00e1 stoj\u00e1nkov\u00e1 baterie s elastick\u00fdm ramenem, \u010dern\u00e1-chrom - BFT41B -<\/title>\n<meta name=\"robots\" content=\"index, follow, max-snippet:-1, max-image-preview:large, max-video-preview:-1\" \/>\n<link rel=\"canonical\" href=\"https:\/\/www.koupeltech.com\/index.php\/produkt\/akce-novaservis-filtrata-drezova-stojankova-baterie-s-elastickym-ramenem-cerna-chrom-bft41b-33779\/\" \/>\n<meta property=\"og:locale\" content=\"cs_CZ\" \/>\n<meta property=\"og:type\" content=\"article\" \/>\n<meta property=\"og:title\" content=\"Akce Novaservis Filtrata D\u0159ezov\u00e1 stoj\u00e1nkov\u00e1 baterie s elastick\u00fdm ramenem, \u010dern\u00e1-chrom - BFT41B -\" \/>\n<meta property=\"og:description\" content=\"Popis produktu Novaservis Filtrata D\u0159ezov\u00e1 stoj\u00e1nkov\u00e1 baterie s elastick\u00fdm ramenem, \u010dern\u00e1-chrom &#8211; BFT41B Kuchy\u0148sk\u00e1 baterie Ferro Filtrata p\u0159in\u00e1\u0161\u00ed maximum svobody do ka\u017ed\u00e9 kuchyn\u011b d\u00edky sv\u00e9mu flexibiln\u00edmu ram\u00ednku, kter\u00e9 lze snadno nasm\u011brovat p\u0159esn\u011b tam, kam pot\u0159ebujete. A\u0165 u\u017e pln\u00edte vysok\u00fd hrnec nebo oplachujete zeleninu, manipulace je v\u017edy plynul\u00e1, pohodln\u00e1 a p\u0159esn\u00e1.Stejn\u011b jako baterie Filtrata s pevn\u00fdm [&hellip;]\" \/>\n<meta property=\"og:url\" content=\"https:\/\/www.koupeltech.com\/index.php\/produkt\/akce-novaservis-filtrata-drezova-stojankova-baterie-s-elastickym-ramenem-cerna-chrom-bft41b-33779\/\" \/>\n<meta property=\"og:image\" content=\"https:\/\/www.koupeltech.com\/wp-content\/uploads\/2026\/SK0024807-CZ20260425-092632-0-1777080397-novaservis-filtrata-drezova-stojankova-baterie-s-elastickym.webp\" \/>\n\t<meta property=\"og:image:width\" content=\"419\" \/>\n\t<meta property=\"og:image:height\" content=\"600\" \/>\n\t<meta property=\"og:image:type\" content=\"image\/webp\" \/>\n<meta name=\"twitter:card\" content=\"summary_large_image\" \/>\n<meta name=\"twitter:label1\" content=\"Odhadovan\u00e1 doba \u010dten\u00ed\" \/>\n\t<meta name=\"twitter:data1\" content=\"1 minuta\" \/>\n<script type=\"application\/ld+json\" class=\"yoast-schema-graph\">{\"@context\":\"https:\/\/schema.org\",\"@graph\":[{\"@type\":\"WebPage\",\"@id\":\"https:\/\/www.koupeltech.com\/index.php\/produkt\/akce-novaservis-filtrata-drezova-stojankova-baterie-s-elastickym-ramenem-cerna-chrom-bft41b-33779\/\",\"url\":\"https:\/\/www.koupeltech.com\/index.php\/produkt\/akce-novaservis-filtrata-drezova-stojankova-baterie-s-elastickym-ramenem-cerna-chrom-bft41b-33779\/\",\"name\":\"Akce Novaservis Filtrata D\u0159ezov\u00e1 stoj\u00e1nkov\u00e1 baterie s elastick\u00fdm ramenem, \u010dern\u00e1-chrom - BFT41B -\",\"isPartOf\":{\"@id\":\"https:\/\/www.koupeltech.com\/#website\"},\"primaryImageOfPage\":{\"@id\":\"https:\/\/www.koupeltech.com\/index.php\/produkt\/akce-novaservis-filtrata-drezova-stojankova-baterie-s-elastickym-ramenem-cerna-chrom-bft41b-33779\/#primaryimage\"},\"image\":{\"@id\":\"https:\/\/www.koupeltech.com\/index.php\/produkt\/akce-novaservis-filtrata-drezova-stojankova-baterie-s-elastickym-ramenem-cerna-chrom-bft41b-33779\/#primaryimage\"},\"thumbnailUrl\":\"https:\/\/www.koupeltech.com\/wp-content\/uploads\/2026\/SK0024807-CZ20260425-092632-0-1777080397-novaservis-filtrata-drezova-stojankova-baterie-s-elastickym.webp\",\"datePublished\":\"2026-04-27T14:00:58+00:00\",\"breadcrumb\":{\"@id\":\"https:\/\/www.koupeltech.com\/index.php\/produkt\/akce-novaservis-filtrata-drezova-stojankova-baterie-s-elastickym-ramenem-cerna-chrom-bft41b-33779\/#breadcrumb\"},\"inLanguage\":\"cs\",\"potentialAction\":[{\"@type\":\"ReadAction\",\"target\":[\"https:\/\/www.koupeltech.com\/index.php\/produkt\/akce-novaservis-filtrata-drezova-stojankova-baterie-s-elastickym-ramenem-cerna-chrom-bft41b-33779\/\"]}]},{\"@type\":\"ImageObject\",\"inLanguage\":\"cs\",\"@id\":\"https:\/\/www.koupeltech.com\/index.php\/produkt\/akce-novaservis-filtrata-drezova-stojankova-baterie-s-elastickym-ramenem-cerna-chrom-bft41b-33779\/#primaryimage\",\"url\":\"https:\/\/www.koupeltech.com\/wp-content\/uploads\/2026\/SK0024807-CZ20260425-092632-0-1777080397-novaservis-filtrata-drezova-stojankova-baterie-s-elastickym.webp\",\"contentUrl\":\"https:\/\/www.koupeltech.com\/wp-content\/uploads\/2026\/SK0024807-CZ20260425-092632-0-1777080397-novaservis-filtrata-drezova-stojankova-baterie-s-elastickym.webp\",\"width\":419,\"height\":600},{\"@type\":\"BreadcrumbList\",\"@id\":\"https:\/\/www.koupeltech.com\/index.php\/produkt\/akce-novaservis-filtrata-drezova-stojankova-baterie-s-elastickym-ramenem-cerna-chrom-bft41b-33779\/#breadcrumb\",\"itemListElement\":[{\"@type\":\"ListItem\",\"position\":1,\"name\":\"Home\",\"item\":\"https:\/\/www.koupeltech.com\/\"},{\"@type\":\"ListItem\",\"position\":2,\"name\":\"Products\",\"item\":\"https:\/\/www.koupeltech.com\/index.php\/products\/\"},{\"@type\":\"ListItem\",\"position\":3,\"name\":\"Akce Novaservis Filtrata D\u0159ezov\u00e1 stoj\u00e1nkov\u00e1 baterie s elastick\u00fdm ramenem, \u010dern\u00e1-chrom &#8211; BFT41B\"}]},{\"@type\":\"WebSite\",\"@id\":\"https:\/\/www.koupeltech.com\/#website\",\"url\":\"https:\/\/www.koupeltech.com\/\",\"name\":\"\",\"description\":\"\",\"potentialAction\":[{\"@type\":\"SearchAction\",\"target\":{\"@type\":\"EntryPoint\",\"urlTemplate\":\"https:\/\/www.koupeltech.com\/?s={search_term_string}\"},\"query-input\":{\"@type\":\"PropertyValueSpecification\",\"valueRequired\":true,\"valueName\":\"search_term_string\"}}],\"inLanguage\":\"cs\"}]}<\/script>\n<!-- \/ Yoast SEO plugin. -->","yoast_head_json":{"title":"Akce Novaservis Filtrata D\u0159ezov\u00e1 stoj\u00e1nkov\u00e1 baterie s elastick\u00fdm ramenem, \u010dern\u00e1-chrom - BFT41B -","robots":{"index":"index","follow":"follow","max-snippet":"max-snippet:-1","max-image-preview":"max-image-preview:large","max-video-preview":"max-video-preview:-1"},"canonical":"https:\/\/www.koupeltech.com\/index.php\/produkt\/akce-novaservis-filtrata-drezova-stojankova-baterie-s-elastickym-ramenem-cerna-chrom-bft41b-33779\/","og_locale":"cs_CZ","og_type":"article","og_title":"Akce Novaservis Filtrata D\u0159ezov\u00e1 stoj\u00e1nkov\u00e1 baterie s elastick\u00fdm ramenem, \u010dern\u00e1-chrom - BFT41B -","og_description":"Popis produktu Novaservis Filtrata D\u0159ezov\u00e1 stoj\u00e1nkov\u00e1 baterie s elastick\u00fdm ramenem, \u010dern\u00e1-chrom &#8211; BFT41B Kuchy\u0148sk\u00e1 baterie Ferro Filtrata p\u0159in\u00e1\u0161\u00ed maximum svobody do ka\u017ed\u00e9 kuchyn\u011b d\u00edky sv\u00e9mu flexibiln\u00edmu ram\u00ednku, kter\u00e9 lze snadno nasm\u011brovat p\u0159esn\u011b tam, kam pot\u0159ebujete. A\u0165 u\u017e pln\u00edte vysok\u00fd hrnec nebo oplachujete zeleninu, manipulace je v\u017edy plynul\u00e1, pohodln\u00e1 a p\u0159esn\u00e1.Stejn\u011b jako baterie Filtrata s pevn\u00fdm [&hellip;]","og_url":"https:\/\/www.koupeltech.com\/index.php\/produkt\/akce-novaservis-filtrata-drezova-stojankova-baterie-s-elastickym-ramenem-cerna-chrom-bft41b-33779\/","og_image":[{"width":419,"height":600,"url":"https:\/\/www.koupeltech.com\/wp-content\/uploads\/2026\/SK0024807-CZ20260425-092632-0-1777080397-novaservis-filtrata-drezova-stojankova-baterie-s-elastickym.webp","type":"image\/webp"}],"twitter_card":"summary_large_image","twitter_misc":{"Odhadovan\u00e1 doba \u010dten\u00ed":"1 minuta"},"schema":{"@context":"https:\/\/schema.org","@graph":[{"@type":"WebPage","@id":"https:\/\/www.koupeltech.com\/index.php\/produkt\/akce-novaservis-filtrata-drezova-stojankova-baterie-s-elastickym-ramenem-cerna-chrom-bft41b-33779\/","url":"https:\/\/www.koupeltech.com\/index.php\/produkt\/akce-novaservis-filtrata-drezova-stojankova-baterie-s-elastickym-ramenem-cerna-chrom-bft41b-33779\/","name":"Akce Novaservis Filtrata D\u0159ezov\u00e1 stoj\u00e1nkov\u00e1 baterie s elastick\u00fdm ramenem, \u010dern\u00e1-chrom - BFT41B -","isPartOf":{"@id":"https:\/\/www.koupeltech.com\/#website"},"primaryImageOfPage":{"@id":"https:\/\/www.koupeltech.com\/index.php\/produkt\/akce-novaservis-filtrata-drezova-stojankova-baterie-s-elastickym-ramenem-cerna-chrom-bft41b-33779\/#primaryimage"},"image":{"@id":"https:\/\/www.koupeltech.com\/index.php\/produkt\/akce-novaservis-filtrata-drezova-stojankova-baterie-s-elastickym-ramenem-cerna-chrom-bft41b-33779\/#primaryimage"},"thumbnailUrl":"https:\/\/www.koupeltech.com\/wp-content\/uploads\/2026\/SK0024807-CZ20260425-092632-0-1777080397-novaservis-filtrata-drezova-stojankova-baterie-s-elastickym.webp","datePublished":"2026-04-27T14:00:58+00:00","breadcrumb":{"@id":"https:\/\/www.koupeltech.com\/index.php\/produkt\/akce-novaservis-filtrata-drezova-stojankova-baterie-s-elastickym-ramenem-cerna-chrom-bft41b-33779\/#breadcrumb"},"inLanguage":"cs","potentialAction":[{"@type":"ReadAction","target":["https:\/\/www.koupeltech.com\/index.php\/produkt\/akce-novaservis-filtrata-drezova-stojankova-baterie-s-elastickym-ramenem-cerna-chrom-bft41b-33779\/"]}]},{"@type":"ImageObject","inLanguage":"cs","@id":"https:\/\/www.koupeltech.com\/index.php\/produkt\/akce-novaservis-filtrata-drezova-stojankova-baterie-s-elastickym-ramenem-cerna-chrom-bft41b-33779\/#primaryimage","url":"https:\/\/www.koupeltech.com\/wp-content\/uploads\/2026\/SK0024807-CZ20260425-092632-0-1777080397-novaservis-filtrata-drezova-stojankova-baterie-s-elastickym.webp","contentUrl":"https:\/\/www.koupeltech.com\/wp-content\/uploads\/2026\/SK0024807-CZ20260425-092632-0-1777080397-novaservis-filtrata-drezova-stojankova-baterie-s-elastickym.webp","width":419,"height":600},{"@type":"BreadcrumbList","@id":"https:\/\/www.koupeltech.com\/index.php\/produkt\/akce-novaservis-filtrata-drezova-stojankova-baterie-s-elastickym-ramenem-cerna-chrom-bft41b-33779\/#breadcrumb","itemListElement":[{"@type":"ListItem","position":1,"name":"Home","item":"https:\/\/www.koupeltech.com\/"},{"@type":"ListItem","position":2,"name":"Products","item":"https:\/\/www.koupeltech.com\/index.php\/products\/"},{"@type":"ListItem","position":3,"name":"Akce Novaservis Filtrata D\u0159ezov\u00e1 stoj\u00e1nkov\u00e1 baterie s elastick\u00fdm ramenem, \u010dern\u00e1-chrom &#8211; BFT41B"}]},{"@type":"WebSite","@id":"https:\/\/www.koupeltech.com\/#website","url":"https:\/\/www.koupeltech.com\/","name":"","description":"","potentialAction":[{"@type":"SearchAction","target":{"@type":"EntryPoint","urlTemplate":"https:\/\/www.koupeltech.com\/?s={search_term_string}"},"query-input":{"@type":"PropertyValueSpecification","valueRequired":true,"valueName":"search_term_string"}}],"inLanguage":"cs"}]}},"_links":{"self":[{"href":"https:\/\/www.koupeltech.com\/index.php\/wp-json\/wp\/v2\/product\/33779","targetHints":{"allow":["GET"]}}],"collection":[{"href":"https:\/\/www.koupeltech.com\/index.php\/wp-json\/wp\/v2\/product"}],"about":[{"href":"https:\/\/www.koupeltech.com\/index.php\/wp-json\/wp\/v2\/types\/product"}],"replies":[{"embeddable":true,"href":"https:\/\/www.koupeltech.com\/index.php\/wp-json\/wp\/v2\/comments?post=33779"}],"wp:featuredmedia":[{"embeddable":true,"href":"https:\/\/www.koupeltech.com\/index.php\/wp-json\/wp\/v2\/media\/33879"}],"wp:attachment":[{"href":"https:\/\/www.koupeltech.com\/index.php\/wp-json\/wp\/v2\/media?parent=33779"}],"wp:term":[{"taxonomy":"product_brand","embeddable":true,"href":"https:\/\/www.koupeltech.com\/index.php\/wp-json\/wp\/v2\/product_brand?post=33779"},{"taxonomy":"product_cat","embeddable":true,"href":"https:\/\/www.koupeltech.com\/index.php\/wp-json\/wp\/v2\/product_cat?post=33779"},{"taxonomy":"product_tag","embeddable":true,"href":"https:\/\/www.koupeltech.com\/index.php\/wp-json\/wp\/v2\/product_tag?post=33779"}],"curies":[{"name":"wp","href":"https:\/\/api.w.org\/{rel}","templated":true}]}}