{"id":33924,"date":"2026-04-27T14:01:00","date_gmt":"2026-04-27T14:01:00","guid":{"rendered":""},"modified":"2026-04-27T14:01:00","modified_gmt":"2026-04-27T14:01:00","slug":"zlevneny-sprchovy-kout-obdelnik-100x90-cm-sat-tex-sikotexp90s100c-33924","status":"publish","type":"product","link":"https:\/\/www.koupeltech.com\/index.php\/produkt\/zlevneny-sprchovy-kout-obdelnik-100x90-cm-sat-tex-sikotexp90s100c-33924\/","title":{"rendered":"Zlevn\u011bn\u00fd Sprchov\u00fd kout obd\u00e9ln\u00edk 100&#215;90 cm SAT TEX SIKOTEXP90S100C"},"content":{"rendered":"<div class=\"ProductDetail-content NoFixImageContainer\" id=\"productDescription\">\n<div class=\"Heading\">\n<h2 class=\"Heading-title\">Popis produktu <span class=''>Sprchov\u00fd kout obd\u00e9ln\u00edk 100&#215;90 cm SAT TEX SIKOTEXP90S100C<\/span><\/h2>\n<\/p><\/div>\n<div class=\"ProductDetailContent\">\n<p><strong>Sprchov\u00fd kout obd\u00e9ln\u00edk<\/strong>&nbsp;100&#215;90 cm SAT TEX je modern\u00ed a praktick\u00e9 \u0159e\u0161en\u00ed pro va\u0161i koupelnu. Tento sprchov\u00fd kout je vybaven \u010dern\u00fdmi matn\u00fdmi profily a \u010dir\u00fdm sklem bez dekoru. Povrchov\u00e1 \u00faprava Easy Clean usnad\u0148uje \u010di\u0161t\u011bn\u00ed a minimalizuje usazov\u00e1n\u00ed vodn\u00edho kamene<\/p>\n<ul>\n<li><strong>Povrchov\u00e1 \u00faprava Easy Clean<\/strong>: Usnad\u0148uje \u010di\u0161t\u011bn\u00ed a zabra\u0148uje usazov\u00e1n\u00ed vodn\u00edho kamene.<\/li>\n<li><strong>Materi\u00e1l<\/strong>: Profily z \u010dern\u00e9ho matn\u00e9ho hlin\u00edku, v\u00fdpl\u0148 z \u010dir\u00e9ho skla.<\/li>\n<li><strong>Rozm\u011bry<\/strong>: V\u00fd\u0161ka 195 cm, \u0161\u00ed\u0159ka 100 cm, hloubka 90 cm.<\/li>\n<li><strong>Syst\u00e9m otev\u00edr\u00e1n\u00ed<\/strong>: Oto\u010dn\u00fd.<\/li>\n<li><strong>Orientace<\/strong>: Lev\u00e1 i prav\u00e1<\/li>\n<\/ul>\n<div class=\"mb-40\">\n<h3>Technick\u00e9 parametry<\/h3>\n<ul>\n<li>Druh v\u00fdrobku: <strong>sprchov\u00fd kout<\/strong><\/li>\n<li>Orientace: <strong>lev\u00e1 i prav\u00e1<\/strong><\/li>\n<li>V\u00fdbava: <strong>bez vani\u010dky<\/strong><\/li>\n<li>Povrchov\u00e1 \u00faprava: <strong>Easy Clean<\/strong><\/li>\n<li>\u0160\u00ed\u0159ka: <strong>100 cm<\/strong><\/li>\n<li>Hloubka: <strong>90 cm<\/strong><\/li>\n<li>V\u00fd\u0161ka: <strong>195 cm<\/strong><\/li>\n<li>Syst\u00e9m otev\u00edr\u00e1n\u00ed: <strong>oto\u010dn\u00fd<\/strong><\/li>\n<li>Tlou\u0161\u0165ka skla: <strong>6 mm<\/strong><\/li>\n<li>V\u00fdpl\u0148: <strong>\u010dir\u00e9 sklo<\/strong><\/li>\n<li>Dekor v\u00fdpln\u011b: <strong>transparent<\/strong><\/li>\n<li>Barva profilu: <strong>\u010dern\u00e1 matn\u00e1<\/strong><\/li>\n<li>P\u016fdorys: <strong>obd\u00e9ln\u00edk<\/strong><\/li>\n<\/ul>\n<\/div><\/div>\n<div class=\"ProductDetailContent\">                                                                    <\/div>\n<\/p><\/div>\n<\/p><\/div>\n<\/p><\/div>\n","protected":false},"excerpt":{"rendered":"<p>Popis produktu Sprchov\u00fd kout obd\u00e9ln\u00edk 100&#215;90 cm SAT TEX SIKOTEXP90S100C Sprchov\u00fd kout obd\u00e9ln\u00edk&nbsp;100&#215;90 cm SAT TEX je modern\u00ed a praktick\u00e9 \u0159e\u0161en\u00ed pro va\u0161i koupelnu. Tento sprchov\u00fd kout je vybaven \u010dern\u00fdmi matn\u00fdmi profily a \u010dir\u00fdm sklem bez dekoru. Povrchov\u00e1 \u00faprava Easy Clean usnad\u0148uje \u010di\u0161t\u011bn\u00ed a minimalizuje usazov\u00e1n\u00ed vodn\u00edho kamene Povrchov\u00e1 \u00faprava Easy Clean: Usnad\u0148uje \u010di\u0161t\u011bn\u00ed a [&hellip;]<\/p>\n","protected":false},"featured_media":34024,"comment_status":"open","ping_status":"open","template":"","meta":[],"product_brand":[],"product_cat":[77],"product_tag":[],"class_list":{"0":"post-33924","1":"product","2":"type-product","3":"status-publish","4":"has-post-thumbnail","6":"product_cat-koupelny","8":"first","9":"instock","10":"sale","11":"shipping-taxable","12":"purchasable","13":"product-type-simple"},"yoast_head":"<!-- This site is optimized with the Yoast SEO plugin v26.8 - https:\/\/yoast.com\/product\/yoast-seo-wordpress\/ -->\n<title>Zlevn\u011bn\u00fd Sprchov\u00fd kout obd\u00e9ln\u00edk 100x90 cm SAT TEX SIKOTEXP90S100C -<\/title>\n<meta name=\"robots\" content=\"index, follow, max-snippet:-1, max-image-preview:large, max-video-preview:-1\" \/>\n<link rel=\"canonical\" href=\"https:\/\/www.koupeltech.com\/index.php\/produkt\/zlevneny-sprchovy-kout-obdelnik-100x90-cm-sat-tex-sikotexp90s100c-33924\/\" \/>\n<meta property=\"og:locale\" content=\"cs_CZ\" \/>\n<meta property=\"og:type\" content=\"article\" \/>\n<meta property=\"og:title\" content=\"Zlevn\u011bn\u00fd Sprchov\u00fd kout obd\u00e9ln\u00edk 100x90 cm SAT TEX SIKOTEXP90S100C -\" \/>\n<meta property=\"og:description\" content=\"Popis produktu Sprchov\u00fd kout obd\u00e9ln\u00edk 100&#215;90 cm SAT TEX SIKOTEXP90S100C Sprchov\u00fd kout obd\u00e9ln\u00edk&nbsp;100&#215;90 cm SAT TEX je modern\u00ed a praktick\u00e9 \u0159e\u0161en\u00ed pro va\u0161i koupelnu. Tento sprchov\u00fd kout je vybaven \u010dern\u00fdmi matn\u00fdmi profily a \u010dir\u00fdm sklem bez dekoru. Povrchov\u00e1 \u00faprava Easy Clean usnad\u0148uje \u010di\u0161t\u011bn\u00ed a minimalizuje usazov\u00e1n\u00ed vodn\u00edho kamene Povrchov\u00e1 \u00faprava Easy Clean: Usnad\u0148uje \u010di\u0161t\u011bn\u00ed a [&hellip;]\" \/>\n<meta property=\"og:url\" content=\"https:\/\/www.koupeltech.com\/index.php\/produkt\/zlevneny-sprchovy-kout-obdelnik-100x90-cm-sat-tex-sikotexp90s100c-33924\/\" \/>\n<meta property=\"og:image\" content=\"https:\/\/www.koupeltech.com\/wp-content\/uploads\/2026\/SK0024862-CZ20260425-092632-0-1777080397-sprchovy-kout-obdelnik-100x90-cm-sat-tex-sikotexp90s100c-11.webp\" \/>\n\t<meta property=\"og:image:width\" content=\"561\" \/>\n\t<meta property=\"og:image:height\" content=\"600\" \/>\n\t<meta property=\"og:image:type\" content=\"image\/webp\" \/>\n<meta name=\"twitter:card\" content=\"summary_large_image\" \/>\n<meta name=\"twitter:label1\" content=\"Odhadovan\u00e1 doba \u010dten\u00ed\" \/>\n\t<meta name=\"twitter:data1\" content=\"1 minuta\" \/>\n<script type=\"application\/ld+json\" class=\"yoast-schema-graph\">{\"@context\":\"https:\/\/schema.org\",\"@graph\":[{\"@type\":\"WebPage\",\"@id\":\"https:\/\/www.koupeltech.com\/index.php\/produkt\/zlevneny-sprchovy-kout-obdelnik-100x90-cm-sat-tex-sikotexp90s100c-33924\/\",\"url\":\"https:\/\/www.koupeltech.com\/index.php\/produkt\/zlevneny-sprchovy-kout-obdelnik-100x90-cm-sat-tex-sikotexp90s100c-33924\/\",\"name\":\"Zlevn\u011bn\u00fd Sprchov\u00fd kout obd\u00e9ln\u00edk 100x90 cm SAT TEX SIKOTEXP90S100C -\",\"isPartOf\":{\"@id\":\"https:\/\/www.koupeltech.com\/#website\"},\"primaryImageOfPage\":{\"@id\":\"https:\/\/www.koupeltech.com\/index.php\/produkt\/zlevneny-sprchovy-kout-obdelnik-100x90-cm-sat-tex-sikotexp90s100c-33924\/#primaryimage\"},\"image\":{\"@id\":\"https:\/\/www.koupeltech.com\/index.php\/produkt\/zlevneny-sprchovy-kout-obdelnik-100x90-cm-sat-tex-sikotexp90s100c-33924\/#primaryimage\"},\"thumbnailUrl\":\"https:\/\/www.koupeltech.com\/wp-content\/uploads\/2026\/SK0024862-CZ20260425-092632-0-1777080397-sprchovy-kout-obdelnik-100x90-cm-sat-tex-sikotexp90s100c-11.webp\",\"datePublished\":\"2026-04-27T14:01:00+00:00\",\"breadcrumb\":{\"@id\":\"https:\/\/www.koupeltech.com\/index.php\/produkt\/zlevneny-sprchovy-kout-obdelnik-100x90-cm-sat-tex-sikotexp90s100c-33924\/#breadcrumb\"},\"inLanguage\":\"cs\",\"potentialAction\":[{\"@type\":\"ReadAction\",\"target\":[\"https:\/\/www.koupeltech.com\/index.php\/produkt\/zlevneny-sprchovy-kout-obdelnik-100x90-cm-sat-tex-sikotexp90s100c-33924\/\"]}]},{\"@type\":\"ImageObject\",\"inLanguage\":\"cs\",\"@id\":\"https:\/\/www.koupeltech.com\/index.php\/produkt\/zlevneny-sprchovy-kout-obdelnik-100x90-cm-sat-tex-sikotexp90s100c-33924\/#primaryimage\",\"url\":\"https:\/\/www.koupeltech.com\/wp-content\/uploads\/2026\/SK0024862-CZ20260425-092632-0-1777080397-sprchovy-kout-obdelnik-100x90-cm-sat-tex-sikotexp90s100c-11.webp\",\"contentUrl\":\"https:\/\/www.koupeltech.com\/wp-content\/uploads\/2026\/SK0024862-CZ20260425-092632-0-1777080397-sprchovy-kout-obdelnik-100x90-cm-sat-tex-sikotexp90s100c-11.webp\",\"width\":561,\"height\":600},{\"@type\":\"BreadcrumbList\",\"@id\":\"https:\/\/www.koupeltech.com\/index.php\/produkt\/zlevneny-sprchovy-kout-obdelnik-100x90-cm-sat-tex-sikotexp90s100c-33924\/#breadcrumb\",\"itemListElement\":[{\"@type\":\"ListItem\",\"position\":1,\"name\":\"Home\",\"item\":\"https:\/\/www.koupeltech.com\/\"},{\"@type\":\"ListItem\",\"position\":2,\"name\":\"Products\",\"item\":\"https:\/\/www.koupeltech.com\/index.php\/products\/\"},{\"@type\":\"ListItem\",\"position\":3,\"name\":\"Zlevn\u011bn\u00fd Sprchov\u00fd kout obd\u00e9ln\u00edk 100&#215;90 cm SAT TEX SIKOTEXP90S100C\"}]},{\"@type\":\"WebSite\",\"@id\":\"https:\/\/www.koupeltech.com\/#website\",\"url\":\"https:\/\/www.koupeltech.com\/\",\"name\":\"\",\"description\":\"\",\"potentialAction\":[{\"@type\":\"SearchAction\",\"target\":{\"@type\":\"EntryPoint\",\"urlTemplate\":\"https:\/\/www.koupeltech.com\/?s={search_term_string}\"},\"query-input\":{\"@type\":\"PropertyValueSpecification\",\"valueRequired\":true,\"valueName\":\"search_term_string\"}}],\"inLanguage\":\"cs\"}]}<\/script>\n<!-- \/ Yoast SEO plugin. -->","yoast_head_json":{"title":"Zlevn\u011bn\u00fd Sprchov\u00fd kout obd\u00e9ln\u00edk 100x90 cm SAT TEX SIKOTEXP90S100C -","robots":{"index":"index","follow":"follow","max-snippet":"max-snippet:-1","max-image-preview":"max-image-preview:large","max-video-preview":"max-video-preview:-1"},"canonical":"https:\/\/www.koupeltech.com\/index.php\/produkt\/zlevneny-sprchovy-kout-obdelnik-100x90-cm-sat-tex-sikotexp90s100c-33924\/","og_locale":"cs_CZ","og_type":"article","og_title":"Zlevn\u011bn\u00fd Sprchov\u00fd kout obd\u00e9ln\u00edk 100x90 cm SAT TEX SIKOTEXP90S100C -","og_description":"Popis produktu Sprchov\u00fd kout obd\u00e9ln\u00edk 100&#215;90 cm SAT TEX SIKOTEXP90S100C Sprchov\u00fd kout obd\u00e9ln\u00edk&nbsp;100&#215;90 cm SAT TEX je modern\u00ed a praktick\u00e9 \u0159e\u0161en\u00ed pro va\u0161i koupelnu. Tento sprchov\u00fd kout je vybaven \u010dern\u00fdmi matn\u00fdmi profily a \u010dir\u00fdm sklem bez dekoru. Povrchov\u00e1 \u00faprava Easy Clean usnad\u0148uje \u010di\u0161t\u011bn\u00ed a minimalizuje usazov\u00e1n\u00ed vodn\u00edho kamene Povrchov\u00e1 \u00faprava Easy Clean: Usnad\u0148uje \u010di\u0161t\u011bn\u00ed a [&hellip;]","og_url":"https:\/\/www.koupeltech.com\/index.php\/produkt\/zlevneny-sprchovy-kout-obdelnik-100x90-cm-sat-tex-sikotexp90s100c-33924\/","og_image":[{"width":561,"height":600,"url":"https:\/\/www.koupeltech.com\/wp-content\/uploads\/2026\/SK0024862-CZ20260425-092632-0-1777080397-sprchovy-kout-obdelnik-100x90-cm-sat-tex-sikotexp90s100c-11.webp","type":"image\/webp"}],"twitter_card":"summary_large_image","twitter_misc":{"Odhadovan\u00e1 doba \u010dten\u00ed":"1 minuta"},"schema":{"@context":"https:\/\/schema.org","@graph":[{"@type":"WebPage","@id":"https:\/\/www.koupeltech.com\/index.php\/produkt\/zlevneny-sprchovy-kout-obdelnik-100x90-cm-sat-tex-sikotexp90s100c-33924\/","url":"https:\/\/www.koupeltech.com\/index.php\/produkt\/zlevneny-sprchovy-kout-obdelnik-100x90-cm-sat-tex-sikotexp90s100c-33924\/","name":"Zlevn\u011bn\u00fd Sprchov\u00fd kout obd\u00e9ln\u00edk 100x90 cm SAT TEX SIKOTEXP90S100C -","isPartOf":{"@id":"https:\/\/www.koupeltech.com\/#website"},"primaryImageOfPage":{"@id":"https:\/\/www.koupeltech.com\/index.php\/produkt\/zlevneny-sprchovy-kout-obdelnik-100x90-cm-sat-tex-sikotexp90s100c-33924\/#primaryimage"},"image":{"@id":"https:\/\/www.koupeltech.com\/index.php\/produkt\/zlevneny-sprchovy-kout-obdelnik-100x90-cm-sat-tex-sikotexp90s100c-33924\/#primaryimage"},"thumbnailUrl":"https:\/\/www.koupeltech.com\/wp-content\/uploads\/2026\/SK0024862-CZ20260425-092632-0-1777080397-sprchovy-kout-obdelnik-100x90-cm-sat-tex-sikotexp90s100c-11.webp","datePublished":"2026-04-27T14:01:00+00:00","breadcrumb":{"@id":"https:\/\/www.koupeltech.com\/index.php\/produkt\/zlevneny-sprchovy-kout-obdelnik-100x90-cm-sat-tex-sikotexp90s100c-33924\/#breadcrumb"},"inLanguage":"cs","potentialAction":[{"@type":"ReadAction","target":["https:\/\/www.koupeltech.com\/index.php\/produkt\/zlevneny-sprchovy-kout-obdelnik-100x90-cm-sat-tex-sikotexp90s100c-33924\/"]}]},{"@type":"ImageObject","inLanguage":"cs","@id":"https:\/\/www.koupeltech.com\/index.php\/produkt\/zlevneny-sprchovy-kout-obdelnik-100x90-cm-sat-tex-sikotexp90s100c-33924\/#primaryimage","url":"https:\/\/www.koupeltech.com\/wp-content\/uploads\/2026\/SK0024862-CZ20260425-092632-0-1777080397-sprchovy-kout-obdelnik-100x90-cm-sat-tex-sikotexp90s100c-11.webp","contentUrl":"https:\/\/www.koupeltech.com\/wp-content\/uploads\/2026\/SK0024862-CZ20260425-092632-0-1777080397-sprchovy-kout-obdelnik-100x90-cm-sat-tex-sikotexp90s100c-11.webp","width":561,"height":600},{"@type":"BreadcrumbList","@id":"https:\/\/www.koupeltech.com\/index.php\/produkt\/zlevneny-sprchovy-kout-obdelnik-100x90-cm-sat-tex-sikotexp90s100c-33924\/#breadcrumb","itemListElement":[{"@type":"ListItem","position":1,"name":"Home","item":"https:\/\/www.koupeltech.com\/"},{"@type":"ListItem","position":2,"name":"Products","item":"https:\/\/www.koupeltech.com\/index.php\/products\/"},{"@type":"ListItem","position":3,"name":"Zlevn\u011bn\u00fd Sprchov\u00fd kout obd\u00e9ln\u00edk 100&#215;90 cm SAT TEX SIKOTEXP90S100C"}]},{"@type":"WebSite","@id":"https:\/\/www.koupeltech.com\/#website","url":"https:\/\/www.koupeltech.com\/","name":"","description":"","potentialAction":[{"@type":"SearchAction","target":{"@type":"EntryPoint","urlTemplate":"https:\/\/www.koupeltech.com\/?s={search_term_string}"},"query-input":{"@type":"PropertyValueSpecification","valueRequired":true,"valueName":"search_term_string"}}],"inLanguage":"cs"}]}},"_links":{"self":[{"href":"https:\/\/www.koupeltech.com\/index.php\/wp-json\/wp\/v2\/product\/33924","targetHints":{"allow":["GET"]}}],"collection":[{"href":"https:\/\/www.koupeltech.com\/index.php\/wp-json\/wp\/v2\/product"}],"about":[{"href":"https:\/\/www.koupeltech.com\/index.php\/wp-json\/wp\/v2\/types\/product"}],"replies":[{"embeddable":true,"href":"https:\/\/www.koupeltech.com\/index.php\/wp-json\/wp\/v2\/comments?post=33924"}],"wp:featuredmedia":[{"embeddable":true,"href":"https:\/\/www.koupeltech.com\/index.php\/wp-json\/wp\/v2\/media\/34024"}],"wp:attachment":[{"href":"https:\/\/www.koupeltech.com\/index.php\/wp-json\/wp\/v2\/media?parent=33924"}],"wp:term":[{"taxonomy":"product_brand","embeddable":true,"href":"https:\/\/www.koupeltech.com\/index.php\/wp-json\/wp\/v2\/product_brand?post=33924"},{"taxonomy":"product_cat","embeddable":true,"href":"https:\/\/www.koupeltech.com\/index.php\/wp-json\/wp\/v2\/product_cat?post=33924"},{"taxonomy":"product_tag","embeddable":true,"href":"https:\/\/www.koupeltech.com\/index.php\/wp-json\/wp\/v2\/product_tag?post=33924"}],"curies":[{"name":"wp","href":"https:\/\/api.w.org\/{rel}","templated":true}]}}