{"id":34512,"date":"2026-04-27T14:01:05","date_gmt":"2026-04-27T14:01:05","guid":{"rendered":""},"modified":"2026-04-27T14:01:05","modified_gmt":"2026-04-27T14:01:05","slug":"zlevneny-rea-lungo-podomitkovy-sprchovy-set-kartacovana-med-box-34512","status":"publish","type":"product","link":"https:\/\/www.koupeltech.com\/index.php\/produkt\/zlevneny-rea-lungo-podomitkovy-sprchovy-set-kartacovana-med-box-34512\/","title":{"rendered":"Zlevn\u011bn\u00fd REA Lungo Podom\u00edtkov\u00fd sprchov\u00fd set kart\u00e1\u010dov\u00e1n\u00e1 m\u011b\u010f + BOX"},"content":{"rendered":"<div class=\"ProductDetail-content NoFixImageContainer\" id=\"productDescription\">\n<div class=\"Heading\">\n<h2 class=\"Heading-title\">Popis produktu <span class=''>REA Lungo Podom\u00edtkov\u00fd sprchov\u00fd set kart\u00e1\u010dov\u00e1n\u00e1 m\u011b\u010f + BOX<\/span><\/h2>\n<\/p><\/div>\n<div class=\"ProductDetailContent\">                                                                    <\/div>\n<div class=\"ProductDetailContent\">\n<div class=\"ProductDetailContent-item\">                                            P\u0159edstavujeme V\u00e1m novou s\u00e9rii Lungo. Dan\u00fd podom\u00edtkov\u00fd set je pro svou univerz\u00e1lnost a \u00fa\u017easnou estetickou v\u00fdbornou volbou pro majitele v\u0161ech typ\u016f koupelen.M\u00f3dn\u00ed tvar baterie, kter\u00fd byl pota\u017een vysoce kvalitn\u00edm \u010dern\u00fdm povrchem pomoc\u00ed laserov\u00e9 technologie. Tato technologie byla aplikov\u00e1na celkem \u010dty\u0159ikr\u00e1t pro vytvo\u0159en\u00ed dokonal\u00e9ho vzhledu. D\u00edky t\u00e9to technologii a metod\u011b lakov\u00e1n\u00ed je baterie chr\u00e1n\u011bna proti korozi, otisk\u016fm prst\u016f, po\u0161pin\u011bn\u00ed a ztr\u00e1ty zabarven\u00ed. Set obsahuje ultratenkou 2mm \u010dtvercovou sprchovou n\u00e1st\u011bnnou kulatou hlavici o velikosti 30cm, samostatnou baterii s podom\u00edtkov\u00fdmi a n\u00e1st\u011bnn\u00fdmi  prvky, hadici, sprchovou ru\u010dn\u00ed hlavici  a dr\u017e\u00e1k. Set Lungo je ide\u00e1ln\u00ed pro v\u0161echny lidi, kte\u0159\u00ed hledaj\u00ed nezvykle a nev\u0161edn\u00ed \u0159e\u0161en\u00ed a cht\u011bj\u00ed si vytvo\u0159it origin\u00e1ln\u00ed a hlavn\u011b jedine\u010dnou koupeln\u00fdch dle sv\u00fdch p\u0159edstav.                                        <\/div>\n<div class=\"ProductDetailContent-item\">\n<ul>\n<li>Barva: <strong>Kart\u00e1\u010dovan\u00e1 m\u011b\u010f<\/strong><\/li>\n<li>Materi\u00e1l: <strong>Mosaz, ABS <\/strong><\/li>\n<li>Typ baterie: <strong>P\u00e1kov\u00e1<\/strong><\/li>\n<li>Zp\u016fsob mont\u00e1\u017ee: <strong>Podom\u00edtkov\u00e1<\/strong><\/li>\n<li>Nastaven\u00ed v\u00fd\u0161ky: <strong>Nastaven\u00ed v\u00fd\u0161ky<\/strong><\/li>\n<li>V\u00fdtok do vany: <strong>Ne<\/strong><\/li>\n<li>Regulace tlaku: <strong>Regulace tlaku<\/strong><\/li>\n<li>Syst\u00e9m Anti-Calc: <strong>Syst\u00e9m Anti-Calc<\/strong><\/li>\n<li>Technologie povlakov\u00e1n\u00ed: <strong>PVD<\/strong><\/li>\n<li>Z\u00e1ruka: <strong>24 m\u011bs\u00edc\u016f<\/strong><\/li>\n<\/ul><\/div>\n<\/p><\/div>\n<\/p><\/div>\n<\/p><\/div>\n<\/p><\/div>\n","protected":false},"excerpt":{"rendered":"<p>Popis produktu REA Lungo Podom\u00edtkov\u00fd sprchov\u00fd set kart\u00e1\u010dov\u00e1n\u00e1 m\u011b\u010f + BOX P\u0159edstavujeme V\u00e1m novou s\u00e9rii Lungo. Dan\u00fd podom\u00edtkov\u00fd set je pro svou univerz\u00e1lnost a \u00fa\u017easnou estetickou v\u00fdbornou volbou pro majitele v\u0161ech typ\u016f koupelen.M\u00f3dn\u00ed tvar baterie, kter\u00fd byl pota\u017een vysoce kvalitn\u00edm \u010dern\u00fdm povrchem pomoc\u00ed laserov\u00e9 technologie. Tato technologie byla aplikov\u00e1na celkem \u010dty\u0159ikr\u00e1t pro vytvo\u0159en\u00ed dokonal\u00e9ho vzhledu. [&hellip;]<\/p>\n","protected":false},"featured_media":34612,"comment_status":"open","ping_status":"open","template":"","meta":[],"product_brand":[],"product_cat":[77],"product_tag":[],"class_list":{"0":"post-34512","1":"product","2":"type-product","3":"status-publish","4":"has-post-thumbnail","6":"product_cat-koupelny","8":"first","9":"instock","10":"sale","11":"shipping-taxable","12":"purchasable","13":"product-type-simple"},"yoast_head":"<!-- This site is optimized with the Yoast SEO plugin v26.8 - https:\/\/yoast.com\/product\/yoast-seo-wordpress\/ -->\n<title>Zlevn\u011bn\u00fd REA Lungo Podom\u00edtkov\u00fd sprchov\u00fd set kart\u00e1\u010dov\u00e1n\u00e1 m\u011b\u010f + BOX -<\/title>\n<meta name=\"robots\" content=\"index, follow, max-snippet:-1, max-image-preview:large, max-video-preview:-1\" \/>\n<link rel=\"canonical\" href=\"https:\/\/www.koupeltech.com\/index.php\/produkt\/zlevneny-rea-lungo-podomitkovy-sprchovy-set-kartacovana-med-box-34512\/\" \/>\n<meta property=\"og:locale\" content=\"cs_CZ\" \/>\n<meta property=\"og:type\" content=\"article\" \/>\n<meta property=\"og:title\" content=\"Zlevn\u011bn\u00fd REA Lungo Podom\u00edtkov\u00fd sprchov\u00fd set kart\u00e1\u010dov\u00e1n\u00e1 m\u011b\u010f + BOX -\" \/>\n<meta property=\"og:description\" content=\"Popis produktu REA Lungo Podom\u00edtkov\u00fd sprchov\u00fd set kart\u00e1\u010dov\u00e1n\u00e1 m\u011b\u010f + BOX P\u0159edstavujeme V\u00e1m novou s\u00e9rii Lungo. Dan\u00fd podom\u00edtkov\u00fd set je pro svou univerz\u00e1lnost a \u00fa\u017easnou estetickou v\u00fdbornou volbou pro majitele v\u0161ech typ\u016f koupelen.M\u00f3dn\u00ed tvar baterie, kter\u00fd byl pota\u017een vysoce kvalitn\u00edm \u010dern\u00fdm povrchem pomoc\u00ed laserov\u00e9 technologie. Tato technologie byla aplikov\u00e1na celkem \u010dty\u0159ikr\u00e1t pro vytvo\u0159en\u00ed dokonal\u00e9ho vzhledu. [&hellip;]\" \/>\n<meta property=\"og:url\" content=\"https:\/\/www.koupeltech.com\/index.php\/produkt\/zlevneny-rea-lungo-podomitkovy-sprchovy-set-kartacovana-med-box-34512\/\" \/>\n<meta property=\"og:image\" content=\"https:\/\/www.koupeltech.com\/wp-content\/uploads\/2026\/SK0025152-CZ20260425-092632-0-1777080397-rea-lungo-podomitkovy-sprchovy-set-kartacovana-med-box-1132.webp\" \/>\n\t<meta property=\"og:image:width\" content=\"600\" \/>\n\t<meta property=\"og:image:height\" content=\"600\" \/>\n\t<meta property=\"og:image:type\" content=\"image\/webp\" \/>\n<meta name=\"twitter:card\" content=\"summary_large_image\" \/>\n<meta name=\"twitter:label1\" content=\"Odhadovan\u00e1 doba \u010dten\u00ed\" \/>\n\t<meta name=\"twitter:data1\" content=\"1 minuta\" \/>\n<script type=\"application\/ld+json\" class=\"yoast-schema-graph\">{\"@context\":\"https:\/\/schema.org\",\"@graph\":[{\"@type\":\"WebPage\",\"@id\":\"https:\/\/www.koupeltech.com\/index.php\/produkt\/zlevneny-rea-lungo-podomitkovy-sprchovy-set-kartacovana-med-box-34512\/\",\"url\":\"https:\/\/www.koupeltech.com\/index.php\/produkt\/zlevneny-rea-lungo-podomitkovy-sprchovy-set-kartacovana-med-box-34512\/\",\"name\":\"Zlevn\u011bn\u00fd REA Lungo Podom\u00edtkov\u00fd sprchov\u00fd set kart\u00e1\u010dov\u00e1n\u00e1 m\u011b\u010f + BOX -\",\"isPartOf\":{\"@id\":\"https:\/\/www.koupeltech.com\/#website\"},\"primaryImageOfPage\":{\"@id\":\"https:\/\/www.koupeltech.com\/index.php\/produkt\/zlevneny-rea-lungo-podomitkovy-sprchovy-set-kartacovana-med-box-34512\/#primaryimage\"},\"image\":{\"@id\":\"https:\/\/www.koupeltech.com\/index.php\/produkt\/zlevneny-rea-lungo-podomitkovy-sprchovy-set-kartacovana-med-box-34512\/#primaryimage\"},\"thumbnailUrl\":\"https:\/\/www.koupeltech.com\/wp-content\/uploads\/2026\/SK0025152-CZ20260425-092632-0-1777080397-rea-lungo-podomitkovy-sprchovy-set-kartacovana-med-box-1132.webp\",\"datePublished\":\"2026-04-27T14:01:05+00:00\",\"breadcrumb\":{\"@id\":\"https:\/\/www.koupeltech.com\/index.php\/produkt\/zlevneny-rea-lungo-podomitkovy-sprchovy-set-kartacovana-med-box-34512\/#breadcrumb\"},\"inLanguage\":\"cs\",\"potentialAction\":[{\"@type\":\"ReadAction\",\"target\":[\"https:\/\/www.koupeltech.com\/index.php\/produkt\/zlevneny-rea-lungo-podomitkovy-sprchovy-set-kartacovana-med-box-34512\/\"]}]},{\"@type\":\"ImageObject\",\"inLanguage\":\"cs\",\"@id\":\"https:\/\/www.koupeltech.com\/index.php\/produkt\/zlevneny-rea-lungo-podomitkovy-sprchovy-set-kartacovana-med-box-34512\/#primaryimage\",\"url\":\"https:\/\/www.koupeltech.com\/wp-content\/uploads\/2026\/SK0025152-CZ20260425-092632-0-1777080397-rea-lungo-podomitkovy-sprchovy-set-kartacovana-med-box-1132.webp\",\"contentUrl\":\"https:\/\/www.koupeltech.com\/wp-content\/uploads\/2026\/SK0025152-CZ20260425-092632-0-1777080397-rea-lungo-podomitkovy-sprchovy-set-kartacovana-med-box-1132.webp\",\"width\":600,\"height\":600},{\"@type\":\"BreadcrumbList\",\"@id\":\"https:\/\/www.koupeltech.com\/index.php\/produkt\/zlevneny-rea-lungo-podomitkovy-sprchovy-set-kartacovana-med-box-34512\/#breadcrumb\",\"itemListElement\":[{\"@type\":\"ListItem\",\"position\":1,\"name\":\"Home\",\"item\":\"https:\/\/www.koupeltech.com\/\"},{\"@type\":\"ListItem\",\"position\":2,\"name\":\"Products\",\"item\":\"https:\/\/www.koupeltech.com\/index.php\/products\/\"},{\"@type\":\"ListItem\",\"position\":3,\"name\":\"Zlevn\u011bn\u00fd REA Lungo Podom\u00edtkov\u00fd sprchov\u00fd set kart\u00e1\u010dov\u00e1n\u00e1 m\u011b\u010f + BOX\"}]},{\"@type\":\"WebSite\",\"@id\":\"https:\/\/www.koupeltech.com\/#website\",\"url\":\"https:\/\/www.koupeltech.com\/\",\"name\":\"\",\"description\":\"\",\"potentialAction\":[{\"@type\":\"SearchAction\",\"target\":{\"@type\":\"EntryPoint\",\"urlTemplate\":\"https:\/\/www.koupeltech.com\/?s={search_term_string}\"},\"query-input\":{\"@type\":\"PropertyValueSpecification\",\"valueRequired\":true,\"valueName\":\"search_term_string\"}}],\"inLanguage\":\"cs\"}]}<\/script>\n<!-- \/ Yoast SEO plugin. -->","yoast_head_json":{"title":"Zlevn\u011bn\u00fd REA Lungo Podom\u00edtkov\u00fd sprchov\u00fd set kart\u00e1\u010dov\u00e1n\u00e1 m\u011b\u010f + BOX -","robots":{"index":"index","follow":"follow","max-snippet":"max-snippet:-1","max-image-preview":"max-image-preview:large","max-video-preview":"max-video-preview:-1"},"canonical":"https:\/\/www.koupeltech.com\/index.php\/produkt\/zlevneny-rea-lungo-podomitkovy-sprchovy-set-kartacovana-med-box-34512\/","og_locale":"cs_CZ","og_type":"article","og_title":"Zlevn\u011bn\u00fd REA Lungo Podom\u00edtkov\u00fd sprchov\u00fd set kart\u00e1\u010dov\u00e1n\u00e1 m\u011b\u010f + BOX -","og_description":"Popis produktu REA Lungo Podom\u00edtkov\u00fd sprchov\u00fd set kart\u00e1\u010dov\u00e1n\u00e1 m\u011b\u010f + BOX P\u0159edstavujeme V\u00e1m novou s\u00e9rii Lungo. Dan\u00fd podom\u00edtkov\u00fd set je pro svou univerz\u00e1lnost a \u00fa\u017easnou estetickou v\u00fdbornou volbou pro majitele v\u0161ech typ\u016f koupelen.M\u00f3dn\u00ed tvar baterie, kter\u00fd byl pota\u017een vysoce kvalitn\u00edm \u010dern\u00fdm povrchem pomoc\u00ed laserov\u00e9 technologie. Tato technologie byla aplikov\u00e1na celkem \u010dty\u0159ikr\u00e1t pro vytvo\u0159en\u00ed dokonal\u00e9ho vzhledu. [&hellip;]","og_url":"https:\/\/www.koupeltech.com\/index.php\/produkt\/zlevneny-rea-lungo-podomitkovy-sprchovy-set-kartacovana-med-box-34512\/","og_image":[{"width":600,"height":600,"url":"https:\/\/www.koupeltech.com\/wp-content\/uploads\/2026\/SK0025152-CZ20260425-092632-0-1777080397-rea-lungo-podomitkovy-sprchovy-set-kartacovana-med-box-1132.webp","type":"image\/webp"}],"twitter_card":"summary_large_image","twitter_misc":{"Odhadovan\u00e1 doba \u010dten\u00ed":"1 minuta"},"schema":{"@context":"https:\/\/schema.org","@graph":[{"@type":"WebPage","@id":"https:\/\/www.koupeltech.com\/index.php\/produkt\/zlevneny-rea-lungo-podomitkovy-sprchovy-set-kartacovana-med-box-34512\/","url":"https:\/\/www.koupeltech.com\/index.php\/produkt\/zlevneny-rea-lungo-podomitkovy-sprchovy-set-kartacovana-med-box-34512\/","name":"Zlevn\u011bn\u00fd REA Lungo Podom\u00edtkov\u00fd sprchov\u00fd set kart\u00e1\u010dov\u00e1n\u00e1 m\u011b\u010f + BOX -","isPartOf":{"@id":"https:\/\/www.koupeltech.com\/#website"},"primaryImageOfPage":{"@id":"https:\/\/www.koupeltech.com\/index.php\/produkt\/zlevneny-rea-lungo-podomitkovy-sprchovy-set-kartacovana-med-box-34512\/#primaryimage"},"image":{"@id":"https:\/\/www.koupeltech.com\/index.php\/produkt\/zlevneny-rea-lungo-podomitkovy-sprchovy-set-kartacovana-med-box-34512\/#primaryimage"},"thumbnailUrl":"https:\/\/www.koupeltech.com\/wp-content\/uploads\/2026\/SK0025152-CZ20260425-092632-0-1777080397-rea-lungo-podomitkovy-sprchovy-set-kartacovana-med-box-1132.webp","datePublished":"2026-04-27T14:01:05+00:00","breadcrumb":{"@id":"https:\/\/www.koupeltech.com\/index.php\/produkt\/zlevneny-rea-lungo-podomitkovy-sprchovy-set-kartacovana-med-box-34512\/#breadcrumb"},"inLanguage":"cs","potentialAction":[{"@type":"ReadAction","target":["https:\/\/www.koupeltech.com\/index.php\/produkt\/zlevneny-rea-lungo-podomitkovy-sprchovy-set-kartacovana-med-box-34512\/"]}]},{"@type":"ImageObject","inLanguage":"cs","@id":"https:\/\/www.koupeltech.com\/index.php\/produkt\/zlevneny-rea-lungo-podomitkovy-sprchovy-set-kartacovana-med-box-34512\/#primaryimage","url":"https:\/\/www.koupeltech.com\/wp-content\/uploads\/2026\/SK0025152-CZ20260425-092632-0-1777080397-rea-lungo-podomitkovy-sprchovy-set-kartacovana-med-box-1132.webp","contentUrl":"https:\/\/www.koupeltech.com\/wp-content\/uploads\/2026\/SK0025152-CZ20260425-092632-0-1777080397-rea-lungo-podomitkovy-sprchovy-set-kartacovana-med-box-1132.webp","width":600,"height":600},{"@type":"BreadcrumbList","@id":"https:\/\/www.koupeltech.com\/index.php\/produkt\/zlevneny-rea-lungo-podomitkovy-sprchovy-set-kartacovana-med-box-34512\/#breadcrumb","itemListElement":[{"@type":"ListItem","position":1,"name":"Home","item":"https:\/\/www.koupeltech.com\/"},{"@type":"ListItem","position":2,"name":"Products","item":"https:\/\/www.koupeltech.com\/index.php\/products\/"},{"@type":"ListItem","position":3,"name":"Zlevn\u011bn\u00fd REA Lungo Podom\u00edtkov\u00fd sprchov\u00fd set kart\u00e1\u010dov\u00e1n\u00e1 m\u011b\u010f + BOX"}]},{"@type":"WebSite","@id":"https:\/\/www.koupeltech.com\/#website","url":"https:\/\/www.koupeltech.com\/","name":"","description":"","potentialAction":[{"@type":"SearchAction","target":{"@type":"EntryPoint","urlTemplate":"https:\/\/www.koupeltech.com\/?s={search_term_string}"},"query-input":{"@type":"PropertyValueSpecification","valueRequired":true,"valueName":"search_term_string"}}],"inLanguage":"cs"}]}},"_links":{"self":[{"href":"https:\/\/www.koupeltech.com\/index.php\/wp-json\/wp\/v2\/product\/34512","targetHints":{"allow":["GET"]}}],"collection":[{"href":"https:\/\/www.koupeltech.com\/index.php\/wp-json\/wp\/v2\/product"}],"about":[{"href":"https:\/\/www.koupeltech.com\/index.php\/wp-json\/wp\/v2\/types\/product"}],"replies":[{"embeddable":true,"href":"https:\/\/www.koupeltech.com\/index.php\/wp-json\/wp\/v2\/comments?post=34512"}],"wp:featuredmedia":[{"embeddable":true,"href":"https:\/\/www.koupeltech.com\/index.php\/wp-json\/wp\/v2\/media\/34612"}],"wp:attachment":[{"href":"https:\/\/www.koupeltech.com\/index.php\/wp-json\/wp\/v2\/media?parent=34512"}],"wp:term":[{"taxonomy":"product_brand","embeddable":true,"href":"https:\/\/www.koupeltech.com\/index.php\/wp-json\/wp\/v2\/product_brand?post=34512"},{"taxonomy":"product_cat","embeddable":true,"href":"https:\/\/www.koupeltech.com\/index.php\/wp-json\/wp\/v2\/product_cat?post=34512"},{"taxonomy":"product_tag","embeddable":true,"href":"https:\/\/www.koupeltech.com\/index.php\/wp-json\/wp\/v2\/product_tag?post=34512"}],"curies":[{"name":"wp","href":"https:\/\/api.w.org\/{rel}","templated":true}]}}