{"id":34520,"date":"2026-04-27T14:01:05","date_gmt":"2026-04-27T14:01:05","guid":{"rendered":""},"modified":"2026-04-27T14:01:05","modified_gmt":"2026-04-27T14:01:05","slug":"znackovy-rea-lungo-vanovy-set-s-termostatem-a-hlavovou-sprchou-metalicky-chrom-34520","status":"publish","type":"product","link":"https:\/\/www.koupeltech.com\/index.php\/produkt\/znackovy-rea-lungo-vanovy-set-s-termostatem-a-hlavovou-sprchou-metalicky-chrom-34520\/","title":{"rendered":"Zna\u010dkov\u00fd Rea Lungo Vanov\u00fd set s termostatem a hlavovou sprchou metalick\u00fd chrom"},"content":{"rendered":"<div class=\"ProductDetail-content NoFixImageContainer\" id=\"productDescription\">\n<div class=\"Heading\">\n<h2 class=\"Heading-title\">Popis produktu <span class=''>Rea Lungo Vanov\u00fd set s termostatem a hlavovou sprchou metalick\u00fd chrom<\/span><\/h2>\n<\/p><\/div>\n<div class=\"ProductDetailContent\">                                                                    <\/div>\n<div class=\"ProductDetailContent\">\n<div class=\"ProductDetailContent-item\">                                            Sprchov\u00e1 sada s termostatem byla navr\u017eena za \u00fa\u010delem dosa\u017een\u00ed Va\u0161eho maxim\u00e1ln\u00edho pohodl\u00ed a jedine\u010dn\u00e9ho designu. Vysok\u00e1 kvalita pou\u017eit\u00fdch materi\u00e1l\u016f zaru\u010duj\u00ed odolnost a vysokou spolehlivost po mnoho let.Modern\u00ed, design\u00e9rsk\u00e1 sprchov\u00e1 sada s neoby\u010dejn\u00fdmi tvary s\u00e9rie Rea Lungo obsahuje termostatickou baterii, vyrobenou z mosazi vysok\u00e9 kvality v honosn\u00e9m zlatoskvouc\u00edm proveden\u00ed. Lakov\u00e1n\u00ed baterie bylo provedeno ve t\u0159ech vrstv\u00e1ch, d\u00edky \u010demu\u017e je baterie odoln\u00e1 v\u016f\u010di korozi a ztr\u00e1t\u011b barvy. Dal\u0161\u00ed d\u00edl\u010d\u00ed prvky jsou vyrobeny z prvot\u0159\u00eddn\u00edch materi\u00e1l\u016f odoln\u00fdch v\u016f\u010di po\u0161kozen\u00ed.                                        <\/div>\n<div class=\"ProductDetailContent-item\">\n<ul>\n<li>Barva: <strong>Chromov\u00e1na<\/strong><\/li>\n<li>Materi\u00e1l: <strong>Mosaz, ABS <\/strong><\/li>\n<li>Typ baterie: <strong>Termostatick\u00e1<\/strong><\/li>\n<li>Zp\u016fsob mont\u00e1\u017ee: <strong>Povrch<\/strong><\/li>\n<li>Nastaven\u00ed v\u00fd\u0161ky: <strong>Nastaven\u00ed v\u00fd\u0161ky<\/strong><\/li>\n<li>Min. v\u00fd\u0161ka\t: <strong>820<\/strong><\/li>\n<li>Max. v\u00fd\u0161ka: <strong>1170<\/strong><\/li>\n<li>V\u00fdtok do vany: <strong>Ano, oto\u010dn\u00e1\t<\/strong><\/li>\n<li>Regulace tlaku: <strong>Regulace tlaku<\/strong><\/li>\n<li>Syst\u00e9m Anti-Calc: <strong>Syst\u00e9m Anti-Calc<\/strong><\/li>\n<li>Technologie povlakov\u00e1n\u00ed: <strong>Chrome plating<\/strong><\/li>\n<li>Rozte\u010de vodovodn\u00edch p\u0159\u00edpojek: <strong>150<\/strong><\/li>\n<li>Z\u00e1ruka: <strong>24 m\u011bs\u00edc\u016f<\/strong><\/li>\n<\/ul><\/div>\n<\/p><\/div>\n<\/p><\/div>\n<\/p><\/div>\n<\/p><\/div>\n","protected":false},"excerpt":{"rendered":"<p>Popis produktu Rea Lungo Vanov\u00fd set s termostatem a hlavovou sprchou metalick\u00fd chrom Sprchov\u00e1 sada s termostatem byla navr\u017eena za \u00fa\u010delem dosa\u017een\u00ed Va\u0161eho maxim\u00e1ln\u00edho pohodl\u00ed a jedine\u010dn\u00e9ho designu. Vysok\u00e1 kvalita pou\u017eit\u00fdch materi\u00e1l\u016f zaru\u010duj\u00ed odolnost a vysokou spolehlivost po mnoho let.Modern\u00ed, design\u00e9rsk\u00e1 sprchov\u00e1 sada s neoby\u010dejn\u00fdmi tvary s\u00e9rie Rea Lungo obsahuje termostatickou baterii, vyrobenou z mosazi [&hellip;]<\/p>\n","protected":false},"featured_media":34620,"comment_status":"open","ping_status":"open","template":"","meta":[],"product_brand":[],"product_cat":[77],"product_tag":[],"class_list":{"0":"post-34520","1":"product","2":"type-product","3":"status-publish","4":"has-post-thumbnail","6":"product_cat-koupelny","8":"first","9":"instock","10":"sale","11":"shipping-taxable","12":"purchasable","13":"product-type-simple"},"yoast_head":"<!-- This site is optimized with the Yoast SEO plugin v26.8 - https:\/\/yoast.com\/product\/yoast-seo-wordpress\/ -->\n<title>Zna\u010dkov\u00fd Rea Lungo Vanov\u00fd set s termostatem a hlavovou sprchou metalick\u00fd chrom -<\/title>\n<meta name=\"robots\" content=\"index, follow, max-snippet:-1, max-image-preview:large, max-video-preview:-1\" \/>\n<link rel=\"canonical\" href=\"https:\/\/www.koupeltech.com\/index.php\/produkt\/znackovy-rea-lungo-vanovy-set-s-termostatem-a-hlavovou-sprchou-metalicky-chrom-34520\/\" \/>\n<meta property=\"og:locale\" content=\"cs_CZ\" \/>\n<meta property=\"og:type\" content=\"article\" \/>\n<meta property=\"og:title\" content=\"Zna\u010dkov\u00fd Rea Lungo Vanov\u00fd set s termostatem a hlavovou sprchou metalick\u00fd chrom -\" \/>\n<meta property=\"og:description\" content=\"Popis produktu Rea Lungo Vanov\u00fd set s termostatem a hlavovou sprchou metalick\u00fd chrom Sprchov\u00e1 sada s termostatem byla navr\u017eena za \u00fa\u010delem dosa\u017een\u00ed Va\u0161eho maxim\u00e1ln\u00edho pohodl\u00ed a jedine\u010dn\u00e9ho designu. Vysok\u00e1 kvalita pou\u017eit\u00fdch materi\u00e1l\u016f zaru\u010duj\u00ed odolnost a vysokou spolehlivost po mnoho let.Modern\u00ed, design\u00e9rsk\u00e1 sprchov\u00e1 sada s neoby\u010dejn\u00fdmi tvary s\u00e9rie Rea Lungo obsahuje termostatickou baterii, vyrobenou z mosazi [&hellip;]\" \/>\n<meta property=\"og:url\" content=\"https:\/\/www.koupeltech.com\/index.php\/produkt\/znackovy-rea-lungo-vanovy-set-s-termostatem-a-hlavovou-sprchou-metalicky-chrom-34520\/\" \/>\n<meta property=\"og:image\" content=\"https:\/\/www.koupeltech.com\/wp-content\/uploads\/2026\/SK0025160-CZ20260425-092632-0-1777080397-rea-lungo-vanovy-set-s-termostatem-a-hlavovou-sprchou-metal.webp\" \/>\n\t<meta property=\"og:image:width\" content=\"600\" \/>\n\t<meta property=\"og:image:height\" content=\"600\" \/>\n\t<meta property=\"og:image:type\" content=\"image\/webp\" \/>\n<meta name=\"twitter:card\" content=\"summary_large_image\" \/>\n<meta name=\"twitter:label1\" content=\"Odhadovan\u00e1 doba \u010dten\u00ed\" \/>\n\t<meta name=\"twitter:data1\" content=\"1 minuta\" \/>\n<script type=\"application\/ld+json\" class=\"yoast-schema-graph\">{\"@context\":\"https:\/\/schema.org\",\"@graph\":[{\"@type\":\"WebPage\",\"@id\":\"https:\/\/www.koupeltech.com\/index.php\/produkt\/znackovy-rea-lungo-vanovy-set-s-termostatem-a-hlavovou-sprchou-metalicky-chrom-34520\/\",\"url\":\"https:\/\/www.koupeltech.com\/index.php\/produkt\/znackovy-rea-lungo-vanovy-set-s-termostatem-a-hlavovou-sprchou-metalicky-chrom-34520\/\",\"name\":\"Zna\u010dkov\u00fd Rea Lungo Vanov\u00fd set s termostatem a hlavovou sprchou metalick\u00fd chrom -\",\"isPartOf\":{\"@id\":\"https:\/\/www.koupeltech.com\/#website\"},\"primaryImageOfPage\":{\"@id\":\"https:\/\/www.koupeltech.com\/index.php\/produkt\/znackovy-rea-lungo-vanovy-set-s-termostatem-a-hlavovou-sprchou-metalicky-chrom-34520\/#primaryimage\"},\"image\":{\"@id\":\"https:\/\/www.koupeltech.com\/index.php\/produkt\/znackovy-rea-lungo-vanovy-set-s-termostatem-a-hlavovou-sprchou-metalicky-chrom-34520\/#primaryimage\"},\"thumbnailUrl\":\"https:\/\/www.koupeltech.com\/wp-content\/uploads\/2026\/SK0025160-CZ20260425-092632-0-1777080397-rea-lungo-vanovy-set-s-termostatem-a-hlavovou-sprchou-metal.webp\",\"datePublished\":\"2026-04-27T14:01:05+00:00\",\"breadcrumb\":{\"@id\":\"https:\/\/www.koupeltech.com\/index.php\/produkt\/znackovy-rea-lungo-vanovy-set-s-termostatem-a-hlavovou-sprchou-metalicky-chrom-34520\/#breadcrumb\"},\"inLanguage\":\"cs\",\"potentialAction\":[{\"@type\":\"ReadAction\",\"target\":[\"https:\/\/www.koupeltech.com\/index.php\/produkt\/znackovy-rea-lungo-vanovy-set-s-termostatem-a-hlavovou-sprchou-metalicky-chrom-34520\/\"]}]},{\"@type\":\"ImageObject\",\"inLanguage\":\"cs\",\"@id\":\"https:\/\/www.koupeltech.com\/index.php\/produkt\/znackovy-rea-lungo-vanovy-set-s-termostatem-a-hlavovou-sprchou-metalicky-chrom-34520\/#primaryimage\",\"url\":\"https:\/\/www.koupeltech.com\/wp-content\/uploads\/2026\/SK0025160-CZ20260425-092632-0-1777080397-rea-lungo-vanovy-set-s-termostatem-a-hlavovou-sprchou-metal.webp\",\"contentUrl\":\"https:\/\/www.koupeltech.com\/wp-content\/uploads\/2026\/SK0025160-CZ20260425-092632-0-1777080397-rea-lungo-vanovy-set-s-termostatem-a-hlavovou-sprchou-metal.webp\",\"width\":600,\"height\":600},{\"@type\":\"BreadcrumbList\",\"@id\":\"https:\/\/www.koupeltech.com\/index.php\/produkt\/znackovy-rea-lungo-vanovy-set-s-termostatem-a-hlavovou-sprchou-metalicky-chrom-34520\/#breadcrumb\",\"itemListElement\":[{\"@type\":\"ListItem\",\"position\":1,\"name\":\"Home\",\"item\":\"https:\/\/www.koupeltech.com\/\"},{\"@type\":\"ListItem\",\"position\":2,\"name\":\"Products\",\"item\":\"https:\/\/www.koupeltech.com\/index.php\/products\/\"},{\"@type\":\"ListItem\",\"position\":3,\"name\":\"Zna\u010dkov\u00fd Rea Lungo Vanov\u00fd set s termostatem a hlavovou sprchou metalick\u00fd chrom\"}]},{\"@type\":\"WebSite\",\"@id\":\"https:\/\/www.koupeltech.com\/#website\",\"url\":\"https:\/\/www.koupeltech.com\/\",\"name\":\"\",\"description\":\"\",\"potentialAction\":[{\"@type\":\"SearchAction\",\"target\":{\"@type\":\"EntryPoint\",\"urlTemplate\":\"https:\/\/www.koupeltech.com\/?s={search_term_string}\"},\"query-input\":{\"@type\":\"PropertyValueSpecification\",\"valueRequired\":true,\"valueName\":\"search_term_string\"}}],\"inLanguage\":\"cs\"}]}<\/script>\n<!-- \/ Yoast SEO plugin. -->","yoast_head_json":{"title":"Zna\u010dkov\u00fd Rea Lungo Vanov\u00fd set s termostatem a hlavovou sprchou metalick\u00fd chrom -","robots":{"index":"index","follow":"follow","max-snippet":"max-snippet:-1","max-image-preview":"max-image-preview:large","max-video-preview":"max-video-preview:-1"},"canonical":"https:\/\/www.koupeltech.com\/index.php\/produkt\/znackovy-rea-lungo-vanovy-set-s-termostatem-a-hlavovou-sprchou-metalicky-chrom-34520\/","og_locale":"cs_CZ","og_type":"article","og_title":"Zna\u010dkov\u00fd Rea Lungo Vanov\u00fd set s termostatem a hlavovou sprchou metalick\u00fd chrom -","og_description":"Popis produktu Rea Lungo Vanov\u00fd set s termostatem a hlavovou sprchou metalick\u00fd chrom Sprchov\u00e1 sada s termostatem byla navr\u017eena za \u00fa\u010delem dosa\u017een\u00ed Va\u0161eho maxim\u00e1ln\u00edho pohodl\u00ed a jedine\u010dn\u00e9ho designu. Vysok\u00e1 kvalita pou\u017eit\u00fdch materi\u00e1l\u016f zaru\u010duj\u00ed odolnost a vysokou spolehlivost po mnoho let.Modern\u00ed, design\u00e9rsk\u00e1 sprchov\u00e1 sada s neoby\u010dejn\u00fdmi tvary s\u00e9rie Rea Lungo obsahuje termostatickou baterii, vyrobenou z mosazi [&hellip;]","og_url":"https:\/\/www.koupeltech.com\/index.php\/produkt\/znackovy-rea-lungo-vanovy-set-s-termostatem-a-hlavovou-sprchou-metalicky-chrom-34520\/","og_image":[{"width":600,"height":600,"url":"https:\/\/www.koupeltech.com\/wp-content\/uploads\/2026\/SK0025160-CZ20260425-092632-0-1777080397-rea-lungo-vanovy-set-s-termostatem-a-hlavovou-sprchou-metal.webp","type":"image\/webp"}],"twitter_card":"summary_large_image","twitter_misc":{"Odhadovan\u00e1 doba \u010dten\u00ed":"1 minuta"},"schema":{"@context":"https:\/\/schema.org","@graph":[{"@type":"WebPage","@id":"https:\/\/www.koupeltech.com\/index.php\/produkt\/znackovy-rea-lungo-vanovy-set-s-termostatem-a-hlavovou-sprchou-metalicky-chrom-34520\/","url":"https:\/\/www.koupeltech.com\/index.php\/produkt\/znackovy-rea-lungo-vanovy-set-s-termostatem-a-hlavovou-sprchou-metalicky-chrom-34520\/","name":"Zna\u010dkov\u00fd Rea Lungo Vanov\u00fd set s termostatem a hlavovou sprchou metalick\u00fd chrom -","isPartOf":{"@id":"https:\/\/www.koupeltech.com\/#website"},"primaryImageOfPage":{"@id":"https:\/\/www.koupeltech.com\/index.php\/produkt\/znackovy-rea-lungo-vanovy-set-s-termostatem-a-hlavovou-sprchou-metalicky-chrom-34520\/#primaryimage"},"image":{"@id":"https:\/\/www.koupeltech.com\/index.php\/produkt\/znackovy-rea-lungo-vanovy-set-s-termostatem-a-hlavovou-sprchou-metalicky-chrom-34520\/#primaryimage"},"thumbnailUrl":"https:\/\/www.koupeltech.com\/wp-content\/uploads\/2026\/SK0025160-CZ20260425-092632-0-1777080397-rea-lungo-vanovy-set-s-termostatem-a-hlavovou-sprchou-metal.webp","datePublished":"2026-04-27T14:01:05+00:00","breadcrumb":{"@id":"https:\/\/www.koupeltech.com\/index.php\/produkt\/znackovy-rea-lungo-vanovy-set-s-termostatem-a-hlavovou-sprchou-metalicky-chrom-34520\/#breadcrumb"},"inLanguage":"cs","potentialAction":[{"@type":"ReadAction","target":["https:\/\/www.koupeltech.com\/index.php\/produkt\/znackovy-rea-lungo-vanovy-set-s-termostatem-a-hlavovou-sprchou-metalicky-chrom-34520\/"]}]},{"@type":"ImageObject","inLanguage":"cs","@id":"https:\/\/www.koupeltech.com\/index.php\/produkt\/znackovy-rea-lungo-vanovy-set-s-termostatem-a-hlavovou-sprchou-metalicky-chrom-34520\/#primaryimage","url":"https:\/\/www.koupeltech.com\/wp-content\/uploads\/2026\/SK0025160-CZ20260425-092632-0-1777080397-rea-lungo-vanovy-set-s-termostatem-a-hlavovou-sprchou-metal.webp","contentUrl":"https:\/\/www.koupeltech.com\/wp-content\/uploads\/2026\/SK0025160-CZ20260425-092632-0-1777080397-rea-lungo-vanovy-set-s-termostatem-a-hlavovou-sprchou-metal.webp","width":600,"height":600},{"@type":"BreadcrumbList","@id":"https:\/\/www.koupeltech.com\/index.php\/produkt\/znackovy-rea-lungo-vanovy-set-s-termostatem-a-hlavovou-sprchou-metalicky-chrom-34520\/#breadcrumb","itemListElement":[{"@type":"ListItem","position":1,"name":"Home","item":"https:\/\/www.koupeltech.com\/"},{"@type":"ListItem","position":2,"name":"Products","item":"https:\/\/www.koupeltech.com\/index.php\/products\/"},{"@type":"ListItem","position":3,"name":"Zna\u010dkov\u00fd Rea Lungo Vanov\u00fd set s termostatem a hlavovou sprchou metalick\u00fd chrom"}]},{"@type":"WebSite","@id":"https:\/\/www.koupeltech.com\/#website","url":"https:\/\/www.koupeltech.com\/","name":"","description":"","potentialAction":[{"@type":"SearchAction","target":{"@type":"EntryPoint","urlTemplate":"https:\/\/www.koupeltech.com\/?s={search_term_string}"},"query-input":{"@type":"PropertyValueSpecification","valueRequired":true,"valueName":"search_term_string"}}],"inLanguage":"cs"}]}},"_links":{"self":[{"href":"https:\/\/www.koupeltech.com\/index.php\/wp-json\/wp\/v2\/product\/34520","targetHints":{"allow":["GET"]}}],"collection":[{"href":"https:\/\/www.koupeltech.com\/index.php\/wp-json\/wp\/v2\/product"}],"about":[{"href":"https:\/\/www.koupeltech.com\/index.php\/wp-json\/wp\/v2\/types\/product"}],"replies":[{"embeddable":true,"href":"https:\/\/www.koupeltech.com\/index.php\/wp-json\/wp\/v2\/comments?post=34520"}],"wp:featuredmedia":[{"embeddable":true,"href":"https:\/\/www.koupeltech.com\/index.php\/wp-json\/wp\/v2\/media\/34620"}],"wp:attachment":[{"href":"https:\/\/www.koupeltech.com\/index.php\/wp-json\/wp\/v2\/media?parent=34520"}],"wp:term":[{"taxonomy":"product_brand","embeddable":true,"href":"https:\/\/www.koupeltech.com\/index.php\/wp-json\/wp\/v2\/product_brand?post=34520"},{"taxonomy":"product_cat","embeddable":true,"href":"https:\/\/www.koupeltech.com\/index.php\/wp-json\/wp\/v2\/product_cat?post=34520"},{"taxonomy":"product_tag","embeddable":true,"href":"https:\/\/www.koupeltech.com\/index.php\/wp-json\/wp\/v2\/product_tag?post=34520"}],"curies":[{"name":"wp","href":"https:\/\/api.w.org\/{rel}","templated":true}]}}