{"id":34542,"date":"2026-04-27T14:01:05","date_gmt":"2026-04-27T14:01:05","guid":{"rendered":""},"modified":"2026-04-27T14:01:05","modified_gmt":"2026-04-27T14:01:05","slug":"zlevneny-rea-lungo-podomitkova-umyvadlova-baterie-metalicke-zlato-box-34542","status":"publish","type":"product","link":"https:\/\/www.koupeltech.com\/index.php\/produkt\/zlevneny-rea-lungo-podomitkova-umyvadlova-baterie-metalicke-zlato-box-34542\/","title":{"rendered":"Zlevn\u011bn\u00fd REA Lungo Podom\u00edtkov\u00e1 umyvadlov\u00e1 baterie metalick\u00e9 zlato + BOX"},"content":{"rendered":"<div class=\"ProductDetail-content NoFixImageContainer\" id=\"productDescription\">\n<div class=\"Heading\">\n<h2 class=\"Heading-title\">Popis produktu <span class=''>REA Lungo Podom\u00edtkov\u00e1 umyvadlov\u00e1 baterie metalick\u00e9 zlato + BOX<\/span><\/h2>\n<\/p><\/div>\n<div class=\"ProductDetailContent\">                                                                    <\/div>\n<div class=\"ProductDetailContent\">\n<div class=\"ProductDetailContent-item\">                                            Hled\u00e1te elegantn\u00ed armaturu, kter\u00e1 prom\u011bn\u00ed va\u0161i koupelnu? Ocen\u00edte luxus a modernu, kter\u00e9 nab\u00edz\u00ed podom\u00edtkov\u00e1 umyvadlov\u00e1 baterie Rea Lungo Diamond v proveden\u00ed Zlat\u00fd Lesk. Jde o ide\u00e1ln\u00ed spojen\u00ed minimalistick\u00e9ho designu a v\u00fdrazn\u00e9ho diamantov\u00e9ho r\u00fdhov\u00e1n\u00ed, je\u017e baterii dod\u00e1v\u00e1 jedine\u010dn\u00fd charakter. Vyrobena z mosazi a opat\u0159ena pokro\u010dilou PVD vrstvou zaji\u0161\u0165uje nejen atraktivn\u00ed vzhled, ale i dlouhodobou spolehlivost a odolnost proti korozi.Diamantov\u00e9 r\u00fdhov\u00e1n\u00ed na rukojeti \u2013 charakteristn\u00ed detail dod\u00e1vaj\u00edc\u00ed aran\u017em\u00e1 \u0161mrnc a eleganci.Mosazn\u00e9 proveden\u00ed \u2013 z\u00e1ruka trvanlivosti, pevnosti a odolnosti proti mechanick\u00e9mu po\u0161kozen\u00ed.Zlat\u00fd Lesk \u2013 m\u00f3dn\u00ed barva a povrch pro luxusn\u00ed akcent v koupeln\u011b.PVD povrch \u2013 v\u00fdjime\u010dn\u00e1 odolnost proti od\u011bru, matov\u00e1n\u00ed a korozi.Podom\u00edtkov\u00e1 mont\u00e1\u017e s Boxem \u2013 modern\u00ed syst\u00e9m usnad\u0148uj\u00edc\u00ed instalaci a servis a skryt\u00ed technick\u00fdch \u010d\u00e1st\u00ed.Keramick\u00e1 kartu\u0161e \u2013 plynul\u00e1 a p\u0159esn\u00e1 regulace pr\u016ftoku a teploty.Pevn\u00e9 v\u00fdtokov\u00e9 ram\u00ednko optim\u00e1ln\u00edho dosahu \u2013 pohodln\u00e9 ka\u017edodenn\u00ed pou\u017e\u00edv\u00e1n\u00ed.Integrovan\u00fd perl\u00e1tor \u2013 pom\u00e1h\u00e1 sni\u017eovat spot\u0159ebu vody.Podom\u00edtkov\u00e1 baterie Rea Lungo Diamond Zlat\u00fd Lesk je skv\u011blou volbou pro v\u0161echny, kdo si cen\u00ed luxusu, minimalistick\u00fdch tvar\u016f a modern\u00edho designu. D\u00edky syst\u00e9mu Box a diamantov\u00fdm detail\u016fm se stane ozdobou ka\u017ed\u00e9 koupelny.                                        <\/div>\n<div class=\"ProductDetailContent-item\">\n<ul>\n<li>Typ baterie: <strong>umyvadlov\u00e1, vana<\/strong><\/li>\n<li>Zp\u016fsob mont\u00e1\u017ee: <strong>N\u00e1st\u011bnn\u00e1, Podom\u00edtkov\u00e1<\/strong><\/li>\n<li>Barva: <strong>Zlata<\/strong><\/li>\n<li>Typ v\u00fdtoku: <strong>Pevn\u00e1<\/strong><\/li>\n<li>Materi\u00e1l: <strong>Mosaz<\/strong><\/li>\n<li>Rozsah hubice: <strong>190<\/strong><\/li>\n<li>Technologie povlakov\u00e1n\u00ed: <strong>PVD<\/strong><\/li>\n<li>Pr\u016fm\u011br p\u0159ipojen\u00ed: <strong>1\/2 palce<\/strong><\/li>\n<li>Z\u00e1ruka: <strong>5 let<\/strong><\/li>\n<\/ul><\/div>\n<\/p><\/div>\n<\/p><\/div>\n<\/p><\/div>\n<\/p><\/div>\n","protected":false},"excerpt":{"rendered":"<p>Popis produktu REA Lungo Podom\u00edtkov\u00e1 umyvadlov\u00e1 baterie metalick\u00e9 zlato + BOX Hled\u00e1te elegantn\u00ed armaturu, kter\u00e1 prom\u011bn\u00ed va\u0161i koupelnu? Ocen\u00edte luxus a modernu, kter\u00e9 nab\u00edz\u00ed podom\u00edtkov\u00e1 umyvadlov\u00e1 baterie Rea Lungo Diamond v proveden\u00ed Zlat\u00fd Lesk. Jde o ide\u00e1ln\u00ed spojen\u00ed minimalistick\u00e9ho designu a v\u00fdrazn\u00e9ho diamantov\u00e9ho r\u00fdhov\u00e1n\u00ed, je\u017e baterii dod\u00e1v\u00e1 jedine\u010dn\u00fd charakter. Vyrobena z mosazi a opat\u0159ena pokro\u010dilou [&hellip;]<\/p>\n","protected":false},"featured_media":34642,"comment_status":"open","ping_status":"open","template":"","meta":[],"product_brand":[],"product_cat":[77],"product_tag":[],"class_list":{"0":"post-34542","1":"product","2":"type-product","3":"status-publish","4":"has-post-thumbnail","6":"product_cat-koupelny","8":"first","9":"instock","10":"sale","11":"shipping-taxable","12":"purchasable","13":"product-type-simple"},"yoast_head":"<!-- This site is optimized with the Yoast SEO plugin v26.8 - https:\/\/yoast.com\/product\/yoast-seo-wordpress\/ -->\n<title>Zlevn\u011bn\u00fd REA Lungo Podom\u00edtkov\u00e1 umyvadlov\u00e1 baterie metalick\u00e9 zlato + BOX -<\/title>\n<meta name=\"robots\" content=\"index, follow, max-snippet:-1, max-image-preview:large, max-video-preview:-1\" \/>\n<link rel=\"canonical\" href=\"https:\/\/www.koupeltech.com\/index.php\/produkt\/zlevneny-rea-lungo-podomitkova-umyvadlova-baterie-metalicke-zlato-box-34542\/\" \/>\n<meta property=\"og:locale\" content=\"cs_CZ\" \/>\n<meta property=\"og:type\" content=\"article\" \/>\n<meta property=\"og:title\" content=\"Zlevn\u011bn\u00fd REA Lungo Podom\u00edtkov\u00e1 umyvadlov\u00e1 baterie metalick\u00e9 zlato + BOX -\" \/>\n<meta property=\"og:description\" content=\"Popis produktu REA Lungo Podom\u00edtkov\u00e1 umyvadlov\u00e1 baterie metalick\u00e9 zlato + BOX Hled\u00e1te elegantn\u00ed armaturu, kter\u00e1 prom\u011bn\u00ed va\u0161i koupelnu? Ocen\u00edte luxus a modernu, kter\u00e9 nab\u00edz\u00ed podom\u00edtkov\u00e1 umyvadlov\u00e1 baterie Rea Lungo Diamond v proveden\u00ed Zlat\u00fd Lesk. Jde o ide\u00e1ln\u00ed spojen\u00ed minimalistick\u00e9ho designu a v\u00fdrazn\u00e9ho diamantov\u00e9ho r\u00fdhov\u00e1n\u00ed, je\u017e baterii dod\u00e1v\u00e1 jedine\u010dn\u00fd charakter. Vyrobena z mosazi a opat\u0159ena pokro\u010dilou [&hellip;]\" \/>\n<meta property=\"og:url\" content=\"https:\/\/www.koupeltech.com\/index.php\/produkt\/zlevneny-rea-lungo-podomitkova-umyvadlova-baterie-metalicke-zlato-box-34542\/\" \/>\n<meta property=\"og:image\" content=\"https:\/\/www.koupeltech.com\/wp-content\/uploads\/2026\/SK0025182-CZ20260425-092632-0-1777080397-rea-lungo-podomitkova-umyvadlova-baterie-metalicke-zlato-bo.webp\" \/>\n\t<meta property=\"og:image:width\" content=\"600\" \/>\n\t<meta property=\"og:image:height\" content=\"600\" \/>\n\t<meta property=\"og:image:type\" content=\"image\/webp\" \/>\n<meta name=\"twitter:card\" content=\"summary_large_image\" \/>\n<meta name=\"twitter:label1\" content=\"Odhadovan\u00e1 doba \u010dten\u00ed\" \/>\n\t<meta name=\"twitter:data1\" content=\"1 minuta\" \/>\n<script type=\"application\/ld+json\" class=\"yoast-schema-graph\">{\"@context\":\"https:\/\/schema.org\",\"@graph\":[{\"@type\":\"WebPage\",\"@id\":\"https:\/\/www.koupeltech.com\/index.php\/produkt\/zlevneny-rea-lungo-podomitkova-umyvadlova-baterie-metalicke-zlato-box-34542\/\",\"url\":\"https:\/\/www.koupeltech.com\/index.php\/produkt\/zlevneny-rea-lungo-podomitkova-umyvadlova-baterie-metalicke-zlato-box-34542\/\",\"name\":\"Zlevn\u011bn\u00fd REA Lungo Podom\u00edtkov\u00e1 umyvadlov\u00e1 baterie metalick\u00e9 zlato + BOX -\",\"isPartOf\":{\"@id\":\"https:\/\/www.koupeltech.com\/#website\"},\"primaryImageOfPage\":{\"@id\":\"https:\/\/www.koupeltech.com\/index.php\/produkt\/zlevneny-rea-lungo-podomitkova-umyvadlova-baterie-metalicke-zlato-box-34542\/#primaryimage\"},\"image\":{\"@id\":\"https:\/\/www.koupeltech.com\/index.php\/produkt\/zlevneny-rea-lungo-podomitkova-umyvadlova-baterie-metalicke-zlato-box-34542\/#primaryimage\"},\"thumbnailUrl\":\"https:\/\/www.koupeltech.com\/wp-content\/uploads\/2026\/SK0025182-CZ20260425-092632-0-1777080397-rea-lungo-podomitkova-umyvadlova-baterie-metalicke-zlato-bo.webp\",\"datePublished\":\"2026-04-27T14:01:05+00:00\",\"breadcrumb\":{\"@id\":\"https:\/\/www.koupeltech.com\/index.php\/produkt\/zlevneny-rea-lungo-podomitkova-umyvadlova-baterie-metalicke-zlato-box-34542\/#breadcrumb\"},\"inLanguage\":\"cs\",\"potentialAction\":[{\"@type\":\"ReadAction\",\"target\":[\"https:\/\/www.koupeltech.com\/index.php\/produkt\/zlevneny-rea-lungo-podomitkova-umyvadlova-baterie-metalicke-zlato-box-34542\/\"]}]},{\"@type\":\"ImageObject\",\"inLanguage\":\"cs\",\"@id\":\"https:\/\/www.koupeltech.com\/index.php\/produkt\/zlevneny-rea-lungo-podomitkova-umyvadlova-baterie-metalicke-zlato-box-34542\/#primaryimage\",\"url\":\"https:\/\/www.koupeltech.com\/wp-content\/uploads\/2026\/SK0025182-CZ20260425-092632-0-1777080397-rea-lungo-podomitkova-umyvadlova-baterie-metalicke-zlato-bo.webp\",\"contentUrl\":\"https:\/\/www.koupeltech.com\/wp-content\/uploads\/2026\/SK0025182-CZ20260425-092632-0-1777080397-rea-lungo-podomitkova-umyvadlova-baterie-metalicke-zlato-bo.webp\",\"width\":600,\"height\":600},{\"@type\":\"BreadcrumbList\",\"@id\":\"https:\/\/www.koupeltech.com\/index.php\/produkt\/zlevneny-rea-lungo-podomitkova-umyvadlova-baterie-metalicke-zlato-box-34542\/#breadcrumb\",\"itemListElement\":[{\"@type\":\"ListItem\",\"position\":1,\"name\":\"Home\",\"item\":\"https:\/\/www.koupeltech.com\/\"},{\"@type\":\"ListItem\",\"position\":2,\"name\":\"Products\",\"item\":\"https:\/\/www.koupeltech.com\/index.php\/products\/\"},{\"@type\":\"ListItem\",\"position\":3,\"name\":\"Zlevn\u011bn\u00fd REA Lungo Podom\u00edtkov\u00e1 umyvadlov\u00e1 baterie metalick\u00e9 zlato + BOX\"}]},{\"@type\":\"WebSite\",\"@id\":\"https:\/\/www.koupeltech.com\/#website\",\"url\":\"https:\/\/www.koupeltech.com\/\",\"name\":\"\",\"description\":\"\",\"potentialAction\":[{\"@type\":\"SearchAction\",\"target\":{\"@type\":\"EntryPoint\",\"urlTemplate\":\"https:\/\/www.koupeltech.com\/?s={search_term_string}\"},\"query-input\":{\"@type\":\"PropertyValueSpecification\",\"valueRequired\":true,\"valueName\":\"search_term_string\"}}],\"inLanguage\":\"cs\"}]}<\/script>\n<!-- \/ Yoast SEO plugin. -->","yoast_head_json":{"title":"Zlevn\u011bn\u00fd REA Lungo Podom\u00edtkov\u00e1 umyvadlov\u00e1 baterie metalick\u00e9 zlato + BOX -","robots":{"index":"index","follow":"follow","max-snippet":"max-snippet:-1","max-image-preview":"max-image-preview:large","max-video-preview":"max-video-preview:-1"},"canonical":"https:\/\/www.koupeltech.com\/index.php\/produkt\/zlevneny-rea-lungo-podomitkova-umyvadlova-baterie-metalicke-zlato-box-34542\/","og_locale":"cs_CZ","og_type":"article","og_title":"Zlevn\u011bn\u00fd REA Lungo Podom\u00edtkov\u00e1 umyvadlov\u00e1 baterie metalick\u00e9 zlato + BOX -","og_description":"Popis produktu REA Lungo Podom\u00edtkov\u00e1 umyvadlov\u00e1 baterie metalick\u00e9 zlato + BOX Hled\u00e1te elegantn\u00ed armaturu, kter\u00e1 prom\u011bn\u00ed va\u0161i koupelnu? Ocen\u00edte luxus a modernu, kter\u00e9 nab\u00edz\u00ed podom\u00edtkov\u00e1 umyvadlov\u00e1 baterie Rea Lungo Diamond v proveden\u00ed Zlat\u00fd Lesk. Jde o ide\u00e1ln\u00ed spojen\u00ed minimalistick\u00e9ho designu a v\u00fdrazn\u00e9ho diamantov\u00e9ho r\u00fdhov\u00e1n\u00ed, je\u017e baterii dod\u00e1v\u00e1 jedine\u010dn\u00fd charakter. Vyrobena z mosazi a opat\u0159ena pokro\u010dilou [&hellip;]","og_url":"https:\/\/www.koupeltech.com\/index.php\/produkt\/zlevneny-rea-lungo-podomitkova-umyvadlova-baterie-metalicke-zlato-box-34542\/","og_image":[{"width":600,"height":600,"url":"https:\/\/www.koupeltech.com\/wp-content\/uploads\/2026\/SK0025182-CZ20260425-092632-0-1777080397-rea-lungo-podomitkova-umyvadlova-baterie-metalicke-zlato-bo.webp","type":"image\/webp"}],"twitter_card":"summary_large_image","twitter_misc":{"Odhadovan\u00e1 doba \u010dten\u00ed":"1 minuta"},"schema":{"@context":"https:\/\/schema.org","@graph":[{"@type":"WebPage","@id":"https:\/\/www.koupeltech.com\/index.php\/produkt\/zlevneny-rea-lungo-podomitkova-umyvadlova-baterie-metalicke-zlato-box-34542\/","url":"https:\/\/www.koupeltech.com\/index.php\/produkt\/zlevneny-rea-lungo-podomitkova-umyvadlova-baterie-metalicke-zlato-box-34542\/","name":"Zlevn\u011bn\u00fd REA Lungo Podom\u00edtkov\u00e1 umyvadlov\u00e1 baterie metalick\u00e9 zlato + BOX -","isPartOf":{"@id":"https:\/\/www.koupeltech.com\/#website"},"primaryImageOfPage":{"@id":"https:\/\/www.koupeltech.com\/index.php\/produkt\/zlevneny-rea-lungo-podomitkova-umyvadlova-baterie-metalicke-zlato-box-34542\/#primaryimage"},"image":{"@id":"https:\/\/www.koupeltech.com\/index.php\/produkt\/zlevneny-rea-lungo-podomitkova-umyvadlova-baterie-metalicke-zlato-box-34542\/#primaryimage"},"thumbnailUrl":"https:\/\/www.koupeltech.com\/wp-content\/uploads\/2026\/SK0025182-CZ20260425-092632-0-1777080397-rea-lungo-podomitkova-umyvadlova-baterie-metalicke-zlato-bo.webp","datePublished":"2026-04-27T14:01:05+00:00","breadcrumb":{"@id":"https:\/\/www.koupeltech.com\/index.php\/produkt\/zlevneny-rea-lungo-podomitkova-umyvadlova-baterie-metalicke-zlato-box-34542\/#breadcrumb"},"inLanguage":"cs","potentialAction":[{"@type":"ReadAction","target":["https:\/\/www.koupeltech.com\/index.php\/produkt\/zlevneny-rea-lungo-podomitkova-umyvadlova-baterie-metalicke-zlato-box-34542\/"]}]},{"@type":"ImageObject","inLanguage":"cs","@id":"https:\/\/www.koupeltech.com\/index.php\/produkt\/zlevneny-rea-lungo-podomitkova-umyvadlova-baterie-metalicke-zlato-box-34542\/#primaryimage","url":"https:\/\/www.koupeltech.com\/wp-content\/uploads\/2026\/SK0025182-CZ20260425-092632-0-1777080397-rea-lungo-podomitkova-umyvadlova-baterie-metalicke-zlato-bo.webp","contentUrl":"https:\/\/www.koupeltech.com\/wp-content\/uploads\/2026\/SK0025182-CZ20260425-092632-0-1777080397-rea-lungo-podomitkova-umyvadlova-baterie-metalicke-zlato-bo.webp","width":600,"height":600},{"@type":"BreadcrumbList","@id":"https:\/\/www.koupeltech.com\/index.php\/produkt\/zlevneny-rea-lungo-podomitkova-umyvadlova-baterie-metalicke-zlato-box-34542\/#breadcrumb","itemListElement":[{"@type":"ListItem","position":1,"name":"Home","item":"https:\/\/www.koupeltech.com\/"},{"@type":"ListItem","position":2,"name":"Products","item":"https:\/\/www.koupeltech.com\/index.php\/products\/"},{"@type":"ListItem","position":3,"name":"Zlevn\u011bn\u00fd REA Lungo Podom\u00edtkov\u00e1 umyvadlov\u00e1 baterie metalick\u00e9 zlato + BOX"}]},{"@type":"WebSite","@id":"https:\/\/www.koupeltech.com\/#website","url":"https:\/\/www.koupeltech.com\/","name":"","description":"","potentialAction":[{"@type":"SearchAction","target":{"@type":"EntryPoint","urlTemplate":"https:\/\/www.koupeltech.com\/?s={search_term_string}"},"query-input":{"@type":"PropertyValueSpecification","valueRequired":true,"valueName":"search_term_string"}}],"inLanguage":"cs"}]}},"_links":{"self":[{"href":"https:\/\/www.koupeltech.com\/index.php\/wp-json\/wp\/v2\/product\/34542","targetHints":{"allow":["GET"]}}],"collection":[{"href":"https:\/\/www.koupeltech.com\/index.php\/wp-json\/wp\/v2\/product"}],"about":[{"href":"https:\/\/www.koupeltech.com\/index.php\/wp-json\/wp\/v2\/types\/product"}],"replies":[{"embeddable":true,"href":"https:\/\/www.koupeltech.com\/index.php\/wp-json\/wp\/v2\/comments?post=34542"}],"wp:featuredmedia":[{"embeddable":true,"href":"https:\/\/www.koupeltech.com\/index.php\/wp-json\/wp\/v2\/media\/34642"}],"wp:attachment":[{"href":"https:\/\/www.koupeltech.com\/index.php\/wp-json\/wp\/v2\/media?parent=34542"}],"wp:term":[{"taxonomy":"product_brand","embeddable":true,"href":"https:\/\/www.koupeltech.com\/index.php\/wp-json\/wp\/v2\/product_brand?post=34542"},{"taxonomy":"product_cat","embeddable":true,"href":"https:\/\/www.koupeltech.com\/index.php\/wp-json\/wp\/v2\/product_cat?post=34542"},{"taxonomy":"product_tag","embeddable":true,"href":"https:\/\/www.koupeltech.com\/index.php\/wp-json\/wp\/v2\/product_tag?post=34542"}],"curies":[{"name":"wp","href":"https:\/\/api.w.org\/{rel}","templated":true}]}}