{"id":34552,"date":"2026-04-27T14:01:05","date_gmt":"2026-04-27T14:01:05","guid":{"rendered":""},"modified":"2026-04-27T14:01:05","modified_gmt":"2026-04-27T14:01:05","slug":"zlevneny-rea-foss-clif-podomitkovy-sprchovy-set-kartacovane-zlato-box-34552","status":"publish","type":"product","link":"https:\/\/www.koupeltech.com\/index.php\/produkt\/zlevneny-rea-foss-clif-podomitkovy-sprchovy-set-kartacovane-zlato-box-34552\/","title":{"rendered":"Zlevn\u011bn\u00fd REA Foss Clif Podom\u00edtkov\u00fd sprchov\u00fd set kart\u00e1\u010dovan\u00e9 zlato + BOX"},"content":{"rendered":"<div class=\"ProductDetail-content NoFixImageContainer\" id=\"productDescription\">\n<div class=\"Heading\">\n<h2 class=\"Heading-title\">Popis produktu <span class=''>REA Foss Clif Podom\u00edtkov\u00fd sprchov\u00fd set kart\u00e1\u010dovan\u00e9 zlato + BOX<\/span><\/h2>\n<\/p><\/div>\n<div class=\"ProductDetailContent\">                                                                    <\/div>\n<div class=\"ProductDetailContent\">\n<div class=\"ProductDetailContent-item\">                                            Objevte dokonal\u00e9 spojen\u00ed minimalistick\u00e9ho stylu a vysok\u00e9 ergonomie, kter\u00e9 nab\u00edz\u00ed podom\u00edtkov\u00e1 sprchov\u00e1 souprava Rea Foss\/Clif v proveden\u00ed Kart\u00e1\u010dovan\u00e9 Zlato. D\u00edky d\u016frazu na detail je tato souprava ide\u00e1ln\u00ed pro modern\u00ed koupelny, kde je d\u016fle\u017eit\u00e1 \u010dist\u00e1 linie a estetika. Skryt\u00e1 mont\u00e1\u017e a odoln\u00e9 materi\u00e1ly zaji\u0161\u0165uj\u00ed dlouhou \u017eivotnost, komfort i odolnost p\u0159i ka\u017edodenn\u00edm pou\u017e\u00edv\u00e1n\u00ed.Povrch Kart\u00e1\u010dovan\u00e9 Zlato \u2013 dod\u00e1v\u00e1 interi\u00e9ru luxusn\u00ed a modern\u00ed vzhled.Inovativn\u00ed BOX syst\u00e9m \u2013 usnad\u0148uje podom\u00edtkovou instalaci a umo\u017e\u0148uje snadn\u00fd servisn\u00ed p\u0159\u00edstup.Odoln\u00e9 materi\u00e1ly (mosaz a ABS) \u2013 zaru\u010duj\u00ed pevnost a odolnost v\u016f\u010di vlhkosti.Pokro\u010dil\u00e1 PVD \u00faprava \u2013 a\u017e 15\u00d7 vy\u0161\u0161\u00ed odolnost proti po\u0161kr\u00e1b\u00e1n\u00ed a korozi.Anti-Calc technologie \u2013 usnad\u0148uje \u00fadr\u017ebu a \u010di\u0161t\u011bn\u00ed trysek.Kompletn\u00ed sprchov\u00e1 sada \u2013 obsahuje baterii s BOXem, hlavovou sprchu, rameno, ru\u010dn\u00ed sprchu, hadici a dr\u017e\u00e1k.Podom\u00edtkov\u00fd sprchov\u00fd set Rea Foss\/Clif Kart\u00e1\u010dovan\u00e9 Zlato je promy\u0161lenou volbou pro ka\u017ed\u00e9ho, kdo ocen\u00ed kvalitn\u00ed proveden\u00ed a modern\u00ed design.                                        <\/div>\n<div class=\"ProductDetailContent-item\">\n<ul>\n<li>Barva: <strong>Brou\u0161en\u00e9 zlato<\/strong><\/li>\n<li>Materi\u00e1l: <strong>Mosaz, ABS <\/strong><\/li>\n<li>Typ baterie: <strong>P\u00e1kov\u00e1<\/strong><\/li>\n<li>Zp\u016fsob mont\u00e1\u017ee: <strong>Podom\u00edtkov\u00e1<\/strong><\/li>\n<li>Nastaven\u00ed v\u00fd\u0161ky: <strong>Nastaven\u00ed v\u00fd\u0161ky<\/strong><\/li>\n<li>V\u00fdtok do vany: <strong>Ne<\/strong><\/li>\n<li>Regulace tlaku: <strong>Regulace tlaku<\/strong><\/li>\n<li>Syst\u00e9m Anti-Calc: <strong>Syst\u00e9m Anti-Calc<\/strong><\/li>\n<li>Technologie povlakov\u00e1n\u00ed: <strong>PVD<\/strong><\/li>\n<li>Model lampy: <strong>JS-7029N<\/strong><\/li>\n<li>Z\u00e1ruka: <strong>24 m\u011bs\u00edc\u016f<\/strong><\/li>\n<\/ul><\/div>\n<\/p><\/div>\n<\/p><\/div>\n<\/p><\/div>\n<\/p><\/div>\n","protected":false},"excerpt":{"rendered":"<p>Popis produktu REA Foss Clif Podom\u00edtkov\u00fd sprchov\u00fd set kart\u00e1\u010dovan\u00e9 zlato + BOX Objevte dokonal\u00e9 spojen\u00ed minimalistick\u00e9ho stylu a vysok\u00e9 ergonomie, kter\u00e9 nab\u00edz\u00ed podom\u00edtkov\u00e1 sprchov\u00e1 souprava Rea Foss\/Clif v proveden\u00ed Kart\u00e1\u010dovan\u00e9 Zlato. D\u00edky d\u016frazu na detail je tato souprava ide\u00e1ln\u00ed pro modern\u00ed koupelny, kde je d\u016fle\u017eit\u00e1 \u010dist\u00e1 linie a estetika. Skryt\u00e1 mont\u00e1\u017e a odoln\u00e9 materi\u00e1ly zaji\u0161\u0165uj\u00ed [&hellip;]<\/p>\n","protected":false},"featured_media":34652,"comment_status":"open","ping_status":"open","template":"","meta":[],"product_brand":[],"product_cat":[77],"product_tag":[],"class_list":{"0":"post-34552","1":"product","2":"type-product","3":"status-publish","4":"has-post-thumbnail","6":"product_cat-koupelny","8":"first","9":"instock","10":"sale","11":"shipping-taxable","12":"purchasable","13":"product-type-simple"},"yoast_head":"<!-- This site is optimized with the Yoast SEO plugin v26.8 - https:\/\/yoast.com\/product\/yoast-seo-wordpress\/ -->\n<title>Zlevn\u011bn\u00fd REA Foss Clif Podom\u00edtkov\u00fd sprchov\u00fd set kart\u00e1\u010dovan\u00e9 zlato + BOX -<\/title>\n<meta name=\"robots\" content=\"index, follow, max-snippet:-1, max-image-preview:large, max-video-preview:-1\" \/>\n<link rel=\"canonical\" href=\"https:\/\/www.koupeltech.com\/index.php\/produkt\/zlevneny-rea-foss-clif-podomitkovy-sprchovy-set-kartacovane-zlato-box-34552\/\" \/>\n<meta property=\"og:locale\" content=\"cs_CZ\" \/>\n<meta property=\"og:type\" content=\"article\" \/>\n<meta property=\"og:title\" content=\"Zlevn\u011bn\u00fd REA Foss Clif Podom\u00edtkov\u00fd sprchov\u00fd set kart\u00e1\u010dovan\u00e9 zlato + BOX -\" \/>\n<meta property=\"og:description\" content=\"Popis produktu REA Foss Clif Podom\u00edtkov\u00fd sprchov\u00fd set kart\u00e1\u010dovan\u00e9 zlato + BOX Objevte dokonal\u00e9 spojen\u00ed minimalistick\u00e9ho stylu a vysok\u00e9 ergonomie, kter\u00e9 nab\u00edz\u00ed podom\u00edtkov\u00e1 sprchov\u00e1 souprava Rea Foss\/Clif v proveden\u00ed Kart\u00e1\u010dovan\u00e9 Zlato. D\u00edky d\u016frazu na detail je tato souprava ide\u00e1ln\u00ed pro modern\u00ed koupelny, kde je d\u016fle\u017eit\u00e1 \u010dist\u00e1 linie a estetika. Skryt\u00e1 mont\u00e1\u017e a odoln\u00e9 materi\u00e1ly zaji\u0161\u0165uj\u00ed [&hellip;]\" \/>\n<meta property=\"og:url\" content=\"https:\/\/www.koupeltech.com\/index.php\/produkt\/zlevneny-rea-foss-clif-podomitkovy-sprchovy-set-kartacovane-zlato-box-34552\/\" \/>\n<meta property=\"og:image\" content=\"https:\/\/www.koupeltech.com\/wp-content\/uploads\/2026\/SK0025192-CZ20260425-092632-0-1777080397-rea-foss-clif-podomitkovy-sprchovy-set-kartacovane-zlato-bo.webp\" \/>\n\t<meta property=\"og:image:width\" content=\"600\" \/>\n\t<meta property=\"og:image:height\" content=\"600\" \/>\n\t<meta property=\"og:image:type\" content=\"image\/webp\" \/>\n<meta name=\"twitter:card\" content=\"summary_large_image\" \/>\n<meta name=\"twitter:label1\" content=\"Odhadovan\u00e1 doba \u010dten\u00ed\" \/>\n\t<meta name=\"twitter:data1\" content=\"1 minuta\" \/>\n<script type=\"application\/ld+json\" class=\"yoast-schema-graph\">{\"@context\":\"https:\/\/schema.org\",\"@graph\":[{\"@type\":\"WebPage\",\"@id\":\"https:\/\/www.koupeltech.com\/index.php\/produkt\/zlevneny-rea-foss-clif-podomitkovy-sprchovy-set-kartacovane-zlato-box-34552\/\",\"url\":\"https:\/\/www.koupeltech.com\/index.php\/produkt\/zlevneny-rea-foss-clif-podomitkovy-sprchovy-set-kartacovane-zlato-box-34552\/\",\"name\":\"Zlevn\u011bn\u00fd REA Foss Clif Podom\u00edtkov\u00fd sprchov\u00fd set kart\u00e1\u010dovan\u00e9 zlato + BOX -\",\"isPartOf\":{\"@id\":\"https:\/\/www.koupeltech.com\/#website\"},\"primaryImageOfPage\":{\"@id\":\"https:\/\/www.koupeltech.com\/index.php\/produkt\/zlevneny-rea-foss-clif-podomitkovy-sprchovy-set-kartacovane-zlato-box-34552\/#primaryimage\"},\"image\":{\"@id\":\"https:\/\/www.koupeltech.com\/index.php\/produkt\/zlevneny-rea-foss-clif-podomitkovy-sprchovy-set-kartacovane-zlato-box-34552\/#primaryimage\"},\"thumbnailUrl\":\"https:\/\/www.koupeltech.com\/wp-content\/uploads\/2026\/SK0025192-CZ20260425-092632-0-1777080397-rea-foss-clif-podomitkovy-sprchovy-set-kartacovane-zlato-bo.webp\",\"datePublished\":\"2026-04-27T14:01:05+00:00\",\"breadcrumb\":{\"@id\":\"https:\/\/www.koupeltech.com\/index.php\/produkt\/zlevneny-rea-foss-clif-podomitkovy-sprchovy-set-kartacovane-zlato-box-34552\/#breadcrumb\"},\"inLanguage\":\"cs\",\"potentialAction\":[{\"@type\":\"ReadAction\",\"target\":[\"https:\/\/www.koupeltech.com\/index.php\/produkt\/zlevneny-rea-foss-clif-podomitkovy-sprchovy-set-kartacovane-zlato-box-34552\/\"]}]},{\"@type\":\"ImageObject\",\"inLanguage\":\"cs\",\"@id\":\"https:\/\/www.koupeltech.com\/index.php\/produkt\/zlevneny-rea-foss-clif-podomitkovy-sprchovy-set-kartacovane-zlato-box-34552\/#primaryimage\",\"url\":\"https:\/\/www.koupeltech.com\/wp-content\/uploads\/2026\/SK0025192-CZ20260425-092632-0-1777080397-rea-foss-clif-podomitkovy-sprchovy-set-kartacovane-zlato-bo.webp\",\"contentUrl\":\"https:\/\/www.koupeltech.com\/wp-content\/uploads\/2026\/SK0025192-CZ20260425-092632-0-1777080397-rea-foss-clif-podomitkovy-sprchovy-set-kartacovane-zlato-bo.webp\",\"width\":600,\"height\":600},{\"@type\":\"BreadcrumbList\",\"@id\":\"https:\/\/www.koupeltech.com\/index.php\/produkt\/zlevneny-rea-foss-clif-podomitkovy-sprchovy-set-kartacovane-zlato-box-34552\/#breadcrumb\",\"itemListElement\":[{\"@type\":\"ListItem\",\"position\":1,\"name\":\"Home\",\"item\":\"https:\/\/www.koupeltech.com\/\"},{\"@type\":\"ListItem\",\"position\":2,\"name\":\"Products\",\"item\":\"https:\/\/www.koupeltech.com\/index.php\/products\/\"},{\"@type\":\"ListItem\",\"position\":3,\"name\":\"Zlevn\u011bn\u00fd REA Foss Clif Podom\u00edtkov\u00fd sprchov\u00fd set kart\u00e1\u010dovan\u00e9 zlato + BOX\"}]},{\"@type\":\"WebSite\",\"@id\":\"https:\/\/www.koupeltech.com\/#website\",\"url\":\"https:\/\/www.koupeltech.com\/\",\"name\":\"\",\"description\":\"\",\"potentialAction\":[{\"@type\":\"SearchAction\",\"target\":{\"@type\":\"EntryPoint\",\"urlTemplate\":\"https:\/\/www.koupeltech.com\/?s={search_term_string}\"},\"query-input\":{\"@type\":\"PropertyValueSpecification\",\"valueRequired\":true,\"valueName\":\"search_term_string\"}}],\"inLanguage\":\"cs\"}]}<\/script>\n<!-- \/ Yoast SEO plugin. -->","yoast_head_json":{"title":"Zlevn\u011bn\u00fd REA Foss Clif Podom\u00edtkov\u00fd sprchov\u00fd set kart\u00e1\u010dovan\u00e9 zlato + BOX -","robots":{"index":"index","follow":"follow","max-snippet":"max-snippet:-1","max-image-preview":"max-image-preview:large","max-video-preview":"max-video-preview:-1"},"canonical":"https:\/\/www.koupeltech.com\/index.php\/produkt\/zlevneny-rea-foss-clif-podomitkovy-sprchovy-set-kartacovane-zlato-box-34552\/","og_locale":"cs_CZ","og_type":"article","og_title":"Zlevn\u011bn\u00fd REA Foss Clif Podom\u00edtkov\u00fd sprchov\u00fd set kart\u00e1\u010dovan\u00e9 zlato + BOX -","og_description":"Popis produktu REA Foss Clif Podom\u00edtkov\u00fd sprchov\u00fd set kart\u00e1\u010dovan\u00e9 zlato + BOX Objevte dokonal\u00e9 spojen\u00ed minimalistick\u00e9ho stylu a vysok\u00e9 ergonomie, kter\u00e9 nab\u00edz\u00ed podom\u00edtkov\u00e1 sprchov\u00e1 souprava Rea Foss\/Clif v proveden\u00ed Kart\u00e1\u010dovan\u00e9 Zlato. D\u00edky d\u016frazu na detail je tato souprava ide\u00e1ln\u00ed pro modern\u00ed koupelny, kde je d\u016fle\u017eit\u00e1 \u010dist\u00e1 linie a estetika. Skryt\u00e1 mont\u00e1\u017e a odoln\u00e9 materi\u00e1ly zaji\u0161\u0165uj\u00ed [&hellip;]","og_url":"https:\/\/www.koupeltech.com\/index.php\/produkt\/zlevneny-rea-foss-clif-podomitkovy-sprchovy-set-kartacovane-zlato-box-34552\/","og_image":[{"width":600,"height":600,"url":"https:\/\/www.koupeltech.com\/wp-content\/uploads\/2026\/SK0025192-CZ20260425-092632-0-1777080397-rea-foss-clif-podomitkovy-sprchovy-set-kartacovane-zlato-bo.webp","type":"image\/webp"}],"twitter_card":"summary_large_image","twitter_misc":{"Odhadovan\u00e1 doba \u010dten\u00ed":"1 minuta"},"schema":{"@context":"https:\/\/schema.org","@graph":[{"@type":"WebPage","@id":"https:\/\/www.koupeltech.com\/index.php\/produkt\/zlevneny-rea-foss-clif-podomitkovy-sprchovy-set-kartacovane-zlato-box-34552\/","url":"https:\/\/www.koupeltech.com\/index.php\/produkt\/zlevneny-rea-foss-clif-podomitkovy-sprchovy-set-kartacovane-zlato-box-34552\/","name":"Zlevn\u011bn\u00fd REA Foss Clif Podom\u00edtkov\u00fd sprchov\u00fd set kart\u00e1\u010dovan\u00e9 zlato + BOX -","isPartOf":{"@id":"https:\/\/www.koupeltech.com\/#website"},"primaryImageOfPage":{"@id":"https:\/\/www.koupeltech.com\/index.php\/produkt\/zlevneny-rea-foss-clif-podomitkovy-sprchovy-set-kartacovane-zlato-box-34552\/#primaryimage"},"image":{"@id":"https:\/\/www.koupeltech.com\/index.php\/produkt\/zlevneny-rea-foss-clif-podomitkovy-sprchovy-set-kartacovane-zlato-box-34552\/#primaryimage"},"thumbnailUrl":"https:\/\/www.koupeltech.com\/wp-content\/uploads\/2026\/SK0025192-CZ20260425-092632-0-1777080397-rea-foss-clif-podomitkovy-sprchovy-set-kartacovane-zlato-bo.webp","datePublished":"2026-04-27T14:01:05+00:00","breadcrumb":{"@id":"https:\/\/www.koupeltech.com\/index.php\/produkt\/zlevneny-rea-foss-clif-podomitkovy-sprchovy-set-kartacovane-zlato-box-34552\/#breadcrumb"},"inLanguage":"cs","potentialAction":[{"@type":"ReadAction","target":["https:\/\/www.koupeltech.com\/index.php\/produkt\/zlevneny-rea-foss-clif-podomitkovy-sprchovy-set-kartacovane-zlato-box-34552\/"]}]},{"@type":"ImageObject","inLanguage":"cs","@id":"https:\/\/www.koupeltech.com\/index.php\/produkt\/zlevneny-rea-foss-clif-podomitkovy-sprchovy-set-kartacovane-zlato-box-34552\/#primaryimage","url":"https:\/\/www.koupeltech.com\/wp-content\/uploads\/2026\/SK0025192-CZ20260425-092632-0-1777080397-rea-foss-clif-podomitkovy-sprchovy-set-kartacovane-zlato-bo.webp","contentUrl":"https:\/\/www.koupeltech.com\/wp-content\/uploads\/2026\/SK0025192-CZ20260425-092632-0-1777080397-rea-foss-clif-podomitkovy-sprchovy-set-kartacovane-zlato-bo.webp","width":600,"height":600},{"@type":"BreadcrumbList","@id":"https:\/\/www.koupeltech.com\/index.php\/produkt\/zlevneny-rea-foss-clif-podomitkovy-sprchovy-set-kartacovane-zlato-box-34552\/#breadcrumb","itemListElement":[{"@type":"ListItem","position":1,"name":"Home","item":"https:\/\/www.koupeltech.com\/"},{"@type":"ListItem","position":2,"name":"Products","item":"https:\/\/www.koupeltech.com\/index.php\/products\/"},{"@type":"ListItem","position":3,"name":"Zlevn\u011bn\u00fd REA Foss Clif Podom\u00edtkov\u00fd sprchov\u00fd set kart\u00e1\u010dovan\u00e9 zlato + BOX"}]},{"@type":"WebSite","@id":"https:\/\/www.koupeltech.com\/#website","url":"https:\/\/www.koupeltech.com\/","name":"","description":"","potentialAction":[{"@type":"SearchAction","target":{"@type":"EntryPoint","urlTemplate":"https:\/\/www.koupeltech.com\/?s={search_term_string}"},"query-input":{"@type":"PropertyValueSpecification","valueRequired":true,"valueName":"search_term_string"}}],"inLanguage":"cs"}]}},"_links":{"self":[{"href":"https:\/\/www.koupeltech.com\/index.php\/wp-json\/wp\/v2\/product\/34552","targetHints":{"allow":["GET"]}}],"collection":[{"href":"https:\/\/www.koupeltech.com\/index.php\/wp-json\/wp\/v2\/product"}],"about":[{"href":"https:\/\/www.koupeltech.com\/index.php\/wp-json\/wp\/v2\/types\/product"}],"replies":[{"embeddable":true,"href":"https:\/\/www.koupeltech.com\/index.php\/wp-json\/wp\/v2\/comments?post=34552"}],"wp:featuredmedia":[{"embeddable":true,"href":"https:\/\/www.koupeltech.com\/index.php\/wp-json\/wp\/v2\/media\/34652"}],"wp:attachment":[{"href":"https:\/\/www.koupeltech.com\/index.php\/wp-json\/wp\/v2\/media?parent=34552"}],"wp:term":[{"taxonomy":"product_brand","embeddable":true,"href":"https:\/\/www.koupeltech.com\/index.php\/wp-json\/wp\/v2\/product_brand?post=34552"},{"taxonomy":"product_cat","embeddable":true,"href":"https:\/\/www.koupeltech.com\/index.php\/wp-json\/wp\/v2\/product_cat?post=34552"},{"taxonomy":"product_tag","embeddable":true,"href":"https:\/\/www.koupeltech.com\/index.php\/wp-json\/wp\/v2\/product_tag?post=34552"}],"curies":[{"name":"wp","href":"https:\/\/api.w.org\/{rel}","templated":true}]}}