{"id":34587,"date":"2026-04-27T14:01:05","date_gmt":"2026-04-27T14:01:05","guid":{"rendered":""},"modified":"2026-04-27T14:01:05","modified_gmt":"2026-04-27T14:01:05","slug":"ponorne-kalove-cerpadlo-dab-nova-objednat-nyni-34587","status":"publish","type":"product","link":"https:\/\/www.koupeltech.com\/index.php\/produkt\/ponorne-kalove-cerpadlo-dab-nova-objednat-nyni-34587\/","title":{"rendered":"Ponorn\u00e9 kalov\u00e9 \u010derpadlo DAB.NOVA Objednat Nyn\u00ed"},"content":{"rendered":"<div class=\"ProductDetail-content NoFixImageContainer\" id=\"productDescription\">\n<div class=\"Heading\">\n<h2 class=\"Heading-title\">Popis produktu <span class=''>Ponorn\u00e9 kalov\u00e9 \u010derpadlo DAB.NOVA<\/span><\/h2>\n<\/p><\/div>\n<div class=\"ProductDetailContent\">\n<p>Ponorn\u00e9 dren\u00e1\u017en\u00ed \u010derpadlo pro od\u010derp\u00e1v\u00e1n\u00ed m\u00edrn\u011b zne\u010di\u0161t\u011bn\u00e9 a&nbsp;de\u0161\u0165ov\u00e9 vody.&nbsp; Je k&nbsp;dispozici v&nbsp;automatick\u00e9 verzi s&nbsp;vestav\u011bn\u00fdm plov\u00e1kov\u00fdm sp\u00edna\u010dem nebo ve&nbsp;verzi s&nbsp;manu\u00e1ln\u00edm startem. M\u016f\u017ee b\u00fdt pou\u017eito pro vyprazd\u0148ov\u00e1n\u00ed n\u00e1dr\u017e\u00ed nebo j\u00edmek a&nbsp;jako p\u0159enosn\u00e9 \u010derpadlo. Vodot\u011bsn\u00fd asynchronn\u00ed motor chlazen\u00fd \u010derpanou kapalinou. Vestav\u011bn\u00e1 tepeln\u00e1 ochrana motoru a&nbsp;kondenz\u00e1tor u&nbsp;jednof\u00e1zov\u00e9 verze. Pro t\u0159\u00edf\u00e1zov\u00e9 motory nutno pou\u017e\u00edt vhodn\u00e9 ochrany motoru proti p\u0159et\u00ed\u017een\u00ed. Elektrick\u00e1 z\u00e1str\u010dka dod\u00e1van\u00e1 standardn\u011b pro jednof\u00e1zovou verzi je SCHUKO CEE 7 &#8211; VII &#8211; UNEL 47166-68.<\/p>\n<ul>\n<li><strong>A:<\/strong>&nbsp;automatick\u00e9 s&nbsp;plov\u00e1kem<\/li>\n<li><strong>NA:&nbsp;<\/strong>bez plov\u00e1ku<\/li>\n<li><strong>M:&nbsp;<\/strong>jednof\u00e1zov\u00e9<\/li>\n<li><strong>T:&nbsp;<\/strong>t\u0159\u00edf\u00e1zov\u00e9<\/li>\n<\/ul>\n<h3 style=\"text-align:justify\">Minim\u00e1ln\u00ed sac\u00ed hloubka<\/h3>\n<ul>\n<li style=\"text-align:justify\">NOVA 180 M-A:90&nbsp;mm<\/li>\n<li style=\"text-align:justify\">NOVA 180 M-NA: 8&nbsp;mm<\/li>\n<li style=\"text-align:justify\">NOVA 200 M-NA: 8&nbsp;mm<\/li>\n<li style=\"text-align:justify\">NOVA 300 M-A: 100&nbsp;mm<\/li>\n<li style=\"text-align:justify\">NOVA 300 M-NA: 13&nbsp;mm<\/li>\n<li style=\"text-align:justify\">NOVA 600 M-A: 150&nbsp;mm<\/li>\n<li style=\"text-align:justify\">NOVA 600 M-NA: 30&nbsp;mm<\/li>\n<\/ul>\n<h3>Technick\u00e9 parametry<\/h3>\n<ul>\n<li>Minim\u00e1ln\u00ed a maxim\u00e1ln\u00ed pr\u016ftok: od 1 m3 \/ h do 16 m3 \/ h<\/li>\n<li>V\u00fdtla\u010dn\u00e1 v\u00fd\u0161ka a\u017e do: 10,2 m<\/li>\n<li>Maxim\u00e1ln\u00ed hloubka ponoru: 7 m<\/li>\n<li>\u010cerpan\u00e1 kapalina: kaln\u00e1 voda bez vl\u00e1ken nebo de\u0161\u0165ov\u00e1 voda<\/li>\n<li>Pr\u016fchodnost: 5 mm nebo 10 mm (v z\u00e1vislosti na modelu)<\/li>\n<li>Minim\u00e1ln\u00ed nevy\u010derpateln\u00fd zbytek:\n<ul>\n<li>NOVA 180\/200 8 mm<\/li>\n<li>NOVA 300 13 mm<\/li>\n<li>NOVA 600 30 mm<\/li>\n<\/ul>\n<\/li>\n<li>Rozsah teploty kapaliny min. a max .:\n<ul>\n<li>od + 0 \u00b0 C do + 35 \u00b0 C pro dom\u00e1c\u00ed pou\u017eit\u00ed<\/li>\n<li>od + 0 \u00b0 C do + 50 \u00b0 C pro jin\u00e9 pou\u017eit\u00ed<\/li>\n<\/ul>\n<\/li>\n<li>Stupe\u0148 kryt\u00ed: IP 68<\/li>\n<li>T\u0159\u00edda izolace: F<\/li>\n<li>Standardn\u00ed nap\u011bt\u00ed:\n<ul>\n<li>1&#215;230 V 50 Hz<\/li>\n<li>3&#215;400 V 50 Hz<\/li>\n<\/ul>\n<\/li>\n<li>Instalace: pevn\u00e1 nebo p\u0159enosn\u00e1 ve vertik\u00e1ln\u00ed poloze<\/li>\n<\/ul><\/div>\n<div class=\"ProductDetailContent\">                                                                    <\/div>\n<\/p><\/div>\n<\/p><\/div>\n<\/p><\/div>\n","protected":false},"excerpt":{"rendered":"<p>Popis produktu Ponorn\u00e9 kalov\u00e9 \u010derpadlo DAB.NOVA Ponorn\u00e9 dren\u00e1\u017en\u00ed \u010derpadlo pro od\u010derp\u00e1v\u00e1n\u00ed m\u00edrn\u011b zne\u010di\u0161t\u011bn\u00e9 a&nbsp;de\u0161\u0165ov\u00e9 vody.&nbsp; Je k&nbsp;dispozici v&nbsp;automatick\u00e9 verzi s&nbsp;vestav\u011bn\u00fdm plov\u00e1kov\u00fdm sp\u00edna\u010dem nebo ve&nbsp;verzi s&nbsp;manu\u00e1ln\u00edm startem. M\u016f\u017ee b\u00fdt pou\u017eito pro vyprazd\u0148ov\u00e1n\u00ed n\u00e1dr\u017e\u00ed nebo j\u00edmek a&nbsp;jako p\u0159enosn\u00e9 \u010derpadlo. Vodot\u011bsn\u00fd asynchronn\u00ed motor chlazen\u00fd \u010derpanou kapalinou. Vestav\u011bn\u00e1 tepeln\u00e1 ochrana motoru a&nbsp;kondenz\u00e1tor u&nbsp;jednof\u00e1zov\u00e9 verze. Pro t\u0159\u00edf\u00e1zov\u00e9 motory nutno pou\u017e\u00edt [&hellip;]<\/p>\n","protected":false},"featured_media":34687,"comment_status":"open","ping_status":"open","template":"","meta":[],"product_brand":[],"product_cat":[81],"product_tag":[],"class_list":{"0":"post-34587","1":"product","2":"type-product","3":"status-publish","4":"has-post-thumbnail","6":"product_cat-septiky-jimky-nadrze","8":"first","9":"instock","10":"sale","11":"shipping-taxable","12":"purchasable","13":"product-type-simple"},"yoast_head":"<!-- This site is optimized with the Yoast SEO plugin v26.8 - https:\/\/yoast.com\/product\/yoast-seo-wordpress\/ -->\n<title>Ponorn\u00e9 kalov\u00e9 \u010derpadlo DAB.NOVA Objednat Nyn\u00ed -<\/title>\n<meta name=\"robots\" content=\"index, follow, max-snippet:-1, max-image-preview:large, max-video-preview:-1\" \/>\n<link rel=\"canonical\" href=\"https:\/\/www.koupeltech.com\/index.php\/produkt\/ponorne-kalove-cerpadlo-dab-nova-objednat-nyni-34587\/\" \/>\n<meta property=\"og:locale\" content=\"cs_CZ\" \/>\n<meta property=\"og:type\" content=\"article\" \/>\n<meta property=\"og:title\" content=\"Ponorn\u00e9 kalov\u00e9 \u010derpadlo DAB.NOVA Objednat Nyn\u00ed -\" \/>\n<meta property=\"og:description\" content=\"Popis produktu Ponorn\u00e9 kalov\u00e9 \u010derpadlo DAB.NOVA Ponorn\u00e9 dren\u00e1\u017en\u00ed \u010derpadlo pro od\u010derp\u00e1v\u00e1n\u00ed m\u00edrn\u011b zne\u010di\u0161t\u011bn\u00e9 a&nbsp;de\u0161\u0165ov\u00e9 vody.&nbsp; Je k&nbsp;dispozici v&nbsp;automatick\u00e9 verzi s&nbsp;vestav\u011bn\u00fdm plov\u00e1kov\u00fdm sp\u00edna\u010dem nebo ve&nbsp;verzi s&nbsp;manu\u00e1ln\u00edm startem. M\u016f\u017ee b\u00fdt pou\u017eito pro vyprazd\u0148ov\u00e1n\u00ed n\u00e1dr\u017e\u00ed nebo j\u00edmek a&nbsp;jako p\u0159enosn\u00e9 \u010derpadlo. Vodot\u011bsn\u00fd asynchronn\u00ed motor chlazen\u00fd \u010derpanou kapalinou. Vestav\u011bn\u00e1 tepeln\u00e1 ochrana motoru a&nbsp;kondenz\u00e1tor u&nbsp;jednof\u00e1zov\u00e9 verze. Pro t\u0159\u00edf\u00e1zov\u00e9 motory nutno pou\u017e\u00edt [&hellip;]\" \/>\n<meta property=\"og:url\" content=\"https:\/\/www.koupeltech.com\/index.php\/produkt\/ponorne-kalove-cerpadlo-dab-nova-objednat-nyni-34587\/\" \/>\n<meta property=\"og:image\" content=\"https:\/\/www.koupeltech.com\/wp-content\/uploads\/2026\/SK0025227-CZ20260425-092632-0-1777080397-ponorne-kalove-cerpadlo-dab-nova-1165131.webp\" \/>\n\t<meta property=\"og:image:width\" content=\"563\" \/>\n\t<meta property=\"og:image:height\" content=\"600\" \/>\n\t<meta property=\"og:image:type\" content=\"image\/webp\" \/>\n<meta name=\"twitter:card\" content=\"summary_large_image\" \/>\n<meta name=\"twitter:label1\" content=\"Odhadovan\u00e1 doba \u010dten\u00ed\" \/>\n\t<meta name=\"twitter:data1\" content=\"1 minuta\" \/>\n<script type=\"application\/ld+json\" class=\"yoast-schema-graph\">{\"@context\":\"https:\/\/schema.org\",\"@graph\":[{\"@type\":\"WebPage\",\"@id\":\"https:\/\/www.koupeltech.com\/index.php\/produkt\/ponorne-kalove-cerpadlo-dab-nova-objednat-nyni-34587\/\",\"url\":\"https:\/\/www.koupeltech.com\/index.php\/produkt\/ponorne-kalove-cerpadlo-dab-nova-objednat-nyni-34587\/\",\"name\":\"Ponorn\u00e9 kalov\u00e9 \u010derpadlo DAB.NOVA Objednat Nyn\u00ed -\",\"isPartOf\":{\"@id\":\"https:\/\/www.koupeltech.com\/#website\"},\"primaryImageOfPage\":{\"@id\":\"https:\/\/www.koupeltech.com\/index.php\/produkt\/ponorne-kalove-cerpadlo-dab-nova-objednat-nyni-34587\/#primaryimage\"},\"image\":{\"@id\":\"https:\/\/www.koupeltech.com\/index.php\/produkt\/ponorne-kalove-cerpadlo-dab-nova-objednat-nyni-34587\/#primaryimage\"},\"thumbnailUrl\":\"https:\/\/www.koupeltech.com\/wp-content\/uploads\/2026\/SK0025227-CZ20260425-092632-0-1777080397-ponorne-kalove-cerpadlo-dab-nova-1165131.webp\",\"datePublished\":\"2026-04-27T14:01:05+00:00\",\"breadcrumb\":{\"@id\":\"https:\/\/www.koupeltech.com\/index.php\/produkt\/ponorne-kalove-cerpadlo-dab-nova-objednat-nyni-34587\/#breadcrumb\"},\"inLanguage\":\"cs\",\"potentialAction\":[{\"@type\":\"ReadAction\",\"target\":[\"https:\/\/www.koupeltech.com\/index.php\/produkt\/ponorne-kalove-cerpadlo-dab-nova-objednat-nyni-34587\/\"]}]},{\"@type\":\"ImageObject\",\"inLanguage\":\"cs\",\"@id\":\"https:\/\/www.koupeltech.com\/index.php\/produkt\/ponorne-kalove-cerpadlo-dab-nova-objednat-nyni-34587\/#primaryimage\",\"url\":\"https:\/\/www.koupeltech.com\/wp-content\/uploads\/2026\/SK0025227-CZ20260425-092632-0-1777080397-ponorne-kalove-cerpadlo-dab-nova-1165131.webp\",\"contentUrl\":\"https:\/\/www.koupeltech.com\/wp-content\/uploads\/2026\/SK0025227-CZ20260425-092632-0-1777080397-ponorne-kalove-cerpadlo-dab-nova-1165131.webp\",\"width\":563,\"height\":600},{\"@type\":\"BreadcrumbList\",\"@id\":\"https:\/\/www.koupeltech.com\/index.php\/produkt\/ponorne-kalove-cerpadlo-dab-nova-objednat-nyni-34587\/#breadcrumb\",\"itemListElement\":[{\"@type\":\"ListItem\",\"position\":1,\"name\":\"Home\",\"item\":\"https:\/\/www.koupeltech.com\/\"},{\"@type\":\"ListItem\",\"position\":2,\"name\":\"Products\",\"item\":\"https:\/\/www.koupeltech.com\/index.php\/products\/\"},{\"@type\":\"ListItem\",\"position\":3,\"name\":\"Ponorn\u00e9 kalov\u00e9 \u010derpadlo DAB.NOVA Objednat Nyn\u00ed\"}]},{\"@type\":\"WebSite\",\"@id\":\"https:\/\/www.koupeltech.com\/#website\",\"url\":\"https:\/\/www.koupeltech.com\/\",\"name\":\"\",\"description\":\"\",\"potentialAction\":[{\"@type\":\"SearchAction\",\"target\":{\"@type\":\"EntryPoint\",\"urlTemplate\":\"https:\/\/www.koupeltech.com\/?s={search_term_string}\"},\"query-input\":{\"@type\":\"PropertyValueSpecification\",\"valueRequired\":true,\"valueName\":\"search_term_string\"}}],\"inLanguage\":\"cs\"}]}<\/script>\n<!-- \/ Yoast SEO plugin. -->","yoast_head_json":{"title":"Ponorn\u00e9 kalov\u00e9 \u010derpadlo DAB.NOVA Objednat Nyn\u00ed -","robots":{"index":"index","follow":"follow","max-snippet":"max-snippet:-1","max-image-preview":"max-image-preview:large","max-video-preview":"max-video-preview:-1"},"canonical":"https:\/\/www.koupeltech.com\/index.php\/produkt\/ponorne-kalove-cerpadlo-dab-nova-objednat-nyni-34587\/","og_locale":"cs_CZ","og_type":"article","og_title":"Ponorn\u00e9 kalov\u00e9 \u010derpadlo DAB.NOVA Objednat Nyn\u00ed -","og_description":"Popis produktu Ponorn\u00e9 kalov\u00e9 \u010derpadlo DAB.NOVA Ponorn\u00e9 dren\u00e1\u017en\u00ed \u010derpadlo pro od\u010derp\u00e1v\u00e1n\u00ed m\u00edrn\u011b zne\u010di\u0161t\u011bn\u00e9 a&nbsp;de\u0161\u0165ov\u00e9 vody.&nbsp; Je k&nbsp;dispozici v&nbsp;automatick\u00e9 verzi s&nbsp;vestav\u011bn\u00fdm plov\u00e1kov\u00fdm sp\u00edna\u010dem nebo ve&nbsp;verzi s&nbsp;manu\u00e1ln\u00edm startem. M\u016f\u017ee b\u00fdt pou\u017eito pro vyprazd\u0148ov\u00e1n\u00ed n\u00e1dr\u017e\u00ed nebo j\u00edmek a&nbsp;jako p\u0159enosn\u00e9 \u010derpadlo. Vodot\u011bsn\u00fd asynchronn\u00ed motor chlazen\u00fd \u010derpanou kapalinou. Vestav\u011bn\u00e1 tepeln\u00e1 ochrana motoru a&nbsp;kondenz\u00e1tor u&nbsp;jednof\u00e1zov\u00e9 verze. Pro t\u0159\u00edf\u00e1zov\u00e9 motory nutno pou\u017e\u00edt [&hellip;]","og_url":"https:\/\/www.koupeltech.com\/index.php\/produkt\/ponorne-kalove-cerpadlo-dab-nova-objednat-nyni-34587\/","og_image":[{"width":563,"height":600,"url":"https:\/\/www.koupeltech.com\/wp-content\/uploads\/2026\/SK0025227-CZ20260425-092632-0-1777080397-ponorne-kalove-cerpadlo-dab-nova-1165131.webp","type":"image\/webp"}],"twitter_card":"summary_large_image","twitter_misc":{"Odhadovan\u00e1 doba \u010dten\u00ed":"1 minuta"},"schema":{"@context":"https:\/\/schema.org","@graph":[{"@type":"WebPage","@id":"https:\/\/www.koupeltech.com\/index.php\/produkt\/ponorne-kalove-cerpadlo-dab-nova-objednat-nyni-34587\/","url":"https:\/\/www.koupeltech.com\/index.php\/produkt\/ponorne-kalove-cerpadlo-dab-nova-objednat-nyni-34587\/","name":"Ponorn\u00e9 kalov\u00e9 \u010derpadlo DAB.NOVA Objednat Nyn\u00ed -","isPartOf":{"@id":"https:\/\/www.koupeltech.com\/#website"},"primaryImageOfPage":{"@id":"https:\/\/www.koupeltech.com\/index.php\/produkt\/ponorne-kalove-cerpadlo-dab-nova-objednat-nyni-34587\/#primaryimage"},"image":{"@id":"https:\/\/www.koupeltech.com\/index.php\/produkt\/ponorne-kalove-cerpadlo-dab-nova-objednat-nyni-34587\/#primaryimage"},"thumbnailUrl":"https:\/\/www.koupeltech.com\/wp-content\/uploads\/2026\/SK0025227-CZ20260425-092632-0-1777080397-ponorne-kalove-cerpadlo-dab-nova-1165131.webp","datePublished":"2026-04-27T14:01:05+00:00","breadcrumb":{"@id":"https:\/\/www.koupeltech.com\/index.php\/produkt\/ponorne-kalove-cerpadlo-dab-nova-objednat-nyni-34587\/#breadcrumb"},"inLanguage":"cs","potentialAction":[{"@type":"ReadAction","target":["https:\/\/www.koupeltech.com\/index.php\/produkt\/ponorne-kalove-cerpadlo-dab-nova-objednat-nyni-34587\/"]}]},{"@type":"ImageObject","inLanguage":"cs","@id":"https:\/\/www.koupeltech.com\/index.php\/produkt\/ponorne-kalove-cerpadlo-dab-nova-objednat-nyni-34587\/#primaryimage","url":"https:\/\/www.koupeltech.com\/wp-content\/uploads\/2026\/SK0025227-CZ20260425-092632-0-1777080397-ponorne-kalove-cerpadlo-dab-nova-1165131.webp","contentUrl":"https:\/\/www.koupeltech.com\/wp-content\/uploads\/2026\/SK0025227-CZ20260425-092632-0-1777080397-ponorne-kalove-cerpadlo-dab-nova-1165131.webp","width":563,"height":600},{"@type":"BreadcrumbList","@id":"https:\/\/www.koupeltech.com\/index.php\/produkt\/ponorne-kalove-cerpadlo-dab-nova-objednat-nyni-34587\/#breadcrumb","itemListElement":[{"@type":"ListItem","position":1,"name":"Home","item":"https:\/\/www.koupeltech.com\/"},{"@type":"ListItem","position":2,"name":"Products","item":"https:\/\/www.koupeltech.com\/index.php\/products\/"},{"@type":"ListItem","position":3,"name":"Ponorn\u00e9 kalov\u00e9 \u010derpadlo DAB.NOVA Objednat Nyn\u00ed"}]},{"@type":"WebSite","@id":"https:\/\/www.koupeltech.com\/#website","url":"https:\/\/www.koupeltech.com\/","name":"","description":"","potentialAction":[{"@type":"SearchAction","target":{"@type":"EntryPoint","urlTemplate":"https:\/\/www.koupeltech.com\/?s={search_term_string}"},"query-input":{"@type":"PropertyValueSpecification","valueRequired":true,"valueName":"search_term_string"}}],"inLanguage":"cs"}]}},"_links":{"self":[{"href":"https:\/\/www.koupeltech.com\/index.php\/wp-json\/wp\/v2\/product\/34587","targetHints":{"allow":["GET"]}}],"collection":[{"href":"https:\/\/www.koupeltech.com\/index.php\/wp-json\/wp\/v2\/product"}],"about":[{"href":"https:\/\/www.koupeltech.com\/index.php\/wp-json\/wp\/v2\/types\/product"}],"replies":[{"embeddable":true,"href":"https:\/\/www.koupeltech.com\/index.php\/wp-json\/wp\/v2\/comments?post=34587"}],"wp:featuredmedia":[{"embeddable":true,"href":"https:\/\/www.koupeltech.com\/index.php\/wp-json\/wp\/v2\/media\/34687"}],"wp:attachment":[{"href":"https:\/\/www.koupeltech.com\/index.php\/wp-json\/wp\/v2\/media?parent=34587"}],"wp:term":[{"taxonomy":"product_brand","embeddable":true,"href":"https:\/\/www.koupeltech.com\/index.php\/wp-json\/wp\/v2\/product_brand?post=34587"},{"taxonomy":"product_cat","embeddable":true,"href":"https:\/\/www.koupeltech.com\/index.php\/wp-json\/wp\/v2\/product_cat?post=34587"},{"taxonomy":"product_tag","embeddable":true,"href":"https:\/\/www.koupeltech.com\/index.php\/wp-json\/wp\/v2\/product_tag?post=34587"}],"curies":[{"name":"wp","href":"https:\/\/api.w.org\/{rel}","templated":true}]}}