{"id":34589,"date":"2026-04-27T14:01:05","date_gmt":"2026-04-27T14:01:05","guid":{"rendered":""},"modified":"2026-04-27T14:01:05","modified_gmt":"2026-04-27T14:01:05","slug":"zlevneny-koupelnova-skrinka-bez-umyvadla-naturel-project-52-5x40x45-3-cm-dub-medovy-mat-project60dmbu-34589","status":"publish","type":"product","link":"https:\/\/www.koupeltech.com\/index.php\/produkt\/zlevneny-koupelnova-skrinka-bez-umyvadla-naturel-project-52-5x40x45-3-cm-dub-medovy-mat-project60dmbu-34589\/","title":{"rendered":"Zlevn\u011bn\u00fd Koupelnov\u00e1 sk\u0159\u00ed\u0148ka bez umyvadla Naturel Project 52,5x40x45,3 cm dub medov\u00fd mat PROJECT60DMBU"},"content":{"rendered":"<div class=\"ProductDetail-content NoFixImageContainer\" id=\"productDescription\">\n<div class=\"Heading\">\n<h2 class=\"Heading-title\">Popis produktu <span class=''>Koupelnov\u00e1 sk\u0159\u00ed\u0148ka bez umyvadla Naturel Project 52,5x40x45,3 cm dub medov\u00fd mat PROJECT60DMBU<\/span><\/h2>\n<\/p><\/div>\n<div class=\"ProductDetailContent\">\n<ul>\n<li>Kompaktn\u00ed rozm\u011bry<\/li>\n<li>2 z\u00e1suvky<\/li>\n<li>Z\u00e1v\u011bsn\u00e9 proveden\u00ed<\/li>\n<li>Modern\u00ed design<\/li>\n<\/ul>\n<h3>Technick\u00e9 parametry<\/h3>\n<ul>\n<li>Balen\u00ed: <strong>1 ks<\/strong><\/li>\n<li>Druh v\u00fdrobku: <strong>koupelnov\u00e1 sk\u0159\u00ed\u0148ka<\/strong><\/li>\n<li>Typ: <strong>bez umyvadla<\/strong><\/li>\n<li>Proveden\u00ed: <strong>z\u00e1v\u011bsn\u00e1<\/strong><\/li>\n<li>Barva popisn\u00e1: <strong>dub medov\u00fd<\/strong><\/li>\n<li>Barva z\u00e1kladn\u00ed:<strong>&nbsp;d\u0159evodekor<\/strong><\/li>\n<li>Povrch: <strong>f\u00f3lie<\/strong><\/li>\n<li>Povrchov\u00e1 \u00faprava: <strong>mat<\/strong><\/li>\n<li>\u0160\u00ed\u0159ka: <strong>52,5 cm<\/strong><\/li>\n<li>V\u00fd\u0161ka: <strong>40 cm<\/strong><\/li>\n<li>Hloubka: <strong>45,3 cm<\/strong><\/li>\n<\/ul><\/div>\n<div class=\"ProductDetailContent\">                                                                    <\/div>\n<\/p><\/div>\n<\/p><\/div>\n<\/p><\/div>\n","protected":false},"excerpt":{"rendered":"<p>Popis produktu Koupelnov\u00e1 sk\u0159\u00ed\u0148ka bez umyvadla Naturel Project 52,5x40x45,3 cm dub medov\u00fd mat PROJECT60DMBU Kompaktn\u00ed rozm\u011bry 2 z\u00e1suvky Z\u00e1v\u011bsn\u00e9 proveden\u00ed Modern\u00ed design Technick\u00e9 parametry Balen\u00ed: 1 ks Druh v\u00fdrobku: koupelnov\u00e1 sk\u0159\u00ed\u0148ka Typ: bez umyvadla Proveden\u00ed: z\u00e1v\u011bsn\u00e1 Barva popisn\u00e1: dub medov\u00fd Barva z\u00e1kladn\u00ed:&nbsp;d\u0159evodekor Povrch: f\u00f3lie Povrchov\u00e1 \u00faprava: mat \u0160\u00ed\u0159ka: 52,5 cm V\u00fd\u0161ka: 40 cm Hloubka: 45,3 [&hellip;]<\/p>\n","protected":false},"featured_media":34689,"comment_status":"open","ping_status":"open","template":"","meta":[],"product_brand":[],"product_cat":[77],"product_tag":[],"class_list":{"0":"post-34589","1":"product","2":"type-product","3":"status-publish","4":"has-post-thumbnail","6":"product_cat-koupelny","8":"first","9":"instock","10":"sale","11":"shipping-taxable","12":"purchasable","13":"product-type-simple"},"yoast_head":"<!-- This site is optimized with the Yoast SEO plugin v26.8 - https:\/\/yoast.com\/product\/yoast-seo-wordpress\/ -->\n<title>Zlevn\u011bn\u00fd Koupelnov\u00e1 sk\u0159\u00ed\u0148ka bez umyvadla Naturel Project 52,5x40x45,3 cm dub medov\u00fd mat PROJECT60DMBU -<\/title>\n<meta name=\"robots\" content=\"index, follow, max-snippet:-1, max-image-preview:large, max-video-preview:-1\" \/>\n<link rel=\"canonical\" href=\"https:\/\/www.koupeltech.com\/index.php\/produkt\/zlevneny-koupelnova-skrinka-bez-umyvadla-naturel-project-52-5x40x45-3-cm-dub-medovy-mat-project60dmbu-34589\/\" \/>\n<meta property=\"og:locale\" content=\"cs_CZ\" \/>\n<meta property=\"og:type\" content=\"article\" \/>\n<meta property=\"og:title\" content=\"Zlevn\u011bn\u00fd Koupelnov\u00e1 sk\u0159\u00ed\u0148ka bez umyvadla Naturel Project 52,5x40x45,3 cm dub medov\u00fd mat PROJECT60DMBU -\" \/>\n<meta property=\"og:description\" content=\"Popis produktu Koupelnov\u00e1 sk\u0159\u00ed\u0148ka bez umyvadla Naturel Project 52,5x40x45,3 cm dub medov\u00fd mat PROJECT60DMBU Kompaktn\u00ed rozm\u011bry 2 z\u00e1suvky Z\u00e1v\u011bsn\u00e9 proveden\u00ed Modern\u00ed design Technick\u00e9 parametry Balen\u00ed: 1 ks Druh v\u00fdrobku: koupelnov\u00e1 sk\u0159\u00ed\u0148ka Typ: bez umyvadla Proveden\u00ed: z\u00e1v\u011bsn\u00e1 Barva popisn\u00e1: dub medov\u00fd Barva z\u00e1kladn\u00ed:&nbsp;d\u0159evodekor Povrch: f\u00f3lie Povrchov\u00e1 \u00faprava: mat \u0160\u00ed\u0159ka: 52,5 cm V\u00fd\u0161ka: 40 cm Hloubka: 45,3 [&hellip;]\" \/>\n<meta property=\"og:url\" content=\"https:\/\/www.koupeltech.com\/index.php\/produkt\/zlevneny-koupelnova-skrinka-bez-umyvadla-naturel-project-52-5x40x45-3-cm-dub-medovy-mat-project60dmbu-34589\/\" \/>\n<meta property=\"og:image\" content=\"https:\/\/www.koupeltech.com\/wp-content\/uploads\/2026\/SK0025231-CZ20260425-092632-0-1777080397-koupelnova-skrinka-bez-umyvadla-naturel-project-52-5x40x45-.webp\" \/>\n\t<meta property=\"og:image:width\" content=\"600\" \/>\n\t<meta property=\"og:image:height\" content=\"507\" \/>\n\t<meta property=\"og:image:type\" content=\"image\/webp\" \/>\n<meta name=\"twitter:card\" content=\"summary_large_image\" \/>\n<script type=\"application\/ld+json\" class=\"yoast-schema-graph\">{\"@context\":\"https:\/\/schema.org\",\"@graph\":[{\"@type\":\"WebPage\",\"@id\":\"https:\/\/www.koupeltech.com\/index.php\/produkt\/zlevneny-koupelnova-skrinka-bez-umyvadla-naturel-project-52-5x40x45-3-cm-dub-medovy-mat-project60dmbu-34589\/\",\"url\":\"https:\/\/www.koupeltech.com\/index.php\/produkt\/zlevneny-koupelnova-skrinka-bez-umyvadla-naturel-project-52-5x40x45-3-cm-dub-medovy-mat-project60dmbu-34589\/\",\"name\":\"Zlevn\u011bn\u00fd Koupelnov\u00e1 sk\u0159\u00ed\u0148ka bez umyvadla Naturel Project 52,5x40x45,3 cm dub medov\u00fd mat PROJECT60DMBU -\",\"isPartOf\":{\"@id\":\"https:\/\/www.koupeltech.com\/#website\"},\"primaryImageOfPage\":{\"@id\":\"https:\/\/www.koupeltech.com\/index.php\/produkt\/zlevneny-koupelnova-skrinka-bez-umyvadla-naturel-project-52-5x40x45-3-cm-dub-medovy-mat-project60dmbu-34589\/#primaryimage\"},\"image\":{\"@id\":\"https:\/\/www.koupeltech.com\/index.php\/produkt\/zlevneny-koupelnova-skrinka-bez-umyvadla-naturel-project-52-5x40x45-3-cm-dub-medovy-mat-project60dmbu-34589\/#primaryimage\"},\"thumbnailUrl\":\"https:\/\/www.koupeltech.com\/wp-content\/uploads\/2026\/SK0025231-CZ20260425-092632-0-1777080397-koupelnova-skrinka-bez-umyvadla-naturel-project-52-5x40x45-.webp\",\"datePublished\":\"2026-04-27T14:01:05+00:00\",\"breadcrumb\":{\"@id\":\"https:\/\/www.koupeltech.com\/index.php\/produkt\/zlevneny-koupelnova-skrinka-bez-umyvadla-naturel-project-52-5x40x45-3-cm-dub-medovy-mat-project60dmbu-34589\/#breadcrumb\"},\"inLanguage\":\"cs\",\"potentialAction\":[{\"@type\":\"ReadAction\",\"target\":[\"https:\/\/www.koupeltech.com\/index.php\/produkt\/zlevneny-koupelnova-skrinka-bez-umyvadla-naturel-project-52-5x40x45-3-cm-dub-medovy-mat-project60dmbu-34589\/\"]}]},{\"@type\":\"ImageObject\",\"inLanguage\":\"cs\",\"@id\":\"https:\/\/www.koupeltech.com\/index.php\/produkt\/zlevneny-koupelnova-skrinka-bez-umyvadla-naturel-project-52-5x40x45-3-cm-dub-medovy-mat-project60dmbu-34589\/#primaryimage\",\"url\":\"https:\/\/www.koupeltech.com\/wp-content\/uploads\/2026\/SK0025231-CZ20260425-092632-0-1777080397-koupelnova-skrinka-bez-umyvadla-naturel-project-52-5x40x45-.webp\",\"contentUrl\":\"https:\/\/www.koupeltech.com\/wp-content\/uploads\/2026\/SK0025231-CZ20260425-092632-0-1777080397-koupelnova-skrinka-bez-umyvadla-naturel-project-52-5x40x45-.webp\",\"width\":600,\"height\":507},{\"@type\":\"BreadcrumbList\",\"@id\":\"https:\/\/www.koupeltech.com\/index.php\/produkt\/zlevneny-koupelnova-skrinka-bez-umyvadla-naturel-project-52-5x40x45-3-cm-dub-medovy-mat-project60dmbu-34589\/#breadcrumb\",\"itemListElement\":[{\"@type\":\"ListItem\",\"position\":1,\"name\":\"Home\",\"item\":\"https:\/\/www.koupeltech.com\/\"},{\"@type\":\"ListItem\",\"position\":2,\"name\":\"Products\",\"item\":\"https:\/\/www.koupeltech.com\/index.php\/products\/\"},{\"@type\":\"ListItem\",\"position\":3,\"name\":\"Zlevn\u011bn\u00fd Koupelnov\u00e1 sk\u0159\u00ed\u0148ka bez umyvadla Naturel Project 52,5x40x45,3 cm dub medov\u00fd mat PROJECT60DMBU\"}]},{\"@type\":\"WebSite\",\"@id\":\"https:\/\/www.koupeltech.com\/#website\",\"url\":\"https:\/\/www.koupeltech.com\/\",\"name\":\"\",\"description\":\"\",\"potentialAction\":[{\"@type\":\"SearchAction\",\"target\":{\"@type\":\"EntryPoint\",\"urlTemplate\":\"https:\/\/www.koupeltech.com\/?s={search_term_string}\"},\"query-input\":{\"@type\":\"PropertyValueSpecification\",\"valueRequired\":true,\"valueName\":\"search_term_string\"}}],\"inLanguage\":\"cs\"}]}<\/script>\n<!-- \/ Yoast SEO plugin. -->","yoast_head_json":{"title":"Zlevn\u011bn\u00fd Koupelnov\u00e1 sk\u0159\u00ed\u0148ka bez umyvadla Naturel Project 52,5x40x45,3 cm dub medov\u00fd mat PROJECT60DMBU -","robots":{"index":"index","follow":"follow","max-snippet":"max-snippet:-1","max-image-preview":"max-image-preview:large","max-video-preview":"max-video-preview:-1"},"canonical":"https:\/\/www.koupeltech.com\/index.php\/produkt\/zlevneny-koupelnova-skrinka-bez-umyvadla-naturel-project-52-5x40x45-3-cm-dub-medovy-mat-project60dmbu-34589\/","og_locale":"cs_CZ","og_type":"article","og_title":"Zlevn\u011bn\u00fd Koupelnov\u00e1 sk\u0159\u00ed\u0148ka bez umyvadla Naturel Project 52,5x40x45,3 cm dub medov\u00fd mat PROJECT60DMBU -","og_description":"Popis produktu Koupelnov\u00e1 sk\u0159\u00ed\u0148ka bez umyvadla Naturel Project 52,5x40x45,3 cm dub medov\u00fd mat PROJECT60DMBU Kompaktn\u00ed rozm\u011bry 2 z\u00e1suvky Z\u00e1v\u011bsn\u00e9 proveden\u00ed Modern\u00ed design Technick\u00e9 parametry Balen\u00ed: 1 ks Druh v\u00fdrobku: koupelnov\u00e1 sk\u0159\u00ed\u0148ka Typ: bez umyvadla Proveden\u00ed: z\u00e1v\u011bsn\u00e1 Barva popisn\u00e1: dub medov\u00fd Barva z\u00e1kladn\u00ed:&nbsp;d\u0159evodekor Povrch: f\u00f3lie Povrchov\u00e1 \u00faprava: mat \u0160\u00ed\u0159ka: 52,5 cm V\u00fd\u0161ka: 40 cm Hloubka: 45,3 [&hellip;]","og_url":"https:\/\/www.koupeltech.com\/index.php\/produkt\/zlevneny-koupelnova-skrinka-bez-umyvadla-naturel-project-52-5x40x45-3-cm-dub-medovy-mat-project60dmbu-34589\/","og_image":[{"width":600,"height":507,"url":"https:\/\/www.koupeltech.com\/wp-content\/uploads\/2026\/SK0025231-CZ20260425-092632-0-1777080397-koupelnova-skrinka-bez-umyvadla-naturel-project-52-5x40x45-.webp","type":"image\/webp"}],"twitter_card":"summary_large_image","schema":{"@context":"https:\/\/schema.org","@graph":[{"@type":"WebPage","@id":"https:\/\/www.koupeltech.com\/index.php\/produkt\/zlevneny-koupelnova-skrinka-bez-umyvadla-naturel-project-52-5x40x45-3-cm-dub-medovy-mat-project60dmbu-34589\/","url":"https:\/\/www.koupeltech.com\/index.php\/produkt\/zlevneny-koupelnova-skrinka-bez-umyvadla-naturel-project-52-5x40x45-3-cm-dub-medovy-mat-project60dmbu-34589\/","name":"Zlevn\u011bn\u00fd Koupelnov\u00e1 sk\u0159\u00ed\u0148ka bez umyvadla Naturel Project 52,5x40x45,3 cm dub medov\u00fd mat PROJECT60DMBU -","isPartOf":{"@id":"https:\/\/www.koupeltech.com\/#website"},"primaryImageOfPage":{"@id":"https:\/\/www.koupeltech.com\/index.php\/produkt\/zlevneny-koupelnova-skrinka-bez-umyvadla-naturel-project-52-5x40x45-3-cm-dub-medovy-mat-project60dmbu-34589\/#primaryimage"},"image":{"@id":"https:\/\/www.koupeltech.com\/index.php\/produkt\/zlevneny-koupelnova-skrinka-bez-umyvadla-naturel-project-52-5x40x45-3-cm-dub-medovy-mat-project60dmbu-34589\/#primaryimage"},"thumbnailUrl":"https:\/\/www.koupeltech.com\/wp-content\/uploads\/2026\/SK0025231-CZ20260425-092632-0-1777080397-koupelnova-skrinka-bez-umyvadla-naturel-project-52-5x40x45-.webp","datePublished":"2026-04-27T14:01:05+00:00","breadcrumb":{"@id":"https:\/\/www.koupeltech.com\/index.php\/produkt\/zlevneny-koupelnova-skrinka-bez-umyvadla-naturel-project-52-5x40x45-3-cm-dub-medovy-mat-project60dmbu-34589\/#breadcrumb"},"inLanguage":"cs","potentialAction":[{"@type":"ReadAction","target":["https:\/\/www.koupeltech.com\/index.php\/produkt\/zlevneny-koupelnova-skrinka-bez-umyvadla-naturel-project-52-5x40x45-3-cm-dub-medovy-mat-project60dmbu-34589\/"]}]},{"@type":"ImageObject","inLanguage":"cs","@id":"https:\/\/www.koupeltech.com\/index.php\/produkt\/zlevneny-koupelnova-skrinka-bez-umyvadla-naturel-project-52-5x40x45-3-cm-dub-medovy-mat-project60dmbu-34589\/#primaryimage","url":"https:\/\/www.koupeltech.com\/wp-content\/uploads\/2026\/SK0025231-CZ20260425-092632-0-1777080397-koupelnova-skrinka-bez-umyvadla-naturel-project-52-5x40x45-.webp","contentUrl":"https:\/\/www.koupeltech.com\/wp-content\/uploads\/2026\/SK0025231-CZ20260425-092632-0-1777080397-koupelnova-skrinka-bez-umyvadla-naturel-project-52-5x40x45-.webp","width":600,"height":507},{"@type":"BreadcrumbList","@id":"https:\/\/www.koupeltech.com\/index.php\/produkt\/zlevneny-koupelnova-skrinka-bez-umyvadla-naturel-project-52-5x40x45-3-cm-dub-medovy-mat-project60dmbu-34589\/#breadcrumb","itemListElement":[{"@type":"ListItem","position":1,"name":"Home","item":"https:\/\/www.koupeltech.com\/"},{"@type":"ListItem","position":2,"name":"Products","item":"https:\/\/www.koupeltech.com\/index.php\/products\/"},{"@type":"ListItem","position":3,"name":"Zlevn\u011bn\u00fd Koupelnov\u00e1 sk\u0159\u00ed\u0148ka bez umyvadla Naturel Project 52,5x40x45,3 cm dub medov\u00fd mat PROJECT60DMBU"}]},{"@type":"WebSite","@id":"https:\/\/www.koupeltech.com\/#website","url":"https:\/\/www.koupeltech.com\/","name":"","description":"","potentialAction":[{"@type":"SearchAction","target":{"@type":"EntryPoint","urlTemplate":"https:\/\/www.koupeltech.com\/?s={search_term_string}"},"query-input":{"@type":"PropertyValueSpecification","valueRequired":true,"valueName":"search_term_string"}}],"inLanguage":"cs"}]}},"_links":{"self":[{"href":"https:\/\/www.koupeltech.com\/index.php\/wp-json\/wp\/v2\/product\/34589","targetHints":{"allow":["GET"]}}],"collection":[{"href":"https:\/\/www.koupeltech.com\/index.php\/wp-json\/wp\/v2\/product"}],"about":[{"href":"https:\/\/www.koupeltech.com\/index.php\/wp-json\/wp\/v2\/types\/product"}],"replies":[{"embeddable":true,"href":"https:\/\/www.koupeltech.com\/index.php\/wp-json\/wp\/v2\/comments?post=34589"}],"wp:featuredmedia":[{"embeddable":true,"href":"https:\/\/www.koupeltech.com\/index.php\/wp-json\/wp\/v2\/media\/34689"}],"wp:attachment":[{"href":"https:\/\/www.koupeltech.com\/index.php\/wp-json\/wp\/v2\/media?parent=34589"}],"wp:term":[{"taxonomy":"product_brand","embeddable":true,"href":"https:\/\/www.koupeltech.com\/index.php\/wp-json\/wp\/v2\/product_brand?post=34589"},{"taxonomy":"product_cat","embeddable":true,"href":"https:\/\/www.koupeltech.com\/index.php\/wp-json\/wp\/v2\/product_cat?post=34589"},{"taxonomy":"product_tag","embeddable":true,"href":"https:\/\/www.koupeltech.com\/index.php\/wp-json\/wp\/v2\/product_tag?post=34589"}],"curies":[{"name":"wp","href":"https:\/\/api.w.org\/{rel}","templated":true}]}}