{"id":34779,"date":"2026-04-27T14:01:06","date_gmt":"2026-04-27T14:01:06","guid":{"rendered":""},"modified":"2026-04-27T14:01:06","modified_gmt":"2026-04-27T14:01:06","slug":"zrcadlova-skrinka-sat-b-way-60x75-cm-lamino-bway60cabw-vysoce-kvalitni-34779","status":"publish","type":"product","link":"https:\/\/www.koupeltech.com\/index.php\/produkt\/zrcadlova-skrinka-sat-b-way-60x75-cm-lamino-bway60cabw-vysoce-kvalitni-34779\/","title":{"rendered":"Zrcadlov\u00e1 sk\u0159\u00ed\u0148ka SAT B-Way 60&#215;75 cm lamino BWAY60CABW Vysoce Kvalitn\u00ed"},"content":{"rendered":"<div class=\"ProductDetail-content NoFixImageContainer\" id=\"productDescription\">\n<div class=\"Heading\">\n<h2 class=\"Heading-title\">Popis produktu <span class=''>Zrcadlov\u00e1 sk\u0159\u00ed\u0148ka SAT B-Way 60&#215;75 cm lamino BWAY60CABW<\/span><\/h2>\n<\/p><\/div>\n<div class=\"ProductDetailContent\">\n<p><strong>Koupelnov\u00fd n\u00e1bytek ze s\u00e9rie B-Way<\/strong>&nbsp;p\u0159edstavuje inovativn\u00ed kolekci s eleganc\u00ed a nad\u010dasov\u00fdm designem. \u010cist\u00e9 linie s maxim\u00e1ln\u00edm vyu\u017eit\u00edm \u00falo\u017en\u00e9ho prostoru&nbsp;\u010din\u00ed z n\u00e1bytku B-Way ide\u00e1ln\u00edho volbu do va\u0161eho domova.<\/p>\n<h3>Technick\u00e9 parametry<\/h3>\n<ul>\n<li>Balen\u00ed: 1 ks<\/li>\n<li>Druh v\u00fdrobku: zrcadlov\u00e1 sk\u0159\u00ed\u0148ka<\/li>\n<li>Barva popisn\u00e1: b\u00edl\u00e1<\/li>\n<li>Barva z\u00e1kladn\u00ed: b\u00edl\u00e1<\/li>\n<li>Povrch: lamino<\/li>\n<li>\u0160\u00ed\u0159ka: 60 cm<\/li>\n<li>V\u00fd\u0161ka: 75 cm<\/li>\n<li>Hloubka: 15 cm<\/li>\n<li>Otev\u00edr\u00e1n\u00ed dv\u00ed\u0159ek: lev\u00e9 i prav\u00e9<\/li>\n<\/ul><\/div>\n<div class=\"ProductDetailContent\">                                                                    <\/div>\n<\/p><\/div>\n<\/p><\/div>\n<\/p><\/div>\n","protected":false},"excerpt":{"rendered":"<p>Popis produktu Zrcadlov\u00e1 sk\u0159\u00ed\u0148ka SAT B-Way 60&#215;75 cm lamino BWAY60CABW Koupelnov\u00fd n\u00e1bytek ze s\u00e9rie B-Way&nbsp;p\u0159edstavuje inovativn\u00ed kolekci s eleganc\u00ed a nad\u010dasov\u00fdm designem. \u010cist\u00e9 linie s maxim\u00e1ln\u00edm vyu\u017eit\u00edm \u00falo\u017en\u00e9ho prostoru&nbsp;\u010din\u00ed z n\u00e1bytku B-Way ide\u00e1ln\u00edho volbu do va\u0161eho domova. Technick\u00e9 parametry Balen\u00ed: 1 ks Druh v\u00fdrobku: zrcadlov\u00e1 sk\u0159\u00ed\u0148ka Barva popisn\u00e1: b\u00edl\u00e1 Barva z\u00e1kladn\u00ed: b\u00edl\u00e1 Povrch: lamino \u0160\u00ed\u0159ka: [&hellip;]<\/p>\n","protected":false},"featured_media":34879,"comment_status":"open","ping_status":"open","template":"","meta":[],"product_brand":[],"product_cat":[77],"product_tag":[],"class_list":{"0":"post-34779","1":"product","2":"type-product","3":"status-publish","4":"has-post-thumbnail","6":"product_cat-koupelny","8":"first","9":"instock","10":"sale","11":"shipping-taxable","12":"purchasable","13":"product-type-simple"},"yoast_head":"<!-- This site is optimized with the Yoast SEO plugin v26.8 - https:\/\/yoast.com\/product\/yoast-seo-wordpress\/ -->\n<title>Zrcadlov\u00e1 sk\u0159\u00ed\u0148ka SAT B-Way 60x75 cm lamino BWAY60CABW Vysoce Kvalitn\u00ed -<\/title>\n<meta name=\"robots\" content=\"index, follow, max-snippet:-1, max-image-preview:large, max-video-preview:-1\" \/>\n<link rel=\"canonical\" href=\"https:\/\/www.koupeltech.com\/index.php\/produkt\/zrcadlova-skrinka-sat-b-way-60x75-cm-lamino-bway60cabw-vysoce-kvalitni-34779\/\" \/>\n<meta property=\"og:locale\" content=\"cs_CZ\" \/>\n<meta property=\"og:type\" content=\"article\" \/>\n<meta property=\"og:title\" content=\"Zrcadlov\u00e1 sk\u0159\u00ed\u0148ka SAT B-Way 60x75 cm lamino BWAY60CABW Vysoce Kvalitn\u00ed -\" \/>\n<meta property=\"og:description\" content=\"Popis produktu Zrcadlov\u00e1 sk\u0159\u00ed\u0148ka SAT B-Way 60&#215;75 cm lamino BWAY60CABW Koupelnov\u00fd n\u00e1bytek ze s\u00e9rie B-Way&nbsp;p\u0159edstavuje inovativn\u00ed kolekci s eleganc\u00ed a nad\u010dasov\u00fdm designem. \u010cist\u00e9 linie s maxim\u00e1ln\u00edm vyu\u017eit\u00edm \u00falo\u017en\u00e9ho prostoru&nbsp;\u010din\u00ed z n\u00e1bytku B-Way ide\u00e1ln\u00edho volbu do va\u0161eho domova. Technick\u00e9 parametry Balen\u00ed: 1 ks Druh v\u00fdrobku: zrcadlov\u00e1 sk\u0159\u00ed\u0148ka Barva popisn\u00e1: b\u00edl\u00e1 Barva z\u00e1kladn\u00ed: b\u00edl\u00e1 Povrch: lamino \u0160\u00ed\u0159ka: [&hellip;]\" \/>\n<meta property=\"og:url\" content=\"https:\/\/www.koupeltech.com\/index.php\/produkt\/zrcadlova-skrinka-sat-b-way-60x75-cm-lamino-bway60cabw-vysoce-kvalitni-34779\/\" \/>\n<meta property=\"og:image\" content=\"https:\/\/www.koupeltech.com\/wp-content\/uploads\/2026\/SK0025321-CZ20260425-092632-0-1777080397-zrcadlova-skrinka-sat-b-way-60x75-cm-lamino-bway60cabw-1224.webp\" \/>\n\t<meta property=\"og:image:width\" content=\"467\" \/>\n\t<meta property=\"og:image:height\" content=\"515\" \/>\n\t<meta property=\"og:image:type\" content=\"image\/webp\" \/>\n<meta name=\"twitter:card\" content=\"summary_large_image\" \/>\n<script type=\"application\/ld+json\" class=\"yoast-schema-graph\">{\"@context\":\"https:\/\/schema.org\",\"@graph\":[{\"@type\":\"WebPage\",\"@id\":\"https:\/\/www.koupeltech.com\/index.php\/produkt\/zrcadlova-skrinka-sat-b-way-60x75-cm-lamino-bway60cabw-vysoce-kvalitni-34779\/\",\"url\":\"https:\/\/www.koupeltech.com\/index.php\/produkt\/zrcadlova-skrinka-sat-b-way-60x75-cm-lamino-bway60cabw-vysoce-kvalitni-34779\/\",\"name\":\"Zrcadlov\u00e1 sk\u0159\u00ed\u0148ka SAT B-Way 60x75 cm lamino BWAY60CABW Vysoce Kvalitn\u00ed -\",\"isPartOf\":{\"@id\":\"https:\/\/www.koupeltech.com\/#website\"},\"primaryImageOfPage\":{\"@id\":\"https:\/\/www.koupeltech.com\/index.php\/produkt\/zrcadlova-skrinka-sat-b-way-60x75-cm-lamino-bway60cabw-vysoce-kvalitni-34779\/#primaryimage\"},\"image\":{\"@id\":\"https:\/\/www.koupeltech.com\/index.php\/produkt\/zrcadlova-skrinka-sat-b-way-60x75-cm-lamino-bway60cabw-vysoce-kvalitni-34779\/#primaryimage\"},\"thumbnailUrl\":\"https:\/\/www.koupeltech.com\/wp-content\/uploads\/2026\/SK0025321-CZ20260425-092632-0-1777080397-zrcadlova-skrinka-sat-b-way-60x75-cm-lamino-bway60cabw-1224.webp\",\"datePublished\":\"2026-04-27T14:01:06+00:00\",\"breadcrumb\":{\"@id\":\"https:\/\/www.koupeltech.com\/index.php\/produkt\/zrcadlova-skrinka-sat-b-way-60x75-cm-lamino-bway60cabw-vysoce-kvalitni-34779\/#breadcrumb\"},\"inLanguage\":\"cs\",\"potentialAction\":[{\"@type\":\"ReadAction\",\"target\":[\"https:\/\/www.koupeltech.com\/index.php\/produkt\/zrcadlova-skrinka-sat-b-way-60x75-cm-lamino-bway60cabw-vysoce-kvalitni-34779\/\"]}]},{\"@type\":\"ImageObject\",\"inLanguage\":\"cs\",\"@id\":\"https:\/\/www.koupeltech.com\/index.php\/produkt\/zrcadlova-skrinka-sat-b-way-60x75-cm-lamino-bway60cabw-vysoce-kvalitni-34779\/#primaryimage\",\"url\":\"https:\/\/www.koupeltech.com\/wp-content\/uploads\/2026\/SK0025321-CZ20260425-092632-0-1777080397-zrcadlova-skrinka-sat-b-way-60x75-cm-lamino-bway60cabw-1224.webp\",\"contentUrl\":\"https:\/\/www.koupeltech.com\/wp-content\/uploads\/2026\/SK0025321-CZ20260425-092632-0-1777080397-zrcadlova-skrinka-sat-b-way-60x75-cm-lamino-bway60cabw-1224.webp\",\"width\":467,\"height\":515},{\"@type\":\"BreadcrumbList\",\"@id\":\"https:\/\/www.koupeltech.com\/index.php\/produkt\/zrcadlova-skrinka-sat-b-way-60x75-cm-lamino-bway60cabw-vysoce-kvalitni-34779\/#breadcrumb\",\"itemListElement\":[{\"@type\":\"ListItem\",\"position\":1,\"name\":\"Home\",\"item\":\"https:\/\/www.koupeltech.com\/\"},{\"@type\":\"ListItem\",\"position\":2,\"name\":\"Products\",\"item\":\"https:\/\/www.koupeltech.com\/index.php\/products\/\"},{\"@type\":\"ListItem\",\"position\":3,\"name\":\"Zrcadlov\u00e1 sk\u0159\u00ed\u0148ka SAT B-Way 60&#215;75 cm lamino BWAY60CABW Vysoce Kvalitn\u00ed\"}]},{\"@type\":\"WebSite\",\"@id\":\"https:\/\/www.koupeltech.com\/#website\",\"url\":\"https:\/\/www.koupeltech.com\/\",\"name\":\"\",\"description\":\"\",\"potentialAction\":[{\"@type\":\"SearchAction\",\"target\":{\"@type\":\"EntryPoint\",\"urlTemplate\":\"https:\/\/www.koupeltech.com\/?s={search_term_string}\"},\"query-input\":{\"@type\":\"PropertyValueSpecification\",\"valueRequired\":true,\"valueName\":\"search_term_string\"}}],\"inLanguage\":\"cs\"}]}<\/script>\n<!-- \/ Yoast SEO plugin. -->","yoast_head_json":{"title":"Zrcadlov\u00e1 sk\u0159\u00ed\u0148ka SAT B-Way 60x75 cm lamino BWAY60CABW Vysoce Kvalitn\u00ed -","robots":{"index":"index","follow":"follow","max-snippet":"max-snippet:-1","max-image-preview":"max-image-preview:large","max-video-preview":"max-video-preview:-1"},"canonical":"https:\/\/www.koupeltech.com\/index.php\/produkt\/zrcadlova-skrinka-sat-b-way-60x75-cm-lamino-bway60cabw-vysoce-kvalitni-34779\/","og_locale":"cs_CZ","og_type":"article","og_title":"Zrcadlov\u00e1 sk\u0159\u00ed\u0148ka SAT B-Way 60x75 cm lamino BWAY60CABW Vysoce Kvalitn\u00ed -","og_description":"Popis produktu Zrcadlov\u00e1 sk\u0159\u00ed\u0148ka SAT B-Way 60&#215;75 cm lamino BWAY60CABW Koupelnov\u00fd n\u00e1bytek ze s\u00e9rie B-Way&nbsp;p\u0159edstavuje inovativn\u00ed kolekci s eleganc\u00ed a nad\u010dasov\u00fdm designem. \u010cist\u00e9 linie s maxim\u00e1ln\u00edm vyu\u017eit\u00edm \u00falo\u017en\u00e9ho prostoru&nbsp;\u010din\u00ed z n\u00e1bytku B-Way ide\u00e1ln\u00edho volbu do va\u0161eho domova. Technick\u00e9 parametry Balen\u00ed: 1 ks Druh v\u00fdrobku: zrcadlov\u00e1 sk\u0159\u00ed\u0148ka Barva popisn\u00e1: b\u00edl\u00e1 Barva z\u00e1kladn\u00ed: b\u00edl\u00e1 Povrch: lamino \u0160\u00ed\u0159ka: [&hellip;]","og_url":"https:\/\/www.koupeltech.com\/index.php\/produkt\/zrcadlova-skrinka-sat-b-way-60x75-cm-lamino-bway60cabw-vysoce-kvalitni-34779\/","og_image":[{"width":467,"height":515,"url":"https:\/\/www.koupeltech.com\/wp-content\/uploads\/2026\/SK0025321-CZ20260425-092632-0-1777080397-zrcadlova-skrinka-sat-b-way-60x75-cm-lamino-bway60cabw-1224.webp","type":"image\/webp"}],"twitter_card":"summary_large_image","schema":{"@context":"https:\/\/schema.org","@graph":[{"@type":"WebPage","@id":"https:\/\/www.koupeltech.com\/index.php\/produkt\/zrcadlova-skrinka-sat-b-way-60x75-cm-lamino-bway60cabw-vysoce-kvalitni-34779\/","url":"https:\/\/www.koupeltech.com\/index.php\/produkt\/zrcadlova-skrinka-sat-b-way-60x75-cm-lamino-bway60cabw-vysoce-kvalitni-34779\/","name":"Zrcadlov\u00e1 sk\u0159\u00ed\u0148ka SAT B-Way 60x75 cm lamino BWAY60CABW Vysoce Kvalitn\u00ed -","isPartOf":{"@id":"https:\/\/www.koupeltech.com\/#website"},"primaryImageOfPage":{"@id":"https:\/\/www.koupeltech.com\/index.php\/produkt\/zrcadlova-skrinka-sat-b-way-60x75-cm-lamino-bway60cabw-vysoce-kvalitni-34779\/#primaryimage"},"image":{"@id":"https:\/\/www.koupeltech.com\/index.php\/produkt\/zrcadlova-skrinka-sat-b-way-60x75-cm-lamino-bway60cabw-vysoce-kvalitni-34779\/#primaryimage"},"thumbnailUrl":"https:\/\/www.koupeltech.com\/wp-content\/uploads\/2026\/SK0025321-CZ20260425-092632-0-1777080397-zrcadlova-skrinka-sat-b-way-60x75-cm-lamino-bway60cabw-1224.webp","datePublished":"2026-04-27T14:01:06+00:00","breadcrumb":{"@id":"https:\/\/www.koupeltech.com\/index.php\/produkt\/zrcadlova-skrinka-sat-b-way-60x75-cm-lamino-bway60cabw-vysoce-kvalitni-34779\/#breadcrumb"},"inLanguage":"cs","potentialAction":[{"@type":"ReadAction","target":["https:\/\/www.koupeltech.com\/index.php\/produkt\/zrcadlova-skrinka-sat-b-way-60x75-cm-lamino-bway60cabw-vysoce-kvalitni-34779\/"]}]},{"@type":"ImageObject","inLanguage":"cs","@id":"https:\/\/www.koupeltech.com\/index.php\/produkt\/zrcadlova-skrinka-sat-b-way-60x75-cm-lamino-bway60cabw-vysoce-kvalitni-34779\/#primaryimage","url":"https:\/\/www.koupeltech.com\/wp-content\/uploads\/2026\/SK0025321-CZ20260425-092632-0-1777080397-zrcadlova-skrinka-sat-b-way-60x75-cm-lamino-bway60cabw-1224.webp","contentUrl":"https:\/\/www.koupeltech.com\/wp-content\/uploads\/2026\/SK0025321-CZ20260425-092632-0-1777080397-zrcadlova-skrinka-sat-b-way-60x75-cm-lamino-bway60cabw-1224.webp","width":467,"height":515},{"@type":"BreadcrumbList","@id":"https:\/\/www.koupeltech.com\/index.php\/produkt\/zrcadlova-skrinka-sat-b-way-60x75-cm-lamino-bway60cabw-vysoce-kvalitni-34779\/#breadcrumb","itemListElement":[{"@type":"ListItem","position":1,"name":"Home","item":"https:\/\/www.koupeltech.com\/"},{"@type":"ListItem","position":2,"name":"Products","item":"https:\/\/www.koupeltech.com\/index.php\/products\/"},{"@type":"ListItem","position":3,"name":"Zrcadlov\u00e1 sk\u0159\u00ed\u0148ka SAT B-Way 60&#215;75 cm lamino BWAY60CABW Vysoce Kvalitn\u00ed"}]},{"@type":"WebSite","@id":"https:\/\/www.koupeltech.com\/#website","url":"https:\/\/www.koupeltech.com\/","name":"","description":"","potentialAction":[{"@type":"SearchAction","target":{"@type":"EntryPoint","urlTemplate":"https:\/\/www.koupeltech.com\/?s={search_term_string}"},"query-input":{"@type":"PropertyValueSpecification","valueRequired":true,"valueName":"search_term_string"}}],"inLanguage":"cs"}]}},"_links":{"self":[{"href":"https:\/\/www.koupeltech.com\/index.php\/wp-json\/wp\/v2\/product\/34779","targetHints":{"allow":["GET"]}}],"collection":[{"href":"https:\/\/www.koupeltech.com\/index.php\/wp-json\/wp\/v2\/product"}],"about":[{"href":"https:\/\/www.koupeltech.com\/index.php\/wp-json\/wp\/v2\/types\/product"}],"replies":[{"embeddable":true,"href":"https:\/\/www.koupeltech.com\/index.php\/wp-json\/wp\/v2\/comments?post=34779"}],"wp:featuredmedia":[{"embeddable":true,"href":"https:\/\/www.koupeltech.com\/index.php\/wp-json\/wp\/v2\/media\/34879"}],"wp:attachment":[{"href":"https:\/\/www.koupeltech.com\/index.php\/wp-json\/wp\/v2\/media?parent=34779"}],"wp:term":[{"taxonomy":"product_brand","embeddable":true,"href":"https:\/\/www.koupeltech.com\/index.php\/wp-json\/wp\/v2\/product_brand?post=34779"},{"taxonomy":"product_cat","embeddable":true,"href":"https:\/\/www.koupeltech.com\/index.php\/wp-json\/wp\/v2\/product_cat?post=34779"},{"taxonomy":"product_tag","embeddable":true,"href":"https:\/\/www.koupeltech.com\/index.php\/wp-json\/wp\/v2\/product_tag?post=34779"}],"curies":[{"name":"wp","href":"https:\/\/api.w.org\/{rel}","templated":true}]}}