{"id":34962,"date":"2026-04-27T14:01:08","date_gmt":"2026-04-27T14:01:08","guid":{"rendered":""},"modified":"2026-04-27T14:01:08","modified_gmt":"2026-04-27T14:01:08","slug":"zlevneny-rea-umyvadlo-na-desku-50x36-cm-nicoletta-beige-34962","status":"publish","type":"product","link":"https:\/\/www.koupeltech.com\/index.php\/produkt\/zlevneny-rea-umyvadlo-na-desku-50x36-cm-nicoletta-beige-34962\/","title":{"rendered":"Zlevn\u011bn\u00fd REA Umyvadlo na desku 50&#215;36 cm Nicoletta Beige"},"content":{"rendered":"<div class=\"ProductDetail-content NoFixImageContainer\" id=\"productDescription\">\n<div class=\"Heading\">\n<h2 class=\"Heading-title\">Popis produktu <span class=''>REA Umyvadlo na desku 50&#215;36 cm Nicoletta Beige<\/span><\/h2>\n<\/p><\/div>\n<div class=\"ProductDetailContent\">                                                                    <\/div>\n<div class=\"ProductDetailContent\">\n<div class=\"ProductDetailContent-item\">                                            Vneste do sv\u00e9 koupelny sv\u011b\u017eest a eleganci s umyvadlem na desku Rea Nicoletta Beige. Tento model zaujme jedine\u010dnou strukturou zalo\u017eenou na vodorovn\u00fdch lini\u00edch a sv\u011btl\u00fdm, p\u0159\u00edrodn\u00edm odst\u00ednem. Vyroben\u00fd z odoln\u00e9ho kompozitu Artificial Stone kombinuje dekorativn\u00ed design s dlouhodobou funk\u010dnost\u00ed.Vodorovn\u00e9 r\u00fdhov\u00e1n\u00ed \u2013 t\u011blo m\u00edsy zdob\u00ed charakteristick\u00e9 vodorovn\u00e9 prstence. Tento trojrozm\u011brn\u00fd vzor dod\u00e1v\u00e1 tvaru modern\u00ed rytmus a odli\u0161uje jej od b\u011b\u017en\u00fdch umyvadel.Odst\u00edn Beige Stone \u2013 sv\u011btl\u00fd b\u00e9\u017eov\u00fd povrch je dopln\u011bn jemnou zrnitou strukturou, kter\u00e1 imituje p\u0159\u00edrodn\u00ed p\u00edskovec a vn\u00e1\u0161\u00ed do interi\u00e9ru teplo a \u00fatulnost.Materi\u00e1l Artificial Stone \u2013 modern\u00ed kompozitn\u00ed k\u00e1men zaji\u0161\u0165uje vysokou odolnost proti mechanick\u00e9mu po\u0161kozen\u00ed a zabarven\u00ed a je p\u0159\u00edjemn\u011bj\u0161\u00ed a teplej\u0161\u00ed na dotek ne\u017e tradi\u010dn\u00ed materi\u00e1ly.Hladk\u00fd vnit\u0159ek \u2013 navzdory r\u00fdhovan\u00e9mu vn\u011bj\u0161\u00edmu povrchu je vnit\u0159ek m\u00edsy dokonale hladk\u00fd a tvarovan\u00fd, co\u017e usnad\u0148uje ka\u017edodenn\u00ed \u010di\u0161t\u011bn\u00ed a zaji\u0161\u0165uje voln\u00fd odtok vody.Mont\u00e1\u017e na desku \u2013 model je ur\u010den k instalaci na desku nebo sk\u0159\u00ed\u0148ku, co\u017e umo\u017e\u0148uje pln\u011b vyniknout jeho dekorativn\u00ed r\u00fdhovan\u00e9 form\u011b.Umyvadlo Rea Nicoletta Beige je skv\u011blou volbou pro interi\u00e9ry ve stylu boho, skandin\u00e1vsk\u00e9m \u010di japandi. Jeho tepl\u00e1 barevnost a zaj\u00edmav\u00e1 textura z n\u011bj \u010din\u00ed decentn\u00ed, ale v\u00fdrazn\u00fd prvek umyvadlov\u00e9 z\u00f3ny.                                        <\/div>\n<div class=\"ProductDetailContent-item\">\n<ul>\n<li>Zp\u016fsob mont\u00e1\u017ee: <strong>Na desku\t<\/strong><\/li>\n<li>Materi\u00e1l: <strong>Artificial Stone (kompozitn\u00ed k\u00e1men)<\/strong><\/li>\n<li>Barva: <strong>B\u00e9\u017eov\u00e1, Imitace kamene<\/strong><\/li>\n<li>Proveden\u00ed: <strong>Matn\u00fd<\/strong><\/li>\n<li>D\u00e9lka: <strong>500<\/strong><\/li>\n<li>\u0160\u00ed\u0159ka : <strong>360<\/strong><\/li>\n<li>V\u00fd\u0161ka : <strong>140<\/strong><\/li>\n<li>Hloubka: <strong>110<\/strong><\/li>\n<li>Tvar: <strong>Ov\u00e1ln\u00fd<\/strong><\/li>\n<\/ul><\/div>\n<\/p><\/div>\n<\/p><\/div>\n<\/p><\/div>\n<\/p><\/div>\n","protected":false},"excerpt":{"rendered":"<p>Popis produktu REA Umyvadlo na desku 50&#215;36 cm Nicoletta Beige Vneste do sv\u00e9 koupelny sv\u011b\u017eest a eleganci s umyvadlem na desku Rea Nicoletta Beige. Tento model zaujme jedine\u010dnou strukturou zalo\u017eenou na vodorovn\u00fdch lini\u00edch a sv\u011btl\u00fdm, p\u0159\u00edrodn\u00edm odst\u00ednem. Vyroben\u00fd z odoln\u00e9ho kompozitu Artificial Stone kombinuje dekorativn\u00ed design s dlouhodobou funk\u010dnost\u00ed.Vodorovn\u00e9 r\u00fdhov\u00e1n\u00ed \u2013 t\u011blo m\u00edsy zdob\u00ed charakteristick\u00e9 [&hellip;]<\/p>\n","protected":false},"featured_media":35062,"comment_status":"open","ping_status":"open","template":"","meta":[],"product_brand":[],"product_cat":[77],"product_tag":[],"class_list":{"0":"post-34962","1":"product","2":"type-product","3":"status-publish","4":"has-post-thumbnail","6":"product_cat-koupelny","8":"first","9":"instock","10":"sale","11":"shipping-taxable","12":"purchasable","13":"product-type-simple"},"yoast_head":"<!-- This site is optimized with the Yoast SEO plugin v26.8 - https:\/\/yoast.com\/product\/yoast-seo-wordpress\/ -->\n<title>Zlevn\u011bn\u00fd REA Umyvadlo na desku 50x36 cm Nicoletta Beige -<\/title>\n<meta name=\"robots\" content=\"index, follow, max-snippet:-1, max-image-preview:large, max-video-preview:-1\" \/>\n<link rel=\"canonical\" href=\"https:\/\/www.koupeltech.com\/index.php\/produkt\/zlevneny-rea-umyvadlo-na-desku-50x36-cm-nicoletta-beige-34962\/\" \/>\n<meta property=\"og:locale\" content=\"cs_CZ\" \/>\n<meta property=\"og:type\" content=\"article\" \/>\n<meta property=\"og:title\" content=\"Zlevn\u011bn\u00fd REA Umyvadlo na desku 50x36 cm Nicoletta Beige -\" \/>\n<meta property=\"og:description\" content=\"Popis produktu REA Umyvadlo na desku 50&#215;36 cm Nicoletta Beige Vneste do sv\u00e9 koupelny sv\u011b\u017eest a eleganci s umyvadlem na desku Rea Nicoletta Beige. Tento model zaujme jedine\u010dnou strukturou zalo\u017eenou na vodorovn\u00fdch lini\u00edch a sv\u011btl\u00fdm, p\u0159\u00edrodn\u00edm odst\u00ednem. Vyroben\u00fd z odoln\u00e9ho kompozitu Artificial Stone kombinuje dekorativn\u00ed design s dlouhodobou funk\u010dnost\u00ed.Vodorovn\u00e9 r\u00fdhov\u00e1n\u00ed \u2013 t\u011blo m\u00edsy zdob\u00ed charakteristick\u00e9 [&hellip;]\" \/>\n<meta property=\"og:url\" content=\"https:\/\/www.koupeltech.com\/index.php\/produkt\/zlevneny-rea-umyvadlo-na-desku-50x36-cm-nicoletta-beige-34962\/\" \/>\n<meta property=\"og:image\" content=\"https:\/\/www.koupeltech.com\/wp-content\/uploads\/2026\/SK0025406-CZ20260425-092632-0-1777080397-rea-umyvadlo-na-desku-50x36-cm-nicoletta-beige-1270742.webp\" \/>\n\t<meta property=\"og:image:width\" content=\"600\" \/>\n\t<meta property=\"og:image:height\" content=\"600\" \/>\n\t<meta property=\"og:image:type\" content=\"image\/webp\" \/>\n<meta name=\"twitter:card\" content=\"summary_large_image\" \/>\n<meta name=\"twitter:label1\" content=\"Odhadovan\u00e1 doba \u010dten\u00ed\" \/>\n\t<meta name=\"twitter:data1\" content=\"1 minuta\" \/>\n<script type=\"application\/ld+json\" class=\"yoast-schema-graph\">{\"@context\":\"https:\/\/schema.org\",\"@graph\":[{\"@type\":\"WebPage\",\"@id\":\"https:\/\/www.koupeltech.com\/index.php\/produkt\/zlevneny-rea-umyvadlo-na-desku-50x36-cm-nicoletta-beige-34962\/\",\"url\":\"https:\/\/www.koupeltech.com\/index.php\/produkt\/zlevneny-rea-umyvadlo-na-desku-50x36-cm-nicoletta-beige-34962\/\",\"name\":\"Zlevn\u011bn\u00fd REA Umyvadlo na desku 50x36 cm Nicoletta Beige -\",\"isPartOf\":{\"@id\":\"https:\/\/www.koupeltech.com\/#website\"},\"primaryImageOfPage\":{\"@id\":\"https:\/\/www.koupeltech.com\/index.php\/produkt\/zlevneny-rea-umyvadlo-na-desku-50x36-cm-nicoletta-beige-34962\/#primaryimage\"},\"image\":{\"@id\":\"https:\/\/www.koupeltech.com\/index.php\/produkt\/zlevneny-rea-umyvadlo-na-desku-50x36-cm-nicoletta-beige-34962\/#primaryimage\"},\"thumbnailUrl\":\"https:\/\/www.koupeltech.com\/wp-content\/uploads\/2026\/SK0025406-CZ20260425-092632-0-1777080397-rea-umyvadlo-na-desku-50x36-cm-nicoletta-beige-1270742.webp\",\"datePublished\":\"2026-04-27T14:01:08+00:00\",\"breadcrumb\":{\"@id\":\"https:\/\/www.koupeltech.com\/index.php\/produkt\/zlevneny-rea-umyvadlo-na-desku-50x36-cm-nicoletta-beige-34962\/#breadcrumb\"},\"inLanguage\":\"cs\",\"potentialAction\":[{\"@type\":\"ReadAction\",\"target\":[\"https:\/\/www.koupeltech.com\/index.php\/produkt\/zlevneny-rea-umyvadlo-na-desku-50x36-cm-nicoletta-beige-34962\/\"]}]},{\"@type\":\"ImageObject\",\"inLanguage\":\"cs\",\"@id\":\"https:\/\/www.koupeltech.com\/index.php\/produkt\/zlevneny-rea-umyvadlo-na-desku-50x36-cm-nicoletta-beige-34962\/#primaryimage\",\"url\":\"https:\/\/www.koupeltech.com\/wp-content\/uploads\/2026\/SK0025406-CZ20260425-092632-0-1777080397-rea-umyvadlo-na-desku-50x36-cm-nicoletta-beige-1270742.webp\",\"contentUrl\":\"https:\/\/www.koupeltech.com\/wp-content\/uploads\/2026\/SK0025406-CZ20260425-092632-0-1777080397-rea-umyvadlo-na-desku-50x36-cm-nicoletta-beige-1270742.webp\",\"width\":600,\"height\":600},{\"@type\":\"BreadcrumbList\",\"@id\":\"https:\/\/www.koupeltech.com\/index.php\/produkt\/zlevneny-rea-umyvadlo-na-desku-50x36-cm-nicoletta-beige-34962\/#breadcrumb\",\"itemListElement\":[{\"@type\":\"ListItem\",\"position\":1,\"name\":\"Home\",\"item\":\"https:\/\/www.koupeltech.com\/\"},{\"@type\":\"ListItem\",\"position\":2,\"name\":\"Products\",\"item\":\"https:\/\/www.koupeltech.com\/index.php\/products\/\"},{\"@type\":\"ListItem\",\"position\":3,\"name\":\"Zlevn\u011bn\u00fd REA Umyvadlo na desku 50&#215;36 cm Nicoletta Beige\"}]},{\"@type\":\"WebSite\",\"@id\":\"https:\/\/www.koupeltech.com\/#website\",\"url\":\"https:\/\/www.koupeltech.com\/\",\"name\":\"\",\"description\":\"\",\"potentialAction\":[{\"@type\":\"SearchAction\",\"target\":{\"@type\":\"EntryPoint\",\"urlTemplate\":\"https:\/\/www.koupeltech.com\/?s={search_term_string}\"},\"query-input\":{\"@type\":\"PropertyValueSpecification\",\"valueRequired\":true,\"valueName\":\"search_term_string\"}}],\"inLanguage\":\"cs\"}]}<\/script>\n<!-- \/ Yoast SEO plugin. -->","yoast_head_json":{"title":"Zlevn\u011bn\u00fd REA Umyvadlo na desku 50x36 cm Nicoletta Beige -","robots":{"index":"index","follow":"follow","max-snippet":"max-snippet:-1","max-image-preview":"max-image-preview:large","max-video-preview":"max-video-preview:-1"},"canonical":"https:\/\/www.koupeltech.com\/index.php\/produkt\/zlevneny-rea-umyvadlo-na-desku-50x36-cm-nicoletta-beige-34962\/","og_locale":"cs_CZ","og_type":"article","og_title":"Zlevn\u011bn\u00fd REA Umyvadlo na desku 50x36 cm Nicoletta Beige -","og_description":"Popis produktu REA Umyvadlo na desku 50&#215;36 cm Nicoletta Beige Vneste do sv\u00e9 koupelny sv\u011b\u017eest a eleganci s umyvadlem na desku Rea Nicoletta Beige. Tento model zaujme jedine\u010dnou strukturou zalo\u017eenou na vodorovn\u00fdch lini\u00edch a sv\u011btl\u00fdm, p\u0159\u00edrodn\u00edm odst\u00ednem. Vyroben\u00fd z odoln\u00e9ho kompozitu Artificial Stone kombinuje dekorativn\u00ed design s dlouhodobou funk\u010dnost\u00ed.Vodorovn\u00e9 r\u00fdhov\u00e1n\u00ed \u2013 t\u011blo m\u00edsy zdob\u00ed charakteristick\u00e9 [&hellip;]","og_url":"https:\/\/www.koupeltech.com\/index.php\/produkt\/zlevneny-rea-umyvadlo-na-desku-50x36-cm-nicoletta-beige-34962\/","og_image":[{"width":600,"height":600,"url":"https:\/\/www.koupeltech.com\/wp-content\/uploads\/2026\/SK0025406-CZ20260425-092632-0-1777080397-rea-umyvadlo-na-desku-50x36-cm-nicoletta-beige-1270742.webp","type":"image\/webp"}],"twitter_card":"summary_large_image","twitter_misc":{"Odhadovan\u00e1 doba \u010dten\u00ed":"1 minuta"},"schema":{"@context":"https:\/\/schema.org","@graph":[{"@type":"WebPage","@id":"https:\/\/www.koupeltech.com\/index.php\/produkt\/zlevneny-rea-umyvadlo-na-desku-50x36-cm-nicoletta-beige-34962\/","url":"https:\/\/www.koupeltech.com\/index.php\/produkt\/zlevneny-rea-umyvadlo-na-desku-50x36-cm-nicoletta-beige-34962\/","name":"Zlevn\u011bn\u00fd REA Umyvadlo na desku 50x36 cm Nicoletta Beige -","isPartOf":{"@id":"https:\/\/www.koupeltech.com\/#website"},"primaryImageOfPage":{"@id":"https:\/\/www.koupeltech.com\/index.php\/produkt\/zlevneny-rea-umyvadlo-na-desku-50x36-cm-nicoletta-beige-34962\/#primaryimage"},"image":{"@id":"https:\/\/www.koupeltech.com\/index.php\/produkt\/zlevneny-rea-umyvadlo-na-desku-50x36-cm-nicoletta-beige-34962\/#primaryimage"},"thumbnailUrl":"https:\/\/www.koupeltech.com\/wp-content\/uploads\/2026\/SK0025406-CZ20260425-092632-0-1777080397-rea-umyvadlo-na-desku-50x36-cm-nicoletta-beige-1270742.webp","datePublished":"2026-04-27T14:01:08+00:00","breadcrumb":{"@id":"https:\/\/www.koupeltech.com\/index.php\/produkt\/zlevneny-rea-umyvadlo-na-desku-50x36-cm-nicoletta-beige-34962\/#breadcrumb"},"inLanguage":"cs","potentialAction":[{"@type":"ReadAction","target":["https:\/\/www.koupeltech.com\/index.php\/produkt\/zlevneny-rea-umyvadlo-na-desku-50x36-cm-nicoletta-beige-34962\/"]}]},{"@type":"ImageObject","inLanguage":"cs","@id":"https:\/\/www.koupeltech.com\/index.php\/produkt\/zlevneny-rea-umyvadlo-na-desku-50x36-cm-nicoletta-beige-34962\/#primaryimage","url":"https:\/\/www.koupeltech.com\/wp-content\/uploads\/2026\/SK0025406-CZ20260425-092632-0-1777080397-rea-umyvadlo-na-desku-50x36-cm-nicoletta-beige-1270742.webp","contentUrl":"https:\/\/www.koupeltech.com\/wp-content\/uploads\/2026\/SK0025406-CZ20260425-092632-0-1777080397-rea-umyvadlo-na-desku-50x36-cm-nicoletta-beige-1270742.webp","width":600,"height":600},{"@type":"BreadcrumbList","@id":"https:\/\/www.koupeltech.com\/index.php\/produkt\/zlevneny-rea-umyvadlo-na-desku-50x36-cm-nicoletta-beige-34962\/#breadcrumb","itemListElement":[{"@type":"ListItem","position":1,"name":"Home","item":"https:\/\/www.koupeltech.com\/"},{"@type":"ListItem","position":2,"name":"Products","item":"https:\/\/www.koupeltech.com\/index.php\/products\/"},{"@type":"ListItem","position":3,"name":"Zlevn\u011bn\u00fd REA Umyvadlo na desku 50&#215;36 cm Nicoletta Beige"}]},{"@type":"WebSite","@id":"https:\/\/www.koupeltech.com\/#website","url":"https:\/\/www.koupeltech.com\/","name":"","description":"","potentialAction":[{"@type":"SearchAction","target":{"@type":"EntryPoint","urlTemplate":"https:\/\/www.koupeltech.com\/?s={search_term_string}"},"query-input":{"@type":"PropertyValueSpecification","valueRequired":true,"valueName":"search_term_string"}}],"inLanguage":"cs"}]}},"_links":{"self":[{"href":"https:\/\/www.koupeltech.com\/index.php\/wp-json\/wp\/v2\/product\/34962","targetHints":{"allow":["GET"]}}],"collection":[{"href":"https:\/\/www.koupeltech.com\/index.php\/wp-json\/wp\/v2\/product"}],"about":[{"href":"https:\/\/www.koupeltech.com\/index.php\/wp-json\/wp\/v2\/types\/product"}],"replies":[{"embeddable":true,"href":"https:\/\/www.koupeltech.com\/index.php\/wp-json\/wp\/v2\/comments?post=34962"}],"wp:featuredmedia":[{"embeddable":true,"href":"https:\/\/www.koupeltech.com\/index.php\/wp-json\/wp\/v2\/media\/35062"}],"wp:attachment":[{"href":"https:\/\/www.koupeltech.com\/index.php\/wp-json\/wp\/v2\/media?parent=34962"}],"wp:term":[{"taxonomy":"product_brand","embeddable":true,"href":"https:\/\/www.koupeltech.com\/index.php\/wp-json\/wp\/v2\/product_brand?post=34962"},{"taxonomy":"product_cat","embeddable":true,"href":"https:\/\/www.koupeltech.com\/index.php\/wp-json\/wp\/v2\/product_cat?post=34962"},{"taxonomy":"product_tag","embeddable":true,"href":"https:\/\/www.koupeltech.com\/index.php\/wp-json\/wp\/v2\/product_tag?post=34962"}],"curies":[{"name":"wp","href":"https:\/\/api.w.org\/{rel}","templated":true}]}}