{"id":34979,"date":"2026-04-27T14:01:08","date_gmt":"2026-04-27T14:01:08","guid":{"rendered":""},"modified":"2026-04-27T14:01:08","modified_gmt":"2026-04-27T14:01:08","slug":"zlevneny-umyvadlo-na-desku-49x38-cm-rea-samanta-zen-34979","status":"publish","type":"product","link":"https:\/\/www.koupeltech.com\/index.php\/produkt\/zlevneny-umyvadlo-na-desku-49x38-cm-rea-samanta-zen-34979\/","title":{"rendered":"Zlevn\u011bn\u00fd Umyvadlo na desku 49&#215;38 cm Rea Samanta Zen"},"content":{"rendered":"<div class=\"ProductDetail-content NoFixImageContainer\" id=\"productDescription\">\n<div class=\"Heading\">\n<h2 class=\"Heading-title\">Popis produktu <span class=''>Umyvadlo na desku 49&#215;38 cm Rea Samanta Zen<\/span><\/h2>\n<\/p><\/div>\n<div class=\"ProductDetailContent\">                                                                    <\/div>\n<div class=\"ProductDetailContent\">\n<div class=\"ProductDetailContent-item\">                                            Umyvadlo na desku Rea Samanta Zen s v\u00fdraznou, socha\u0159sky p\u016fsob\u00edc\u00ed formou je volbou pro ty, kte\u0159\u00ed cht\u011bj\u00ed do koupelny vn\u00e9st skute\u010dn\u00fd designov\u00fd prvek. Model Samanta Zen se vyzna\u010duje jemn\u011b nepravideln\u00fdm ov\u00e1ln\u00fdm tvarem m\u00edsy, kter\u00fd dod\u00e1v\u00e1 celku m\u011bkkost a modern\u00ed eleganci, zat\u00edmco decentn\u00ed \u017eebrov\u00e1n\u00ed na vn\u011bj\u0161\u00edch st\u011bn\u00e1ch podtrhuje dekorativn\u00ed charakter produktu. Nejde jen o vybaven\u00ed, ale o v\u00fdrazn\u00fd aran\u017e\u00e9rsk\u00fd akcent, kter\u00fd p\u0159itahuje pozornost a vytv\u00e1\u0159\u00ed v\u00fdjime\u010dnou atmosf\u00e9ru.Povrch umyvadla Rea Samanta Zen je opat\u0159en efektn\u00edm vzorem inspirovan\u00fdm p\u0159\u00edrodn\u00edm kamenem, s tepl\u00fdmi mramorov\u00fdmi \u017eilkami v odst\u00ednech b\u00e9\u017eov\u00e9 a karamelu. Tato barevnost se kr\u00e1sn\u011b hod\u00ed ke sv\u011btl\u00fdm desk\u00e1m, d\u0159evu i k kontrastn\u011bj\u0161\u00edm, tmav\u0161\u00edm aran\u017e\u00edm. Hladk\u00e9, na dotek p\u0159\u00edjemn\u00e9 vyko\u0159en\u011bn\u00ed v kombinaci s komfortn\u00ed hloubkou m\u00edsy zaji\u0161\u0165uje, \u017ee Samanta Zen je nejen p\u016fsobiv\u00e9 na pohled, ale tak\u00e9 pohodln\u00e9 p\u0159i ka\u017edodenn\u00edm pou\u017e\u00edv\u00e1n\u00ed.                                        <\/div>\n<div class=\"ProductDetailContent-item\">\n<ul>\n<li>Zp\u016fsob mont\u00e1\u017ee: <strong>Na desku\t<\/strong><\/li>\n<li>Materi\u00e1l: <strong>Sanit\u00e1rn\u00ed keramika<\/strong><\/li>\n<li>Barva: <strong>B\u00e9\u017eov\u00e1, Imitace kamene<\/strong><\/li>\n<li>Proveden\u00ed: <strong>Matn\u00fd<\/strong><\/li>\n<li>D\u00e9lka: <strong>495<\/strong><\/li>\n<li>\u0160\u00ed\u0159ka : <strong>380<\/strong><\/li>\n<li>V\u00fd\u0161ka : <strong>135<\/strong><\/li>\n<li>Hloubka: <strong>110<\/strong><\/li>\n<li>Tvar: <strong>Ov\u00e1ln\u00fd<\/strong><\/li>\n<\/ul><\/div>\n<\/p><\/div>\n<\/p><\/div>\n<\/p><\/div>\n<\/p><\/div>\n","protected":false},"excerpt":{"rendered":"<p>Popis produktu Umyvadlo na desku 49&#215;38 cm Rea Samanta Zen Umyvadlo na desku Rea Samanta Zen s v\u00fdraznou, socha\u0159sky p\u016fsob\u00edc\u00ed formou je volbou pro ty, kte\u0159\u00ed cht\u011bj\u00ed do koupelny vn\u00e9st skute\u010dn\u00fd designov\u00fd prvek. Model Samanta Zen se vyzna\u010duje jemn\u011b nepravideln\u00fdm ov\u00e1ln\u00fdm tvarem m\u00edsy, kter\u00fd dod\u00e1v\u00e1 celku m\u011bkkost a modern\u00ed eleganci, zat\u00edmco decentn\u00ed \u017eebrov\u00e1n\u00ed na vn\u011bj\u0161\u00edch [&hellip;]<\/p>\n","protected":false},"featured_media":35079,"comment_status":"open","ping_status":"open","template":"","meta":[],"product_brand":[],"product_cat":[77],"product_tag":[],"class_list":{"0":"post-34979","1":"product","2":"type-product","3":"status-publish","4":"has-post-thumbnail","6":"product_cat-koupelny","8":"first","9":"instock","10":"sale","11":"shipping-taxable","12":"purchasable","13":"product-type-simple"},"yoast_head":"<!-- This site is optimized with the Yoast SEO plugin v26.8 - https:\/\/yoast.com\/product\/yoast-seo-wordpress\/ -->\n<title>Zlevn\u011bn\u00fd Umyvadlo na desku 49x38 cm Rea Samanta Zen -<\/title>\n<meta name=\"robots\" content=\"index, follow, max-snippet:-1, max-image-preview:large, max-video-preview:-1\" \/>\n<link rel=\"canonical\" href=\"https:\/\/www.koupeltech.com\/index.php\/produkt\/zlevneny-umyvadlo-na-desku-49x38-cm-rea-samanta-zen-34979\/\" \/>\n<meta property=\"og:locale\" content=\"cs_CZ\" \/>\n<meta property=\"og:type\" content=\"article\" \/>\n<meta property=\"og:title\" content=\"Zlevn\u011bn\u00fd Umyvadlo na desku 49x38 cm Rea Samanta Zen -\" \/>\n<meta property=\"og:description\" content=\"Popis produktu Umyvadlo na desku 49&#215;38 cm Rea Samanta Zen Umyvadlo na desku Rea Samanta Zen s v\u00fdraznou, socha\u0159sky p\u016fsob\u00edc\u00ed formou je volbou pro ty, kte\u0159\u00ed cht\u011bj\u00ed do koupelny vn\u00e9st skute\u010dn\u00fd designov\u00fd prvek. Model Samanta Zen se vyzna\u010duje jemn\u011b nepravideln\u00fdm ov\u00e1ln\u00fdm tvarem m\u00edsy, kter\u00fd dod\u00e1v\u00e1 celku m\u011bkkost a modern\u00ed eleganci, zat\u00edmco decentn\u00ed \u017eebrov\u00e1n\u00ed na vn\u011bj\u0161\u00edch [&hellip;]\" \/>\n<meta property=\"og:url\" content=\"https:\/\/www.koupeltech.com\/index.php\/produkt\/zlevneny-umyvadlo-na-desku-49x38-cm-rea-samanta-zen-34979\/\" \/>\n<meta property=\"og:image\" content=\"https:\/\/www.koupeltech.com\/wp-content\/uploads\/2026\/SK0025423-CZ20260425-092632-0-1777080397-umyvadlo-na-desku-49x38-cm-rea-samanta-zen-1270956.webp\" \/>\n\t<meta property=\"og:image:width\" content=\"600\" \/>\n\t<meta property=\"og:image:height\" content=\"600\" \/>\n\t<meta property=\"og:image:type\" content=\"image\/webp\" \/>\n<meta name=\"twitter:card\" content=\"summary_large_image\" \/>\n<meta name=\"twitter:label1\" content=\"Odhadovan\u00e1 doba \u010dten\u00ed\" \/>\n\t<meta name=\"twitter:data1\" content=\"1 minuta\" \/>\n<script type=\"application\/ld+json\" class=\"yoast-schema-graph\">{\"@context\":\"https:\/\/schema.org\",\"@graph\":[{\"@type\":\"WebPage\",\"@id\":\"https:\/\/www.koupeltech.com\/index.php\/produkt\/zlevneny-umyvadlo-na-desku-49x38-cm-rea-samanta-zen-34979\/\",\"url\":\"https:\/\/www.koupeltech.com\/index.php\/produkt\/zlevneny-umyvadlo-na-desku-49x38-cm-rea-samanta-zen-34979\/\",\"name\":\"Zlevn\u011bn\u00fd Umyvadlo na desku 49x38 cm Rea Samanta Zen -\",\"isPartOf\":{\"@id\":\"https:\/\/www.koupeltech.com\/#website\"},\"primaryImageOfPage\":{\"@id\":\"https:\/\/www.koupeltech.com\/index.php\/produkt\/zlevneny-umyvadlo-na-desku-49x38-cm-rea-samanta-zen-34979\/#primaryimage\"},\"image\":{\"@id\":\"https:\/\/www.koupeltech.com\/index.php\/produkt\/zlevneny-umyvadlo-na-desku-49x38-cm-rea-samanta-zen-34979\/#primaryimage\"},\"thumbnailUrl\":\"https:\/\/www.koupeltech.com\/wp-content\/uploads\/2026\/SK0025423-CZ20260425-092632-0-1777080397-umyvadlo-na-desku-49x38-cm-rea-samanta-zen-1270956.webp\",\"datePublished\":\"2026-04-27T14:01:08+00:00\",\"breadcrumb\":{\"@id\":\"https:\/\/www.koupeltech.com\/index.php\/produkt\/zlevneny-umyvadlo-na-desku-49x38-cm-rea-samanta-zen-34979\/#breadcrumb\"},\"inLanguage\":\"cs\",\"potentialAction\":[{\"@type\":\"ReadAction\",\"target\":[\"https:\/\/www.koupeltech.com\/index.php\/produkt\/zlevneny-umyvadlo-na-desku-49x38-cm-rea-samanta-zen-34979\/\"]}]},{\"@type\":\"ImageObject\",\"inLanguage\":\"cs\",\"@id\":\"https:\/\/www.koupeltech.com\/index.php\/produkt\/zlevneny-umyvadlo-na-desku-49x38-cm-rea-samanta-zen-34979\/#primaryimage\",\"url\":\"https:\/\/www.koupeltech.com\/wp-content\/uploads\/2026\/SK0025423-CZ20260425-092632-0-1777080397-umyvadlo-na-desku-49x38-cm-rea-samanta-zen-1270956.webp\",\"contentUrl\":\"https:\/\/www.koupeltech.com\/wp-content\/uploads\/2026\/SK0025423-CZ20260425-092632-0-1777080397-umyvadlo-na-desku-49x38-cm-rea-samanta-zen-1270956.webp\",\"width\":600,\"height\":600},{\"@type\":\"BreadcrumbList\",\"@id\":\"https:\/\/www.koupeltech.com\/index.php\/produkt\/zlevneny-umyvadlo-na-desku-49x38-cm-rea-samanta-zen-34979\/#breadcrumb\",\"itemListElement\":[{\"@type\":\"ListItem\",\"position\":1,\"name\":\"Home\",\"item\":\"https:\/\/www.koupeltech.com\/\"},{\"@type\":\"ListItem\",\"position\":2,\"name\":\"Products\",\"item\":\"https:\/\/www.koupeltech.com\/index.php\/products\/\"},{\"@type\":\"ListItem\",\"position\":3,\"name\":\"Zlevn\u011bn\u00fd Umyvadlo na desku 49&#215;38 cm Rea Samanta Zen\"}]},{\"@type\":\"WebSite\",\"@id\":\"https:\/\/www.koupeltech.com\/#website\",\"url\":\"https:\/\/www.koupeltech.com\/\",\"name\":\"\",\"description\":\"\",\"potentialAction\":[{\"@type\":\"SearchAction\",\"target\":{\"@type\":\"EntryPoint\",\"urlTemplate\":\"https:\/\/www.koupeltech.com\/?s={search_term_string}\"},\"query-input\":{\"@type\":\"PropertyValueSpecification\",\"valueRequired\":true,\"valueName\":\"search_term_string\"}}],\"inLanguage\":\"cs\"}]}<\/script>\n<!-- \/ Yoast SEO plugin. -->","yoast_head_json":{"title":"Zlevn\u011bn\u00fd Umyvadlo na desku 49x38 cm Rea Samanta Zen -","robots":{"index":"index","follow":"follow","max-snippet":"max-snippet:-1","max-image-preview":"max-image-preview:large","max-video-preview":"max-video-preview:-1"},"canonical":"https:\/\/www.koupeltech.com\/index.php\/produkt\/zlevneny-umyvadlo-na-desku-49x38-cm-rea-samanta-zen-34979\/","og_locale":"cs_CZ","og_type":"article","og_title":"Zlevn\u011bn\u00fd Umyvadlo na desku 49x38 cm Rea Samanta Zen -","og_description":"Popis produktu Umyvadlo na desku 49&#215;38 cm Rea Samanta Zen Umyvadlo na desku Rea Samanta Zen s v\u00fdraznou, socha\u0159sky p\u016fsob\u00edc\u00ed formou je volbou pro ty, kte\u0159\u00ed cht\u011bj\u00ed do koupelny vn\u00e9st skute\u010dn\u00fd designov\u00fd prvek. Model Samanta Zen se vyzna\u010duje jemn\u011b nepravideln\u00fdm ov\u00e1ln\u00fdm tvarem m\u00edsy, kter\u00fd dod\u00e1v\u00e1 celku m\u011bkkost a modern\u00ed eleganci, zat\u00edmco decentn\u00ed \u017eebrov\u00e1n\u00ed na vn\u011bj\u0161\u00edch [&hellip;]","og_url":"https:\/\/www.koupeltech.com\/index.php\/produkt\/zlevneny-umyvadlo-na-desku-49x38-cm-rea-samanta-zen-34979\/","og_image":[{"width":600,"height":600,"url":"https:\/\/www.koupeltech.com\/wp-content\/uploads\/2026\/SK0025423-CZ20260425-092632-0-1777080397-umyvadlo-na-desku-49x38-cm-rea-samanta-zen-1270956.webp","type":"image\/webp"}],"twitter_card":"summary_large_image","twitter_misc":{"Odhadovan\u00e1 doba \u010dten\u00ed":"1 minuta"},"schema":{"@context":"https:\/\/schema.org","@graph":[{"@type":"WebPage","@id":"https:\/\/www.koupeltech.com\/index.php\/produkt\/zlevneny-umyvadlo-na-desku-49x38-cm-rea-samanta-zen-34979\/","url":"https:\/\/www.koupeltech.com\/index.php\/produkt\/zlevneny-umyvadlo-na-desku-49x38-cm-rea-samanta-zen-34979\/","name":"Zlevn\u011bn\u00fd Umyvadlo na desku 49x38 cm Rea Samanta Zen -","isPartOf":{"@id":"https:\/\/www.koupeltech.com\/#website"},"primaryImageOfPage":{"@id":"https:\/\/www.koupeltech.com\/index.php\/produkt\/zlevneny-umyvadlo-na-desku-49x38-cm-rea-samanta-zen-34979\/#primaryimage"},"image":{"@id":"https:\/\/www.koupeltech.com\/index.php\/produkt\/zlevneny-umyvadlo-na-desku-49x38-cm-rea-samanta-zen-34979\/#primaryimage"},"thumbnailUrl":"https:\/\/www.koupeltech.com\/wp-content\/uploads\/2026\/SK0025423-CZ20260425-092632-0-1777080397-umyvadlo-na-desku-49x38-cm-rea-samanta-zen-1270956.webp","datePublished":"2026-04-27T14:01:08+00:00","breadcrumb":{"@id":"https:\/\/www.koupeltech.com\/index.php\/produkt\/zlevneny-umyvadlo-na-desku-49x38-cm-rea-samanta-zen-34979\/#breadcrumb"},"inLanguage":"cs","potentialAction":[{"@type":"ReadAction","target":["https:\/\/www.koupeltech.com\/index.php\/produkt\/zlevneny-umyvadlo-na-desku-49x38-cm-rea-samanta-zen-34979\/"]}]},{"@type":"ImageObject","inLanguage":"cs","@id":"https:\/\/www.koupeltech.com\/index.php\/produkt\/zlevneny-umyvadlo-na-desku-49x38-cm-rea-samanta-zen-34979\/#primaryimage","url":"https:\/\/www.koupeltech.com\/wp-content\/uploads\/2026\/SK0025423-CZ20260425-092632-0-1777080397-umyvadlo-na-desku-49x38-cm-rea-samanta-zen-1270956.webp","contentUrl":"https:\/\/www.koupeltech.com\/wp-content\/uploads\/2026\/SK0025423-CZ20260425-092632-0-1777080397-umyvadlo-na-desku-49x38-cm-rea-samanta-zen-1270956.webp","width":600,"height":600},{"@type":"BreadcrumbList","@id":"https:\/\/www.koupeltech.com\/index.php\/produkt\/zlevneny-umyvadlo-na-desku-49x38-cm-rea-samanta-zen-34979\/#breadcrumb","itemListElement":[{"@type":"ListItem","position":1,"name":"Home","item":"https:\/\/www.koupeltech.com\/"},{"@type":"ListItem","position":2,"name":"Products","item":"https:\/\/www.koupeltech.com\/index.php\/products\/"},{"@type":"ListItem","position":3,"name":"Zlevn\u011bn\u00fd Umyvadlo na desku 49&#215;38 cm Rea Samanta Zen"}]},{"@type":"WebSite","@id":"https:\/\/www.koupeltech.com\/#website","url":"https:\/\/www.koupeltech.com\/","name":"","description":"","potentialAction":[{"@type":"SearchAction","target":{"@type":"EntryPoint","urlTemplate":"https:\/\/www.koupeltech.com\/?s={search_term_string}"},"query-input":{"@type":"PropertyValueSpecification","valueRequired":true,"valueName":"search_term_string"}}],"inLanguage":"cs"}]}},"_links":{"self":[{"href":"https:\/\/www.koupeltech.com\/index.php\/wp-json\/wp\/v2\/product\/34979","targetHints":{"allow":["GET"]}}],"collection":[{"href":"https:\/\/www.koupeltech.com\/index.php\/wp-json\/wp\/v2\/product"}],"about":[{"href":"https:\/\/www.koupeltech.com\/index.php\/wp-json\/wp\/v2\/types\/product"}],"replies":[{"embeddable":true,"href":"https:\/\/www.koupeltech.com\/index.php\/wp-json\/wp\/v2\/comments?post=34979"}],"wp:featuredmedia":[{"embeddable":true,"href":"https:\/\/www.koupeltech.com\/index.php\/wp-json\/wp\/v2\/media\/35079"}],"wp:attachment":[{"href":"https:\/\/www.koupeltech.com\/index.php\/wp-json\/wp\/v2\/media?parent=34979"}],"wp:term":[{"taxonomy":"product_brand","embeddable":true,"href":"https:\/\/www.koupeltech.com\/index.php\/wp-json\/wp\/v2\/product_brand?post=34979"},{"taxonomy":"product_cat","embeddable":true,"href":"https:\/\/www.koupeltech.com\/index.php\/wp-json\/wp\/v2\/product_cat?post=34979"},{"taxonomy":"product_tag","embeddable":true,"href":"https:\/\/www.koupeltech.com\/index.php\/wp-json\/wp\/v2\/product_tag?post=34979"}],"curies":[{"name":"wp","href":"https:\/\/api.w.org\/{rel}","templated":true}]}}