{"id":35118,"date":"2026-04-27T14:01:10","date_gmt":"2026-04-27T14:01:10","guid":{"rendered":""},"modified":"2026-04-27T14:01:10","modified_gmt":"2026-04-27T14:01:10","slug":"zlevneny-sapho-thin-umyvadlo-na-desku-55x35cm-rockstone-bila-mat-35118","status":"publish","type":"product","link":"https:\/\/www.koupeltech.com\/index.php\/produkt\/zlevneny-sapho-thin-umyvadlo-na-desku-55x35cm-rockstone-bila-mat-35118\/","title":{"rendered":"Zlevn\u011bn\u00fd Sapho THIN umyvadlo na desku 55x35cm, Rockstone, b\u00edl\u00e1 mat"},"content":{"rendered":"<div class=\"ProductDetail-content NoFixImageContainer\" id=\"productDescription\">\n<div class=\"Heading\">\n<h2 class=\"Heading-title\">Popis produktu <span class=''>Sapho THIN umyvadlo na desku 55x35cm, Rockstone, b\u00edl\u00e1 mat<\/span><\/h2>\n<\/p><\/div>\n<div class=\"ProductDetailContent\">\n<p>Umyvadla THIN, vyroben\u00e1 ze Solid Surface &#8211; Rockstone materi\u00e1lu, s&nbsp;ultratenkou st\u011bnou&nbsp;a neobvykle matn\u00fdm povrchem se stanou origin\u00e1ln\u00ed ozdobou ka\u017ed\u00e9 koupelny.<\/p>\n<h3>Technick\u00e9 parametry<\/h3>\n<ul>\n<li>Rozm\u011br: <strong>55 x 13 x 35 cm<\/strong><\/li>\n<li>\u0160\u00ed\u0159ka: <strong>550 mm<\/strong><\/li>\n<li>V\u00fd\u0161ka: <strong>130 mm<\/strong><\/li>\n<li>Hloubka: <strong>350 mm<\/strong><\/li>\n<li>Barva: <strong>b\u00edl\u00e1 mat<\/strong><\/li>\n<li>Materi\u00e1l: <strong>Solid Surface<\/strong><\/li>\n<li>Instalace: <strong>k postaven\u00ed<\/strong><\/li>\n<li>Typ umyvadla: <strong>umyvadlo na desku<\/strong><\/li>\n<li>Otvor pro baterii: <strong>bez otvoru<\/strong><\/li>\n<li>P\u0159epad: <strong>ne<\/strong><\/li>\n<li>Tvar: <strong>ov\u00e1l \/ elipsa<\/strong><\/li>\n<li>Balen\u00ed neobsahuje: <strong>v\u00fdpust<\/strong><\/li>\n<li>Hmotnost \/ ks: <strong>9,0 kg<\/strong><\/li>\n<li>Balen\u00ed: <strong>1 ks<\/strong><\/li>\n<\/ul>\n<h3>Solid Surface (Rockstone, um\u011bl\u00fd k\u00e1men, technick\u00fd mramor)<\/h3>\n<p style=\"text-align:justify\">Solid Surface je masivn\u00ed nepor\u00e9zn\u00ed materi\u00e1l vyroben\u00fd ze sm\u011bsi p\u0159\u00edrodn\u00edho kamene a&nbsp;akryl\u00e1tu. M\u00e1 homogenn\u00ed pevn\u00fd povrch a&nbsp;pou\u017e\u00edv\u00e1 se p\u0159edev\u0161\u00edm pro v\u00fdrobu pracovn\u00edch desek. D\u00edky rozmanitosti barev a&nbsp;textur se dob\u0159e kombinuje s&nbsp;jin\u00fdmi materi\u00e1ly. P\u00e9\u010de o&nbsp;n\u011bj je snadn\u00e1: \u0161kr\u00e1bance lze snadno odstranit pomoc\u00ed m\u011bkk\u00fdch \u010distic\u00edch prost\u0159edk\u016f a&nbsp;znovu tak obnovit lesk povrchu. Nav\u00edc vynik\u00e1 odolnost\u00ed proti skvrn\u00e1m a&nbsp;je nenas\u00e1kav\u00fd.<\/p>\n<\/p><\/div>\n<div class=\"ProductDetailContent\">                                                                    <\/div>\n<\/p><\/div>\n<\/p><\/div>\n<\/p><\/div>\n","protected":false},"excerpt":{"rendered":"<p>Popis produktu Sapho THIN umyvadlo na desku 55x35cm, Rockstone, b\u00edl\u00e1 mat Umyvadla THIN, vyroben\u00e1 ze Solid Surface &#8211; Rockstone materi\u00e1lu, s&nbsp;ultratenkou st\u011bnou&nbsp;a neobvykle matn\u00fdm povrchem se stanou origin\u00e1ln\u00ed ozdobou ka\u017ed\u00e9 koupelny. Technick\u00e9 parametry Rozm\u011br: 55 x 13 x 35 cm \u0160\u00ed\u0159ka: 550 mm V\u00fd\u0161ka: 130 mm Hloubka: 350 mm Barva: b\u00edl\u00e1 mat Materi\u00e1l: Solid Surface [&hellip;]<\/p>\n","protected":false},"featured_media":35218,"comment_status":"open","ping_status":"open","template":"","meta":[],"product_brand":[],"product_cat":[77],"product_tag":[],"class_list":{"0":"post-35118","1":"product","2":"type-product","3":"status-publish","4":"has-post-thumbnail","6":"product_cat-koupelny","8":"first","9":"instock","10":"sale","11":"shipping-taxable","12":"purchasable","13":"product-type-simple"},"yoast_head":"<!-- This site is optimized with the Yoast SEO plugin v26.8 - https:\/\/yoast.com\/product\/yoast-seo-wordpress\/ -->\n<title>Zlevn\u011bn\u00fd Sapho THIN umyvadlo na desku 55x35cm, Rockstone, b\u00edl\u00e1 mat -<\/title>\n<meta name=\"robots\" content=\"index, follow, max-snippet:-1, max-image-preview:large, max-video-preview:-1\" \/>\n<link rel=\"canonical\" href=\"https:\/\/www.koupeltech.com\/index.php\/produkt\/zlevneny-sapho-thin-umyvadlo-na-desku-55x35cm-rockstone-bila-mat-35118\/\" \/>\n<meta property=\"og:locale\" content=\"cs_CZ\" \/>\n<meta property=\"og:type\" content=\"article\" \/>\n<meta property=\"og:title\" content=\"Zlevn\u011bn\u00fd Sapho THIN umyvadlo na desku 55x35cm, Rockstone, b\u00edl\u00e1 mat -\" \/>\n<meta property=\"og:description\" content=\"Popis produktu Sapho THIN umyvadlo na desku 55x35cm, Rockstone, b\u00edl\u00e1 mat Umyvadla THIN, vyroben\u00e1 ze Solid Surface &#8211; Rockstone materi\u00e1lu, s&nbsp;ultratenkou st\u011bnou&nbsp;a neobvykle matn\u00fdm povrchem se stanou origin\u00e1ln\u00ed ozdobou ka\u017ed\u00e9 koupelny. Technick\u00e9 parametry Rozm\u011br: 55 x 13 x 35 cm \u0160\u00ed\u0159ka: 550 mm V\u00fd\u0161ka: 130 mm Hloubka: 350 mm Barva: b\u00edl\u00e1 mat Materi\u00e1l: Solid Surface [&hellip;]\" \/>\n<meta property=\"og:url\" content=\"https:\/\/www.koupeltech.com\/index.php\/produkt\/zlevneny-sapho-thin-umyvadlo-na-desku-55x35cm-rockstone-bila-mat-35118\/\" \/>\n<meta property=\"og:image\" content=\"https:\/\/www.koupeltech.com\/wp-content\/uploads\/2026\/SK0025470-CZ20260425-092632-0-1777080397-sapho-thin-umyvadlo-na-desku-55x35cm-rockstone-bila-mat-127.webp\" \/>\n\t<meta property=\"og:image:width\" content=\"600\" \/>\n\t<meta property=\"og:image:height\" content=\"437\" \/>\n\t<meta property=\"og:image:type\" content=\"image\/webp\" \/>\n<meta name=\"twitter:card\" content=\"summary_large_image\" \/>\n<meta name=\"twitter:label1\" content=\"Odhadovan\u00e1 doba \u010dten\u00ed\" \/>\n\t<meta name=\"twitter:data1\" content=\"1 minuta\" \/>\n<script type=\"application\/ld+json\" class=\"yoast-schema-graph\">{\"@context\":\"https:\/\/schema.org\",\"@graph\":[{\"@type\":\"WebPage\",\"@id\":\"https:\/\/www.koupeltech.com\/index.php\/produkt\/zlevneny-sapho-thin-umyvadlo-na-desku-55x35cm-rockstone-bila-mat-35118\/\",\"url\":\"https:\/\/www.koupeltech.com\/index.php\/produkt\/zlevneny-sapho-thin-umyvadlo-na-desku-55x35cm-rockstone-bila-mat-35118\/\",\"name\":\"Zlevn\u011bn\u00fd Sapho THIN umyvadlo na desku 55x35cm, Rockstone, b\u00edl\u00e1 mat -\",\"isPartOf\":{\"@id\":\"https:\/\/www.koupeltech.com\/#website\"},\"primaryImageOfPage\":{\"@id\":\"https:\/\/www.koupeltech.com\/index.php\/produkt\/zlevneny-sapho-thin-umyvadlo-na-desku-55x35cm-rockstone-bila-mat-35118\/#primaryimage\"},\"image\":{\"@id\":\"https:\/\/www.koupeltech.com\/index.php\/produkt\/zlevneny-sapho-thin-umyvadlo-na-desku-55x35cm-rockstone-bila-mat-35118\/#primaryimage\"},\"thumbnailUrl\":\"https:\/\/www.koupeltech.com\/wp-content\/uploads\/2026\/SK0025470-CZ20260425-092632-0-1777080397-sapho-thin-umyvadlo-na-desku-55x35cm-rockstone-bila-mat-127.webp\",\"datePublished\":\"2026-04-27T14:01:10+00:00\",\"breadcrumb\":{\"@id\":\"https:\/\/www.koupeltech.com\/index.php\/produkt\/zlevneny-sapho-thin-umyvadlo-na-desku-55x35cm-rockstone-bila-mat-35118\/#breadcrumb\"},\"inLanguage\":\"cs\",\"potentialAction\":[{\"@type\":\"ReadAction\",\"target\":[\"https:\/\/www.koupeltech.com\/index.php\/produkt\/zlevneny-sapho-thin-umyvadlo-na-desku-55x35cm-rockstone-bila-mat-35118\/\"]}]},{\"@type\":\"ImageObject\",\"inLanguage\":\"cs\",\"@id\":\"https:\/\/www.koupeltech.com\/index.php\/produkt\/zlevneny-sapho-thin-umyvadlo-na-desku-55x35cm-rockstone-bila-mat-35118\/#primaryimage\",\"url\":\"https:\/\/www.koupeltech.com\/wp-content\/uploads\/2026\/SK0025470-CZ20260425-092632-0-1777080397-sapho-thin-umyvadlo-na-desku-55x35cm-rockstone-bila-mat-127.webp\",\"contentUrl\":\"https:\/\/www.koupeltech.com\/wp-content\/uploads\/2026\/SK0025470-CZ20260425-092632-0-1777080397-sapho-thin-umyvadlo-na-desku-55x35cm-rockstone-bila-mat-127.webp\",\"width\":600,\"height\":437},{\"@type\":\"BreadcrumbList\",\"@id\":\"https:\/\/www.koupeltech.com\/index.php\/produkt\/zlevneny-sapho-thin-umyvadlo-na-desku-55x35cm-rockstone-bila-mat-35118\/#breadcrumb\",\"itemListElement\":[{\"@type\":\"ListItem\",\"position\":1,\"name\":\"Home\",\"item\":\"https:\/\/www.koupeltech.com\/\"},{\"@type\":\"ListItem\",\"position\":2,\"name\":\"Products\",\"item\":\"https:\/\/www.koupeltech.com\/index.php\/products\/\"},{\"@type\":\"ListItem\",\"position\":3,\"name\":\"Zlevn\u011bn\u00fd Sapho THIN umyvadlo na desku 55x35cm, Rockstone, b\u00edl\u00e1 mat\"}]},{\"@type\":\"WebSite\",\"@id\":\"https:\/\/www.koupeltech.com\/#website\",\"url\":\"https:\/\/www.koupeltech.com\/\",\"name\":\"\",\"description\":\"\",\"potentialAction\":[{\"@type\":\"SearchAction\",\"target\":{\"@type\":\"EntryPoint\",\"urlTemplate\":\"https:\/\/www.koupeltech.com\/?s={search_term_string}\"},\"query-input\":{\"@type\":\"PropertyValueSpecification\",\"valueRequired\":true,\"valueName\":\"search_term_string\"}}],\"inLanguage\":\"cs\"}]}<\/script>\n<!-- \/ Yoast SEO plugin. -->","yoast_head_json":{"title":"Zlevn\u011bn\u00fd Sapho THIN umyvadlo na desku 55x35cm, Rockstone, b\u00edl\u00e1 mat -","robots":{"index":"index","follow":"follow","max-snippet":"max-snippet:-1","max-image-preview":"max-image-preview:large","max-video-preview":"max-video-preview:-1"},"canonical":"https:\/\/www.koupeltech.com\/index.php\/produkt\/zlevneny-sapho-thin-umyvadlo-na-desku-55x35cm-rockstone-bila-mat-35118\/","og_locale":"cs_CZ","og_type":"article","og_title":"Zlevn\u011bn\u00fd Sapho THIN umyvadlo na desku 55x35cm, Rockstone, b\u00edl\u00e1 mat -","og_description":"Popis produktu Sapho THIN umyvadlo na desku 55x35cm, Rockstone, b\u00edl\u00e1 mat Umyvadla THIN, vyroben\u00e1 ze Solid Surface &#8211; Rockstone materi\u00e1lu, s&nbsp;ultratenkou st\u011bnou&nbsp;a neobvykle matn\u00fdm povrchem se stanou origin\u00e1ln\u00ed ozdobou ka\u017ed\u00e9 koupelny. Technick\u00e9 parametry Rozm\u011br: 55 x 13 x 35 cm \u0160\u00ed\u0159ka: 550 mm V\u00fd\u0161ka: 130 mm Hloubka: 350 mm Barva: b\u00edl\u00e1 mat Materi\u00e1l: Solid Surface [&hellip;]","og_url":"https:\/\/www.koupeltech.com\/index.php\/produkt\/zlevneny-sapho-thin-umyvadlo-na-desku-55x35cm-rockstone-bila-mat-35118\/","og_image":[{"width":600,"height":437,"url":"https:\/\/www.koupeltech.com\/wp-content\/uploads\/2026\/SK0025470-CZ20260425-092632-0-1777080397-sapho-thin-umyvadlo-na-desku-55x35cm-rockstone-bila-mat-127.webp","type":"image\/webp"}],"twitter_card":"summary_large_image","twitter_misc":{"Odhadovan\u00e1 doba \u010dten\u00ed":"1 minuta"},"schema":{"@context":"https:\/\/schema.org","@graph":[{"@type":"WebPage","@id":"https:\/\/www.koupeltech.com\/index.php\/produkt\/zlevneny-sapho-thin-umyvadlo-na-desku-55x35cm-rockstone-bila-mat-35118\/","url":"https:\/\/www.koupeltech.com\/index.php\/produkt\/zlevneny-sapho-thin-umyvadlo-na-desku-55x35cm-rockstone-bila-mat-35118\/","name":"Zlevn\u011bn\u00fd Sapho THIN umyvadlo na desku 55x35cm, Rockstone, b\u00edl\u00e1 mat -","isPartOf":{"@id":"https:\/\/www.koupeltech.com\/#website"},"primaryImageOfPage":{"@id":"https:\/\/www.koupeltech.com\/index.php\/produkt\/zlevneny-sapho-thin-umyvadlo-na-desku-55x35cm-rockstone-bila-mat-35118\/#primaryimage"},"image":{"@id":"https:\/\/www.koupeltech.com\/index.php\/produkt\/zlevneny-sapho-thin-umyvadlo-na-desku-55x35cm-rockstone-bila-mat-35118\/#primaryimage"},"thumbnailUrl":"https:\/\/www.koupeltech.com\/wp-content\/uploads\/2026\/SK0025470-CZ20260425-092632-0-1777080397-sapho-thin-umyvadlo-na-desku-55x35cm-rockstone-bila-mat-127.webp","datePublished":"2026-04-27T14:01:10+00:00","breadcrumb":{"@id":"https:\/\/www.koupeltech.com\/index.php\/produkt\/zlevneny-sapho-thin-umyvadlo-na-desku-55x35cm-rockstone-bila-mat-35118\/#breadcrumb"},"inLanguage":"cs","potentialAction":[{"@type":"ReadAction","target":["https:\/\/www.koupeltech.com\/index.php\/produkt\/zlevneny-sapho-thin-umyvadlo-na-desku-55x35cm-rockstone-bila-mat-35118\/"]}]},{"@type":"ImageObject","inLanguage":"cs","@id":"https:\/\/www.koupeltech.com\/index.php\/produkt\/zlevneny-sapho-thin-umyvadlo-na-desku-55x35cm-rockstone-bila-mat-35118\/#primaryimage","url":"https:\/\/www.koupeltech.com\/wp-content\/uploads\/2026\/SK0025470-CZ20260425-092632-0-1777080397-sapho-thin-umyvadlo-na-desku-55x35cm-rockstone-bila-mat-127.webp","contentUrl":"https:\/\/www.koupeltech.com\/wp-content\/uploads\/2026\/SK0025470-CZ20260425-092632-0-1777080397-sapho-thin-umyvadlo-na-desku-55x35cm-rockstone-bila-mat-127.webp","width":600,"height":437},{"@type":"BreadcrumbList","@id":"https:\/\/www.koupeltech.com\/index.php\/produkt\/zlevneny-sapho-thin-umyvadlo-na-desku-55x35cm-rockstone-bila-mat-35118\/#breadcrumb","itemListElement":[{"@type":"ListItem","position":1,"name":"Home","item":"https:\/\/www.koupeltech.com\/"},{"@type":"ListItem","position":2,"name":"Products","item":"https:\/\/www.koupeltech.com\/index.php\/products\/"},{"@type":"ListItem","position":3,"name":"Zlevn\u011bn\u00fd Sapho THIN umyvadlo na desku 55x35cm, Rockstone, b\u00edl\u00e1 mat"}]},{"@type":"WebSite","@id":"https:\/\/www.koupeltech.com\/#website","url":"https:\/\/www.koupeltech.com\/","name":"","description":"","potentialAction":[{"@type":"SearchAction","target":{"@type":"EntryPoint","urlTemplate":"https:\/\/www.koupeltech.com\/?s={search_term_string}"},"query-input":{"@type":"PropertyValueSpecification","valueRequired":true,"valueName":"search_term_string"}}],"inLanguage":"cs"}]}},"_links":{"self":[{"href":"https:\/\/www.koupeltech.com\/index.php\/wp-json\/wp\/v2\/product\/35118","targetHints":{"allow":["GET"]}}],"collection":[{"href":"https:\/\/www.koupeltech.com\/index.php\/wp-json\/wp\/v2\/product"}],"about":[{"href":"https:\/\/www.koupeltech.com\/index.php\/wp-json\/wp\/v2\/types\/product"}],"replies":[{"embeddable":true,"href":"https:\/\/www.koupeltech.com\/index.php\/wp-json\/wp\/v2\/comments?post=35118"}],"wp:featuredmedia":[{"embeddable":true,"href":"https:\/\/www.koupeltech.com\/index.php\/wp-json\/wp\/v2\/media\/35218"}],"wp:attachment":[{"href":"https:\/\/www.koupeltech.com\/index.php\/wp-json\/wp\/v2\/media?parent=35118"}],"wp:term":[{"taxonomy":"product_brand","embeddable":true,"href":"https:\/\/www.koupeltech.com\/index.php\/wp-json\/wp\/v2\/product_brand?post=35118"},{"taxonomy":"product_cat","embeddable":true,"href":"https:\/\/www.koupeltech.com\/index.php\/wp-json\/wp\/v2\/product_cat?post=35118"},{"taxonomy":"product_tag","embeddable":true,"href":"https:\/\/www.koupeltech.com\/index.php\/wp-json\/wp\/v2\/product_tag?post=35118"}],"curies":[{"name":"wp","href":"https:\/\/api.w.org\/{rel}","templated":true}]}}