{"id":35134,"date":"2026-04-27T14:01:10","date_gmt":"2026-04-27T14:01:10","guid":{"rendered":""},"modified":"2026-04-27T14:01:10","modified_gmt":"2026-04-27T14:01:10","slug":"sanibroy-sanitop-silence-sanitarni-kalove-cerpadlo-pro-wc-a-umyvadlo-hit-sezony-35134","status":"publish","type":"product","link":"https:\/\/www.koupeltech.com\/index.php\/produkt\/sanibroy-sanitop-silence-sanitarni-kalove-cerpadlo-pro-wc-a-umyvadlo-hit-sezony-35134\/","title":{"rendered":"Sanibroy Sanitop Silence sanit\u00e1rn\u00ed kalov\u00e9 \u010derpadlo pro WC a umyvadlo Hit Sez\u00f3ny"},"content":{"rendered":"<div class=\"ProductDetail-content NoFixImageContainer\" id=\"productDescription\">\n<div class=\"Heading\">\n<h2 class=\"Heading-title\">Popis produktu <span class=''>Sanibroy Sanitop Silence sanit\u00e1rn\u00ed kalov\u00e9 \u010derpadlo pro WC a umyvadlo<\/span><\/h2>\n<\/p><\/div>\n<div class=\"ProductDetailContent\">\n<p><strong>SANITOP Silence<\/strong> je praktick\u00e9 <strong>sanit\u00e1rn\u00ed kalov\u00e9 \u010derpadlo ur\u010den\u00e9 pro p\u0159ipojen\u00ed WC a umyvadla<\/strong>, kter\u00e9 umo\u017e\u0148uje vytvo\u0159it plnohodnotn\u00e9 hygienick\u00e9 z\u00e1zem\u00ed i v m\u00edstech, kde nen\u00ed mo\u017en\u00e9 klasick\u00e9 gravita\u010dn\u00ed napojen\u00ed na kanalizaci. D\u00edky tomuto za\u0159\u00edzen\u00ed m\u016f\u017eete jednodu\u0161e vybudovat <strong>dal\u0161\u00ed toaletu s umyvadlem v byt\u011b, rodinn\u00e9m dom\u011b, kancel\u00e1\u0159i, sklep\u011b nebo podkrov\u00ed<\/strong>, a to bez slo\u017eit\u00fdch stavebn\u00edch \u00faprav.<\/p>\n<p>Za\u0159\u00edzen\u00ed pracuje <strong>zcela automaticky<\/strong> \u2013 po p\u0159\u00edtoku odpadn\u00ed vody se \u010derpadlo samo aktivuje a rychle ji p\u0159e\u010derp\u00e1 do odpadn\u00edho potrub\u00ed. Modern\u00ed technologie <strong>Silence<\/strong> zaji\u0161\u0165uje velmi <strong>tich\u00fd provoz<\/strong>, tak\u017ee je \u010derpadlo vhodn\u00e9 i pro instalaci v obytn\u00fdch m\u00edstnostech nebo kancel\u00e1\u0159sk\u00fdch prostorech, kde je d\u016fle\u017eit\u00fd n\u00edzk\u00fd hluk.<\/p>\n<p>V\u00fdkonn\u00fd motor umo\u017e\u0148uje <strong>vertik\u00e1ln\u00ed \u010derp\u00e1n\u00ed odpadn\u00ed vody a\u017e do v\u00fd\u0161ky 5 metr\u016f nebo horizont\u00e1ln\u00ed transport a\u017e na vzd\u00e1lenost 100 metr\u016f<\/strong>. D\u00edky tomu lze odpadn\u00ed vodu odv\u00e1d\u011bt i do vzd\u00e1len\u011bj\u0161\u00edho kanaliza\u010dn\u00edho potrub\u00ed nebo do vy\u0161\u0161\u00ed \u00farovn\u011b kanaliza\u010dn\u00edho syst\u00e9mu.<\/p>\n<p>Velkou v\u00fdhodou za\u0159\u00edzen\u00ed je mo\u017enost napojen\u00ed na <strong>odpadn\u00ed potrub\u00ed mal\u00e9ho pr\u016fm\u011bru 22, 28 nebo 32 mm<\/strong>, co\u017e v\u00fdrazn\u011b usnad\u0148uje instalaci a minimalizuje nutnost stavebn\u00edch z\u00e1sah\u016f. To ocen\u00edte zejm\u00e9na p\u0159i rekonstrukc\u00edch nebo p\u0159i dodate\u010dn\u00e9m budov\u00e1n\u00ed hygienick\u00e9ho z\u00e1zem\u00ed v ji\u017e hotov\u00fdch prostor\u00e1ch.<\/p>\n<p><strong>SANITOP Silence<\/strong> je nav\u00edc vybaven <strong>integrovan\u00fdm protipachov\u00fdm filtrem<\/strong>, kter\u00fd pom\u00e1h\u00e1 zabr\u00e1nit \u0161\u00ed\u0159en\u00ed nep\u0159\u00edjemn\u00fdch pach\u016f a zaji\u0161\u0165uje komfortn\u00ed provoz kdekoliv v interi\u00e9ru. P\u0159i <strong>p\u0159\u00edkonu 400 W a nap\u00e1jen\u00ed 220\u2013240 V<\/strong> nab\u00edz\u00ed za\u0159\u00edzen\u00ed spolehliv\u00fd v\u00fdkon pro ka\u017edodenn\u00ed pou\u017e\u00edv\u00e1n\u00ed.<\/p>\n<p>Sanit\u00e1rn\u00ed \u010derpadlo <strong>SANITOP Silence<\/strong> je ide\u00e1ln\u00ed \u0159e\u0161en\u00ed nap\u0159\u00edklad pro:<\/p>\n<ul>\n<li>\n<p>vybudov\u00e1n\u00ed <strong>dal\u0161\u00edho WC v byt\u011b nebo rodinn\u00e9m dom\u011b<\/strong><\/p>\n<\/li>\n<li>\n<p>instalaci <strong>toalety s umyvadlem v kancel\u00e1\u0159i<\/strong><\/p>\n<\/li>\n<li>\n<p>vytvo\u0159en\u00ed hygienick\u00e9ho z\u00e1zem\u00ed <strong>ve sklep\u011b, podkrov\u00ed nebo p\u0159\u00edstavb\u011b<\/strong><\/p>\n<\/li>\n<li>\n<p>rekonstrukce koupelen a prostor bez p\u0159\u00edm\u00e9ho napojen\u00ed na kanalizaci<\/p>\n<\/li>\n<\/ul>\n<h3>Hlavn\u00ed vlastnosti<\/h3>\n<ul>\n<li>pou\u017eit\u00ed pro <strong>WC a umyvadlo<\/strong><\/li>\n<li><strong>automatick\u00fd provoz<\/strong><\/li>\n<li><strong>vertik\u00e1ln\u00ed \u010derp\u00e1n\u00ed a\u017e 5 m<\/strong><\/li>\n<li><strong>horizont\u00e1ln\u00ed \u010derp\u00e1n\u00ed a\u017e 100 m<\/strong><\/li>\n<li>napojen\u00ed na potrub\u00ed <strong>\u00d8 22 \/ 28 \/ 32 mm<\/strong><\/li>\n<li><strong>tich\u00fd chod \u2013 technologie Silence<\/strong><\/li>\n<li><strong>integrovan\u00fd protipachov\u00fd filtr<\/strong><\/li>\n<li><strong>p\u0159\u00edkon 400 W<\/strong><\/li>\n<li>nap\u00e1jen\u00ed <strong>220\u2013240 V<\/strong><\/li>\n<li>jednoduch\u00e1 a rychl\u00e1 instalace<\/li>\n<\/ul>\n<p><strong>SANITOP Silence<\/strong> nab\u00edz\u00ed jednoduch\u00fd zp\u016fsob, jak roz\u0161\u00ed\u0159it hygienick\u00e9 z\u00e1zem\u00ed v dom\u00e1cnosti nebo pracovn\u00edch prostor\u00e1ch a vytvo\u0159it nov\u00e9 WC s umyvadlem t\u00e9m\u011b\u0159 kdekoliv bez n\u00e1ro\u010dn\u00fdch stavebn\u00edch \u00faprav.<\/p>\n<h3><strong>Technick\u00e9 parametry<\/strong><\/h3>\n<p><strong>Elektrick\u00e9 vlastnosti<\/strong><\/p>\n<ul>\n<li>Nap\u011bt\u00ed (V): 220\u2013240<\/li>\n<li>Frekvence (Hz): 50\u201360<\/li>\n<li>Spot\u0159eba motoru (W): 400<\/li>\n<li>T\u0159\u00edda ochrany: IP44<\/li>\n<li>Elektrick\u00e1 t\u0159\u00edda: I<\/li>\n<li>Hladina hluku (dB(A)): 46<\/li>\n<\/ul>\n<p><strong>Hydraulika<\/strong><\/p>\n<ul>\n<li>Po\u010det vstup\u016f: 2<\/li>\n<li>Vn\u011bj\u0161\u00ed pr\u016fm\u011br vstupu (mm): 40, 100<\/li>\n<li>Vn\u011bj\u0161\u00ed pr\u016fm\u011br v\u00fdtlaku (mm): 22\/28\/32<\/li>\n<li>Max. teplota vstupn\u00ed vody: 35 \u00b0C<\/li>\n<li>Doporu\u010den\u00e1 max. \u010derpac\u00ed v\u00fd\u0161ka (m): 5<\/li>\n<li>D\u00e9lka v\u00fdtlaku (m): 100<\/li>\n<li>Typ ob\u011b\u017en\u00e9ho kola \/ \u0159ezac\u00edho \u00fastroj\u00ed: N\u016f\u017e s jednou \u010depel\u00ed<\/li>\n<li>V\u00fd\u0161ka aktivace (mm): 95<\/li>\n<\/ul><\/div>\n<div class=\"ProductDetailContent\">                                                                    <\/div>\n<\/p><\/div>\n<\/p><\/div>\n<\/p><\/div>\n","protected":false},"excerpt":{"rendered":"<p>Popis produktu Sanibroy Sanitop Silence sanit\u00e1rn\u00ed kalov\u00e9 \u010derpadlo pro WC a umyvadlo SANITOP Silence je praktick\u00e9 sanit\u00e1rn\u00ed kalov\u00e9 \u010derpadlo ur\u010den\u00e9 pro p\u0159ipojen\u00ed WC a umyvadla, kter\u00e9 umo\u017e\u0148uje vytvo\u0159it plnohodnotn\u00e9 hygienick\u00e9 z\u00e1zem\u00ed i v m\u00edstech, kde nen\u00ed mo\u017en\u00e9 klasick\u00e9 gravita\u010dn\u00ed napojen\u00ed na kanalizaci. D\u00edky tomuto za\u0159\u00edzen\u00ed m\u016f\u017eete jednodu\u0161e vybudovat dal\u0161\u00ed toaletu s umyvadlem v byt\u011b, rodinn\u00e9m [&hellip;]<\/p>\n","protected":false},"featured_media":35234,"comment_status":"open","ping_status":"open","template":"","meta":[],"product_brand":[],"product_cat":[81],"product_tag":[],"class_list":{"0":"post-35134","1":"product","2":"type-product","3":"status-publish","4":"has-post-thumbnail","6":"product_cat-septiky-jimky-nadrze","8":"first","9":"instock","10":"sale","11":"shipping-taxable","12":"purchasable","13":"product-type-simple"},"yoast_head":"<!-- This site is optimized with the Yoast SEO plugin v26.8 - https:\/\/yoast.com\/product\/yoast-seo-wordpress\/ -->\n<title>Sanibroy Sanitop Silence sanit\u00e1rn\u00ed kalov\u00e9 \u010derpadlo pro WC a umyvadlo Hit Sez\u00f3ny -<\/title>\n<meta name=\"robots\" content=\"index, follow, max-snippet:-1, max-image-preview:large, max-video-preview:-1\" \/>\n<link rel=\"canonical\" href=\"https:\/\/www.koupeltech.com\/index.php\/produkt\/sanibroy-sanitop-silence-sanitarni-kalove-cerpadlo-pro-wc-a-umyvadlo-hit-sezony-35134\/\" \/>\n<meta property=\"og:locale\" content=\"cs_CZ\" \/>\n<meta property=\"og:type\" content=\"article\" \/>\n<meta property=\"og:title\" content=\"Sanibroy Sanitop Silence sanit\u00e1rn\u00ed kalov\u00e9 \u010derpadlo pro WC a umyvadlo Hit Sez\u00f3ny -\" \/>\n<meta property=\"og:description\" content=\"Popis produktu Sanibroy Sanitop Silence sanit\u00e1rn\u00ed kalov\u00e9 \u010derpadlo pro WC a umyvadlo SANITOP Silence je praktick\u00e9 sanit\u00e1rn\u00ed kalov\u00e9 \u010derpadlo ur\u010den\u00e9 pro p\u0159ipojen\u00ed WC a umyvadla, kter\u00e9 umo\u017e\u0148uje vytvo\u0159it plnohodnotn\u00e9 hygienick\u00e9 z\u00e1zem\u00ed i v m\u00edstech, kde nen\u00ed mo\u017en\u00e9 klasick\u00e9 gravita\u010dn\u00ed napojen\u00ed na kanalizaci. D\u00edky tomuto za\u0159\u00edzen\u00ed m\u016f\u017eete jednodu\u0161e vybudovat dal\u0161\u00ed toaletu s umyvadlem v byt\u011b, rodinn\u00e9m [&hellip;]\" \/>\n<meta property=\"og:url\" content=\"https:\/\/www.koupeltech.com\/index.php\/produkt\/sanibroy-sanitop-silence-sanitarni-kalove-cerpadlo-pro-wc-a-umyvadlo-hit-sezony-35134\/\" \/>\n<meta property=\"og:image\" content=\"https:\/\/www.koupeltech.com\/wp-content\/uploads\/2026\/SK0025488-CZ20260425-092632-0-1777080397-sanibroy-sanitop-silence-sanitarni-kalove-cerpadlo-pro-wc-a.webp\" \/>\n\t<meta property=\"og:image:width\" content=\"600\" \/>\n\t<meta property=\"og:image:height\" content=\"450\" \/>\n\t<meta property=\"og:image:type\" content=\"image\/webp\" \/>\n<meta name=\"twitter:card\" content=\"summary_large_image\" \/>\n<meta name=\"twitter:label1\" content=\"Odhadovan\u00e1 doba \u010dten\u00ed\" \/>\n\t<meta name=\"twitter:data1\" content=\"3 minuty\" \/>\n<script type=\"application\/ld+json\" class=\"yoast-schema-graph\">{\"@context\":\"https:\/\/schema.org\",\"@graph\":[{\"@type\":\"WebPage\",\"@id\":\"https:\/\/www.koupeltech.com\/index.php\/produkt\/sanibroy-sanitop-silence-sanitarni-kalove-cerpadlo-pro-wc-a-umyvadlo-hit-sezony-35134\/\",\"url\":\"https:\/\/www.koupeltech.com\/index.php\/produkt\/sanibroy-sanitop-silence-sanitarni-kalove-cerpadlo-pro-wc-a-umyvadlo-hit-sezony-35134\/\",\"name\":\"Sanibroy Sanitop Silence sanit\u00e1rn\u00ed kalov\u00e9 \u010derpadlo pro WC a umyvadlo Hit Sez\u00f3ny -\",\"isPartOf\":{\"@id\":\"https:\/\/www.koupeltech.com\/#website\"},\"primaryImageOfPage\":{\"@id\":\"https:\/\/www.koupeltech.com\/index.php\/produkt\/sanibroy-sanitop-silence-sanitarni-kalove-cerpadlo-pro-wc-a-umyvadlo-hit-sezony-35134\/#primaryimage\"},\"image\":{\"@id\":\"https:\/\/www.koupeltech.com\/index.php\/produkt\/sanibroy-sanitop-silence-sanitarni-kalove-cerpadlo-pro-wc-a-umyvadlo-hit-sezony-35134\/#primaryimage\"},\"thumbnailUrl\":\"https:\/\/www.koupeltech.com\/wp-content\/uploads\/2026\/SK0025488-CZ20260425-092632-0-1777080397-sanibroy-sanitop-silence-sanitarni-kalove-cerpadlo-pro-wc-a.webp\",\"datePublished\":\"2026-04-27T14:01:10+00:00\",\"breadcrumb\":{\"@id\":\"https:\/\/www.koupeltech.com\/index.php\/produkt\/sanibroy-sanitop-silence-sanitarni-kalove-cerpadlo-pro-wc-a-umyvadlo-hit-sezony-35134\/#breadcrumb\"},\"inLanguage\":\"cs\",\"potentialAction\":[{\"@type\":\"ReadAction\",\"target\":[\"https:\/\/www.koupeltech.com\/index.php\/produkt\/sanibroy-sanitop-silence-sanitarni-kalove-cerpadlo-pro-wc-a-umyvadlo-hit-sezony-35134\/\"]}]},{\"@type\":\"ImageObject\",\"inLanguage\":\"cs\",\"@id\":\"https:\/\/www.koupeltech.com\/index.php\/produkt\/sanibroy-sanitop-silence-sanitarni-kalove-cerpadlo-pro-wc-a-umyvadlo-hit-sezony-35134\/#primaryimage\",\"url\":\"https:\/\/www.koupeltech.com\/wp-content\/uploads\/2026\/SK0025488-CZ20260425-092632-0-1777080397-sanibroy-sanitop-silence-sanitarni-kalove-cerpadlo-pro-wc-a.webp\",\"contentUrl\":\"https:\/\/www.koupeltech.com\/wp-content\/uploads\/2026\/SK0025488-CZ20260425-092632-0-1777080397-sanibroy-sanitop-silence-sanitarni-kalove-cerpadlo-pro-wc-a.webp\",\"width\":600,\"height\":450},{\"@type\":\"BreadcrumbList\",\"@id\":\"https:\/\/www.koupeltech.com\/index.php\/produkt\/sanibroy-sanitop-silence-sanitarni-kalove-cerpadlo-pro-wc-a-umyvadlo-hit-sezony-35134\/#breadcrumb\",\"itemListElement\":[{\"@type\":\"ListItem\",\"position\":1,\"name\":\"Home\",\"item\":\"https:\/\/www.koupeltech.com\/\"},{\"@type\":\"ListItem\",\"position\":2,\"name\":\"Products\",\"item\":\"https:\/\/www.koupeltech.com\/index.php\/products\/\"},{\"@type\":\"ListItem\",\"position\":3,\"name\":\"Sanibroy Sanitop Silence sanit\u00e1rn\u00ed kalov\u00e9 \u010derpadlo pro WC a umyvadlo Hit Sez\u00f3ny\"}]},{\"@type\":\"WebSite\",\"@id\":\"https:\/\/www.koupeltech.com\/#website\",\"url\":\"https:\/\/www.koupeltech.com\/\",\"name\":\"\",\"description\":\"\",\"potentialAction\":[{\"@type\":\"SearchAction\",\"target\":{\"@type\":\"EntryPoint\",\"urlTemplate\":\"https:\/\/www.koupeltech.com\/?s={search_term_string}\"},\"query-input\":{\"@type\":\"PropertyValueSpecification\",\"valueRequired\":true,\"valueName\":\"search_term_string\"}}],\"inLanguage\":\"cs\"}]}<\/script>\n<!-- \/ Yoast SEO plugin. -->","yoast_head_json":{"title":"Sanibroy Sanitop Silence sanit\u00e1rn\u00ed kalov\u00e9 \u010derpadlo pro WC a umyvadlo Hit Sez\u00f3ny -","robots":{"index":"index","follow":"follow","max-snippet":"max-snippet:-1","max-image-preview":"max-image-preview:large","max-video-preview":"max-video-preview:-1"},"canonical":"https:\/\/www.koupeltech.com\/index.php\/produkt\/sanibroy-sanitop-silence-sanitarni-kalove-cerpadlo-pro-wc-a-umyvadlo-hit-sezony-35134\/","og_locale":"cs_CZ","og_type":"article","og_title":"Sanibroy Sanitop Silence sanit\u00e1rn\u00ed kalov\u00e9 \u010derpadlo pro WC a umyvadlo Hit Sez\u00f3ny -","og_description":"Popis produktu Sanibroy Sanitop Silence sanit\u00e1rn\u00ed kalov\u00e9 \u010derpadlo pro WC a umyvadlo SANITOP Silence je praktick\u00e9 sanit\u00e1rn\u00ed kalov\u00e9 \u010derpadlo ur\u010den\u00e9 pro p\u0159ipojen\u00ed WC a umyvadla, kter\u00e9 umo\u017e\u0148uje vytvo\u0159it plnohodnotn\u00e9 hygienick\u00e9 z\u00e1zem\u00ed i v m\u00edstech, kde nen\u00ed mo\u017en\u00e9 klasick\u00e9 gravita\u010dn\u00ed napojen\u00ed na kanalizaci. D\u00edky tomuto za\u0159\u00edzen\u00ed m\u016f\u017eete jednodu\u0161e vybudovat dal\u0161\u00ed toaletu s umyvadlem v byt\u011b, rodinn\u00e9m [&hellip;]","og_url":"https:\/\/www.koupeltech.com\/index.php\/produkt\/sanibroy-sanitop-silence-sanitarni-kalove-cerpadlo-pro-wc-a-umyvadlo-hit-sezony-35134\/","og_image":[{"width":600,"height":450,"url":"https:\/\/www.koupeltech.com\/wp-content\/uploads\/2026\/SK0025488-CZ20260425-092632-0-1777080397-sanibroy-sanitop-silence-sanitarni-kalove-cerpadlo-pro-wc-a.webp","type":"image\/webp"}],"twitter_card":"summary_large_image","twitter_misc":{"Odhadovan\u00e1 doba \u010dten\u00ed":"3 minuty"},"schema":{"@context":"https:\/\/schema.org","@graph":[{"@type":"WebPage","@id":"https:\/\/www.koupeltech.com\/index.php\/produkt\/sanibroy-sanitop-silence-sanitarni-kalove-cerpadlo-pro-wc-a-umyvadlo-hit-sezony-35134\/","url":"https:\/\/www.koupeltech.com\/index.php\/produkt\/sanibroy-sanitop-silence-sanitarni-kalove-cerpadlo-pro-wc-a-umyvadlo-hit-sezony-35134\/","name":"Sanibroy Sanitop Silence sanit\u00e1rn\u00ed kalov\u00e9 \u010derpadlo pro WC a umyvadlo Hit Sez\u00f3ny -","isPartOf":{"@id":"https:\/\/www.koupeltech.com\/#website"},"primaryImageOfPage":{"@id":"https:\/\/www.koupeltech.com\/index.php\/produkt\/sanibroy-sanitop-silence-sanitarni-kalove-cerpadlo-pro-wc-a-umyvadlo-hit-sezony-35134\/#primaryimage"},"image":{"@id":"https:\/\/www.koupeltech.com\/index.php\/produkt\/sanibroy-sanitop-silence-sanitarni-kalove-cerpadlo-pro-wc-a-umyvadlo-hit-sezony-35134\/#primaryimage"},"thumbnailUrl":"https:\/\/www.koupeltech.com\/wp-content\/uploads\/2026\/SK0025488-CZ20260425-092632-0-1777080397-sanibroy-sanitop-silence-sanitarni-kalove-cerpadlo-pro-wc-a.webp","datePublished":"2026-04-27T14:01:10+00:00","breadcrumb":{"@id":"https:\/\/www.koupeltech.com\/index.php\/produkt\/sanibroy-sanitop-silence-sanitarni-kalove-cerpadlo-pro-wc-a-umyvadlo-hit-sezony-35134\/#breadcrumb"},"inLanguage":"cs","potentialAction":[{"@type":"ReadAction","target":["https:\/\/www.koupeltech.com\/index.php\/produkt\/sanibroy-sanitop-silence-sanitarni-kalove-cerpadlo-pro-wc-a-umyvadlo-hit-sezony-35134\/"]}]},{"@type":"ImageObject","inLanguage":"cs","@id":"https:\/\/www.koupeltech.com\/index.php\/produkt\/sanibroy-sanitop-silence-sanitarni-kalove-cerpadlo-pro-wc-a-umyvadlo-hit-sezony-35134\/#primaryimage","url":"https:\/\/www.koupeltech.com\/wp-content\/uploads\/2026\/SK0025488-CZ20260425-092632-0-1777080397-sanibroy-sanitop-silence-sanitarni-kalove-cerpadlo-pro-wc-a.webp","contentUrl":"https:\/\/www.koupeltech.com\/wp-content\/uploads\/2026\/SK0025488-CZ20260425-092632-0-1777080397-sanibroy-sanitop-silence-sanitarni-kalove-cerpadlo-pro-wc-a.webp","width":600,"height":450},{"@type":"BreadcrumbList","@id":"https:\/\/www.koupeltech.com\/index.php\/produkt\/sanibroy-sanitop-silence-sanitarni-kalove-cerpadlo-pro-wc-a-umyvadlo-hit-sezony-35134\/#breadcrumb","itemListElement":[{"@type":"ListItem","position":1,"name":"Home","item":"https:\/\/www.koupeltech.com\/"},{"@type":"ListItem","position":2,"name":"Products","item":"https:\/\/www.koupeltech.com\/index.php\/products\/"},{"@type":"ListItem","position":3,"name":"Sanibroy Sanitop Silence sanit\u00e1rn\u00ed kalov\u00e9 \u010derpadlo pro WC a umyvadlo Hit Sez\u00f3ny"}]},{"@type":"WebSite","@id":"https:\/\/www.koupeltech.com\/#website","url":"https:\/\/www.koupeltech.com\/","name":"","description":"","potentialAction":[{"@type":"SearchAction","target":{"@type":"EntryPoint","urlTemplate":"https:\/\/www.koupeltech.com\/?s={search_term_string}"},"query-input":{"@type":"PropertyValueSpecification","valueRequired":true,"valueName":"search_term_string"}}],"inLanguage":"cs"}]}},"_links":{"self":[{"href":"https:\/\/www.koupeltech.com\/index.php\/wp-json\/wp\/v2\/product\/35134","targetHints":{"allow":["GET"]}}],"collection":[{"href":"https:\/\/www.koupeltech.com\/index.php\/wp-json\/wp\/v2\/product"}],"about":[{"href":"https:\/\/www.koupeltech.com\/index.php\/wp-json\/wp\/v2\/types\/product"}],"replies":[{"embeddable":true,"href":"https:\/\/www.koupeltech.com\/index.php\/wp-json\/wp\/v2\/comments?post=35134"}],"wp:featuredmedia":[{"embeddable":true,"href":"https:\/\/www.koupeltech.com\/index.php\/wp-json\/wp\/v2\/media\/35234"}],"wp:attachment":[{"href":"https:\/\/www.koupeltech.com\/index.php\/wp-json\/wp\/v2\/media?parent=35134"}],"wp:term":[{"taxonomy":"product_brand","embeddable":true,"href":"https:\/\/www.koupeltech.com\/index.php\/wp-json\/wp\/v2\/product_brand?post=35134"},{"taxonomy":"product_cat","embeddable":true,"href":"https:\/\/www.koupeltech.com\/index.php\/wp-json\/wp\/v2\/product_cat?post=35134"},{"taxonomy":"product_tag","embeddable":true,"href":"https:\/\/www.koupeltech.com\/index.php\/wp-json\/wp\/v2\/product_tag?post=35134"}],"curies":[{"name":"wp","href":"https:\/\/api.w.org\/{rel}","templated":true}]}}