{"id":35135,"date":"2026-04-27T14:01:10","date_gmt":"2026-04-27T14:01:10","guid":{"rendered":""},"modified":"2026-04-27T14:01:10","modified_gmt":"2026-04-27T14:01:10","slug":"sanibroy-sanipro-silence-sanitarni-kalove-cerpadlo-pro-kompletni-koupelnu-jen-po-omezenou-doba-35135","status":"publish","type":"product","link":"https:\/\/www.koupeltech.com\/index.php\/produkt\/sanibroy-sanipro-silence-sanitarni-kalove-cerpadlo-pro-kompletni-koupelnu-jen-po-omezenou-doba-35135\/","title":{"rendered":"Sanibroy Sanipro Silence sanit\u00e1rn\u00ed kalov\u00e9 \u010derpadlo pro kompletn\u00ed koupelnu Jen Po Omezenou Doba"},"content":{"rendered":"<div class=\"ProductDetail-content NoFixImageContainer\" id=\"productDescription\">\n<div class=\"Heading\">\n<h2 class=\"Heading-title\">Popis produktu <span class=''>Sanibroy Sanipro Silence sanit\u00e1rn\u00ed kalov\u00e9 \u010derpadlo pro kompletn\u00ed koupelnu<\/span><\/h2>\n<\/p><\/div>\n<div class=\"ProductDetailContent\">\n<p><strong>SANIPRO Silence<\/strong> je v\u00fdkonn\u00e9 <strong>sanit\u00e1rn\u00ed kalov\u00e9 \u010derpadlo<\/strong>, kter\u00e9 umo\u017e\u0148uje vybudovat <strong>plnohodnotnou koupelnu bez vany t\u00e9m\u011b\u0159 kdekoli v interi\u00e9ru<\/strong>. Za\u0159\u00edzen\u00ed je ur\u010deno pro p\u0159ipojen\u00ed v\u00edce sanit\u00e1rn\u00edch za\u0159\u00edzen\u00ed sou\u010dasn\u011b \u2013 <strong>WC, umyvadla, sprchy a bidetu<\/strong>, tak\u017ee je ide\u00e1ln\u00ed pro realizaci <strong>druh\u00e9 koupelny v byt\u011b, rodinn\u00e9m dom\u011b, kancel\u00e1\u0159i nebo v podkrov\u00ed \u010di sklep\u011b<\/strong>.<\/p>\n<p>\u010cerpadlo pracuje automaticky \u2013 p\u0159i p\u0159\u00edtoku odpadn\u00ed vody se aktivuje a rychle ji p\u0159e\u010derp\u00e1 do kanaliza\u010dn\u00edho syst\u00e9mu. D\u00edky vysok\u00e9mu v\u00fdkonu dok\u00e1\u017ee odpadn\u00ed vodu <strong>\u010derpat a\u017e do v\u00fd\u0161ky 5 metr\u016f nebo horizont\u00e1ln\u011b a\u017e do vzd\u00e1lenosti 100 metr\u016f<\/strong>, co\u017e umo\u017e\u0148uje flexibiln\u00ed \u0159e\u0161en\u00ed dispozice koupelny i tam, kde nen\u00ed mo\u017en\u00e9 klasick\u00e9 gravita\u010dn\u00ed napojen\u00ed na kanalizaci.<\/p>\n<p>Model <strong>SANIPRO Silence<\/strong> pat\u0159\u00ed mezi <strong>nejti\u0161\u0161\u00ed sanit\u00e1rn\u00ed kalov\u00e1 \u010derpadla na trhu<\/strong>. Modern\u00ed technologie tlumen\u00ed hluku zaji\u0161\u0165uje mimo\u0159\u00e1dn\u011b tich\u00fd provoz s hladinou hluku pouh\u00fdch <strong>45 dB(A)<\/strong>, co\u017e je \u00farove\u0148 srovnateln\u00e1 s b\u011b\u017en\u00fdm dom\u00e1c\u00edm prost\u0159ed\u00edm. D\u00edky tomu je za\u0159\u00edzen\u00ed vhodn\u00e9 i pro instalaci v obytn\u00fdch m\u00edstnostech nebo kancel\u00e1\u0159sk\u00fdch prostorech.<\/p>\n<p>Velkou v\u00fdhodou je tak\u00e9 <strong>jednoduch\u00e1 instalace<\/strong>. \u010cerpadlo lze p\u0159ipojit na <strong>odpadn\u00ed potrub\u00ed mal\u00e9ho pr\u016fm\u011bru 22, 28 nebo 32 mm<\/strong>, co\u017e v\u00fdrazn\u011b usnad\u0148uje mont\u00e1\u017e a minimalizuje nutnost stavebn\u00edch z\u00e1sah\u016f. To ocen\u00edte zejm\u00e9na p\u0159i rekonstrukc\u00edch nebo p\u0159i budov\u00e1n\u00ed nov\u00e9 koupelny v m\u00edstech, kde by klasick\u00e9 kanaliza\u010dn\u00ed rozvody byly slo\u017eit\u00e9 nebo n\u00e1kladn\u00e9.<\/p>\n<p>P\u0159i <strong>p\u0159\u00edkonu 400 W a nap\u00e1jen\u00ed 220\u2013240 V<\/strong> nab\u00edz\u00ed za\u0159\u00edzen\u00ed dostate\u010dn\u00fd v\u00fdkon pro spolehliv\u00e9 p\u0159e\u010derp\u00e1v\u00e1n\u00ed odpadn\u00ed vody z cel\u00e9 koupelny. <strong>SANIPRO Silence<\/strong> tak p\u0159edstavuje praktick\u00e9 a efektivn\u00ed \u0159e\u0161en\u00ed pro roz\u0161\u00ed\u0159en\u00ed hygienick\u00e9ho z\u00e1zem\u00ed bez n\u00e1ro\u010dn\u00fdch stavebn\u00edch \u00faprav.<\/p>\n<h3>Hlavn\u00ed vlastnosti<\/h3>\n<ul>\n<li>pou\u017eit\u00ed pro <strong>WC, umyvadlo, sprchu a bidet<\/strong><\/li>\n<li>mo\u017enost realizace <strong>kompletn\u00ed koupelny bez vany<\/strong><\/li>\n<li><strong>vertik\u00e1ln\u00ed \u010derp\u00e1n\u00ed a\u017e 5 m<\/strong><\/li>\n<li><strong>horizont\u00e1ln\u00ed \u010derp\u00e1n\u00ed a\u017e 100 m<\/strong><\/li>\n<li>napojen\u00ed na potrub\u00ed <strong>\u00d8 22 \/ 28 \/ 32 mm<\/strong><\/li>\n<li><strong>mimo\u0159\u00e1dn\u011b tich\u00fd provoz \u2013 pouze 45 dB(A)<\/strong><\/li>\n<li><strong>p\u0159\u00edkon 400 W<\/strong><\/li>\n<li>nap\u00e1jen\u00ed <strong>220\u2013240 V<\/strong><\/li>\n<li><strong>automatick\u00fd provoz<\/strong><\/li>\n<li>jednoduch\u00e1 a rychl\u00e1 instalace<\/li>\n<\/ul>\n<p><strong>SANIPRO Silence<\/strong> je ide\u00e1ln\u00ed volbou pro ka\u017ed\u00e9ho, kdo chce jednodu\u0161e vytvo\u0159it <strong>novou koupelnu s WC, sprchou a umyvadlem<\/strong> i v m\u00edstech, kde nen\u00ed p\u0159\u00edm\u00e9 napojen\u00ed na kanalizaci. D\u00edky tich\u00e9mu provozu, vysok\u00e9mu v\u00fdkonu a snadn\u00e9 instalaci nab\u00edz\u00ed spolehliv\u00e9 \u0159e\u0161en\u00ed pro modern\u00ed bydlen\u00ed.<\/p>\n<h3><strong>Technick\u00e9 parametry<\/strong><\/h3>\n<p><strong>Elektrick\u00e9 vlastnosti<\/strong><\/p>\n<ul>\n<li>Nap\u011bt\u00ed (V): 220\u2013240<\/li>\n<li>Frekvence (Hz): 50\u201360<\/li>\n<li>Spot\u0159eba motoru (W): 400<\/li>\n<li>T\u0159\u00edda ochrany: IP44<\/li>\n<li>Elektrick\u00e1 t\u0159\u00edda: I<\/li>\n<li>Hladina hluku (dB(A)): 46<\/li>\n<\/ul>\n<p><strong>Hydraulika<\/strong><\/p>\n<ul>\n<li>Po\u010det vstup\u016f: 4<\/li>\n<li>Vn\u011bj\u0161\u00ed pr\u016fm\u011br vstupu (mm): 40, 100<\/li>\n<li>Vn\u011bj\u0161\u00ed pr\u016fm\u011br v\u00fdtlaku (mm): 32<\/li>\n<li>Max. teplota vstupn\u00ed vody: 35 \u00b0C<\/li>\n<li>Doporu\u010den\u00e1 max. \u010derpac\u00ed v\u00fd\u0161ka (m): 5<\/li>\n<li>D\u00e9lka v\u00fdtlaku (m): 100<\/li>\n<li>Minim\u00e1ln\u00ed v\u00fd\u0161ka sprchov\u00e9 vani\u010dky (mm): 130<\/li>\n<li>Typ ob\u011b\u017en\u00e9ho kola \/ \u0159ezac\u00edho \u00fastroj\u00ed: N\u016f\u017e s jednou \u010depel\u00ed<\/li>\n<li>V\u00fd\u0161ka aktivace (mm): 70<\/li>\n<\/ul><\/div>\n<div class=\"ProductDetailContent\">                                                                    <\/div>\n<\/p><\/div>\n<\/p><\/div>\n<\/p><\/div>\n","protected":false},"excerpt":{"rendered":"<p>Popis produktu Sanibroy Sanipro Silence sanit\u00e1rn\u00ed kalov\u00e9 \u010derpadlo pro kompletn\u00ed koupelnu SANIPRO Silence je v\u00fdkonn\u00e9 sanit\u00e1rn\u00ed kalov\u00e9 \u010derpadlo, kter\u00e9 umo\u017e\u0148uje vybudovat plnohodnotnou koupelnu bez vany t\u00e9m\u011b\u0159 kdekoli v interi\u00e9ru. Za\u0159\u00edzen\u00ed je ur\u010deno pro p\u0159ipojen\u00ed v\u00edce sanit\u00e1rn\u00edch za\u0159\u00edzen\u00ed sou\u010dasn\u011b \u2013 WC, umyvadla, sprchy a bidetu, tak\u017ee je ide\u00e1ln\u00ed pro realizaci druh\u00e9 koupelny v byt\u011b, rodinn\u00e9m dom\u011b, [&hellip;]<\/p>\n","protected":false},"featured_media":35235,"comment_status":"open","ping_status":"open","template":"","meta":[],"product_brand":[],"product_cat":[81],"product_tag":[],"class_list":{"0":"post-35135","1":"product","2":"type-product","3":"status-publish","4":"has-post-thumbnail","6":"product_cat-septiky-jimky-nadrze","8":"first","9":"instock","10":"sale","11":"shipping-taxable","12":"purchasable","13":"product-type-simple"},"yoast_head":"<!-- This site is optimized with the Yoast SEO plugin v26.8 - https:\/\/yoast.com\/product\/yoast-seo-wordpress\/ -->\n<title>Sanibroy Sanipro Silence sanit\u00e1rn\u00ed kalov\u00e9 \u010derpadlo pro kompletn\u00ed koupelnu Jen Po Omezenou Doba -<\/title>\n<meta name=\"robots\" content=\"index, follow, max-snippet:-1, max-image-preview:large, max-video-preview:-1\" \/>\n<link rel=\"canonical\" href=\"https:\/\/www.koupeltech.com\/index.php\/produkt\/sanibroy-sanipro-silence-sanitarni-kalove-cerpadlo-pro-kompletni-koupelnu-jen-po-omezenou-doba-35135\/\" \/>\n<meta property=\"og:locale\" content=\"cs_CZ\" \/>\n<meta property=\"og:type\" content=\"article\" \/>\n<meta property=\"og:title\" content=\"Sanibroy Sanipro Silence sanit\u00e1rn\u00ed kalov\u00e9 \u010derpadlo pro kompletn\u00ed koupelnu Jen Po Omezenou Doba -\" \/>\n<meta property=\"og:description\" content=\"Popis produktu Sanibroy Sanipro Silence sanit\u00e1rn\u00ed kalov\u00e9 \u010derpadlo pro kompletn\u00ed koupelnu SANIPRO Silence je v\u00fdkonn\u00e9 sanit\u00e1rn\u00ed kalov\u00e9 \u010derpadlo, kter\u00e9 umo\u017e\u0148uje vybudovat plnohodnotnou koupelnu bez vany t\u00e9m\u011b\u0159 kdekoli v interi\u00e9ru. Za\u0159\u00edzen\u00ed je ur\u010deno pro p\u0159ipojen\u00ed v\u00edce sanit\u00e1rn\u00edch za\u0159\u00edzen\u00ed sou\u010dasn\u011b \u2013 WC, umyvadla, sprchy a bidetu, tak\u017ee je ide\u00e1ln\u00ed pro realizaci druh\u00e9 koupelny v byt\u011b, rodinn\u00e9m dom\u011b, [&hellip;]\" \/>\n<meta property=\"og:url\" content=\"https:\/\/www.koupeltech.com\/index.php\/produkt\/sanibroy-sanipro-silence-sanitarni-kalove-cerpadlo-pro-kompletni-koupelnu-jen-po-omezenou-doba-35135\/\" \/>\n<meta property=\"og:image\" content=\"https:\/\/www.koupeltech.com\/wp-content\/uploads\/2026\/SK0025489-CZ20260425-092632-0-1777080397-sanibroy-sanipro-silence-sanitarni-kalove-cerpadlo-pro-komp.webp\" \/>\n\t<meta property=\"og:image:width\" content=\"600\" \/>\n\t<meta property=\"og:image:height\" content=\"463\" \/>\n\t<meta property=\"og:image:type\" content=\"image\/webp\" \/>\n<meta name=\"twitter:card\" content=\"summary_large_image\" \/>\n<meta name=\"twitter:label1\" content=\"Odhadovan\u00e1 doba \u010dten\u00ed\" \/>\n\t<meta name=\"twitter:data1\" content=\"3 minuty\" \/>\n<script type=\"application\/ld+json\" class=\"yoast-schema-graph\">{\"@context\":\"https:\/\/schema.org\",\"@graph\":[{\"@type\":\"WebPage\",\"@id\":\"https:\/\/www.koupeltech.com\/index.php\/produkt\/sanibroy-sanipro-silence-sanitarni-kalove-cerpadlo-pro-kompletni-koupelnu-jen-po-omezenou-doba-35135\/\",\"url\":\"https:\/\/www.koupeltech.com\/index.php\/produkt\/sanibroy-sanipro-silence-sanitarni-kalove-cerpadlo-pro-kompletni-koupelnu-jen-po-omezenou-doba-35135\/\",\"name\":\"Sanibroy Sanipro Silence sanit\u00e1rn\u00ed kalov\u00e9 \u010derpadlo pro kompletn\u00ed koupelnu Jen Po Omezenou Doba -\",\"isPartOf\":{\"@id\":\"https:\/\/www.koupeltech.com\/#website\"},\"primaryImageOfPage\":{\"@id\":\"https:\/\/www.koupeltech.com\/index.php\/produkt\/sanibroy-sanipro-silence-sanitarni-kalove-cerpadlo-pro-kompletni-koupelnu-jen-po-omezenou-doba-35135\/#primaryimage\"},\"image\":{\"@id\":\"https:\/\/www.koupeltech.com\/index.php\/produkt\/sanibroy-sanipro-silence-sanitarni-kalove-cerpadlo-pro-kompletni-koupelnu-jen-po-omezenou-doba-35135\/#primaryimage\"},\"thumbnailUrl\":\"https:\/\/www.koupeltech.com\/wp-content\/uploads\/2026\/SK0025489-CZ20260425-092632-0-1777080397-sanibroy-sanipro-silence-sanitarni-kalove-cerpadlo-pro-komp.webp\",\"datePublished\":\"2026-04-27T14:01:10+00:00\",\"breadcrumb\":{\"@id\":\"https:\/\/www.koupeltech.com\/index.php\/produkt\/sanibroy-sanipro-silence-sanitarni-kalove-cerpadlo-pro-kompletni-koupelnu-jen-po-omezenou-doba-35135\/#breadcrumb\"},\"inLanguage\":\"cs\",\"potentialAction\":[{\"@type\":\"ReadAction\",\"target\":[\"https:\/\/www.koupeltech.com\/index.php\/produkt\/sanibroy-sanipro-silence-sanitarni-kalove-cerpadlo-pro-kompletni-koupelnu-jen-po-omezenou-doba-35135\/\"]}]},{\"@type\":\"ImageObject\",\"inLanguage\":\"cs\",\"@id\":\"https:\/\/www.koupeltech.com\/index.php\/produkt\/sanibroy-sanipro-silence-sanitarni-kalove-cerpadlo-pro-kompletni-koupelnu-jen-po-omezenou-doba-35135\/#primaryimage\",\"url\":\"https:\/\/www.koupeltech.com\/wp-content\/uploads\/2026\/SK0025489-CZ20260425-092632-0-1777080397-sanibroy-sanipro-silence-sanitarni-kalove-cerpadlo-pro-komp.webp\",\"contentUrl\":\"https:\/\/www.koupeltech.com\/wp-content\/uploads\/2026\/SK0025489-CZ20260425-092632-0-1777080397-sanibroy-sanipro-silence-sanitarni-kalove-cerpadlo-pro-komp.webp\",\"width\":600,\"height\":463},{\"@type\":\"BreadcrumbList\",\"@id\":\"https:\/\/www.koupeltech.com\/index.php\/produkt\/sanibroy-sanipro-silence-sanitarni-kalove-cerpadlo-pro-kompletni-koupelnu-jen-po-omezenou-doba-35135\/#breadcrumb\",\"itemListElement\":[{\"@type\":\"ListItem\",\"position\":1,\"name\":\"Home\",\"item\":\"https:\/\/www.koupeltech.com\/\"},{\"@type\":\"ListItem\",\"position\":2,\"name\":\"Products\",\"item\":\"https:\/\/www.koupeltech.com\/index.php\/products\/\"},{\"@type\":\"ListItem\",\"position\":3,\"name\":\"Sanibroy Sanipro Silence sanit\u00e1rn\u00ed kalov\u00e9 \u010derpadlo pro kompletn\u00ed koupelnu Jen Po Omezenou Doba\"}]},{\"@type\":\"WebSite\",\"@id\":\"https:\/\/www.koupeltech.com\/#website\",\"url\":\"https:\/\/www.koupeltech.com\/\",\"name\":\"\",\"description\":\"\",\"potentialAction\":[{\"@type\":\"SearchAction\",\"target\":{\"@type\":\"EntryPoint\",\"urlTemplate\":\"https:\/\/www.koupeltech.com\/?s={search_term_string}\"},\"query-input\":{\"@type\":\"PropertyValueSpecification\",\"valueRequired\":true,\"valueName\":\"search_term_string\"}}],\"inLanguage\":\"cs\"}]}<\/script>\n<!-- \/ Yoast SEO plugin. -->","yoast_head_json":{"title":"Sanibroy Sanipro Silence sanit\u00e1rn\u00ed kalov\u00e9 \u010derpadlo pro kompletn\u00ed koupelnu Jen Po Omezenou Doba -","robots":{"index":"index","follow":"follow","max-snippet":"max-snippet:-1","max-image-preview":"max-image-preview:large","max-video-preview":"max-video-preview:-1"},"canonical":"https:\/\/www.koupeltech.com\/index.php\/produkt\/sanibroy-sanipro-silence-sanitarni-kalove-cerpadlo-pro-kompletni-koupelnu-jen-po-omezenou-doba-35135\/","og_locale":"cs_CZ","og_type":"article","og_title":"Sanibroy Sanipro Silence sanit\u00e1rn\u00ed kalov\u00e9 \u010derpadlo pro kompletn\u00ed koupelnu Jen Po Omezenou Doba -","og_description":"Popis produktu Sanibroy Sanipro Silence sanit\u00e1rn\u00ed kalov\u00e9 \u010derpadlo pro kompletn\u00ed koupelnu SANIPRO Silence je v\u00fdkonn\u00e9 sanit\u00e1rn\u00ed kalov\u00e9 \u010derpadlo, kter\u00e9 umo\u017e\u0148uje vybudovat plnohodnotnou koupelnu bez vany t\u00e9m\u011b\u0159 kdekoli v interi\u00e9ru. Za\u0159\u00edzen\u00ed je ur\u010deno pro p\u0159ipojen\u00ed v\u00edce sanit\u00e1rn\u00edch za\u0159\u00edzen\u00ed sou\u010dasn\u011b \u2013 WC, umyvadla, sprchy a bidetu, tak\u017ee je ide\u00e1ln\u00ed pro realizaci druh\u00e9 koupelny v byt\u011b, rodinn\u00e9m dom\u011b, [&hellip;]","og_url":"https:\/\/www.koupeltech.com\/index.php\/produkt\/sanibroy-sanipro-silence-sanitarni-kalove-cerpadlo-pro-kompletni-koupelnu-jen-po-omezenou-doba-35135\/","og_image":[{"width":600,"height":463,"url":"https:\/\/www.koupeltech.com\/wp-content\/uploads\/2026\/SK0025489-CZ20260425-092632-0-1777080397-sanibroy-sanipro-silence-sanitarni-kalove-cerpadlo-pro-komp.webp","type":"image\/webp"}],"twitter_card":"summary_large_image","twitter_misc":{"Odhadovan\u00e1 doba \u010dten\u00ed":"3 minuty"},"schema":{"@context":"https:\/\/schema.org","@graph":[{"@type":"WebPage","@id":"https:\/\/www.koupeltech.com\/index.php\/produkt\/sanibroy-sanipro-silence-sanitarni-kalove-cerpadlo-pro-kompletni-koupelnu-jen-po-omezenou-doba-35135\/","url":"https:\/\/www.koupeltech.com\/index.php\/produkt\/sanibroy-sanipro-silence-sanitarni-kalove-cerpadlo-pro-kompletni-koupelnu-jen-po-omezenou-doba-35135\/","name":"Sanibroy Sanipro Silence sanit\u00e1rn\u00ed kalov\u00e9 \u010derpadlo pro kompletn\u00ed koupelnu Jen Po Omezenou Doba -","isPartOf":{"@id":"https:\/\/www.koupeltech.com\/#website"},"primaryImageOfPage":{"@id":"https:\/\/www.koupeltech.com\/index.php\/produkt\/sanibroy-sanipro-silence-sanitarni-kalove-cerpadlo-pro-kompletni-koupelnu-jen-po-omezenou-doba-35135\/#primaryimage"},"image":{"@id":"https:\/\/www.koupeltech.com\/index.php\/produkt\/sanibroy-sanipro-silence-sanitarni-kalove-cerpadlo-pro-kompletni-koupelnu-jen-po-omezenou-doba-35135\/#primaryimage"},"thumbnailUrl":"https:\/\/www.koupeltech.com\/wp-content\/uploads\/2026\/SK0025489-CZ20260425-092632-0-1777080397-sanibroy-sanipro-silence-sanitarni-kalove-cerpadlo-pro-komp.webp","datePublished":"2026-04-27T14:01:10+00:00","breadcrumb":{"@id":"https:\/\/www.koupeltech.com\/index.php\/produkt\/sanibroy-sanipro-silence-sanitarni-kalove-cerpadlo-pro-kompletni-koupelnu-jen-po-omezenou-doba-35135\/#breadcrumb"},"inLanguage":"cs","potentialAction":[{"@type":"ReadAction","target":["https:\/\/www.koupeltech.com\/index.php\/produkt\/sanibroy-sanipro-silence-sanitarni-kalove-cerpadlo-pro-kompletni-koupelnu-jen-po-omezenou-doba-35135\/"]}]},{"@type":"ImageObject","inLanguage":"cs","@id":"https:\/\/www.koupeltech.com\/index.php\/produkt\/sanibroy-sanipro-silence-sanitarni-kalove-cerpadlo-pro-kompletni-koupelnu-jen-po-omezenou-doba-35135\/#primaryimage","url":"https:\/\/www.koupeltech.com\/wp-content\/uploads\/2026\/SK0025489-CZ20260425-092632-0-1777080397-sanibroy-sanipro-silence-sanitarni-kalove-cerpadlo-pro-komp.webp","contentUrl":"https:\/\/www.koupeltech.com\/wp-content\/uploads\/2026\/SK0025489-CZ20260425-092632-0-1777080397-sanibroy-sanipro-silence-sanitarni-kalove-cerpadlo-pro-komp.webp","width":600,"height":463},{"@type":"BreadcrumbList","@id":"https:\/\/www.koupeltech.com\/index.php\/produkt\/sanibroy-sanipro-silence-sanitarni-kalove-cerpadlo-pro-kompletni-koupelnu-jen-po-omezenou-doba-35135\/#breadcrumb","itemListElement":[{"@type":"ListItem","position":1,"name":"Home","item":"https:\/\/www.koupeltech.com\/"},{"@type":"ListItem","position":2,"name":"Products","item":"https:\/\/www.koupeltech.com\/index.php\/products\/"},{"@type":"ListItem","position":3,"name":"Sanibroy Sanipro Silence sanit\u00e1rn\u00ed kalov\u00e9 \u010derpadlo pro kompletn\u00ed koupelnu Jen Po Omezenou Doba"}]},{"@type":"WebSite","@id":"https:\/\/www.koupeltech.com\/#website","url":"https:\/\/www.koupeltech.com\/","name":"","description":"","potentialAction":[{"@type":"SearchAction","target":{"@type":"EntryPoint","urlTemplate":"https:\/\/www.koupeltech.com\/?s={search_term_string}"},"query-input":{"@type":"PropertyValueSpecification","valueRequired":true,"valueName":"search_term_string"}}],"inLanguage":"cs"}]}},"_links":{"self":[{"href":"https:\/\/www.koupeltech.com\/index.php\/wp-json\/wp\/v2\/product\/35135","targetHints":{"allow":["GET"]}}],"collection":[{"href":"https:\/\/www.koupeltech.com\/index.php\/wp-json\/wp\/v2\/product"}],"about":[{"href":"https:\/\/www.koupeltech.com\/index.php\/wp-json\/wp\/v2\/types\/product"}],"replies":[{"embeddable":true,"href":"https:\/\/www.koupeltech.com\/index.php\/wp-json\/wp\/v2\/comments?post=35135"}],"wp:featuredmedia":[{"embeddable":true,"href":"https:\/\/www.koupeltech.com\/index.php\/wp-json\/wp\/v2\/media\/35235"}],"wp:attachment":[{"href":"https:\/\/www.koupeltech.com\/index.php\/wp-json\/wp\/v2\/media?parent=35135"}],"wp:term":[{"taxonomy":"product_brand","embeddable":true,"href":"https:\/\/www.koupeltech.com\/index.php\/wp-json\/wp\/v2\/product_brand?post=35135"},{"taxonomy":"product_cat","embeddable":true,"href":"https:\/\/www.koupeltech.com\/index.php\/wp-json\/wp\/v2\/product_cat?post=35135"},{"taxonomy":"product_tag","embeddable":true,"href":"https:\/\/www.koupeltech.com\/index.php\/wp-json\/wp\/v2\/product_tag?post=35135"}],"curies":[{"name":"wp","href":"https:\/\/api.w.org\/{rel}","templated":true}]}}