{"id":35181,"date":"2026-04-27T14:01:10","date_gmt":"2026-04-27T14:01:10","guid":{"rendered":""},"modified":"2026-04-27T14:01:10","modified_gmt":"2026-04-27T14:01:10","slug":"akce-romotop-akumulacni-sada-mammoth-pro-krbove-vlozky-35181","status":"publish","type":"product","link":"https:\/\/www.koupeltech.com\/index.php\/produkt\/akce-romotop-akumulacni-sada-mammoth-pro-krbove-vlozky-35181\/","title":{"rendered":"Akce Romotop Akumula\u010dn\u00ed sada MAMMOTH pro krbov\u00e9 vlo\u017eky"},"content":{"rendered":"<div class=\"ProductDetail-content NoFixImageContainer\" id=\"productDescription\">\n<div class=\"Heading\">\n<h2 class=\"Heading-title\">Popis produktu <span class=''>Romotop Akumula\u010dn\u00ed sada MAMMOTH pro krbov\u00e9 vlo\u017eky<\/span><\/h2>\n<\/p><\/div>\n<div class=\"ProductDetailContent\">\n<ul>\n<li>vysok\u00e1 m\u011brn\u00e1 tepeln\u00e1 kapacita akumula\u010dn\u00ed sady MAMMOTH<\/li>\n<li>maxim\u00e1ln\u00ed p\u0159enos tepla spalin do akumula\u010dn\u00edch tvarovek<\/li>\n<li>akumulace tepla \u2013 vyt\u00e1p\u011bn\u00ed i po ukon\u010den\u00ed ho\u0159en\u00ed v topeni\u0161ti<\/li>\n<li>dopln\u011bn\u00ed nebo zv\u00fd\u0161en\u00ed akumula\u010dn\u00ed schopnosti stavby<\/li>\n<li>snadn\u00e1 mont\u00e1\u017e<\/li>\n<li>hmotnost bo\u010dn\u00ed sady 46 kg<\/li>\n<li><strong>uveden\u00e1 cena je za kompletn\u00ed bo\u010dn\u00ed sadu ur\u010denou pro 1 bo\u010dn\u00ed st\u011bnu vlo\u017eky<\/strong><\/li>\n<\/ul>\n<h3><span style=\"color:#3498db\">Vhodn\u00e9 pro:<\/span><\/h3>\n<h3>DYNAMIC \u2013 krbov\u00e9 vlo\u017eky<\/h3>\n<ul>\n<li><strong>DYNAMIC 2G 44.55.01N<\/strong> \u2013 rovn\u00e1, dvojit\u00e9 prosklen\u00ed<\/li>\n<li><strong>DYNAMIC 2G 66.50.01N<\/strong> \u2013 rovn\u00e1, dvojit\u00e9 prosklen\u00ed<\/li>\n<li><strong>DYNAMIC 2G 66.50.13N<\/strong> \u2013 rovn\u00e1, trojit\u00e9 prosklen\u00ed<\/li>\n<\/ul>\n<p>Zadn\u00ed p\u0159ikl\u00e1d\u00e1n\u00ed (B2G)<\/p>\n<ul>\n<li><strong>DYNAMIC B2G 66.50.01N<\/strong> \u2013 rovn\u00e1, dvojit\u00e9 prosklen\u00ed, zadn\u00ed p\u0159ikl\u00e1d\u00e1n\u00ed<\/li>\n<li><strong>DYNAMIC B2G 66.50.13N<\/strong> \u2013 rovn\u00e1, trojit\u00e9 prosklen\u00ed, zadn\u00ed p\u0159ikl\u00e1d\u00e1n\u00ed<\/li>\n<\/ul>\n<h3>HEAT \u2013 teplovzdu\u0161n\u00e9 krbov\u00e9 vlo\u017eky<\/h3>\n<p>V\u00fdsuvn\u00e1 dv\u00ed\u0159ka (3G L)<\/p>\n<ul>\n<li><strong>HEAT 3G L 66.50.04(06)<\/strong><\/li>\n<li><strong>HEAT 3G L 88.50.04(06)<\/strong><\/li>\n<li><strong>HEAT 3G L 88.66.04(06)<\/strong><\/li>\n<li><strong>HEAT 3G L 110.50.04(06)<\/strong><\/li>\n<\/ul>\n<p>Standardn\u00ed (4G)<\/p>\n<ul>\n<li><strong>HEAT 4G 59.44.14(16)<\/strong><\/li>\n<li><strong>HEAT 4G 59.50.04(06)<\/strong><\/li>\n<li><strong>HEAT 4G 70.44.14(16)<\/strong><\/li>\n<li><strong>HEAT 4G 70.50.04(06)<\/strong><\/li>\n<li><strong>HEAT 4G 80.50.04(06)<\/strong><\/li>\n<\/ul>\n<p>T\u0159\u00edstrann\u00e9 (C 3G L)<\/p>\n<ul>\n<li><strong>HEAT C 3G L 65.52.31.24(26)<\/strong> \u2013 v\u00fdsuvn\u00e1 dv\u00ed\u0159ka, d\u011blen\u00e9 sklo<\/li>\n<li><strong>HEAT C 3G L 80.52.31.24(26)<\/strong> \u2013 v\u00fdsuvn\u00e1 dv\u00ed\u0159ka, d\u011blen\u00e9 sklo<\/li>\n<\/ul>\n<p>Rohov\u00e9 (R\/L 3G L)<\/p>\n<ul>\n<li><strong>HEAT R\/L 3G L 65.51.40.24(26)<\/strong> \u2013 v\u00fdsuvn\u00e1 dv\u00ed\u0159ka, d\u011blen\u00e9 sklo<\/li>\n<li><strong>HEAT R\/L 3G L 81.51.40.24(26)<\/strong> \u2013 v\u00fdsuvn\u00e1 dv\u00ed\u0159ka, d\u011blen\u00e9 sklo<\/li>\n<\/ul>\n<p>Rohov\u00e9 (R\/L 4G S)<\/p>\n<ul>\n<li><strong>HEAT R\/L 4G S 60.44.33.24(26)<\/strong><\/li>\n<li><strong>HEAT R\/L 4G S 65.51.40.24(26)<\/strong><\/li>\n<li><strong>HEAT R\/L 4G S 70.44.33.24(26)<\/strong><\/li>\n<\/ul>\n<p>Pr\u016fhledov\u00e9 (T 3G)<\/p>\n<ul>\n<li><strong>HEAT T 3G 70.50.04(06)<\/strong><\/li>\n<\/ul>\n<h3>IMPRESSION \u2013 krbov\u00e9 vlo\u017eky<\/h3>\n<p>Z\u00e1kladn\u00ed (3G)<\/p>\n<ul>\n<li><strong>IMPRESSION 3G 59.44.14(16)<\/strong><\/li>\n<li><strong>IMPRESSION 3G 70.50.14(16)<\/strong><\/li>\n<li><strong>IMPRESSION 3G 80.54.14(16)<\/strong><\/li>\n<\/ul>\n<p>S akumulac\u00ed MAMMOTH (M)<\/p>\n<ul>\n<li><strong>IMPRESSION 3G 59.44.14(16)M<\/strong><\/li>\n<li><strong>IMPRESSION 3G 70.50.14(16)M<\/strong><\/li>\n<li><strong>IMPRESSION 3G 80.54.14(16)M<\/strong><\/li>\n<\/ul>\n<p>V\u00fdsuvn\u00e1 dv\u00ed\u0159ka (3G L)<\/p>\n<ul>\n<li><strong>IMPRESSION 3G L 83.51.14(16)<\/strong><\/li>\n<li><strong>IMPRESSION 3G L 97.51.14(16)<\/strong><\/li>\n<\/ul>\n<p>Akumula\u010dn\u00ed syst\u00e9m AMS (A)<\/p>\n<ul>\n<li><strong>IMPRESSION 3G L 83.51.14(16)A<\/strong><\/li>\n<li><strong>IMPRESSION 3G L 97.51.14(16)A<\/strong><\/li>\n<\/ul>\n<p>V\u00fdsuvn\u00e1 + MAMMOTH (M)<\/p>\n<ul>\n<li><strong>IMPRESSION 3G L 83.51.14(16)M<\/strong><\/li>\n<li><strong>IMPRESSION 3G L 97.51.14(16)M<\/strong><\/li>\n<\/ul>\n<p>Rohov\u00e9 (R\/L 3G L)<\/p>\n<ul>\n<li><strong>IMPRESSION R\/L 3G L 63.51.38.14(16)<\/strong> \u2013 v\u00fdsuvn\u00e1 dv\u00ed\u0159ka, d\u011blen\u00e9 sklo<\/li>\n<\/ul>\n<p>Rohov\u00e9 + AMS (A)<\/p>\n<ul>\n<li><strong>IMPRESSION R\/L 3G L 63.51.38.14(16)A<\/strong><\/li>\n<\/ul>\n<p>Rohov\u00e9 + MAMMOTH (M)<\/p>\n<ul>\n<li><strong>IMPRESSION R\/L 3G L 63.51.38.14(16)M<\/strong><\/li>\n<\/ul><\/div>\n<div class=\"ProductDetailContent\">                                                                    <\/div>\n<\/p><\/div>\n<\/p><\/div>\n<\/p><\/div>\n","protected":false},"excerpt":{"rendered":"<p>Popis produktu Romotop Akumula\u010dn\u00ed sada MAMMOTH pro krbov\u00e9 vlo\u017eky vysok\u00e1 m\u011brn\u00e1 tepeln\u00e1 kapacita akumula\u010dn\u00ed sady MAMMOTH maxim\u00e1ln\u00ed p\u0159enos tepla spalin do akumula\u010dn\u00edch tvarovek akumulace tepla \u2013 vyt\u00e1p\u011bn\u00ed i po ukon\u010den\u00ed ho\u0159en\u00ed v topeni\u0161ti dopln\u011bn\u00ed nebo zv\u00fd\u0161en\u00ed akumula\u010dn\u00ed schopnosti stavby snadn\u00e1 mont\u00e1\u017e hmotnost bo\u010dn\u00ed sady 46 kg uveden\u00e1 cena je za kompletn\u00ed bo\u010dn\u00ed sadu ur\u010denou pro [&hellip;]<\/p>\n","protected":false},"featured_media":35281,"comment_status":"open","ping_status":"open","template":"","meta":[],"product_brand":[],"product_cat":[79],"product_tag":[],"class_list":{"0":"post-35181","1":"product","2":"type-product","3":"status-publish","4":"has-post-thumbnail","6":"product_cat-topeni","8":"first","9":"instock","10":"sale","11":"shipping-taxable","12":"purchasable","13":"product-type-simple"},"yoast_head":"<!-- This site is optimized with the Yoast SEO plugin v26.8 - https:\/\/yoast.com\/product\/yoast-seo-wordpress\/ -->\n<title>Akce Romotop Akumula\u010dn\u00ed sada MAMMOTH pro krbov\u00e9 vlo\u017eky -<\/title>\n<meta name=\"robots\" content=\"index, follow, max-snippet:-1, max-image-preview:large, max-video-preview:-1\" \/>\n<link rel=\"canonical\" href=\"https:\/\/www.koupeltech.com\/index.php\/produkt\/akce-romotop-akumulacni-sada-mammoth-pro-krbove-vlozky-35181\/\" \/>\n<meta property=\"og:locale\" content=\"cs_CZ\" \/>\n<meta property=\"og:type\" content=\"article\" \/>\n<meta property=\"og:title\" content=\"Akce Romotop Akumula\u010dn\u00ed sada MAMMOTH pro krbov\u00e9 vlo\u017eky -\" \/>\n<meta property=\"og:description\" content=\"Popis produktu Romotop Akumula\u010dn\u00ed sada MAMMOTH pro krbov\u00e9 vlo\u017eky vysok\u00e1 m\u011brn\u00e1 tepeln\u00e1 kapacita akumula\u010dn\u00ed sady MAMMOTH maxim\u00e1ln\u00ed p\u0159enos tepla spalin do akumula\u010dn\u00edch tvarovek akumulace tepla \u2013 vyt\u00e1p\u011bn\u00ed i po ukon\u010den\u00ed ho\u0159en\u00ed v topeni\u0161ti dopln\u011bn\u00ed nebo zv\u00fd\u0161en\u00ed akumula\u010dn\u00ed schopnosti stavby snadn\u00e1 mont\u00e1\u017e hmotnost bo\u010dn\u00ed sady 46 kg uveden\u00e1 cena je za kompletn\u00ed bo\u010dn\u00ed sadu ur\u010denou pro [&hellip;]\" \/>\n<meta property=\"og:url\" content=\"https:\/\/www.koupeltech.com\/index.php\/produkt\/akce-romotop-akumulacni-sada-mammoth-pro-krbove-vlozky-35181\/\" \/>\n<meta property=\"og:image\" content=\"https:\/\/www.koupeltech.com\/wp-content\/uploads\/2026\/SK0025550-CZ20260425-092632-0-1777080397-romotop-akumulacni-sada-mammoth-pro-krbove-vlozky-1317871.j.webp\" \/>\n\t<meta property=\"og:image:width\" content=\"600\" \/>\n\t<meta property=\"og:image:height\" content=\"600\" \/>\n\t<meta property=\"og:image:type\" content=\"image\/webp\" \/>\n<meta name=\"twitter:card\" content=\"summary_large_image\" \/>\n<meta name=\"twitter:label1\" content=\"Odhadovan\u00e1 doba \u010dten\u00ed\" \/>\n\t<meta name=\"twitter:data1\" content=\"2 minuty\" \/>\n<script type=\"application\/ld+json\" class=\"yoast-schema-graph\">{\"@context\":\"https:\/\/schema.org\",\"@graph\":[{\"@type\":\"WebPage\",\"@id\":\"https:\/\/www.koupeltech.com\/index.php\/produkt\/akce-romotop-akumulacni-sada-mammoth-pro-krbove-vlozky-35181\/\",\"url\":\"https:\/\/www.koupeltech.com\/index.php\/produkt\/akce-romotop-akumulacni-sada-mammoth-pro-krbove-vlozky-35181\/\",\"name\":\"Akce Romotop Akumula\u010dn\u00ed sada MAMMOTH pro krbov\u00e9 vlo\u017eky -\",\"isPartOf\":{\"@id\":\"https:\/\/www.koupeltech.com\/#website\"},\"primaryImageOfPage\":{\"@id\":\"https:\/\/www.koupeltech.com\/index.php\/produkt\/akce-romotop-akumulacni-sada-mammoth-pro-krbove-vlozky-35181\/#primaryimage\"},\"image\":{\"@id\":\"https:\/\/www.koupeltech.com\/index.php\/produkt\/akce-romotop-akumulacni-sada-mammoth-pro-krbove-vlozky-35181\/#primaryimage\"},\"thumbnailUrl\":\"https:\/\/www.koupeltech.com\/wp-content\/uploads\/2026\/SK0025550-CZ20260425-092632-0-1777080397-romotop-akumulacni-sada-mammoth-pro-krbove-vlozky-1317871.j.webp\",\"datePublished\":\"2026-04-27T14:01:10+00:00\",\"breadcrumb\":{\"@id\":\"https:\/\/www.koupeltech.com\/index.php\/produkt\/akce-romotop-akumulacni-sada-mammoth-pro-krbove-vlozky-35181\/#breadcrumb\"},\"inLanguage\":\"cs\",\"potentialAction\":[{\"@type\":\"ReadAction\",\"target\":[\"https:\/\/www.koupeltech.com\/index.php\/produkt\/akce-romotop-akumulacni-sada-mammoth-pro-krbove-vlozky-35181\/\"]}]},{\"@type\":\"ImageObject\",\"inLanguage\":\"cs\",\"@id\":\"https:\/\/www.koupeltech.com\/index.php\/produkt\/akce-romotop-akumulacni-sada-mammoth-pro-krbove-vlozky-35181\/#primaryimage\",\"url\":\"https:\/\/www.koupeltech.com\/wp-content\/uploads\/2026\/SK0025550-CZ20260425-092632-0-1777080397-romotop-akumulacni-sada-mammoth-pro-krbove-vlozky-1317871.j.webp\",\"contentUrl\":\"https:\/\/www.koupeltech.com\/wp-content\/uploads\/2026\/SK0025550-CZ20260425-092632-0-1777080397-romotop-akumulacni-sada-mammoth-pro-krbove-vlozky-1317871.j.webp\",\"width\":600,\"height\":600},{\"@type\":\"BreadcrumbList\",\"@id\":\"https:\/\/www.koupeltech.com\/index.php\/produkt\/akce-romotop-akumulacni-sada-mammoth-pro-krbove-vlozky-35181\/#breadcrumb\",\"itemListElement\":[{\"@type\":\"ListItem\",\"position\":1,\"name\":\"Home\",\"item\":\"https:\/\/www.koupeltech.com\/\"},{\"@type\":\"ListItem\",\"position\":2,\"name\":\"Products\",\"item\":\"https:\/\/www.koupeltech.com\/index.php\/products\/\"},{\"@type\":\"ListItem\",\"position\":3,\"name\":\"Akce Romotop Akumula\u010dn\u00ed sada MAMMOTH pro krbov\u00e9 vlo\u017eky\"}]},{\"@type\":\"WebSite\",\"@id\":\"https:\/\/www.koupeltech.com\/#website\",\"url\":\"https:\/\/www.koupeltech.com\/\",\"name\":\"\",\"description\":\"\",\"potentialAction\":[{\"@type\":\"SearchAction\",\"target\":{\"@type\":\"EntryPoint\",\"urlTemplate\":\"https:\/\/www.koupeltech.com\/?s={search_term_string}\"},\"query-input\":{\"@type\":\"PropertyValueSpecification\",\"valueRequired\":true,\"valueName\":\"search_term_string\"}}],\"inLanguage\":\"cs\"}]}<\/script>\n<!-- \/ Yoast SEO plugin. -->","yoast_head_json":{"title":"Akce Romotop Akumula\u010dn\u00ed sada MAMMOTH pro krbov\u00e9 vlo\u017eky -","robots":{"index":"index","follow":"follow","max-snippet":"max-snippet:-1","max-image-preview":"max-image-preview:large","max-video-preview":"max-video-preview:-1"},"canonical":"https:\/\/www.koupeltech.com\/index.php\/produkt\/akce-romotop-akumulacni-sada-mammoth-pro-krbove-vlozky-35181\/","og_locale":"cs_CZ","og_type":"article","og_title":"Akce Romotop Akumula\u010dn\u00ed sada MAMMOTH pro krbov\u00e9 vlo\u017eky -","og_description":"Popis produktu Romotop Akumula\u010dn\u00ed sada MAMMOTH pro krbov\u00e9 vlo\u017eky vysok\u00e1 m\u011brn\u00e1 tepeln\u00e1 kapacita akumula\u010dn\u00ed sady MAMMOTH maxim\u00e1ln\u00ed p\u0159enos tepla spalin do akumula\u010dn\u00edch tvarovek akumulace tepla \u2013 vyt\u00e1p\u011bn\u00ed i po ukon\u010den\u00ed ho\u0159en\u00ed v topeni\u0161ti dopln\u011bn\u00ed nebo zv\u00fd\u0161en\u00ed akumula\u010dn\u00ed schopnosti stavby snadn\u00e1 mont\u00e1\u017e hmotnost bo\u010dn\u00ed sady 46 kg uveden\u00e1 cena je za kompletn\u00ed bo\u010dn\u00ed sadu ur\u010denou pro [&hellip;]","og_url":"https:\/\/www.koupeltech.com\/index.php\/produkt\/akce-romotop-akumulacni-sada-mammoth-pro-krbove-vlozky-35181\/","og_image":[{"width":600,"height":600,"url":"https:\/\/www.koupeltech.com\/wp-content\/uploads\/2026\/SK0025550-CZ20260425-092632-0-1777080397-romotop-akumulacni-sada-mammoth-pro-krbove-vlozky-1317871.j.webp","type":"image\/webp"}],"twitter_card":"summary_large_image","twitter_misc":{"Odhadovan\u00e1 doba \u010dten\u00ed":"2 minuty"},"schema":{"@context":"https:\/\/schema.org","@graph":[{"@type":"WebPage","@id":"https:\/\/www.koupeltech.com\/index.php\/produkt\/akce-romotop-akumulacni-sada-mammoth-pro-krbove-vlozky-35181\/","url":"https:\/\/www.koupeltech.com\/index.php\/produkt\/akce-romotop-akumulacni-sada-mammoth-pro-krbove-vlozky-35181\/","name":"Akce Romotop Akumula\u010dn\u00ed sada MAMMOTH pro krbov\u00e9 vlo\u017eky -","isPartOf":{"@id":"https:\/\/www.koupeltech.com\/#website"},"primaryImageOfPage":{"@id":"https:\/\/www.koupeltech.com\/index.php\/produkt\/akce-romotop-akumulacni-sada-mammoth-pro-krbove-vlozky-35181\/#primaryimage"},"image":{"@id":"https:\/\/www.koupeltech.com\/index.php\/produkt\/akce-romotop-akumulacni-sada-mammoth-pro-krbove-vlozky-35181\/#primaryimage"},"thumbnailUrl":"https:\/\/www.koupeltech.com\/wp-content\/uploads\/2026\/SK0025550-CZ20260425-092632-0-1777080397-romotop-akumulacni-sada-mammoth-pro-krbove-vlozky-1317871.j.webp","datePublished":"2026-04-27T14:01:10+00:00","breadcrumb":{"@id":"https:\/\/www.koupeltech.com\/index.php\/produkt\/akce-romotop-akumulacni-sada-mammoth-pro-krbove-vlozky-35181\/#breadcrumb"},"inLanguage":"cs","potentialAction":[{"@type":"ReadAction","target":["https:\/\/www.koupeltech.com\/index.php\/produkt\/akce-romotop-akumulacni-sada-mammoth-pro-krbove-vlozky-35181\/"]}]},{"@type":"ImageObject","inLanguage":"cs","@id":"https:\/\/www.koupeltech.com\/index.php\/produkt\/akce-romotop-akumulacni-sada-mammoth-pro-krbove-vlozky-35181\/#primaryimage","url":"https:\/\/www.koupeltech.com\/wp-content\/uploads\/2026\/SK0025550-CZ20260425-092632-0-1777080397-romotop-akumulacni-sada-mammoth-pro-krbove-vlozky-1317871.j.webp","contentUrl":"https:\/\/www.koupeltech.com\/wp-content\/uploads\/2026\/SK0025550-CZ20260425-092632-0-1777080397-romotop-akumulacni-sada-mammoth-pro-krbove-vlozky-1317871.j.webp","width":600,"height":600},{"@type":"BreadcrumbList","@id":"https:\/\/www.koupeltech.com\/index.php\/produkt\/akce-romotop-akumulacni-sada-mammoth-pro-krbove-vlozky-35181\/#breadcrumb","itemListElement":[{"@type":"ListItem","position":1,"name":"Home","item":"https:\/\/www.koupeltech.com\/"},{"@type":"ListItem","position":2,"name":"Products","item":"https:\/\/www.koupeltech.com\/index.php\/products\/"},{"@type":"ListItem","position":3,"name":"Akce Romotop Akumula\u010dn\u00ed sada MAMMOTH pro krbov\u00e9 vlo\u017eky"}]},{"@type":"WebSite","@id":"https:\/\/www.koupeltech.com\/#website","url":"https:\/\/www.koupeltech.com\/","name":"","description":"","potentialAction":[{"@type":"SearchAction","target":{"@type":"EntryPoint","urlTemplate":"https:\/\/www.koupeltech.com\/?s={search_term_string}"},"query-input":{"@type":"PropertyValueSpecification","valueRequired":true,"valueName":"search_term_string"}}],"inLanguage":"cs"}]}},"_links":{"self":[{"href":"https:\/\/www.koupeltech.com\/index.php\/wp-json\/wp\/v2\/product\/35181","targetHints":{"allow":["GET"]}}],"collection":[{"href":"https:\/\/www.koupeltech.com\/index.php\/wp-json\/wp\/v2\/product"}],"about":[{"href":"https:\/\/www.koupeltech.com\/index.php\/wp-json\/wp\/v2\/types\/product"}],"replies":[{"embeddable":true,"href":"https:\/\/www.koupeltech.com\/index.php\/wp-json\/wp\/v2\/comments?post=35181"}],"wp:featuredmedia":[{"embeddable":true,"href":"https:\/\/www.koupeltech.com\/index.php\/wp-json\/wp\/v2\/media\/35281"}],"wp:attachment":[{"href":"https:\/\/www.koupeltech.com\/index.php\/wp-json\/wp\/v2\/media?parent=35181"}],"wp:term":[{"taxonomy":"product_brand","embeddable":true,"href":"https:\/\/www.koupeltech.com\/index.php\/wp-json\/wp\/v2\/product_brand?post=35181"},{"taxonomy":"product_cat","embeddable":true,"href":"https:\/\/www.koupeltech.com\/index.php\/wp-json\/wp\/v2\/product_cat?post=35181"},{"taxonomy":"product_tag","embeddable":true,"href":"https:\/\/www.koupeltech.com\/index.php\/wp-json\/wp\/v2\/product_tag?post=35181"}],"curies":[{"name":"wp","href":"https:\/\/api.w.org\/{rel}","templated":true}]}}