{"id":35294,"date":"2026-04-27T14:01:11","date_gmt":"2026-04-27T14:01:11","guid":{"rendered":""},"modified":"2026-04-27T14:01:11","modified_gmt":"2026-04-27T14:01:11","slug":"znackovy-novaservis-drezova-senzorova-baterie-s-flexi-ramenem-distanza-cerna-chrom-bdz4b-35294","status":"publish","type":"product","link":"https:\/\/www.koupeltech.com\/index.php\/produkt\/znackovy-novaservis-drezova-senzorova-baterie-s-flexi-ramenem-distanza-cerna-chrom-bdz4b-35294\/","title":{"rendered":"Zna\u010dkov\u00fd Novaservis D\u0159ezov\u00e1 senzorov\u00e1 baterie s flexi ramenem Distanza, \u010dern\u00e1-chrom &#8211; BDZ4B"},"content":{"rendered":"<div class=\"ProductDetail-content NoFixImageContainer\" id=\"productDescription\">\n<div class=\"Heading\">\n<h2 class=\"Heading-title\">Popis produktu <span class=''>Novaservis D\u0159ezov\u00e1 senzorov\u00e1 baterie s flexi ramenem Distanza, \u010dern\u00e1-chrom &#8211; BDZ4B<\/span><\/h2>\n<\/p><\/div>\n<div class=\"ProductDetailContent\">                                                                    <\/div>\n<div class=\"ProductDetailContent\">\n<div class=\"ProductDetailContent-item\">\n<p><strong>Ferro Distanza \u2013 p\u0159esnost v ka\u017ed\u00e9m gestu.<\/strong><br \/><strong>Ovl\u00e1d\u00e1n\u00ed na dosah ruky.<\/strong><\/p>\n<p><\/p>\n<p>Objevte <strong>Ferro Distanza<\/strong>, kuchy\u0148skou baterii nov\u00e9 generace. <strong>Bezdotykov\u00fd senzor pohybu<\/strong> spust\u00ed vodu pouh\u00fdm gestem \u2013 a p\u0159itom m\u016f\u017eete st\u00e1le pou\u017e\u00edvat <strong>klasickou p\u00e1ku<\/strong> pro p\u0159esn\u00e9 nastaven\u00ed pr\u016ftoku a teploty.<\/p>\n<p><\/p>\n<p><strong>Flexi ram\u00ednko (\u010dern\u00e9 nebo kombinace \u010dern\u00e1\/chrom) <\/strong>je praktick\u00fdm \u0159e\u0161en\u00edm s mo\u017enost\u00ed sprchov\u00e9ho re\u017eimu pro pohodln\u00e9 oplachov\u00e1n\u00ed a v\u011bt\u0161\u00ed flexibilitu.<\/p>\n<p><\/p>\n<p><strong>Kl\u00ed\u010dov\u00e9 v\u00fdhody:<\/strong><\/p>\n<p><\/p>\n<p>\u2022 hygiena a pohodl\u00ed d\u00edky <strong>bezdotykov\u00e9mu provozu<\/strong><br \/>\u2022 <strong>\u00faspora vody <\/strong>a\u017e 50 % d\u00edky eko-aer\u00e1toru a automatick\u00e9mu vypnut\u00ed<br \/>\u2022 <strong>snadn\u00e1 instalace<\/strong> \u2013 provoz na AA baterie bez nutnosti elektrick\u00e9ho p\u0159ipojen\u00ed<br \/>\u2022 dva re\u017eimy ovl\u00e1d\u00e1n\u00ed: <strong>automatick\u00fd (senzor) a manu\u00e1ln\u00ed (p\u00e1ka)<\/strong><br \/>\u2022 modern\u00ed, odoln\u00fd design vhodn\u00fd do pr\u00e9miov\u00fdch interi\u00e9r\u016f<\/p>\n<p><\/p>\n<p><strong>Ferro Distanza \u2013 m\u00e9n\u011b dotyk\u016f, v\u00edce kontroly.<\/strong><\/p>\n<\/p><\/div>\n<div class=\"ProductDetailContent-item\">\n<ul>\n<li>Z\u00e1ruka [rok]: <strong>5 rok<\/strong><\/li>\n<li>Typ ramene: <strong>elastick\u00e9<\/strong><\/li>\n<li>Ovl\u00e1dac\u00ed prvek: <strong>elektromagnetick\u00fd ventil a keramick\u00e1 kartu\u0161e<\/strong><\/li>\n<li>\u00dadr\u017eba produktu: <strong>postupujte podle n\u00e1vodu k obsluze<\/strong><\/li>\n<li>Materi\u00e1l t\u011bla\/materi\u00e1l proveden\u00ed: <strong>Mosaz<\/strong><\/li>\n<li>Typ a pr\u016fm\u011br p\u0159ipojen\u00ed: <strong>flexi nerezov\u00e1 hadi\u010dka G3\/8 &#8211; M10x1<\/strong><\/li>\n<li>V\u00fd\u0161ka baterie [mm]: <strong>295 &#8211; 470 mm<\/strong><\/li>\n<li>Dosah v\u00fdtokov\u00e9ho ramene [mm]: <strong>165 &#8211; 510 mm<\/strong><\/li>\n<li>Nap\u00e1jen\u00ed: <strong>4 x AA<\/strong><\/li>\n<li>Ochrana proti p\u0159\u00edli\u0161n\u00e9mu odtoku vody [s]: <strong>60 s<\/strong><\/li>\n<\/ul><\/div>\n<div class=\"ProductDetailContent-item\">\n<div style=\"background-color:#f9f9f9; border-left:5px solid #4caf50; border-radius:8px; box-shadow:0 4px 12px rgba(0,0,0,0.1); font-family:Arial,sans-serif; padding:25px 20px 20px 20px; position:relative\"><!-- Ikona info v lev\u00e9m horn\u00edm rohu --><\/p>\n<div style=\"align-items:center; background-color:#4caf50; border-radius:50%; color:#ffffff; display:flex; font-size:18px; font-weight:bold; height:30px; justify-content:center; left:-10px; position:absolute; top:-10px; width:30px\">i<\/div>\n<h3 style=\"margin-left:15px\">D\u0159ezov\u00e9 baterie s flexi ramenem \u2013 maxim\u00e1ln\u00ed flexibilita a komfort v kuchyni<\/h3>\n<p><strong>D\u0159ezov\u00e9 baterie s ohebn\u00fdm flexi ramenem<\/strong> jsou ide\u00e1ln\u00edm \u0159e\u0161en\u00edm pro ty, kte\u0159\u00ed hledaj\u00ed praktick\u00e9 a modern\u00ed vybaven\u00ed kuchyn\u011b. D\u00edky ohebn\u00e9mu rameni umo\u017e\u0148uj\u00ed snadn\u00e9 sm\u011brov\u00e1n\u00ed proudu vody p\u0159esn\u011b tam, kde je pot\u0159eba, co\u017e zjednodu\u0161uje myt\u00ed n\u00e1dob\u00ed, oplachov\u00e1n\u00ed ovoce a zeleniny nebo \u010di\u0161t\u011bn\u00ed d\u0159ezu.<\/p>\n<h3>Hlavn\u00ed v\u00fdhody d\u0159ezov\u00fdch bateri\u00ed s flexi silikonov\u00fdm ramenem:<\/h3>\n<p>\u2714 <strong>Flexibiln\u00ed ovl\u00e1d\u00e1n\u00ed<\/strong> \u2013 Ohebn\u00fd v\u00fdtok lze libovoln\u011b nastavovat podle aktu\u00e1ln\u00ed pot\u0159eby.<br \/>\u2714 <strong>Praktick\u00fd design<\/strong> \u2013 K dispozici v r\u016fzn\u00fdch barv\u00e1ch a materi\u00e1lech, v\u010detn\u011b elegantn\u00ed \u010dern\u00e9, nerezov\u00e9, nebo chromov\u00e9 varianty.<br \/>\u2714 <strong>\u00daspora vody<\/strong> \u2013 Modern\u00ed perl\u00e1tory pom\u00e1haj\u00ed sni\u017eovat spot\u0159ebu vody bez ztr\u00e1ty v\u00fdkonu.<br \/>\u2714 <strong>Snadn\u00e1 \u00fadr\u017eba<\/strong> \u2013 Povrch baterie je odoln\u00fd proti vodn\u00edmu kameni a snadno se \u010dist\u00ed.<\/p>\n<\/div><\/div>\n<\/p><\/div>\n<\/p><\/div>\n<\/p><\/div>\n<\/p><\/div>\n","protected":false},"excerpt":{"rendered":"<p>Popis produktu Novaservis D\u0159ezov\u00e1 senzorov\u00e1 baterie s flexi ramenem Distanza, \u010dern\u00e1-chrom &#8211; BDZ4B Ferro Distanza \u2013 p\u0159esnost v ka\u017ed\u00e9m gestu.Ovl\u00e1d\u00e1n\u00ed na dosah ruky. Objevte Ferro Distanza, kuchy\u0148skou baterii nov\u00e9 generace. Bezdotykov\u00fd senzor pohybu spust\u00ed vodu pouh\u00fdm gestem \u2013 a p\u0159itom m\u016f\u017eete st\u00e1le pou\u017e\u00edvat klasickou p\u00e1ku pro p\u0159esn\u00e9 nastaven\u00ed pr\u016ftoku a teploty. Flexi ram\u00ednko (\u010dern\u00e9 nebo [&hellip;]<\/p>\n","protected":false},"featured_media":35394,"comment_status":"open","ping_status":"open","template":"","meta":[],"product_brand":[],"product_cat":[77],"product_tag":[],"class_list":{"0":"post-35294","1":"product","2":"type-product","3":"status-publish","4":"has-post-thumbnail","6":"product_cat-koupelny","8":"first","9":"instock","10":"sale","11":"shipping-taxable","12":"purchasable","13":"product-type-simple"},"yoast_head":"<!-- This site is optimized with the Yoast SEO plugin v26.8 - https:\/\/yoast.com\/product\/yoast-seo-wordpress\/ -->\n<title>Zna\u010dkov\u00fd Novaservis D\u0159ezov\u00e1 senzorov\u00e1 baterie s flexi ramenem Distanza, \u010dern\u00e1-chrom - BDZ4B -<\/title>\n<meta name=\"robots\" content=\"index, follow, max-snippet:-1, max-image-preview:large, max-video-preview:-1\" \/>\n<link rel=\"canonical\" href=\"https:\/\/www.koupeltech.com\/index.php\/produkt\/znackovy-novaservis-drezova-senzorova-baterie-s-flexi-ramenem-distanza-cerna-chrom-bdz4b-35294\/\" \/>\n<meta property=\"og:locale\" content=\"cs_CZ\" \/>\n<meta property=\"og:type\" content=\"article\" \/>\n<meta property=\"og:title\" content=\"Zna\u010dkov\u00fd Novaservis D\u0159ezov\u00e1 senzorov\u00e1 baterie s flexi ramenem Distanza, \u010dern\u00e1-chrom - BDZ4B -\" \/>\n<meta property=\"og:description\" content=\"Popis produktu Novaservis D\u0159ezov\u00e1 senzorov\u00e1 baterie s flexi ramenem Distanza, \u010dern\u00e1-chrom &#8211; BDZ4B Ferro Distanza \u2013 p\u0159esnost v ka\u017ed\u00e9m gestu.Ovl\u00e1d\u00e1n\u00ed na dosah ruky. Objevte Ferro Distanza, kuchy\u0148skou baterii nov\u00e9 generace. Bezdotykov\u00fd senzor pohybu spust\u00ed vodu pouh\u00fdm gestem \u2013 a p\u0159itom m\u016f\u017eete st\u00e1le pou\u017e\u00edvat klasickou p\u00e1ku pro p\u0159esn\u00e9 nastaven\u00ed pr\u016ftoku a teploty. Flexi ram\u00ednko (\u010dern\u00e9 nebo [&hellip;]\" \/>\n<meta property=\"og:url\" content=\"https:\/\/www.koupeltech.com\/index.php\/produkt\/znackovy-novaservis-drezova-senzorova-baterie-s-flexi-ramenem-distanza-cerna-chrom-bdz4b-35294\/\" \/>\n<meta property=\"og:image\" content=\"https:\/\/www.koupeltech.com\/wp-content\/uploads\/2026\/SK0025569-CZ20260425-092632-0-1777080397-novaservis-drezova-senzorova-baterie-s-flexi-ramenem-distan.webp\" \/>\n\t<meta property=\"og:image:width\" content=\"341\" \/>\n\t<meta property=\"og:image:height\" content=\"600\" \/>\n\t<meta property=\"og:image:type\" content=\"image\/webp\" \/>\n<meta name=\"twitter:card\" content=\"summary_large_image\" \/>\n<meta name=\"twitter:label1\" content=\"Odhadovan\u00e1 doba \u010dten\u00ed\" \/>\n\t<meta name=\"twitter:data1\" content=\"2 minuty\" \/>\n<script type=\"application\/ld+json\" class=\"yoast-schema-graph\">{\"@context\":\"https:\/\/schema.org\",\"@graph\":[{\"@type\":\"WebPage\",\"@id\":\"https:\/\/www.koupeltech.com\/index.php\/produkt\/znackovy-novaservis-drezova-senzorova-baterie-s-flexi-ramenem-distanza-cerna-chrom-bdz4b-35294\/\",\"url\":\"https:\/\/www.koupeltech.com\/index.php\/produkt\/znackovy-novaservis-drezova-senzorova-baterie-s-flexi-ramenem-distanza-cerna-chrom-bdz4b-35294\/\",\"name\":\"Zna\u010dkov\u00fd Novaservis D\u0159ezov\u00e1 senzorov\u00e1 baterie s flexi ramenem Distanza, \u010dern\u00e1-chrom - BDZ4B -\",\"isPartOf\":{\"@id\":\"https:\/\/www.koupeltech.com\/#website\"},\"primaryImageOfPage\":{\"@id\":\"https:\/\/www.koupeltech.com\/index.php\/produkt\/znackovy-novaservis-drezova-senzorova-baterie-s-flexi-ramenem-distanza-cerna-chrom-bdz4b-35294\/#primaryimage\"},\"image\":{\"@id\":\"https:\/\/www.koupeltech.com\/index.php\/produkt\/znackovy-novaservis-drezova-senzorova-baterie-s-flexi-ramenem-distanza-cerna-chrom-bdz4b-35294\/#primaryimage\"},\"thumbnailUrl\":\"https:\/\/www.koupeltech.com\/wp-content\/uploads\/2026\/SK0025569-CZ20260425-092632-0-1777080397-novaservis-drezova-senzorova-baterie-s-flexi-ramenem-distan.webp\",\"datePublished\":\"2026-04-27T14:01:11+00:00\",\"breadcrumb\":{\"@id\":\"https:\/\/www.koupeltech.com\/index.php\/produkt\/znackovy-novaservis-drezova-senzorova-baterie-s-flexi-ramenem-distanza-cerna-chrom-bdz4b-35294\/#breadcrumb\"},\"inLanguage\":\"cs\",\"potentialAction\":[{\"@type\":\"ReadAction\",\"target\":[\"https:\/\/www.koupeltech.com\/index.php\/produkt\/znackovy-novaservis-drezova-senzorova-baterie-s-flexi-ramenem-distanza-cerna-chrom-bdz4b-35294\/\"]}]},{\"@type\":\"ImageObject\",\"inLanguage\":\"cs\",\"@id\":\"https:\/\/www.koupeltech.com\/index.php\/produkt\/znackovy-novaservis-drezova-senzorova-baterie-s-flexi-ramenem-distanza-cerna-chrom-bdz4b-35294\/#primaryimage\",\"url\":\"https:\/\/www.koupeltech.com\/wp-content\/uploads\/2026\/SK0025569-CZ20260425-092632-0-1777080397-novaservis-drezova-senzorova-baterie-s-flexi-ramenem-distan.webp\",\"contentUrl\":\"https:\/\/www.koupeltech.com\/wp-content\/uploads\/2026\/SK0025569-CZ20260425-092632-0-1777080397-novaservis-drezova-senzorova-baterie-s-flexi-ramenem-distan.webp\",\"width\":341,\"height\":600},{\"@type\":\"BreadcrumbList\",\"@id\":\"https:\/\/www.koupeltech.com\/index.php\/produkt\/znackovy-novaservis-drezova-senzorova-baterie-s-flexi-ramenem-distanza-cerna-chrom-bdz4b-35294\/#breadcrumb\",\"itemListElement\":[{\"@type\":\"ListItem\",\"position\":1,\"name\":\"Home\",\"item\":\"https:\/\/www.koupeltech.com\/\"},{\"@type\":\"ListItem\",\"position\":2,\"name\":\"Products\",\"item\":\"https:\/\/www.koupeltech.com\/index.php\/products\/\"},{\"@type\":\"ListItem\",\"position\":3,\"name\":\"Zna\u010dkov\u00fd Novaservis D\u0159ezov\u00e1 senzorov\u00e1 baterie s flexi ramenem Distanza, \u010dern\u00e1-chrom &#8211; BDZ4B\"}]},{\"@type\":\"WebSite\",\"@id\":\"https:\/\/www.koupeltech.com\/#website\",\"url\":\"https:\/\/www.koupeltech.com\/\",\"name\":\"\",\"description\":\"\",\"potentialAction\":[{\"@type\":\"SearchAction\",\"target\":{\"@type\":\"EntryPoint\",\"urlTemplate\":\"https:\/\/www.koupeltech.com\/?s={search_term_string}\"},\"query-input\":{\"@type\":\"PropertyValueSpecification\",\"valueRequired\":true,\"valueName\":\"search_term_string\"}}],\"inLanguage\":\"cs\"}]}<\/script>\n<!-- \/ Yoast SEO plugin. -->","yoast_head_json":{"title":"Zna\u010dkov\u00fd Novaservis D\u0159ezov\u00e1 senzorov\u00e1 baterie s flexi ramenem Distanza, \u010dern\u00e1-chrom - BDZ4B -","robots":{"index":"index","follow":"follow","max-snippet":"max-snippet:-1","max-image-preview":"max-image-preview:large","max-video-preview":"max-video-preview:-1"},"canonical":"https:\/\/www.koupeltech.com\/index.php\/produkt\/znackovy-novaservis-drezova-senzorova-baterie-s-flexi-ramenem-distanza-cerna-chrom-bdz4b-35294\/","og_locale":"cs_CZ","og_type":"article","og_title":"Zna\u010dkov\u00fd Novaservis D\u0159ezov\u00e1 senzorov\u00e1 baterie s flexi ramenem Distanza, \u010dern\u00e1-chrom - BDZ4B -","og_description":"Popis produktu Novaservis D\u0159ezov\u00e1 senzorov\u00e1 baterie s flexi ramenem Distanza, \u010dern\u00e1-chrom &#8211; BDZ4B Ferro Distanza \u2013 p\u0159esnost v ka\u017ed\u00e9m gestu.Ovl\u00e1d\u00e1n\u00ed na dosah ruky. Objevte Ferro Distanza, kuchy\u0148skou baterii nov\u00e9 generace. Bezdotykov\u00fd senzor pohybu spust\u00ed vodu pouh\u00fdm gestem \u2013 a p\u0159itom m\u016f\u017eete st\u00e1le pou\u017e\u00edvat klasickou p\u00e1ku pro p\u0159esn\u00e9 nastaven\u00ed pr\u016ftoku a teploty. Flexi ram\u00ednko (\u010dern\u00e9 nebo [&hellip;]","og_url":"https:\/\/www.koupeltech.com\/index.php\/produkt\/znackovy-novaservis-drezova-senzorova-baterie-s-flexi-ramenem-distanza-cerna-chrom-bdz4b-35294\/","og_image":[{"width":341,"height":600,"url":"https:\/\/www.koupeltech.com\/wp-content\/uploads\/2026\/SK0025569-CZ20260425-092632-0-1777080397-novaservis-drezova-senzorova-baterie-s-flexi-ramenem-distan.webp","type":"image\/webp"}],"twitter_card":"summary_large_image","twitter_misc":{"Odhadovan\u00e1 doba \u010dten\u00ed":"2 minuty"},"schema":{"@context":"https:\/\/schema.org","@graph":[{"@type":"WebPage","@id":"https:\/\/www.koupeltech.com\/index.php\/produkt\/znackovy-novaservis-drezova-senzorova-baterie-s-flexi-ramenem-distanza-cerna-chrom-bdz4b-35294\/","url":"https:\/\/www.koupeltech.com\/index.php\/produkt\/znackovy-novaservis-drezova-senzorova-baterie-s-flexi-ramenem-distanza-cerna-chrom-bdz4b-35294\/","name":"Zna\u010dkov\u00fd Novaservis D\u0159ezov\u00e1 senzorov\u00e1 baterie s flexi ramenem Distanza, \u010dern\u00e1-chrom - BDZ4B -","isPartOf":{"@id":"https:\/\/www.koupeltech.com\/#website"},"primaryImageOfPage":{"@id":"https:\/\/www.koupeltech.com\/index.php\/produkt\/znackovy-novaservis-drezova-senzorova-baterie-s-flexi-ramenem-distanza-cerna-chrom-bdz4b-35294\/#primaryimage"},"image":{"@id":"https:\/\/www.koupeltech.com\/index.php\/produkt\/znackovy-novaservis-drezova-senzorova-baterie-s-flexi-ramenem-distanza-cerna-chrom-bdz4b-35294\/#primaryimage"},"thumbnailUrl":"https:\/\/www.koupeltech.com\/wp-content\/uploads\/2026\/SK0025569-CZ20260425-092632-0-1777080397-novaservis-drezova-senzorova-baterie-s-flexi-ramenem-distan.webp","datePublished":"2026-04-27T14:01:11+00:00","breadcrumb":{"@id":"https:\/\/www.koupeltech.com\/index.php\/produkt\/znackovy-novaservis-drezova-senzorova-baterie-s-flexi-ramenem-distanza-cerna-chrom-bdz4b-35294\/#breadcrumb"},"inLanguage":"cs","potentialAction":[{"@type":"ReadAction","target":["https:\/\/www.koupeltech.com\/index.php\/produkt\/znackovy-novaservis-drezova-senzorova-baterie-s-flexi-ramenem-distanza-cerna-chrom-bdz4b-35294\/"]}]},{"@type":"ImageObject","inLanguage":"cs","@id":"https:\/\/www.koupeltech.com\/index.php\/produkt\/znackovy-novaservis-drezova-senzorova-baterie-s-flexi-ramenem-distanza-cerna-chrom-bdz4b-35294\/#primaryimage","url":"https:\/\/www.koupeltech.com\/wp-content\/uploads\/2026\/SK0025569-CZ20260425-092632-0-1777080397-novaservis-drezova-senzorova-baterie-s-flexi-ramenem-distan.webp","contentUrl":"https:\/\/www.koupeltech.com\/wp-content\/uploads\/2026\/SK0025569-CZ20260425-092632-0-1777080397-novaservis-drezova-senzorova-baterie-s-flexi-ramenem-distan.webp","width":341,"height":600},{"@type":"BreadcrumbList","@id":"https:\/\/www.koupeltech.com\/index.php\/produkt\/znackovy-novaservis-drezova-senzorova-baterie-s-flexi-ramenem-distanza-cerna-chrom-bdz4b-35294\/#breadcrumb","itemListElement":[{"@type":"ListItem","position":1,"name":"Home","item":"https:\/\/www.koupeltech.com\/"},{"@type":"ListItem","position":2,"name":"Products","item":"https:\/\/www.koupeltech.com\/index.php\/products\/"},{"@type":"ListItem","position":3,"name":"Zna\u010dkov\u00fd Novaservis D\u0159ezov\u00e1 senzorov\u00e1 baterie s flexi ramenem Distanza, \u010dern\u00e1-chrom &#8211; BDZ4B"}]},{"@type":"WebSite","@id":"https:\/\/www.koupeltech.com\/#website","url":"https:\/\/www.koupeltech.com\/","name":"","description":"","potentialAction":[{"@type":"SearchAction","target":{"@type":"EntryPoint","urlTemplate":"https:\/\/www.koupeltech.com\/?s={search_term_string}"},"query-input":{"@type":"PropertyValueSpecification","valueRequired":true,"valueName":"search_term_string"}}],"inLanguage":"cs"}]}},"_links":{"self":[{"href":"https:\/\/www.koupeltech.com\/index.php\/wp-json\/wp\/v2\/product\/35294","targetHints":{"allow":["GET"]}}],"collection":[{"href":"https:\/\/www.koupeltech.com\/index.php\/wp-json\/wp\/v2\/product"}],"about":[{"href":"https:\/\/www.koupeltech.com\/index.php\/wp-json\/wp\/v2\/types\/product"}],"replies":[{"embeddable":true,"href":"https:\/\/www.koupeltech.com\/index.php\/wp-json\/wp\/v2\/comments?post=35294"}],"wp:featuredmedia":[{"embeddable":true,"href":"https:\/\/www.koupeltech.com\/index.php\/wp-json\/wp\/v2\/media\/35394"}],"wp:attachment":[{"href":"https:\/\/www.koupeltech.com\/index.php\/wp-json\/wp\/v2\/media?parent=35294"}],"wp:term":[{"taxonomy":"product_brand","embeddable":true,"href":"https:\/\/www.koupeltech.com\/index.php\/wp-json\/wp\/v2\/product_brand?post=35294"},{"taxonomy":"product_cat","embeddable":true,"href":"https:\/\/www.koupeltech.com\/index.php\/wp-json\/wp\/v2\/product_cat?post=35294"},{"taxonomy":"product_tag","embeddable":true,"href":"https:\/\/www.koupeltech.com\/index.php\/wp-json\/wp\/v2\/product_tag?post=35294"}],"curies":[{"name":"wp","href":"https:\/\/api.w.org\/{rel}","templated":true}]}}