{"id":37185,"date":"2026-04-27T14:01:27","date_gmt":"2026-04-27T14:01:27","guid":{"rendered":""},"modified":"2026-04-27T14:01:27","modified_gmt":"2026-04-27T14:01:27","slug":"znackovy-vysoka-skrin-dos-svd2o-35-d03-cafe-bez-uchytky-t31-d03-cafe-prave-37185","status":"publish","type":"product","link":"https:\/\/www.koupeltech.com\/index.php\/produkt\/znackovy-vysoka-skrin-dos-svd2o-35-d03-cafe-bez-uchytky-t31-d03-cafe-prave-37185\/","title":{"rendered":"Zna\u010dkov\u00fd Vysok\u00e1 sk\u0159\u00ed\u0148 DOS SVD2O 35 &#8211; D03 Cafe \/ Bez \u00fachytky T31 \/ D03 Cafe \/ Prav\u00e9"},"content":{"rendered":"<div class=\"basic-description\">\n<h3>Detailn\u00ed popis produktu<\/h3>\n<p>Ru\u010dn\u00edky, osu\u0161ky a jin\u00e9 drobn\u00e9 p\u0159edm\u011bty hrav\u011b ulo\u017e\u00edte ve vysok\u00e9 dopl\u0148kov\u00e9 sk\u0159\u00edni DOS SVD2O 35. Ta bude ve va\u0161\u00ed koupeln\u011b skute\u010dn\u00fdm pomocn\u00edkem p\u0159i udr\u017eov\u00e1n\u00ed po\u0159\u00e1dku v koupeln\u011b. A nejen to. Bude i elegantn\u00edm prvkem, kter\u00fd vytvo\u0159\u00ed v koupeln\u011b neodolatelnou atmosf\u00e9ru.<\/p>\n<h2>Parametry sk\u0159\u00edn\u011b<\/h2>\n<p>Vysok\u00e1 sk\u0159\u00ed\u0148 DOS SVD2O 35 je konstruov\u00e1na jako z\u00e1v\u011bsn\u00e1 ve dvoudve\u0159ov\u00e9m proveden\u00ed a prostornou nikou uprost\u0159ed. Vnit\u0159n\u00ed prostory sk\u0159\u00edn\u011b jsou vybaveny <strong>\u010dty\u0159mi sklen\u011bn\u00fdmi policemi<\/strong>, kter\u00e9 si m\u016f\u017eete libovoln\u011b polohovat. <\/p>\n<p>Komfort p\u0159i pou\u017e\u00edv\u00e1n\u00ed sk\u0159\u00edn\u011b v\u00fdrazn\u011b zvy\u0161uje zna\u010dkov\u00e9 kov\u00e1n\u00ed Hettich, kter\u00e9 dv\u00ed\u0159k\u00e1m zaji\u0161\u0165uje <strong>tlumen\u00e9 dov\u00edr\u00e1n\u00ed<\/strong>. Na kov\u00e1n\u00ed od n\u00e1s nav\u00edc dostanete <strong>do\u017eivotn\u00ed z\u00e1ruku<\/strong>. <\/p>\n<h3><strong>Velk\u00fd v\u00fdb\u011br \u00fachytek<\/strong><\/h3>\n<p>Dv\u00ed\u0159ka a z\u00e1suvky sk\u0159\u00edn\u011b se otev\u00edraj\u00ed pomoc\u00ed n\u011bkter\u00e9 z na\u0161ich kovov\u00fdch \u00fachytek. Aktu\u00e1ln\u011b m\u00e1te na v\u00fdb\u011br z t\u011bchto typ\u016f:<\/p>\n<ul>\n<li>T01 &#8211; obl\u00e1 \u00fachytka z hlin\u00edku v proveden\u00ed mat<\/li>\n<li>T02 &#8211; obl\u00e1 \u00fachytka z brou\u0161en\u00e9ho niklu<\/li>\n<li>T03 &#8211; hranat\u00e1 \u00fachytka z chromu v proveden\u00ed lesk<\/li>\n<li>T04 &#8211; hranat\u00e1 \u00fachytka s v\u00fdrazn\u00fdmi hranami v proveden\u00ed lesk<\/li>\n<li>T05 &#8211; hranat\u00e1 profilov\u00e1 \u00fachytka v proveden\u00ed lesk. Montov\u00e1na k horn\u00ed \u010d\u00e1sti z\u00e1suvky a na bok dv\u00ed\u0159ek<\/li>\n<li>T06 &#8211; hranat\u00e1 \u00fachytka v proveden\u00ed \u010dern\u00e1 mat<\/li>\n<li>T07 &#8211; hranat\u00e1 profilov\u00e1 \u00fachytka v proveden\u00ed \u010dern\u00e1 mat. Montov\u00e1na k horn\u00ed \u010d\u00e1sti z\u00e1suvky a na bok dv\u00ed\u0159ek<\/li>\n<li>T31 &#8211; mo\u017enost bez\u00fachytkov\u00e9ho proveden\u00ed T31- Push to Open<\/li>\n<\/ul>\n<h3><strong>Povrchov\u00e9 \u00fapravy<\/strong><\/h3>\n<p>Vysokou sk\u0159\u00ed\u0148 DOS SVD2O 35 vyr\u00e1b\u00edme v cel\u00e9 \u0159ad\u011b dekor\u016f, d\u0159evodekor\u016f a lak\u016f v proveden\u00ed lesk\/mat. Samoz\u0159ejmost\u00ed je tak\u00e9 \u00faprava v proveden\u00ed Individual dle vzorn\u00edku RAL\/NCS. <\/p>\n<h2><strong>P\u0159ednosti sk\u0159\u00edn\u011b:<\/strong><\/h2>\n<ul>\n<li>Na sk\u0159\u00ed\u0148 od n\u00e1s dostanete <strong>prodlou\u017eenou z\u00e1ruku 5 let<\/strong>. Na kov\u00e1n\u00ed zna\u010dky Hettich pak dokonce z\u00e1ruku do\u017eivotn\u00ed. <\/li>\n<li>Pro v\u011bt\u0161\u00ed komfort jsou dv\u00ed\u0159ka vybavena zna\u010dkov\u00fdm kov\u00e1n\u00edm Hettich s <strong>tlumen\u00fdm dov\u00edr\u00e1n\u00edm<\/strong>.<\/li>\n<li>D\u00edky velk\u00e9mu v\u00fdb\u011bru \u00fachytek a barevn\u00fdch proveden\u00ed je vysok\u00e1 sk\u0159\u00ed\u0148 DOS SVD2O 35 vhodn\u00e1 k jak\u00e9koliv umyvadlov\u00e9 sk\u0159\u00ed\u0148ce.<\/li>\n<\/ul><\/div>\n","protected":false},"excerpt":{"rendered":"<p>Detailn\u00ed popis produktu Ru\u010dn\u00edky, osu\u0161ky a jin\u00e9 drobn\u00e9 p\u0159edm\u011bty hrav\u011b ulo\u017e\u00edte ve vysok\u00e9 dopl\u0148kov\u00e9 sk\u0159\u00edni DOS SVD2O 35. Ta bude ve va\u0161\u00ed koupeln\u011b skute\u010dn\u00fdm pomocn\u00edkem p\u0159i udr\u017eov\u00e1n\u00ed po\u0159\u00e1dku v koupeln\u011b. A nejen to. Bude i elegantn\u00edm prvkem, kter\u00fd vytvo\u0159\u00ed v koupeln\u011b neodolatelnou atmosf\u00e9ru. Parametry sk\u0159\u00edn\u011b Vysok\u00e1 sk\u0159\u00ed\u0148 DOS SVD2O 35 je konstruov\u00e1na jako z\u00e1v\u011bsn\u00e1 ve [&hellip;]<\/p>\n","protected":false},"featured_media":37285,"comment_status":"open","ping_status":"open","template":"","meta":[],"product_brand":[],"product_cat":[84],"product_tag":[],"class_list":{"0":"post-37185","1":"product","2":"type-product","3":"status-publish","4":"has-post-thumbnail","6":"product_cat-koupelny-a-sanitarni-technika","8":"first","9":"instock","10":"sale","11":"shipping-taxable","12":"purchasable","13":"product-type-simple"},"yoast_head":"<!-- This site is optimized with the Yoast SEO plugin v26.8 - https:\/\/yoast.com\/product\/yoast-seo-wordpress\/ -->\n<title>Zna\u010dkov\u00fd Vysok\u00e1 sk\u0159\u00ed\u0148 DOS SVD2O 35 - D03 Cafe \/ Bez \u00fachytky T31 \/ D03 Cafe \/ Prav\u00e9 -<\/title>\n<meta name=\"robots\" content=\"index, follow, max-snippet:-1, max-image-preview:large, max-video-preview:-1\" \/>\n<link rel=\"canonical\" href=\"https:\/\/www.koupeltech.com\/index.php\/produkt\/znackovy-vysoka-skrin-dos-svd2o-35-d03-cafe-bez-uchytky-t31-d03-cafe-prave-37185\/\" \/>\n<meta property=\"og:locale\" content=\"cs_CZ\" \/>\n<meta property=\"og:type\" content=\"article\" \/>\n<meta property=\"og:title\" content=\"Zna\u010dkov\u00fd Vysok\u00e1 sk\u0159\u00ed\u0148 DOS SVD2O 35 - D03 Cafe \/ Bez \u00fachytky T31 \/ D03 Cafe \/ Prav\u00e9 -\" \/>\n<meta property=\"og:description\" content=\"Detailn\u00ed popis produktu Ru\u010dn\u00edky, osu\u0161ky a jin\u00e9 drobn\u00e9 p\u0159edm\u011bty hrav\u011b ulo\u017e\u00edte ve vysok\u00e9 dopl\u0148kov\u00e9 sk\u0159\u00edni DOS SVD2O 35. Ta bude ve va\u0161\u00ed koupeln\u011b skute\u010dn\u00fdm pomocn\u00edkem p\u0159i udr\u017eov\u00e1n\u00ed po\u0159\u00e1dku v koupeln\u011b. A nejen to. Bude i elegantn\u00edm prvkem, kter\u00fd vytvo\u0159\u00ed v koupeln\u011b neodolatelnou atmosf\u00e9ru. Parametry sk\u0159\u00edn\u011b Vysok\u00e1 sk\u0159\u00ed\u0148 DOS SVD2O 35 je konstruov\u00e1na jako z\u00e1v\u011bsn\u00e1 ve [&hellip;]\" \/>\n<meta property=\"og:url\" content=\"https:\/\/www.koupeltech.com\/index.php\/produkt\/znackovy-vysoka-skrin-dos-svd2o-35-d03-cafe-bez-uchytky-t31-d03-cafe-prave-37185\/\" \/>\n<meta property=\"og:image\" content=\"https:\/\/www.koupeltech.com\/wp-content\/uploads\/2026\/SK0025687-CZ20260425-093351-0-1777080838-903480_vysoka-skrin-dos-svd2o-35-d03-cafe-bez-uchytky-t31-d.webp\" \/>\n\t<meta property=\"og:image:width\" content=\"1000\" \/>\n\t<meta property=\"og:image:height\" content=\"750\" \/>\n\t<meta property=\"og:image:type\" content=\"image\/webp\" \/>\n<meta name=\"twitter:card\" content=\"summary_large_image\" \/>\n<meta name=\"twitter:label1\" content=\"Odhadovan\u00e1 doba \u010dten\u00ed\" \/>\n\t<meta name=\"twitter:data1\" content=\"2 minuty\" \/>\n<script type=\"application\/ld+json\" class=\"yoast-schema-graph\">{\"@context\":\"https:\/\/schema.org\",\"@graph\":[{\"@type\":\"WebPage\",\"@id\":\"https:\/\/www.koupeltech.com\/index.php\/produkt\/znackovy-vysoka-skrin-dos-svd2o-35-d03-cafe-bez-uchytky-t31-d03-cafe-prave-37185\/\",\"url\":\"https:\/\/www.koupeltech.com\/index.php\/produkt\/znackovy-vysoka-skrin-dos-svd2o-35-d03-cafe-bez-uchytky-t31-d03-cafe-prave-37185\/\",\"name\":\"Zna\u010dkov\u00fd Vysok\u00e1 sk\u0159\u00ed\u0148 DOS SVD2O 35 - D03 Cafe \/ Bez \u00fachytky T31 \/ D03 Cafe \/ Prav\u00e9 -\",\"isPartOf\":{\"@id\":\"https:\/\/www.koupeltech.com\/#website\"},\"primaryImageOfPage\":{\"@id\":\"https:\/\/www.koupeltech.com\/index.php\/produkt\/znackovy-vysoka-skrin-dos-svd2o-35-d03-cafe-bez-uchytky-t31-d03-cafe-prave-37185\/#primaryimage\"},\"image\":{\"@id\":\"https:\/\/www.koupeltech.com\/index.php\/produkt\/znackovy-vysoka-skrin-dos-svd2o-35-d03-cafe-bez-uchytky-t31-d03-cafe-prave-37185\/#primaryimage\"},\"thumbnailUrl\":\"https:\/\/www.koupeltech.com\/wp-content\/uploads\/2026\/SK0025687-CZ20260425-093351-0-1777080838-903480_vysoka-skrin-dos-svd2o-35-d03-cafe-bez-uchytky-t31-d.webp\",\"datePublished\":\"2026-04-27T14:01:27+00:00\",\"breadcrumb\":{\"@id\":\"https:\/\/www.koupeltech.com\/index.php\/produkt\/znackovy-vysoka-skrin-dos-svd2o-35-d03-cafe-bez-uchytky-t31-d03-cafe-prave-37185\/#breadcrumb\"},\"inLanguage\":\"cs\",\"potentialAction\":[{\"@type\":\"ReadAction\",\"target\":[\"https:\/\/www.koupeltech.com\/index.php\/produkt\/znackovy-vysoka-skrin-dos-svd2o-35-d03-cafe-bez-uchytky-t31-d03-cafe-prave-37185\/\"]}]},{\"@type\":\"ImageObject\",\"inLanguage\":\"cs\",\"@id\":\"https:\/\/www.koupeltech.com\/index.php\/produkt\/znackovy-vysoka-skrin-dos-svd2o-35-d03-cafe-bez-uchytky-t31-d03-cafe-prave-37185\/#primaryimage\",\"url\":\"https:\/\/www.koupeltech.com\/wp-content\/uploads\/2026\/SK0025687-CZ20260425-093351-0-1777080838-903480_vysoka-skrin-dos-svd2o-35-d03-cafe-bez-uchytky-t31-d.webp\",\"contentUrl\":\"https:\/\/www.koupeltech.com\/wp-content\/uploads\/2026\/SK0025687-CZ20260425-093351-0-1777080838-903480_vysoka-skrin-dos-svd2o-35-d03-cafe-bez-uchytky-t31-d.webp\",\"width\":1000,\"height\":750},{\"@type\":\"BreadcrumbList\",\"@id\":\"https:\/\/www.koupeltech.com\/index.php\/produkt\/znackovy-vysoka-skrin-dos-svd2o-35-d03-cafe-bez-uchytky-t31-d03-cafe-prave-37185\/#breadcrumb\",\"itemListElement\":[{\"@type\":\"ListItem\",\"position\":1,\"name\":\"Home\",\"item\":\"https:\/\/www.koupeltech.com\/\"},{\"@type\":\"ListItem\",\"position\":2,\"name\":\"Products\",\"item\":\"https:\/\/www.koupeltech.com\/index.php\/products\/\"},{\"@type\":\"ListItem\",\"position\":3,\"name\":\"Zna\u010dkov\u00fd Vysok\u00e1 sk\u0159\u00ed\u0148 DOS SVD2O 35 &#8211; D03 Cafe \/ Bez \u00fachytky T31 \/ D03 Cafe \/ Prav\u00e9\"}]},{\"@type\":\"WebSite\",\"@id\":\"https:\/\/www.koupeltech.com\/#website\",\"url\":\"https:\/\/www.koupeltech.com\/\",\"name\":\"\",\"description\":\"\",\"potentialAction\":[{\"@type\":\"SearchAction\",\"target\":{\"@type\":\"EntryPoint\",\"urlTemplate\":\"https:\/\/www.koupeltech.com\/?s={search_term_string}\"},\"query-input\":{\"@type\":\"PropertyValueSpecification\",\"valueRequired\":true,\"valueName\":\"search_term_string\"}}],\"inLanguage\":\"cs\"}]}<\/script>\n<!-- \/ Yoast SEO plugin. -->","yoast_head_json":{"title":"Zna\u010dkov\u00fd Vysok\u00e1 sk\u0159\u00ed\u0148 DOS SVD2O 35 - D03 Cafe \/ Bez \u00fachytky T31 \/ D03 Cafe \/ Prav\u00e9 -","robots":{"index":"index","follow":"follow","max-snippet":"max-snippet:-1","max-image-preview":"max-image-preview:large","max-video-preview":"max-video-preview:-1"},"canonical":"https:\/\/www.koupeltech.com\/index.php\/produkt\/znackovy-vysoka-skrin-dos-svd2o-35-d03-cafe-bez-uchytky-t31-d03-cafe-prave-37185\/","og_locale":"cs_CZ","og_type":"article","og_title":"Zna\u010dkov\u00fd Vysok\u00e1 sk\u0159\u00ed\u0148 DOS SVD2O 35 - D03 Cafe \/ Bez \u00fachytky T31 \/ D03 Cafe \/ Prav\u00e9 -","og_description":"Detailn\u00ed popis produktu Ru\u010dn\u00edky, osu\u0161ky a jin\u00e9 drobn\u00e9 p\u0159edm\u011bty hrav\u011b ulo\u017e\u00edte ve vysok\u00e9 dopl\u0148kov\u00e9 sk\u0159\u00edni DOS SVD2O 35. Ta bude ve va\u0161\u00ed koupeln\u011b skute\u010dn\u00fdm pomocn\u00edkem p\u0159i udr\u017eov\u00e1n\u00ed po\u0159\u00e1dku v koupeln\u011b. A nejen to. Bude i elegantn\u00edm prvkem, kter\u00fd vytvo\u0159\u00ed v koupeln\u011b neodolatelnou atmosf\u00e9ru. Parametry sk\u0159\u00edn\u011b Vysok\u00e1 sk\u0159\u00ed\u0148 DOS SVD2O 35 je konstruov\u00e1na jako z\u00e1v\u011bsn\u00e1 ve [&hellip;]","og_url":"https:\/\/www.koupeltech.com\/index.php\/produkt\/znackovy-vysoka-skrin-dos-svd2o-35-d03-cafe-bez-uchytky-t31-d03-cafe-prave-37185\/","og_image":[{"width":1000,"height":750,"url":"https:\/\/www.koupeltech.com\/wp-content\/uploads\/2026\/SK0025687-CZ20260425-093351-0-1777080838-903480_vysoka-skrin-dos-svd2o-35-d03-cafe-bez-uchytky-t31-d.webp","type":"image\/webp"}],"twitter_card":"summary_large_image","twitter_misc":{"Odhadovan\u00e1 doba \u010dten\u00ed":"2 minuty"},"schema":{"@context":"https:\/\/schema.org","@graph":[{"@type":"WebPage","@id":"https:\/\/www.koupeltech.com\/index.php\/produkt\/znackovy-vysoka-skrin-dos-svd2o-35-d03-cafe-bez-uchytky-t31-d03-cafe-prave-37185\/","url":"https:\/\/www.koupeltech.com\/index.php\/produkt\/znackovy-vysoka-skrin-dos-svd2o-35-d03-cafe-bez-uchytky-t31-d03-cafe-prave-37185\/","name":"Zna\u010dkov\u00fd Vysok\u00e1 sk\u0159\u00ed\u0148 DOS SVD2O 35 - D03 Cafe \/ Bez \u00fachytky T31 \/ D03 Cafe \/ Prav\u00e9 -","isPartOf":{"@id":"https:\/\/www.koupeltech.com\/#website"},"primaryImageOfPage":{"@id":"https:\/\/www.koupeltech.com\/index.php\/produkt\/znackovy-vysoka-skrin-dos-svd2o-35-d03-cafe-bez-uchytky-t31-d03-cafe-prave-37185\/#primaryimage"},"image":{"@id":"https:\/\/www.koupeltech.com\/index.php\/produkt\/znackovy-vysoka-skrin-dos-svd2o-35-d03-cafe-bez-uchytky-t31-d03-cafe-prave-37185\/#primaryimage"},"thumbnailUrl":"https:\/\/www.koupeltech.com\/wp-content\/uploads\/2026\/SK0025687-CZ20260425-093351-0-1777080838-903480_vysoka-skrin-dos-svd2o-35-d03-cafe-bez-uchytky-t31-d.webp","datePublished":"2026-04-27T14:01:27+00:00","breadcrumb":{"@id":"https:\/\/www.koupeltech.com\/index.php\/produkt\/znackovy-vysoka-skrin-dos-svd2o-35-d03-cafe-bez-uchytky-t31-d03-cafe-prave-37185\/#breadcrumb"},"inLanguage":"cs","potentialAction":[{"@type":"ReadAction","target":["https:\/\/www.koupeltech.com\/index.php\/produkt\/znackovy-vysoka-skrin-dos-svd2o-35-d03-cafe-bez-uchytky-t31-d03-cafe-prave-37185\/"]}]},{"@type":"ImageObject","inLanguage":"cs","@id":"https:\/\/www.koupeltech.com\/index.php\/produkt\/znackovy-vysoka-skrin-dos-svd2o-35-d03-cafe-bez-uchytky-t31-d03-cafe-prave-37185\/#primaryimage","url":"https:\/\/www.koupeltech.com\/wp-content\/uploads\/2026\/SK0025687-CZ20260425-093351-0-1777080838-903480_vysoka-skrin-dos-svd2o-35-d03-cafe-bez-uchytky-t31-d.webp","contentUrl":"https:\/\/www.koupeltech.com\/wp-content\/uploads\/2026\/SK0025687-CZ20260425-093351-0-1777080838-903480_vysoka-skrin-dos-svd2o-35-d03-cafe-bez-uchytky-t31-d.webp","width":1000,"height":750},{"@type":"BreadcrumbList","@id":"https:\/\/www.koupeltech.com\/index.php\/produkt\/znackovy-vysoka-skrin-dos-svd2o-35-d03-cafe-bez-uchytky-t31-d03-cafe-prave-37185\/#breadcrumb","itemListElement":[{"@type":"ListItem","position":1,"name":"Home","item":"https:\/\/www.koupeltech.com\/"},{"@type":"ListItem","position":2,"name":"Products","item":"https:\/\/www.koupeltech.com\/index.php\/products\/"},{"@type":"ListItem","position":3,"name":"Zna\u010dkov\u00fd Vysok\u00e1 sk\u0159\u00ed\u0148 DOS SVD2O 35 &#8211; D03 Cafe \/ Bez \u00fachytky T31 \/ D03 Cafe \/ Prav\u00e9"}]},{"@type":"WebSite","@id":"https:\/\/www.koupeltech.com\/#website","url":"https:\/\/www.koupeltech.com\/","name":"","description":"","potentialAction":[{"@type":"SearchAction","target":{"@type":"EntryPoint","urlTemplate":"https:\/\/www.koupeltech.com\/?s={search_term_string}"},"query-input":{"@type":"PropertyValueSpecification","valueRequired":true,"valueName":"search_term_string"}}],"inLanguage":"cs"}]}},"_links":{"self":[{"href":"https:\/\/www.koupeltech.com\/index.php\/wp-json\/wp\/v2\/product\/37185","targetHints":{"allow":["GET"]}}],"collection":[{"href":"https:\/\/www.koupeltech.com\/index.php\/wp-json\/wp\/v2\/product"}],"about":[{"href":"https:\/\/www.koupeltech.com\/index.php\/wp-json\/wp\/v2\/types\/product"}],"replies":[{"embeddable":true,"href":"https:\/\/www.koupeltech.com\/index.php\/wp-json\/wp\/v2\/comments?post=37185"}],"wp:featuredmedia":[{"embeddable":true,"href":"https:\/\/www.koupeltech.com\/index.php\/wp-json\/wp\/v2\/media\/37285"}],"wp:attachment":[{"href":"https:\/\/www.koupeltech.com\/index.php\/wp-json\/wp\/v2\/media?parent=37185"}],"wp:term":[{"taxonomy":"product_brand","embeddable":true,"href":"https:\/\/www.koupeltech.com\/index.php\/wp-json\/wp\/v2\/product_brand?post=37185"},{"taxonomy":"product_cat","embeddable":true,"href":"https:\/\/www.koupeltech.com\/index.php\/wp-json\/wp\/v2\/product_cat?post=37185"},{"taxonomy":"product_tag","embeddable":true,"href":"https:\/\/www.koupeltech.com\/index.php\/wp-json\/wp\/v2\/product_tag?post=37185"}],"curies":[{"name":"wp","href":"https:\/\/api.w.org\/{rel}","templated":true}]}}