{"id":37362,"date":"2026-04-27T14:01:28","date_gmt":"2026-04-27T14:01:28","guid":{"rendered":""},"modified":"2026-04-27T14:01:28","modified_gmt":"2026-04-27T14:01:28","slug":"akce-koupelnova-skrinka-variante-szd-50-umyvadlo-zoom-n01-bila-lesk-d01-beton-leve-37362","status":"publish","type":"product","link":"https:\/\/www.koupeltech.com\/index.php\/produkt\/akce-koupelnova-skrinka-variante-szd-50-umyvadlo-zoom-n01-bila-lesk-d01-beton-leve-37362\/","title":{"rendered":"Akce Koupelnov\u00e1 sk\u0159\u00ed\u0148ka VARIANTE SZD 50 umyvadlo Zoom &#8211; N01 B\u00edl\u00e1 lesk \/ D01 Beton \/ Lev\u00e9"},"content":{"rendered":"<div class=\"basic-description\">\n<h3>Detailn\u00ed popis produktu<\/h3>\n<h1><strong>Volba pro opravdu mal\u00e9 koupelny<\/strong><\/h1>\n<p>Kolekce koupelnov\u00e9ho n\u00e1bytku VARIANTE nab\u00edz\u00ed velk\u00e9 spektrum koupelnov\u00fdch sk\u0159\u00edn\u011bk, mezi kter\u00fdmi je i praktick\u00e1 umyvadlov\u00e1 sk\u0159\u00ed\u0148ka <strong>VARIANTE SZD 50<\/strong>. Ta je d\u00edky sv\u00fdm \u00fasporn\u00fdm rozm\u011br\u016fm vhodn\u00e1 do mal\u00fdch, nebo panel\u00e1kov\u00fdch koupelen, p\u0159\u00edpadn\u011b jako um\u00fdvatko na toaletu.<\/p>\n<h2><strong>Parametry sk\u0159\u00ed\u0148ky<\/strong><\/h2>\n<p>Sk\u0159\u00ed\u0148ku vyr\u00e1b\u00edme v <strong>\u0161\u00ed\u0159ce 50 cm<\/strong> a ve sn\u00ed\u017een\u00e9<strong> hloubce 25 cm<\/strong>. Vnit\u0159ek sk\u0159\u00ed\u0148ky nab\u00edz\u00ed <strong>velkorys\u00fd prostor<\/strong> pro ulo\u017een\u00ed nejnutn\u011bj\u0161\u00edch p\u0159edm\u011bt\u016f. Dv\u00ed\u0159ka sk\u0159\u00ed\u0148ky se otev\u00edraj\u00ed <strong>pomoc\u00ed syst\u00e9mu Push-to-open<\/strong>. P\u0159i objedn\u00e1v\u00e1n\u00ed sk\u0159\u00ed\u0148ky si m\u016f\u017eete vybrat, zda chcete <strong>prav\u00e9\/lev\u00e9 otev\u00edr\u00e1n\u00ed<\/strong>. <\/p>\n<p>Dv\u00ed\u0159ka jsou zav\u011b\u0161ena na kvalitn\u00edm <strong>kov\u00e1n\u00ed zna\u010dky Hettich<\/strong>, na kter\u00e9 d\u00e1v\u00e1me do\u017eivotn\u00ed z\u00e1ruku. <\/p>\n<h3><strong>Umyvadlo<\/strong><\/h3>\n<p>Sou\u010d\u00e1st\u00ed ceny sk\u0159\u00ed\u0148ky je i minimalistick\u00e9 a keramick\u00e9 umyvadlo Zoom s otvorem pro baterii v prav\u00e9m rohu. <\/p>\n<h3><strong>Povrchov\u00e1 \u00faprava<\/strong><\/h3>\n<p>Sk\u0159\u00ed\u0148ku vyr\u00e1b\u00edme v cel\u00e9 \u0159ad\u011b \u00faprav. K dispozici je v\u00edce<strong> 20 dekor\u016f<\/strong>, lak\u016f v proveden\u00ed lesk\/mat nebo individu\u00e1ln\u00ed \u00faprava dle <strong>vzorn\u00edku RAL\/NCS<\/strong>.<\/p>\n<h2><strong>P\u0159ednosti sk\u0159\u00ed\u0148ky:<\/strong><\/h2>\n<ul>\n<li>D\u00edky sv\u00fdm rozm\u011br\u016fm je sk\u0159\u00ed\u0148ka vhodn\u00e1 p\u0159edev\u0161\u00edm do mal\u00fdch \u010di panel\u00e1kov\u00fdch koupelen nebo na toaletu.<\/li>\n<li>P\u0159i objedn\u00e1v\u00e1n\u00ed sk\u0159\u00ed\u0148ky si m\u016f\u017eete vybrat, zda chcete otev\u00edr\u00e1n\u00ed vpravo \u010di vlevo.<\/li>\n<li>Dv\u00ed\u0159ka jednodu\u0161e otev\u0159ete stla\u010den\u00edm. <\/li>\n<li>Na kov\u00e1n\u00ed zna\u010dky Hettich d\u00e1v\u00e1me do\u017eivotn\u00ed z\u00e1ruku. <\/li>\n<\/ul><\/div>\n","protected":false},"excerpt":{"rendered":"<p>Detailn\u00ed popis produktu Volba pro opravdu mal\u00e9 koupelny Kolekce koupelnov\u00e9ho n\u00e1bytku VARIANTE nab\u00edz\u00ed velk\u00e9 spektrum koupelnov\u00fdch sk\u0159\u00edn\u011bk, mezi kter\u00fdmi je i praktick\u00e1 umyvadlov\u00e1 sk\u0159\u00ed\u0148ka VARIANTE SZD 50. Ta je d\u00edky sv\u00fdm \u00fasporn\u00fdm rozm\u011br\u016fm vhodn\u00e1 do mal\u00fdch, nebo panel\u00e1kov\u00fdch koupelen, p\u0159\u00edpadn\u011b jako um\u00fdvatko na toaletu. Parametry sk\u0159\u00ed\u0148ky Sk\u0159\u00ed\u0148ku vyr\u00e1b\u00edme v \u0161\u00ed\u0159ce 50 cm a ve sn\u00ed\u017een\u00e9 [&hellip;]<\/p>\n","protected":false},"featured_media":37462,"comment_status":"open","ping_status":"open","template":"","meta":[],"product_brand":[],"product_cat":[84],"product_tag":[],"class_list":{"0":"post-37362","1":"product","2":"type-product","3":"status-publish","4":"has-post-thumbnail","6":"product_cat-koupelny-a-sanitarni-technika","8":"first","9":"instock","10":"sale","11":"shipping-taxable","12":"purchasable","13":"product-type-simple"},"yoast_head":"<!-- This site is optimized with the Yoast SEO plugin v26.8 - https:\/\/yoast.com\/product\/yoast-seo-wordpress\/ -->\n<title>Akce Koupelnov\u00e1 sk\u0159\u00ed\u0148ka VARIANTE SZD 50 umyvadlo Zoom - N01 B\u00edl\u00e1 lesk \/ D01 Beton \/ Lev\u00e9 -<\/title>\n<meta name=\"robots\" content=\"index, follow, max-snippet:-1, max-image-preview:large, max-video-preview:-1\" \/>\n<link rel=\"canonical\" href=\"https:\/\/www.koupeltech.com\/index.php\/produkt\/akce-koupelnova-skrinka-variante-szd-50-umyvadlo-zoom-n01-bila-lesk-d01-beton-leve-37362\/\" \/>\n<meta property=\"og:locale\" content=\"cs_CZ\" \/>\n<meta property=\"og:type\" content=\"article\" \/>\n<meta property=\"og:title\" content=\"Akce Koupelnov\u00e1 sk\u0159\u00ed\u0148ka VARIANTE SZD 50 umyvadlo Zoom - N01 B\u00edl\u00e1 lesk \/ D01 Beton \/ Lev\u00e9 -\" \/>\n<meta property=\"og:description\" content=\"Detailn\u00ed popis produktu Volba pro opravdu mal\u00e9 koupelny Kolekce koupelnov\u00e9ho n\u00e1bytku VARIANTE nab\u00edz\u00ed velk\u00e9 spektrum koupelnov\u00fdch sk\u0159\u00edn\u011bk, mezi kter\u00fdmi je i praktick\u00e1 umyvadlov\u00e1 sk\u0159\u00ed\u0148ka VARIANTE SZD 50. Ta je d\u00edky sv\u00fdm \u00fasporn\u00fdm rozm\u011br\u016fm vhodn\u00e1 do mal\u00fdch, nebo panel\u00e1kov\u00fdch koupelen, p\u0159\u00edpadn\u011b jako um\u00fdvatko na toaletu. Parametry sk\u0159\u00ed\u0148ky Sk\u0159\u00ed\u0148ku vyr\u00e1b\u00edme v \u0161\u00ed\u0159ce 50 cm a ve sn\u00ed\u017een\u00e9 [&hellip;]\" \/>\n<meta property=\"og:url\" content=\"https:\/\/www.koupeltech.com\/index.php\/produkt\/akce-koupelnova-skrinka-variante-szd-50-umyvadlo-zoom-n01-bila-lesk-d01-beton-leve-37362\/\" \/>\n<meta property=\"og:image\" content=\"https:\/\/www.koupeltech.com\/wp-content\/uploads\/2026\/SK0025764-CZ20260425-093351-0-1777080838-903249_koupelnova-skrinka-variante-szd-50-umyvadlo-zoom-n01.webp\" \/>\n\t<meta property=\"og:image:width\" content=\"1000\" \/>\n\t<meta property=\"og:image:height\" content=\"750\" \/>\n\t<meta property=\"og:image:type\" content=\"image\/webp\" \/>\n<meta name=\"twitter:card\" content=\"summary_large_image\" \/>\n<meta name=\"twitter:label1\" content=\"Odhadovan\u00e1 doba \u010dten\u00ed\" \/>\n\t<meta name=\"twitter:data1\" content=\"1 minuta\" \/>\n<script type=\"application\/ld+json\" class=\"yoast-schema-graph\">{\"@context\":\"https:\/\/schema.org\",\"@graph\":[{\"@type\":\"WebPage\",\"@id\":\"https:\/\/www.koupeltech.com\/index.php\/produkt\/akce-koupelnova-skrinka-variante-szd-50-umyvadlo-zoom-n01-bila-lesk-d01-beton-leve-37362\/\",\"url\":\"https:\/\/www.koupeltech.com\/index.php\/produkt\/akce-koupelnova-skrinka-variante-szd-50-umyvadlo-zoom-n01-bila-lesk-d01-beton-leve-37362\/\",\"name\":\"Akce Koupelnov\u00e1 sk\u0159\u00ed\u0148ka VARIANTE SZD 50 umyvadlo Zoom - N01 B\u00edl\u00e1 lesk \/ D01 Beton \/ Lev\u00e9 -\",\"isPartOf\":{\"@id\":\"https:\/\/www.koupeltech.com\/#website\"},\"primaryImageOfPage\":{\"@id\":\"https:\/\/www.koupeltech.com\/index.php\/produkt\/akce-koupelnova-skrinka-variante-szd-50-umyvadlo-zoom-n01-bila-lesk-d01-beton-leve-37362\/#primaryimage\"},\"image\":{\"@id\":\"https:\/\/www.koupeltech.com\/index.php\/produkt\/akce-koupelnova-skrinka-variante-szd-50-umyvadlo-zoom-n01-bila-lesk-d01-beton-leve-37362\/#primaryimage\"},\"thumbnailUrl\":\"https:\/\/www.koupeltech.com\/wp-content\/uploads\/2026\/SK0025764-CZ20260425-093351-0-1777080838-903249_koupelnova-skrinka-variante-szd-50-umyvadlo-zoom-n01.webp\",\"datePublished\":\"2026-04-27T14:01:28+00:00\",\"breadcrumb\":{\"@id\":\"https:\/\/www.koupeltech.com\/index.php\/produkt\/akce-koupelnova-skrinka-variante-szd-50-umyvadlo-zoom-n01-bila-lesk-d01-beton-leve-37362\/#breadcrumb\"},\"inLanguage\":\"cs\",\"potentialAction\":[{\"@type\":\"ReadAction\",\"target\":[\"https:\/\/www.koupeltech.com\/index.php\/produkt\/akce-koupelnova-skrinka-variante-szd-50-umyvadlo-zoom-n01-bila-lesk-d01-beton-leve-37362\/\"]}]},{\"@type\":\"ImageObject\",\"inLanguage\":\"cs\",\"@id\":\"https:\/\/www.koupeltech.com\/index.php\/produkt\/akce-koupelnova-skrinka-variante-szd-50-umyvadlo-zoom-n01-bila-lesk-d01-beton-leve-37362\/#primaryimage\",\"url\":\"https:\/\/www.koupeltech.com\/wp-content\/uploads\/2026\/SK0025764-CZ20260425-093351-0-1777080838-903249_koupelnova-skrinka-variante-szd-50-umyvadlo-zoom-n01.webp\",\"contentUrl\":\"https:\/\/www.koupeltech.com\/wp-content\/uploads\/2026\/SK0025764-CZ20260425-093351-0-1777080838-903249_koupelnova-skrinka-variante-szd-50-umyvadlo-zoom-n01.webp\",\"width\":1000,\"height\":750},{\"@type\":\"BreadcrumbList\",\"@id\":\"https:\/\/www.koupeltech.com\/index.php\/produkt\/akce-koupelnova-skrinka-variante-szd-50-umyvadlo-zoom-n01-bila-lesk-d01-beton-leve-37362\/#breadcrumb\",\"itemListElement\":[{\"@type\":\"ListItem\",\"position\":1,\"name\":\"Home\",\"item\":\"https:\/\/www.koupeltech.com\/\"},{\"@type\":\"ListItem\",\"position\":2,\"name\":\"Products\",\"item\":\"https:\/\/www.koupeltech.com\/index.php\/products\/\"},{\"@type\":\"ListItem\",\"position\":3,\"name\":\"Akce Koupelnov\u00e1 sk\u0159\u00ed\u0148ka VARIANTE SZD 50 umyvadlo Zoom &#8211; N01 B\u00edl\u00e1 lesk \/ D01 Beton \/ Lev\u00e9\"}]},{\"@type\":\"WebSite\",\"@id\":\"https:\/\/www.koupeltech.com\/#website\",\"url\":\"https:\/\/www.koupeltech.com\/\",\"name\":\"\",\"description\":\"\",\"potentialAction\":[{\"@type\":\"SearchAction\",\"target\":{\"@type\":\"EntryPoint\",\"urlTemplate\":\"https:\/\/www.koupeltech.com\/?s={search_term_string}\"},\"query-input\":{\"@type\":\"PropertyValueSpecification\",\"valueRequired\":true,\"valueName\":\"search_term_string\"}}],\"inLanguage\":\"cs\"}]}<\/script>\n<!-- \/ Yoast SEO plugin. -->","yoast_head_json":{"title":"Akce Koupelnov\u00e1 sk\u0159\u00ed\u0148ka VARIANTE SZD 50 umyvadlo Zoom - N01 B\u00edl\u00e1 lesk \/ D01 Beton \/ Lev\u00e9 -","robots":{"index":"index","follow":"follow","max-snippet":"max-snippet:-1","max-image-preview":"max-image-preview:large","max-video-preview":"max-video-preview:-1"},"canonical":"https:\/\/www.koupeltech.com\/index.php\/produkt\/akce-koupelnova-skrinka-variante-szd-50-umyvadlo-zoom-n01-bila-lesk-d01-beton-leve-37362\/","og_locale":"cs_CZ","og_type":"article","og_title":"Akce Koupelnov\u00e1 sk\u0159\u00ed\u0148ka VARIANTE SZD 50 umyvadlo Zoom - N01 B\u00edl\u00e1 lesk \/ D01 Beton \/ Lev\u00e9 -","og_description":"Detailn\u00ed popis produktu Volba pro opravdu mal\u00e9 koupelny Kolekce koupelnov\u00e9ho n\u00e1bytku VARIANTE nab\u00edz\u00ed velk\u00e9 spektrum koupelnov\u00fdch sk\u0159\u00edn\u011bk, mezi kter\u00fdmi je i praktick\u00e1 umyvadlov\u00e1 sk\u0159\u00ed\u0148ka VARIANTE SZD 50. Ta je d\u00edky sv\u00fdm \u00fasporn\u00fdm rozm\u011br\u016fm vhodn\u00e1 do mal\u00fdch, nebo panel\u00e1kov\u00fdch koupelen, p\u0159\u00edpadn\u011b jako um\u00fdvatko na toaletu. Parametry sk\u0159\u00ed\u0148ky Sk\u0159\u00ed\u0148ku vyr\u00e1b\u00edme v \u0161\u00ed\u0159ce 50 cm a ve sn\u00ed\u017een\u00e9 [&hellip;]","og_url":"https:\/\/www.koupeltech.com\/index.php\/produkt\/akce-koupelnova-skrinka-variante-szd-50-umyvadlo-zoom-n01-bila-lesk-d01-beton-leve-37362\/","og_image":[{"width":1000,"height":750,"url":"https:\/\/www.koupeltech.com\/wp-content\/uploads\/2026\/SK0025764-CZ20260425-093351-0-1777080838-903249_koupelnova-skrinka-variante-szd-50-umyvadlo-zoom-n01.webp","type":"image\/webp"}],"twitter_card":"summary_large_image","twitter_misc":{"Odhadovan\u00e1 doba \u010dten\u00ed":"1 minuta"},"schema":{"@context":"https:\/\/schema.org","@graph":[{"@type":"WebPage","@id":"https:\/\/www.koupeltech.com\/index.php\/produkt\/akce-koupelnova-skrinka-variante-szd-50-umyvadlo-zoom-n01-bila-lesk-d01-beton-leve-37362\/","url":"https:\/\/www.koupeltech.com\/index.php\/produkt\/akce-koupelnova-skrinka-variante-szd-50-umyvadlo-zoom-n01-bila-lesk-d01-beton-leve-37362\/","name":"Akce Koupelnov\u00e1 sk\u0159\u00ed\u0148ka VARIANTE SZD 50 umyvadlo Zoom - N01 B\u00edl\u00e1 lesk \/ D01 Beton \/ Lev\u00e9 -","isPartOf":{"@id":"https:\/\/www.koupeltech.com\/#website"},"primaryImageOfPage":{"@id":"https:\/\/www.koupeltech.com\/index.php\/produkt\/akce-koupelnova-skrinka-variante-szd-50-umyvadlo-zoom-n01-bila-lesk-d01-beton-leve-37362\/#primaryimage"},"image":{"@id":"https:\/\/www.koupeltech.com\/index.php\/produkt\/akce-koupelnova-skrinka-variante-szd-50-umyvadlo-zoom-n01-bila-lesk-d01-beton-leve-37362\/#primaryimage"},"thumbnailUrl":"https:\/\/www.koupeltech.com\/wp-content\/uploads\/2026\/SK0025764-CZ20260425-093351-0-1777080838-903249_koupelnova-skrinka-variante-szd-50-umyvadlo-zoom-n01.webp","datePublished":"2026-04-27T14:01:28+00:00","breadcrumb":{"@id":"https:\/\/www.koupeltech.com\/index.php\/produkt\/akce-koupelnova-skrinka-variante-szd-50-umyvadlo-zoom-n01-bila-lesk-d01-beton-leve-37362\/#breadcrumb"},"inLanguage":"cs","potentialAction":[{"@type":"ReadAction","target":["https:\/\/www.koupeltech.com\/index.php\/produkt\/akce-koupelnova-skrinka-variante-szd-50-umyvadlo-zoom-n01-bila-lesk-d01-beton-leve-37362\/"]}]},{"@type":"ImageObject","inLanguage":"cs","@id":"https:\/\/www.koupeltech.com\/index.php\/produkt\/akce-koupelnova-skrinka-variante-szd-50-umyvadlo-zoom-n01-bila-lesk-d01-beton-leve-37362\/#primaryimage","url":"https:\/\/www.koupeltech.com\/wp-content\/uploads\/2026\/SK0025764-CZ20260425-093351-0-1777080838-903249_koupelnova-skrinka-variante-szd-50-umyvadlo-zoom-n01.webp","contentUrl":"https:\/\/www.koupeltech.com\/wp-content\/uploads\/2026\/SK0025764-CZ20260425-093351-0-1777080838-903249_koupelnova-skrinka-variante-szd-50-umyvadlo-zoom-n01.webp","width":1000,"height":750},{"@type":"BreadcrumbList","@id":"https:\/\/www.koupeltech.com\/index.php\/produkt\/akce-koupelnova-skrinka-variante-szd-50-umyvadlo-zoom-n01-bila-lesk-d01-beton-leve-37362\/#breadcrumb","itemListElement":[{"@type":"ListItem","position":1,"name":"Home","item":"https:\/\/www.koupeltech.com\/"},{"@type":"ListItem","position":2,"name":"Products","item":"https:\/\/www.koupeltech.com\/index.php\/products\/"},{"@type":"ListItem","position":3,"name":"Akce Koupelnov\u00e1 sk\u0159\u00ed\u0148ka VARIANTE SZD 50 umyvadlo Zoom &#8211; N01 B\u00edl\u00e1 lesk \/ D01 Beton \/ Lev\u00e9"}]},{"@type":"WebSite","@id":"https:\/\/www.koupeltech.com\/#website","url":"https:\/\/www.koupeltech.com\/","name":"","description":"","potentialAction":[{"@type":"SearchAction","target":{"@type":"EntryPoint","urlTemplate":"https:\/\/www.koupeltech.com\/?s={search_term_string}"},"query-input":{"@type":"PropertyValueSpecification","valueRequired":true,"valueName":"search_term_string"}}],"inLanguage":"cs"}]}},"_links":{"self":[{"href":"https:\/\/www.koupeltech.com\/index.php\/wp-json\/wp\/v2\/product\/37362","targetHints":{"allow":["GET"]}}],"collection":[{"href":"https:\/\/www.koupeltech.com\/index.php\/wp-json\/wp\/v2\/product"}],"about":[{"href":"https:\/\/www.koupeltech.com\/index.php\/wp-json\/wp\/v2\/types\/product"}],"replies":[{"embeddable":true,"href":"https:\/\/www.koupeltech.com\/index.php\/wp-json\/wp\/v2\/comments?post=37362"}],"wp:featuredmedia":[{"embeddable":true,"href":"https:\/\/www.koupeltech.com\/index.php\/wp-json\/wp\/v2\/media\/37462"}],"wp:attachment":[{"href":"https:\/\/www.koupeltech.com\/index.php\/wp-json\/wp\/v2\/media?parent=37362"}],"wp:term":[{"taxonomy":"product_brand","embeddable":true,"href":"https:\/\/www.koupeltech.com\/index.php\/wp-json\/wp\/v2\/product_brand?post=37362"},{"taxonomy":"product_cat","embeddable":true,"href":"https:\/\/www.koupeltech.com\/index.php\/wp-json\/wp\/v2\/product_cat?post=37362"},{"taxonomy":"product_tag","embeddable":true,"href":"https:\/\/www.koupeltech.com\/index.php\/wp-json\/wp\/v2\/product_tag?post=37362"}],"curies":[{"name":"wp","href":"https:\/\/api.w.org\/{rel}","templated":true}]}}