{"id":38585,"date":"2026-04-27T14:01:38","date_gmt":"2026-04-27T14:01:38","guid":{"rendered":""},"modified":"2026-04-27T14:01:38","modified_gmt":"2026-04-27T14:01:38","slug":"akcni-cena-bgs-klice-ockoploche-chromovane-ve-vysokem-lesku-6-32-mm-25dilna-sada-38585","status":"publish","type":"product","link":"https:\/\/www.koupeltech.com\/index.php\/produkt\/akcni-cena-bgs-klice-ockoploche-chromovane-ve-vysokem-lesku-6-32-mm-25dilna-sada-38585\/","title":{"rendered":"Ak\u010dn\u00ed Cena BGS Kl\u00ed\u010de o\u010dkoploch\u00e9, chromovan\u00e9 ve vysok\u00e9m lesku, 6 &#8211; 32 mm, 25d\u00edln\u00e1 sada"},"content":{"rendered":"<div id=\"e3905683\" class=\"pages\">\n<div>\n<div id=\"PDDescription\" class=\"UserContentView userContent v1a v1 bs-view dcon dc164 PDDescription\" ><dc-con><dc-con><bs-empty><\/bs-empty><\/dc-con><dc-con>        <\/p>\n<div class=\"customDescription\">                    <\/div>\n<p><\/dc-con><dc-con><\/p>\n<ul>\n<li>kovan\u00e9 za studena<\/li>\n<li>pochromov\u00e1no a zrcadlov\u011b le\u0161t\u011bno<\/li>\n<li>konec krou\u017eku zahnut\u00fd o 15\u00b0<\/li>\n<li>konec krou\u017eku s profilem: 12bodov\u00fd<\/li>\n<li>baleno v tetronov\u00e9 pen\u011b\u017eence<\/li>\n<\/ul>\n<p><b>rozsah dod\u00e1vky:<\/b><\/p>\n<ul>\n<li>kombinovan\u00fd kl\u00ed\u010d 6 mm<\/li>\n<li >kombinovan\u00fd kl\u00ed\u010d 7 mm<\/li>\n<li>kombinovan\u00fd kl\u00ed\u010d 8 mm<\/li>\n<li>kombinovan\u00fd kl\u00ed\u010d 9 mm<\/li>\n<li>kombinovan\u00fd kl\u00ed\u010d 10 mm<\/li>\n<li>kombinovan\u00fd kl\u00ed\u010d 11 mm< \/li>\n<li>kombinovan\u00fd kl\u00ed\u010d 12 mm<\/li>\n<li>kombinovan\u00fd kl\u00ed\u010d 13 mm<\/li>\n<li>kombinovan\u00fd kl\u00ed\u010d 14 mm<\/li>\n<li>kombinovan\u00fd kl\u00ed\u010d 15 mm<\/li>\n<li> o\u010dkov\u00fd kl\u00ed\u010d 16 mm<\/li>\n<li>o\u010dkoploch\u00fd kl\u00ed\u010d 17 mm<\/li>\n<li>o\u010dkoploch\u00fd kl\u00ed\u010d 18 mm<\/li>\n<li>o\u010dkoploch\u00fd kl\u00ed\u010d 19 mm<\/li>\n<li>obojkov\u00fd kl\u00ed\u010d 20 mm<\/ li>\n<li>kombinovan\u00fd kl\u00ed\u010d 21 mm<\/li>\n<li>kombinovan\u00fd kl\u00ed\u010d 22 mm<\/li>\n<li>kombinovan\u00fd kl\u00ed\u010d 23 mm<\/li>\n<li>kombinovan\u00fd kl\u00ed\u010d 24 mm<\/li>\n<li>kombinace kl\u00ed\u010d 25 mm<\/li>\n<li>kombinovan\u00fd kl\u00ed\u010d 26 mm<\/li>\n<li>kombinovan\u00fd kl\u00ed\u010d 27 mm<\/li>\n<li>kombinovan\u00fd kl\u00ed\u010d 28 mm<\/li>\n<li>kombinace sp anner 30 mm<\/li>\n<li>kombinovan\u00fd kl\u00ed\u010d\u00a032 mm<\/li>\n<\/ul>\n<p><\/dc-con><\/dc-con><\/div>\n<div id=\"PDDescription2\" class=\"UserContentView userContent v1a v1 bs-view dcon dc165 PDDescription2\" >V\u00dd\u0160KA BALEN\u00cd<\/div>\n<\/p><\/div>\n<div id=\"PDTable3\" class=\"ProductDetailTableView v3a v3 bs-view dcon dc185 PDTable3\" >\n<table>\n<thead><\/thead>\n<tbody>\n<tr class=\"attribute attr_typ\">\n<td class=\"caption\">Typ<\/td>\n<td class=\"value\">SADA<\/td>\n<\/tr>\n<tr class=\"attribute attr_bsshop_maker\">\n<td class=\"caption\">V\u00fdrobce<\/td>\n<td class=\"value\">BGS Technic<\/td>\n<\/tr>\n<\/tbody>\n<\/table>\n<\/div>\n<div id=\"PdProductGpsr\" class=\"ProductGpsrView v1a v1 bs-view dcon dc217 PdProductGpsr\" >\n<div class=\"subject\"><dc-root class=\"dcon dc219\"><span class=\"title\">Zodpov\u011bdn&#253; subjekt:<\/span><dc-con><dc-con><span class=\"company\">BGS technik KG<\/span><span class=\"name\">BGS Technic<\/span><\/dc-con><dc-con><span class=\"street\">Bandwirkerstr. 3<\/span><span class=\"city\">Wermelskirchen<\/span><span class=\"zip\">429 29<\/span><span class=\"country\">N\u011bmecko<\/span><\/dc-con><span class=\"email\">mail@bgs-technic.de<\/span><span class=\"phone\">+49 2196-720480<\/span><bs-empty><\/bs-empty><a href=\"https:\/\/www.bgstechnic.com\/\" class=\"link\" target=\"_blank\">https:\/\/www.bgstechnic.com\/<\/a><\/dc-con><bs-empty><\/bs-empty><\/dc-root><\/div>\n<p><bs-empty><\/bs-empty><\/div>\n<\/div>\n<div id=\"e3905684\" class=\"tabs\">\n","protected":false},"excerpt":{"rendered":"<p>kovan\u00e9 za studena pochromov\u00e1no a zrcadlov\u011b le\u0161t\u011bno konec krou\u017eku zahnut\u00fd o 15\u00b0 konec krou\u017eku s profilem: 12bodov\u00fd baleno v tetronov\u00e9 pen\u011b\u017eence rozsah dod\u00e1vky: kombinovan\u00fd kl\u00ed\u010d 6 mm kombinovan\u00fd kl\u00ed\u010d 7 mm kombinovan\u00fd kl\u00ed\u010d 8 mm kombinovan\u00fd kl\u00ed\u010d 9 mm kombinovan\u00fd kl\u00ed\u010d 10 mm kombinovan\u00fd kl\u00ed\u010d 11 mm< \/li> kombinovan\u00fd kl\u00ed\u010d 12 mm kombinovan\u00fd kl\u00ed\u010d 13 [&hellip;]<\/p>\n","protected":false},"featured_media":38685,"comment_status":"open","ping_status":"open","template":"","meta":[],"product_brand":[],"product_cat":[85],"product_tag":[],"class_list":{"0":"post-38585","1":"product","2":"type-product","3":"status-publish","4":"has-post-thumbnail","6":"product_cat-rucn-237-n-225-rad-237-a-d-237-lna","8":"first","9":"instock","10":"sale","11":"shipping-taxable","12":"purchasable","13":"product-type-simple"},"yoast_head":"<!-- This site is optimized with the Yoast SEO plugin v26.8 - https:\/\/yoast.com\/product\/yoast-seo-wordpress\/ -->\n<title>Ak\u010dn\u00ed Cena BGS Kl\u00ed\u010de o\u010dkoploch\u00e9, chromovan\u00e9 ve vysok\u00e9m lesku, 6 - 32 mm, 25d\u00edln\u00e1 sada -<\/title>\n<meta name=\"robots\" content=\"index, follow, max-snippet:-1, max-image-preview:large, max-video-preview:-1\" \/>\n<link rel=\"canonical\" href=\"https:\/\/www.koupeltech.com\/index.php\/produkt\/akcni-cena-bgs-klice-ockoploche-chromovane-ve-vysokem-lesku-6-32-mm-25dilna-sada-38585\/\" \/>\n<meta property=\"og:locale\" content=\"cs_CZ\" \/>\n<meta property=\"og:type\" content=\"article\" \/>\n<meta property=\"og:title\" content=\"Ak\u010dn\u00ed Cena BGS Kl\u00ed\u010de o\u010dkoploch\u00e9, chromovan\u00e9 ve vysok\u00e9m lesku, 6 - 32 mm, 25d\u00edln\u00e1 sada -\" \/>\n<meta property=\"og:description\" content=\"kovan\u00e9 za studena pochromov\u00e1no a zrcadlov\u011b le\u0161t\u011bno konec krou\u017eku zahnut\u00fd o 15\u00b0 konec krou\u017eku s profilem: 12bodov\u00fd baleno v tetronov\u00e9 pen\u011b\u017eence rozsah dod\u00e1vky: kombinovan\u00fd kl\u00ed\u010d 6 mm kombinovan\u00fd kl\u00ed\u010d 7 mm kombinovan\u00fd kl\u00ed\u010d 8 mm kombinovan\u00fd kl\u00ed\u010d 9 mm kombinovan\u00fd kl\u00ed\u010d 10 mm kombinovan\u00fd kl\u00ed\u010d 11 mm&lt; \/li&gt; kombinovan\u00fd kl\u00ed\u010d 12 mm kombinovan\u00fd kl\u00ed\u010d 13 [&hellip;]\" \/>\n<meta property=\"og:url\" content=\"https:\/\/www.koupeltech.com\/index.php\/produkt\/akcni-cena-bgs-klice-ockoploche-chromovane-ve-vysokem-lesku-6-32-mm-25dilna-sada-38585\/\" \/>\n<meta property=\"og:image\" content=\"https:\/\/www.koupeltech.com\/wp-content\/uploads\/2026\/SK0019928-CZ20260425-093449-0-1777080896-bgs-klice-ockoploche-chromovane-ve-vysokem-lesku-6-32-mm-25.webp\" \/>\n\t<meta property=\"og:image:width\" content=\"1000\" \/>\n\t<meta property=\"og:image:height\" content=\"525\" \/>\n\t<meta property=\"og:image:type\" content=\"image\/webp\" \/>\n<meta name=\"twitter:card\" content=\"summary_large_image\" \/>\n<meta name=\"twitter:label1\" content=\"Odhadovan\u00e1 doba \u010dten\u00ed\" \/>\n\t<meta name=\"twitter:data1\" content=\"1 minuta\" \/>\n<script type=\"application\/ld+json\" class=\"yoast-schema-graph\">{\"@context\":\"https:\/\/schema.org\",\"@graph\":[{\"@type\":\"WebPage\",\"@id\":\"https:\/\/www.koupeltech.com\/index.php\/produkt\/akcni-cena-bgs-klice-ockoploche-chromovane-ve-vysokem-lesku-6-32-mm-25dilna-sada-38585\/\",\"url\":\"https:\/\/www.koupeltech.com\/index.php\/produkt\/akcni-cena-bgs-klice-ockoploche-chromovane-ve-vysokem-lesku-6-32-mm-25dilna-sada-38585\/\",\"name\":\"Ak\u010dn\u00ed Cena BGS Kl\u00ed\u010de o\u010dkoploch\u00e9, chromovan\u00e9 ve vysok\u00e9m lesku, 6 - 32 mm, 25d\u00edln\u00e1 sada -\",\"isPartOf\":{\"@id\":\"https:\/\/www.koupeltech.com\/#website\"},\"primaryImageOfPage\":{\"@id\":\"https:\/\/www.koupeltech.com\/index.php\/produkt\/akcni-cena-bgs-klice-ockoploche-chromovane-ve-vysokem-lesku-6-32-mm-25dilna-sada-38585\/#primaryimage\"},\"image\":{\"@id\":\"https:\/\/www.koupeltech.com\/index.php\/produkt\/akcni-cena-bgs-klice-ockoploche-chromovane-ve-vysokem-lesku-6-32-mm-25dilna-sada-38585\/#primaryimage\"},\"thumbnailUrl\":\"https:\/\/www.koupeltech.com\/wp-content\/uploads\/2026\/SK0019928-CZ20260425-093449-0-1777080896-bgs-klice-ockoploche-chromovane-ve-vysokem-lesku-6-32-mm-25.webp\",\"datePublished\":\"2026-04-27T14:01:38+00:00\",\"breadcrumb\":{\"@id\":\"https:\/\/www.koupeltech.com\/index.php\/produkt\/akcni-cena-bgs-klice-ockoploche-chromovane-ve-vysokem-lesku-6-32-mm-25dilna-sada-38585\/#breadcrumb\"},\"inLanguage\":\"cs\",\"potentialAction\":[{\"@type\":\"ReadAction\",\"target\":[\"https:\/\/www.koupeltech.com\/index.php\/produkt\/akcni-cena-bgs-klice-ockoploche-chromovane-ve-vysokem-lesku-6-32-mm-25dilna-sada-38585\/\"]}]},{\"@type\":\"ImageObject\",\"inLanguage\":\"cs\",\"@id\":\"https:\/\/www.koupeltech.com\/index.php\/produkt\/akcni-cena-bgs-klice-ockoploche-chromovane-ve-vysokem-lesku-6-32-mm-25dilna-sada-38585\/#primaryimage\",\"url\":\"https:\/\/www.koupeltech.com\/wp-content\/uploads\/2026\/SK0019928-CZ20260425-093449-0-1777080896-bgs-klice-ockoploche-chromovane-ve-vysokem-lesku-6-32-mm-25.webp\",\"contentUrl\":\"https:\/\/www.koupeltech.com\/wp-content\/uploads\/2026\/SK0019928-CZ20260425-093449-0-1777080896-bgs-klice-ockoploche-chromovane-ve-vysokem-lesku-6-32-mm-25.webp\",\"width\":1000,\"height\":525},{\"@type\":\"BreadcrumbList\",\"@id\":\"https:\/\/www.koupeltech.com\/index.php\/produkt\/akcni-cena-bgs-klice-ockoploche-chromovane-ve-vysokem-lesku-6-32-mm-25dilna-sada-38585\/#breadcrumb\",\"itemListElement\":[{\"@type\":\"ListItem\",\"position\":1,\"name\":\"Home\",\"item\":\"https:\/\/www.koupeltech.com\/\"},{\"@type\":\"ListItem\",\"position\":2,\"name\":\"Products\",\"item\":\"https:\/\/www.koupeltech.com\/index.php\/products\/\"},{\"@type\":\"ListItem\",\"position\":3,\"name\":\"Ak\u010dn\u00ed Cena BGS Kl\u00ed\u010de o\u010dkoploch\u00e9, chromovan\u00e9 ve vysok\u00e9m lesku, 6 &#8211; 32 mm, 25d\u00edln\u00e1 sada\"}]},{\"@type\":\"WebSite\",\"@id\":\"https:\/\/www.koupeltech.com\/#website\",\"url\":\"https:\/\/www.koupeltech.com\/\",\"name\":\"\",\"description\":\"\",\"potentialAction\":[{\"@type\":\"SearchAction\",\"target\":{\"@type\":\"EntryPoint\",\"urlTemplate\":\"https:\/\/www.koupeltech.com\/?s={search_term_string}\"},\"query-input\":{\"@type\":\"PropertyValueSpecification\",\"valueRequired\":true,\"valueName\":\"search_term_string\"}}],\"inLanguage\":\"cs\"}]}<\/script>\n<!-- \/ Yoast SEO plugin. -->","yoast_head_json":{"title":"Ak\u010dn\u00ed Cena BGS Kl\u00ed\u010de o\u010dkoploch\u00e9, chromovan\u00e9 ve vysok\u00e9m lesku, 6 - 32 mm, 25d\u00edln\u00e1 sada -","robots":{"index":"index","follow":"follow","max-snippet":"max-snippet:-1","max-image-preview":"max-image-preview:large","max-video-preview":"max-video-preview:-1"},"canonical":"https:\/\/www.koupeltech.com\/index.php\/produkt\/akcni-cena-bgs-klice-ockoploche-chromovane-ve-vysokem-lesku-6-32-mm-25dilna-sada-38585\/","og_locale":"cs_CZ","og_type":"article","og_title":"Ak\u010dn\u00ed Cena BGS Kl\u00ed\u010de o\u010dkoploch\u00e9, chromovan\u00e9 ve vysok\u00e9m lesku, 6 - 32 mm, 25d\u00edln\u00e1 sada -","og_description":"kovan\u00e9 za studena pochromov\u00e1no a zrcadlov\u011b le\u0161t\u011bno konec krou\u017eku zahnut\u00fd o 15\u00b0 konec krou\u017eku s profilem: 12bodov\u00fd baleno v tetronov\u00e9 pen\u011b\u017eence rozsah dod\u00e1vky: kombinovan\u00fd kl\u00ed\u010d 6 mm kombinovan\u00fd kl\u00ed\u010d 7 mm kombinovan\u00fd kl\u00ed\u010d 8 mm kombinovan\u00fd kl\u00ed\u010d 9 mm kombinovan\u00fd kl\u00ed\u010d 10 mm kombinovan\u00fd kl\u00ed\u010d 11 mm< \/li> kombinovan\u00fd kl\u00ed\u010d 12 mm kombinovan\u00fd kl\u00ed\u010d 13 [&hellip;]","og_url":"https:\/\/www.koupeltech.com\/index.php\/produkt\/akcni-cena-bgs-klice-ockoploche-chromovane-ve-vysokem-lesku-6-32-mm-25dilna-sada-38585\/","og_image":[{"width":1000,"height":525,"url":"https:\/\/www.koupeltech.com\/wp-content\/uploads\/2026\/SK0019928-CZ20260425-093449-0-1777080896-bgs-klice-ockoploche-chromovane-ve-vysokem-lesku-6-32-mm-25.webp","type":"image\/webp"}],"twitter_card":"summary_large_image","twitter_misc":{"Odhadovan\u00e1 doba \u010dten\u00ed":"1 minuta"},"schema":{"@context":"https:\/\/schema.org","@graph":[{"@type":"WebPage","@id":"https:\/\/www.koupeltech.com\/index.php\/produkt\/akcni-cena-bgs-klice-ockoploche-chromovane-ve-vysokem-lesku-6-32-mm-25dilna-sada-38585\/","url":"https:\/\/www.koupeltech.com\/index.php\/produkt\/akcni-cena-bgs-klice-ockoploche-chromovane-ve-vysokem-lesku-6-32-mm-25dilna-sada-38585\/","name":"Ak\u010dn\u00ed Cena BGS Kl\u00ed\u010de o\u010dkoploch\u00e9, chromovan\u00e9 ve vysok\u00e9m lesku, 6 - 32 mm, 25d\u00edln\u00e1 sada -","isPartOf":{"@id":"https:\/\/www.koupeltech.com\/#website"},"primaryImageOfPage":{"@id":"https:\/\/www.koupeltech.com\/index.php\/produkt\/akcni-cena-bgs-klice-ockoploche-chromovane-ve-vysokem-lesku-6-32-mm-25dilna-sada-38585\/#primaryimage"},"image":{"@id":"https:\/\/www.koupeltech.com\/index.php\/produkt\/akcni-cena-bgs-klice-ockoploche-chromovane-ve-vysokem-lesku-6-32-mm-25dilna-sada-38585\/#primaryimage"},"thumbnailUrl":"https:\/\/www.koupeltech.com\/wp-content\/uploads\/2026\/SK0019928-CZ20260425-093449-0-1777080896-bgs-klice-ockoploche-chromovane-ve-vysokem-lesku-6-32-mm-25.webp","datePublished":"2026-04-27T14:01:38+00:00","breadcrumb":{"@id":"https:\/\/www.koupeltech.com\/index.php\/produkt\/akcni-cena-bgs-klice-ockoploche-chromovane-ve-vysokem-lesku-6-32-mm-25dilna-sada-38585\/#breadcrumb"},"inLanguage":"cs","potentialAction":[{"@type":"ReadAction","target":["https:\/\/www.koupeltech.com\/index.php\/produkt\/akcni-cena-bgs-klice-ockoploche-chromovane-ve-vysokem-lesku-6-32-mm-25dilna-sada-38585\/"]}]},{"@type":"ImageObject","inLanguage":"cs","@id":"https:\/\/www.koupeltech.com\/index.php\/produkt\/akcni-cena-bgs-klice-ockoploche-chromovane-ve-vysokem-lesku-6-32-mm-25dilna-sada-38585\/#primaryimage","url":"https:\/\/www.koupeltech.com\/wp-content\/uploads\/2026\/SK0019928-CZ20260425-093449-0-1777080896-bgs-klice-ockoploche-chromovane-ve-vysokem-lesku-6-32-mm-25.webp","contentUrl":"https:\/\/www.koupeltech.com\/wp-content\/uploads\/2026\/SK0019928-CZ20260425-093449-0-1777080896-bgs-klice-ockoploche-chromovane-ve-vysokem-lesku-6-32-mm-25.webp","width":1000,"height":525},{"@type":"BreadcrumbList","@id":"https:\/\/www.koupeltech.com\/index.php\/produkt\/akcni-cena-bgs-klice-ockoploche-chromovane-ve-vysokem-lesku-6-32-mm-25dilna-sada-38585\/#breadcrumb","itemListElement":[{"@type":"ListItem","position":1,"name":"Home","item":"https:\/\/www.koupeltech.com\/"},{"@type":"ListItem","position":2,"name":"Products","item":"https:\/\/www.koupeltech.com\/index.php\/products\/"},{"@type":"ListItem","position":3,"name":"Ak\u010dn\u00ed Cena BGS Kl\u00ed\u010de o\u010dkoploch\u00e9, chromovan\u00e9 ve vysok\u00e9m lesku, 6 &#8211; 32 mm, 25d\u00edln\u00e1 sada"}]},{"@type":"WebSite","@id":"https:\/\/www.koupeltech.com\/#website","url":"https:\/\/www.koupeltech.com\/","name":"","description":"","potentialAction":[{"@type":"SearchAction","target":{"@type":"EntryPoint","urlTemplate":"https:\/\/www.koupeltech.com\/?s={search_term_string}"},"query-input":{"@type":"PropertyValueSpecification","valueRequired":true,"valueName":"search_term_string"}}],"inLanguage":"cs"}]}},"_links":{"self":[{"href":"https:\/\/www.koupeltech.com\/index.php\/wp-json\/wp\/v2\/product\/38585","targetHints":{"allow":["GET"]}}],"collection":[{"href":"https:\/\/www.koupeltech.com\/index.php\/wp-json\/wp\/v2\/product"}],"about":[{"href":"https:\/\/www.koupeltech.com\/index.php\/wp-json\/wp\/v2\/types\/product"}],"replies":[{"embeddable":true,"href":"https:\/\/www.koupeltech.com\/index.php\/wp-json\/wp\/v2\/comments?post=38585"}],"wp:featuredmedia":[{"embeddable":true,"href":"https:\/\/www.koupeltech.com\/index.php\/wp-json\/wp\/v2\/media\/38685"}],"wp:attachment":[{"href":"https:\/\/www.koupeltech.com\/index.php\/wp-json\/wp\/v2\/media?parent=38585"}],"wp:term":[{"taxonomy":"product_brand","embeddable":true,"href":"https:\/\/www.koupeltech.com\/index.php\/wp-json\/wp\/v2\/product_brand?post=38585"},{"taxonomy":"product_cat","embeddable":true,"href":"https:\/\/www.koupeltech.com\/index.php\/wp-json\/wp\/v2\/product_cat?post=38585"},{"taxonomy":"product_tag","embeddable":true,"href":"https:\/\/www.koupeltech.com\/index.php\/wp-json\/wp\/v2\/product_tag?post=38585"}],"curies":[{"name":"wp","href":"https:\/\/api.w.org\/{rel}","templated":true}]}}