{"id":39500,"date":"2026-04-27T14:01:45","date_gmt":"2026-04-27T14:01:45","guid":{"rendered":""},"modified":"2026-04-27T14:01:45","modified_gmt":"2026-04-27T14:01:45","slug":"dokud-zasoby-vydrzi-almeva-spona-s-gumou-dn-60-100-39500","status":"publish","type":"product","link":"https:\/\/www.koupeltech.com\/index.php\/produkt\/dokud-zasoby-vydrzi-almeva-spona-s-gumou-dn-60-100-39500\/","title":{"rendered":"Dokud Z\u00e1soby Vydr\u017e\u00ed ALMEVA Spona s gumou DN 60\/100"},"content":{"rendered":"<div id=\"e3674620\" class=\"pages\">\n<div>\n<div id=\"PDDescription\" class=\"UserContentView userContent v1a v1 bs-view dcon dc164 PDDescription\" ><dc-con><dc-con><bs-empty><\/bs-empty><\/dc-con><dc-con>        <\/p>\n<div class=\"customDescription\">                    <\/div>\n<p><\/dc-con><dc-con><\/p>\n<p><span style=\"font-size: 200%;\"><strong>LIK &#8211; PPH\/PPH<\/strong><\/span><\/p>\n<p style=\"color: #000000; text-transform: none; text-indent: 0px; letter-spacing: normal; padding-top: 0px; font-family: Arial, Verdana, Tahoma; font-size: 14px; font-style: normal; font-weight: 400; margin-top: 0px; word-spacing: 0px; white-space: normal; orphans: 2; widows: 2; background-color: #ffffff; font-variant-ligatures: normal; font-variant-caps: normal; -webkit-text-stroke-width: 0px; text-decoration-style: initial; text-decoration-color: initial;\">V b\u0159eznu 2009 vstoupila na \u010desk\u00fd trh spole\u010dnost Almeva East Europe s.r.o. (d\u00e1le AEE), \u010dlen siln\u00e9 skupiny Almeva AG (se s\u00eddlem ve \u0160v\u00fdcarsku). Dokonal\u00e9 propojen\u00ed \u010cesk\u00e9 v\u00fdroby, kontroly jakosti, obchodu, logistiky, marketingu a poradenstv\u00ed vytvo\u0159ilo ze skupiny Almeva pru\u017en\u00fd celek, jeho\u017e s\u00edla spo\u010d\u00edv\u00e1 ve stabiln\u00ed pozici na evropsk\u00e9m trhu.<\/p>\n<div id=\"main-content\" style=\"color: #000000; text-transform: none; text-indent: 0px; letter-spacing: normal; font-family: Arial, Verdana, Tahoma; font-size: 14px; font-style: normal; font-weight: 400; word-spacing: 0px; white-space: normal; orphans: 2; widows: 2; background-color: #ffffff; font-variant-ligatures: normal; font-variant-caps: normal; -webkit-text-stroke-width: 0px; text-decoration-style: initial; text-decoration-color: initial;\">\n<div id=\"content\" class=\"clear-block\">\n<div id=\"node-743\" class=\"node node-product buildmode-full\">\n<div class=\"node-content clear-block\">\n<div class=\"nd-region-middle-wrapper   nd-one-sidebar nd-sidebar-left\">\n<div class=\"nd-region-middle\">\n<div class=\"field field-body\">\n<ul>\n<li>Plastov\u00fd syst\u00e9m odkou\u0159en\u00ed\u00a0LIK je tvo\u0159en\u00fd\u00a0koncentrick\u00fdmi pevn\u00fdmi trubkami a tvarovkami PPH\/PPH.<\/li>\n<li>Syst\u00e9m\u00a0LIK je nab\u00edzen v pr\u016fm\u011brech 60\/100 mm\u00a0a\u00a080\/125 mm.<\/li>\n<li>Je u\u010den\u00fd zejm\u00e9na pro\u00a0spalinov\u00e9 cesty ve vnit\u0159n\u00edm prost\u0159ed\u00ed.<\/li>\n<li>Spojov\u00e1n\u00ed jednotliv\u00fdch prvk\u016f syst\u00e9mu\u00a0LIK je\u00a0hrdlov\u00fdmi spoji s EPDM t\u011bsn\u011bn\u00edm.<\/li>\n<li>Charakteristika dle \u010cSN EN 14471:<br \/>T120 H1\/P1 O W 2 O00 I E L1<\/li>\n<li>Slou\u017e\u00ed k odvodu spalin od kondenza\u010dn\u00edch a n\u00edzkoteplotn\u00edch kotl\u016f s nejvy\u0161\u0161\u00ed teplotou spalin na hrdle odkou\u0159en\u00ed spot\u0159ebi\u010de 120\u00b0C. Je ur\u010den p\u0159ev\u00e1\u017en\u011b pro p\u0159etlakov\u00e9 a vysokop\u0159etlakov\u00e9 spalinov\u00e9 cesty. M\u016f\u017ee b\u00fdt pou\u017eit i pro kom\u00edny s p\u0159irozen\u00fdm tahem. Nen\u00ed ur\u010den pro spalinov\u00e9 cesty, ve kter\u00fdch m\u016f\u017ee doj\u00edt k vyho\u0159en\u00ed saz\u00ed. Je vhodn\u00fd pro kom\u00edny, kter\u00e9 jsou pl\u00e1novit\u011b provozov\u00e1ny v mokr\u00e9m provozn\u00edm re\u017eimu a pou\u017eiteln\u00fd pro spalinovou cestu od spot\u0159ebi\u010d\u016f spaluj\u00edc\u00edch plynn\u00e1 paliva resp. zemn\u00ed plyn (L,H) a tekut\u00e1 paliva (LTO s obsahem s\u00edry do 0,2% kerosin).<\/li>\n<\/ul>\n<\/div>\n<\/div>\n<\/div>\n<\/div>\n<\/div>\n<\/div>\n<\/div>\n<p><\/dc-con><\/dc-con><\/div>\n<div id=\"PDDescription2\" class=\"UserContentView userContent v1a v1 bs-view dcon dc165 PDDescription2\" >\n<p style=\"color: #000000; text-transform: none; text-indent: 0px; letter-spacing: normal; padding-top: 0px; font-family: Arial, Verdana, Tahoma; font-size: 14px; font-style: normal; font-weight: 400; margin-top: 0px; word-spacing: 0px; white-space: normal; orphans: 2; widows: 2; background-color: #ffffff; font-variant-ligatures: normal; font-variant-caps: normal; -webkit-text-stroke-width: 0px; text-decoration-style: initial; text-decoration-color: initial;\">Vnit\u0159n\u00ed koncentrick\u00fd ( koaxi\u00e1ln\u00ed ) vzducho-spalinov\u00fd syst\u00e9m LIK pro kondenza\u010dn\u00ed kotle<\/p>\n<p style=\"color: #000000; text-transform: none; text-indent: 0px; letter-spacing: normal; padding-top: 0px; font-family: Arial, Verdana, Tahoma; font-size: 14px; font-style: normal; font-weight: 400; margin-top: 0px; word-spacing: 0px; white-space: normal; orphans: 2; widows: 2; background-color: #ffffff; font-variant-ligatures: normal; font-variant-caps: normal; -webkit-text-stroke-width: 0px; text-decoration-style: initial; text-decoration-color: initial;\"><strong>Univerz\u00e1ln\u00ed odkou\u0159en\u00ed pro v\u0161echny v\u00fdrobce i typy kondenza\u010dn<\/strong><strong>\u00edch kotl\u016f.<\/strong><\/p>\n<\/div><\/div>\n<div id=\"PDTable3\" class=\"ProductDetailTableView v3a v3 bs-view dcon dc185 PDTable3\" >\n<table>\n<thead><\/thead>\n<tbody>\n<tr class=\"attribute attr_prumer\">\n<td class=\"caption\">Pr\u016fm\u011br<\/td>\n<td class=\"value\">60\/100 mm<\/td>\n<\/tr>\n<tr class=\"attribute attr_typ\">\n<td class=\"caption\">Typ<\/td>\n<td class=\"value\">Spony<\/td>\n<\/tr>\n<tr class=\"attribute attr_bsshop_maker\">\n<td class=\"caption\">V\u00fdrobce<\/td>\n<td class=\"value\">Almeva<\/td>\n<\/tr>\n<tr class=\"weight\">\n<td class=\"caption\"><span>Hmotnost<\/span><\/td>\n<td class=\"value\"><span>0,09 kg<\/span><\/td>\n<\/tr>\n<\/tbody>\n<\/table>\n<\/div>\n<\/div>\n<div id=\"e3674621\" class=\"tabs\">\n","protected":false},"excerpt":{"rendered":"<p>LIK &#8211; PPH\/PPH V b\u0159eznu 2009 vstoupila na \u010desk\u00fd trh spole\u010dnost Almeva East Europe s.r.o. (d\u00e1le AEE), \u010dlen siln\u00e9 skupiny Almeva AG (se s\u00eddlem ve \u0160v\u00fdcarsku). Dokonal\u00e9 propojen\u00ed \u010cesk\u00e9 v\u00fdroby, kontroly jakosti, obchodu, logistiky, marketingu a poradenstv\u00ed vytvo\u0159ilo ze skupiny Almeva pru\u017en\u00fd celek, jeho\u017e s\u00edla spo\u010d\u00edv\u00e1 ve stabiln\u00ed pozici na evropsk\u00e9m trhu. Plastov\u00fd syst\u00e9m odkou\u0159en\u00ed\u00a0LIK [&hellip;]<\/p>\n","protected":false},"featured_media":39600,"comment_status":"open","ping_status":"open","template":"","meta":[],"product_brand":[],"product_cat":[98],"product_tag":[],"class_list":{"0":"post-39500","1":"product","2":"type-product","3":"status-publish","4":"has-post-thumbnail","6":"product_cat-kotle","8":"first","9":"instock","10":"sale","11":"shipping-taxable","12":"purchasable","13":"product-type-simple"},"yoast_head":"<!-- This site is optimized with the Yoast SEO plugin v26.8 - https:\/\/yoast.com\/product\/yoast-seo-wordpress\/ -->\n<title>Dokud Z\u00e1soby Vydr\u017e\u00ed ALMEVA Spona s gumou DN 60\/100 -<\/title>\n<meta name=\"robots\" content=\"index, follow, max-snippet:-1, max-image-preview:large, max-video-preview:-1\" \/>\n<link rel=\"canonical\" href=\"https:\/\/www.koupeltech.com\/index.php\/produkt\/dokud-zasoby-vydrzi-almeva-spona-s-gumou-dn-60-100-39500\/\" \/>\n<meta property=\"og:locale\" content=\"cs_CZ\" \/>\n<meta property=\"og:type\" content=\"article\" \/>\n<meta property=\"og:title\" content=\"Dokud Z\u00e1soby Vydr\u017e\u00ed ALMEVA Spona s gumou DN 60\/100 -\" \/>\n<meta property=\"og:description\" content=\"LIK &#8211; PPH\/PPH V b\u0159eznu 2009 vstoupila na \u010desk\u00fd trh spole\u010dnost Almeva East Europe s.r.o. (d\u00e1le AEE), \u010dlen siln\u00e9 skupiny Almeva AG (se s\u00eddlem ve \u0160v\u00fdcarsku). Dokonal\u00e9 propojen\u00ed \u010cesk\u00e9 v\u00fdroby, kontroly jakosti, obchodu, logistiky, marketingu a poradenstv\u00ed vytvo\u0159ilo ze skupiny Almeva pru\u017en\u00fd celek, jeho\u017e s\u00edla spo\u010d\u00edv\u00e1 ve stabiln\u00ed pozici na evropsk\u00e9m trhu. Plastov\u00fd syst\u00e9m odkou\u0159en\u00ed\u00a0LIK [&hellip;]\" \/>\n<meta property=\"og:url\" content=\"https:\/\/www.koupeltech.com\/index.php\/produkt\/dokud-zasoby-vydrzi-almeva-spona-s-gumou-dn-60-100-39500\/\" \/>\n<meta property=\"og:image\" content=\"https:\/\/www.koupeltech.com\/wp-content\/uploads\/2026\/SK0020349-CZ20260425-093449-0-1777080896-almeva-spona-s-gumou-dn-60-100.webp\" \/>\n\t<meta property=\"og:image:width\" content=\"1000\" \/>\n\t<meta property=\"og:image:height\" content=\"525\" \/>\n\t<meta property=\"og:image:type\" content=\"image\/webp\" \/>\n<meta name=\"twitter:card\" content=\"summary_large_image\" \/>\n<meta name=\"twitter:label1\" content=\"Odhadovan\u00e1 doba \u010dten\u00ed\" \/>\n\t<meta name=\"twitter:data1\" content=\"1 minuta\" \/>\n<script type=\"application\/ld+json\" class=\"yoast-schema-graph\">{\"@context\":\"https:\/\/schema.org\",\"@graph\":[{\"@type\":\"WebPage\",\"@id\":\"https:\/\/www.koupeltech.com\/index.php\/produkt\/dokud-zasoby-vydrzi-almeva-spona-s-gumou-dn-60-100-39500\/\",\"url\":\"https:\/\/www.koupeltech.com\/index.php\/produkt\/dokud-zasoby-vydrzi-almeva-spona-s-gumou-dn-60-100-39500\/\",\"name\":\"Dokud Z\u00e1soby Vydr\u017e\u00ed ALMEVA Spona s gumou DN 60\/100 -\",\"isPartOf\":{\"@id\":\"https:\/\/www.koupeltech.com\/#website\"},\"primaryImageOfPage\":{\"@id\":\"https:\/\/www.koupeltech.com\/index.php\/produkt\/dokud-zasoby-vydrzi-almeva-spona-s-gumou-dn-60-100-39500\/#primaryimage\"},\"image\":{\"@id\":\"https:\/\/www.koupeltech.com\/index.php\/produkt\/dokud-zasoby-vydrzi-almeva-spona-s-gumou-dn-60-100-39500\/#primaryimage\"},\"thumbnailUrl\":\"https:\/\/www.koupeltech.com\/wp-content\/uploads\/2026\/SK0020349-CZ20260425-093449-0-1777080896-almeva-spona-s-gumou-dn-60-100.webp\",\"datePublished\":\"2026-04-27T14:01:45+00:00\",\"breadcrumb\":{\"@id\":\"https:\/\/www.koupeltech.com\/index.php\/produkt\/dokud-zasoby-vydrzi-almeva-spona-s-gumou-dn-60-100-39500\/#breadcrumb\"},\"inLanguage\":\"cs\",\"potentialAction\":[{\"@type\":\"ReadAction\",\"target\":[\"https:\/\/www.koupeltech.com\/index.php\/produkt\/dokud-zasoby-vydrzi-almeva-spona-s-gumou-dn-60-100-39500\/\"]}]},{\"@type\":\"ImageObject\",\"inLanguage\":\"cs\",\"@id\":\"https:\/\/www.koupeltech.com\/index.php\/produkt\/dokud-zasoby-vydrzi-almeva-spona-s-gumou-dn-60-100-39500\/#primaryimage\",\"url\":\"https:\/\/www.koupeltech.com\/wp-content\/uploads\/2026\/SK0020349-CZ20260425-093449-0-1777080896-almeva-spona-s-gumou-dn-60-100.webp\",\"contentUrl\":\"https:\/\/www.koupeltech.com\/wp-content\/uploads\/2026\/SK0020349-CZ20260425-093449-0-1777080896-almeva-spona-s-gumou-dn-60-100.webp\",\"width\":1000,\"height\":525},{\"@type\":\"BreadcrumbList\",\"@id\":\"https:\/\/www.koupeltech.com\/index.php\/produkt\/dokud-zasoby-vydrzi-almeva-spona-s-gumou-dn-60-100-39500\/#breadcrumb\",\"itemListElement\":[{\"@type\":\"ListItem\",\"position\":1,\"name\":\"Home\",\"item\":\"https:\/\/www.koupeltech.com\/\"},{\"@type\":\"ListItem\",\"position\":2,\"name\":\"Products\",\"item\":\"https:\/\/www.koupeltech.com\/index.php\/products\/\"},{\"@type\":\"ListItem\",\"position\":3,\"name\":\"Dokud Z\u00e1soby Vydr\u017e\u00ed ALMEVA Spona s gumou DN 60\/100\"}]},{\"@type\":\"WebSite\",\"@id\":\"https:\/\/www.koupeltech.com\/#website\",\"url\":\"https:\/\/www.koupeltech.com\/\",\"name\":\"\",\"description\":\"\",\"potentialAction\":[{\"@type\":\"SearchAction\",\"target\":{\"@type\":\"EntryPoint\",\"urlTemplate\":\"https:\/\/www.koupeltech.com\/?s={search_term_string}\"},\"query-input\":{\"@type\":\"PropertyValueSpecification\",\"valueRequired\":true,\"valueName\":\"search_term_string\"}}],\"inLanguage\":\"cs\"}]}<\/script>\n<!-- \/ Yoast SEO plugin. -->","yoast_head_json":{"title":"Dokud Z\u00e1soby Vydr\u017e\u00ed ALMEVA Spona s gumou DN 60\/100 -","robots":{"index":"index","follow":"follow","max-snippet":"max-snippet:-1","max-image-preview":"max-image-preview:large","max-video-preview":"max-video-preview:-1"},"canonical":"https:\/\/www.koupeltech.com\/index.php\/produkt\/dokud-zasoby-vydrzi-almeva-spona-s-gumou-dn-60-100-39500\/","og_locale":"cs_CZ","og_type":"article","og_title":"Dokud Z\u00e1soby Vydr\u017e\u00ed ALMEVA Spona s gumou DN 60\/100 -","og_description":"LIK &#8211; PPH\/PPH V b\u0159eznu 2009 vstoupila na \u010desk\u00fd trh spole\u010dnost Almeva East Europe s.r.o. (d\u00e1le AEE), \u010dlen siln\u00e9 skupiny Almeva AG (se s\u00eddlem ve \u0160v\u00fdcarsku). Dokonal\u00e9 propojen\u00ed \u010cesk\u00e9 v\u00fdroby, kontroly jakosti, obchodu, logistiky, marketingu a poradenstv\u00ed vytvo\u0159ilo ze skupiny Almeva pru\u017en\u00fd celek, jeho\u017e s\u00edla spo\u010d\u00edv\u00e1 ve stabiln\u00ed pozici na evropsk\u00e9m trhu. Plastov\u00fd syst\u00e9m odkou\u0159en\u00ed\u00a0LIK [&hellip;]","og_url":"https:\/\/www.koupeltech.com\/index.php\/produkt\/dokud-zasoby-vydrzi-almeva-spona-s-gumou-dn-60-100-39500\/","og_image":[{"width":1000,"height":525,"url":"https:\/\/www.koupeltech.com\/wp-content\/uploads\/2026\/SK0020349-CZ20260425-093449-0-1777080896-almeva-spona-s-gumou-dn-60-100.webp","type":"image\/webp"}],"twitter_card":"summary_large_image","twitter_misc":{"Odhadovan\u00e1 doba \u010dten\u00ed":"1 minuta"},"schema":{"@context":"https:\/\/schema.org","@graph":[{"@type":"WebPage","@id":"https:\/\/www.koupeltech.com\/index.php\/produkt\/dokud-zasoby-vydrzi-almeva-spona-s-gumou-dn-60-100-39500\/","url":"https:\/\/www.koupeltech.com\/index.php\/produkt\/dokud-zasoby-vydrzi-almeva-spona-s-gumou-dn-60-100-39500\/","name":"Dokud Z\u00e1soby Vydr\u017e\u00ed ALMEVA Spona s gumou DN 60\/100 -","isPartOf":{"@id":"https:\/\/www.koupeltech.com\/#website"},"primaryImageOfPage":{"@id":"https:\/\/www.koupeltech.com\/index.php\/produkt\/dokud-zasoby-vydrzi-almeva-spona-s-gumou-dn-60-100-39500\/#primaryimage"},"image":{"@id":"https:\/\/www.koupeltech.com\/index.php\/produkt\/dokud-zasoby-vydrzi-almeva-spona-s-gumou-dn-60-100-39500\/#primaryimage"},"thumbnailUrl":"https:\/\/www.koupeltech.com\/wp-content\/uploads\/2026\/SK0020349-CZ20260425-093449-0-1777080896-almeva-spona-s-gumou-dn-60-100.webp","datePublished":"2026-04-27T14:01:45+00:00","breadcrumb":{"@id":"https:\/\/www.koupeltech.com\/index.php\/produkt\/dokud-zasoby-vydrzi-almeva-spona-s-gumou-dn-60-100-39500\/#breadcrumb"},"inLanguage":"cs","potentialAction":[{"@type":"ReadAction","target":["https:\/\/www.koupeltech.com\/index.php\/produkt\/dokud-zasoby-vydrzi-almeva-spona-s-gumou-dn-60-100-39500\/"]}]},{"@type":"ImageObject","inLanguage":"cs","@id":"https:\/\/www.koupeltech.com\/index.php\/produkt\/dokud-zasoby-vydrzi-almeva-spona-s-gumou-dn-60-100-39500\/#primaryimage","url":"https:\/\/www.koupeltech.com\/wp-content\/uploads\/2026\/SK0020349-CZ20260425-093449-0-1777080896-almeva-spona-s-gumou-dn-60-100.webp","contentUrl":"https:\/\/www.koupeltech.com\/wp-content\/uploads\/2026\/SK0020349-CZ20260425-093449-0-1777080896-almeva-spona-s-gumou-dn-60-100.webp","width":1000,"height":525},{"@type":"BreadcrumbList","@id":"https:\/\/www.koupeltech.com\/index.php\/produkt\/dokud-zasoby-vydrzi-almeva-spona-s-gumou-dn-60-100-39500\/#breadcrumb","itemListElement":[{"@type":"ListItem","position":1,"name":"Home","item":"https:\/\/www.koupeltech.com\/"},{"@type":"ListItem","position":2,"name":"Products","item":"https:\/\/www.koupeltech.com\/index.php\/products\/"},{"@type":"ListItem","position":3,"name":"Dokud Z\u00e1soby Vydr\u017e\u00ed ALMEVA Spona s gumou DN 60\/100"}]},{"@type":"WebSite","@id":"https:\/\/www.koupeltech.com\/#website","url":"https:\/\/www.koupeltech.com\/","name":"","description":"","potentialAction":[{"@type":"SearchAction","target":{"@type":"EntryPoint","urlTemplate":"https:\/\/www.koupeltech.com\/?s={search_term_string}"},"query-input":{"@type":"PropertyValueSpecification","valueRequired":true,"valueName":"search_term_string"}}],"inLanguage":"cs"}]}},"_links":{"self":[{"href":"https:\/\/www.koupeltech.com\/index.php\/wp-json\/wp\/v2\/product\/39500","targetHints":{"allow":["GET"]}}],"collection":[{"href":"https:\/\/www.koupeltech.com\/index.php\/wp-json\/wp\/v2\/product"}],"about":[{"href":"https:\/\/www.koupeltech.com\/index.php\/wp-json\/wp\/v2\/types\/product"}],"replies":[{"embeddable":true,"href":"https:\/\/www.koupeltech.com\/index.php\/wp-json\/wp\/v2\/comments?post=39500"}],"wp:featuredmedia":[{"embeddable":true,"href":"https:\/\/www.koupeltech.com\/index.php\/wp-json\/wp\/v2\/media\/39600"}],"wp:attachment":[{"href":"https:\/\/www.koupeltech.com\/index.php\/wp-json\/wp\/v2\/media?parent=39500"}],"wp:term":[{"taxonomy":"product_brand","embeddable":true,"href":"https:\/\/www.koupeltech.com\/index.php\/wp-json\/wp\/v2\/product_brand?post=39500"},{"taxonomy":"product_cat","embeddable":true,"href":"https:\/\/www.koupeltech.com\/index.php\/wp-json\/wp\/v2\/product_cat?post=39500"},{"taxonomy":"product_tag","embeddable":true,"href":"https:\/\/www.koupeltech.com\/index.php\/wp-json\/wp\/v2\/product_tag?post=39500"}],"curies":[{"name":"wp","href":"https:\/\/api.w.org\/{rel}","templated":true}]}}