{"id":39501,"date":"2026-04-27T14:01:45","date_gmt":"2026-04-27T14:01:45","guid":{"rendered":""},"modified":"2026-04-27T14:01:45","modified_gmt":"2026-04-27T14:01:45","slug":"geberit-ovladaci-tlacitko-sigma01-chrom-lesk-nejlepsi-volba-39501","status":"publish","type":"product","link":"https:\/\/www.koupeltech.com\/index.php\/produkt\/geberit-ovladaci-tlacitko-sigma01-chrom-lesk-nejlepsi-volba-39501\/","title":{"rendered":"GEBERIT ovl\u00e1dac\u00ed tla\u010d\u00edtko  Sigma01 &#8211; chrom lesk Nejlep\u0161\u00ed Volba"},"content":{"rendered":"<div id=\"e4134594\" class=\"pages\">\n<div>\n<div id=\"PDDescription\" class=\"UserContentView userContent v1a v1 bs-view dcon dc164 PDDescription\" ><dc-con><dc-con><bs-empty><\/bs-empty><\/dc-con><dc-con>        <\/p>\n<div class=\"customDescription\">                    <\/div>\n<p><\/dc-con><dc-con><\/p>\n<p><strong><span style=\"color: #4b4b4b; text-transform: none; text-indent: 0px; letter-spacing: normal; font-family: 'Open Sans', sans-serif; font-size: 14px; font-style: normal; word-spacing: 0px; float: none; display: inline !important; white-space: normal; orphans: 2; widows: 2; background-color: #ffffff; font-variant-ligatures: normal; font-variant-caps: normal; -webkit-text-stroke-width: 0px; text-decoration-style: initial; text-decoration-color: initial;\">Geberit &#8211; Sigma01 ovl\u00e1dac\u00ed tla\u010d\u00edtko<\/span><\/strong><br style=\"color: #4b4b4b; text-transform: none; text-indent: 0px; letter-spacing: normal; font-family: 'Open Sans', sans-serif; font-size: 14px; font-style: normal; font-weight: 400; word-spacing: 0px; white-space: normal; orphans: 2; widows: 2; background-color: #ffffff; font-variant-ligatures: normal; font-variant-caps: normal; -webkit-text-stroke-width: 0px; text-decoration-style: initial; text-decoration-color: initial;\"><span style=\"color: #4b4b4b; text-transform: none; text-indent: 0px; letter-spacing: normal; font-family: 'Open Sans', sans-serif; font-size: 14px; font-style: normal; font-weight: 400; word-spacing: 0px; float: none; display: inline !important; white-space: normal; orphans: 2; widows: 2; background-color: #ffffff; font-variant-ligatures: normal; font-variant-caps: normal; -webkit-text-stroke-width: 0px; text-decoration-style: initial; text-decoration-color: initial;\">\u2022 pro 2 mno\u017estv\u00ed splachov\u00e1n\u00ed<\/span><br style=\"color: #4b4b4b; text-transform: none; text-indent: 0px; letter-spacing: normal; font-family: 'Open Sans', sans-serif; font-size: 14px; font-style: normal; font-weight: 400; word-spacing: 0px; white-space: normal; orphans: 2; widows: 2; background-color: #ffffff; font-variant-ligatures: normal; font-variant-caps: normal; -webkit-text-stroke-width: 0px; text-decoration-style: initial; text-decoration-color: initial;\"><span style=\"color: #4b4b4b; text-transform: none; text-indent: 0px; letter-spacing: normal; font-family: 'Open Sans', sans-serif; font-size: 14px; font-style: normal; font-weight: 400; word-spacing: 0px; float: none; display: inline !important; white-space: normal; orphans: 2; widows: 2; background-color: #ffffff; font-variant-ligatures: normal; font-variant-caps: normal; -webkit-text-stroke-width: 0px; text-decoration-style: initial; text-decoration-color: initial;\">\u2022 materi\u00e1l: plast<\/span><br style=\"color: #4b4b4b; text-transform: none; text-indent: 0px; letter-spacing: normal; font-family: 'Open Sans', sans-serif; font-size: 14px; font-style: normal; font-weight: 400; word-spacing: 0px; white-space: normal; orphans: 2; widows: 2; background-color: #ffffff; font-variant-ligatures: normal; font-variant-caps: normal; -webkit-text-stroke-width: 0px; text-decoration-style: initial; text-decoration-color: initial;\"><span style=\"color: #4b4b4b; text-transform: none; text-indent: 0px; letter-spacing: normal; font-family: 'Open Sans', sans-serif; font-size: 14px; font-style: normal; font-weight: 400; word-spacing: 0px; float: none; display: inline !important; white-space: normal; orphans: 2; widows: 2; background-color: #ffffff; font-variant-ligatures: normal; font-variant-caps: normal; -webkit-text-stroke-width: 0px; text-decoration-style: initial; text-decoration-color: initial;\">\u2022 pro podom\u00edtkov\u00e9 moduly Kombifix a Duofix s\u00a0n\u00e1dr\u017e\u00ed Sigma 12 (UP320)<\/span><br style=\"color: #4b4b4b; text-transform: none; text-indent: 0px; letter-spacing: normal; font-family: 'Open Sans', sans-serif; font-size: 14px; font-style: normal; font-weight: 400; word-spacing: 0px; white-space: normal; orphans: 2; widows: 2; background-color: #ffffff; font-variant-ligatures: normal; font-variant-caps: normal; -webkit-text-stroke-width: 0px; text-decoration-style: initial; text-decoration-color: initial;\"><span style=\"color: #4b4b4b; text-transform: none; text-indent: 0px; letter-spacing: normal; font-family: 'Open Sans', sans-serif; font-size: 14px; font-style: normal; font-weight: 400; word-spacing: 0px; float: none; display: inline !important; white-space: normal; orphans: 2; widows: 2; background-color: #ffffff; font-variant-ligatures: normal; font-variant-caps: normal; -webkit-text-stroke-width: 0px; text-decoration-style: initial; text-decoration-color: initial;\">\u2022 pro ovl\u00e1d\u00e1n\u00ed zep\u0159edu<\/span><br style=\"color: #4b4b4b; text-transform: none; text-indent: 0px; letter-spacing: normal; font-family: 'Open Sans', sans-serif; font-size: 14px; font-style: normal; font-weight: 400; word-spacing: 0px; white-space: normal; orphans: 2; widows: 2; background-color: #ffffff; font-variant-ligatures: normal; font-variant-caps: normal; -webkit-text-stroke-width: 0px; text-decoration-style: initial; text-decoration-color: initial;\"><span style=\"color: #4b4b4b; text-transform: none; text-indent: 0px; letter-spacing: normal; font-family: 'Open Sans', sans-serif; font-size: 14px; font-style: normal; font-weight: 400; word-spacing: 0px; float: none; display: inline !important; white-space: normal; orphans: 2; widows: 2; background-color: #ffffff; font-variant-ligatures: normal; font-variant-caps: normal; -webkit-text-stroke-width: 0px; text-decoration-style: initial; text-decoration-color: initial;\">\u2022 rozm\u011bry 246 x 164 mm<\/span><br style=\"color: #4b4b4b; text-transform: none; text-indent: 0px; letter-spacing: normal; font-family: 'Open Sans', sans-serif; font-size: 14px; font-style: normal; font-weight: 400; word-spacing: 0px; white-space: normal; orphans: 2; widows: 2; background-color: #ffffff; font-variant-ligatures: normal; font-variant-caps: normal; -webkit-text-stroke-width: 0px; text-decoration-style: initial; text-decoration-color: initial;\"><span style=\"color: #4b4b4b; text-transform: none; text-indent: 0px; letter-spacing: normal; font-family: 'Open Sans', sans-serif; font-size: 14px; font-style: normal; font-weight: 400; word-spacing: 0px; float: none; display: inline !important; white-space: normal; orphans: 2; widows: 2; background-color: #ffffff; font-variant-ligatures: normal; font-variant-caps: normal; -webkit-text-stroke-width: 0px; text-decoration-style: initial; text-decoration-color: initial;\">\u2022 vhodn\u00e9 pro kombinaci s\u00a0d\u00e1vkova\u010dem pro WC blok<\/span><\/p>\n<p><\/dc-con><\/dc-con><\/div>\n<\/p><\/div>\n<div id=\"PDTable3\" class=\"ProductDetailTableView v3a v3 bs-view dcon dc185 PDTable3\" >\n<table>\n<thead><\/thead>\n<tbody>\n<tr class=\"attribute attr_bsshop_maker\">\n<td class=\"caption\">V\u00fdrobce<\/td>\n<td class=\"value\">Geberit<\/td>\n<\/tr>\n<tr class=\"weight\">\n<td class=\"caption\"><span>Hmotnost<\/span><\/td>\n<td class=\"value\"><span>0,41 kg<\/span><\/td>\n<\/tr>\n<\/tbody>\n<\/table>\n<\/div>\n<\/div>\n<div id=\"e4134595\" class=\"tabs\">\n","protected":false},"excerpt":{"rendered":"<p>Geberit &#8211; Sigma01 ovl\u00e1dac\u00ed tla\u010d\u00edtko\u2022 pro 2 mno\u017estv\u00ed splachov\u00e1n\u00ed\u2022 materi\u00e1l: plast\u2022 pro podom\u00edtkov\u00e9 moduly Kombifix a Duofix s\u00a0n\u00e1dr\u017e\u00ed Sigma 12 (UP320)\u2022 pro ovl\u00e1d\u00e1n\u00ed zep\u0159edu\u2022 rozm\u011bry 246 x 164 mm\u2022 vhodn\u00e9 pro kombinaci s\u00a0d\u00e1vkova\u010dem pro WC blok V\u00fdrobce Geberit Hmotnost 0,41 kg<\/p>\n","protected":false},"featured_media":39601,"comment_status":"open","ping_status":"open","template":"","meta":[],"product_brand":[],"product_cat":[94],"product_tag":[],"class_list":{"0":"post-39501","1":"product","2":"type-product","3":"status-publish","4":"has-post-thumbnail","6":"product_cat-vybaven-237-koupelny","8":"first","9":"instock","10":"sale","11":"shipping-taxable","12":"purchasable","13":"product-type-simple"},"yoast_head":"<!-- This site is optimized with the Yoast SEO plugin v26.8 - https:\/\/yoast.com\/product\/yoast-seo-wordpress\/ -->\n<title>GEBERIT ovl\u00e1dac\u00ed tla\u010d\u00edtko Sigma01 - chrom lesk Nejlep\u0161\u00ed Volba -<\/title>\n<meta name=\"robots\" content=\"index, follow, max-snippet:-1, max-image-preview:large, max-video-preview:-1\" \/>\n<link rel=\"canonical\" href=\"https:\/\/www.koupeltech.com\/index.php\/produkt\/geberit-ovladaci-tlacitko-sigma01-chrom-lesk-nejlepsi-volba-39501\/\" \/>\n<meta property=\"og:locale\" content=\"cs_CZ\" \/>\n<meta property=\"og:type\" content=\"article\" \/>\n<meta property=\"og:title\" content=\"GEBERIT ovl\u00e1dac\u00ed tla\u010d\u00edtko Sigma01 - chrom lesk Nejlep\u0161\u00ed Volba -\" \/>\n<meta property=\"og:description\" content=\"Geberit &#8211; Sigma01 ovl\u00e1dac\u00ed tla\u010d\u00edtko\u2022 pro 2 mno\u017estv\u00ed splachov\u00e1n\u00ed\u2022 materi\u00e1l: plast\u2022 pro podom\u00edtkov\u00e9 moduly Kombifix a Duofix s\u00a0n\u00e1dr\u017e\u00ed Sigma 12 (UP320)\u2022 pro ovl\u00e1d\u00e1n\u00ed zep\u0159edu\u2022 rozm\u011bry 246 x 164 mm\u2022 vhodn\u00e9 pro kombinaci s\u00a0d\u00e1vkova\u010dem pro WC blok V\u00fdrobce Geberit Hmotnost 0,41 kg\" \/>\n<meta property=\"og:url\" content=\"https:\/\/www.koupeltech.com\/index.php\/produkt\/geberit-ovladaci-tlacitko-sigma01-chrom-lesk-nejlepsi-volba-39501\/\" \/>\n<meta property=\"og:image\" content=\"https:\/\/www.koupeltech.com\/wp-content\/uploads\/2026\/SK0020350-CZ20260425-093449-0-1777080896-geberit-ovladaci-tlacitko-sigma01-chrom-lesk.webp\" \/>\n\t<meta property=\"og:image:width\" content=\"1000\" \/>\n\t<meta property=\"og:image:height\" content=\"525\" \/>\n\t<meta property=\"og:image:type\" content=\"image\/webp\" \/>\n<meta name=\"twitter:card\" content=\"summary_large_image\" \/>\n<script type=\"application\/ld+json\" class=\"yoast-schema-graph\">{\"@context\":\"https:\/\/schema.org\",\"@graph\":[{\"@type\":\"WebPage\",\"@id\":\"https:\/\/www.koupeltech.com\/index.php\/produkt\/geberit-ovladaci-tlacitko-sigma01-chrom-lesk-nejlepsi-volba-39501\/\",\"url\":\"https:\/\/www.koupeltech.com\/index.php\/produkt\/geberit-ovladaci-tlacitko-sigma01-chrom-lesk-nejlepsi-volba-39501\/\",\"name\":\"GEBERIT ovl\u00e1dac\u00ed tla\u010d\u00edtko Sigma01 - chrom lesk Nejlep\u0161\u00ed Volba -\",\"isPartOf\":{\"@id\":\"https:\/\/www.koupeltech.com\/#website\"},\"primaryImageOfPage\":{\"@id\":\"https:\/\/www.koupeltech.com\/index.php\/produkt\/geberit-ovladaci-tlacitko-sigma01-chrom-lesk-nejlepsi-volba-39501\/#primaryimage\"},\"image\":{\"@id\":\"https:\/\/www.koupeltech.com\/index.php\/produkt\/geberit-ovladaci-tlacitko-sigma01-chrom-lesk-nejlepsi-volba-39501\/#primaryimage\"},\"thumbnailUrl\":\"https:\/\/www.koupeltech.com\/wp-content\/uploads\/2026\/SK0020350-CZ20260425-093449-0-1777080896-geberit-ovladaci-tlacitko-sigma01-chrom-lesk.webp\",\"datePublished\":\"2026-04-27T14:01:45+00:00\",\"breadcrumb\":{\"@id\":\"https:\/\/www.koupeltech.com\/index.php\/produkt\/geberit-ovladaci-tlacitko-sigma01-chrom-lesk-nejlepsi-volba-39501\/#breadcrumb\"},\"inLanguage\":\"cs\",\"potentialAction\":[{\"@type\":\"ReadAction\",\"target\":[\"https:\/\/www.koupeltech.com\/index.php\/produkt\/geberit-ovladaci-tlacitko-sigma01-chrom-lesk-nejlepsi-volba-39501\/\"]}]},{\"@type\":\"ImageObject\",\"inLanguage\":\"cs\",\"@id\":\"https:\/\/www.koupeltech.com\/index.php\/produkt\/geberit-ovladaci-tlacitko-sigma01-chrom-lesk-nejlepsi-volba-39501\/#primaryimage\",\"url\":\"https:\/\/www.koupeltech.com\/wp-content\/uploads\/2026\/SK0020350-CZ20260425-093449-0-1777080896-geberit-ovladaci-tlacitko-sigma01-chrom-lesk.webp\",\"contentUrl\":\"https:\/\/www.koupeltech.com\/wp-content\/uploads\/2026\/SK0020350-CZ20260425-093449-0-1777080896-geberit-ovladaci-tlacitko-sigma01-chrom-lesk.webp\",\"width\":1000,\"height\":525},{\"@type\":\"BreadcrumbList\",\"@id\":\"https:\/\/www.koupeltech.com\/index.php\/produkt\/geberit-ovladaci-tlacitko-sigma01-chrom-lesk-nejlepsi-volba-39501\/#breadcrumb\",\"itemListElement\":[{\"@type\":\"ListItem\",\"position\":1,\"name\":\"Home\",\"item\":\"https:\/\/www.koupeltech.com\/\"},{\"@type\":\"ListItem\",\"position\":2,\"name\":\"Products\",\"item\":\"https:\/\/www.koupeltech.com\/index.php\/products\/\"},{\"@type\":\"ListItem\",\"position\":3,\"name\":\"GEBERIT ovl\u00e1dac\u00ed tla\u010d\u00edtko Sigma01 &#8211; chrom lesk Nejlep\u0161\u00ed Volba\"}]},{\"@type\":\"WebSite\",\"@id\":\"https:\/\/www.koupeltech.com\/#website\",\"url\":\"https:\/\/www.koupeltech.com\/\",\"name\":\"\",\"description\":\"\",\"potentialAction\":[{\"@type\":\"SearchAction\",\"target\":{\"@type\":\"EntryPoint\",\"urlTemplate\":\"https:\/\/www.koupeltech.com\/?s={search_term_string}\"},\"query-input\":{\"@type\":\"PropertyValueSpecification\",\"valueRequired\":true,\"valueName\":\"search_term_string\"}}],\"inLanguage\":\"cs\"}]}<\/script>\n<!-- \/ Yoast SEO plugin. -->","yoast_head_json":{"title":"GEBERIT ovl\u00e1dac\u00ed tla\u010d\u00edtko Sigma01 - chrom lesk Nejlep\u0161\u00ed Volba -","robots":{"index":"index","follow":"follow","max-snippet":"max-snippet:-1","max-image-preview":"max-image-preview:large","max-video-preview":"max-video-preview:-1"},"canonical":"https:\/\/www.koupeltech.com\/index.php\/produkt\/geberit-ovladaci-tlacitko-sigma01-chrom-lesk-nejlepsi-volba-39501\/","og_locale":"cs_CZ","og_type":"article","og_title":"GEBERIT ovl\u00e1dac\u00ed tla\u010d\u00edtko Sigma01 - chrom lesk Nejlep\u0161\u00ed Volba -","og_description":"Geberit &#8211; Sigma01 ovl\u00e1dac\u00ed tla\u010d\u00edtko\u2022 pro 2 mno\u017estv\u00ed splachov\u00e1n\u00ed\u2022 materi\u00e1l: plast\u2022 pro podom\u00edtkov\u00e9 moduly Kombifix a Duofix s\u00a0n\u00e1dr\u017e\u00ed Sigma 12 (UP320)\u2022 pro ovl\u00e1d\u00e1n\u00ed zep\u0159edu\u2022 rozm\u011bry 246 x 164 mm\u2022 vhodn\u00e9 pro kombinaci s\u00a0d\u00e1vkova\u010dem pro WC blok V\u00fdrobce Geberit Hmotnost 0,41 kg","og_url":"https:\/\/www.koupeltech.com\/index.php\/produkt\/geberit-ovladaci-tlacitko-sigma01-chrom-lesk-nejlepsi-volba-39501\/","og_image":[{"width":1000,"height":525,"url":"https:\/\/www.koupeltech.com\/wp-content\/uploads\/2026\/SK0020350-CZ20260425-093449-0-1777080896-geberit-ovladaci-tlacitko-sigma01-chrom-lesk.webp","type":"image\/webp"}],"twitter_card":"summary_large_image","schema":{"@context":"https:\/\/schema.org","@graph":[{"@type":"WebPage","@id":"https:\/\/www.koupeltech.com\/index.php\/produkt\/geberit-ovladaci-tlacitko-sigma01-chrom-lesk-nejlepsi-volba-39501\/","url":"https:\/\/www.koupeltech.com\/index.php\/produkt\/geberit-ovladaci-tlacitko-sigma01-chrom-lesk-nejlepsi-volba-39501\/","name":"GEBERIT ovl\u00e1dac\u00ed tla\u010d\u00edtko Sigma01 - chrom lesk Nejlep\u0161\u00ed Volba -","isPartOf":{"@id":"https:\/\/www.koupeltech.com\/#website"},"primaryImageOfPage":{"@id":"https:\/\/www.koupeltech.com\/index.php\/produkt\/geberit-ovladaci-tlacitko-sigma01-chrom-lesk-nejlepsi-volba-39501\/#primaryimage"},"image":{"@id":"https:\/\/www.koupeltech.com\/index.php\/produkt\/geberit-ovladaci-tlacitko-sigma01-chrom-lesk-nejlepsi-volba-39501\/#primaryimage"},"thumbnailUrl":"https:\/\/www.koupeltech.com\/wp-content\/uploads\/2026\/SK0020350-CZ20260425-093449-0-1777080896-geberit-ovladaci-tlacitko-sigma01-chrom-lesk.webp","datePublished":"2026-04-27T14:01:45+00:00","breadcrumb":{"@id":"https:\/\/www.koupeltech.com\/index.php\/produkt\/geberit-ovladaci-tlacitko-sigma01-chrom-lesk-nejlepsi-volba-39501\/#breadcrumb"},"inLanguage":"cs","potentialAction":[{"@type":"ReadAction","target":["https:\/\/www.koupeltech.com\/index.php\/produkt\/geberit-ovladaci-tlacitko-sigma01-chrom-lesk-nejlepsi-volba-39501\/"]}]},{"@type":"ImageObject","inLanguage":"cs","@id":"https:\/\/www.koupeltech.com\/index.php\/produkt\/geberit-ovladaci-tlacitko-sigma01-chrom-lesk-nejlepsi-volba-39501\/#primaryimage","url":"https:\/\/www.koupeltech.com\/wp-content\/uploads\/2026\/SK0020350-CZ20260425-093449-0-1777080896-geberit-ovladaci-tlacitko-sigma01-chrom-lesk.webp","contentUrl":"https:\/\/www.koupeltech.com\/wp-content\/uploads\/2026\/SK0020350-CZ20260425-093449-0-1777080896-geberit-ovladaci-tlacitko-sigma01-chrom-lesk.webp","width":1000,"height":525},{"@type":"BreadcrumbList","@id":"https:\/\/www.koupeltech.com\/index.php\/produkt\/geberit-ovladaci-tlacitko-sigma01-chrom-lesk-nejlepsi-volba-39501\/#breadcrumb","itemListElement":[{"@type":"ListItem","position":1,"name":"Home","item":"https:\/\/www.koupeltech.com\/"},{"@type":"ListItem","position":2,"name":"Products","item":"https:\/\/www.koupeltech.com\/index.php\/products\/"},{"@type":"ListItem","position":3,"name":"GEBERIT ovl\u00e1dac\u00ed tla\u010d\u00edtko Sigma01 &#8211; chrom lesk Nejlep\u0161\u00ed Volba"}]},{"@type":"WebSite","@id":"https:\/\/www.koupeltech.com\/#website","url":"https:\/\/www.koupeltech.com\/","name":"","description":"","potentialAction":[{"@type":"SearchAction","target":{"@type":"EntryPoint","urlTemplate":"https:\/\/www.koupeltech.com\/?s={search_term_string}"},"query-input":{"@type":"PropertyValueSpecification","valueRequired":true,"valueName":"search_term_string"}}],"inLanguage":"cs"}]}},"_links":{"self":[{"href":"https:\/\/www.koupeltech.com\/index.php\/wp-json\/wp\/v2\/product\/39501","targetHints":{"allow":["GET"]}}],"collection":[{"href":"https:\/\/www.koupeltech.com\/index.php\/wp-json\/wp\/v2\/product"}],"about":[{"href":"https:\/\/www.koupeltech.com\/index.php\/wp-json\/wp\/v2\/types\/product"}],"replies":[{"embeddable":true,"href":"https:\/\/www.koupeltech.com\/index.php\/wp-json\/wp\/v2\/comments?post=39501"}],"wp:featuredmedia":[{"embeddable":true,"href":"https:\/\/www.koupeltech.com\/index.php\/wp-json\/wp\/v2\/media\/39601"}],"wp:attachment":[{"href":"https:\/\/www.koupeltech.com\/index.php\/wp-json\/wp\/v2\/media?parent=39501"}],"wp:term":[{"taxonomy":"product_brand","embeddable":true,"href":"https:\/\/www.koupeltech.com\/index.php\/wp-json\/wp\/v2\/product_brand?post=39501"},{"taxonomy":"product_cat","embeddable":true,"href":"https:\/\/www.koupeltech.com\/index.php\/wp-json\/wp\/v2\/product_cat?post=39501"},{"taxonomy":"product_tag","embeddable":true,"href":"https:\/\/www.koupeltech.com\/index.php\/wp-json\/wp\/v2\/product_tag?post=39501"}],"curies":[{"name":"wp","href":"https:\/\/api.w.org\/{rel}","templated":true}]}}