{"id":39503,"date":"2026-04-27T14:01:45","date_gmt":"2026-04-27T14:01:45","guid":{"rendered":""},"modified":"2026-04-27T14:01:45","modified_gmt":"2026-04-27T14:01:45","slug":"objednat-nyni-novaservis-drezova-baterie-s-flexi-ramenem-matova-chrom-70710-0m-39503","status":"publish","type":"product","link":"https:\/\/www.koupeltech.com\/index.php\/produkt\/objednat-nyni-novaservis-drezova-baterie-s-flexi-ramenem-matova-chrom-70710-0m-39503\/","title":{"rendered":"Objednat Nyn\u00ed NOVASERVIS D\u0159ezov\u00e1 baterie s flexi ramenem, m\u00e1tov\u00e1-chrom, 70710,0M"},"content":{"rendered":"<div id=\"e4135180\" class=\"pages\">\n<div>\n<div id=\"PDDescription\" class=\"UserContentView userContent v1a v1 bs-view dcon dc164 PDDescription\" ><dc-con><dc-con><bs-empty><\/bs-empty><\/dc-con><dc-con>        <\/p>\n<div class=\"customDescription\">                    <\/div>\n<p><\/dc-con><dc-con><\/p>\n<p>Ud\u011blejte z\u00a0va\u0161\u00ed kuchyn\u011b v\u00e1\u0161 obl\u00edben\u00fd prostor. Praktick\u00e1 a\u00a0modern\u00ed d\u0159ezov\u00e1 baterie s\u00a0elastick\u00fdm (flexibiln\u00edm)\u00a0ramenem bude va\u0161\u00edm obl\u00edben\u00fdm pomocn\u00edkem v\u00a0kuchyni. Oslov\u00ed v\u00e1s svou n\u00e1paditost\u00ed a\u00a0uk\u00e1\u017ee v\u00e1m, \u017ee i\u00a0vodovodn\u00ed baterie m\u016f\u017ee b\u00fdt vkusn\u00fdm dopl\u0148kem va\u0161eho interi\u00e9ru. Sta\u010d\u00ed kdy\u017e si nastav\u00edte rameno do v\u00e1mi po\u017eadovan\u00e9 polohy a\u00a0pust\u00edte vodu, u\u017e ho nemus\u00edte dr\u017eet jako u\u00a0jin\u00fdch teleskopick\u00fdch d\u0159ezov\u00fdch bateri\u00ed.\u00a0Sta\u010d\u00ed si vybrat z\u00a0dal\u0161\u00edch 9 barevn\u00fdch proveden\u00ed.<\/p>\n<p>\u00a0<\/p>\n<p>Kvalitn\u00ed a\u00a0odoln\u00e1 keramick\u00e1 kartu\u0161e 35 mm.<\/p>\n<p>Prvot\u0159\u00eddn\u00ed povrchov\u00e1 \u00faprava a\u00a0chrom.<\/p>\n<p>Stoj\u00e1nkov\u00e1 d\u0159ezov\u00e1 baterie s\u00a0FLEXI ramenem.<\/p>\n<p>Sou\u010d\u00e1st\u00ed baterie jsou p\u0159\u00edvodn\u00ed hadi\u010dky.<\/p>\n<p>\u00a0<\/p>\n<p><\/dc-con><\/dc-con><\/div>\n<\/p><\/div>\n<div id=\"PDTable3\" class=\"ProductDetailTableView v3a v3 bs-view dcon dc185 PDTable3\" >\n<table>\n<thead><\/thead>\n<tbody>\n<tr class=\"attribute attr_ovladani\">\n<td class=\"caption\">Ovl\u00e1d\u00e1n\u00ed<\/td>\n<td class=\"value\">P\u00e1kov\u00e9<\/td>\n<\/tr>\n<tr class=\"attribute attr_typ\">\n<td class=\"caption\">Typ<\/td>\n<td class=\"value\">Stoj\u00e1nkov\u00e9 baterie<\/td>\n<\/tr>\n<tr class=\"attribute attr_pouziti\">\n<td class=\"caption\">Pou\u017eit\u00ed<\/td>\n<td class=\"value\">Umyvadlov\u00e9\/ D\u0159ezov\u00e9 baterie<\/td>\n<\/tr>\n<tr class=\"attribute attr_bsshop_maker\">\n<td class=\"caption\">V\u00fdrobce<\/td>\n<td class=\"value\">Novaservis<\/td>\n<\/tr>\n<tr class=\"weight\">\n<td class=\"caption\"><span>Hmotnost<\/span><\/td>\n<td class=\"value\"><span>1,55 kg<\/span><\/td>\n<\/tr>\n<\/tbody>\n<\/table>\n<\/div>\n<div id=\"ProductMedia\" class=\"ProductMediaView MediaViewBase v1a v1 bs-view dcon dc409 ProductMedia\" ><bs-empty><\/bs-empty><\/p>\n<div class=\"files\">\n<div class=\"title sub\">Soubory<\/div>\n<p><a href=\"\/media\/5526\/pov-1490117.pdf?&amp;key=ZGpmIyQwNUZfNTUyNg==\" class=\"pdf\">POV 1490117.pdf<\/a><a href=\"\/media\/5527\/70710.jpg?&amp;key=ZGpmIyQwNUZfNTUyNw==\" class=\"jpg\">70710.jpg<\/a><a href=\"\/media\/10036\/202-c5-2020-b-02256-20.pdf?&amp;key=ZGpmIyQwNUZfMTAwMzY=\" class=\"pdf\">202_C5_2020_B-02256-20.pdf<\/a><\/div>\n<p><bs-empty><\/bs-empty><\/div>\n<div id=\"PdProductGpsr\" class=\"ProductGpsrView v1a v1 bs-view dcon dc217 PdProductGpsr\" >\n<div class=\"subject\"><dc-root class=\"dcon dc219\"><span class=\"title\">Zodpov\u011bdn&#253; subjekt:<\/span><dc-con><dc-con><span class=\"company\">NOVASERVIS spol. s r.o.<\/span><span class=\"name\">Novaservis<\/span><\/dc-con><dc-con><span class=\"street\">Dru\u017estevn&#237; 5<\/span><span class=\"city\">Znojmo<\/span><span class=\"zip\">669 02<\/span><span class=\"country\">\u010cesko<\/span><\/dc-con><span class=\"email\">shop@novaservis.cz<\/span><span class=\"phone\">515 282 111 <\/span><bs-empty><\/bs-empty><a href=\"https:\/\/www.novaservis.cz\/kontakt\/\" class=\"link\" target=\"_blank\">https:\/\/www.novaservis.cz\/kontakt\/<\/a><\/dc-con><bs-empty><\/bs-empty><\/dc-root><\/div>\n<p><bs-empty><\/bs-empty><\/div>\n<\/div>\n<div id=\"e4135181\" class=\"tabs\">\n","protected":false},"excerpt":{"rendered":"<p>Ud\u011blejte z\u00a0va\u0161\u00ed kuchyn\u011b v\u00e1\u0161 obl\u00edben\u00fd prostor. Praktick\u00e1 a\u00a0modern\u00ed d\u0159ezov\u00e1 baterie s\u00a0elastick\u00fdm (flexibiln\u00edm)\u00a0ramenem bude va\u0161\u00edm obl\u00edben\u00fdm pomocn\u00edkem v\u00a0kuchyni. Oslov\u00ed v\u00e1s svou n\u00e1paditost\u00ed a\u00a0uk\u00e1\u017ee v\u00e1m, \u017ee i\u00a0vodovodn\u00ed baterie m\u016f\u017ee b\u00fdt vkusn\u00fdm dopl\u0148kem va\u0161eho interi\u00e9ru. Sta\u010d\u00ed kdy\u017e si nastav\u00edte rameno do v\u00e1mi po\u017eadovan\u00e9 polohy a\u00a0pust\u00edte vodu, u\u017e ho nemus\u00edte dr\u017eet jako u\u00a0jin\u00fdch teleskopick\u00fdch d\u0159ezov\u00fdch bateri\u00ed.\u00a0Sta\u010d\u00ed si vybrat z\u00a0dal\u0161\u00edch [&hellip;]<\/p>\n","protected":false},"featured_media":39603,"comment_status":"open","ping_status":"open","template":"","meta":[],"product_brand":[],"product_cat":[94],"product_tag":[],"class_list":{"0":"post-39503","1":"product","2":"type-product","3":"status-publish","4":"has-post-thumbnail","6":"product_cat-vybaven-237-koupelny","8":"first","9":"instock","10":"sale","11":"shipping-taxable","12":"purchasable","13":"product-type-simple"},"yoast_head":"<!-- This site is optimized with the Yoast SEO plugin v26.8 - https:\/\/yoast.com\/product\/yoast-seo-wordpress\/ -->\n<title>Objednat Nyn\u00ed NOVASERVIS D\u0159ezov\u00e1 baterie s flexi ramenem, m\u00e1tov\u00e1-chrom, 70710,0M -<\/title>\n<meta name=\"robots\" content=\"index, follow, max-snippet:-1, max-image-preview:large, max-video-preview:-1\" \/>\n<link rel=\"canonical\" href=\"https:\/\/www.koupeltech.com\/index.php\/produkt\/objednat-nyni-novaservis-drezova-baterie-s-flexi-ramenem-matova-chrom-70710-0m-39503\/\" \/>\n<meta property=\"og:locale\" content=\"cs_CZ\" \/>\n<meta property=\"og:type\" content=\"article\" \/>\n<meta property=\"og:title\" content=\"Objednat Nyn\u00ed NOVASERVIS D\u0159ezov\u00e1 baterie s flexi ramenem, m\u00e1tov\u00e1-chrom, 70710,0M -\" \/>\n<meta property=\"og:description\" content=\"Ud\u011blejte z\u00a0va\u0161\u00ed kuchyn\u011b v\u00e1\u0161 obl\u00edben\u00fd prostor. Praktick\u00e1 a\u00a0modern\u00ed d\u0159ezov\u00e1 baterie s\u00a0elastick\u00fdm (flexibiln\u00edm)\u00a0ramenem bude va\u0161\u00edm obl\u00edben\u00fdm pomocn\u00edkem v\u00a0kuchyni. Oslov\u00ed v\u00e1s svou n\u00e1paditost\u00ed a\u00a0uk\u00e1\u017ee v\u00e1m, \u017ee i\u00a0vodovodn\u00ed baterie m\u016f\u017ee b\u00fdt vkusn\u00fdm dopl\u0148kem va\u0161eho interi\u00e9ru. Sta\u010d\u00ed kdy\u017e si nastav\u00edte rameno do v\u00e1mi po\u017eadovan\u00e9 polohy a\u00a0pust\u00edte vodu, u\u017e ho nemus\u00edte dr\u017eet jako u\u00a0jin\u00fdch teleskopick\u00fdch d\u0159ezov\u00fdch bateri\u00ed.\u00a0Sta\u010d\u00ed si vybrat z\u00a0dal\u0161\u00edch [&hellip;]\" \/>\n<meta property=\"og:url\" content=\"https:\/\/www.koupeltech.com\/index.php\/produkt\/objednat-nyni-novaservis-drezova-baterie-s-flexi-ramenem-matova-chrom-70710-0m-39503\/\" \/>\n<meta property=\"og:image\" content=\"https:\/\/www.koupeltech.com\/wp-content\/uploads\/2026\/SK0020352-CZ20260425-093449-0-1777080896-novaservis-drezova-baterie-s-flexi-ramenem-matova-chrom-707.webp\" \/>\n\t<meta property=\"og:image:width\" content=\"1000\" \/>\n\t<meta property=\"og:image:height\" content=\"525\" \/>\n\t<meta property=\"og:image:type\" content=\"image\/webp\" \/>\n<meta name=\"twitter:card\" content=\"summary_large_image\" \/>\n<meta name=\"twitter:label1\" content=\"Odhadovan\u00e1 doba \u010dten\u00ed\" \/>\n\t<meta name=\"twitter:data1\" content=\"1 minuta\" \/>\n<script type=\"application\/ld+json\" class=\"yoast-schema-graph\">{\"@context\":\"https:\/\/schema.org\",\"@graph\":[{\"@type\":\"WebPage\",\"@id\":\"https:\/\/www.koupeltech.com\/index.php\/produkt\/objednat-nyni-novaservis-drezova-baterie-s-flexi-ramenem-matova-chrom-70710-0m-39503\/\",\"url\":\"https:\/\/www.koupeltech.com\/index.php\/produkt\/objednat-nyni-novaservis-drezova-baterie-s-flexi-ramenem-matova-chrom-70710-0m-39503\/\",\"name\":\"Objednat Nyn\u00ed NOVASERVIS D\u0159ezov\u00e1 baterie s flexi ramenem, m\u00e1tov\u00e1-chrom, 70710,0M -\",\"isPartOf\":{\"@id\":\"https:\/\/www.koupeltech.com\/#website\"},\"primaryImageOfPage\":{\"@id\":\"https:\/\/www.koupeltech.com\/index.php\/produkt\/objednat-nyni-novaservis-drezova-baterie-s-flexi-ramenem-matova-chrom-70710-0m-39503\/#primaryimage\"},\"image\":{\"@id\":\"https:\/\/www.koupeltech.com\/index.php\/produkt\/objednat-nyni-novaservis-drezova-baterie-s-flexi-ramenem-matova-chrom-70710-0m-39503\/#primaryimage\"},\"thumbnailUrl\":\"https:\/\/www.koupeltech.com\/wp-content\/uploads\/2026\/SK0020352-CZ20260425-093449-0-1777080896-novaservis-drezova-baterie-s-flexi-ramenem-matova-chrom-707.webp\",\"datePublished\":\"2026-04-27T14:01:45+00:00\",\"breadcrumb\":{\"@id\":\"https:\/\/www.koupeltech.com\/index.php\/produkt\/objednat-nyni-novaservis-drezova-baterie-s-flexi-ramenem-matova-chrom-70710-0m-39503\/#breadcrumb\"},\"inLanguage\":\"cs\",\"potentialAction\":[{\"@type\":\"ReadAction\",\"target\":[\"https:\/\/www.koupeltech.com\/index.php\/produkt\/objednat-nyni-novaservis-drezova-baterie-s-flexi-ramenem-matova-chrom-70710-0m-39503\/\"]}]},{\"@type\":\"ImageObject\",\"inLanguage\":\"cs\",\"@id\":\"https:\/\/www.koupeltech.com\/index.php\/produkt\/objednat-nyni-novaservis-drezova-baterie-s-flexi-ramenem-matova-chrom-70710-0m-39503\/#primaryimage\",\"url\":\"https:\/\/www.koupeltech.com\/wp-content\/uploads\/2026\/SK0020352-CZ20260425-093449-0-1777080896-novaservis-drezova-baterie-s-flexi-ramenem-matova-chrom-707.webp\",\"contentUrl\":\"https:\/\/www.koupeltech.com\/wp-content\/uploads\/2026\/SK0020352-CZ20260425-093449-0-1777080896-novaservis-drezova-baterie-s-flexi-ramenem-matova-chrom-707.webp\",\"width\":1000,\"height\":525},{\"@type\":\"BreadcrumbList\",\"@id\":\"https:\/\/www.koupeltech.com\/index.php\/produkt\/objednat-nyni-novaservis-drezova-baterie-s-flexi-ramenem-matova-chrom-70710-0m-39503\/#breadcrumb\",\"itemListElement\":[{\"@type\":\"ListItem\",\"position\":1,\"name\":\"Home\",\"item\":\"https:\/\/www.koupeltech.com\/\"},{\"@type\":\"ListItem\",\"position\":2,\"name\":\"Products\",\"item\":\"https:\/\/www.koupeltech.com\/index.php\/products\/\"},{\"@type\":\"ListItem\",\"position\":3,\"name\":\"Objednat Nyn\u00ed NOVASERVIS D\u0159ezov\u00e1 baterie s flexi ramenem, m\u00e1tov\u00e1-chrom, 70710,0M\"}]},{\"@type\":\"WebSite\",\"@id\":\"https:\/\/www.koupeltech.com\/#website\",\"url\":\"https:\/\/www.koupeltech.com\/\",\"name\":\"\",\"description\":\"\",\"potentialAction\":[{\"@type\":\"SearchAction\",\"target\":{\"@type\":\"EntryPoint\",\"urlTemplate\":\"https:\/\/www.koupeltech.com\/?s={search_term_string}\"},\"query-input\":{\"@type\":\"PropertyValueSpecification\",\"valueRequired\":true,\"valueName\":\"search_term_string\"}}],\"inLanguage\":\"cs\"}]}<\/script>\n<!-- \/ Yoast SEO plugin. -->","yoast_head_json":{"title":"Objednat Nyn\u00ed NOVASERVIS D\u0159ezov\u00e1 baterie s flexi ramenem, m\u00e1tov\u00e1-chrom, 70710,0M -","robots":{"index":"index","follow":"follow","max-snippet":"max-snippet:-1","max-image-preview":"max-image-preview:large","max-video-preview":"max-video-preview:-1"},"canonical":"https:\/\/www.koupeltech.com\/index.php\/produkt\/objednat-nyni-novaservis-drezova-baterie-s-flexi-ramenem-matova-chrom-70710-0m-39503\/","og_locale":"cs_CZ","og_type":"article","og_title":"Objednat Nyn\u00ed NOVASERVIS D\u0159ezov\u00e1 baterie s flexi ramenem, m\u00e1tov\u00e1-chrom, 70710,0M -","og_description":"Ud\u011blejte z\u00a0va\u0161\u00ed kuchyn\u011b v\u00e1\u0161 obl\u00edben\u00fd prostor. Praktick\u00e1 a\u00a0modern\u00ed d\u0159ezov\u00e1 baterie s\u00a0elastick\u00fdm (flexibiln\u00edm)\u00a0ramenem bude va\u0161\u00edm obl\u00edben\u00fdm pomocn\u00edkem v\u00a0kuchyni. Oslov\u00ed v\u00e1s svou n\u00e1paditost\u00ed a\u00a0uk\u00e1\u017ee v\u00e1m, \u017ee i\u00a0vodovodn\u00ed baterie m\u016f\u017ee b\u00fdt vkusn\u00fdm dopl\u0148kem va\u0161eho interi\u00e9ru. Sta\u010d\u00ed kdy\u017e si nastav\u00edte rameno do v\u00e1mi po\u017eadovan\u00e9 polohy a\u00a0pust\u00edte vodu, u\u017e ho nemus\u00edte dr\u017eet jako u\u00a0jin\u00fdch teleskopick\u00fdch d\u0159ezov\u00fdch bateri\u00ed.\u00a0Sta\u010d\u00ed si vybrat z\u00a0dal\u0161\u00edch [&hellip;]","og_url":"https:\/\/www.koupeltech.com\/index.php\/produkt\/objednat-nyni-novaservis-drezova-baterie-s-flexi-ramenem-matova-chrom-70710-0m-39503\/","og_image":[{"width":1000,"height":525,"url":"https:\/\/www.koupeltech.com\/wp-content\/uploads\/2026\/SK0020352-CZ20260425-093449-0-1777080896-novaservis-drezova-baterie-s-flexi-ramenem-matova-chrom-707.webp","type":"image\/webp"}],"twitter_card":"summary_large_image","twitter_misc":{"Odhadovan\u00e1 doba \u010dten\u00ed":"1 minuta"},"schema":{"@context":"https:\/\/schema.org","@graph":[{"@type":"WebPage","@id":"https:\/\/www.koupeltech.com\/index.php\/produkt\/objednat-nyni-novaservis-drezova-baterie-s-flexi-ramenem-matova-chrom-70710-0m-39503\/","url":"https:\/\/www.koupeltech.com\/index.php\/produkt\/objednat-nyni-novaservis-drezova-baterie-s-flexi-ramenem-matova-chrom-70710-0m-39503\/","name":"Objednat Nyn\u00ed NOVASERVIS D\u0159ezov\u00e1 baterie s flexi ramenem, m\u00e1tov\u00e1-chrom, 70710,0M -","isPartOf":{"@id":"https:\/\/www.koupeltech.com\/#website"},"primaryImageOfPage":{"@id":"https:\/\/www.koupeltech.com\/index.php\/produkt\/objednat-nyni-novaservis-drezova-baterie-s-flexi-ramenem-matova-chrom-70710-0m-39503\/#primaryimage"},"image":{"@id":"https:\/\/www.koupeltech.com\/index.php\/produkt\/objednat-nyni-novaservis-drezova-baterie-s-flexi-ramenem-matova-chrom-70710-0m-39503\/#primaryimage"},"thumbnailUrl":"https:\/\/www.koupeltech.com\/wp-content\/uploads\/2026\/SK0020352-CZ20260425-093449-0-1777080896-novaservis-drezova-baterie-s-flexi-ramenem-matova-chrom-707.webp","datePublished":"2026-04-27T14:01:45+00:00","breadcrumb":{"@id":"https:\/\/www.koupeltech.com\/index.php\/produkt\/objednat-nyni-novaservis-drezova-baterie-s-flexi-ramenem-matova-chrom-70710-0m-39503\/#breadcrumb"},"inLanguage":"cs","potentialAction":[{"@type":"ReadAction","target":["https:\/\/www.koupeltech.com\/index.php\/produkt\/objednat-nyni-novaservis-drezova-baterie-s-flexi-ramenem-matova-chrom-70710-0m-39503\/"]}]},{"@type":"ImageObject","inLanguage":"cs","@id":"https:\/\/www.koupeltech.com\/index.php\/produkt\/objednat-nyni-novaservis-drezova-baterie-s-flexi-ramenem-matova-chrom-70710-0m-39503\/#primaryimage","url":"https:\/\/www.koupeltech.com\/wp-content\/uploads\/2026\/SK0020352-CZ20260425-093449-0-1777080896-novaservis-drezova-baterie-s-flexi-ramenem-matova-chrom-707.webp","contentUrl":"https:\/\/www.koupeltech.com\/wp-content\/uploads\/2026\/SK0020352-CZ20260425-093449-0-1777080896-novaservis-drezova-baterie-s-flexi-ramenem-matova-chrom-707.webp","width":1000,"height":525},{"@type":"BreadcrumbList","@id":"https:\/\/www.koupeltech.com\/index.php\/produkt\/objednat-nyni-novaservis-drezova-baterie-s-flexi-ramenem-matova-chrom-70710-0m-39503\/#breadcrumb","itemListElement":[{"@type":"ListItem","position":1,"name":"Home","item":"https:\/\/www.koupeltech.com\/"},{"@type":"ListItem","position":2,"name":"Products","item":"https:\/\/www.koupeltech.com\/index.php\/products\/"},{"@type":"ListItem","position":3,"name":"Objednat Nyn\u00ed NOVASERVIS D\u0159ezov\u00e1 baterie s flexi ramenem, m\u00e1tov\u00e1-chrom, 70710,0M"}]},{"@type":"WebSite","@id":"https:\/\/www.koupeltech.com\/#website","url":"https:\/\/www.koupeltech.com\/","name":"","description":"","potentialAction":[{"@type":"SearchAction","target":{"@type":"EntryPoint","urlTemplate":"https:\/\/www.koupeltech.com\/?s={search_term_string}"},"query-input":{"@type":"PropertyValueSpecification","valueRequired":true,"valueName":"search_term_string"}}],"inLanguage":"cs"}]}},"_links":{"self":[{"href":"https:\/\/www.koupeltech.com\/index.php\/wp-json\/wp\/v2\/product\/39503","targetHints":{"allow":["GET"]}}],"collection":[{"href":"https:\/\/www.koupeltech.com\/index.php\/wp-json\/wp\/v2\/product"}],"about":[{"href":"https:\/\/www.koupeltech.com\/index.php\/wp-json\/wp\/v2\/types\/product"}],"replies":[{"embeddable":true,"href":"https:\/\/www.koupeltech.com\/index.php\/wp-json\/wp\/v2\/comments?post=39503"}],"wp:featuredmedia":[{"embeddable":true,"href":"https:\/\/www.koupeltech.com\/index.php\/wp-json\/wp\/v2\/media\/39603"}],"wp:attachment":[{"href":"https:\/\/www.koupeltech.com\/index.php\/wp-json\/wp\/v2\/media?parent=39503"}],"wp:term":[{"taxonomy":"product_brand","embeddable":true,"href":"https:\/\/www.koupeltech.com\/index.php\/wp-json\/wp\/v2\/product_brand?post=39503"},{"taxonomy":"product_cat","embeddable":true,"href":"https:\/\/www.koupeltech.com\/index.php\/wp-json\/wp\/v2\/product_cat?post=39503"},{"taxonomy":"product_tag","embeddable":true,"href":"https:\/\/www.koupeltech.com\/index.php\/wp-json\/wp\/v2\/product_tag?post=39503"}],"curies":[{"name":"wp","href":"https:\/\/api.w.org\/{rel}","templated":true}]}}