{"id":39506,"date":"2026-04-27T14:01:45","date_gmt":"2026-04-27T14:01:45","guid":{"rendered":""},"modified":"2026-04-27T14:01:45","modified_gmt":"2026-04-27T14:01:45","slug":"primo-od-vyrobce-novaservis-drezova-baterie-nobless-tina-cerna-38714-5-39506","status":"publish","type":"product","link":"https:\/\/www.koupeltech.com\/index.php\/produkt\/primo-od-vyrobce-novaservis-drezova-baterie-nobless-tina-cerna-38714-5-39506\/","title":{"rendered":"P\u0159\u00edmo Od V\u00fdrobce NOVASERVIS D\u0159ezov\u00e1 baterie Nobless Tina \u010dern\u00e1 &#8211; 38714,5"},"content":{"rendered":"<div id=\"e4136334\" class=\"pages\">\n<div>\n<div id=\"PDDescription\" class=\"UserContentView userContent v1a v1 bs-view dcon dc164 PDDescription\" ><dc-con><dc-con><bs-empty><\/bs-empty><\/dc-con><dc-con>        <\/p>\n<div class=\"customDescription\">                    <\/div>\n<p><\/dc-con><dc-con>Kvalitn\u00ed a odoln\u00e1 keramick\u00e1 kartu\u0161e 35 mm <b>s\u00a0prodlou\u017eenou z\u00e1rukou\u00a05\u00a0let<\/b>. Prvot\u0159\u00eddn\u00ed proveden\u00ed \u010dern\u00e1-mat. Stoj\u00e1nkov\u00e1 d\u0159ezov\u00e1 baterie s oto\u010dn\u00fdm ramenem a d\u00e9lkou a\u017e 220 mm. Sou\u010d\u00e1st\u00ed baterie jsou p\u0159\u00edvodn\u00ed hadi\u010dky.<\/p>\n<p>K tomuto produktu V\u00e1m r\u00e1di nab\u00eddneme <a href=\"https:\/\/www.novaservis.cz\/cerna\/#filtration\">\u010dern\u00e9 koupelnov\u00e9 dopl\u0148ky<\/a> a <a href=\"https:\/\/www.novaservis.cz\/sprchovy-program\/?user_filter=78951\">\u010dern\u00fd sprchov\u00fd program<\/a>.<\/dc-con><\/dc-con><\/div>\n<div id=\"PDDescription2\" class=\"UserContentView userContent v1a v1 bs-view dcon dc165 PDDescription2\" >Modern\u00ed vzhled konceptu \u010cERN\u00c1 nen\u00ed jen pro odv\u00e1\u017en\u00e9. Dokonal\u00e9 k\u0159ivky ze s\u00e9rie TINA \u00fa\u017easn\u011b vyniknou v \u010dern\u00e9 barv\u011b. Obl\u00edben\u00fd vzhled a \u0161pi\u010dkov\u00e1 kvalita. L\u00edbiv\u00fd a modern\u00ed design rovn\u00fdch a obl\u00fdch hran. &lt;br \/&gt;&lt;br \/&gt;Servis a\u017e k v\u00e1m dom\u016f.<\/div>\n<\/p><\/div>\n<div id=\"PDTable3\" class=\"ProductDetailTableView v3a v3 bs-view dcon dc185 PDTable3\" >\n<table>\n<thead><\/thead>\n<tbody>\n<tr class=\"attribute attr_ovladani\">\n<td class=\"caption\">Ovl\u00e1d\u00e1n\u00ed<\/td>\n<td class=\"value\">P\u00e1kov\u00e9<\/td>\n<\/tr>\n<tr class=\"attribute attr_typ\">\n<td class=\"caption\">Typ<\/td>\n<td class=\"value\">Stoj\u00e1nkov\u00e9 baterie<\/td>\n<\/tr>\n<tr class=\"attribute attr_pouziti\">\n<td class=\"caption\">Pou\u017eit\u00ed<\/td>\n<td class=\"value\">Umyvadlov\u00e9\/ D\u0159ezov\u00e9 baterie<\/td>\n<\/tr>\n<tr class=\"attribute attr_bsshop_maker\">\n<td class=\"caption\">V\u00fdrobce<\/td>\n<td class=\"value\">Novaservis<\/td>\n<\/tr>\n<tr class=\"weight\">\n<td class=\"caption\"><span>Hmotnost<\/span><\/td>\n<td class=\"value\"><span>2,32 kg<\/span><\/td>\n<\/tr>\n<\/tbody>\n<\/table>\n<\/div>\n<div id=\"ProductMedia\" class=\"ProductMediaView MediaViewBase v1a v1 bs-view dcon dc409 ProductMedia\" ><bs-empty><\/bs-empty><\/p>\n<div class=\"files\">\n<div class=\"title sub\">Soubory<\/div>\n<p><a href=\"\/media\/5785\/202-c5-2016-b-30-00359-16-rev-4.pdf?&amp;key=ZGpmIyQwNUZfNTc4NQ==\" class=\"pdf\">202_C5_2016_B-30-00359-16-rev_4.pdf<\/a><a href=\"\/media\/5786\/38714.jpg?&amp;key=ZGpmIyQwNUZfNTc4Ng==\" class=\"jpg\">38714.jpg<\/a><\/div>\n<p><bs-empty><\/bs-empty><\/div>\n<div id=\"PdProductGpsr\" class=\"ProductGpsrView v1a v1 bs-view dcon dc217 PdProductGpsr\" >\n<div class=\"subject\"><dc-root class=\"dcon dc219\"><span class=\"title\">Zodpov\u011bdn&#253; subjekt:<\/span><dc-con><dc-con><span class=\"company\">NOVASERVIS spol. s r.o.<\/span><span class=\"name\">Novaservis<\/span><\/dc-con><dc-con><span class=\"street\">Dru\u017estevn&#237; 5<\/span><span class=\"city\">Znojmo<\/span><span class=\"zip\">669 02<\/span><span class=\"country\">\u010cesko<\/span><\/dc-con><span class=\"email\">shop@novaservis.cz<\/span><span class=\"phone\">515 282 111 <\/span><bs-empty><\/bs-empty><a href=\"https:\/\/www.novaservis.cz\/kontakt\/\" class=\"link\" target=\"_blank\">https:\/\/www.novaservis.cz\/kontakt\/<\/a><\/dc-con><bs-empty><\/bs-empty><\/dc-root><\/div>\n<p><bs-empty><\/bs-empty><\/div>\n<\/div>\n<div id=\"e4136335\" class=\"tabs\">\n","protected":false},"excerpt":{"rendered":"<p>Kvalitn\u00ed a odoln\u00e1 keramick\u00e1 kartu\u0161e 35 mm s\u00a0prodlou\u017eenou z\u00e1rukou\u00a05\u00a0let. Prvot\u0159\u00eddn\u00ed proveden\u00ed \u010dern\u00e1-mat. Stoj\u00e1nkov\u00e1 d\u0159ezov\u00e1 baterie s oto\u010dn\u00fdm ramenem a d\u00e9lkou a\u017e 220 mm. Sou\u010d\u00e1st\u00ed baterie jsou p\u0159\u00edvodn\u00ed hadi\u010dky. K tomuto produktu V\u00e1m r\u00e1di nab\u00eddneme \u010dern\u00e9 koupelnov\u00e9 dopl\u0148ky a \u010dern\u00fd sprchov\u00fd program. Modern\u00ed vzhled konceptu \u010cERN\u00c1 nen\u00ed jen pro odv\u00e1\u017en\u00e9. Dokonal\u00e9 k\u0159ivky ze s\u00e9rie TINA \u00fa\u017easn\u011b [&hellip;]<\/p>\n","protected":false},"featured_media":39606,"comment_status":"open","ping_status":"open","template":"","meta":[],"product_brand":[],"product_cat":[94],"product_tag":[],"class_list":{"0":"post-39506","1":"product","2":"type-product","3":"status-publish","4":"has-post-thumbnail","6":"product_cat-vybaven-237-koupelny","8":"first","9":"instock","10":"sale","11":"shipping-taxable","12":"purchasable","13":"product-type-simple"},"yoast_head":"<!-- This site is optimized with the Yoast SEO plugin v26.8 - https:\/\/yoast.com\/product\/yoast-seo-wordpress\/ -->\n<title>P\u0159\u00edmo Od V\u00fdrobce NOVASERVIS D\u0159ezov\u00e1 baterie Nobless Tina \u010dern\u00e1 - 38714,5 -<\/title>\n<meta name=\"robots\" content=\"index, follow, max-snippet:-1, max-image-preview:large, max-video-preview:-1\" \/>\n<link rel=\"canonical\" href=\"https:\/\/www.koupeltech.com\/index.php\/produkt\/primo-od-vyrobce-novaservis-drezova-baterie-nobless-tina-cerna-38714-5-39506\/\" \/>\n<meta property=\"og:locale\" content=\"cs_CZ\" \/>\n<meta property=\"og:type\" content=\"article\" \/>\n<meta property=\"og:title\" content=\"P\u0159\u00edmo Od V\u00fdrobce NOVASERVIS D\u0159ezov\u00e1 baterie Nobless Tina \u010dern\u00e1 - 38714,5 -\" \/>\n<meta property=\"og:description\" content=\"Kvalitn\u00ed a odoln\u00e1 keramick\u00e1 kartu\u0161e 35 mm s\u00a0prodlou\u017eenou z\u00e1rukou\u00a05\u00a0let. Prvot\u0159\u00eddn\u00ed proveden\u00ed \u010dern\u00e1-mat. Stoj\u00e1nkov\u00e1 d\u0159ezov\u00e1 baterie s oto\u010dn\u00fdm ramenem a d\u00e9lkou a\u017e 220 mm. Sou\u010d\u00e1st\u00ed baterie jsou p\u0159\u00edvodn\u00ed hadi\u010dky. K tomuto produktu V\u00e1m r\u00e1di nab\u00eddneme \u010dern\u00e9 koupelnov\u00e9 dopl\u0148ky a \u010dern\u00fd sprchov\u00fd program. Modern\u00ed vzhled konceptu \u010cERN\u00c1 nen\u00ed jen pro odv\u00e1\u017en\u00e9. Dokonal\u00e9 k\u0159ivky ze s\u00e9rie TINA \u00fa\u017easn\u011b [&hellip;]\" \/>\n<meta property=\"og:url\" content=\"https:\/\/www.koupeltech.com\/index.php\/produkt\/primo-od-vyrobce-novaservis-drezova-baterie-nobless-tina-cerna-38714-5-39506\/\" \/>\n<meta property=\"og:image\" content=\"https:\/\/www.koupeltech.com\/wp-content\/uploads\/2026\/SK0020355-CZ20260425-093449-0-1777080896-novaservis-drezova-baterie-nobless-tina-cerna-38714-5.webp\" \/>\n\t<meta property=\"og:image:width\" content=\"1000\" \/>\n\t<meta property=\"og:image:height\" content=\"525\" \/>\n\t<meta property=\"og:image:type\" content=\"image\/webp\" \/>\n<meta name=\"twitter:card\" content=\"summary_large_image\" \/>\n<meta name=\"twitter:label1\" content=\"Odhadovan\u00e1 doba \u010dten\u00ed\" \/>\n\t<meta name=\"twitter:data1\" content=\"1 minuta\" \/>\n<script type=\"application\/ld+json\" class=\"yoast-schema-graph\">{\"@context\":\"https:\/\/schema.org\",\"@graph\":[{\"@type\":\"WebPage\",\"@id\":\"https:\/\/www.koupeltech.com\/index.php\/produkt\/primo-od-vyrobce-novaservis-drezova-baterie-nobless-tina-cerna-38714-5-39506\/\",\"url\":\"https:\/\/www.koupeltech.com\/index.php\/produkt\/primo-od-vyrobce-novaservis-drezova-baterie-nobless-tina-cerna-38714-5-39506\/\",\"name\":\"P\u0159\u00edmo Od V\u00fdrobce NOVASERVIS D\u0159ezov\u00e1 baterie Nobless Tina \u010dern\u00e1 - 38714,5 -\",\"isPartOf\":{\"@id\":\"https:\/\/www.koupeltech.com\/#website\"},\"primaryImageOfPage\":{\"@id\":\"https:\/\/www.koupeltech.com\/index.php\/produkt\/primo-od-vyrobce-novaservis-drezova-baterie-nobless-tina-cerna-38714-5-39506\/#primaryimage\"},\"image\":{\"@id\":\"https:\/\/www.koupeltech.com\/index.php\/produkt\/primo-od-vyrobce-novaservis-drezova-baterie-nobless-tina-cerna-38714-5-39506\/#primaryimage\"},\"thumbnailUrl\":\"https:\/\/www.koupeltech.com\/wp-content\/uploads\/2026\/SK0020355-CZ20260425-093449-0-1777080896-novaservis-drezova-baterie-nobless-tina-cerna-38714-5.webp\",\"datePublished\":\"2026-04-27T14:01:45+00:00\",\"breadcrumb\":{\"@id\":\"https:\/\/www.koupeltech.com\/index.php\/produkt\/primo-od-vyrobce-novaservis-drezova-baterie-nobless-tina-cerna-38714-5-39506\/#breadcrumb\"},\"inLanguage\":\"cs\",\"potentialAction\":[{\"@type\":\"ReadAction\",\"target\":[\"https:\/\/www.koupeltech.com\/index.php\/produkt\/primo-od-vyrobce-novaservis-drezova-baterie-nobless-tina-cerna-38714-5-39506\/\"]}]},{\"@type\":\"ImageObject\",\"inLanguage\":\"cs\",\"@id\":\"https:\/\/www.koupeltech.com\/index.php\/produkt\/primo-od-vyrobce-novaservis-drezova-baterie-nobless-tina-cerna-38714-5-39506\/#primaryimage\",\"url\":\"https:\/\/www.koupeltech.com\/wp-content\/uploads\/2026\/SK0020355-CZ20260425-093449-0-1777080896-novaservis-drezova-baterie-nobless-tina-cerna-38714-5.webp\",\"contentUrl\":\"https:\/\/www.koupeltech.com\/wp-content\/uploads\/2026\/SK0020355-CZ20260425-093449-0-1777080896-novaservis-drezova-baterie-nobless-tina-cerna-38714-5.webp\",\"width\":1000,\"height\":525},{\"@type\":\"BreadcrumbList\",\"@id\":\"https:\/\/www.koupeltech.com\/index.php\/produkt\/primo-od-vyrobce-novaservis-drezova-baterie-nobless-tina-cerna-38714-5-39506\/#breadcrumb\",\"itemListElement\":[{\"@type\":\"ListItem\",\"position\":1,\"name\":\"Home\",\"item\":\"https:\/\/www.koupeltech.com\/\"},{\"@type\":\"ListItem\",\"position\":2,\"name\":\"Products\",\"item\":\"https:\/\/www.koupeltech.com\/index.php\/products\/\"},{\"@type\":\"ListItem\",\"position\":3,\"name\":\"P\u0159\u00edmo Od V\u00fdrobce NOVASERVIS D\u0159ezov\u00e1 baterie Nobless Tina \u010dern\u00e1 &#8211; 38714,5\"}]},{\"@type\":\"WebSite\",\"@id\":\"https:\/\/www.koupeltech.com\/#website\",\"url\":\"https:\/\/www.koupeltech.com\/\",\"name\":\"\",\"description\":\"\",\"potentialAction\":[{\"@type\":\"SearchAction\",\"target\":{\"@type\":\"EntryPoint\",\"urlTemplate\":\"https:\/\/www.koupeltech.com\/?s={search_term_string}\"},\"query-input\":{\"@type\":\"PropertyValueSpecification\",\"valueRequired\":true,\"valueName\":\"search_term_string\"}}],\"inLanguage\":\"cs\"}]}<\/script>\n<!-- \/ Yoast SEO plugin. -->","yoast_head_json":{"title":"P\u0159\u00edmo Od V\u00fdrobce NOVASERVIS D\u0159ezov\u00e1 baterie Nobless Tina \u010dern\u00e1 - 38714,5 -","robots":{"index":"index","follow":"follow","max-snippet":"max-snippet:-1","max-image-preview":"max-image-preview:large","max-video-preview":"max-video-preview:-1"},"canonical":"https:\/\/www.koupeltech.com\/index.php\/produkt\/primo-od-vyrobce-novaservis-drezova-baterie-nobless-tina-cerna-38714-5-39506\/","og_locale":"cs_CZ","og_type":"article","og_title":"P\u0159\u00edmo Od V\u00fdrobce NOVASERVIS D\u0159ezov\u00e1 baterie Nobless Tina \u010dern\u00e1 - 38714,5 -","og_description":"Kvalitn\u00ed a odoln\u00e1 keramick\u00e1 kartu\u0161e 35 mm s\u00a0prodlou\u017eenou z\u00e1rukou\u00a05\u00a0let. Prvot\u0159\u00eddn\u00ed proveden\u00ed \u010dern\u00e1-mat. Stoj\u00e1nkov\u00e1 d\u0159ezov\u00e1 baterie s oto\u010dn\u00fdm ramenem a d\u00e9lkou a\u017e 220 mm. Sou\u010d\u00e1st\u00ed baterie jsou p\u0159\u00edvodn\u00ed hadi\u010dky. K tomuto produktu V\u00e1m r\u00e1di nab\u00eddneme \u010dern\u00e9 koupelnov\u00e9 dopl\u0148ky a \u010dern\u00fd sprchov\u00fd program. Modern\u00ed vzhled konceptu \u010cERN\u00c1 nen\u00ed jen pro odv\u00e1\u017en\u00e9. Dokonal\u00e9 k\u0159ivky ze s\u00e9rie TINA \u00fa\u017easn\u011b [&hellip;]","og_url":"https:\/\/www.koupeltech.com\/index.php\/produkt\/primo-od-vyrobce-novaservis-drezova-baterie-nobless-tina-cerna-38714-5-39506\/","og_image":[{"width":1000,"height":525,"url":"https:\/\/www.koupeltech.com\/wp-content\/uploads\/2026\/SK0020355-CZ20260425-093449-0-1777080896-novaservis-drezova-baterie-nobless-tina-cerna-38714-5.webp","type":"image\/webp"}],"twitter_card":"summary_large_image","twitter_misc":{"Odhadovan\u00e1 doba \u010dten\u00ed":"1 minuta"},"schema":{"@context":"https:\/\/schema.org","@graph":[{"@type":"WebPage","@id":"https:\/\/www.koupeltech.com\/index.php\/produkt\/primo-od-vyrobce-novaservis-drezova-baterie-nobless-tina-cerna-38714-5-39506\/","url":"https:\/\/www.koupeltech.com\/index.php\/produkt\/primo-od-vyrobce-novaservis-drezova-baterie-nobless-tina-cerna-38714-5-39506\/","name":"P\u0159\u00edmo Od V\u00fdrobce NOVASERVIS D\u0159ezov\u00e1 baterie Nobless Tina \u010dern\u00e1 - 38714,5 -","isPartOf":{"@id":"https:\/\/www.koupeltech.com\/#website"},"primaryImageOfPage":{"@id":"https:\/\/www.koupeltech.com\/index.php\/produkt\/primo-od-vyrobce-novaservis-drezova-baterie-nobless-tina-cerna-38714-5-39506\/#primaryimage"},"image":{"@id":"https:\/\/www.koupeltech.com\/index.php\/produkt\/primo-od-vyrobce-novaservis-drezova-baterie-nobless-tina-cerna-38714-5-39506\/#primaryimage"},"thumbnailUrl":"https:\/\/www.koupeltech.com\/wp-content\/uploads\/2026\/SK0020355-CZ20260425-093449-0-1777080896-novaservis-drezova-baterie-nobless-tina-cerna-38714-5.webp","datePublished":"2026-04-27T14:01:45+00:00","breadcrumb":{"@id":"https:\/\/www.koupeltech.com\/index.php\/produkt\/primo-od-vyrobce-novaservis-drezova-baterie-nobless-tina-cerna-38714-5-39506\/#breadcrumb"},"inLanguage":"cs","potentialAction":[{"@type":"ReadAction","target":["https:\/\/www.koupeltech.com\/index.php\/produkt\/primo-od-vyrobce-novaservis-drezova-baterie-nobless-tina-cerna-38714-5-39506\/"]}]},{"@type":"ImageObject","inLanguage":"cs","@id":"https:\/\/www.koupeltech.com\/index.php\/produkt\/primo-od-vyrobce-novaservis-drezova-baterie-nobless-tina-cerna-38714-5-39506\/#primaryimage","url":"https:\/\/www.koupeltech.com\/wp-content\/uploads\/2026\/SK0020355-CZ20260425-093449-0-1777080896-novaservis-drezova-baterie-nobless-tina-cerna-38714-5.webp","contentUrl":"https:\/\/www.koupeltech.com\/wp-content\/uploads\/2026\/SK0020355-CZ20260425-093449-0-1777080896-novaservis-drezova-baterie-nobless-tina-cerna-38714-5.webp","width":1000,"height":525},{"@type":"BreadcrumbList","@id":"https:\/\/www.koupeltech.com\/index.php\/produkt\/primo-od-vyrobce-novaservis-drezova-baterie-nobless-tina-cerna-38714-5-39506\/#breadcrumb","itemListElement":[{"@type":"ListItem","position":1,"name":"Home","item":"https:\/\/www.koupeltech.com\/"},{"@type":"ListItem","position":2,"name":"Products","item":"https:\/\/www.koupeltech.com\/index.php\/products\/"},{"@type":"ListItem","position":3,"name":"P\u0159\u00edmo Od V\u00fdrobce NOVASERVIS D\u0159ezov\u00e1 baterie Nobless Tina \u010dern\u00e1 &#8211; 38714,5"}]},{"@type":"WebSite","@id":"https:\/\/www.koupeltech.com\/#website","url":"https:\/\/www.koupeltech.com\/","name":"","description":"","potentialAction":[{"@type":"SearchAction","target":{"@type":"EntryPoint","urlTemplate":"https:\/\/www.koupeltech.com\/?s={search_term_string}"},"query-input":{"@type":"PropertyValueSpecification","valueRequired":true,"valueName":"search_term_string"}}],"inLanguage":"cs"}]}},"_links":{"self":[{"href":"https:\/\/www.koupeltech.com\/index.php\/wp-json\/wp\/v2\/product\/39506","targetHints":{"allow":["GET"]}}],"collection":[{"href":"https:\/\/www.koupeltech.com\/index.php\/wp-json\/wp\/v2\/product"}],"about":[{"href":"https:\/\/www.koupeltech.com\/index.php\/wp-json\/wp\/v2\/types\/product"}],"replies":[{"embeddable":true,"href":"https:\/\/www.koupeltech.com\/index.php\/wp-json\/wp\/v2\/comments?post=39506"}],"wp:featuredmedia":[{"embeddable":true,"href":"https:\/\/www.koupeltech.com\/index.php\/wp-json\/wp\/v2\/media\/39606"}],"wp:attachment":[{"href":"https:\/\/www.koupeltech.com\/index.php\/wp-json\/wp\/v2\/media?parent=39506"}],"wp:term":[{"taxonomy":"product_brand","embeddable":true,"href":"https:\/\/www.koupeltech.com\/index.php\/wp-json\/wp\/v2\/product_brand?post=39506"},{"taxonomy":"product_cat","embeddable":true,"href":"https:\/\/www.koupeltech.com\/index.php\/wp-json\/wp\/v2\/product_cat?post=39506"},{"taxonomy":"product_tag","embeddable":true,"href":"https:\/\/www.koupeltech.com\/index.php\/wp-json\/wp\/v2\/product_tag?post=39506"}],"curies":[{"name":"wp","href":"https:\/\/api.w.org\/{rel}","templated":true}]}}