{"id":39507,"date":"2026-04-27T14:01:45","date_gmt":"2026-04-27T14:01:45","guid":{"rendered":""},"modified":"2026-04-27T14:01:45","modified_gmt":"2026-04-27T14:01:45","slug":"casove-omezene-novaservis-hacek-titania-naty-cerna-66609-5-39507","status":"publish","type":"product","link":"https:\/\/www.koupeltech.com\/index.php\/produkt\/casove-omezene-novaservis-hacek-titania-naty-cerna-66609-5-39507\/","title":{"rendered":"\u010casov\u011b Omezen\u00e9 NOVASERVIS H\u00e1\u010dek Titania Naty \u010dern\u00e1 &#8211; 66609,5"},"content":{"rendered":"<div id=\"e3676990\" class=\"pages\">\n<div>\n<div id=\"PDDescription\" class=\"UserContentView userContent v1a v1 bs-view dcon dc164 PDDescription\" ><dc-con><dc-con><bs-empty><\/bs-empty><\/dc-con><dc-con>        <\/p>\n<div class=\"customDescription\">                    <\/div>\n<p><\/dc-con><dc-con><br \/>\u010cern\u00fd  h\u00e1\u010dek &#8211; mont\u00e1\u017e vrt\u00e1n\u00edm.<br \/><\/dc-con><\/dc-con><\/div>\n<div id=\"PDDescription2\" class=\"UserContentView userContent v1a v1 bs-view dcon dc165 PDDescription2\" >\u017d\u00e1dan\u00fd design a \u00fa\u017easn\u00e1 kvalita, barevn\u00e9 proveden\u00ed \u010dern\u00e1-mat. Koupelnov\u00e9 dopl\u0148ky, kter\u00e9 spojuj\u00ed zaj\u00edmavou cenu s kvalitou a \u0161irokou \u0159adou typ\u016f, kter\u00e9 p\u0159esn\u011b odpov\u00eddaj\u00ed pot\u0159eb\u00e1m z\u00e1kazn\u00edk\u016f. &lt;b&gt;Prodlou\u017een\u00e1 z\u00e1ruka\u00a03\u00a0roky.&lt;\/b&gt;<\/div>\n<\/p><\/div>\n<div id=\"PDTable3\" class=\"ProductDetailTableView v3a v3 bs-view dcon dc185 PDTable3\" >\n<table>\n<thead><\/thead>\n<tbody>\n<tr class=\"attribute attr_pouziti\">\n<td class=\"caption\">Pou\u017eit\u00ed<\/td>\n<td class=\"value\">Dr\u017e\u00e1k ru\u010dn\u00edk\u016f<\/td>\n<\/tr>\n<tr class=\"attribute attr_bsshop_maker\">\n<td class=\"caption\">V\u00fdrobce<\/td>\n<td class=\"value\">Novaservis<\/td>\n<\/tr>\n<tr class=\"weight\">\n<td class=\"caption\"><span>Hmotnost<\/span><\/td>\n<td class=\"value\"><span>0,20 kg<\/span><\/td>\n<\/tr>\n<\/tbody>\n<\/table>\n<\/div>\n<div id=\"ProductMedia\" class=\"ProductMediaView MediaViewBase v1a v1 bs-view dcon dc409 ProductMedia\" ><bs-empty><\/bs-empty><\/p>\n<div class=\"files\">\n<div class=\"title sub\">Soubory<\/div>\n<p><a href=\"\/media\/9911\/66609.jpg?&amp;key=ZGpmIyQwNUZfOTkxMQ==\" class=\"jpg\">66609.jpg<\/a><\/div>\n<p><bs-empty><\/bs-empty><\/div>\n<div id=\"PdProductGpsr\" class=\"ProductGpsrView v1a v1 bs-view dcon dc217 PdProductGpsr\" >\n<div class=\"subject\"><dc-root class=\"dcon dc219\"><span class=\"title\">Zodpov\u011bdn&#253; subjekt:<\/span><dc-con><dc-con><span class=\"company\">NOVASERVIS spol. s r.o.<\/span><span class=\"name\">Novaservis<\/span><\/dc-con><dc-con><span class=\"street\">Dru\u017estevn&#237; 5<\/span><span class=\"city\">Znojmo<\/span><span class=\"zip\">669 02<\/span><span class=\"country\">\u010cesko<\/span><\/dc-con><span class=\"email\">shop@novaservis.cz<\/span><span class=\"phone\">515 282 111 <\/span><bs-empty><\/bs-empty><a href=\"https:\/\/www.novaservis.cz\/kontakt\/\" class=\"link\" target=\"_blank\">https:\/\/www.novaservis.cz\/kontakt\/<\/a><\/dc-con><bs-empty><\/bs-empty><\/dc-root><\/div>\n<p><bs-empty><\/bs-empty><\/div>\n<\/div>\n<div id=\"e3676991\" class=\"tabs\">\n","protected":false},"excerpt":{"rendered":"<p>\u010cern\u00fd h\u00e1\u010dek &#8211; mont\u00e1\u017e vrt\u00e1n\u00edm. \u017d\u00e1dan\u00fd design a \u00fa\u017easn\u00e1 kvalita, barevn\u00e9 proveden\u00ed \u010dern\u00e1-mat. Koupelnov\u00e9 dopl\u0148ky, kter\u00e9 spojuj\u00ed zaj\u00edmavou cenu s kvalitou a \u0161irokou \u0159adou typ\u016f, kter\u00e9 p\u0159esn\u011b odpov\u00eddaj\u00ed pot\u0159eb\u00e1m z\u00e1kazn\u00edk\u016f. &lt;b&gt;Prodlou\u017een\u00e1 z\u00e1ruka\u00a03\u00a0roky.&lt;\/b&gt; Pou\u017eit\u00ed Dr\u017e\u00e1k ru\u010dn\u00edk\u016f V\u00fdrobce Novaservis Hmotnost 0,20 kg Soubory 66609.jpg Zodpov\u011bdn&#253; subjekt:NOVASERVIS spol. s r.o.NovaservisDru\u017estevn&#237; 5Znojmo669 02\u010ceskoshop@novaservis.cz515 282 111 https:\/\/www.novaservis.cz\/kontakt\/<\/p>\n","protected":false},"featured_media":39607,"comment_status":"open","ping_status":"open","template":"","meta":[],"product_brand":[],"product_cat":[94],"product_tag":[],"class_list":{"0":"post-39507","1":"product","2":"type-product","3":"status-publish","4":"has-post-thumbnail","6":"product_cat-vybaven-237-koupelny","8":"first","9":"instock","10":"sale","11":"shipping-taxable","12":"purchasable","13":"product-type-simple"},"yoast_head":"<!-- This site is optimized with the Yoast SEO plugin v26.8 - https:\/\/yoast.com\/product\/yoast-seo-wordpress\/ -->\n<title>\u010casov\u011b Omezen\u00e9 NOVASERVIS H\u00e1\u010dek Titania Naty \u010dern\u00e1 - 66609,5 -<\/title>\n<meta name=\"robots\" content=\"index, follow, max-snippet:-1, max-image-preview:large, max-video-preview:-1\" \/>\n<link rel=\"canonical\" href=\"https:\/\/www.koupeltech.com\/index.php\/produkt\/casove-omezene-novaservis-hacek-titania-naty-cerna-66609-5-39507\/\" \/>\n<meta property=\"og:locale\" content=\"cs_CZ\" \/>\n<meta property=\"og:type\" content=\"article\" \/>\n<meta property=\"og:title\" content=\"\u010casov\u011b Omezen\u00e9 NOVASERVIS H\u00e1\u010dek Titania Naty \u010dern\u00e1 - 66609,5 -\" \/>\n<meta property=\"og:description\" content=\"\u010cern\u00fd h\u00e1\u010dek &#8211; mont\u00e1\u017e vrt\u00e1n\u00edm. \u017d\u00e1dan\u00fd design a \u00fa\u017easn\u00e1 kvalita, barevn\u00e9 proveden\u00ed \u010dern\u00e1-mat. Koupelnov\u00e9 dopl\u0148ky, kter\u00e9 spojuj\u00ed zaj\u00edmavou cenu s kvalitou a \u0161irokou \u0159adou typ\u016f, kter\u00e9 p\u0159esn\u011b odpov\u00eddaj\u00ed pot\u0159eb\u00e1m z\u00e1kazn\u00edk\u016f. &lt;b&gt;Prodlou\u017een\u00e1 z\u00e1ruka\u00a03\u00a0roky.&lt;\/b&gt; Pou\u017eit\u00ed Dr\u017e\u00e1k ru\u010dn\u00edk\u016f V\u00fdrobce Novaservis Hmotnost 0,20 kg Soubory 66609.jpg Zodpov\u011bdn&#253; subjekt:NOVASERVIS spol. s r.o.NovaservisDru\u017estevn&#237; 5Znojmo669 02\u010ceskoshop@novaservis.cz515 282 111 https:\/\/www.novaservis.cz\/kontakt\/\" \/>\n<meta property=\"og:url\" content=\"https:\/\/www.koupeltech.com\/index.php\/produkt\/casove-omezene-novaservis-hacek-titania-naty-cerna-66609-5-39507\/\" \/>\n<meta property=\"og:image\" content=\"https:\/\/www.koupeltech.com\/wp-content\/uploads\/2026\/SK0020356-CZ20260425-093449-0-1777080896-novaservis-hacek-titania-naty-cerna-66609-5.webp\" \/>\n\t<meta property=\"og:image:width\" content=\"1000\" \/>\n\t<meta property=\"og:image:height\" content=\"525\" \/>\n\t<meta property=\"og:image:type\" content=\"image\/webp\" \/>\n<meta name=\"twitter:card\" content=\"summary_large_image\" \/>\n<script type=\"application\/ld+json\" class=\"yoast-schema-graph\">{\"@context\":\"https:\/\/schema.org\",\"@graph\":[{\"@type\":\"WebPage\",\"@id\":\"https:\/\/www.koupeltech.com\/index.php\/produkt\/casove-omezene-novaservis-hacek-titania-naty-cerna-66609-5-39507\/\",\"url\":\"https:\/\/www.koupeltech.com\/index.php\/produkt\/casove-omezene-novaservis-hacek-titania-naty-cerna-66609-5-39507\/\",\"name\":\"\u010casov\u011b Omezen\u00e9 NOVASERVIS H\u00e1\u010dek Titania Naty \u010dern\u00e1 - 66609,5 -\",\"isPartOf\":{\"@id\":\"https:\/\/www.koupeltech.com\/#website\"},\"primaryImageOfPage\":{\"@id\":\"https:\/\/www.koupeltech.com\/index.php\/produkt\/casove-omezene-novaservis-hacek-titania-naty-cerna-66609-5-39507\/#primaryimage\"},\"image\":{\"@id\":\"https:\/\/www.koupeltech.com\/index.php\/produkt\/casove-omezene-novaservis-hacek-titania-naty-cerna-66609-5-39507\/#primaryimage\"},\"thumbnailUrl\":\"https:\/\/www.koupeltech.com\/wp-content\/uploads\/2026\/SK0020356-CZ20260425-093449-0-1777080896-novaservis-hacek-titania-naty-cerna-66609-5.webp\",\"datePublished\":\"2026-04-27T14:01:45+00:00\",\"breadcrumb\":{\"@id\":\"https:\/\/www.koupeltech.com\/index.php\/produkt\/casove-omezene-novaservis-hacek-titania-naty-cerna-66609-5-39507\/#breadcrumb\"},\"inLanguage\":\"cs\",\"potentialAction\":[{\"@type\":\"ReadAction\",\"target\":[\"https:\/\/www.koupeltech.com\/index.php\/produkt\/casove-omezene-novaservis-hacek-titania-naty-cerna-66609-5-39507\/\"]}]},{\"@type\":\"ImageObject\",\"inLanguage\":\"cs\",\"@id\":\"https:\/\/www.koupeltech.com\/index.php\/produkt\/casove-omezene-novaservis-hacek-titania-naty-cerna-66609-5-39507\/#primaryimage\",\"url\":\"https:\/\/www.koupeltech.com\/wp-content\/uploads\/2026\/SK0020356-CZ20260425-093449-0-1777080896-novaservis-hacek-titania-naty-cerna-66609-5.webp\",\"contentUrl\":\"https:\/\/www.koupeltech.com\/wp-content\/uploads\/2026\/SK0020356-CZ20260425-093449-0-1777080896-novaservis-hacek-titania-naty-cerna-66609-5.webp\",\"width\":1000,\"height\":525},{\"@type\":\"BreadcrumbList\",\"@id\":\"https:\/\/www.koupeltech.com\/index.php\/produkt\/casove-omezene-novaservis-hacek-titania-naty-cerna-66609-5-39507\/#breadcrumb\",\"itemListElement\":[{\"@type\":\"ListItem\",\"position\":1,\"name\":\"Home\",\"item\":\"https:\/\/www.koupeltech.com\/\"},{\"@type\":\"ListItem\",\"position\":2,\"name\":\"Products\",\"item\":\"https:\/\/www.koupeltech.com\/index.php\/products\/\"},{\"@type\":\"ListItem\",\"position\":3,\"name\":\"\u010casov\u011b Omezen\u00e9 NOVASERVIS H\u00e1\u010dek Titania Naty \u010dern\u00e1 &#8211; 66609,5\"}]},{\"@type\":\"WebSite\",\"@id\":\"https:\/\/www.koupeltech.com\/#website\",\"url\":\"https:\/\/www.koupeltech.com\/\",\"name\":\"\",\"description\":\"\",\"potentialAction\":[{\"@type\":\"SearchAction\",\"target\":{\"@type\":\"EntryPoint\",\"urlTemplate\":\"https:\/\/www.koupeltech.com\/?s={search_term_string}\"},\"query-input\":{\"@type\":\"PropertyValueSpecification\",\"valueRequired\":true,\"valueName\":\"search_term_string\"}}],\"inLanguage\":\"cs\"}]}<\/script>\n<!-- \/ Yoast SEO plugin. -->","yoast_head_json":{"title":"\u010casov\u011b Omezen\u00e9 NOVASERVIS H\u00e1\u010dek Titania Naty \u010dern\u00e1 - 66609,5 -","robots":{"index":"index","follow":"follow","max-snippet":"max-snippet:-1","max-image-preview":"max-image-preview:large","max-video-preview":"max-video-preview:-1"},"canonical":"https:\/\/www.koupeltech.com\/index.php\/produkt\/casove-omezene-novaservis-hacek-titania-naty-cerna-66609-5-39507\/","og_locale":"cs_CZ","og_type":"article","og_title":"\u010casov\u011b Omezen\u00e9 NOVASERVIS H\u00e1\u010dek Titania Naty \u010dern\u00e1 - 66609,5 -","og_description":"\u010cern\u00fd h\u00e1\u010dek &#8211; mont\u00e1\u017e vrt\u00e1n\u00edm. \u017d\u00e1dan\u00fd design a \u00fa\u017easn\u00e1 kvalita, barevn\u00e9 proveden\u00ed \u010dern\u00e1-mat. Koupelnov\u00e9 dopl\u0148ky, kter\u00e9 spojuj\u00ed zaj\u00edmavou cenu s kvalitou a \u0161irokou \u0159adou typ\u016f, kter\u00e9 p\u0159esn\u011b odpov\u00eddaj\u00ed pot\u0159eb\u00e1m z\u00e1kazn\u00edk\u016f. &lt;b&gt;Prodlou\u017een\u00e1 z\u00e1ruka\u00a03\u00a0roky.&lt;\/b&gt; Pou\u017eit\u00ed Dr\u017e\u00e1k ru\u010dn\u00edk\u016f V\u00fdrobce Novaservis Hmotnost 0,20 kg Soubory 66609.jpg Zodpov\u011bdn&#253; subjekt:NOVASERVIS spol. s r.o.NovaservisDru\u017estevn&#237; 5Znojmo669 02\u010ceskoshop@novaservis.cz515 282 111 https:\/\/www.novaservis.cz\/kontakt\/","og_url":"https:\/\/www.koupeltech.com\/index.php\/produkt\/casove-omezene-novaservis-hacek-titania-naty-cerna-66609-5-39507\/","og_image":[{"width":1000,"height":525,"url":"https:\/\/www.koupeltech.com\/wp-content\/uploads\/2026\/SK0020356-CZ20260425-093449-0-1777080896-novaservis-hacek-titania-naty-cerna-66609-5.webp","type":"image\/webp"}],"twitter_card":"summary_large_image","schema":{"@context":"https:\/\/schema.org","@graph":[{"@type":"WebPage","@id":"https:\/\/www.koupeltech.com\/index.php\/produkt\/casove-omezene-novaservis-hacek-titania-naty-cerna-66609-5-39507\/","url":"https:\/\/www.koupeltech.com\/index.php\/produkt\/casove-omezene-novaservis-hacek-titania-naty-cerna-66609-5-39507\/","name":"\u010casov\u011b Omezen\u00e9 NOVASERVIS H\u00e1\u010dek Titania Naty \u010dern\u00e1 - 66609,5 -","isPartOf":{"@id":"https:\/\/www.koupeltech.com\/#website"},"primaryImageOfPage":{"@id":"https:\/\/www.koupeltech.com\/index.php\/produkt\/casove-omezene-novaservis-hacek-titania-naty-cerna-66609-5-39507\/#primaryimage"},"image":{"@id":"https:\/\/www.koupeltech.com\/index.php\/produkt\/casove-omezene-novaservis-hacek-titania-naty-cerna-66609-5-39507\/#primaryimage"},"thumbnailUrl":"https:\/\/www.koupeltech.com\/wp-content\/uploads\/2026\/SK0020356-CZ20260425-093449-0-1777080896-novaservis-hacek-titania-naty-cerna-66609-5.webp","datePublished":"2026-04-27T14:01:45+00:00","breadcrumb":{"@id":"https:\/\/www.koupeltech.com\/index.php\/produkt\/casove-omezene-novaservis-hacek-titania-naty-cerna-66609-5-39507\/#breadcrumb"},"inLanguage":"cs","potentialAction":[{"@type":"ReadAction","target":["https:\/\/www.koupeltech.com\/index.php\/produkt\/casove-omezene-novaservis-hacek-titania-naty-cerna-66609-5-39507\/"]}]},{"@type":"ImageObject","inLanguage":"cs","@id":"https:\/\/www.koupeltech.com\/index.php\/produkt\/casove-omezene-novaservis-hacek-titania-naty-cerna-66609-5-39507\/#primaryimage","url":"https:\/\/www.koupeltech.com\/wp-content\/uploads\/2026\/SK0020356-CZ20260425-093449-0-1777080896-novaservis-hacek-titania-naty-cerna-66609-5.webp","contentUrl":"https:\/\/www.koupeltech.com\/wp-content\/uploads\/2026\/SK0020356-CZ20260425-093449-0-1777080896-novaservis-hacek-titania-naty-cerna-66609-5.webp","width":1000,"height":525},{"@type":"BreadcrumbList","@id":"https:\/\/www.koupeltech.com\/index.php\/produkt\/casove-omezene-novaservis-hacek-titania-naty-cerna-66609-5-39507\/#breadcrumb","itemListElement":[{"@type":"ListItem","position":1,"name":"Home","item":"https:\/\/www.koupeltech.com\/"},{"@type":"ListItem","position":2,"name":"Products","item":"https:\/\/www.koupeltech.com\/index.php\/products\/"},{"@type":"ListItem","position":3,"name":"\u010casov\u011b Omezen\u00e9 NOVASERVIS H\u00e1\u010dek Titania Naty \u010dern\u00e1 &#8211; 66609,5"}]},{"@type":"WebSite","@id":"https:\/\/www.koupeltech.com\/#website","url":"https:\/\/www.koupeltech.com\/","name":"","description":"","potentialAction":[{"@type":"SearchAction","target":{"@type":"EntryPoint","urlTemplate":"https:\/\/www.koupeltech.com\/?s={search_term_string}"},"query-input":{"@type":"PropertyValueSpecification","valueRequired":true,"valueName":"search_term_string"}}],"inLanguage":"cs"}]}},"_links":{"self":[{"href":"https:\/\/www.koupeltech.com\/index.php\/wp-json\/wp\/v2\/product\/39507","targetHints":{"allow":["GET"]}}],"collection":[{"href":"https:\/\/www.koupeltech.com\/index.php\/wp-json\/wp\/v2\/product"}],"about":[{"href":"https:\/\/www.koupeltech.com\/index.php\/wp-json\/wp\/v2\/types\/product"}],"replies":[{"embeddable":true,"href":"https:\/\/www.koupeltech.com\/index.php\/wp-json\/wp\/v2\/comments?post=39507"}],"wp:featuredmedia":[{"embeddable":true,"href":"https:\/\/www.koupeltech.com\/index.php\/wp-json\/wp\/v2\/media\/39607"}],"wp:attachment":[{"href":"https:\/\/www.koupeltech.com\/index.php\/wp-json\/wp\/v2\/media?parent=39507"}],"wp:term":[{"taxonomy":"product_brand","embeddable":true,"href":"https:\/\/www.koupeltech.com\/index.php\/wp-json\/wp\/v2\/product_brand?post=39507"},{"taxonomy":"product_cat","embeddable":true,"href":"https:\/\/www.koupeltech.com\/index.php\/wp-json\/wp\/v2\/product_cat?post=39507"},{"taxonomy":"product_tag","embeddable":true,"href":"https:\/\/www.koupeltech.com\/index.php\/wp-json\/wp\/v2\/product_tag?post=39507"}],"curies":[{"name":"wp","href":"https:\/\/api.w.org\/{rel}","templated":true}]}}