{"id":39509,"date":"2026-04-27T14:01:45","date_gmt":"2026-04-27T14:01:45","guid":{"rendered":""},"modified":"2026-04-27T14:01:45","modified_gmt":"2026-04-27T14:01:45","slug":"novinka-ravak-sb-formy-460-bila-otocitelny-vyrobek-39509","status":"publish","type":"product","link":"https:\/\/www.koupeltech.com\/index.php\/produkt\/novinka-ravak-sb-formy-460-bila-otocitelny-vyrobek-39509\/","title":{"rendered":"Novinka Ravak SB Formy 460 b\u00edl\u00e1 (oto\u010diteln\u00fd v\u00fdrobek)"},"content":{"rendered":"<div id=\"e4137940\" class=\"pages\">\n<div>\n<div id=\"PDDescription\" class=\"UserContentView userContent v1a v1 bs-view dcon dc164 PDDescription\" ><dc-con><dc-con><bs-empty><\/bs-empty><\/dc-con><dc-con>        <\/p>\n<div class=\"customDescription\">                    <\/div>\n<p><\/dc-con><dc-con>Vysok\u00e1 sk\u0159\u00ed\u0148ka Formy v b\u00edl\u00e9m proveden\u00ed.<\/dc-con><\/dc-con><\/div>\n<div id=\"PDDescription2\" class=\"UserContentView userContent v1a v1 bs-view dcon dc165 PDDescription2\" >\n<ul>\n<li>rozm\u011br (\u0161xhxv): 46 x 27 x 160 cm<\/li>\n<li>materi\u00e1l: MDF<\/li>\n<li>typov\u00e9 proveden\u00ed: oto\u010diteln\u00fd v\u00fdrobek\u00a0<\/li>\n<li>barevn\u00e9 proveden\u00ed: lakovan\u00e1 b\u00edl\u00e1<\/li>\n<li>dv\u00ed\u0159ka: tich\u00e9 a pomal\u00e9 dov\u00edr\u00e1n\u00ed<\/li>\n<\/ul>\n<p>Vysok\u00e1 sk\u0159\u00ed\u0148ka SB Formy se sklen\u011bn\u00fdmi poli\u010dkami a odkl\u00e1dac\u00ed plochou. Dod\u00e1v\u00e1no ve smontovan\u00e9m stavu. Pro ucelen\u00e9 \u0159e\u0161en\u00ed a designov\u00fd soulad koupelny doporu\u010dujeme vysokou sk\u0159\u00ed\u0148ku kombinovat s\u00a0ostatn\u00edmi v\u00fdrobky konceptu Formy I nebo Formy II a dal\u0161\u00edm koupelnov\u00fdm n\u00e1bytkem Ravak.<\/p>\n<\/div><\/div>\n<div id=\"PDTable3\" class=\"ProductDetailTableView v3a v3 bs-view dcon dc185 PDTable3\" >\n<table>\n<thead><\/thead>\n<tbody>\n<tr class=\"attribute attr_barva\">\n<td class=\"caption\">Barva<\/td>\n<td class=\"value\">B\u00edl\u00e1<\/td>\n<\/tr>\n<tr class=\"attribute attr_sirkatext\">\n<td class=\"caption\">\u0160\u00ed\u0159ka<\/td>\n<td class=\"value\">460mm<\/td>\n<\/tr>\n<tr class=\"attribute attr_bsshop_maker\">\n<td class=\"caption\">V\u00fdrobce<\/td>\n<td class=\"value\">Ravak<\/td>\n<\/tr>\n<tr class=\"attribute attr_delka\">\n<td class=\"caption\">D\u00e9lka v mm<\/td>\n<td class=\"value\">46<\/td>\n<\/tr>\n<tr class=\"attribute attr_material\">\n<td class=\"caption\">Materi\u00e1l<\/td>\n<td class=\"value\">MFPB\/MDF<\/td>\n<\/tr>\n<tr class=\"attribute attr_sirka\">\n<td class=\"caption\">\u0160\u00ed\u0159ka v mm<\/td>\n<td class=\"value\">27<\/td>\n<\/tr>\n<tr class=\"attribute attr_Vyska\">\n<td class=\"caption\">V\u00fd\u0161ka v mm<\/td>\n<td class=\"value\">160<\/td>\n<\/tr>\n<tr class=\"weight\">\n<td class=\"caption\"><span>Hmotnost<\/span><\/td>\n<td class=\"value\"><span>28,50 kg<\/span><\/td>\n<\/tr>\n<\/tbody>\n<\/table>\n<\/div>\n<div id=\"ProductMedia\" class=\"ProductMediaView MediaViewBase v1a v1 bs-view dcon dc409 ProductMedia\" ><bs-empty><\/bs-empty><\/p>\n<div class=\"files\">\n<div class=\"title sub\">Soubory<\/div>\n<p><a href=\"\/media\/4953\/mn-sb-formy.pdf?&amp;key=ZGpmIyQwNUZfNDk1Mw==\" class=\"pdf\">mn_sb-formy.pdf<\/a><a href=\"\/media\/26718\/20231003114434-mn-sb-formy.pdf?&amp;key=ZGpmIyQwNUZfMjY3MTg=\" class=\"pdf\">20231003114434.mn_sb-formy.pdf<\/a><\/div>\n<p><bs-empty><\/bs-empty><\/div>\n<\/div>\n<div id=\"e4137941\" class=\"tabs\">\n","protected":false},"excerpt":{"rendered":"<p>Vysok\u00e1 sk\u0159\u00ed\u0148ka Formy v b\u00edl\u00e9m proveden\u00ed. rozm\u011br (\u0161xhxv): 46 x 27 x 160 cm materi\u00e1l: MDF typov\u00e9 proveden\u00ed: oto\u010diteln\u00fd v\u00fdrobek\u00a0 barevn\u00e9 proveden\u00ed: lakovan\u00e1 b\u00edl\u00e1 dv\u00ed\u0159ka: tich\u00e9 a pomal\u00e9 dov\u00edr\u00e1n\u00ed Vysok\u00e1 sk\u0159\u00ed\u0148ka SB Formy se sklen\u011bn\u00fdmi poli\u010dkami a odkl\u00e1dac\u00ed plochou. Dod\u00e1v\u00e1no ve smontovan\u00e9m stavu. Pro ucelen\u00e9 \u0159e\u0161en\u00ed a designov\u00fd soulad koupelny doporu\u010dujeme vysokou sk\u0159\u00ed\u0148ku kombinovat s\u00a0ostatn\u00edmi [&hellip;]<\/p>\n","protected":false},"featured_media":39609,"comment_status":"open","ping_status":"open","template":"","meta":[],"product_brand":[],"product_cat":[94],"product_tag":[],"class_list":{"0":"post-39509","1":"product","2":"type-product","3":"status-publish","4":"has-post-thumbnail","6":"product_cat-vybaven-237-koupelny","8":"first","9":"instock","10":"sale","11":"shipping-taxable","12":"purchasable","13":"product-type-simple"},"yoast_head":"<!-- This site is optimized with the Yoast SEO plugin v26.8 - https:\/\/yoast.com\/product\/yoast-seo-wordpress\/ -->\n<title>Novinka Ravak SB Formy 460 b\u00edl\u00e1 (oto\u010diteln\u00fd v\u00fdrobek) -<\/title>\n<meta name=\"robots\" content=\"index, follow, max-snippet:-1, max-image-preview:large, max-video-preview:-1\" \/>\n<link rel=\"canonical\" href=\"https:\/\/www.koupeltech.com\/index.php\/produkt\/novinka-ravak-sb-formy-460-bila-otocitelny-vyrobek-39509\/\" \/>\n<meta property=\"og:locale\" content=\"cs_CZ\" \/>\n<meta property=\"og:type\" content=\"article\" \/>\n<meta property=\"og:title\" content=\"Novinka Ravak SB Formy 460 b\u00edl\u00e1 (oto\u010diteln\u00fd v\u00fdrobek) -\" \/>\n<meta property=\"og:description\" content=\"Vysok\u00e1 sk\u0159\u00ed\u0148ka Formy v b\u00edl\u00e9m proveden\u00ed. rozm\u011br (\u0161xhxv): 46 x 27 x 160 cm materi\u00e1l: MDF typov\u00e9 proveden\u00ed: oto\u010diteln\u00fd v\u00fdrobek\u00a0 barevn\u00e9 proveden\u00ed: lakovan\u00e1 b\u00edl\u00e1 dv\u00ed\u0159ka: tich\u00e9 a pomal\u00e9 dov\u00edr\u00e1n\u00ed Vysok\u00e1 sk\u0159\u00ed\u0148ka SB Formy se sklen\u011bn\u00fdmi poli\u010dkami a odkl\u00e1dac\u00ed plochou. Dod\u00e1v\u00e1no ve smontovan\u00e9m stavu. Pro ucelen\u00e9 \u0159e\u0161en\u00ed a designov\u00fd soulad koupelny doporu\u010dujeme vysokou sk\u0159\u00ed\u0148ku kombinovat s\u00a0ostatn\u00edmi [&hellip;]\" \/>\n<meta property=\"og:url\" content=\"https:\/\/www.koupeltech.com\/index.php\/produkt\/novinka-ravak-sb-formy-460-bila-otocitelny-vyrobek-39509\/\" \/>\n<meta property=\"og:image\" content=\"https:\/\/www.koupeltech.com\/wp-content\/uploads\/2026\/SK0020358-CZ20260425-093449-0-1777080896-ravak-sb-formy-460-bila-otocitelny-vyrobek.webp\" \/>\n\t<meta property=\"og:image:width\" content=\"1000\" \/>\n\t<meta property=\"og:image:height\" content=\"525\" \/>\n\t<meta property=\"og:image:type\" content=\"image\/webp\" \/>\n<meta name=\"twitter:card\" content=\"summary_large_image\" \/>\n<meta name=\"twitter:label1\" content=\"Odhadovan\u00e1 doba \u010dten\u00ed\" \/>\n\t<meta name=\"twitter:data1\" content=\"1 minuta\" \/>\n<script type=\"application\/ld+json\" class=\"yoast-schema-graph\">{\"@context\":\"https:\/\/schema.org\",\"@graph\":[{\"@type\":\"WebPage\",\"@id\":\"https:\/\/www.koupeltech.com\/index.php\/produkt\/novinka-ravak-sb-formy-460-bila-otocitelny-vyrobek-39509\/\",\"url\":\"https:\/\/www.koupeltech.com\/index.php\/produkt\/novinka-ravak-sb-formy-460-bila-otocitelny-vyrobek-39509\/\",\"name\":\"Novinka Ravak SB Formy 460 b\u00edl\u00e1 (oto\u010diteln\u00fd v\u00fdrobek) -\",\"isPartOf\":{\"@id\":\"https:\/\/www.koupeltech.com\/#website\"},\"primaryImageOfPage\":{\"@id\":\"https:\/\/www.koupeltech.com\/index.php\/produkt\/novinka-ravak-sb-formy-460-bila-otocitelny-vyrobek-39509\/#primaryimage\"},\"image\":{\"@id\":\"https:\/\/www.koupeltech.com\/index.php\/produkt\/novinka-ravak-sb-formy-460-bila-otocitelny-vyrobek-39509\/#primaryimage\"},\"thumbnailUrl\":\"https:\/\/www.koupeltech.com\/wp-content\/uploads\/2026\/SK0020358-CZ20260425-093449-0-1777080896-ravak-sb-formy-460-bila-otocitelny-vyrobek.webp\",\"datePublished\":\"2026-04-27T14:01:45+00:00\",\"breadcrumb\":{\"@id\":\"https:\/\/www.koupeltech.com\/index.php\/produkt\/novinka-ravak-sb-formy-460-bila-otocitelny-vyrobek-39509\/#breadcrumb\"},\"inLanguage\":\"cs\",\"potentialAction\":[{\"@type\":\"ReadAction\",\"target\":[\"https:\/\/www.koupeltech.com\/index.php\/produkt\/novinka-ravak-sb-formy-460-bila-otocitelny-vyrobek-39509\/\"]}]},{\"@type\":\"ImageObject\",\"inLanguage\":\"cs\",\"@id\":\"https:\/\/www.koupeltech.com\/index.php\/produkt\/novinka-ravak-sb-formy-460-bila-otocitelny-vyrobek-39509\/#primaryimage\",\"url\":\"https:\/\/www.koupeltech.com\/wp-content\/uploads\/2026\/SK0020358-CZ20260425-093449-0-1777080896-ravak-sb-formy-460-bila-otocitelny-vyrobek.webp\",\"contentUrl\":\"https:\/\/www.koupeltech.com\/wp-content\/uploads\/2026\/SK0020358-CZ20260425-093449-0-1777080896-ravak-sb-formy-460-bila-otocitelny-vyrobek.webp\",\"width\":1000,\"height\":525},{\"@type\":\"BreadcrumbList\",\"@id\":\"https:\/\/www.koupeltech.com\/index.php\/produkt\/novinka-ravak-sb-formy-460-bila-otocitelny-vyrobek-39509\/#breadcrumb\",\"itemListElement\":[{\"@type\":\"ListItem\",\"position\":1,\"name\":\"Home\",\"item\":\"https:\/\/www.koupeltech.com\/\"},{\"@type\":\"ListItem\",\"position\":2,\"name\":\"Products\",\"item\":\"https:\/\/www.koupeltech.com\/index.php\/products\/\"},{\"@type\":\"ListItem\",\"position\":3,\"name\":\"Novinka Ravak SB Formy 460 b\u00edl\u00e1 (oto\u010diteln\u00fd v\u00fdrobek)\"}]},{\"@type\":\"WebSite\",\"@id\":\"https:\/\/www.koupeltech.com\/#website\",\"url\":\"https:\/\/www.koupeltech.com\/\",\"name\":\"\",\"description\":\"\",\"potentialAction\":[{\"@type\":\"SearchAction\",\"target\":{\"@type\":\"EntryPoint\",\"urlTemplate\":\"https:\/\/www.koupeltech.com\/?s={search_term_string}\"},\"query-input\":{\"@type\":\"PropertyValueSpecification\",\"valueRequired\":true,\"valueName\":\"search_term_string\"}}],\"inLanguage\":\"cs\"}]}<\/script>\n<!-- \/ Yoast SEO plugin. -->","yoast_head_json":{"title":"Novinka Ravak SB Formy 460 b\u00edl\u00e1 (oto\u010diteln\u00fd v\u00fdrobek) -","robots":{"index":"index","follow":"follow","max-snippet":"max-snippet:-1","max-image-preview":"max-image-preview:large","max-video-preview":"max-video-preview:-1"},"canonical":"https:\/\/www.koupeltech.com\/index.php\/produkt\/novinka-ravak-sb-formy-460-bila-otocitelny-vyrobek-39509\/","og_locale":"cs_CZ","og_type":"article","og_title":"Novinka Ravak SB Formy 460 b\u00edl\u00e1 (oto\u010diteln\u00fd v\u00fdrobek) -","og_description":"Vysok\u00e1 sk\u0159\u00ed\u0148ka Formy v b\u00edl\u00e9m proveden\u00ed. rozm\u011br (\u0161xhxv): 46 x 27 x 160 cm materi\u00e1l: MDF typov\u00e9 proveden\u00ed: oto\u010diteln\u00fd v\u00fdrobek\u00a0 barevn\u00e9 proveden\u00ed: lakovan\u00e1 b\u00edl\u00e1 dv\u00ed\u0159ka: tich\u00e9 a pomal\u00e9 dov\u00edr\u00e1n\u00ed Vysok\u00e1 sk\u0159\u00ed\u0148ka SB Formy se sklen\u011bn\u00fdmi poli\u010dkami a odkl\u00e1dac\u00ed plochou. Dod\u00e1v\u00e1no ve smontovan\u00e9m stavu. Pro ucelen\u00e9 \u0159e\u0161en\u00ed a designov\u00fd soulad koupelny doporu\u010dujeme vysokou sk\u0159\u00ed\u0148ku kombinovat s\u00a0ostatn\u00edmi [&hellip;]","og_url":"https:\/\/www.koupeltech.com\/index.php\/produkt\/novinka-ravak-sb-formy-460-bila-otocitelny-vyrobek-39509\/","og_image":[{"width":1000,"height":525,"url":"https:\/\/www.koupeltech.com\/wp-content\/uploads\/2026\/SK0020358-CZ20260425-093449-0-1777080896-ravak-sb-formy-460-bila-otocitelny-vyrobek.webp","type":"image\/webp"}],"twitter_card":"summary_large_image","twitter_misc":{"Odhadovan\u00e1 doba \u010dten\u00ed":"1 minuta"},"schema":{"@context":"https:\/\/schema.org","@graph":[{"@type":"WebPage","@id":"https:\/\/www.koupeltech.com\/index.php\/produkt\/novinka-ravak-sb-formy-460-bila-otocitelny-vyrobek-39509\/","url":"https:\/\/www.koupeltech.com\/index.php\/produkt\/novinka-ravak-sb-formy-460-bila-otocitelny-vyrobek-39509\/","name":"Novinka Ravak SB Formy 460 b\u00edl\u00e1 (oto\u010diteln\u00fd v\u00fdrobek) -","isPartOf":{"@id":"https:\/\/www.koupeltech.com\/#website"},"primaryImageOfPage":{"@id":"https:\/\/www.koupeltech.com\/index.php\/produkt\/novinka-ravak-sb-formy-460-bila-otocitelny-vyrobek-39509\/#primaryimage"},"image":{"@id":"https:\/\/www.koupeltech.com\/index.php\/produkt\/novinka-ravak-sb-formy-460-bila-otocitelny-vyrobek-39509\/#primaryimage"},"thumbnailUrl":"https:\/\/www.koupeltech.com\/wp-content\/uploads\/2026\/SK0020358-CZ20260425-093449-0-1777080896-ravak-sb-formy-460-bila-otocitelny-vyrobek.webp","datePublished":"2026-04-27T14:01:45+00:00","breadcrumb":{"@id":"https:\/\/www.koupeltech.com\/index.php\/produkt\/novinka-ravak-sb-formy-460-bila-otocitelny-vyrobek-39509\/#breadcrumb"},"inLanguage":"cs","potentialAction":[{"@type":"ReadAction","target":["https:\/\/www.koupeltech.com\/index.php\/produkt\/novinka-ravak-sb-formy-460-bila-otocitelny-vyrobek-39509\/"]}]},{"@type":"ImageObject","inLanguage":"cs","@id":"https:\/\/www.koupeltech.com\/index.php\/produkt\/novinka-ravak-sb-formy-460-bila-otocitelny-vyrobek-39509\/#primaryimage","url":"https:\/\/www.koupeltech.com\/wp-content\/uploads\/2026\/SK0020358-CZ20260425-093449-0-1777080896-ravak-sb-formy-460-bila-otocitelny-vyrobek.webp","contentUrl":"https:\/\/www.koupeltech.com\/wp-content\/uploads\/2026\/SK0020358-CZ20260425-093449-0-1777080896-ravak-sb-formy-460-bila-otocitelny-vyrobek.webp","width":1000,"height":525},{"@type":"BreadcrumbList","@id":"https:\/\/www.koupeltech.com\/index.php\/produkt\/novinka-ravak-sb-formy-460-bila-otocitelny-vyrobek-39509\/#breadcrumb","itemListElement":[{"@type":"ListItem","position":1,"name":"Home","item":"https:\/\/www.koupeltech.com\/"},{"@type":"ListItem","position":2,"name":"Products","item":"https:\/\/www.koupeltech.com\/index.php\/products\/"},{"@type":"ListItem","position":3,"name":"Novinka Ravak SB Formy 460 b\u00edl\u00e1 (oto\u010diteln\u00fd v\u00fdrobek)"}]},{"@type":"WebSite","@id":"https:\/\/www.koupeltech.com\/#website","url":"https:\/\/www.koupeltech.com\/","name":"","description":"","potentialAction":[{"@type":"SearchAction","target":{"@type":"EntryPoint","urlTemplate":"https:\/\/www.koupeltech.com\/?s={search_term_string}"},"query-input":{"@type":"PropertyValueSpecification","valueRequired":true,"valueName":"search_term_string"}}],"inLanguage":"cs"}]}},"_links":{"self":[{"href":"https:\/\/www.koupeltech.com\/index.php\/wp-json\/wp\/v2\/product\/39509","targetHints":{"allow":["GET"]}}],"collection":[{"href":"https:\/\/www.koupeltech.com\/index.php\/wp-json\/wp\/v2\/product"}],"about":[{"href":"https:\/\/www.koupeltech.com\/index.php\/wp-json\/wp\/v2\/types\/product"}],"replies":[{"embeddable":true,"href":"https:\/\/www.koupeltech.com\/index.php\/wp-json\/wp\/v2\/comments?post=39509"}],"wp:featuredmedia":[{"embeddable":true,"href":"https:\/\/www.koupeltech.com\/index.php\/wp-json\/wp\/v2\/media\/39609"}],"wp:attachment":[{"href":"https:\/\/www.koupeltech.com\/index.php\/wp-json\/wp\/v2\/media?parent=39509"}],"wp:term":[{"taxonomy":"product_brand","embeddable":true,"href":"https:\/\/www.koupeltech.com\/index.php\/wp-json\/wp\/v2\/product_brand?post=39509"},{"taxonomy":"product_cat","embeddable":true,"href":"https:\/\/www.koupeltech.com\/index.php\/wp-json\/wp\/v2\/product_cat?post=39509"},{"taxonomy":"product_tag","embeddable":true,"href":"https:\/\/www.koupeltech.com\/index.php\/wp-json\/wp\/v2\/product_tag?post=39509"}],"curies":[{"name":"wp","href":"https:\/\/api.w.org\/{rel}","templated":true}]}}